{"id":16913,"date":"2025-02-03T15:21:09","date_gmt":"2025-03-13T20:52:20","guid":{"rendered":"https:\/\/sistemosklaipeda.com\/product\/gazes-sprauslas-barracuda-2-baloni\/"},"modified":"2025-03-13T20:52:20","modified_gmt":"2025-03-13T20:52:20","slug":"gazes-sprauslas-barracuda-2-baloni","status":"publish","type":"product","link":"https:\/\/sistemosklaipeda.com\/lv\/produkts\/gazes-sprauslas-barracuda-2-baloni\/","title":{"rendered":"G\u0101zes sprauslas BARRACUDA 2 baloni"},"content":{"rendered":"<p>BARRACUDA IN\u017dEKTORS 120 - 2 cil.<br \/>\nBarracuda ir augst\u0101k\u0101s klases sprausla. \u0160\u012b pasaul\u0113 atz\u012bt\u0101, uzticam\u0101 LPG\/CNG in\u017eektora pan\u0101kumi sl\u0113pjas deta\u013c\u0101s. Tas ir izstr\u0101d\u0101ts un izgatavots t\u0101, lai l\u012bdz minimumam samazin\u0101tu pies\u0101r\u0146ot\u0101ju pielip\u0161anas risku g\u0101z\u0113.  <\/p>\n<p>Tehniskie dati:<br \/>\nMaksim\u0101lais caurpl\u016bdums - 120 Nl\/min (pie spiediena 1,2 b\u0101ru)<br \/>\nSpoles pretest\u012bba - 1,9 \u03a9<br \/>\nAtv\u0113r\u0161an\u0101s laiks - 1,9 ms<br \/>\nAizv\u0113r\u0161an\u0101s laiks - 1,2 ms<br \/>\nMaksim\u0101lais padeves spiediens - 4,5 b\u0101ri<br \/>\nDarba temperat\u016bra - 20\u00b0C \u00f7 +120\u00b0C<\/p>\n","protected":false},"excerpt":{"rendered":"<p>BARRACUDA IN\u017dEKTORS 120 - 2 cil. Barracuda ir augst\u0101k\u0101s klases sprausla. \u0160\u012b pasaul\u0113 atz\u012bt\u0101, uzticam\u0101 LPG\/CNG in\u017eektora pan\u0101kumi sl\u0113pjas deta\u013c\u0101s. Tas ir izstr\u0101d\u0101ts un izgatavots t\u0101, lai l\u012bdz minimumam samazin\u0101tu pies\u0101r\u0146ot\u0101ju pielip\u0161anas risku g\u0101z\u0113. Tehniskie dati: Maksim\u0101lais caurpl\u016bdums - 120 Nl\/min (pie spiediena 1,2 b\u0101ru) Spoles pretest\u012bba - 1,9 \u03a9 Atv\u0113r\u0161an\u0101s laiks - 1,9 ms [&hellip;]<\/p>\n","protected":false},"featured_media":16813,"template":"","meta":[],"product_brand":[],"product_cat":[130],"product_tag":[],"class_list":{"0":"post-16913","1":"product","2":"type-product","3":"status-publish","4":"has-post-thumbnail","6":"product_cat-gazes-sprauslas","8":"first","9":"instock","10":"taxable","11":"shipping-taxable","12":"purchasable","13":"product-type-simple"},"yoast_head":"<!-- This site is optimized with the Yoast SEO plugin v27.0 - https:\/\/yoast.com\/product\/yoast-seo-wordpress\/ -->\n<title>G\u0101zes sprauslas BARRACUDA 2 baloni - Sistemos Klaip\u0117da<\/title>\n<meta name=\"robots\" content=\"index, follow, max-snippet:-1, max-image-preview:large, max-video-preview:-1\" \/>\n<link rel=\"canonical\" href=\"https:\/\/sistemosklaipeda.com\/lv\/produkts\/gazes-sprauslas-barracuda-2-baloni\/\" \/>\n<meta property=\"og:locale\" content=\"lv_LV\" \/>\n<meta property=\"og:type\" content=\"article\" \/>\n<meta property=\"og:title\" content=\"G\u0101zes sprauslas BARRACUDA 2 baloni - Sistemos Klaip\u0117da\" \/>\n<meta property=\"og:description\" content=\"BARRACUDA IN\u017dEKTORS 120 - 2 cil. Barracuda ir augst\u0101k\u0101s klases sprausla. \u0160\u012b pasaul\u0113 atz\u012bt\u0101, uzticam\u0101 LPG\/CNG in\u017eektora pan\u0101kumi sl\u0113pjas deta\u013c\u0101s. Tas ir izstr\u0101d\u0101ts un izgatavots t\u0101, lai l\u012bdz minimumam samazin\u0101tu pies\u0101r\u0146ot\u0101ju pielip\u0161anas risku g\u0101z\u0113. Tehniskie dati: Maksim\u0101lais caurpl\u016bdums - 120 Nl\/min (pie spiediena 1,2 b\u0101ru) Spoles pretest\u012bba - 1,9 \u03a9 Atv\u0113r\u0161an\u0101s laiks - 1,9 ms [&hellip;]\" \/>\n<meta property=\"og:url\" content=\"https:\/\/sistemosklaipeda.com\/lv\/produkts\/gazes-sprauslas-barracuda-2-baloni\/\" \/>\n<meta property=\"og:site_name\" content=\"Sistemos Klaip\u0117da\" \/>\n<meta property=\"article:publisher\" content=\"https:\/\/www.facebook.com\/SistemosKlp\" \/>\n<meta property=\"og:image\" content=\"https:\/\/sistemosklaipeda.com\/wp-content\/uploads\/2025\/02\/Duju-purkstukai-BARRACUDA-2-cilindru-2.jpg?v=1738606010\" \/>\n\t<meta property=\"og:image:width\" content=\"777\" \/>\n\t<meta property=\"og:image:height\" content=\"800\" \/>\n\t<meta property=\"og:image:type\" content=\"image\/jpeg\" \/>\n<meta name=\"twitter:card\" content=\"summary_large_image\" \/>\n<script type=\"application\/ld+json\" class=\"yoast-schema-graph\">{\"@context\":\"https:\/\/schema.org\",\"@graph\":[{\"@type\":\"WebPage\",\"@id\":\"https:\/\/sistemosklaipeda.com\/lv\/produkts\/gazes-sprauslas-barracuda-2-baloni\/\",\"url\":\"https:\/\/sistemosklaipeda.com\/lv\/produkts\/gazes-sprauslas-barracuda-2-baloni\/\",\"name\":\"G\u0101zes sprauslas BARRACUDA 2 baloni - Sistemos Klaip\u0117da\",\"isPartOf\":{\"@id\":\"https:\/\/sistemosklaipeda.com\/lv\/#website\"},\"primaryImageOfPage\":{\"@id\":\"https:\/\/sistemosklaipeda.com\/lv\/produkts\/gazes-sprauslas-barracuda-2-baloni\/#primaryimage\"},\"image\":{\"@id\":\"https:\/\/sistemosklaipeda.com\/lv\/produkts\/gazes-sprauslas-barracuda-2-baloni\/#primaryimage\"},\"thumbnailUrl\":\"https:\/\/sistemosklaipeda.com\/wp-content\/uploads\/2025\/02\/Duju-purkstukai-BARRACUDA-2-cilindru-2.jpg\",\"datePublished\":\"2025-03-13T20:52:20+00:00\",\"breadcrumb\":{\"@id\":\"https:\/\/sistemosklaipeda.com\/lv\/produkts\/gazes-sprauslas-barracuda-2-baloni\/#breadcrumb\"},\"inLanguage\":\"lv-LV\",\"potentialAction\":[{\"@type\":\"ReadAction\",\"target\":[\"https:\/\/sistemosklaipeda.com\/lv\/produkts\/gazes-sprauslas-barracuda-2-baloni\/\"]}]},{\"@type\":\"ImageObject\",\"inLanguage\":\"lv-LV\",\"@id\":\"https:\/\/sistemosklaipeda.com\/lv\/produkts\/gazes-sprauslas-barracuda-2-baloni\/#primaryimage\",\"url\":\"https:\/\/sistemosklaipeda.com\/wp-content\/uploads\/2025\/02\/Duju-purkstukai-BARRACUDA-2-cilindru-2.jpg\",\"contentUrl\":\"https:\/\/sistemosklaipeda.com\/wp-content\/uploads\/2025\/02\/Duju-purkstukai-BARRACUDA-2-cilindru-2.jpg\",\"width\":777,\"height\":800,\"caption\":\"Duj\u0173 purk\u0161tukai BARRACUDA 2 cilindr\u0173\"},{\"@type\":\"BreadcrumbList\",\"@id\":\"https:\/\/sistemosklaipeda.com\/lv\/produkts\/gazes-sprauslas-barracuda-2-baloni\/#breadcrumb\",\"itemListElement\":[{\"@type\":\"ListItem\",\"position\":1,\"name\":\"Prad\u017eia\",\"item\":\"https:\/\/sistemosklaipeda.com\/lv\/veikals\/\"},{\"@type\":\"ListItem\",\"position\":2,\"name\":\"Veikals\",\"item\":\"https:\/\/sistemosklaipeda.com\/lv\/veikals\/\"},{\"@type\":\"ListItem\",\"position\":3,\"name\":\"G\u0101zes sprauslas BARRACUDA 2 baloni\"}]},{\"@type\":\"WebSite\",\"@id\":\"https:\/\/sistemosklaipeda.com\/lv\/#website\",\"url\":\"https:\/\/sistemosklaipeda.com\/lv\/\",\"name\":\"Sistemos Klaip\u0117da\",\"description\":\"Kokybi\u0161ka duj\u0173 \u012franga ir jos komponentai, kabliai ir priedai\",\"publisher\":{\"@id\":\"https:\/\/sistemosklaipeda.com\/lv\/#organization\"},\"potentialAction\":[{\"@type\":\"SearchAction\",\"target\":{\"@type\":\"EntryPoint\",\"urlTemplate\":\"https:\/\/sistemosklaipeda.com\/lv\/?s={search_term_string}\"},\"query-input\":{\"@type\":\"PropertyValueSpecification\",\"valueRequired\":true,\"valueName\":\"search_term_string\"}}],\"inLanguage\":\"lv-LV\"},{\"@type\":\"Organization\",\"@id\":\"https:\/\/sistemosklaipeda.com\/lv\/#organization\",\"name\":\"Sistemos Klaip\u0117da\",\"alternateName\":\"Sistemos\",\"url\":\"https:\/\/sistemosklaipeda.com\/lv\/\",\"logo\":{\"@type\":\"ImageObject\",\"inLanguage\":\"lv-LV\",\"@id\":\"https:\/\/sistemosklaipeda.com\/lv\/#\/schema\/logo\/image\/\",\"url\":\"https:\/\/sistemosklaipeda.com\/wp-content\/uploads\/2023\/09\/sistemos-logo-cropperd-e1695968047774.png\",\"contentUrl\":\"https:\/\/sistemosklaipeda.com\/wp-content\/uploads\/2023\/09\/sistemos-logo-cropperd-e1695968047774.png\",\"width\":401,\"height\":206,\"caption\":\"Sistemos Klaip\u0117da\"},\"image\":{\"@id\":\"https:\/\/sistemosklaipeda.com\/lv\/#\/schema\/logo\/image\/\"},\"sameAs\":[\"https:\/\/www.facebook.com\/SistemosKlp\",\"https:\/\/www.instagram.com\/sistemosklaipeda\/\"]}]}<\/script>\n<!-- \/ Yoast SEO plugin. -->","yoast_head_json":{"title":"G\u0101zes sprauslas BARRACUDA 2 baloni - Sistemos Klaip\u0117da","robots":{"index":"index","follow":"follow","max-snippet":"max-snippet:-1","max-image-preview":"max-image-preview:large","max-video-preview":"max-video-preview:-1"},"canonical":"https:\/\/sistemosklaipeda.com\/lv\/produkts\/gazes-sprauslas-barracuda-2-baloni\/","og_locale":"lv_LV","og_type":"article","og_title":"G\u0101zes sprauslas BARRACUDA 2 baloni - Sistemos Klaip\u0117da","og_description":"BARRACUDA IN\u017dEKTORS 120 - 2 cil. Barracuda ir augst\u0101k\u0101s klases sprausla. \u0160\u012b pasaul\u0113 atz\u012bt\u0101, uzticam\u0101 LPG\/CNG in\u017eektora pan\u0101kumi sl\u0113pjas deta\u013c\u0101s. Tas ir izstr\u0101d\u0101ts un izgatavots t\u0101, lai l\u012bdz minimumam samazin\u0101tu pies\u0101r\u0146ot\u0101ju pielip\u0161anas risku g\u0101z\u0113. Tehniskie dati: Maksim\u0101lais caurpl\u016bdums - 120 Nl\/min (pie spiediena 1,2 b\u0101ru) Spoles pretest\u012bba - 1,9 \u03a9 Atv\u0113r\u0161an\u0101s laiks - 1,9 ms [&hellip;]","og_url":"https:\/\/sistemosklaipeda.com\/lv\/produkts\/gazes-sprauslas-barracuda-2-baloni\/","og_site_name":"Sistemos Klaip\u0117da","article_publisher":"https:\/\/www.facebook.com\/SistemosKlp","og_image":[{"width":777,"height":800,"url":"https:\/\/sistemosklaipeda.com\/wp-content\/uploads\/2025\/02\/Duju-purkstukai-BARRACUDA-2-cilindru-2.jpg?v=1738606010","type":"image\/jpeg"}],"twitter_card":"summary_large_image","schema":{"@context":"https:\/\/schema.org","@graph":[{"@type":"WebPage","@id":"https:\/\/sistemosklaipeda.com\/lv\/produkts\/gazes-sprauslas-barracuda-2-baloni\/","url":"https:\/\/sistemosklaipeda.com\/lv\/produkts\/gazes-sprauslas-barracuda-2-baloni\/","name":"G\u0101zes sprauslas BARRACUDA 2 baloni - Sistemos Klaip\u0117da","isPartOf":{"@id":"https:\/\/sistemosklaipeda.com\/lv\/#website"},"primaryImageOfPage":{"@id":"https:\/\/sistemosklaipeda.com\/lv\/produkts\/gazes-sprauslas-barracuda-2-baloni\/#primaryimage"},"image":{"@id":"https:\/\/sistemosklaipeda.com\/lv\/produkts\/gazes-sprauslas-barracuda-2-baloni\/#primaryimage"},"thumbnailUrl":"https:\/\/sistemosklaipeda.com\/wp-content\/uploads\/2025\/02\/Duju-purkstukai-BARRACUDA-2-cilindru-2.jpg","datePublished":"2025-03-13T20:52:20+00:00","breadcrumb":{"@id":"https:\/\/sistemosklaipeda.com\/lv\/produkts\/gazes-sprauslas-barracuda-2-baloni\/#breadcrumb"},"inLanguage":"lv-LV","potentialAction":[{"@type":"ReadAction","target":["https:\/\/sistemosklaipeda.com\/lv\/produkts\/gazes-sprauslas-barracuda-2-baloni\/"]}]},{"@type":"ImageObject","inLanguage":"lv-LV","@id":"https:\/\/sistemosklaipeda.com\/lv\/produkts\/gazes-sprauslas-barracuda-2-baloni\/#primaryimage","url":"https:\/\/sistemosklaipeda.com\/wp-content\/uploads\/2025\/02\/Duju-purkstukai-BARRACUDA-2-cilindru-2.jpg","contentUrl":"https:\/\/sistemosklaipeda.com\/wp-content\/uploads\/2025\/02\/Duju-purkstukai-BARRACUDA-2-cilindru-2.jpg","width":777,"height":800,"caption":"Duj\u0173 purk\u0161tukai BARRACUDA 2 cilindr\u0173"},{"@type":"BreadcrumbList","@id":"https:\/\/sistemosklaipeda.com\/lv\/produkts\/gazes-sprauslas-barracuda-2-baloni\/#breadcrumb","itemListElement":[{"@type":"ListItem","position":1,"name":"Prad\u017eia","item":"https:\/\/sistemosklaipeda.com\/lv\/veikals\/"},{"@type":"ListItem","position":2,"name":"Veikals","item":"https:\/\/sistemosklaipeda.com\/lv\/veikals\/"},{"@type":"ListItem","position":3,"name":"G\u0101zes sprauslas BARRACUDA 2 baloni"}]},{"@type":"WebSite","@id":"https:\/\/sistemosklaipeda.com\/lv\/#website","url":"https:\/\/sistemosklaipeda.com\/lv\/","name":"Sistemos Klaip\u0117da","description":"Kokybi\u0161ka duj\u0173 \u012franga ir jos komponentai, kabliai ir priedai","publisher":{"@id":"https:\/\/sistemosklaipeda.com\/lv\/#organization"},"potentialAction":[{"@type":"SearchAction","target":{"@type":"EntryPoint","urlTemplate":"https:\/\/sistemosklaipeda.com\/lv\/?s={search_term_string}"},"query-input":{"@type":"PropertyValueSpecification","valueRequired":true,"valueName":"search_term_string"}}],"inLanguage":"lv-LV"},{"@type":"Organization","@id":"https:\/\/sistemosklaipeda.com\/lv\/#organization","name":"Sistemos Klaip\u0117da","alternateName":"Sistemos","url":"https:\/\/sistemosklaipeda.com\/lv\/","logo":{"@type":"ImageObject","inLanguage":"lv-LV","@id":"https:\/\/sistemosklaipeda.com\/lv\/#\/schema\/logo\/image\/","url":"https:\/\/sistemosklaipeda.com\/wp-content\/uploads\/2023\/09\/sistemos-logo-cropperd-e1695968047774.png","contentUrl":"https:\/\/sistemosklaipeda.com\/wp-content\/uploads\/2023\/09\/sistemos-logo-cropperd-e1695968047774.png","width":401,"height":206,"caption":"Sistemos Klaip\u0117da"},"image":{"@id":"https:\/\/sistemosklaipeda.com\/lv\/#\/schema\/logo\/image\/"},"sameAs":["https:\/\/www.facebook.com\/SistemosKlp","https:\/\/www.instagram.com\/sistemosklaipeda\/"]}]}},"_links":{"self":[{"href":"https:\/\/sistemosklaipeda.com\/lv\/wp-json\/wp\/v2\/product\/16913","targetHints":{"allow":["GET"]}}],"collection":[{"href":"https:\/\/sistemosklaipeda.com\/lv\/wp-json\/wp\/v2\/product"}],"about":[{"href":"https:\/\/sistemosklaipeda.com\/lv\/wp-json\/wp\/v2\/types\/product"}],"wp:featuredmedia":[{"embeddable":true,"href":"https:\/\/sistemosklaipeda.com\/lv\/wp-json\/wp\/v2\/media\/16813"}],"wp:attachment":[{"href":"https:\/\/sistemosklaipeda.com\/lv\/wp-json\/wp\/v2\/media?parent=16913"}],"wp:term":[{"taxonomy":"product_brand","embeddable":true,"href":"https:\/\/sistemosklaipeda.com\/lv\/wp-json\/wp\/v2\/product_brand?post=16913"},{"taxonomy":"product_cat","embeddable":true,"href":"https:\/\/sistemosklaipeda.com\/lv\/wp-json\/wp\/v2\/product_cat?post=16913"},{"taxonomy":"product_tag","embeddable":true,"href":"https:\/\/sistemosklaipeda.com\/lv\/wp-json\/wp\/v2\/product_tag?post=16913"}],"curies":[{"name":"wp","href":"https:\/\/api.w.org\/{rel}","templated":true}]}}