{"id":16910,"date":"2025-02-03T15:35:36","date_gmt":"2025-03-13T20:52:19","guid":{"rendered":"https:\/\/sistemosklaipeda.com\/product\/stag-2-cilindru-ac-w02-bfc-gazes-sprauslas\/"},"modified":"2025-03-13T20:52:19","modified_gmt":"2025-03-13T20:52:19","slug":"stag-2-cilindru-ac-w02-bfc-gazes-sprauslas","status":"publish","type":"product","link":"https:\/\/sistemosklaipeda.com\/lv\/produkts\/stag-2-cilindru-ac-w02-bfc-gazes-sprauslas\/","title":{"rendered":"STAG 2 cilindru AC W02 BFC g\u0101zes sprauslas"},"content":{"rendered":"<p>STAG AC W02 BFC g\u0101zes in\u017eektors ir paredz\u0113ts SDG un SDG sist\u0113m\u0101m un visu veidu dzin\u0113jiem, tostarp ar turbokompresoru. G\u0101zes sprausla nodro\u0161ina vislab\u0101ko veiktsp\u0113ju un piln\u012bgu savietojam\u012bbu ar citiem AC produktiem.<br \/>\nPlastmasas korpuss - viegla konstrukcija un paaugstin\u0101ta iztur\u012bba pret nelabv\u0113l\u012bg\u0101m g\u0101zu reakcij\u0101m<br \/>\nMazs izm\u0113rs un neliels svars, kas atvieglo uzst\u0101d\u012b\u0161anu<br \/>\nSavietojams ar STAG ACW01\/01BFC. <\/p>\n","protected":false},"excerpt":{"rendered":"<p>STAG AC W02 BFC g\u0101zes in\u017eektors ir paredz\u0113ts SDG un SDG sist\u0113m\u0101m un visu veidu dzin\u0113jiem, tostarp ar turbokompresoru. G\u0101zes sprausla nodro\u0161ina vislab\u0101ko veiktsp\u0113ju un piln\u012bgu savietojam\u012bbu ar citiem AC produktiem. Plastmasas korpuss - viegla konstrukcija un paaugstin\u0101ta iztur\u012bba pret nelabv\u0113l\u012bg\u0101m g\u0101zu reakcij\u0101m Mazs izm\u0113rs un neliels svars, kas atvieglo uzst\u0101d\u012b\u0161anu Savietojams ar STAG ACW01\/01BFC.<\/p>\n","protected":false},"featured_media":16827,"template":"","meta":[],"product_brand":[],"product_cat":[130],"product_tag":[],"class_list":{"0":"post-16910","1":"product","2":"type-product","3":"status-publish","4":"has-post-thumbnail","6":"product_cat-gazes-sprauslas","8":"first","9":"instock","10":"taxable","11":"shipping-taxable","12":"purchasable","13":"product-type-simple"},"yoast_head":"<!-- This site is optimized with the Yoast SEO plugin v27.0 - https:\/\/yoast.com\/product\/yoast-seo-wordpress\/ -->\n<title>STAG 2 cilindru AC W02 BFC g\u0101zes sprauslas - Sistemos Klaip\u0117da<\/title>\n<meta name=\"robots\" content=\"index, follow, max-snippet:-1, max-image-preview:large, max-video-preview:-1\" \/>\n<link rel=\"canonical\" href=\"https:\/\/sistemosklaipeda.com\/lv\/produkts\/stag-2-cilindru-ac-w02-bfc-gazes-sprauslas\/\" \/>\n<meta property=\"og:locale\" content=\"lv_LV\" \/>\n<meta property=\"og:type\" content=\"article\" \/>\n<meta property=\"og:title\" content=\"STAG 2 cilindru AC W02 BFC g\u0101zes sprauslas - Sistemos Klaip\u0117da\" \/>\n<meta property=\"og:description\" content=\"STAG AC W02 BFC g\u0101zes in\u017eektors ir paredz\u0113ts SDG un SDG sist\u0113m\u0101m un visu veidu dzin\u0113jiem, tostarp ar turbokompresoru. G\u0101zes sprausla nodro\u0161ina vislab\u0101ko veiktsp\u0113ju un piln\u012bgu savietojam\u012bbu ar citiem AC produktiem. Plastmasas korpuss - viegla konstrukcija un paaugstin\u0101ta iztur\u012bba pret nelabv\u0113l\u012bg\u0101m g\u0101zu reakcij\u0101m Mazs izm\u0113rs un neliels svars, kas atvieglo uzst\u0101d\u012b\u0161anu Savietojams ar STAG ACW01\/01BFC.\" \/>\n<meta property=\"og:url\" content=\"https:\/\/sistemosklaipeda.com\/lv\/produkts\/stag-2-cilindru-ac-w02-bfc-gazes-sprauslas\/\" \/>\n<meta property=\"og:site_name\" content=\"Sistemos Klaip\u0117da\" \/>\n<meta property=\"article:publisher\" content=\"https:\/\/www.facebook.com\/SistemosKlp\" \/>\n<meta property=\"og:image\" content=\"https:\/\/sistemosklaipeda.com\/wp-content\/uploads\/2025\/02\/Duju-purkstukai-STAG-2-cilindru-AC-W02-BFC.jpg?v=1738606013\" \/>\n\t<meta property=\"og:image:width\" content=\"800\" \/>\n\t<meta property=\"og:image:height\" content=\"800\" \/>\n\t<meta property=\"og:image:type\" content=\"image\/jpeg\" \/>\n<meta name=\"twitter:card\" content=\"summary_large_image\" \/>\n<script type=\"application\/ld+json\" class=\"yoast-schema-graph\">{\"@context\":\"https:\/\/schema.org\",\"@graph\":[{\"@type\":\"WebPage\",\"@id\":\"https:\/\/sistemosklaipeda.com\/lv\/produkts\/stag-2-cilindru-ac-w02-bfc-gazes-sprauslas\/\",\"url\":\"https:\/\/sistemosklaipeda.com\/lv\/produkts\/stag-2-cilindru-ac-w02-bfc-gazes-sprauslas\/\",\"name\":\"STAG 2 cilindru AC W02 BFC g\u0101zes sprauslas - Sistemos Klaip\u0117da\",\"isPartOf\":{\"@id\":\"https:\/\/sistemosklaipeda.com\/lv\/#website\"},\"primaryImageOfPage\":{\"@id\":\"https:\/\/sistemosklaipeda.com\/lv\/produkts\/stag-2-cilindru-ac-w02-bfc-gazes-sprauslas\/#primaryimage\"},\"image\":{\"@id\":\"https:\/\/sistemosklaipeda.com\/lv\/produkts\/stag-2-cilindru-ac-w02-bfc-gazes-sprauslas\/#primaryimage\"},\"thumbnailUrl\":\"https:\/\/sistemosklaipeda.com\/wp-content\/uploads\/2025\/02\/Duju-purkstukai-STAG-2-cilindru-AC-W02-BFC.jpg\",\"datePublished\":\"2025-03-13T20:52:19+00:00\",\"breadcrumb\":{\"@id\":\"https:\/\/sistemosklaipeda.com\/lv\/produkts\/stag-2-cilindru-ac-w02-bfc-gazes-sprauslas\/#breadcrumb\"},\"inLanguage\":\"lv-LV\",\"potentialAction\":[{\"@type\":\"ReadAction\",\"target\":[\"https:\/\/sistemosklaipeda.com\/lv\/produkts\/stag-2-cilindru-ac-w02-bfc-gazes-sprauslas\/\"]}]},{\"@type\":\"ImageObject\",\"inLanguage\":\"lv-LV\",\"@id\":\"https:\/\/sistemosklaipeda.com\/lv\/produkts\/stag-2-cilindru-ac-w02-bfc-gazes-sprauslas\/#primaryimage\",\"url\":\"https:\/\/sistemosklaipeda.com\/wp-content\/uploads\/2025\/02\/Duju-purkstukai-STAG-2-cilindru-AC-W02-BFC.jpg\",\"contentUrl\":\"https:\/\/sistemosklaipeda.com\/wp-content\/uploads\/2025\/02\/Duju-purkstukai-STAG-2-cilindru-AC-W02-BFC.jpg\",\"width\":800,\"height\":800,\"caption\":\"Duj\u0173 purk\u0161tukai STAG 2 cilindr\u0173 AC W02 BFC\"},{\"@type\":\"BreadcrumbList\",\"@id\":\"https:\/\/sistemosklaipeda.com\/lv\/produkts\/stag-2-cilindru-ac-w02-bfc-gazes-sprauslas\/#breadcrumb\",\"itemListElement\":[{\"@type\":\"ListItem\",\"position\":1,\"name\":\"Prad\u017eia\",\"item\":\"https:\/\/sistemosklaipeda.com\/lv\/veikals\/\"},{\"@type\":\"ListItem\",\"position\":2,\"name\":\"Veikals\",\"item\":\"https:\/\/sistemosklaipeda.com\/lv\/veikals\/\"},{\"@type\":\"ListItem\",\"position\":3,\"name\":\"STAG 2 cilindru AC W02 BFC g\u0101zes sprauslas\"}]},{\"@type\":\"WebSite\",\"@id\":\"https:\/\/sistemosklaipeda.com\/lv\/#website\",\"url\":\"https:\/\/sistemosklaipeda.com\/lv\/\",\"name\":\"Sistemos Klaip\u0117da\",\"description\":\"Kokybi\u0161ka duj\u0173 \u012franga ir jos komponentai, kabliai ir priedai\",\"publisher\":{\"@id\":\"https:\/\/sistemosklaipeda.com\/lv\/#organization\"},\"potentialAction\":[{\"@type\":\"SearchAction\",\"target\":{\"@type\":\"EntryPoint\",\"urlTemplate\":\"https:\/\/sistemosklaipeda.com\/lv\/?s={search_term_string}\"},\"query-input\":{\"@type\":\"PropertyValueSpecification\",\"valueRequired\":true,\"valueName\":\"search_term_string\"}}],\"inLanguage\":\"lv-LV\"},{\"@type\":\"Organization\",\"@id\":\"https:\/\/sistemosklaipeda.com\/lv\/#organization\",\"name\":\"Sistemos Klaip\u0117da\",\"alternateName\":\"Sistemos\",\"url\":\"https:\/\/sistemosklaipeda.com\/lv\/\",\"logo\":{\"@type\":\"ImageObject\",\"inLanguage\":\"lv-LV\",\"@id\":\"https:\/\/sistemosklaipeda.com\/lv\/#\/schema\/logo\/image\/\",\"url\":\"https:\/\/sistemosklaipeda.com\/wp-content\/uploads\/2023\/09\/sistemos-logo-cropperd-e1695968047774.png\",\"contentUrl\":\"https:\/\/sistemosklaipeda.com\/wp-content\/uploads\/2023\/09\/sistemos-logo-cropperd-e1695968047774.png\",\"width\":401,\"height\":206,\"caption\":\"Sistemos Klaip\u0117da\"},\"image\":{\"@id\":\"https:\/\/sistemosklaipeda.com\/lv\/#\/schema\/logo\/image\/\"},\"sameAs\":[\"https:\/\/www.facebook.com\/SistemosKlp\",\"https:\/\/www.instagram.com\/sistemosklaipeda\/\"]}]}<\/script>\n<!-- \/ Yoast SEO plugin. -->","yoast_head_json":{"title":"STAG 2 cilindru AC W02 BFC g\u0101zes sprauslas - Sistemos Klaip\u0117da","robots":{"index":"index","follow":"follow","max-snippet":"max-snippet:-1","max-image-preview":"max-image-preview:large","max-video-preview":"max-video-preview:-1"},"canonical":"https:\/\/sistemosklaipeda.com\/lv\/produkts\/stag-2-cilindru-ac-w02-bfc-gazes-sprauslas\/","og_locale":"lv_LV","og_type":"article","og_title":"STAG 2 cilindru AC W02 BFC g\u0101zes sprauslas - Sistemos Klaip\u0117da","og_description":"STAG AC W02 BFC g\u0101zes in\u017eektors ir paredz\u0113ts SDG un SDG sist\u0113m\u0101m un visu veidu dzin\u0113jiem, tostarp ar turbokompresoru. G\u0101zes sprausla nodro\u0161ina vislab\u0101ko veiktsp\u0113ju un piln\u012bgu savietojam\u012bbu ar citiem AC produktiem. Plastmasas korpuss - viegla konstrukcija un paaugstin\u0101ta iztur\u012bba pret nelabv\u0113l\u012bg\u0101m g\u0101zu reakcij\u0101m Mazs izm\u0113rs un neliels svars, kas atvieglo uzst\u0101d\u012b\u0161anu Savietojams ar STAG ACW01\/01BFC.","og_url":"https:\/\/sistemosklaipeda.com\/lv\/produkts\/stag-2-cilindru-ac-w02-bfc-gazes-sprauslas\/","og_site_name":"Sistemos Klaip\u0117da","article_publisher":"https:\/\/www.facebook.com\/SistemosKlp","og_image":[{"width":800,"height":800,"url":"https:\/\/sistemosklaipeda.com\/wp-content\/uploads\/2025\/02\/Duju-purkstukai-STAG-2-cilindru-AC-W02-BFC.jpg?v=1738606013","type":"image\/jpeg"}],"twitter_card":"summary_large_image","schema":{"@context":"https:\/\/schema.org","@graph":[{"@type":"WebPage","@id":"https:\/\/sistemosklaipeda.com\/lv\/produkts\/stag-2-cilindru-ac-w02-bfc-gazes-sprauslas\/","url":"https:\/\/sistemosklaipeda.com\/lv\/produkts\/stag-2-cilindru-ac-w02-bfc-gazes-sprauslas\/","name":"STAG 2 cilindru AC W02 BFC g\u0101zes sprauslas - Sistemos Klaip\u0117da","isPartOf":{"@id":"https:\/\/sistemosklaipeda.com\/lv\/#website"},"primaryImageOfPage":{"@id":"https:\/\/sistemosklaipeda.com\/lv\/produkts\/stag-2-cilindru-ac-w02-bfc-gazes-sprauslas\/#primaryimage"},"image":{"@id":"https:\/\/sistemosklaipeda.com\/lv\/produkts\/stag-2-cilindru-ac-w02-bfc-gazes-sprauslas\/#primaryimage"},"thumbnailUrl":"https:\/\/sistemosklaipeda.com\/wp-content\/uploads\/2025\/02\/Duju-purkstukai-STAG-2-cilindru-AC-W02-BFC.jpg","datePublished":"2025-03-13T20:52:19+00:00","breadcrumb":{"@id":"https:\/\/sistemosklaipeda.com\/lv\/produkts\/stag-2-cilindru-ac-w02-bfc-gazes-sprauslas\/#breadcrumb"},"inLanguage":"lv-LV","potentialAction":[{"@type":"ReadAction","target":["https:\/\/sistemosklaipeda.com\/lv\/produkts\/stag-2-cilindru-ac-w02-bfc-gazes-sprauslas\/"]}]},{"@type":"ImageObject","inLanguage":"lv-LV","@id":"https:\/\/sistemosklaipeda.com\/lv\/produkts\/stag-2-cilindru-ac-w02-bfc-gazes-sprauslas\/#primaryimage","url":"https:\/\/sistemosklaipeda.com\/wp-content\/uploads\/2025\/02\/Duju-purkstukai-STAG-2-cilindru-AC-W02-BFC.jpg","contentUrl":"https:\/\/sistemosklaipeda.com\/wp-content\/uploads\/2025\/02\/Duju-purkstukai-STAG-2-cilindru-AC-W02-BFC.jpg","width":800,"height":800,"caption":"Duj\u0173 purk\u0161tukai STAG 2 cilindr\u0173 AC W02 BFC"},{"@type":"BreadcrumbList","@id":"https:\/\/sistemosklaipeda.com\/lv\/produkts\/stag-2-cilindru-ac-w02-bfc-gazes-sprauslas\/#breadcrumb","itemListElement":[{"@type":"ListItem","position":1,"name":"Prad\u017eia","item":"https:\/\/sistemosklaipeda.com\/lv\/veikals\/"},{"@type":"ListItem","position":2,"name":"Veikals","item":"https:\/\/sistemosklaipeda.com\/lv\/veikals\/"},{"@type":"ListItem","position":3,"name":"STAG 2 cilindru AC W02 BFC g\u0101zes sprauslas"}]},{"@type":"WebSite","@id":"https:\/\/sistemosklaipeda.com\/lv\/#website","url":"https:\/\/sistemosklaipeda.com\/lv\/","name":"Sistemos Klaip\u0117da","description":"Kokybi\u0161ka duj\u0173 \u012franga ir jos komponentai, kabliai ir priedai","publisher":{"@id":"https:\/\/sistemosklaipeda.com\/lv\/#organization"},"potentialAction":[{"@type":"SearchAction","target":{"@type":"EntryPoint","urlTemplate":"https:\/\/sistemosklaipeda.com\/lv\/?s={search_term_string}"},"query-input":{"@type":"PropertyValueSpecification","valueRequired":true,"valueName":"search_term_string"}}],"inLanguage":"lv-LV"},{"@type":"Organization","@id":"https:\/\/sistemosklaipeda.com\/lv\/#organization","name":"Sistemos Klaip\u0117da","alternateName":"Sistemos","url":"https:\/\/sistemosklaipeda.com\/lv\/","logo":{"@type":"ImageObject","inLanguage":"lv-LV","@id":"https:\/\/sistemosklaipeda.com\/lv\/#\/schema\/logo\/image\/","url":"https:\/\/sistemosklaipeda.com\/wp-content\/uploads\/2023\/09\/sistemos-logo-cropperd-e1695968047774.png","contentUrl":"https:\/\/sistemosklaipeda.com\/wp-content\/uploads\/2023\/09\/sistemos-logo-cropperd-e1695968047774.png","width":401,"height":206,"caption":"Sistemos Klaip\u0117da"},"image":{"@id":"https:\/\/sistemosklaipeda.com\/lv\/#\/schema\/logo\/image\/"},"sameAs":["https:\/\/www.facebook.com\/SistemosKlp","https:\/\/www.instagram.com\/sistemosklaipeda\/"]}]}},"_links":{"self":[{"href":"https:\/\/sistemosklaipeda.com\/lv\/wp-json\/wp\/v2\/product\/16910","targetHints":{"allow":["GET"]}}],"collection":[{"href":"https:\/\/sistemosklaipeda.com\/lv\/wp-json\/wp\/v2\/product"}],"about":[{"href":"https:\/\/sistemosklaipeda.com\/lv\/wp-json\/wp\/v2\/types\/product"}],"wp:featuredmedia":[{"embeddable":true,"href":"https:\/\/sistemosklaipeda.com\/lv\/wp-json\/wp\/v2\/media\/16827"}],"wp:attachment":[{"href":"https:\/\/sistemosklaipeda.com\/lv\/wp-json\/wp\/v2\/media?parent=16910"}],"wp:term":[{"taxonomy":"product_brand","embeddable":true,"href":"https:\/\/sistemosklaipeda.com\/lv\/wp-json\/wp\/v2\/product_brand?post=16910"},{"taxonomy":"product_cat","embeddable":true,"href":"https:\/\/sistemosklaipeda.com\/lv\/wp-json\/wp\/v2\/product_cat?post=16910"},{"taxonomy":"product_tag","embeddable":true,"href":"https:\/\/sistemosklaipeda.com\/lv\/wp-json\/wp\/v2\/product_tag?post=16910"}],"curies":[{"name":"wp","href":"https:\/\/api.w.org\/{rel}","templated":true}]}}