{"id":15900,"date":"2023-06-24T20:25:22","date_gmt":"2024-08-11T15:12:25","guid":{"rendered":"https:\/\/sistemosklaipeda.com\/product\/amerikanu-aka-caurumu-vaks-50x50\/"},"modified":"2024-08-11T15:12:25","modified_gmt":"2024-08-11T15:12:25","slug":"amerikanu-aka-caurumu-vaks-50x50","status":"publish","type":"product","link":"https:\/\/sistemosklaipeda.com\/lv\/produkts\/amerikanu-aka-caurumu-vaks-50x50\/","title":{"rendered":"Amerik\u0101\u0146u \u0101\u0137a caurumu v\u0101ks 50&#215;50"},"content":{"rendered":"<p><span style=\"color: #000000;font-size: 14pt\">Amerik\u0101\u0146u \u0101\u0137a caurumu v\u0101ks 50&#215;50 mm gumijas.  <span class=\"Y2IQFc\" lang=\"lt\" style=\"font-family: georgia, palatino, serif;font-size: 14pt;color: #000000\">V<\/span><span class=\"Y2IQFc\" lang=\"lt\" style=\"font-family: georgia, palatino, serif;font-size: 14pt;color: #000000\">Amzdis v\u0101ks ir izgatavots no iztur\u012bgas melnas gumijas.<br \/>\nIztur\u012bgais gumijas kor\u0137is ir paredz\u0113ts, lai pasarg\u0101tu cauruli no lietus, putek\u013ciem, sniega ledus un r\u016bsas sliktos laika apst\u0101k\u013cos. <\/span><\/span><\/p>\n","protected":false},"excerpt":{"rendered":"<p><span style=\"color: #000000;font-size: 14pt\">Amerik\u0101\u0146u \u0101\u0137a caurumu v\u0101ks 50&#215;50 mm gumijas.  <\/span><\/p>\n<p><span style=\"color: #000000;font-size: 14pt\"><span class=\"Y2IQFc\" lang=\"lt\" style=\"font-family: georgia, palatino, serif;font-size: 14pt;color: #000000\">V<\/span><span class=\"Y2IQFc\" lang=\"lt\" style=\"font-family: georgia, palatino, serif;font-size: 14pt;color: #000000\">Amzdis v\u0101ks ir izgatavots no iztur\u012bgas melnas gumijas.<br \/>\nIztur\u012bgais gumijas kor\u0137is ir paredz\u0113ts, lai pasarg\u0101tu cauruli no lietus, putek\u013ciem, sniega ledus un r\u016bsas sliktos laika apst\u0101k\u013cos. <\/span><\/span><\/p>\n","protected":false},"featured_media":14907,"template":"","meta":[],"product_brand":[],"product_cat":[143,135],"product_tag":[],"class_list":{"0":"post-15900","1":"product","2":"type-product","3":"status-publish","4":"has-post-thumbnail","6":"product_cat-aka-atveres-vacins","7":"product_cat-aki","9":"first","10":"instock","11":"taxable","12":"shipping-taxable","13":"purchasable","14":"product-type-simple"},"yoast_head":"<!-- This site is optimized with the Yoast SEO plugin v27.0 - https:\/\/yoast.com\/product\/yoast-seo-wordpress\/ -->\n<title>Amerik\u0101\u0146u \u0101\u0137a caurumu v\u0101ks 50x50<\/title>\n<meta name=\"robots\" content=\"index, follow, max-snippet:-1, max-image-preview:large, max-video-preview:-1\" \/>\n<link rel=\"canonical\" href=\"https:\/\/sistemosklaipeda.com\/lv\/produkts\/amerikanu-aka-caurumu-vaks-50x50\/\" \/>\n<meta property=\"og:locale\" content=\"lv_LV\" \/>\n<meta property=\"og:type\" content=\"article\" \/>\n<meta property=\"og:title\" content=\"Amerik\u0101\u0146u \u0101\u0137a caurumu v\u0101ks 50x50\" \/>\n<meta property=\"og:description\" content=\"Amerik\u0101\u0146u \u0101\u0137a caurumu v\u0101ks 50x50 mm gumijas.  VAmzdis v\u0101ks ir izgatavots no iztur\u012bgas melnas gumijas. Iztur\u012bgais gumijas kor\u0137is ir paredz\u0113ts, lai pasarg\u0101tu cauruli no lietus, putek\u013ciem, sniega ledus un r\u016bsas sliktos laika apst\u0101k\u013cos.\" \/>\n<meta property=\"og:url\" content=\"https:\/\/sistemosklaipeda.com\/lv\/produkts\/amerikanu-aka-caurumu-vaks-50x50\/\" \/>\n<meta property=\"og:site_name\" content=\"Sistemos Klaip\u0117da\" \/>\n<meta property=\"article:publisher\" content=\"https:\/\/www.facebook.com\/SistemosKlp\" \/>\n<meta property=\"og:image\" content=\"https:\/\/sistemosklaipeda.com\/wp-content\/uploads\/2023\/06\/amerikietisko-kablio-skyles-dangtelis.jpg?v=1719405662\" \/>\n\t<meta property=\"og:image:width\" content=\"800\" \/>\n\t<meta property=\"og:image:height\" content=\"800\" \/>\n\t<meta property=\"og:image:type\" content=\"image\/jpeg\" \/>\n<meta name=\"twitter:card\" content=\"summary_large_image\" \/>\n<script type=\"application\/ld+json\" class=\"yoast-schema-graph\">{\"@context\":\"https:\/\/schema.org\",\"@graph\":[{\"@type\":\"WebPage\",\"@id\":\"https:\/\/sistemosklaipeda.com\/lv\/produkts\/amerikanu-aka-caurumu-vaks-50x50\/\",\"url\":\"https:\/\/sistemosklaipeda.com\/lv\/produkts\/amerikanu-aka-caurumu-vaks-50x50\/\",\"name\":\"Amerik\u0101\u0146u \u0101\u0137a caurumu v\u0101ks 50x50\",\"isPartOf\":{\"@id\":\"https:\/\/sistemosklaipeda.com\/lv\/#website\"},\"primaryImageOfPage\":{\"@id\":\"https:\/\/sistemosklaipeda.com\/lv\/produkts\/amerikanu-aka-caurumu-vaks-50x50\/#primaryimage\"},\"image\":{\"@id\":\"https:\/\/sistemosklaipeda.com\/lv\/produkts\/amerikanu-aka-caurumu-vaks-50x50\/#primaryimage\"},\"thumbnailUrl\":\"https:\/\/sistemosklaipeda.com\/wp-content\/uploads\/2023\/06\/amerikietisko-kablio-skyles-dangtelis.jpg\",\"datePublished\":\"2024-08-11T15:12:25+00:00\",\"breadcrumb\":{\"@id\":\"https:\/\/sistemosklaipeda.com\/lv\/produkts\/amerikanu-aka-caurumu-vaks-50x50\/#breadcrumb\"},\"inLanguage\":\"lv-LV\",\"potentialAction\":[{\"@type\":\"ReadAction\",\"target\":[\"https:\/\/sistemosklaipeda.com\/lv\/produkts\/amerikanu-aka-caurumu-vaks-50x50\/\"]}]},{\"@type\":\"ImageObject\",\"inLanguage\":\"lv-LV\",\"@id\":\"https:\/\/sistemosklaipeda.com\/lv\/produkts\/amerikanu-aka-caurumu-vaks-50x50\/#primaryimage\",\"url\":\"https:\/\/sistemosklaipeda.com\/wp-content\/uploads\/2023\/06\/amerikietisko-kablio-skyles-dangtelis.jpg\",\"contentUrl\":\"https:\/\/sistemosklaipeda.com\/wp-content\/uploads\/2023\/06\/amerikietisko-kablio-skyles-dangtelis.jpg\",\"width\":800,\"height\":800,\"caption\":\"Amerikieti\u0161ko kablio skyl\u0117s dangtelis\"},{\"@type\":\"BreadcrumbList\",\"@id\":\"https:\/\/sistemosklaipeda.com\/lv\/produkts\/amerikanu-aka-caurumu-vaks-50x50\/#breadcrumb\",\"itemListElement\":[{\"@type\":\"ListItem\",\"position\":1,\"name\":\"Prad\u017eia\",\"item\":\"https:\/\/sistemosklaipeda.com\/lv\/veikals\/\"},{\"@type\":\"ListItem\",\"position\":2,\"name\":\"Veikals\",\"item\":\"https:\/\/sistemosklaipeda.com\/lv\/veikals\/\"},{\"@type\":\"ListItem\",\"position\":3,\"name\":\"Amerik\u0101\u0146u \u0101\u0137a caurumu v\u0101ks 50&#215;50\"}]},{\"@type\":\"WebSite\",\"@id\":\"https:\/\/sistemosklaipeda.com\/lv\/#website\",\"url\":\"https:\/\/sistemosklaipeda.com\/lv\/\",\"name\":\"Sistemos Klaip\u0117da\",\"description\":\"Kokybi\u0161ka duj\u0173 \u012franga ir jos komponentai, kabliai ir priedai\",\"publisher\":{\"@id\":\"https:\/\/sistemosklaipeda.com\/lv\/#organization\"},\"potentialAction\":[{\"@type\":\"SearchAction\",\"target\":{\"@type\":\"EntryPoint\",\"urlTemplate\":\"https:\/\/sistemosklaipeda.com\/lv\/?s={search_term_string}\"},\"query-input\":{\"@type\":\"PropertyValueSpecification\",\"valueRequired\":true,\"valueName\":\"search_term_string\"}}],\"inLanguage\":\"lv-LV\"},{\"@type\":\"Organization\",\"@id\":\"https:\/\/sistemosklaipeda.com\/lv\/#organization\",\"name\":\"Sistemos Klaip\u0117da\",\"alternateName\":\"Sistemos\",\"url\":\"https:\/\/sistemosklaipeda.com\/lv\/\",\"logo\":{\"@type\":\"ImageObject\",\"inLanguage\":\"lv-LV\",\"@id\":\"https:\/\/sistemosklaipeda.com\/lv\/#\/schema\/logo\/image\/\",\"url\":\"https:\/\/sistemosklaipeda.com\/wp-content\/uploads\/2023\/09\/sistemos-logo-cropperd-e1695968047774.png\",\"contentUrl\":\"https:\/\/sistemosklaipeda.com\/wp-content\/uploads\/2023\/09\/sistemos-logo-cropperd-e1695968047774.png\",\"width\":401,\"height\":206,\"caption\":\"Sistemos Klaip\u0117da\"},\"image\":{\"@id\":\"https:\/\/sistemosklaipeda.com\/lv\/#\/schema\/logo\/image\/\"},\"sameAs\":[\"https:\/\/www.facebook.com\/SistemosKlp\",\"https:\/\/www.instagram.com\/sistemosklaipeda\/\"]}]}<\/script>\n<!-- \/ Yoast SEO plugin. -->","yoast_head_json":{"title":"Amerik\u0101\u0146u \u0101\u0137a caurumu v\u0101ks 50x50","robots":{"index":"index","follow":"follow","max-snippet":"max-snippet:-1","max-image-preview":"max-image-preview:large","max-video-preview":"max-video-preview:-1"},"canonical":"https:\/\/sistemosklaipeda.com\/lv\/produkts\/amerikanu-aka-caurumu-vaks-50x50\/","og_locale":"lv_LV","og_type":"article","og_title":"Amerik\u0101\u0146u \u0101\u0137a caurumu v\u0101ks 50x50","og_description":"Amerik\u0101\u0146u \u0101\u0137a caurumu v\u0101ks 50x50 mm gumijas.  VAmzdis v\u0101ks ir izgatavots no iztur\u012bgas melnas gumijas. Iztur\u012bgais gumijas kor\u0137is ir paredz\u0113ts, lai pasarg\u0101tu cauruli no lietus, putek\u013ciem, sniega ledus un r\u016bsas sliktos laika apst\u0101k\u013cos.","og_url":"https:\/\/sistemosklaipeda.com\/lv\/produkts\/amerikanu-aka-caurumu-vaks-50x50\/","og_site_name":"Sistemos Klaip\u0117da","article_publisher":"https:\/\/www.facebook.com\/SistemosKlp","og_image":[{"width":800,"height":800,"url":"https:\/\/sistemosklaipeda.com\/wp-content\/uploads\/2023\/06\/amerikietisko-kablio-skyles-dangtelis.jpg?v=1719405662","type":"image\/jpeg"}],"twitter_card":"summary_large_image","schema":{"@context":"https:\/\/schema.org","@graph":[{"@type":"WebPage","@id":"https:\/\/sistemosklaipeda.com\/lv\/produkts\/amerikanu-aka-caurumu-vaks-50x50\/","url":"https:\/\/sistemosklaipeda.com\/lv\/produkts\/amerikanu-aka-caurumu-vaks-50x50\/","name":"Amerik\u0101\u0146u \u0101\u0137a caurumu v\u0101ks 50x50","isPartOf":{"@id":"https:\/\/sistemosklaipeda.com\/lv\/#website"},"primaryImageOfPage":{"@id":"https:\/\/sistemosklaipeda.com\/lv\/produkts\/amerikanu-aka-caurumu-vaks-50x50\/#primaryimage"},"image":{"@id":"https:\/\/sistemosklaipeda.com\/lv\/produkts\/amerikanu-aka-caurumu-vaks-50x50\/#primaryimage"},"thumbnailUrl":"https:\/\/sistemosklaipeda.com\/wp-content\/uploads\/2023\/06\/amerikietisko-kablio-skyles-dangtelis.jpg","datePublished":"2024-08-11T15:12:25+00:00","breadcrumb":{"@id":"https:\/\/sistemosklaipeda.com\/lv\/produkts\/amerikanu-aka-caurumu-vaks-50x50\/#breadcrumb"},"inLanguage":"lv-LV","potentialAction":[{"@type":"ReadAction","target":["https:\/\/sistemosklaipeda.com\/lv\/produkts\/amerikanu-aka-caurumu-vaks-50x50\/"]}]},{"@type":"ImageObject","inLanguage":"lv-LV","@id":"https:\/\/sistemosklaipeda.com\/lv\/produkts\/amerikanu-aka-caurumu-vaks-50x50\/#primaryimage","url":"https:\/\/sistemosklaipeda.com\/wp-content\/uploads\/2023\/06\/amerikietisko-kablio-skyles-dangtelis.jpg","contentUrl":"https:\/\/sistemosklaipeda.com\/wp-content\/uploads\/2023\/06\/amerikietisko-kablio-skyles-dangtelis.jpg","width":800,"height":800,"caption":"Amerikieti\u0161ko kablio skyl\u0117s dangtelis"},{"@type":"BreadcrumbList","@id":"https:\/\/sistemosklaipeda.com\/lv\/produkts\/amerikanu-aka-caurumu-vaks-50x50\/#breadcrumb","itemListElement":[{"@type":"ListItem","position":1,"name":"Prad\u017eia","item":"https:\/\/sistemosklaipeda.com\/lv\/veikals\/"},{"@type":"ListItem","position":2,"name":"Veikals","item":"https:\/\/sistemosklaipeda.com\/lv\/veikals\/"},{"@type":"ListItem","position":3,"name":"Amerik\u0101\u0146u \u0101\u0137a caurumu v\u0101ks 50&#215;50"}]},{"@type":"WebSite","@id":"https:\/\/sistemosklaipeda.com\/lv\/#website","url":"https:\/\/sistemosklaipeda.com\/lv\/","name":"Sistemos Klaip\u0117da","description":"Kokybi\u0161ka duj\u0173 \u012franga ir jos komponentai, kabliai ir priedai","publisher":{"@id":"https:\/\/sistemosklaipeda.com\/lv\/#organization"},"potentialAction":[{"@type":"SearchAction","target":{"@type":"EntryPoint","urlTemplate":"https:\/\/sistemosklaipeda.com\/lv\/?s={search_term_string}"},"query-input":{"@type":"PropertyValueSpecification","valueRequired":true,"valueName":"search_term_string"}}],"inLanguage":"lv-LV"},{"@type":"Organization","@id":"https:\/\/sistemosklaipeda.com\/lv\/#organization","name":"Sistemos Klaip\u0117da","alternateName":"Sistemos","url":"https:\/\/sistemosklaipeda.com\/lv\/","logo":{"@type":"ImageObject","inLanguage":"lv-LV","@id":"https:\/\/sistemosklaipeda.com\/lv\/#\/schema\/logo\/image\/","url":"https:\/\/sistemosklaipeda.com\/wp-content\/uploads\/2023\/09\/sistemos-logo-cropperd-e1695968047774.png","contentUrl":"https:\/\/sistemosklaipeda.com\/wp-content\/uploads\/2023\/09\/sistemos-logo-cropperd-e1695968047774.png","width":401,"height":206,"caption":"Sistemos Klaip\u0117da"},"image":{"@id":"https:\/\/sistemosklaipeda.com\/lv\/#\/schema\/logo\/image\/"},"sameAs":["https:\/\/www.facebook.com\/SistemosKlp","https:\/\/www.instagram.com\/sistemosklaipeda\/"]}]}},"_links":{"self":[{"href":"https:\/\/sistemosklaipeda.com\/lv\/wp-json\/wp\/v2\/product\/15900","targetHints":{"allow":["GET"]}}],"collection":[{"href":"https:\/\/sistemosklaipeda.com\/lv\/wp-json\/wp\/v2\/product"}],"about":[{"href":"https:\/\/sistemosklaipeda.com\/lv\/wp-json\/wp\/v2\/types\/product"}],"wp:featuredmedia":[{"embeddable":true,"href":"https:\/\/sistemosklaipeda.com\/lv\/wp-json\/wp\/v2\/media\/14907"}],"wp:attachment":[{"href":"https:\/\/sistemosklaipeda.com\/lv\/wp-json\/wp\/v2\/media?parent=15900"}],"wp:term":[{"taxonomy":"product_brand","embeddable":true,"href":"https:\/\/sistemosklaipeda.com\/lv\/wp-json\/wp\/v2\/product_brand?post=15900"},{"taxonomy":"product_cat","embeddable":true,"href":"https:\/\/sistemosklaipeda.com\/lv\/wp-json\/wp\/v2\/product_cat?post=15900"},{"taxonomy":"product_tag","embeddable":true,"href":"https:\/\/sistemosklaipeda.com\/lv\/wp-json\/wp\/v2\/product_tag?post=15900"}],"curies":[{"name":"wp","href":"https:\/\/api.w.org\/{rel}","templated":true}]}}