{"id":15895,"date":"2021-02-04T05:24:13","date_gmt":"2024-08-11T15:12:21","guid":{"rendered":"https:\/\/sistemosklaipeda.com\/product\/gazes-reduktors-tomasetto-100hp-filtrs\/"},"modified":"2025-12-11T16:25:00","modified_gmt":"2025-12-11T16:25:00","slug":"gazes-reduktors-tomasetto-100hp-filtrs","status":"publish","type":"product","link":"https:\/\/sistemosklaipeda.com\/lv\/produkts\/gazes-reduktors-tomasetto-100hp-filtrs\/","title":{"rendered":"G\u0101zes reduktors tomasetto 100hp + filtrs"},"content":{"rendered":"<p>Tomasetto AT07 100 ZS reduktoru, kas integr\u0113ts ar g\u0101zes soleno\u012bda v\u0101rstu \u0161\u0137idr\u0101 f\u0101z\u0113, izmanto popul\u0101r\u0101kajos tirg\u016b eso\u0161ajos automobi\u013cos ar 1. un 2. paaudzes g\u0101zes iek\u0101rt\u0101m. Profesion\u0101l\u0101 siltumapmai\u0146as sist\u0113mas konstrukcija ir nodro\u0161in\u0101jusi augstu efektivit\u0101ti. l\u012bdz pat reduktora izm\u0113ram Pateicoties t\u0101 uzticam\u012bbai un vienk\u0101r\u0161ajai konstrukcijai, tas nodro\u0161ina ilgu un netrauc\u0113tu g\u0101zes iek\u0101rtu ekspluat\u0101ciju.<\/p>\n<p>Tehniskie dati:<br \/>\nMaksim\u0101l\u0101 jauda - 100 ZS<br \/>\n Korpusa materi\u0101ls - ALUM\u012aNUMS<br \/>\n G\u0101zes iepl\u016bdes caurules diametrs - FI 6 mm (VARIS VAI PVC)<br \/>\n \u016adens \u0161\u013c\u016btenes diametrs - 16 mm<br \/>\n G\u0101zes \u0161\u013c\u016btenes diametrs - 12 mm<br \/>\n Darba temperat\u016bra - no -20\u00b0C l\u012bdz +120\u00b0C<\/p>\n<p>Komplekt\u0101:<br \/>\nReducers<br \/>\nMont\u0101\u017eas pl\u0101ksne<br \/>\nMazie mont\u0101\u017eas elementi.<\/p>\n","protected":false},"excerpt":{"rendered":"<p>G\u0101zes reduktors tomasetto 100hp filtrs<\/p>\n","protected":false},"featured_media":15171,"template":"","meta":[],"product_brand":[],"product_cat":[144],"product_tag":[142,155,152],"class_list":{"0":"post-15895","1":"product","2":"type-product","3":"status-publish","4":"has-post-thumbnail","6":"product_cat-reducers","7":"product_tag-gazes-filtrs","8":"product_tag-shark-lv","9":"product_tag-tomasetto-lv","11":"first","12":"outofstock","13":"taxable","14":"shipping-taxable","15":"purchasable","16":"product-type-simple"},"yoast_head":"<!-- This site is optimized with the Yoast SEO plugin v27.0 - https:\/\/yoast.com\/product\/yoast-seo-wordpress\/ -->\n<title>G\u0101zes reduktors tomasetto 100hp + filtrs<\/title>\n<meta name=\"robots\" content=\"index, follow, max-snippet:-1, max-image-preview:large, max-video-preview:-1\" \/>\n<link rel=\"canonical\" href=\"https:\/\/sistemosklaipeda.com\/lv\/produkts\/gazes-reduktors-tomasetto-100hp-filtrs\/\" \/>\n<meta property=\"og:locale\" content=\"lv_LV\" \/>\n<meta property=\"og:type\" content=\"article\" \/>\n<meta property=\"og:title\" content=\"G\u0101zes reduktors tomasetto 100hp + filtrs\" \/>\n<meta property=\"og:description\" content=\"G\u0101zes reduktors tomasetto 100hp filtrs\" \/>\n<meta property=\"og:url\" content=\"https:\/\/sistemosklaipeda.com\/lv\/produkts\/gazes-reduktors-tomasetto-100hp-filtrs\/\" \/>\n<meta property=\"og:site_name\" content=\"Sistemos Klaip\u0117da\" \/>\n<meta property=\"article:publisher\" content=\"https:\/\/www.facebook.com\/SistemosKlp\" \/>\n<meta property=\"article:modified_time\" content=\"2025-12-11T16:25:00+00:00\" \/>\n<meta property=\"og:image\" content=\"https:\/\/sistemosklaipeda.com\/wp-content\/uploads\/2024\/05\/1361.png\" \/>\n\t<meta property=\"og:image:width\" content=\"776\" \/>\n\t<meta property=\"og:image:height\" content=\"800\" \/>\n\t<meta property=\"og:image:type\" content=\"image\/png\" \/>\n<meta name=\"twitter:card\" content=\"summary_large_image\" \/>\n<meta name=\"twitter:label1\" content=\"Est. reading time\" \/>\n\t<meta name=\"twitter:data1\" content=\"1 minute\" \/>\n<script type=\"application\/ld+json\" class=\"yoast-schema-graph\">{\"@context\":\"https:\/\/schema.org\",\"@graph\":[{\"@type\":\"WebPage\",\"@id\":\"https:\/\/sistemosklaipeda.com\/lv\/produkts\/gazes-reduktors-tomasetto-100hp-filtrs\/\",\"url\":\"https:\/\/sistemosklaipeda.com\/lv\/produkts\/gazes-reduktors-tomasetto-100hp-filtrs\/\",\"name\":\"G\u0101zes reduktors tomasetto 100hp + filtrs\",\"isPartOf\":{\"@id\":\"https:\/\/sistemosklaipeda.com\/lv\/#website\"},\"primaryImageOfPage\":{\"@id\":\"https:\/\/sistemosklaipeda.com\/lv\/produkts\/gazes-reduktors-tomasetto-100hp-filtrs\/#primaryimage\"},\"image\":{\"@id\":\"https:\/\/sistemosklaipeda.com\/lv\/produkts\/gazes-reduktors-tomasetto-100hp-filtrs\/#primaryimage\"},\"thumbnailUrl\":\"https:\/\/sistemosklaipeda.com\/wp-content\/uploads\/2024\/05\/1361.png\",\"datePublished\":\"2024-08-11T15:12:21+00:00\",\"dateModified\":\"2025-12-11T16:25:00+00:00\",\"breadcrumb\":{\"@id\":\"https:\/\/sistemosklaipeda.com\/lv\/produkts\/gazes-reduktors-tomasetto-100hp-filtrs\/#breadcrumb\"},\"inLanguage\":\"lv-LV\",\"potentialAction\":[{\"@type\":\"ReadAction\",\"target\":[\"https:\/\/sistemosklaipeda.com\/lv\/produkts\/gazes-reduktors-tomasetto-100hp-filtrs\/\"]}]},{\"@type\":\"ImageObject\",\"inLanguage\":\"lv-LV\",\"@id\":\"https:\/\/sistemosklaipeda.com\/lv\/produkts\/gazes-reduktors-tomasetto-100hp-filtrs\/#primaryimage\",\"url\":\"https:\/\/sistemosklaipeda.com\/wp-content\/uploads\/2024\/05\/1361.png\",\"contentUrl\":\"https:\/\/sistemosklaipeda.com\/wp-content\/uploads\/2024\/05\/1361.png\",\"width\":776,\"height\":800,\"caption\":\"Duj\u0173 reduktorius tomasetto 100hp + filtras\"},{\"@type\":\"BreadcrumbList\",\"@id\":\"https:\/\/sistemosklaipeda.com\/lv\/produkts\/gazes-reduktors-tomasetto-100hp-filtrs\/#breadcrumb\",\"itemListElement\":[{\"@type\":\"ListItem\",\"position\":1,\"name\":\"Prad\u017eia\",\"item\":\"https:\/\/sistemosklaipeda.com\/lv\/veikals\/\"},{\"@type\":\"ListItem\",\"position\":2,\"name\":\"Veikals\",\"item\":\"https:\/\/sistemosklaipeda.com\/lv\/veikals\/\"},{\"@type\":\"ListItem\",\"position\":3,\"name\":\"G\u0101zes reduktors tomasetto 100hp + filtrs\"}]},{\"@type\":\"WebSite\",\"@id\":\"https:\/\/sistemosklaipeda.com\/lv\/#website\",\"url\":\"https:\/\/sistemosklaipeda.com\/lv\/\",\"name\":\"Sistemos Klaip\u0117da\",\"description\":\"Kokybi\u0161ka duj\u0173 \u012franga ir jos komponentai, kabliai ir priedai\",\"publisher\":{\"@id\":\"https:\/\/sistemosklaipeda.com\/lv\/#organization\"},\"potentialAction\":[{\"@type\":\"SearchAction\",\"target\":{\"@type\":\"EntryPoint\",\"urlTemplate\":\"https:\/\/sistemosklaipeda.com\/lv\/?s={search_term_string}\"},\"query-input\":{\"@type\":\"PropertyValueSpecification\",\"valueRequired\":true,\"valueName\":\"search_term_string\"}}],\"inLanguage\":\"lv-LV\"},{\"@type\":\"Organization\",\"@id\":\"https:\/\/sistemosklaipeda.com\/lv\/#organization\",\"name\":\"Sistemos Klaip\u0117da\",\"alternateName\":\"Sistemos\",\"url\":\"https:\/\/sistemosklaipeda.com\/lv\/\",\"logo\":{\"@type\":\"ImageObject\",\"inLanguage\":\"lv-LV\",\"@id\":\"https:\/\/sistemosklaipeda.com\/lv\/#\/schema\/logo\/image\/\",\"url\":\"https:\/\/sistemosklaipeda.com\/wp-content\/uploads\/2023\/09\/sistemos-logo-cropperd-e1695968047774.png\",\"contentUrl\":\"https:\/\/sistemosklaipeda.com\/wp-content\/uploads\/2023\/09\/sistemos-logo-cropperd-e1695968047774.png\",\"width\":401,\"height\":206,\"caption\":\"Sistemos Klaip\u0117da\"},\"image\":{\"@id\":\"https:\/\/sistemosklaipeda.com\/lv\/#\/schema\/logo\/image\/\"},\"sameAs\":[\"https:\/\/www.facebook.com\/SistemosKlp\",\"https:\/\/www.instagram.com\/sistemosklaipeda\/\"]}]}<\/script>\n<!-- \/ Yoast SEO plugin. -->","yoast_head_json":{"title":"G\u0101zes reduktors tomasetto 100hp + filtrs","robots":{"index":"index","follow":"follow","max-snippet":"max-snippet:-1","max-image-preview":"max-image-preview:large","max-video-preview":"max-video-preview:-1"},"canonical":"https:\/\/sistemosklaipeda.com\/lv\/produkts\/gazes-reduktors-tomasetto-100hp-filtrs\/","og_locale":"lv_LV","og_type":"article","og_title":"G\u0101zes reduktors tomasetto 100hp + filtrs","og_description":"G\u0101zes reduktors tomasetto 100hp filtrs","og_url":"https:\/\/sistemosklaipeda.com\/lv\/produkts\/gazes-reduktors-tomasetto-100hp-filtrs\/","og_site_name":"Sistemos Klaip\u0117da","article_publisher":"https:\/\/www.facebook.com\/SistemosKlp","article_modified_time":"2025-12-11T16:25:00+00:00","og_image":[{"width":776,"height":800,"url":"https:\/\/sistemosklaipeda.com\/wp-content\/uploads\/2024\/05\/1361.png","type":"image\/png"}],"twitter_card":"summary_large_image","twitter_misc":{"Est. reading time":"1 minute"},"schema":{"@context":"https:\/\/schema.org","@graph":[{"@type":"WebPage","@id":"https:\/\/sistemosklaipeda.com\/lv\/produkts\/gazes-reduktors-tomasetto-100hp-filtrs\/","url":"https:\/\/sistemosklaipeda.com\/lv\/produkts\/gazes-reduktors-tomasetto-100hp-filtrs\/","name":"G\u0101zes reduktors tomasetto 100hp + filtrs","isPartOf":{"@id":"https:\/\/sistemosklaipeda.com\/lv\/#website"},"primaryImageOfPage":{"@id":"https:\/\/sistemosklaipeda.com\/lv\/produkts\/gazes-reduktors-tomasetto-100hp-filtrs\/#primaryimage"},"image":{"@id":"https:\/\/sistemosklaipeda.com\/lv\/produkts\/gazes-reduktors-tomasetto-100hp-filtrs\/#primaryimage"},"thumbnailUrl":"https:\/\/sistemosklaipeda.com\/wp-content\/uploads\/2024\/05\/1361.png","datePublished":"2024-08-11T15:12:21+00:00","dateModified":"2025-12-11T16:25:00+00:00","breadcrumb":{"@id":"https:\/\/sistemosklaipeda.com\/lv\/produkts\/gazes-reduktors-tomasetto-100hp-filtrs\/#breadcrumb"},"inLanguage":"lv-LV","potentialAction":[{"@type":"ReadAction","target":["https:\/\/sistemosklaipeda.com\/lv\/produkts\/gazes-reduktors-tomasetto-100hp-filtrs\/"]}]},{"@type":"ImageObject","inLanguage":"lv-LV","@id":"https:\/\/sistemosklaipeda.com\/lv\/produkts\/gazes-reduktors-tomasetto-100hp-filtrs\/#primaryimage","url":"https:\/\/sistemosklaipeda.com\/wp-content\/uploads\/2024\/05\/1361.png","contentUrl":"https:\/\/sistemosklaipeda.com\/wp-content\/uploads\/2024\/05\/1361.png","width":776,"height":800,"caption":"Duj\u0173 reduktorius tomasetto 100hp + filtras"},{"@type":"BreadcrumbList","@id":"https:\/\/sistemosklaipeda.com\/lv\/produkts\/gazes-reduktors-tomasetto-100hp-filtrs\/#breadcrumb","itemListElement":[{"@type":"ListItem","position":1,"name":"Prad\u017eia","item":"https:\/\/sistemosklaipeda.com\/lv\/veikals\/"},{"@type":"ListItem","position":2,"name":"Veikals","item":"https:\/\/sistemosklaipeda.com\/lv\/veikals\/"},{"@type":"ListItem","position":3,"name":"G\u0101zes reduktors tomasetto 100hp + filtrs"}]},{"@type":"WebSite","@id":"https:\/\/sistemosklaipeda.com\/lv\/#website","url":"https:\/\/sistemosklaipeda.com\/lv\/","name":"Sistemos Klaip\u0117da","description":"Kokybi\u0161ka duj\u0173 \u012franga ir jos komponentai, kabliai ir priedai","publisher":{"@id":"https:\/\/sistemosklaipeda.com\/lv\/#organization"},"potentialAction":[{"@type":"SearchAction","target":{"@type":"EntryPoint","urlTemplate":"https:\/\/sistemosklaipeda.com\/lv\/?s={search_term_string}"},"query-input":{"@type":"PropertyValueSpecification","valueRequired":true,"valueName":"search_term_string"}}],"inLanguage":"lv-LV"},{"@type":"Organization","@id":"https:\/\/sistemosklaipeda.com\/lv\/#organization","name":"Sistemos Klaip\u0117da","alternateName":"Sistemos","url":"https:\/\/sistemosklaipeda.com\/lv\/","logo":{"@type":"ImageObject","inLanguage":"lv-LV","@id":"https:\/\/sistemosklaipeda.com\/lv\/#\/schema\/logo\/image\/","url":"https:\/\/sistemosklaipeda.com\/wp-content\/uploads\/2023\/09\/sistemos-logo-cropperd-e1695968047774.png","contentUrl":"https:\/\/sistemosklaipeda.com\/wp-content\/uploads\/2023\/09\/sistemos-logo-cropperd-e1695968047774.png","width":401,"height":206,"caption":"Sistemos Klaip\u0117da"},"image":{"@id":"https:\/\/sistemosklaipeda.com\/lv\/#\/schema\/logo\/image\/"},"sameAs":["https:\/\/www.facebook.com\/SistemosKlp","https:\/\/www.instagram.com\/sistemosklaipeda\/"]}]}},"_links":{"self":[{"href":"https:\/\/sistemosklaipeda.com\/lv\/wp-json\/wp\/v2\/product\/15895","targetHints":{"allow":["GET"]}}],"collection":[{"href":"https:\/\/sistemosklaipeda.com\/lv\/wp-json\/wp\/v2\/product"}],"about":[{"href":"https:\/\/sistemosklaipeda.com\/lv\/wp-json\/wp\/v2\/types\/product"}],"wp:featuredmedia":[{"embeddable":true,"href":"https:\/\/sistemosklaipeda.com\/lv\/wp-json\/wp\/v2\/media\/15171"}],"wp:attachment":[{"href":"https:\/\/sistemosklaipeda.com\/lv\/wp-json\/wp\/v2\/media?parent=15895"}],"wp:term":[{"taxonomy":"product_brand","embeddable":true,"href":"https:\/\/sistemosklaipeda.com\/lv\/wp-json\/wp\/v2\/product_brand?post=15895"},{"taxonomy":"product_cat","embeddable":true,"href":"https:\/\/sistemosklaipeda.com\/lv\/wp-json\/wp\/v2\/product_cat?post=15895"},{"taxonomy":"product_tag","embeddable":true,"href":"https:\/\/sistemosklaipeda.com\/lv\/wp-json\/wp\/v2\/product_tag?post=15895"}],"curies":[{"name":"wp","href":"https:\/\/api.w.org\/{rel}","templated":true}]}}