{"id":15888,"date":"2021-02-04T05:29:26","date_gmt":"2024-08-11T15:12:17","guid":{"rendered":"https:\/\/sistemosklaipeda.com\/product\/gazes-reduktors-tomasetto-at09-nordic-125-kw\/"},"modified":"2025-12-11T16:24:55","modified_gmt":"2025-12-11T16:24:55","slug":"gazes-reduktors-tomasetto-at09-nordic-125-kw","status":"publish","type":"product","link":"https:\/\/sistemosklaipeda.com\/lv\/produkts\/gazes-reduktors-tomasetto-at09-nordic-125-kw\/","title":{"rendered":"G\u0101zes reduktors tomasetto at09 nordic 125 KW"},"content":{"rendered":"<p>Tomasetto AT09 Nordic reduktors, integr\u0113ts ar g\u0101zes soleno\u012bda v\u0101rstu \u0161\u0137idraj\u0101 f\u0101z\u0113. Tas ir A\u013caskas jaun\u0101kais br\u0101lis, kas, k\u0101 zin\u0101ms, ir bez probl\u0113m\u0101m. Izmanto vispopul\u0101r\u0101kajos tirg\u016b pieejamajos automobi\u013cos. Pateicoties profesion\u0101lai siltumapmai\u0146as sist\u0113mas konstrukcijai, ir pan\u0101kta augsta efektivit\u0101te, sal\u012bdzinot ar reduktora izm\u0113ru. T\u0101s uzticam\u012bba un vienk\u0101r\u0161\u0101 konstrukcija \u013cauj ilgsto\u0161i ekspluat\u0113t g\u0101zes iek\u0101rtas bez boj\u0101jumiem.<\/p>\n<p>Tehniskie dati:<br \/>\nMaksim\u0101l\u0101 jauda - 125 KW \/ 170 ZS<br \/>\nMinim\u0101lais darba spiediens - 0,9 BAR<br \/>\nMaksim\u0101lais darba spiediens - 1,8 BAR<br \/>\nKorpusa materi\u0101ls - ALUM\u012aNS<br \/>\nG\u0101zes iepl\u016bdes caurules diametrs - FI 6 mm (VARIS VAI PVC)<br \/>\n\u016adens \u0161\u013c\u016btenes diametrs - 16 mm<br \/>\nG\u0101zes \u0161\u013c\u016btenes diametrs - 12 mm<br \/>\nDarba temperat\u016bra - -20\u00b0C l\u012bdz +120\u00b0C<\/p>\n<p>Komplekt\u0101:<br \/>\nReducers<br \/>\nMont\u0101\u017eas pl\u0101ksne<br \/>\nMazie mont\u0101\u017eas elementi.<\/p>\n","protected":false},"excerpt":{"rendered":"<p>G\u0101zes reduktors tomasetto at09 nordic 125 KW<\/p>\n","protected":false},"featured_media":15177,"template":"","meta":[],"product_brand":[],"product_cat":[144],"product_tag":[145,152],"class_list":{"0":"post-15888","1":"product","2":"type-product","3":"status-publish","4":"has-post-thumbnail","6":"product_cat-reducers","7":"product_tag-reducers","8":"product_tag-tomasetto-lv","10":"first","11":"instock","12":"taxable","13":"shipping-taxable","14":"purchasable","15":"product-type-simple"},"yoast_head":"<!-- This site is optimized with the Yoast SEO plugin v27.0 - https:\/\/yoast.com\/product\/yoast-seo-wordpress\/ -->\n<title>G\u0101zes reduktors tomasetto at09 nordic 125 KW<\/title>\n<meta name=\"robots\" content=\"index, follow, max-snippet:-1, max-image-preview:large, max-video-preview:-1\" \/>\n<link rel=\"canonical\" href=\"https:\/\/sistemosklaipeda.com\/lv\/produkts\/gazes-reduktors-tomasetto-at09-nordic-125-kw\/\" \/>\n<meta property=\"og:locale\" content=\"lv_LV\" \/>\n<meta property=\"og:type\" content=\"article\" \/>\n<meta property=\"og:title\" content=\"G\u0101zes reduktors tomasetto at09 nordic 125 KW\" \/>\n<meta property=\"og:description\" content=\"G\u0101zes reduktors tomasetto at09 nordic 125 KW\" \/>\n<meta property=\"og:url\" content=\"https:\/\/sistemosklaipeda.com\/lv\/produkts\/gazes-reduktors-tomasetto-at09-nordic-125-kw\/\" \/>\n<meta property=\"og:site_name\" content=\"Sistemos Klaip\u0117da\" \/>\n<meta property=\"article:publisher\" content=\"https:\/\/www.facebook.com\/SistemosKlp\" \/>\n<meta property=\"article:modified_time\" content=\"2025-12-11T16:24:55+00:00\" \/>\n<meta property=\"og:image\" content=\"https:\/\/sistemosklaipeda.com\/wp-content\/uploads\/2024\/05\/1365.png\" \/>\n\t<meta property=\"og:image:width\" content=\"776\" \/>\n\t<meta property=\"og:image:height\" content=\"800\" \/>\n\t<meta property=\"og:image:type\" content=\"image\/png\" \/>\n<meta name=\"twitter:card\" content=\"summary_large_image\" \/>\n<meta name=\"twitter:label1\" content=\"Est. reading time\" \/>\n\t<meta name=\"twitter:data1\" content=\"1 minute\" \/>\n<script type=\"application\/ld+json\" class=\"yoast-schema-graph\">{\"@context\":\"https:\/\/schema.org\",\"@graph\":[{\"@type\":\"WebPage\",\"@id\":\"https:\/\/sistemosklaipeda.com\/lv\/produkts\/gazes-reduktors-tomasetto-at09-nordic-125-kw\/\",\"url\":\"https:\/\/sistemosklaipeda.com\/lv\/produkts\/gazes-reduktors-tomasetto-at09-nordic-125-kw\/\",\"name\":\"G\u0101zes reduktors tomasetto at09 nordic 125 KW\",\"isPartOf\":{\"@id\":\"https:\/\/sistemosklaipeda.com\/lv\/#website\"},\"primaryImageOfPage\":{\"@id\":\"https:\/\/sistemosklaipeda.com\/lv\/produkts\/gazes-reduktors-tomasetto-at09-nordic-125-kw\/#primaryimage\"},\"image\":{\"@id\":\"https:\/\/sistemosklaipeda.com\/lv\/produkts\/gazes-reduktors-tomasetto-at09-nordic-125-kw\/#primaryimage\"},\"thumbnailUrl\":\"https:\/\/sistemosklaipeda.com\/wp-content\/uploads\/2024\/05\/1365.png\",\"datePublished\":\"2024-08-11T15:12:17+00:00\",\"dateModified\":\"2025-12-11T16:24:55+00:00\",\"breadcrumb\":{\"@id\":\"https:\/\/sistemosklaipeda.com\/lv\/produkts\/gazes-reduktors-tomasetto-at09-nordic-125-kw\/#breadcrumb\"},\"inLanguage\":\"lv-LV\",\"potentialAction\":[{\"@type\":\"ReadAction\",\"target\":[\"https:\/\/sistemosklaipeda.com\/lv\/produkts\/gazes-reduktors-tomasetto-at09-nordic-125-kw\/\"]}]},{\"@type\":\"ImageObject\",\"inLanguage\":\"lv-LV\",\"@id\":\"https:\/\/sistemosklaipeda.com\/lv\/produkts\/gazes-reduktors-tomasetto-at09-nordic-125-kw\/#primaryimage\",\"url\":\"https:\/\/sistemosklaipeda.com\/wp-content\/uploads\/2024\/05\/1365.png\",\"contentUrl\":\"https:\/\/sistemosklaipeda.com\/wp-content\/uploads\/2024\/05\/1365.png\",\"width\":776,\"height\":800,\"caption\":\"Duj\u0173 reduktorius tomasetto at09 nordic 125 KW\"},{\"@type\":\"BreadcrumbList\",\"@id\":\"https:\/\/sistemosklaipeda.com\/lv\/produkts\/gazes-reduktors-tomasetto-at09-nordic-125-kw\/#breadcrumb\",\"itemListElement\":[{\"@type\":\"ListItem\",\"position\":1,\"name\":\"Prad\u017eia\",\"item\":\"https:\/\/sistemosklaipeda.com\/lv\/veikals\/\"},{\"@type\":\"ListItem\",\"position\":2,\"name\":\"Veikals\",\"item\":\"https:\/\/sistemosklaipeda.com\/lv\/veikals\/\"},{\"@type\":\"ListItem\",\"position\":3,\"name\":\"G\u0101zes reduktors tomasetto at09 nordic 125 KW\"}]},{\"@type\":\"WebSite\",\"@id\":\"https:\/\/sistemosklaipeda.com\/lv\/#website\",\"url\":\"https:\/\/sistemosklaipeda.com\/lv\/\",\"name\":\"Sistemos Klaip\u0117da\",\"description\":\"Kokybi\u0161ka duj\u0173 \u012franga ir jos komponentai, kabliai ir priedai\",\"publisher\":{\"@id\":\"https:\/\/sistemosklaipeda.com\/lv\/#organization\"},\"potentialAction\":[{\"@type\":\"SearchAction\",\"target\":{\"@type\":\"EntryPoint\",\"urlTemplate\":\"https:\/\/sistemosklaipeda.com\/lv\/?s={search_term_string}\"},\"query-input\":{\"@type\":\"PropertyValueSpecification\",\"valueRequired\":true,\"valueName\":\"search_term_string\"}}],\"inLanguage\":\"lv-LV\"},{\"@type\":\"Organization\",\"@id\":\"https:\/\/sistemosklaipeda.com\/lv\/#organization\",\"name\":\"Sistemos Klaip\u0117da\",\"alternateName\":\"Sistemos\",\"url\":\"https:\/\/sistemosklaipeda.com\/lv\/\",\"logo\":{\"@type\":\"ImageObject\",\"inLanguage\":\"lv-LV\",\"@id\":\"https:\/\/sistemosklaipeda.com\/lv\/#\/schema\/logo\/image\/\",\"url\":\"https:\/\/sistemosklaipeda.com\/wp-content\/uploads\/2023\/09\/sistemos-logo-cropperd-e1695968047774.png\",\"contentUrl\":\"https:\/\/sistemosklaipeda.com\/wp-content\/uploads\/2023\/09\/sistemos-logo-cropperd-e1695968047774.png\",\"width\":401,\"height\":206,\"caption\":\"Sistemos Klaip\u0117da\"},\"image\":{\"@id\":\"https:\/\/sistemosklaipeda.com\/lv\/#\/schema\/logo\/image\/\"},\"sameAs\":[\"https:\/\/www.facebook.com\/SistemosKlp\",\"https:\/\/www.instagram.com\/sistemosklaipeda\/\"]}]}<\/script>\n<!-- \/ Yoast SEO plugin. -->","yoast_head_json":{"title":"G\u0101zes reduktors tomasetto at09 nordic 125 KW","robots":{"index":"index","follow":"follow","max-snippet":"max-snippet:-1","max-image-preview":"max-image-preview:large","max-video-preview":"max-video-preview:-1"},"canonical":"https:\/\/sistemosklaipeda.com\/lv\/produkts\/gazes-reduktors-tomasetto-at09-nordic-125-kw\/","og_locale":"lv_LV","og_type":"article","og_title":"G\u0101zes reduktors tomasetto at09 nordic 125 KW","og_description":"G\u0101zes reduktors tomasetto at09 nordic 125 KW","og_url":"https:\/\/sistemosklaipeda.com\/lv\/produkts\/gazes-reduktors-tomasetto-at09-nordic-125-kw\/","og_site_name":"Sistemos Klaip\u0117da","article_publisher":"https:\/\/www.facebook.com\/SistemosKlp","article_modified_time":"2025-12-11T16:24:55+00:00","og_image":[{"width":776,"height":800,"url":"https:\/\/sistemosklaipeda.com\/wp-content\/uploads\/2024\/05\/1365.png","type":"image\/png"}],"twitter_card":"summary_large_image","twitter_misc":{"Est. reading time":"1 minute"},"schema":{"@context":"https:\/\/schema.org","@graph":[{"@type":"WebPage","@id":"https:\/\/sistemosklaipeda.com\/lv\/produkts\/gazes-reduktors-tomasetto-at09-nordic-125-kw\/","url":"https:\/\/sistemosklaipeda.com\/lv\/produkts\/gazes-reduktors-tomasetto-at09-nordic-125-kw\/","name":"G\u0101zes reduktors tomasetto at09 nordic 125 KW","isPartOf":{"@id":"https:\/\/sistemosklaipeda.com\/lv\/#website"},"primaryImageOfPage":{"@id":"https:\/\/sistemosklaipeda.com\/lv\/produkts\/gazes-reduktors-tomasetto-at09-nordic-125-kw\/#primaryimage"},"image":{"@id":"https:\/\/sistemosklaipeda.com\/lv\/produkts\/gazes-reduktors-tomasetto-at09-nordic-125-kw\/#primaryimage"},"thumbnailUrl":"https:\/\/sistemosklaipeda.com\/wp-content\/uploads\/2024\/05\/1365.png","datePublished":"2024-08-11T15:12:17+00:00","dateModified":"2025-12-11T16:24:55+00:00","breadcrumb":{"@id":"https:\/\/sistemosklaipeda.com\/lv\/produkts\/gazes-reduktors-tomasetto-at09-nordic-125-kw\/#breadcrumb"},"inLanguage":"lv-LV","potentialAction":[{"@type":"ReadAction","target":["https:\/\/sistemosklaipeda.com\/lv\/produkts\/gazes-reduktors-tomasetto-at09-nordic-125-kw\/"]}]},{"@type":"ImageObject","inLanguage":"lv-LV","@id":"https:\/\/sistemosklaipeda.com\/lv\/produkts\/gazes-reduktors-tomasetto-at09-nordic-125-kw\/#primaryimage","url":"https:\/\/sistemosklaipeda.com\/wp-content\/uploads\/2024\/05\/1365.png","contentUrl":"https:\/\/sistemosklaipeda.com\/wp-content\/uploads\/2024\/05\/1365.png","width":776,"height":800,"caption":"Duj\u0173 reduktorius tomasetto at09 nordic 125 KW"},{"@type":"BreadcrumbList","@id":"https:\/\/sistemosklaipeda.com\/lv\/produkts\/gazes-reduktors-tomasetto-at09-nordic-125-kw\/#breadcrumb","itemListElement":[{"@type":"ListItem","position":1,"name":"Prad\u017eia","item":"https:\/\/sistemosklaipeda.com\/lv\/veikals\/"},{"@type":"ListItem","position":2,"name":"Veikals","item":"https:\/\/sistemosklaipeda.com\/lv\/veikals\/"},{"@type":"ListItem","position":3,"name":"G\u0101zes reduktors tomasetto at09 nordic 125 KW"}]},{"@type":"WebSite","@id":"https:\/\/sistemosklaipeda.com\/lv\/#website","url":"https:\/\/sistemosklaipeda.com\/lv\/","name":"Sistemos Klaip\u0117da","description":"Kokybi\u0161ka duj\u0173 \u012franga ir jos komponentai, kabliai ir priedai","publisher":{"@id":"https:\/\/sistemosklaipeda.com\/lv\/#organization"},"potentialAction":[{"@type":"SearchAction","target":{"@type":"EntryPoint","urlTemplate":"https:\/\/sistemosklaipeda.com\/lv\/?s={search_term_string}"},"query-input":{"@type":"PropertyValueSpecification","valueRequired":true,"valueName":"search_term_string"}}],"inLanguage":"lv-LV"},{"@type":"Organization","@id":"https:\/\/sistemosklaipeda.com\/lv\/#organization","name":"Sistemos Klaip\u0117da","alternateName":"Sistemos","url":"https:\/\/sistemosklaipeda.com\/lv\/","logo":{"@type":"ImageObject","inLanguage":"lv-LV","@id":"https:\/\/sistemosklaipeda.com\/lv\/#\/schema\/logo\/image\/","url":"https:\/\/sistemosklaipeda.com\/wp-content\/uploads\/2023\/09\/sistemos-logo-cropperd-e1695968047774.png","contentUrl":"https:\/\/sistemosklaipeda.com\/wp-content\/uploads\/2023\/09\/sistemos-logo-cropperd-e1695968047774.png","width":401,"height":206,"caption":"Sistemos Klaip\u0117da"},"image":{"@id":"https:\/\/sistemosklaipeda.com\/lv\/#\/schema\/logo\/image\/"},"sameAs":["https:\/\/www.facebook.com\/SistemosKlp","https:\/\/www.instagram.com\/sistemosklaipeda\/"]}]}},"_links":{"self":[{"href":"https:\/\/sistemosklaipeda.com\/lv\/wp-json\/wp\/v2\/product\/15888","targetHints":{"allow":["GET"]}}],"collection":[{"href":"https:\/\/sistemosklaipeda.com\/lv\/wp-json\/wp\/v2\/product"}],"about":[{"href":"https:\/\/sistemosklaipeda.com\/lv\/wp-json\/wp\/v2\/types\/product"}],"wp:featuredmedia":[{"embeddable":true,"href":"https:\/\/sistemosklaipeda.com\/lv\/wp-json\/wp\/v2\/media\/15177"}],"wp:attachment":[{"href":"https:\/\/sistemosklaipeda.com\/lv\/wp-json\/wp\/v2\/media?parent=15888"}],"wp:term":[{"taxonomy":"product_brand","embeddable":true,"href":"https:\/\/sistemosklaipeda.com\/lv\/wp-json\/wp\/v2\/product_brand?post=15888"},{"taxonomy":"product_cat","embeddable":true,"href":"https:\/\/sistemosklaipeda.com\/lv\/wp-json\/wp\/v2\/product_cat?post=15888"},{"taxonomy":"product_tag","embeddable":true,"href":"https:\/\/sistemosklaipeda.com\/lv\/wp-json\/wp\/v2\/product_tag?post=15888"}],"curies":[{"name":"wp","href":"https:\/\/api.w.org\/{rel}","templated":true}]}}