{"id":15861,"date":"2019-10-12T09:11:38","date_gmt":"2024-08-11T15:11:52","guid":{"rendered":"https:\/\/sistemosklaipeda.com\/product\/flashlube-pilienveida-varstu-ellosanas-sistema\/"},"modified":"2024-08-11T15:11:52","modified_gmt":"2024-08-11T15:11:52","slug":"flashlube-pilienveida-varstu-ellosanas-sistema","status":"publish","type":"product","link":"https:\/\/sistemosklaipeda.com\/lv\/produkts\/flashlube-pilienveida-varstu-ellosanas-sistema\/","title":{"rendered":"FLASHLUBE pilienveida v\u0101rstu e\u013c\u013co\u0161anas sist\u0113ma"},"content":{"rendered":"<p>FLASH LUBE VENTILU SAVER KOMPLEKTS VAS AUTOMOBILA DEDZ\u0112\u0160ANAI Flashlube v\u0101rstu taup\u012b\u0161anas komplekts ir vienk\u0101r\u0161s veids, k\u0101 degvielas sist\u0113m\u0101 ievad\u012bt Flashlube v\u0101rstu taup\u012b\u0161anas \u0161\u0137idrumu, lai aizsarg\u0101tu v\u0101rstus un uztur\u0113tu cilindru aug\u0161\u0113jo da\u013cu v\u0113su, t\u012bru un e\u013c\u013cotu.<br \/>\nKomplekt\u0101 ir iek\u013cautas visas nepiecie\u0161am\u0101s sast\u0101vda\u013cas, lai atvieglotu uzst\u0101d\u012b\u0161anu.<br \/>\nE\u013c\u013co\u0161anas \u0161\u0137idrums ir koncentr\u0113ta piedeva, kas izstr\u0101d\u0101ta, lai samazin\u0101tu v\u0101rstu ligzdu nodilumu benz\u012bna, sa\u0161\u0137idrin\u0101t\u0101s naftas g\u0101zes un sa\u0161\u0137idrin\u0101t\u0101s dabasg\u0101zes transportl\u012bdzek\u013cos.<br \/>\n\u0160\u012b p\u0101rbaud\u012bt\u0101 formula satur ar\u012b piedevu kombin\u0101ciju, kas att\u012bra degvielas iesmidzin\u0101t\u0101jus un degvielas sist\u0113mas un pozit\u012bvi ietekm\u0113 degvielas ekonomiju un samazina kait\u012bgo izme\u0161u daudzumu.<br \/>\nPriek\u0161roc\u012bbas: Aizsarg\u0101 v\u0101rstus un v\u0101rstu ligzdas.<br \/>\nT\u012bra in\u017eektorus un degvielas sist\u0113mas.<br \/>\nPozit\u012bvi ietekm\u0113 degvielas ekonomiju.<br \/>\nSamazina kait\u012bgo vielu emisiju.       <\/p>\n","protected":false},"excerpt":{"rendered":"<p>FLASHLUBE pilienveida v\u0101rstu e\u013c\u013co\u0161anas sist\u0113ma<\/p>\n","protected":false},"featured_media":15069,"template":"","meta":[],"product_brand":[],"product_cat":[178],"product_tag":[179,174],"class_list":{"0":"post-15861","1":"product","2":"type-product","3":"status-publish","4":"has-post-thumbnail","6":"product_cat-varstu-ellosanas-sistema","7":"product_tag-ellosanas-sistema","8":"product_tag-flashlube-lv","10":"first","11":"instock","12":"taxable","13":"shipping-taxable","14":"purchasable","15":"product-type-simple"},"yoast_head":"<!-- This site is optimized with the Yoast SEO plugin v27.0 - https:\/\/yoast.com\/product\/yoast-seo-wordpress\/ -->\n<title>FLASHLUBE pilienveida v\u0101rstu e\u013c\u013co\u0161anas sist\u0113ma - Sistemos Klaip\u0117da<\/title>\n<meta name=\"robots\" content=\"index, follow, max-snippet:-1, max-image-preview:large, max-video-preview:-1\" \/>\n<link rel=\"canonical\" href=\"https:\/\/sistemosklaipeda.com\/lv\/produkts\/flashlube-pilienveida-varstu-ellosanas-sistema\/\" \/>\n<meta property=\"og:locale\" content=\"lv_LV\" \/>\n<meta property=\"og:type\" content=\"article\" \/>\n<meta property=\"og:title\" content=\"FLASHLUBE pilienveida v\u0101rstu e\u013c\u013co\u0161anas sist\u0113ma - Sistemos Klaip\u0117da\" \/>\n<meta property=\"og:description\" content=\"FLASHLUBE pilienveida v\u0101rstu e\u013c\u013co\u0161anas sist\u0113ma\" \/>\n<meta property=\"og:url\" content=\"https:\/\/sistemosklaipeda.com\/lv\/produkts\/flashlube-pilienveida-varstu-ellosanas-sistema\/\" \/>\n<meta property=\"og:site_name\" content=\"Sistemos Klaip\u0117da\" \/>\n<meta property=\"article:publisher\" content=\"https:\/\/www.facebook.com\/SistemosKlp\" \/>\n<meta name=\"twitter:card\" content=\"summary_large_image\" \/>\n<meta name=\"twitter:label1\" content=\"Est. reading time\" \/>\n\t<meta name=\"twitter:data1\" content=\"1 minute\" \/>\n<script type=\"application\/ld+json\" class=\"yoast-schema-graph\">{\"@context\":\"https:\/\/schema.org\",\"@graph\":[{\"@type\":\"WebPage\",\"@id\":\"https:\/\/sistemosklaipeda.com\/lv\/produkts\/flashlube-pilienveida-varstu-ellosanas-sistema\/\",\"url\":\"https:\/\/sistemosklaipeda.com\/lv\/produkts\/flashlube-pilienveida-varstu-ellosanas-sistema\/\",\"name\":\"FLASHLUBE pilienveida v\u0101rstu e\u013c\u013co\u0161anas sist\u0113ma - Sistemos Klaip\u0117da\",\"isPartOf\":{\"@id\":\"https:\/\/sistemosklaipeda.com\/lv\/#website\"},\"primaryImageOfPage\":{\"@id\":\"https:\/\/sistemosklaipeda.com\/lv\/produkts\/flashlube-pilienveida-varstu-ellosanas-sistema\/#primaryimage\"},\"image\":{\"@id\":\"https:\/\/sistemosklaipeda.com\/lv\/produkts\/flashlube-pilienveida-varstu-ellosanas-sistema\/#primaryimage\"},\"thumbnailUrl\":\"https:\/\/sistemosklaipeda.com\/wp-content\/uploads\/2024\/05\/212.png\",\"datePublished\":\"2024-08-11T15:11:52+00:00\",\"breadcrumb\":{\"@id\":\"https:\/\/sistemosklaipeda.com\/lv\/produkts\/flashlube-pilienveida-varstu-ellosanas-sistema\/#breadcrumb\"},\"inLanguage\":\"lv-LV\",\"potentialAction\":[{\"@type\":\"ReadAction\",\"target\":[\"https:\/\/sistemosklaipeda.com\/lv\/produkts\/flashlube-pilienveida-varstu-ellosanas-sistema\/\"]}]},{\"@type\":\"ImageObject\",\"inLanguage\":\"lv-LV\",\"@id\":\"https:\/\/sistemosklaipeda.com\/lv\/produkts\/flashlube-pilienveida-varstu-ellosanas-sistema\/#primaryimage\",\"url\":\"https:\/\/sistemosklaipeda.com\/wp-content\/uploads\/2024\/05\/212.png\",\"contentUrl\":\"https:\/\/sistemosklaipeda.com\/wp-content\/uploads\/2024\/05\/212.png\",\"width\":776,\"height\":800,\"caption\":\"La\u0161elin\u0117 vo\u017etuv\u0173 tepimo sistema FLASHLUBE\"},{\"@type\":\"BreadcrumbList\",\"@id\":\"https:\/\/sistemosklaipeda.com\/lv\/produkts\/flashlube-pilienveida-varstu-ellosanas-sistema\/#breadcrumb\",\"itemListElement\":[{\"@type\":\"ListItem\",\"position\":1,\"name\":\"Prad\u017eia\",\"item\":\"https:\/\/sistemosklaipeda.com\/lv\/veikals\/\"},{\"@type\":\"ListItem\",\"position\":2,\"name\":\"Veikals\",\"item\":\"https:\/\/sistemosklaipeda.com\/lv\/veikals\/\"},{\"@type\":\"ListItem\",\"position\":3,\"name\":\"FLASHLUBE pilienveida v\u0101rstu e\u013c\u013co\u0161anas sist\u0113ma\"}]},{\"@type\":\"WebSite\",\"@id\":\"https:\/\/sistemosklaipeda.com\/lv\/#website\",\"url\":\"https:\/\/sistemosklaipeda.com\/lv\/\",\"name\":\"Sistemos Klaip\u0117da\",\"description\":\"Kokybi\u0161ka duj\u0173 \u012franga ir jos komponentai, kabliai ir priedai\",\"publisher\":{\"@id\":\"https:\/\/sistemosklaipeda.com\/lv\/#organization\"},\"potentialAction\":[{\"@type\":\"SearchAction\",\"target\":{\"@type\":\"EntryPoint\",\"urlTemplate\":\"https:\/\/sistemosklaipeda.com\/lv\/?s={search_term_string}\"},\"query-input\":{\"@type\":\"PropertyValueSpecification\",\"valueRequired\":true,\"valueName\":\"search_term_string\"}}],\"inLanguage\":\"lv-LV\"},{\"@type\":\"Organization\",\"@id\":\"https:\/\/sistemosklaipeda.com\/lv\/#organization\",\"name\":\"Sistemos Klaip\u0117da\",\"alternateName\":\"Sistemos\",\"url\":\"https:\/\/sistemosklaipeda.com\/lv\/\",\"logo\":{\"@type\":\"ImageObject\",\"inLanguage\":\"lv-LV\",\"@id\":\"https:\/\/sistemosklaipeda.com\/lv\/#\/schema\/logo\/image\/\",\"url\":\"https:\/\/sistemosklaipeda.com\/wp-content\/uploads\/2023\/09\/sistemos-logo-cropperd-e1695968047774.png\",\"contentUrl\":\"https:\/\/sistemosklaipeda.com\/wp-content\/uploads\/2023\/09\/sistemos-logo-cropperd-e1695968047774.png\",\"width\":401,\"height\":206,\"caption\":\"Sistemos Klaip\u0117da\"},\"image\":{\"@id\":\"https:\/\/sistemosklaipeda.com\/lv\/#\/schema\/logo\/image\/\"},\"sameAs\":[\"https:\/\/www.facebook.com\/SistemosKlp\",\"https:\/\/www.instagram.com\/sistemosklaipeda\/\"]}]}<\/script>\n<!-- \/ Yoast SEO plugin. -->","yoast_head_json":{"title":"FLASHLUBE pilienveida v\u0101rstu e\u013c\u013co\u0161anas sist\u0113ma - Sistemos Klaip\u0117da","robots":{"index":"index","follow":"follow","max-snippet":"max-snippet:-1","max-image-preview":"max-image-preview:large","max-video-preview":"max-video-preview:-1"},"canonical":"https:\/\/sistemosklaipeda.com\/lv\/produkts\/flashlube-pilienveida-varstu-ellosanas-sistema\/","og_locale":"lv_LV","og_type":"article","og_title":"FLASHLUBE pilienveida v\u0101rstu e\u013c\u013co\u0161anas sist\u0113ma - Sistemos Klaip\u0117da","og_description":"FLASHLUBE pilienveida v\u0101rstu e\u013c\u013co\u0161anas sist\u0113ma","og_url":"https:\/\/sistemosklaipeda.com\/lv\/produkts\/flashlube-pilienveida-varstu-ellosanas-sistema\/","og_site_name":"Sistemos Klaip\u0117da","article_publisher":"https:\/\/www.facebook.com\/SistemosKlp","twitter_card":"summary_large_image","twitter_misc":{"Est. reading time":"1 minute"},"schema":{"@context":"https:\/\/schema.org","@graph":[{"@type":"WebPage","@id":"https:\/\/sistemosklaipeda.com\/lv\/produkts\/flashlube-pilienveida-varstu-ellosanas-sistema\/","url":"https:\/\/sistemosklaipeda.com\/lv\/produkts\/flashlube-pilienveida-varstu-ellosanas-sistema\/","name":"FLASHLUBE pilienveida v\u0101rstu e\u013c\u013co\u0161anas sist\u0113ma - Sistemos Klaip\u0117da","isPartOf":{"@id":"https:\/\/sistemosklaipeda.com\/lv\/#website"},"primaryImageOfPage":{"@id":"https:\/\/sistemosklaipeda.com\/lv\/produkts\/flashlube-pilienveida-varstu-ellosanas-sistema\/#primaryimage"},"image":{"@id":"https:\/\/sistemosklaipeda.com\/lv\/produkts\/flashlube-pilienveida-varstu-ellosanas-sistema\/#primaryimage"},"thumbnailUrl":"https:\/\/sistemosklaipeda.com\/wp-content\/uploads\/2024\/05\/212.png","datePublished":"2024-08-11T15:11:52+00:00","breadcrumb":{"@id":"https:\/\/sistemosklaipeda.com\/lv\/produkts\/flashlube-pilienveida-varstu-ellosanas-sistema\/#breadcrumb"},"inLanguage":"lv-LV","potentialAction":[{"@type":"ReadAction","target":["https:\/\/sistemosklaipeda.com\/lv\/produkts\/flashlube-pilienveida-varstu-ellosanas-sistema\/"]}]},{"@type":"ImageObject","inLanguage":"lv-LV","@id":"https:\/\/sistemosklaipeda.com\/lv\/produkts\/flashlube-pilienveida-varstu-ellosanas-sistema\/#primaryimage","url":"https:\/\/sistemosklaipeda.com\/wp-content\/uploads\/2024\/05\/212.png","contentUrl":"https:\/\/sistemosklaipeda.com\/wp-content\/uploads\/2024\/05\/212.png","width":776,"height":800,"caption":"La\u0161elin\u0117 vo\u017etuv\u0173 tepimo sistema FLASHLUBE"},{"@type":"BreadcrumbList","@id":"https:\/\/sistemosklaipeda.com\/lv\/produkts\/flashlube-pilienveida-varstu-ellosanas-sistema\/#breadcrumb","itemListElement":[{"@type":"ListItem","position":1,"name":"Prad\u017eia","item":"https:\/\/sistemosklaipeda.com\/lv\/veikals\/"},{"@type":"ListItem","position":2,"name":"Veikals","item":"https:\/\/sistemosklaipeda.com\/lv\/veikals\/"},{"@type":"ListItem","position":3,"name":"FLASHLUBE pilienveida v\u0101rstu e\u013c\u013co\u0161anas sist\u0113ma"}]},{"@type":"WebSite","@id":"https:\/\/sistemosklaipeda.com\/lv\/#website","url":"https:\/\/sistemosklaipeda.com\/lv\/","name":"Sistemos Klaip\u0117da","description":"Kokybi\u0161ka duj\u0173 \u012franga ir jos komponentai, kabliai ir priedai","publisher":{"@id":"https:\/\/sistemosklaipeda.com\/lv\/#organization"},"potentialAction":[{"@type":"SearchAction","target":{"@type":"EntryPoint","urlTemplate":"https:\/\/sistemosklaipeda.com\/lv\/?s={search_term_string}"},"query-input":{"@type":"PropertyValueSpecification","valueRequired":true,"valueName":"search_term_string"}}],"inLanguage":"lv-LV"},{"@type":"Organization","@id":"https:\/\/sistemosklaipeda.com\/lv\/#organization","name":"Sistemos Klaip\u0117da","alternateName":"Sistemos","url":"https:\/\/sistemosklaipeda.com\/lv\/","logo":{"@type":"ImageObject","inLanguage":"lv-LV","@id":"https:\/\/sistemosklaipeda.com\/lv\/#\/schema\/logo\/image\/","url":"https:\/\/sistemosklaipeda.com\/wp-content\/uploads\/2023\/09\/sistemos-logo-cropperd-e1695968047774.png","contentUrl":"https:\/\/sistemosklaipeda.com\/wp-content\/uploads\/2023\/09\/sistemos-logo-cropperd-e1695968047774.png","width":401,"height":206,"caption":"Sistemos Klaip\u0117da"},"image":{"@id":"https:\/\/sistemosklaipeda.com\/lv\/#\/schema\/logo\/image\/"},"sameAs":["https:\/\/www.facebook.com\/SistemosKlp","https:\/\/www.instagram.com\/sistemosklaipeda\/"]}]}},"_links":{"self":[{"href":"https:\/\/sistemosklaipeda.com\/lv\/wp-json\/wp\/v2\/product\/15861","targetHints":{"allow":["GET"]}}],"collection":[{"href":"https:\/\/sistemosklaipeda.com\/lv\/wp-json\/wp\/v2\/product"}],"about":[{"href":"https:\/\/sistemosklaipeda.com\/lv\/wp-json\/wp\/v2\/types\/product"}],"wp:featuredmedia":[{"embeddable":true,"href":"https:\/\/sistemosklaipeda.com\/lv\/wp-json\/wp\/v2\/media\/15069"}],"wp:attachment":[{"href":"https:\/\/sistemosklaipeda.com\/lv\/wp-json\/wp\/v2\/media?parent=15861"}],"wp:term":[{"taxonomy":"product_brand","embeddable":true,"href":"https:\/\/sistemosklaipeda.com\/lv\/wp-json\/wp\/v2\/product_brand?post=15861"},{"taxonomy":"product_cat","embeddable":true,"href":"https:\/\/sistemosklaipeda.com\/lv\/wp-json\/wp\/v2\/product_cat?post=15861"},{"taxonomy":"product_tag","embeddable":true,"href":"https:\/\/sistemosklaipeda.com\/lv\/wp-json\/wp\/v2\/product_tag?post=15861"}],"curies":[{"name":"wp","href":"https:\/\/api.w.org\/{rel}","templated":true}]}}