{"id":15853,"date":"2019-10-12T04:30:57","date_gmt":"2024-08-11T15:11:44","guid":{"rendered":"https:\/\/sistemosklaipeda.com\/product\/flashlube-gazes-varstu-aizsargsmerviela-500-ml\/"},"modified":"2024-08-11T15:11:44","modified_gmt":"2024-08-11T15:11:44","slug":"flashlube-gazes-varstu-aizsargsmerviela-500-ml","status":"publish","type":"product","link":"https:\/\/sistemosklaipeda.com\/lv\/produkts\/flashlube-gazes-varstu-aizsargsmerviela-500-ml\/","title":{"rendered":"FLASHLUBE g\u0101zes v\u0101rstu aizsargsm\u0113rviela 500 ml"},"content":{"rendered":"<p>ALYVA VALVE SAVER FLUID Valve Saver Fluid Valve Saver Fluid Flashlube Valve Saver Fluid ir koncentr\u0113ta svina aizvieto\u0161anas piedeva, kas paredz\u0113ta, lai samazin\u0101tu v\u0101rstu ligzdu nodilumu transportl\u012bdzek\u013cos ar benz\u012bna, sa\u0161\u0137idrin\u0101t\u0101s naftas g\u0101zes un sa\u0161\u0137idrin\u0101t\u0101s dabasg\u0101zes dzin\u0113jiem.<br \/>\n\u0160\u012b p\u0101rbaud\u012bt\u0101 formula satur ar\u012b piedevu kombin\u0101cijas, kas att\u012bra degvielas iesmidzin\u0101t\u0101jus un degvielas sist\u0113mas, pozit\u012bvi ietekm\u0113 degvielas ekonomiju un samazina kait\u012bgo vielu emisiju.<br \/>\nE\u013c\u013ca att\u012bra un e\u013c\u013co cilindra aug\u0161\u0113jo da\u013cu, izveidojot aizsargsl\u0101ni starp v\u0101rstu un v\u0101rstu ligzdu, nodro\u0161inot v\u0101rstu un ligzdu dzes\u0113\u0161anu.<br \/>\nBl\u012bk\u0161\u0137u sm\u0113rviela atvieglo dzin\u0113ja iedarbin\u0101\u0161anu, uztur t\u012br\u012bbu aizdedzes svec\u0113s un sadeg\u0161anas kameras zon\u0101, dzes\u0113 un e\u013c\u013co aizdedzes sveces un sadeg\u0161anas kameras zonu, k\u0101 rezult\u0101t\u0101 tiek pagarin\u0101ts dzin\u0113ja kalpo\u0161anas laiks un nodro\u0161in\u0101ta vienm\u0113r\u012bg\u0101ka darb\u012bba.<br \/>\n1 litra pietiek aptuveni 10 000 km.<br \/>\nPriek\u0161roc\u012bbas: Aizsarg\u0101 v\u0101rstus un v\u0101rstu ligzdas.<br \/>\nT\u012bra iesmidzin\u0101t\u0101jus un degvielas sist\u0113mu.<br \/>\nTas pozit\u012bvi ietekm\u0113 degvielas ekonomiju.<br \/>\nSamazina kait\u012bgo vielu emisiju.        <\/p>\n","protected":false},"excerpt":{"rendered":"<p>FLASHLUBE g\u0101zes v\u0101rstu aizsargsm\u0113rviela 500 ml<\/p>\n","protected":false},"featured_media":15057,"template":"","meta":[],"product_brand":[],"product_cat":[173],"product_tag":[174,175],"class_list":{"0":"post-15853","1":"product","2":"type-product","3":"status-publish","4":"has-post-thumbnail","6":"product_cat-smerviela","7":"product_tag-flashlube-lv","8":"product_tag-smerviela","10":"first","11":"instock","12":"taxable","13":"shipping-taxable","14":"purchasable","15":"product-type-simple"},"yoast_head":"<!-- This site is optimized with the Yoast SEO plugin v27.0 - https:\/\/yoast.com\/product\/yoast-seo-wordpress\/ -->\n<title>FLASHLUBE g\u0101zes v\u0101rstu aizsargsm\u0113rviela 500 ml - Sistemos Klaip\u0117da<\/title>\n<meta name=\"robots\" content=\"index, follow, max-snippet:-1, max-image-preview:large, max-video-preview:-1\" \/>\n<link rel=\"canonical\" href=\"https:\/\/sistemosklaipeda.com\/lv\/produkts\/flashlube-gazes-varstu-aizsargsmerviela-500-ml\/\" \/>\n<meta property=\"og:locale\" content=\"lv_LV\" \/>\n<meta property=\"og:type\" content=\"article\" \/>\n<meta property=\"og:title\" content=\"FLASHLUBE g\u0101zes v\u0101rstu aizsargsm\u0113rviela 500 ml - Sistemos Klaip\u0117da\" \/>\n<meta property=\"og:description\" content=\"FLASHLUBE g\u0101zes v\u0101rstu aizsargsm\u0113rviela 500 ml\" \/>\n<meta property=\"og:url\" content=\"https:\/\/sistemosklaipeda.com\/lv\/produkts\/flashlube-gazes-varstu-aizsargsmerviela-500-ml\/\" \/>\n<meta property=\"og:site_name\" content=\"Sistemos Klaip\u0117da\" \/>\n<meta property=\"article:publisher\" content=\"https:\/\/www.facebook.com\/SistemosKlp\" \/>\n<meta name=\"twitter:card\" content=\"summary_large_image\" \/>\n<meta name=\"twitter:label1\" content=\"Est. reading time\" \/>\n\t<meta name=\"twitter:data1\" content=\"1 minute\" \/>\n<script type=\"application\/ld+json\" class=\"yoast-schema-graph\">{\"@context\":\"https:\/\/schema.org\",\"@graph\":[{\"@type\":\"WebPage\",\"@id\":\"https:\/\/sistemosklaipeda.com\/lv\/produkts\/flashlube-gazes-varstu-aizsargsmerviela-500-ml\/\",\"url\":\"https:\/\/sistemosklaipeda.com\/lv\/produkts\/flashlube-gazes-varstu-aizsargsmerviela-500-ml\/\",\"name\":\"FLASHLUBE g\u0101zes v\u0101rstu aizsargsm\u0113rviela 500 ml - Sistemos Klaip\u0117da\",\"isPartOf\":{\"@id\":\"https:\/\/sistemosklaipeda.com\/lv\/#website\"},\"primaryImageOfPage\":{\"@id\":\"https:\/\/sistemosklaipeda.com\/lv\/produkts\/flashlube-gazes-varstu-aizsargsmerviela-500-ml\/#primaryimage\"},\"image\":{\"@id\":\"https:\/\/sistemosklaipeda.com\/lv\/produkts\/flashlube-gazes-varstu-aizsargsmerviela-500-ml\/#primaryimage\"},\"thumbnailUrl\":\"https:\/\/sistemosklaipeda.com\/wp-content\/uploads\/2024\/05\/210.png\",\"datePublished\":\"2024-08-11T15:11:44+00:00\",\"breadcrumb\":{\"@id\":\"https:\/\/sistemosklaipeda.com\/lv\/produkts\/flashlube-gazes-varstu-aizsargsmerviela-500-ml\/#breadcrumb\"},\"inLanguage\":\"lv-LV\",\"potentialAction\":[{\"@type\":\"ReadAction\",\"target\":[\"https:\/\/sistemosklaipeda.com\/lv\/produkts\/flashlube-gazes-varstu-aizsargsmerviela-500-ml\/\"]}]},{\"@type\":\"ImageObject\",\"inLanguage\":\"lv-LV\",\"@id\":\"https:\/\/sistemosklaipeda.com\/lv\/produkts\/flashlube-gazes-varstu-aizsargsmerviela-500-ml\/#primaryimage\",\"url\":\"https:\/\/sistemosklaipeda.com\/wp-content\/uploads\/2024\/05\/210.png\",\"contentUrl\":\"https:\/\/sistemosklaipeda.com\/wp-content\/uploads\/2024\/05\/210.png\",\"width\":776,\"height\":800,\"caption\":\"FLASHLUBE duj\u0173 vo\u017etuvo apsauginis tepalas 500 ml\"},{\"@type\":\"BreadcrumbList\",\"@id\":\"https:\/\/sistemosklaipeda.com\/lv\/produkts\/flashlube-gazes-varstu-aizsargsmerviela-500-ml\/#breadcrumb\",\"itemListElement\":[{\"@type\":\"ListItem\",\"position\":1,\"name\":\"Prad\u017eia\",\"item\":\"https:\/\/sistemosklaipeda.com\/lv\/veikals\/\"},{\"@type\":\"ListItem\",\"position\":2,\"name\":\"Veikals\",\"item\":\"https:\/\/sistemosklaipeda.com\/lv\/veikals\/\"},{\"@type\":\"ListItem\",\"position\":3,\"name\":\"FLASHLUBE g\u0101zes v\u0101rstu aizsargsm\u0113rviela 500 ml\"}]},{\"@type\":\"WebSite\",\"@id\":\"https:\/\/sistemosklaipeda.com\/lv\/#website\",\"url\":\"https:\/\/sistemosklaipeda.com\/lv\/\",\"name\":\"Sistemos Klaip\u0117da\",\"description\":\"Kokybi\u0161ka duj\u0173 \u012franga ir jos komponentai, kabliai ir priedai\",\"publisher\":{\"@id\":\"https:\/\/sistemosklaipeda.com\/lv\/#organization\"},\"potentialAction\":[{\"@type\":\"SearchAction\",\"target\":{\"@type\":\"EntryPoint\",\"urlTemplate\":\"https:\/\/sistemosklaipeda.com\/lv\/?s={search_term_string}\"},\"query-input\":{\"@type\":\"PropertyValueSpecification\",\"valueRequired\":true,\"valueName\":\"search_term_string\"}}],\"inLanguage\":\"lv-LV\"},{\"@type\":\"Organization\",\"@id\":\"https:\/\/sistemosklaipeda.com\/lv\/#organization\",\"name\":\"Sistemos Klaip\u0117da\",\"alternateName\":\"Sistemos\",\"url\":\"https:\/\/sistemosklaipeda.com\/lv\/\",\"logo\":{\"@type\":\"ImageObject\",\"inLanguage\":\"lv-LV\",\"@id\":\"https:\/\/sistemosklaipeda.com\/lv\/#\/schema\/logo\/image\/\",\"url\":\"https:\/\/sistemosklaipeda.com\/wp-content\/uploads\/2023\/09\/sistemos-logo-cropperd-e1695968047774.png\",\"contentUrl\":\"https:\/\/sistemosklaipeda.com\/wp-content\/uploads\/2023\/09\/sistemos-logo-cropperd-e1695968047774.png\",\"width\":401,\"height\":206,\"caption\":\"Sistemos Klaip\u0117da\"},\"image\":{\"@id\":\"https:\/\/sistemosklaipeda.com\/lv\/#\/schema\/logo\/image\/\"},\"sameAs\":[\"https:\/\/www.facebook.com\/SistemosKlp\",\"https:\/\/www.instagram.com\/sistemosklaipeda\/\"]}]}<\/script>\n<!-- \/ Yoast SEO plugin. -->","yoast_head_json":{"title":"FLASHLUBE g\u0101zes v\u0101rstu aizsargsm\u0113rviela 500 ml - Sistemos Klaip\u0117da","robots":{"index":"index","follow":"follow","max-snippet":"max-snippet:-1","max-image-preview":"max-image-preview:large","max-video-preview":"max-video-preview:-1"},"canonical":"https:\/\/sistemosklaipeda.com\/lv\/produkts\/flashlube-gazes-varstu-aizsargsmerviela-500-ml\/","og_locale":"lv_LV","og_type":"article","og_title":"FLASHLUBE g\u0101zes v\u0101rstu aizsargsm\u0113rviela 500 ml - Sistemos Klaip\u0117da","og_description":"FLASHLUBE g\u0101zes v\u0101rstu aizsargsm\u0113rviela 500 ml","og_url":"https:\/\/sistemosklaipeda.com\/lv\/produkts\/flashlube-gazes-varstu-aizsargsmerviela-500-ml\/","og_site_name":"Sistemos Klaip\u0117da","article_publisher":"https:\/\/www.facebook.com\/SistemosKlp","twitter_card":"summary_large_image","twitter_misc":{"Est. reading time":"1 minute"},"schema":{"@context":"https:\/\/schema.org","@graph":[{"@type":"WebPage","@id":"https:\/\/sistemosklaipeda.com\/lv\/produkts\/flashlube-gazes-varstu-aizsargsmerviela-500-ml\/","url":"https:\/\/sistemosklaipeda.com\/lv\/produkts\/flashlube-gazes-varstu-aizsargsmerviela-500-ml\/","name":"FLASHLUBE g\u0101zes v\u0101rstu aizsargsm\u0113rviela 500 ml - Sistemos Klaip\u0117da","isPartOf":{"@id":"https:\/\/sistemosklaipeda.com\/lv\/#website"},"primaryImageOfPage":{"@id":"https:\/\/sistemosklaipeda.com\/lv\/produkts\/flashlube-gazes-varstu-aizsargsmerviela-500-ml\/#primaryimage"},"image":{"@id":"https:\/\/sistemosklaipeda.com\/lv\/produkts\/flashlube-gazes-varstu-aizsargsmerviela-500-ml\/#primaryimage"},"thumbnailUrl":"https:\/\/sistemosklaipeda.com\/wp-content\/uploads\/2024\/05\/210.png","datePublished":"2024-08-11T15:11:44+00:00","breadcrumb":{"@id":"https:\/\/sistemosklaipeda.com\/lv\/produkts\/flashlube-gazes-varstu-aizsargsmerviela-500-ml\/#breadcrumb"},"inLanguage":"lv-LV","potentialAction":[{"@type":"ReadAction","target":["https:\/\/sistemosklaipeda.com\/lv\/produkts\/flashlube-gazes-varstu-aizsargsmerviela-500-ml\/"]}]},{"@type":"ImageObject","inLanguage":"lv-LV","@id":"https:\/\/sistemosklaipeda.com\/lv\/produkts\/flashlube-gazes-varstu-aizsargsmerviela-500-ml\/#primaryimage","url":"https:\/\/sistemosklaipeda.com\/wp-content\/uploads\/2024\/05\/210.png","contentUrl":"https:\/\/sistemosklaipeda.com\/wp-content\/uploads\/2024\/05\/210.png","width":776,"height":800,"caption":"FLASHLUBE duj\u0173 vo\u017etuvo apsauginis tepalas 500 ml"},{"@type":"BreadcrumbList","@id":"https:\/\/sistemosklaipeda.com\/lv\/produkts\/flashlube-gazes-varstu-aizsargsmerviela-500-ml\/#breadcrumb","itemListElement":[{"@type":"ListItem","position":1,"name":"Prad\u017eia","item":"https:\/\/sistemosklaipeda.com\/lv\/veikals\/"},{"@type":"ListItem","position":2,"name":"Veikals","item":"https:\/\/sistemosklaipeda.com\/lv\/veikals\/"},{"@type":"ListItem","position":3,"name":"FLASHLUBE g\u0101zes v\u0101rstu aizsargsm\u0113rviela 500 ml"}]},{"@type":"WebSite","@id":"https:\/\/sistemosklaipeda.com\/lv\/#website","url":"https:\/\/sistemosklaipeda.com\/lv\/","name":"Sistemos Klaip\u0117da","description":"Kokybi\u0161ka duj\u0173 \u012franga ir jos komponentai, kabliai ir priedai","publisher":{"@id":"https:\/\/sistemosklaipeda.com\/lv\/#organization"},"potentialAction":[{"@type":"SearchAction","target":{"@type":"EntryPoint","urlTemplate":"https:\/\/sistemosklaipeda.com\/lv\/?s={search_term_string}"},"query-input":{"@type":"PropertyValueSpecification","valueRequired":true,"valueName":"search_term_string"}}],"inLanguage":"lv-LV"},{"@type":"Organization","@id":"https:\/\/sistemosklaipeda.com\/lv\/#organization","name":"Sistemos Klaip\u0117da","alternateName":"Sistemos","url":"https:\/\/sistemosklaipeda.com\/lv\/","logo":{"@type":"ImageObject","inLanguage":"lv-LV","@id":"https:\/\/sistemosklaipeda.com\/lv\/#\/schema\/logo\/image\/","url":"https:\/\/sistemosklaipeda.com\/wp-content\/uploads\/2023\/09\/sistemos-logo-cropperd-e1695968047774.png","contentUrl":"https:\/\/sistemosklaipeda.com\/wp-content\/uploads\/2023\/09\/sistemos-logo-cropperd-e1695968047774.png","width":401,"height":206,"caption":"Sistemos Klaip\u0117da"},"image":{"@id":"https:\/\/sistemosklaipeda.com\/lv\/#\/schema\/logo\/image\/"},"sameAs":["https:\/\/www.facebook.com\/SistemosKlp","https:\/\/www.instagram.com\/sistemosklaipeda\/"]}]}},"_links":{"self":[{"href":"https:\/\/sistemosklaipeda.com\/lv\/wp-json\/wp\/v2\/product\/15853","targetHints":{"allow":["GET"]}}],"collection":[{"href":"https:\/\/sistemosklaipeda.com\/lv\/wp-json\/wp\/v2\/product"}],"about":[{"href":"https:\/\/sistemosklaipeda.com\/lv\/wp-json\/wp\/v2\/types\/product"}],"wp:featuredmedia":[{"embeddable":true,"href":"https:\/\/sistemosklaipeda.com\/lv\/wp-json\/wp\/v2\/media\/15057"}],"wp:attachment":[{"href":"https:\/\/sistemosklaipeda.com\/lv\/wp-json\/wp\/v2\/media?parent=15853"}],"wp:term":[{"taxonomy":"product_brand","embeddable":true,"href":"https:\/\/sistemosklaipeda.com\/lv\/wp-json\/wp\/v2\/product_brand?post=15853"},{"taxonomy":"product_cat","embeddable":true,"href":"https:\/\/sistemosklaipeda.com\/lv\/wp-json\/wp\/v2\/product_cat?post=15853"},{"taxonomy":"product_tag","embeddable":true,"href":"https:\/\/sistemosklaipeda.com\/lv\/wp-json\/wp\/v2\/product_tag?post=15853"}],"curies":[{"name":"wp","href":"https:\/\/api.w.org\/{rel}","templated":true}]}}