{"id":15839,"date":"2019-09-02T05:55:18","date_gmt":"2024-08-11T15:11:32","guid":{"rendered":"https:\/\/sistemosklaipeda.com\/product\/gazes-uzgalis-landi-renzo-zals-oranzs-25x22\/"},"modified":"2025-12-21T20:34:33","modified_gmt":"2025-12-21T20:34:33","slug":"gazes-uzgalis-landi-renzo-zals-oranzs-25x22","status":"publish","type":"product","link":"https:\/\/sistemosklaipeda.com\/lv\/produkts\/gazes-uzgalis-landi-renzo-zals-oranzs-25x22\/","title":{"rendered":"G\u0101zes uzgalis LANDI RENZO za\u013c\u0161 - oran\u017es 25&#215;22"},"content":{"rendered":"<p>Sprausla MED GI25-22 ir atz\u012bm\u0113ta za\u013c\u0101 kr\u0101s\u0101. \u0160is elements uzlabo pl\u016bsmas linearit\u0101ti, ir notur\u012bg\u0101ks pret SNG devas puls\u0101ciju un ir iztur\u012bg\u0101ks pret pies\u0101r\u0146ot\u0101ju nogulsn\u0113\u0161anos.<\/p>\n<p>Tehniskie dati:<br \/>\nKontaktdak\u0161as tips AMP\/BOSCH<br \/>\n1 cilindra jauda: maks. 20 kW<br \/>\nReakcijas laiks 1,7 ms +\/- 0,2<br \/>\nDarba temperat\u016bra: -40\/+ 120 (R110)<br \/>\nTesta spiediens: 3 b\u0101ri<br \/>\nMaksim\u0101l\u0101 jauda: 1W<br \/>\nDarb\u012bbas sist\u0113ma: Peak and Hold<\/p>\n","protected":false},"excerpt":{"rendered":"<p><span style=\"color: #000000;font-size: 14pt\">G\u0101zes uzgalis LANDI RENZO za\u013c\u0161 - oran\u017es 25&#215;22<\/span><\/p>\n","protected":false},"featured_media":15117,"template":"","meta":[],"product_brand":[],"product_cat":[130],"product_tag":[146,167],"class_list":{"0":"post-15839","1":"product","2":"type-product","3":"status-publish","4":"has-post-thumbnail","6":"product_cat-gazes-sprauslas","7":"product_tag-landi-renzo-lv","8":"product_tag-sprausla","10":"first","11":"instock","12":"taxable","13":"shipping-taxable","14":"purchasable","15":"product-type-simple"},"yoast_head":"<!-- This site is optimized with the Yoast SEO plugin v27.0 - https:\/\/yoast.com\/product\/yoast-seo-wordpress\/ -->\n<title>G\u0101zes uzgalis LANDI RENZO za\u013c\u0161 - oran\u017es 25x22<\/title>\n<meta name=\"robots\" content=\"index, follow, max-snippet:-1, max-image-preview:large, max-video-preview:-1\" \/>\n<link rel=\"canonical\" href=\"https:\/\/sistemosklaipeda.com\/lv\/produkts\/gazes-uzgalis-landi-renzo-zals-oranzs-25x22\/\" \/>\n<meta property=\"og:locale\" content=\"lv_LV\" \/>\n<meta property=\"og:type\" content=\"article\" \/>\n<meta property=\"og:title\" content=\"G\u0101zes uzgalis LANDI RENZO za\u013c\u0161 - oran\u017es 25x22\" \/>\n<meta property=\"og:description\" content=\"G\u0101zes uzgalis LANDI RENZO za\u013c\u0161 - oran\u017es 25x22\" \/>\n<meta property=\"og:url\" content=\"https:\/\/sistemosklaipeda.com\/lv\/produkts\/gazes-uzgalis-landi-renzo-zals-oranzs-25x22\/\" \/>\n<meta property=\"og:site_name\" content=\"Sistemos Klaip\u0117da\" \/>\n<meta property=\"article:publisher\" content=\"https:\/\/www.facebook.com\/SistemosKlp\" \/>\n<meta property=\"article:modified_time\" content=\"2025-12-21T20:34:33+00:00\" \/>\n<meta property=\"og:image\" content=\"https:\/\/sistemosklaipeda.com\/wp-content\/uploads\/2024\/05\/924.png\" \/>\n\t<meta property=\"og:image:width\" content=\"776\" \/>\n\t<meta property=\"og:image:height\" content=\"800\" \/>\n\t<meta property=\"og:image:type\" content=\"image\/png\" \/>\n<meta name=\"twitter:card\" content=\"summary_large_image\" \/>\n<script type=\"application\/ld+json\" class=\"yoast-schema-graph\">{\"@context\":\"https:\/\/schema.org\",\"@graph\":[{\"@type\":\"WebPage\",\"@id\":\"https:\/\/sistemosklaipeda.com\/lv\/produkts\/gazes-uzgalis-landi-renzo-zals-oranzs-25x22\/\",\"url\":\"https:\/\/sistemosklaipeda.com\/lv\/produkts\/gazes-uzgalis-landi-renzo-zals-oranzs-25x22\/\",\"name\":\"G\u0101zes uzgalis LANDI RENZO za\u013c\u0161 - oran\u017es 25x22\",\"isPartOf\":{\"@id\":\"https:\/\/sistemosklaipeda.com\/lv\/#website\"},\"primaryImageOfPage\":{\"@id\":\"https:\/\/sistemosklaipeda.com\/lv\/produkts\/gazes-uzgalis-landi-renzo-zals-oranzs-25x22\/#primaryimage\"},\"image\":{\"@id\":\"https:\/\/sistemosklaipeda.com\/lv\/produkts\/gazes-uzgalis-landi-renzo-zals-oranzs-25x22\/#primaryimage\"},\"thumbnailUrl\":\"https:\/\/sistemosklaipeda.com\/wp-content\/uploads\/2024\/05\/924.png\",\"datePublished\":\"2024-08-11T15:11:32+00:00\",\"dateModified\":\"2025-12-21T20:34:33+00:00\",\"breadcrumb\":{\"@id\":\"https:\/\/sistemosklaipeda.com\/lv\/produkts\/gazes-uzgalis-landi-renzo-zals-oranzs-25x22\/#breadcrumb\"},\"inLanguage\":\"lv-LV\",\"potentialAction\":[{\"@type\":\"ReadAction\",\"target\":[\"https:\/\/sistemosklaipeda.com\/lv\/produkts\/gazes-uzgalis-landi-renzo-zals-oranzs-25x22\/\"]}]},{\"@type\":\"ImageObject\",\"inLanguage\":\"lv-LV\",\"@id\":\"https:\/\/sistemosklaipeda.com\/lv\/produkts\/gazes-uzgalis-landi-renzo-zals-oranzs-25x22\/#primaryimage\",\"url\":\"https:\/\/sistemosklaipeda.com\/wp-content\/uploads\/2024\/05\/924.png\",\"contentUrl\":\"https:\/\/sistemosklaipeda.com\/wp-content\/uploads\/2024\/05\/924.png\",\"width\":776,\"height\":800,\"caption\":\"Duj\u0173 purk\u0161tukas LANDI RENZO \u017ealias - oran\u017einis 25x22\"},{\"@type\":\"BreadcrumbList\",\"@id\":\"https:\/\/sistemosklaipeda.com\/lv\/produkts\/gazes-uzgalis-landi-renzo-zals-oranzs-25x22\/#breadcrumb\",\"itemListElement\":[{\"@type\":\"ListItem\",\"position\":1,\"name\":\"Prad\u017eia\",\"item\":\"https:\/\/sistemosklaipeda.com\/lv\/veikals\/\"},{\"@type\":\"ListItem\",\"position\":2,\"name\":\"Veikals\",\"item\":\"https:\/\/sistemosklaipeda.com\/lv\/veikals\/\"},{\"@type\":\"ListItem\",\"position\":3,\"name\":\"G\u0101zes uzgalis LANDI RENZO za\u013c\u0161 &#8211; oran\u017es 25&#215;22\"}]},{\"@type\":\"WebSite\",\"@id\":\"https:\/\/sistemosklaipeda.com\/lv\/#website\",\"url\":\"https:\/\/sistemosklaipeda.com\/lv\/\",\"name\":\"Sistemos Klaip\u0117da\",\"description\":\"Kokybi\u0161ka duj\u0173 \u012franga ir jos komponentai, kabliai ir priedai\",\"publisher\":{\"@id\":\"https:\/\/sistemosklaipeda.com\/lv\/#organization\"},\"potentialAction\":[{\"@type\":\"SearchAction\",\"target\":{\"@type\":\"EntryPoint\",\"urlTemplate\":\"https:\/\/sistemosklaipeda.com\/lv\/?s={search_term_string}\"},\"query-input\":{\"@type\":\"PropertyValueSpecification\",\"valueRequired\":true,\"valueName\":\"search_term_string\"}}],\"inLanguage\":\"lv-LV\"},{\"@type\":\"Organization\",\"@id\":\"https:\/\/sistemosklaipeda.com\/lv\/#organization\",\"name\":\"Sistemos Klaip\u0117da\",\"alternateName\":\"Sistemos\",\"url\":\"https:\/\/sistemosklaipeda.com\/lv\/\",\"logo\":{\"@type\":\"ImageObject\",\"inLanguage\":\"lv-LV\",\"@id\":\"https:\/\/sistemosklaipeda.com\/lv\/#\/schema\/logo\/image\/\",\"url\":\"https:\/\/sistemosklaipeda.com\/wp-content\/uploads\/2023\/09\/sistemos-logo-cropperd-e1695968047774.png\",\"contentUrl\":\"https:\/\/sistemosklaipeda.com\/wp-content\/uploads\/2023\/09\/sistemos-logo-cropperd-e1695968047774.png\",\"width\":401,\"height\":206,\"caption\":\"Sistemos Klaip\u0117da\"},\"image\":{\"@id\":\"https:\/\/sistemosklaipeda.com\/lv\/#\/schema\/logo\/image\/\"},\"sameAs\":[\"https:\/\/www.facebook.com\/SistemosKlp\",\"https:\/\/www.instagram.com\/sistemosklaipeda\/\"]}]}<\/script>\n<!-- \/ Yoast SEO plugin. -->","yoast_head_json":{"title":"G\u0101zes uzgalis LANDI RENZO za\u013c\u0161 - oran\u017es 25x22","robots":{"index":"index","follow":"follow","max-snippet":"max-snippet:-1","max-image-preview":"max-image-preview:large","max-video-preview":"max-video-preview:-1"},"canonical":"https:\/\/sistemosklaipeda.com\/lv\/produkts\/gazes-uzgalis-landi-renzo-zals-oranzs-25x22\/","og_locale":"lv_LV","og_type":"article","og_title":"G\u0101zes uzgalis LANDI RENZO za\u013c\u0161 - oran\u017es 25x22","og_description":"G\u0101zes uzgalis LANDI RENZO za\u013c\u0161 - oran\u017es 25x22","og_url":"https:\/\/sistemosklaipeda.com\/lv\/produkts\/gazes-uzgalis-landi-renzo-zals-oranzs-25x22\/","og_site_name":"Sistemos Klaip\u0117da","article_publisher":"https:\/\/www.facebook.com\/SistemosKlp","article_modified_time":"2025-12-21T20:34:33+00:00","og_image":[{"width":776,"height":800,"url":"https:\/\/sistemosklaipeda.com\/wp-content\/uploads\/2024\/05\/924.png","type":"image\/png"}],"twitter_card":"summary_large_image","schema":{"@context":"https:\/\/schema.org","@graph":[{"@type":"WebPage","@id":"https:\/\/sistemosklaipeda.com\/lv\/produkts\/gazes-uzgalis-landi-renzo-zals-oranzs-25x22\/","url":"https:\/\/sistemosklaipeda.com\/lv\/produkts\/gazes-uzgalis-landi-renzo-zals-oranzs-25x22\/","name":"G\u0101zes uzgalis LANDI RENZO za\u013c\u0161 - oran\u017es 25x22","isPartOf":{"@id":"https:\/\/sistemosklaipeda.com\/lv\/#website"},"primaryImageOfPage":{"@id":"https:\/\/sistemosklaipeda.com\/lv\/produkts\/gazes-uzgalis-landi-renzo-zals-oranzs-25x22\/#primaryimage"},"image":{"@id":"https:\/\/sistemosklaipeda.com\/lv\/produkts\/gazes-uzgalis-landi-renzo-zals-oranzs-25x22\/#primaryimage"},"thumbnailUrl":"https:\/\/sistemosklaipeda.com\/wp-content\/uploads\/2024\/05\/924.png","datePublished":"2024-08-11T15:11:32+00:00","dateModified":"2025-12-21T20:34:33+00:00","breadcrumb":{"@id":"https:\/\/sistemosklaipeda.com\/lv\/produkts\/gazes-uzgalis-landi-renzo-zals-oranzs-25x22\/#breadcrumb"},"inLanguage":"lv-LV","potentialAction":[{"@type":"ReadAction","target":["https:\/\/sistemosklaipeda.com\/lv\/produkts\/gazes-uzgalis-landi-renzo-zals-oranzs-25x22\/"]}]},{"@type":"ImageObject","inLanguage":"lv-LV","@id":"https:\/\/sistemosklaipeda.com\/lv\/produkts\/gazes-uzgalis-landi-renzo-zals-oranzs-25x22\/#primaryimage","url":"https:\/\/sistemosklaipeda.com\/wp-content\/uploads\/2024\/05\/924.png","contentUrl":"https:\/\/sistemosklaipeda.com\/wp-content\/uploads\/2024\/05\/924.png","width":776,"height":800,"caption":"Duj\u0173 purk\u0161tukas LANDI RENZO \u017ealias - oran\u017einis 25x22"},{"@type":"BreadcrumbList","@id":"https:\/\/sistemosklaipeda.com\/lv\/produkts\/gazes-uzgalis-landi-renzo-zals-oranzs-25x22\/#breadcrumb","itemListElement":[{"@type":"ListItem","position":1,"name":"Prad\u017eia","item":"https:\/\/sistemosklaipeda.com\/lv\/veikals\/"},{"@type":"ListItem","position":2,"name":"Veikals","item":"https:\/\/sistemosklaipeda.com\/lv\/veikals\/"},{"@type":"ListItem","position":3,"name":"G\u0101zes uzgalis LANDI RENZO za\u013c\u0161 &#8211; oran\u017es 25&#215;22"}]},{"@type":"WebSite","@id":"https:\/\/sistemosklaipeda.com\/lv\/#website","url":"https:\/\/sistemosklaipeda.com\/lv\/","name":"Sistemos Klaip\u0117da","description":"Kokybi\u0161ka duj\u0173 \u012franga ir jos komponentai, kabliai ir priedai","publisher":{"@id":"https:\/\/sistemosklaipeda.com\/lv\/#organization"},"potentialAction":[{"@type":"SearchAction","target":{"@type":"EntryPoint","urlTemplate":"https:\/\/sistemosklaipeda.com\/lv\/?s={search_term_string}"},"query-input":{"@type":"PropertyValueSpecification","valueRequired":true,"valueName":"search_term_string"}}],"inLanguage":"lv-LV"},{"@type":"Organization","@id":"https:\/\/sistemosklaipeda.com\/lv\/#organization","name":"Sistemos Klaip\u0117da","alternateName":"Sistemos","url":"https:\/\/sistemosklaipeda.com\/lv\/","logo":{"@type":"ImageObject","inLanguage":"lv-LV","@id":"https:\/\/sistemosklaipeda.com\/lv\/#\/schema\/logo\/image\/","url":"https:\/\/sistemosklaipeda.com\/wp-content\/uploads\/2023\/09\/sistemos-logo-cropperd-e1695968047774.png","contentUrl":"https:\/\/sistemosklaipeda.com\/wp-content\/uploads\/2023\/09\/sistemos-logo-cropperd-e1695968047774.png","width":401,"height":206,"caption":"Sistemos Klaip\u0117da"},"image":{"@id":"https:\/\/sistemosklaipeda.com\/lv\/#\/schema\/logo\/image\/"},"sameAs":["https:\/\/www.facebook.com\/SistemosKlp","https:\/\/www.instagram.com\/sistemosklaipeda\/"]}]}},"_links":{"self":[{"href":"https:\/\/sistemosklaipeda.com\/lv\/wp-json\/wp\/v2\/product\/15839","targetHints":{"allow":["GET"]}}],"collection":[{"href":"https:\/\/sistemosklaipeda.com\/lv\/wp-json\/wp\/v2\/product"}],"about":[{"href":"https:\/\/sistemosklaipeda.com\/lv\/wp-json\/wp\/v2\/types\/product"}],"wp:featuredmedia":[{"embeddable":true,"href":"https:\/\/sistemosklaipeda.com\/lv\/wp-json\/wp\/v2\/media\/15117"}],"wp:attachment":[{"href":"https:\/\/sistemosklaipeda.com\/lv\/wp-json\/wp\/v2\/media?parent=15839"}],"wp:term":[{"taxonomy":"product_brand","embeddable":true,"href":"https:\/\/sistemosklaipeda.com\/lv\/wp-json\/wp\/v2\/product_brand?post=15839"},{"taxonomy":"product_cat","embeddable":true,"href":"https:\/\/sistemosklaipeda.com\/lv\/wp-json\/wp\/v2\/product_cat?post=15839"},{"taxonomy":"product_tag","embeddable":true,"href":"https:\/\/sistemosklaipeda.com\/lv\/wp-json\/wp\/v2\/product_tag?post=15839"}],"curies":[{"name":"wp","href":"https:\/\/api.w.org\/{rel}","templated":true}]}}