{"id":15837,"date":"2019-09-02T05:54:31","date_gmt":"2024-08-11T15:11:31","guid":{"rendered":"https:\/\/sistemosklaipeda.com\/product\/gazes-sprausla-landi-renzo-balta-violeta-25x80\/"},"modified":"2025-12-21T20:34:30","modified_gmt":"2025-12-21T20:34:30","slug":"gazes-sprausla-landi-renzo-balta-violeta-25x80","status":"publish","type":"product","link":"https:\/\/sistemosklaipeda.com\/lv\/produkts\/gazes-sprausla-landi-renzo-balta-violeta-25x80\/","title":{"rendered":"G\u0101zes sprausla LANDI RENZO balta\/ violeta 25&#215;80"},"content":{"rendered":"<p>MED GI25-80 purpursarkan\u0101 sprausla ir balta 4 portu sprauslu jaun\u0101 versija.<\/p>\n<p>MED GI25-80 purpursarkan\u0101s sprauslas - uzlabota pl\u016bsmas linearit\u0101te, t\u0101s ir iztur\u012bg\u0101kas pret SNG devas puls\u0101ciju un notur\u012bg\u0101kas pret pies\u0101r\u0146ojuma nogulsn\u0113\u0161anos.<br \/>\nNomainot 4 atveru sprauslas pret 12 atveru sprausl\u0101m, ir j\u0101p\u0101rbauda vai nedaudz j\u0101piel\u0101go g\u0101zes kartes parametri, jo \u012bpa\u0161i kartes aug\u0161\u0113j\u0101s da\u013c\u0101s, vai ar\u012b j\u0101iel\u0101d\u0113 sagatavota karte, kas gatava lieto\u0161anai ar 12 atveru sprausl\u0101m.<\/p>\n<p>Tehniskie dati:<br \/>\nKontaktdak\u0161as tips AMP\/BOSCH<br \/>\n1 cilindra jauda: 25-40 kW<br \/>\nReakcijas laiks 1,7 ms +\/- 0,2<br \/>\nDarba temperat\u016bra: -40\/+ 120 (R110)<br \/>\nTesta spiediens: 3 b\u0101ri<br \/>\nMaksim\u0101l\u0101 jauda: 1 W<br \/>\nDarb\u012bbas sist\u0113ma: Peak and Hold.<\/p>\n","protected":false},"excerpt":{"rendered":"<p><span style=\"color: #000000;font-size: 14pt\">G\u0101zes sprausla LANDI RENZO balta\/ violeta 25&#215;80<\/span><\/p>\n","protected":false},"featured_media":15111,"template":"","meta":[],"product_brand":[],"product_cat":[130],"product_tag":[146,167],"class_list":{"0":"post-15837","1":"product","2":"type-product","3":"status-publish","4":"has-post-thumbnail","6":"product_cat-gazes-sprauslas","7":"product_tag-landi-renzo-lv","8":"product_tag-sprausla","10":"first","11":"instock","12":"taxable","13":"shipping-taxable","14":"purchasable","15":"product-type-simple"},"yoast_head":"<!-- This site is optimized with the Yoast SEO plugin v27.0 - https:\/\/yoast.com\/product\/yoast-seo-wordpress\/ -->\n<title>G\u0101zes sprausla LANDI RENZO balta\/ violeta 25x80<\/title>\n<meta name=\"robots\" content=\"index, follow, max-snippet:-1, max-image-preview:large, max-video-preview:-1\" \/>\n<link rel=\"canonical\" href=\"https:\/\/sistemosklaipeda.com\/lv\/produkts\/gazes-sprausla-landi-renzo-balta-violeta-25x80\/\" \/>\n<meta property=\"og:locale\" content=\"lv_LV\" \/>\n<meta property=\"og:type\" content=\"article\" \/>\n<meta property=\"og:title\" content=\"G\u0101zes sprausla LANDI RENZO balta\/ violeta 25x80\" \/>\n<meta property=\"og:description\" content=\"G\u0101zes sprausla LANDI RENZO balta\/ violeta 25x80\" \/>\n<meta property=\"og:url\" content=\"https:\/\/sistemosklaipeda.com\/lv\/produkts\/gazes-sprausla-landi-renzo-balta-violeta-25x80\/\" \/>\n<meta property=\"og:site_name\" content=\"Sistemos Klaip\u0117da\" \/>\n<meta property=\"article:publisher\" content=\"https:\/\/www.facebook.com\/SistemosKlp\" \/>\n<meta property=\"article:modified_time\" content=\"2025-12-21T20:34:30+00:00\" \/>\n<meta property=\"og:image\" content=\"https:\/\/sistemosklaipeda.com\/wp-content\/uploads\/2024\/05\/925.png\" \/>\n\t<meta property=\"og:image:width\" content=\"776\" \/>\n\t<meta property=\"og:image:height\" content=\"800\" \/>\n\t<meta property=\"og:image:type\" content=\"image\/png\" \/>\n<meta name=\"twitter:card\" content=\"summary_large_image\" \/>\n<meta name=\"twitter:label1\" content=\"Est. reading time\" \/>\n\t<meta name=\"twitter:data1\" content=\"1 minute\" \/>\n<script type=\"application\/ld+json\" class=\"yoast-schema-graph\">{\"@context\":\"https:\/\/schema.org\",\"@graph\":[{\"@type\":\"WebPage\",\"@id\":\"https:\/\/sistemosklaipeda.com\/lv\/produkts\/gazes-sprausla-landi-renzo-balta-violeta-25x80\/\",\"url\":\"https:\/\/sistemosklaipeda.com\/lv\/produkts\/gazes-sprausla-landi-renzo-balta-violeta-25x80\/\",\"name\":\"G\u0101zes sprausla LANDI RENZO balta\/ violeta 25x80\",\"isPartOf\":{\"@id\":\"https:\/\/sistemosklaipeda.com\/lv\/#website\"},\"primaryImageOfPage\":{\"@id\":\"https:\/\/sistemosklaipeda.com\/lv\/produkts\/gazes-sprausla-landi-renzo-balta-violeta-25x80\/#primaryimage\"},\"image\":{\"@id\":\"https:\/\/sistemosklaipeda.com\/lv\/produkts\/gazes-sprausla-landi-renzo-balta-violeta-25x80\/#primaryimage\"},\"thumbnailUrl\":\"https:\/\/sistemosklaipeda.com\/wp-content\/uploads\/2024\/05\/925.png\",\"datePublished\":\"2024-08-11T15:11:31+00:00\",\"dateModified\":\"2025-12-21T20:34:30+00:00\",\"breadcrumb\":{\"@id\":\"https:\/\/sistemosklaipeda.com\/lv\/produkts\/gazes-sprausla-landi-renzo-balta-violeta-25x80\/#breadcrumb\"},\"inLanguage\":\"lv-LV\",\"potentialAction\":[{\"@type\":\"ReadAction\",\"target\":[\"https:\/\/sistemosklaipeda.com\/lv\/produkts\/gazes-sprausla-landi-renzo-balta-violeta-25x80\/\"]}]},{\"@type\":\"ImageObject\",\"inLanguage\":\"lv-LV\",\"@id\":\"https:\/\/sistemosklaipeda.com\/lv\/produkts\/gazes-sprausla-landi-renzo-balta-violeta-25x80\/#primaryimage\",\"url\":\"https:\/\/sistemosklaipeda.com\/wp-content\/uploads\/2024\/05\/925.png\",\"contentUrl\":\"https:\/\/sistemosklaipeda.com\/wp-content\/uploads\/2024\/05\/925.png\",\"width\":776,\"height\":800,\"caption\":\"Duj\u0173 purk\u0161tukas LANDI RENZO baltas \/ violetinis 25x80\"},{\"@type\":\"BreadcrumbList\",\"@id\":\"https:\/\/sistemosklaipeda.com\/lv\/produkts\/gazes-sprausla-landi-renzo-balta-violeta-25x80\/#breadcrumb\",\"itemListElement\":[{\"@type\":\"ListItem\",\"position\":1,\"name\":\"Prad\u017eia\",\"item\":\"https:\/\/sistemosklaipeda.com\/lv\/veikals\/\"},{\"@type\":\"ListItem\",\"position\":2,\"name\":\"Veikals\",\"item\":\"https:\/\/sistemosklaipeda.com\/lv\/veikals\/\"},{\"@type\":\"ListItem\",\"position\":3,\"name\":\"G\u0101zes sprausla LANDI RENZO balta\/ violeta 25&#215;80\"}]},{\"@type\":\"WebSite\",\"@id\":\"https:\/\/sistemosklaipeda.com\/lv\/#website\",\"url\":\"https:\/\/sistemosklaipeda.com\/lv\/\",\"name\":\"Sistemos Klaip\u0117da\",\"description\":\"Kokybi\u0161ka duj\u0173 \u012franga ir jos komponentai, kabliai ir priedai\",\"publisher\":{\"@id\":\"https:\/\/sistemosklaipeda.com\/lv\/#organization\"},\"potentialAction\":[{\"@type\":\"SearchAction\",\"target\":{\"@type\":\"EntryPoint\",\"urlTemplate\":\"https:\/\/sistemosklaipeda.com\/lv\/?s={search_term_string}\"},\"query-input\":{\"@type\":\"PropertyValueSpecification\",\"valueRequired\":true,\"valueName\":\"search_term_string\"}}],\"inLanguage\":\"lv-LV\"},{\"@type\":\"Organization\",\"@id\":\"https:\/\/sistemosklaipeda.com\/lv\/#organization\",\"name\":\"Sistemos Klaip\u0117da\",\"alternateName\":\"Sistemos\",\"url\":\"https:\/\/sistemosklaipeda.com\/lv\/\",\"logo\":{\"@type\":\"ImageObject\",\"inLanguage\":\"lv-LV\",\"@id\":\"https:\/\/sistemosklaipeda.com\/lv\/#\/schema\/logo\/image\/\",\"url\":\"https:\/\/sistemosklaipeda.com\/wp-content\/uploads\/2023\/09\/sistemos-logo-cropperd-e1695968047774.png\",\"contentUrl\":\"https:\/\/sistemosklaipeda.com\/wp-content\/uploads\/2023\/09\/sistemos-logo-cropperd-e1695968047774.png\",\"width\":401,\"height\":206,\"caption\":\"Sistemos Klaip\u0117da\"},\"image\":{\"@id\":\"https:\/\/sistemosklaipeda.com\/lv\/#\/schema\/logo\/image\/\"},\"sameAs\":[\"https:\/\/www.facebook.com\/SistemosKlp\",\"https:\/\/www.instagram.com\/sistemosklaipeda\/\"]}]}<\/script>\n<!-- \/ Yoast SEO plugin. -->","yoast_head_json":{"title":"G\u0101zes sprausla LANDI RENZO balta\/ violeta 25x80","robots":{"index":"index","follow":"follow","max-snippet":"max-snippet:-1","max-image-preview":"max-image-preview:large","max-video-preview":"max-video-preview:-1"},"canonical":"https:\/\/sistemosklaipeda.com\/lv\/produkts\/gazes-sprausla-landi-renzo-balta-violeta-25x80\/","og_locale":"lv_LV","og_type":"article","og_title":"G\u0101zes sprausla LANDI RENZO balta\/ violeta 25x80","og_description":"G\u0101zes sprausla LANDI RENZO balta\/ violeta 25x80","og_url":"https:\/\/sistemosklaipeda.com\/lv\/produkts\/gazes-sprausla-landi-renzo-balta-violeta-25x80\/","og_site_name":"Sistemos Klaip\u0117da","article_publisher":"https:\/\/www.facebook.com\/SistemosKlp","article_modified_time":"2025-12-21T20:34:30+00:00","og_image":[{"width":776,"height":800,"url":"https:\/\/sistemosklaipeda.com\/wp-content\/uploads\/2024\/05\/925.png","type":"image\/png"}],"twitter_card":"summary_large_image","twitter_misc":{"Est. reading time":"1 minute"},"schema":{"@context":"https:\/\/schema.org","@graph":[{"@type":"WebPage","@id":"https:\/\/sistemosklaipeda.com\/lv\/produkts\/gazes-sprausla-landi-renzo-balta-violeta-25x80\/","url":"https:\/\/sistemosklaipeda.com\/lv\/produkts\/gazes-sprausla-landi-renzo-balta-violeta-25x80\/","name":"G\u0101zes sprausla LANDI RENZO balta\/ violeta 25x80","isPartOf":{"@id":"https:\/\/sistemosklaipeda.com\/lv\/#website"},"primaryImageOfPage":{"@id":"https:\/\/sistemosklaipeda.com\/lv\/produkts\/gazes-sprausla-landi-renzo-balta-violeta-25x80\/#primaryimage"},"image":{"@id":"https:\/\/sistemosklaipeda.com\/lv\/produkts\/gazes-sprausla-landi-renzo-balta-violeta-25x80\/#primaryimage"},"thumbnailUrl":"https:\/\/sistemosklaipeda.com\/wp-content\/uploads\/2024\/05\/925.png","datePublished":"2024-08-11T15:11:31+00:00","dateModified":"2025-12-21T20:34:30+00:00","breadcrumb":{"@id":"https:\/\/sistemosklaipeda.com\/lv\/produkts\/gazes-sprausla-landi-renzo-balta-violeta-25x80\/#breadcrumb"},"inLanguage":"lv-LV","potentialAction":[{"@type":"ReadAction","target":["https:\/\/sistemosklaipeda.com\/lv\/produkts\/gazes-sprausla-landi-renzo-balta-violeta-25x80\/"]}]},{"@type":"ImageObject","inLanguage":"lv-LV","@id":"https:\/\/sistemosklaipeda.com\/lv\/produkts\/gazes-sprausla-landi-renzo-balta-violeta-25x80\/#primaryimage","url":"https:\/\/sistemosklaipeda.com\/wp-content\/uploads\/2024\/05\/925.png","contentUrl":"https:\/\/sistemosklaipeda.com\/wp-content\/uploads\/2024\/05\/925.png","width":776,"height":800,"caption":"Duj\u0173 purk\u0161tukas LANDI RENZO baltas \/ violetinis 25x80"},{"@type":"BreadcrumbList","@id":"https:\/\/sistemosklaipeda.com\/lv\/produkts\/gazes-sprausla-landi-renzo-balta-violeta-25x80\/#breadcrumb","itemListElement":[{"@type":"ListItem","position":1,"name":"Prad\u017eia","item":"https:\/\/sistemosklaipeda.com\/lv\/veikals\/"},{"@type":"ListItem","position":2,"name":"Veikals","item":"https:\/\/sistemosklaipeda.com\/lv\/veikals\/"},{"@type":"ListItem","position":3,"name":"G\u0101zes sprausla LANDI RENZO balta\/ violeta 25&#215;80"}]},{"@type":"WebSite","@id":"https:\/\/sistemosklaipeda.com\/lv\/#website","url":"https:\/\/sistemosklaipeda.com\/lv\/","name":"Sistemos Klaip\u0117da","description":"Kokybi\u0161ka duj\u0173 \u012franga ir jos komponentai, kabliai ir priedai","publisher":{"@id":"https:\/\/sistemosklaipeda.com\/lv\/#organization"},"potentialAction":[{"@type":"SearchAction","target":{"@type":"EntryPoint","urlTemplate":"https:\/\/sistemosklaipeda.com\/lv\/?s={search_term_string}"},"query-input":{"@type":"PropertyValueSpecification","valueRequired":true,"valueName":"search_term_string"}}],"inLanguage":"lv-LV"},{"@type":"Organization","@id":"https:\/\/sistemosklaipeda.com\/lv\/#organization","name":"Sistemos Klaip\u0117da","alternateName":"Sistemos","url":"https:\/\/sistemosklaipeda.com\/lv\/","logo":{"@type":"ImageObject","inLanguage":"lv-LV","@id":"https:\/\/sistemosklaipeda.com\/lv\/#\/schema\/logo\/image\/","url":"https:\/\/sistemosklaipeda.com\/wp-content\/uploads\/2023\/09\/sistemos-logo-cropperd-e1695968047774.png","contentUrl":"https:\/\/sistemosklaipeda.com\/wp-content\/uploads\/2023\/09\/sistemos-logo-cropperd-e1695968047774.png","width":401,"height":206,"caption":"Sistemos Klaip\u0117da"},"image":{"@id":"https:\/\/sistemosklaipeda.com\/lv\/#\/schema\/logo\/image\/"},"sameAs":["https:\/\/www.facebook.com\/SistemosKlp","https:\/\/www.instagram.com\/sistemosklaipeda\/"]}]}},"_links":{"self":[{"href":"https:\/\/sistemosklaipeda.com\/lv\/wp-json\/wp\/v2\/product\/15837","targetHints":{"allow":["GET"]}}],"collection":[{"href":"https:\/\/sistemosklaipeda.com\/lv\/wp-json\/wp\/v2\/product"}],"about":[{"href":"https:\/\/sistemosklaipeda.com\/lv\/wp-json\/wp\/v2\/types\/product"}],"wp:featuredmedia":[{"embeddable":true,"href":"https:\/\/sistemosklaipeda.com\/lv\/wp-json\/wp\/v2\/media\/15111"}],"wp:attachment":[{"href":"https:\/\/sistemosklaipeda.com\/lv\/wp-json\/wp\/v2\/media?parent=15837"}],"wp:term":[{"taxonomy":"product_brand","embeddable":true,"href":"https:\/\/sistemosklaipeda.com\/lv\/wp-json\/wp\/v2\/product_brand?post=15837"},{"taxonomy":"product_cat","embeddable":true,"href":"https:\/\/sistemosklaipeda.com\/lv\/wp-json\/wp\/v2\/product_cat?post=15837"},{"taxonomy":"product_tag","embeddable":true,"href":"https:\/\/sistemosklaipeda.com\/lv\/wp-json\/wp\/v2\/product_tag?post=15837"}],"curies":[{"name":"wp","href":"https:\/\/api.w.org\/{rel}","templated":true}]}}