{"id":15834,"date":"2019-09-02T05:22:44","date_gmt":"2024-08-11T15:11:26","guid":{"rendered":"https:\/\/sistemosklaipeda.com\/product\/gazes-filtra-kartridzs-ultra-360\/"},"modified":"2024-08-11T15:11:26","modified_gmt":"2024-08-11T15:11:26","slug":"gazes-filtra-kartridzs-ultra-360","status":"publish","type":"product","link":"https:\/\/sistemosklaipeda.com\/lv\/produkts\/gazes-filtra-kartridzs-ultra-360\/","title":{"rendered":"G\u0101zes filtra k\u0101rtrid\u017es ULTRA 360"},"content":{"rendered":"<p>Ori\u0123in\u0101ls ALEX ULTRA 360 poliestera filtra ieliktnis.<br \/>\nULTRA 360 filtra ieliktnis, ko izmanto sec\u012bg\u0101s instal\u0101cij\u0101s gaisto\u0161aj\u0101 f\u0101z\u0113, uzst\u0101d\u012bts ALEX sediment\u0101cijas filtra korpus\u0101, att\u012bra g\u0101zi no cietajiem piemais\u012bjumiem un sa\u0161\u0137idrin\u0101taj\u0101 naftas g\u0101z\u0113 iz\u0161\u0137\u012bdu\u0161ajiem og\u013c\u016bde\u0146ra\u017eiem, nodro\u0161inot atbilsto\u0161u g\u0101zes sprauslu aizsardz\u012bbu, kas ir \u013coti jut\u012bgas pret visa veida pies\u0101r\u0146ojumu.<br \/>\nPoliesters ir daudz efekt\u012bv\u0101ks filtr\u0113jo\u0161ais elements nek\u0101 parasti izmantotie pap\u012bra elementi.<br \/>\nT\u0101 lieto\u0161anu iesaka liel\u0101k\u0101 da\u013ca sprauslu sliedes ra\u017eot\u0101ju.   <\/p>\n","protected":false},"excerpt":{"rendered":"<p>G\u0101zes filtra k\u0101rtrid\u017es ULTRA 360<\/p>\n","protected":false},"featured_media":15309,"template":"","meta":[],"product_brand":[],"product_cat":[165,141],"product_tag":[142],"class_list":{"0":"post-15834","1":"product","2":"type-product","3":"status-publish","4":"has-post-thumbnail","6":"product_cat-filtra-kartridzs","7":"product_cat-filtrs","8":"product_tag-gazes-filtrs","10":"first","11":"instock","12":"taxable","13":"shipping-taxable","14":"purchasable","15":"product-type-simple"},"yoast_head":"<!-- This site is optimized with the Yoast SEO plugin v27.0 - https:\/\/yoast.com\/product\/yoast-seo-wordpress\/ -->\n<title>G\u0101zes filtra k\u0101rtrid\u017es ULTRA 360<\/title>\n<meta name=\"robots\" content=\"index, follow, max-snippet:-1, max-image-preview:large, max-video-preview:-1\" \/>\n<link rel=\"canonical\" href=\"https:\/\/sistemosklaipeda.com\/lv\/produkts\/gazes-filtra-kartridzs-ultra-360\/\" \/>\n<meta property=\"og:locale\" content=\"lv_LV\" \/>\n<meta property=\"og:type\" content=\"article\" \/>\n<meta property=\"og:title\" content=\"G\u0101zes filtra k\u0101rtrid\u017es ULTRA 360\" \/>\n<meta property=\"og:description\" content=\"G\u0101zes filtra k\u0101rtrid\u017es ULTRA 360\" \/>\n<meta property=\"og:url\" content=\"https:\/\/sistemosklaipeda.com\/lv\/produkts\/gazes-filtra-kartridzs-ultra-360\/\" \/>\n<meta property=\"og:site_name\" content=\"Sistemos Klaip\u0117da\" \/>\n<meta property=\"article:publisher\" content=\"https:\/\/www.facebook.com\/SistemosKlp\" \/>\n<meta property=\"og:image\" content=\"https:\/\/sistemosklaipeda.com\/wp-content\/uploads\/2024\/05\/660.png?v=1719405639\" \/>\n\t<meta property=\"og:image:width\" content=\"776\" \/>\n\t<meta property=\"og:image:height\" content=\"800\" \/>\n\t<meta property=\"og:image:type\" content=\"image\/png\" \/>\n<meta name=\"twitter:card\" content=\"summary_large_image\" \/>\n<meta name=\"twitter:label1\" content=\"Est. reading time\" \/>\n\t<meta name=\"twitter:data1\" content=\"1 minute\" \/>\n<script type=\"application\/ld+json\" class=\"yoast-schema-graph\">{\"@context\":\"https:\/\/schema.org\",\"@graph\":[{\"@type\":\"WebPage\",\"@id\":\"https:\/\/sistemosklaipeda.com\/lv\/produkts\/gazes-filtra-kartridzs-ultra-360\/\",\"url\":\"https:\/\/sistemosklaipeda.com\/lv\/produkts\/gazes-filtra-kartridzs-ultra-360\/\",\"name\":\"G\u0101zes filtra k\u0101rtrid\u017es ULTRA 360\",\"isPartOf\":{\"@id\":\"https:\/\/sistemosklaipeda.com\/lv\/#website\"},\"primaryImageOfPage\":{\"@id\":\"https:\/\/sistemosklaipeda.com\/lv\/produkts\/gazes-filtra-kartridzs-ultra-360\/#primaryimage\"},\"image\":{\"@id\":\"https:\/\/sistemosklaipeda.com\/lv\/produkts\/gazes-filtra-kartridzs-ultra-360\/#primaryimage\"},\"thumbnailUrl\":\"https:\/\/sistemosklaipeda.com\/wp-content\/uploads\/2024\/05\/660.png\",\"datePublished\":\"2024-08-11T15:11:26+00:00\",\"breadcrumb\":{\"@id\":\"https:\/\/sistemosklaipeda.com\/lv\/produkts\/gazes-filtra-kartridzs-ultra-360\/#breadcrumb\"},\"inLanguage\":\"lv-LV\",\"potentialAction\":[{\"@type\":\"ReadAction\",\"target\":[\"https:\/\/sistemosklaipeda.com\/lv\/produkts\/gazes-filtra-kartridzs-ultra-360\/\"]}]},{\"@type\":\"ImageObject\",\"inLanguage\":\"lv-LV\",\"@id\":\"https:\/\/sistemosklaipeda.com\/lv\/produkts\/gazes-filtra-kartridzs-ultra-360\/#primaryimage\",\"url\":\"https:\/\/sistemosklaipeda.com\/wp-content\/uploads\/2024\/05\/660.png\",\"contentUrl\":\"https:\/\/sistemosklaipeda.com\/wp-content\/uploads\/2024\/05\/660.png\",\"width\":776,\"height\":800,\"caption\":\"Duj\u0173 filtras kaset\u0117 ULTRA 360\"},{\"@type\":\"BreadcrumbList\",\"@id\":\"https:\/\/sistemosklaipeda.com\/lv\/produkts\/gazes-filtra-kartridzs-ultra-360\/#breadcrumb\",\"itemListElement\":[{\"@type\":\"ListItem\",\"position\":1,\"name\":\"Prad\u017eia\",\"item\":\"https:\/\/sistemosklaipeda.com\/lv\/veikals\/\"},{\"@type\":\"ListItem\",\"position\":2,\"name\":\"Veikals\",\"item\":\"https:\/\/sistemosklaipeda.com\/lv\/veikals\/\"},{\"@type\":\"ListItem\",\"position\":3,\"name\":\"G\u0101zes filtra k\u0101rtrid\u017es ULTRA 360\"}]},{\"@type\":\"WebSite\",\"@id\":\"https:\/\/sistemosklaipeda.com\/lv\/#website\",\"url\":\"https:\/\/sistemosklaipeda.com\/lv\/\",\"name\":\"Sistemos Klaip\u0117da\",\"description\":\"Kokybi\u0161ka duj\u0173 \u012franga ir jos komponentai, kabliai ir priedai\",\"publisher\":{\"@id\":\"https:\/\/sistemosklaipeda.com\/lv\/#organization\"},\"potentialAction\":[{\"@type\":\"SearchAction\",\"target\":{\"@type\":\"EntryPoint\",\"urlTemplate\":\"https:\/\/sistemosklaipeda.com\/lv\/?s={search_term_string}\"},\"query-input\":{\"@type\":\"PropertyValueSpecification\",\"valueRequired\":true,\"valueName\":\"search_term_string\"}}],\"inLanguage\":\"lv-LV\"},{\"@type\":\"Organization\",\"@id\":\"https:\/\/sistemosklaipeda.com\/lv\/#organization\",\"name\":\"Sistemos Klaip\u0117da\",\"alternateName\":\"Sistemos\",\"url\":\"https:\/\/sistemosklaipeda.com\/lv\/\",\"logo\":{\"@type\":\"ImageObject\",\"inLanguage\":\"lv-LV\",\"@id\":\"https:\/\/sistemosklaipeda.com\/lv\/#\/schema\/logo\/image\/\",\"url\":\"https:\/\/sistemosklaipeda.com\/wp-content\/uploads\/2023\/09\/sistemos-logo-cropperd-e1695968047774.png\",\"contentUrl\":\"https:\/\/sistemosklaipeda.com\/wp-content\/uploads\/2023\/09\/sistemos-logo-cropperd-e1695968047774.png\",\"width\":401,\"height\":206,\"caption\":\"Sistemos Klaip\u0117da\"},\"image\":{\"@id\":\"https:\/\/sistemosklaipeda.com\/lv\/#\/schema\/logo\/image\/\"},\"sameAs\":[\"https:\/\/www.facebook.com\/SistemosKlp\",\"https:\/\/www.instagram.com\/sistemosklaipeda\/\"]}]}<\/script>\n<!-- \/ Yoast SEO plugin. -->","yoast_head_json":{"title":"G\u0101zes filtra k\u0101rtrid\u017es ULTRA 360","robots":{"index":"index","follow":"follow","max-snippet":"max-snippet:-1","max-image-preview":"max-image-preview:large","max-video-preview":"max-video-preview:-1"},"canonical":"https:\/\/sistemosklaipeda.com\/lv\/produkts\/gazes-filtra-kartridzs-ultra-360\/","og_locale":"lv_LV","og_type":"article","og_title":"G\u0101zes filtra k\u0101rtrid\u017es ULTRA 360","og_description":"G\u0101zes filtra k\u0101rtrid\u017es ULTRA 360","og_url":"https:\/\/sistemosklaipeda.com\/lv\/produkts\/gazes-filtra-kartridzs-ultra-360\/","og_site_name":"Sistemos Klaip\u0117da","article_publisher":"https:\/\/www.facebook.com\/SistemosKlp","og_image":[{"width":776,"height":800,"url":"https:\/\/sistemosklaipeda.com\/wp-content\/uploads\/2024\/05\/660.png?v=1719405639","type":"image\/png"}],"twitter_card":"summary_large_image","twitter_misc":{"Est. reading time":"1 minute"},"schema":{"@context":"https:\/\/schema.org","@graph":[{"@type":"WebPage","@id":"https:\/\/sistemosklaipeda.com\/lv\/produkts\/gazes-filtra-kartridzs-ultra-360\/","url":"https:\/\/sistemosklaipeda.com\/lv\/produkts\/gazes-filtra-kartridzs-ultra-360\/","name":"G\u0101zes filtra k\u0101rtrid\u017es ULTRA 360","isPartOf":{"@id":"https:\/\/sistemosklaipeda.com\/lv\/#website"},"primaryImageOfPage":{"@id":"https:\/\/sistemosklaipeda.com\/lv\/produkts\/gazes-filtra-kartridzs-ultra-360\/#primaryimage"},"image":{"@id":"https:\/\/sistemosklaipeda.com\/lv\/produkts\/gazes-filtra-kartridzs-ultra-360\/#primaryimage"},"thumbnailUrl":"https:\/\/sistemosklaipeda.com\/wp-content\/uploads\/2024\/05\/660.png","datePublished":"2024-08-11T15:11:26+00:00","breadcrumb":{"@id":"https:\/\/sistemosklaipeda.com\/lv\/produkts\/gazes-filtra-kartridzs-ultra-360\/#breadcrumb"},"inLanguage":"lv-LV","potentialAction":[{"@type":"ReadAction","target":["https:\/\/sistemosklaipeda.com\/lv\/produkts\/gazes-filtra-kartridzs-ultra-360\/"]}]},{"@type":"ImageObject","inLanguage":"lv-LV","@id":"https:\/\/sistemosklaipeda.com\/lv\/produkts\/gazes-filtra-kartridzs-ultra-360\/#primaryimage","url":"https:\/\/sistemosklaipeda.com\/wp-content\/uploads\/2024\/05\/660.png","contentUrl":"https:\/\/sistemosklaipeda.com\/wp-content\/uploads\/2024\/05\/660.png","width":776,"height":800,"caption":"Duj\u0173 filtras kaset\u0117 ULTRA 360"},{"@type":"BreadcrumbList","@id":"https:\/\/sistemosklaipeda.com\/lv\/produkts\/gazes-filtra-kartridzs-ultra-360\/#breadcrumb","itemListElement":[{"@type":"ListItem","position":1,"name":"Prad\u017eia","item":"https:\/\/sistemosklaipeda.com\/lv\/veikals\/"},{"@type":"ListItem","position":2,"name":"Veikals","item":"https:\/\/sistemosklaipeda.com\/lv\/veikals\/"},{"@type":"ListItem","position":3,"name":"G\u0101zes filtra k\u0101rtrid\u017es ULTRA 360"}]},{"@type":"WebSite","@id":"https:\/\/sistemosklaipeda.com\/lv\/#website","url":"https:\/\/sistemosklaipeda.com\/lv\/","name":"Sistemos Klaip\u0117da","description":"Kokybi\u0161ka duj\u0173 \u012franga ir jos komponentai, kabliai ir priedai","publisher":{"@id":"https:\/\/sistemosklaipeda.com\/lv\/#organization"},"potentialAction":[{"@type":"SearchAction","target":{"@type":"EntryPoint","urlTemplate":"https:\/\/sistemosklaipeda.com\/lv\/?s={search_term_string}"},"query-input":{"@type":"PropertyValueSpecification","valueRequired":true,"valueName":"search_term_string"}}],"inLanguage":"lv-LV"},{"@type":"Organization","@id":"https:\/\/sistemosklaipeda.com\/lv\/#organization","name":"Sistemos Klaip\u0117da","alternateName":"Sistemos","url":"https:\/\/sistemosklaipeda.com\/lv\/","logo":{"@type":"ImageObject","inLanguage":"lv-LV","@id":"https:\/\/sistemosklaipeda.com\/lv\/#\/schema\/logo\/image\/","url":"https:\/\/sistemosklaipeda.com\/wp-content\/uploads\/2023\/09\/sistemos-logo-cropperd-e1695968047774.png","contentUrl":"https:\/\/sistemosklaipeda.com\/wp-content\/uploads\/2023\/09\/sistemos-logo-cropperd-e1695968047774.png","width":401,"height":206,"caption":"Sistemos Klaip\u0117da"},"image":{"@id":"https:\/\/sistemosklaipeda.com\/lv\/#\/schema\/logo\/image\/"},"sameAs":["https:\/\/www.facebook.com\/SistemosKlp","https:\/\/www.instagram.com\/sistemosklaipeda\/"]}]}},"_links":{"self":[{"href":"https:\/\/sistemosklaipeda.com\/lv\/wp-json\/wp\/v2\/product\/15834","targetHints":{"allow":["GET"]}}],"collection":[{"href":"https:\/\/sistemosklaipeda.com\/lv\/wp-json\/wp\/v2\/product"}],"about":[{"href":"https:\/\/sistemosklaipeda.com\/lv\/wp-json\/wp\/v2\/types\/product"}],"wp:featuredmedia":[{"embeddable":true,"href":"https:\/\/sistemosklaipeda.com\/lv\/wp-json\/wp\/v2\/media\/15309"}],"wp:attachment":[{"href":"https:\/\/sistemosklaipeda.com\/lv\/wp-json\/wp\/v2\/media?parent=15834"}],"wp:term":[{"taxonomy":"product_brand","embeddable":true,"href":"https:\/\/sistemosklaipeda.com\/lv\/wp-json\/wp\/v2\/product_brand?post=15834"},{"taxonomy":"product_cat","embeddable":true,"href":"https:\/\/sistemosklaipeda.com\/lv\/wp-json\/wp\/v2\/product_cat?post=15834"},{"taxonomy":"product_tag","embeddable":true,"href":"https:\/\/sistemosklaipeda.com\/lv\/wp-json\/wp\/v2\/product_tag?post=15834"}],"curies":[{"name":"wp","href":"https:\/\/api.w.org\/{rel}","templated":true}]}}