{"id":15829,"date":"2019-09-02T04:57:38","date_gmt":"2024-08-11T15:11:24","guid":{"rendered":"https:\/\/sistemosklaipeda.com\/product\/omvl-reg-valtek-4-cilindru-gazes-inzektori\/"},"modified":"2024-08-11T15:11:24","modified_gmt":"2024-08-11T15:11:24","slug":"omvl-reg-valtek-4-cilindru-gazes-inzektori","status":"publish","type":"product","link":"https:\/\/sistemosklaipeda.com\/lv\/produkts\/omvl-reg-valtek-4-cilindru-gazes-inzektori\/","title":{"rendered":"OMVL REG\/Valtek 4 cilindru g\u0101zes in\u017eektori"},"content":{"rendered":"<p>Valtek sa\u0161\u0137idrin\u0101t\u0101s naftas g\u0101zes iesmidzin\u0101t\u0101ja sliede 4cillu 32 REG\/OMVL tips.<br \/>\n\u0160ai sliedei rakstur\u012bgs izcils \u0101trums un precizit\u0101te, minim\u0101ls boj\u0101jumu skaits un augsta efektivit\u0101te.<br \/>\nDarba temperat\u016bra -40\u00b0C \u00f7 120\u00b0C Spoles pretest\u012bba: 3 Omi Maksim\u0101l\u0101 jauda uz cilindru: 38 ZS Iepl\u016bdes savienojums: fi.<br \/>\n12 mm Izejas savienot\u0101ji: fi.<br \/>\n5 mm Kontaktdak\u0161a: Superseal \/ Valtek tips Komplekt\u0101 ietilpst.<br \/>\n- 1 gab. sprauslu uzga\u013ci - 4 gab. izejas savienot\u0101ja kontaktdak\u0161a - 1 gab. savienot\u0101js ar kolektoru - 4 gab. mont\u0101\u017eas amortizatori - 2 gab.     <\/p>\n","protected":false},"excerpt":{"rendered":"<p>OMVL REG\/Valtek 4 cilindru g\u0101zes in\u017eektori<\/p>\n","protected":false},"featured_media":15237,"template":"","meta":[],"product_brand":[],"product_cat":[130],"product_tag":[134],"class_list":{"0":"post-15829","1":"product","2":"type-product","3":"status-publish","4":"has-post-thumbnail","6":"product_cat-gazes-sprauslas","7":"product_tag-sprauslas","9":"first","10":"instock","11":"taxable","12":"shipping-taxable","13":"purchasable","14":"product-type-simple"},"yoast_head":"<!-- This site is optimized with the Yoast SEO plugin v27.0 - https:\/\/yoast.com\/product\/yoast-seo-wordpress\/ -->\n<title>OMVL REG\/Valtek 4 cilindru g\u0101zes in\u017eektori<\/title>\n<meta name=\"robots\" content=\"index, follow, max-snippet:-1, max-image-preview:large, max-video-preview:-1\" \/>\n<link rel=\"canonical\" href=\"https:\/\/sistemosklaipeda.com\/lv\/produkts\/omvl-reg-valtek-4-cilindru-gazes-inzektori\/\" \/>\n<meta property=\"og:locale\" content=\"lv_LV\" \/>\n<meta property=\"og:type\" content=\"article\" \/>\n<meta property=\"og:title\" content=\"OMVL REG\/Valtek 4 cilindru g\u0101zes in\u017eektori\" \/>\n<meta property=\"og:description\" content=\"OMVL REG\/Valtek 4 cilindru g\u0101zes in\u017eektori\" \/>\n<meta property=\"og:url\" content=\"https:\/\/sistemosklaipeda.com\/lv\/produkts\/omvl-reg-valtek-4-cilindru-gazes-inzektori\/\" \/>\n<meta property=\"og:site_name\" content=\"Sistemos Klaip\u0117da\" \/>\n<meta property=\"article:publisher\" content=\"https:\/\/www.facebook.com\/SistemosKlp\" \/>\n<meta property=\"og:image\" content=\"https:\/\/sistemosklaipeda.com\/wp-content\/uploads\/2024\/05\/1367.png?v=1719405643\" \/>\n\t<meta property=\"og:image:width\" content=\"722\" \/>\n\t<meta property=\"og:image:height\" content=\"800\" \/>\n\t<meta property=\"og:image:type\" content=\"image\/png\" \/>\n<meta name=\"twitter:card\" content=\"summary_large_image\" \/>\n<script type=\"application\/ld+json\" class=\"yoast-schema-graph\">{\"@context\":\"https:\/\/schema.org\",\"@graph\":[{\"@type\":\"WebPage\",\"@id\":\"https:\/\/sistemosklaipeda.com\/lv\/produkts\/omvl-reg-valtek-4-cilindru-gazes-inzektori\/\",\"url\":\"https:\/\/sistemosklaipeda.com\/lv\/produkts\/omvl-reg-valtek-4-cilindru-gazes-inzektori\/\",\"name\":\"OMVL REG\/Valtek 4 cilindru g\u0101zes in\u017eektori\",\"isPartOf\":{\"@id\":\"https:\/\/sistemosklaipeda.com\/lv\/#website\"},\"primaryImageOfPage\":{\"@id\":\"https:\/\/sistemosklaipeda.com\/lv\/produkts\/omvl-reg-valtek-4-cilindru-gazes-inzektori\/#primaryimage\"},\"image\":{\"@id\":\"https:\/\/sistemosklaipeda.com\/lv\/produkts\/omvl-reg-valtek-4-cilindru-gazes-inzektori\/#primaryimage\"},\"thumbnailUrl\":\"https:\/\/sistemosklaipeda.com\/wp-content\/uploads\/2024\/05\/1367.png\",\"datePublished\":\"2024-08-11T15:11:24+00:00\",\"breadcrumb\":{\"@id\":\"https:\/\/sistemosklaipeda.com\/lv\/produkts\/omvl-reg-valtek-4-cilindru-gazes-inzektori\/#breadcrumb\"},\"inLanguage\":\"lv-LV\",\"potentialAction\":[{\"@type\":\"ReadAction\",\"target\":[\"https:\/\/sistemosklaipeda.com\/lv\/produkts\/omvl-reg-valtek-4-cilindru-gazes-inzektori\/\"]}]},{\"@type\":\"ImageObject\",\"inLanguage\":\"lv-LV\",\"@id\":\"https:\/\/sistemosklaipeda.com\/lv\/produkts\/omvl-reg-valtek-4-cilindru-gazes-inzektori\/#primaryimage\",\"url\":\"https:\/\/sistemosklaipeda.com\/wp-content\/uploads\/2024\/05\/1367.png\",\"contentUrl\":\"https:\/\/sistemosklaipeda.com\/wp-content\/uploads\/2024\/05\/1367.png\",\"width\":722,\"height\":800,\"caption\":\"Duj\u0173 purk\u0161tukai OMVL REG\/Valtek 4 cilindr\u0173\"},{\"@type\":\"BreadcrumbList\",\"@id\":\"https:\/\/sistemosklaipeda.com\/lv\/produkts\/omvl-reg-valtek-4-cilindru-gazes-inzektori\/#breadcrumb\",\"itemListElement\":[{\"@type\":\"ListItem\",\"position\":1,\"name\":\"Prad\u017eia\",\"item\":\"https:\/\/sistemosklaipeda.com\/lv\/veikals\/\"},{\"@type\":\"ListItem\",\"position\":2,\"name\":\"Veikals\",\"item\":\"https:\/\/sistemosklaipeda.com\/lv\/veikals\/\"},{\"@type\":\"ListItem\",\"position\":3,\"name\":\"OMVL REG\/Valtek 4 cilindru g\u0101zes in\u017eektori\"}]},{\"@type\":\"WebSite\",\"@id\":\"https:\/\/sistemosklaipeda.com\/lv\/#website\",\"url\":\"https:\/\/sistemosklaipeda.com\/lv\/\",\"name\":\"Sistemos Klaip\u0117da\",\"description\":\"Kokybi\u0161ka duj\u0173 \u012franga ir jos komponentai, kabliai ir priedai\",\"publisher\":{\"@id\":\"https:\/\/sistemosklaipeda.com\/lv\/#organization\"},\"potentialAction\":[{\"@type\":\"SearchAction\",\"target\":{\"@type\":\"EntryPoint\",\"urlTemplate\":\"https:\/\/sistemosklaipeda.com\/lv\/?s={search_term_string}\"},\"query-input\":{\"@type\":\"PropertyValueSpecification\",\"valueRequired\":true,\"valueName\":\"search_term_string\"}}],\"inLanguage\":\"lv-LV\"},{\"@type\":\"Organization\",\"@id\":\"https:\/\/sistemosklaipeda.com\/lv\/#organization\",\"name\":\"Sistemos Klaip\u0117da\",\"alternateName\":\"Sistemos\",\"url\":\"https:\/\/sistemosklaipeda.com\/lv\/\",\"logo\":{\"@type\":\"ImageObject\",\"inLanguage\":\"lv-LV\",\"@id\":\"https:\/\/sistemosklaipeda.com\/lv\/#\/schema\/logo\/image\/\",\"url\":\"https:\/\/sistemosklaipeda.com\/wp-content\/uploads\/2023\/09\/sistemos-logo-cropperd-e1695968047774.png\",\"contentUrl\":\"https:\/\/sistemosklaipeda.com\/wp-content\/uploads\/2023\/09\/sistemos-logo-cropperd-e1695968047774.png\",\"width\":401,\"height\":206,\"caption\":\"Sistemos Klaip\u0117da\"},\"image\":{\"@id\":\"https:\/\/sistemosklaipeda.com\/lv\/#\/schema\/logo\/image\/\"},\"sameAs\":[\"https:\/\/www.facebook.com\/SistemosKlp\",\"https:\/\/www.instagram.com\/sistemosklaipeda\/\"]}]}<\/script>\n<!-- \/ Yoast SEO plugin. -->","yoast_head_json":{"title":"OMVL REG\/Valtek 4 cilindru g\u0101zes in\u017eektori","robots":{"index":"index","follow":"follow","max-snippet":"max-snippet:-1","max-image-preview":"max-image-preview:large","max-video-preview":"max-video-preview:-1"},"canonical":"https:\/\/sistemosklaipeda.com\/lv\/produkts\/omvl-reg-valtek-4-cilindru-gazes-inzektori\/","og_locale":"lv_LV","og_type":"article","og_title":"OMVL REG\/Valtek 4 cilindru g\u0101zes in\u017eektori","og_description":"OMVL REG\/Valtek 4 cilindru g\u0101zes in\u017eektori","og_url":"https:\/\/sistemosklaipeda.com\/lv\/produkts\/omvl-reg-valtek-4-cilindru-gazes-inzektori\/","og_site_name":"Sistemos Klaip\u0117da","article_publisher":"https:\/\/www.facebook.com\/SistemosKlp","og_image":[{"width":722,"height":800,"url":"https:\/\/sistemosklaipeda.com\/wp-content\/uploads\/2024\/05\/1367.png?v=1719405643","type":"image\/png"}],"twitter_card":"summary_large_image","schema":{"@context":"https:\/\/schema.org","@graph":[{"@type":"WebPage","@id":"https:\/\/sistemosklaipeda.com\/lv\/produkts\/omvl-reg-valtek-4-cilindru-gazes-inzektori\/","url":"https:\/\/sistemosklaipeda.com\/lv\/produkts\/omvl-reg-valtek-4-cilindru-gazes-inzektori\/","name":"OMVL REG\/Valtek 4 cilindru g\u0101zes in\u017eektori","isPartOf":{"@id":"https:\/\/sistemosklaipeda.com\/lv\/#website"},"primaryImageOfPage":{"@id":"https:\/\/sistemosklaipeda.com\/lv\/produkts\/omvl-reg-valtek-4-cilindru-gazes-inzektori\/#primaryimage"},"image":{"@id":"https:\/\/sistemosklaipeda.com\/lv\/produkts\/omvl-reg-valtek-4-cilindru-gazes-inzektori\/#primaryimage"},"thumbnailUrl":"https:\/\/sistemosklaipeda.com\/wp-content\/uploads\/2024\/05\/1367.png","datePublished":"2024-08-11T15:11:24+00:00","breadcrumb":{"@id":"https:\/\/sistemosklaipeda.com\/lv\/produkts\/omvl-reg-valtek-4-cilindru-gazes-inzektori\/#breadcrumb"},"inLanguage":"lv-LV","potentialAction":[{"@type":"ReadAction","target":["https:\/\/sistemosklaipeda.com\/lv\/produkts\/omvl-reg-valtek-4-cilindru-gazes-inzektori\/"]}]},{"@type":"ImageObject","inLanguage":"lv-LV","@id":"https:\/\/sistemosklaipeda.com\/lv\/produkts\/omvl-reg-valtek-4-cilindru-gazes-inzektori\/#primaryimage","url":"https:\/\/sistemosklaipeda.com\/wp-content\/uploads\/2024\/05\/1367.png","contentUrl":"https:\/\/sistemosklaipeda.com\/wp-content\/uploads\/2024\/05\/1367.png","width":722,"height":800,"caption":"Duj\u0173 purk\u0161tukai OMVL REG\/Valtek 4 cilindr\u0173"},{"@type":"BreadcrumbList","@id":"https:\/\/sistemosklaipeda.com\/lv\/produkts\/omvl-reg-valtek-4-cilindru-gazes-inzektori\/#breadcrumb","itemListElement":[{"@type":"ListItem","position":1,"name":"Prad\u017eia","item":"https:\/\/sistemosklaipeda.com\/lv\/veikals\/"},{"@type":"ListItem","position":2,"name":"Veikals","item":"https:\/\/sistemosklaipeda.com\/lv\/veikals\/"},{"@type":"ListItem","position":3,"name":"OMVL REG\/Valtek 4 cilindru g\u0101zes in\u017eektori"}]},{"@type":"WebSite","@id":"https:\/\/sistemosklaipeda.com\/lv\/#website","url":"https:\/\/sistemosklaipeda.com\/lv\/","name":"Sistemos Klaip\u0117da","description":"Kokybi\u0161ka duj\u0173 \u012franga ir jos komponentai, kabliai ir priedai","publisher":{"@id":"https:\/\/sistemosklaipeda.com\/lv\/#organization"},"potentialAction":[{"@type":"SearchAction","target":{"@type":"EntryPoint","urlTemplate":"https:\/\/sistemosklaipeda.com\/lv\/?s={search_term_string}"},"query-input":{"@type":"PropertyValueSpecification","valueRequired":true,"valueName":"search_term_string"}}],"inLanguage":"lv-LV"},{"@type":"Organization","@id":"https:\/\/sistemosklaipeda.com\/lv\/#organization","name":"Sistemos Klaip\u0117da","alternateName":"Sistemos","url":"https:\/\/sistemosklaipeda.com\/lv\/","logo":{"@type":"ImageObject","inLanguage":"lv-LV","@id":"https:\/\/sistemosklaipeda.com\/lv\/#\/schema\/logo\/image\/","url":"https:\/\/sistemosklaipeda.com\/wp-content\/uploads\/2023\/09\/sistemos-logo-cropperd-e1695968047774.png","contentUrl":"https:\/\/sistemosklaipeda.com\/wp-content\/uploads\/2023\/09\/sistemos-logo-cropperd-e1695968047774.png","width":401,"height":206,"caption":"Sistemos Klaip\u0117da"},"image":{"@id":"https:\/\/sistemosklaipeda.com\/lv\/#\/schema\/logo\/image\/"},"sameAs":["https:\/\/www.facebook.com\/SistemosKlp","https:\/\/www.instagram.com\/sistemosklaipeda\/"]}]}},"_links":{"self":[{"href":"https:\/\/sistemosklaipeda.com\/lv\/wp-json\/wp\/v2\/product\/15829","targetHints":{"allow":["GET"]}}],"collection":[{"href":"https:\/\/sistemosklaipeda.com\/lv\/wp-json\/wp\/v2\/product"}],"about":[{"href":"https:\/\/sistemosklaipeda.com\/lv\/wp-json\/wp\/v2\/types\/product"}],"wp:featuredmedia":[{"embeddable":true,"href":"https:\/\/sistemosklaipeda.com\/lv\/wp-json\/wp\/v2\/media\/15237"}],"wp:attachment":[{"href":"https:\/\/sistemosklaipeda.com\/lv\/wp-json\/wp\/v2\/media?parent=15829"}],"wp:term":[{"taxonomy":"product_brand","embeddable":true,"href":"https:\/\/sistemosklaipeda.com\/lv\/wp-json\/wp\/v2\/product_brand?post=15829"},{"taxonomy":"product_cat","embeddable":true,"href":"https:\/\/sistemosklaipeda.com\/lv\/wp-json\/wp\/v2\/product_cat?post=15829"},{"taxonomy":"product_tag","embeddable":true,"href":"https:\/\/sistemosklaipeda.com\/lv\/wp-json\/wp\/v2\/product_tag?post=15829"}],"curies":[{"name":"wp","href":"https:\/\/api.w.org\/{rel}","templated":true}]}}