{"id":15821,"date":"2019-09-02T04:17:06","date_gmt":"2024-08-11T15:11:17","guid":{"rendered":"https:\/\/sistemosklaipeda.com\/product\/reduktors-tomasetto-alaska-at-09\/"},"modified":"2025-01-07T14:54:42","modified_gmt":"2025-01-07T14:54:42","slug":"reduktors-tomasetto-alaska-at-09","status":"publish","type":"product","link":"https:\/\/sistemosklaipeda.com\/lv\/produkts\/reduktors-tomasetto-alaska-at-09\/","title":{"rendered":"Reduktors TOMASETTO ALASKA AT-09"},"content":{"rendered":"<p>Tomasetto AT09 Alaska reduktoru, kas integr\u0113ts ar \u0161\u0137idr\u0101s f\u0101zes g\u0101zes soleno\u012bda v\u0101rstu, izmanto liel\u0101kaj\u0101 da\u013c\u0101 tirg\u016b pieejamo automobi\u013cu. Profesion\u0101l\u0101 siltumapmai\u0146as sist\u0113mas konstrukcija ir nodro\u0161in\u0101jusi augstu efektivit\u0101ti, sal\u012bdzinot ar reduktora izm\u0113ru. T\u0101 uzticam\u012bba un konstrukcijas vienk\u0101r\u0161\u012bba nodro\u0161ina ilgu un netrauc\u0113tu g\u0101zes iek\u0101rtas darb\u012bbu.<\/p>\n<p>Tehniskie dati: Maksim\u0101l\u0101 jauda - 92 KW \/ 125 ZS Minim\u0101lais darba spiediens - 0,9 BAR Maksim\u0101lais darba spiediens - 1,5 BAR Korpusa materi\u0101ls - ALUM\u012aNS G\u0101zes iepl\u016bdes caurules diametrs - FI 6 mm (VARIS VAI PVC) \u016adens \u0161\u013c\u016btenes diametrs - 16 mm G\u0101zes \u0161\u013c\u016btenes diametrs - 12 mm Darba temperat\u016bra - no -20 \u00b0C l\u012bdz +120 \u00b0C Komplekt\u0101 ietilpst:<\/p>\n<p>Reduktors Mont\u0101\u017eas pl\u0101ksne Mazie mont\u0101\u017eas elementi  <\/p>\n","protected":false},"excerpt":{"rendered":"<p>Reduktors TOMASETTO ALASKA AT-09.<br \/>\nAT09 Alaska LPG reduktors ir vienkameras reduktors daudzpunktu iesmidzin\u0101\u0161anas sist\u0113m\u0101m. <\/p>\n","protected":false},"featured_media":15165,"template":"","meta":[],"product_brand":[],"product_cat":[144],"product_tag":[145,152],"class_list":{"0":"post-15821","1":"product","2":"type-product","3":"status-publish","4":"has-post-thumbnail","6":"product_cat-reducers","7":"product_tag-reducers","8":"product_tag-tomasetto-lv","10":"first","11":"outofstock","12":"taxable","13":"shipping-taxable","14":"purchasable","15":"product-type-simple"},"yoast_head":"<!-- This site is optimized with the Yoast SEO plugin v27.0 - https:\/\/yoast.com\/product\/yoast-seo-wordpress\/ -->\n<title>Reduktors TOMASETTO ALASKA AT-09 - Sistemos Klaip\u0117da<\/title>\n<meta name=\"robots\" content=\"index, follow, max-snippet:-1, max-image-preview:large, max-video-preview:-1\" \/>\n<link rel=\"canonical\" href=\"https:\/\/sistemosklaipeda.com\/lv\/produkts\/reduktors-tomasetto-alaska-at-09\/\" \/>\n<meta property=\"og:locale\" content=\"lv_LV\" \/>\n<meta property=\"og:type\" content=\"article\" \/>\n<meta property=\"og:title\" content=\"Reduktors TOMASETTO ALASKA AT-09 - Sistemos Klaip\u0117da\" \/>\n<meta property=\"og:description\" content=\"Reduktors TOMASETTO ALASKA AT-09. AT09 Alaska LPG reduktors ir vienkameras reduktors daudzpunktu iesmidzin\u0101\u0161anas sist\u0113m\u0101m.\" \/>\n<meta property=\"og:url\" content=\"https:\/\/sistemosklaipeda.com\/lv\/produkts\/reduktors-tomasetto-alaska-at-09\/\" \/>\n<meta property=\"og:site_name\" content=\"Sistemos Klaip\u0117da\" \/>\n<meta property=\"article:publisher\" content=\"https:\/\/www.facebook.com\/SistemosKlp\" \/>\n<meta property=\"article:modified_time\" content=\"2025-01-07T14:54:42+00:00\" \/>\n<meta property=\"og:image\" content=\"https:\/\/sistemosklaipeda.com\/wp-content\/uploads\/2024\/05\/1366.png\" \/>\n\t<meta property=\"og:image:width\" content=\"776\" \/>\n\t<meta property=\"og:image:height\" content=\"800\" \/>\n\t<meta property=\"og:image:type\" content=\"image\/png\" \/>\n<meta name=\"twitter:card\" content=\"summary_large_image\" \/>\n<meta name=\"twitter:label1\" content=\"Est. reading time\" \/>\n\t<meta name=\"twitter:data1\" content=\"1 minute\" \/>\n<script type=\"application\/ld+json\" class=\"yoast-schema-graph\">{\"@context\":\"https:\/\/schema.org\",\"@graph\":[{\"@type\":\"WebPage\",\"@id\":\"https:\/\/sistemosklaipeda.com\/lv\/produkts\/reduktors-tomasetto-alaska-at-09\/\",\"url\":\"https:\/\/sistemosklaipeda.com\/lv\/produkts\/reduktors-tomasetto-alaska-at-09\/\",\"name\":\"Reduktors TOMASETTO ALASKA AT-09 - Sistemos Klaip\u0117da\",\"isPartOf\":{\"@id\":\"https:\/\/sistemosklaipeda.com\/lv\/#website\"},\"primaryImageOfPage\":{\"@id\":\"https:\/\/sistemosklaipeda.com\/lv\/produkts\/reduktors-tomasetto-alaska-at-09\/#primaryimage\"},\"image\":{\"@id\":\"https:\/\/sistemosklaipeda.com\/lv\/produkts\/reduktors-tomasetto-alaska-at-09\/#primaryimage\"},\"thumbnailUrl\":\"https:\/\/sistemosklaipeda.com\/wp-content\/uploads\/2024\/05\/1366.png\",\"datePublished\":\"2024-08-11T15:11:17+00:00\",\"dateModified\":\"2025-01-07T14:54:42+00:00\",\"breadcrumb\":{\"@id\":\"https:\/\/sistemosklaipeda.com\/lv\/produkts\/reduktors-tomasetto-alaska-at-09\/#breadcrumb\"},\"inLanguage\":\"lv-LV\",\"potentialAction\":[{\"@type\":\"ReadAction\",\"target\":[\"https:\/\/sistemosklaipeda.com\/lv\/produkts\/reduktors-tomasetto-alaska-at-09\/\"]}]},{\"@type\":\"ImageObject\",\"inLanguage\":\"lv-LV\",\"@id\":\"https:\/\/sistemosklaipeda.com\/lv\/produkts\/reduktors-tomasetto-alaska-at-09\/#primaryimage\",\"url\":\"https:\/\/sistemosklaipeda.com\/wp-content\/uploads\/2024\/05\/1366.png\",\"contentUrl\":\"https:\/\/sistemosklaipeda.com\/wp-content\/uploads\/2024\/05\/1366.png\",\"width\":776,\"height\":800,\"caption\":\"Reduktorius TOMASETTO ALASKA AT-09\"},{\"@type\":\"BreadcrumbList\",\"@id\":\"https:\/\/sistemosklaipeda.com\/lv\/produkts\/reduktors-tomasetto-alaska-at-09\/#breadcrumb\",\"itemListElement\":[{\"@type\":\"ListItem\",\"position\":1,\"name\":\"Prad\u017eia\",\"item\":\"https:\/\/sistemosklaipeda.com\/lv\/veikals\/\"},{\"@type\":\"ListItem\",\"position\":2,\"name\":\"Veikals\",\"item\":\"https:\/\/sistemosklaipeda.com\/lv\/veikals\/\"},{\"@type\":\"ListItem\",\"position\":3,\"name\":\"Reduktors TOMASETTO ALASKA AT-09\"}]},{\"@type\":\"WebSite\",\"@id\":\"https:\/\/sistemosklaipeda.com\/lv\/#website\",\"url\":\"https:\/\/sistemosklaipeda.com\/lv\/\",\"name\":\"Sistemos Klaip\u0117da\",\"description\":\"Kokybi\u0161ka duj\u0173 \u012franga ir jos komponentai, kabliai ir priedai\",\"publisher\":{\"@id\":\"https:\/\/sistemosklaipeda.com\/lv\/#organization\"},\"potentialAction\":[{\"@type\":\"SearchAction\",\"target\":{\"@type\":\"EntryPoint\",\"urlTemplate\":\"https:\/\/sistemosklaipeda.com\/lv\/?s={search_term_string}\"},\"query-input\":{\"@type\":\"PropertyValueSpecification\",\"valueRequired\":true,\"valueName\":\"search_term_string\"}}],\"inLanguage\":\"lv-LV\"},{\"@type\":\"Organization\",\"@id\":\"https:\/\/sistemosklaipeda.com\/lv\/#organization\",\"name\":\"Sistemos Klaip\u0117da\",\"alternateName\":\"Sistemos\",\"url\":\"https:\/\/sistemosklaipeda.com\/lv\/\",\"logo\":{\"@type\":\"ImageObject\",\"inLanguage\":\"lv-LV\",\"@id\":\"https:\/\/sistemosklaipeda.com\/lv\/#\/schema\/logo\/image\/\",\"url\":\"https:\/\/sistemosklaipeda.com\/wp-content\/uploads\/2023\/09\/sistemos-logo-cropperd-e1695968047774.png\",\"contentUrl\":\"https:\/\/sistemosklaipeda.com\/wp-content\/uploads\/2023\/09\/sistemos-logo-cropperd-e1695968047774.png\",\"width\":401,\"height\":206,\"caption\":\"Sistemos Klaip\u0117da\"},\"image\":{\"@id\":\"https:\/\/sistemosklaipeda.com\/lv\/#\/schema\/logo\/image\/\"},\"sameAs\":[\"https:\/\/www.facebook.com\/SistemosKlp\",\"https:\/\/www.instagram.com\/sistemosklaipeda\/\"]}]}<\/script>\n<!-- \/ Yoast SEO plugin. -->","yoast_head_json":{"title":"Reduktors TOMASETTO ALASKA AT-09 - Sistemos Klaip\u0117da","robots":{"index":"index","follow":"follow","max-snippet":"max-snippet:-1","max-image-preview":"max-image-preview:large","max-video-preview":"max-video-preview:-1"},"canonical":"https:\/\/sistemosklaipeda.com\/lv\/produkts\/reduktors-tomasetto-alaska-at-09\/","og_locale":"lv_LV","og_type":"article","og_title":"Reduktors TOMASETTO ALASKA AT-09 - Sistemos Klaip\u0117da","og_description":"Reduktors TOMASETTO ALASKA AT-09. AT09 Alaska LPG reduktors ir vienkameras reduktors daudzpunktu iesmidzin\u0101\u0161anas sist\u0113m\u0101m.","og_url":"https:\/\/sistemosklaipeda.com\/lv\/produkts\/reduktors-tomasetto-alaska-at-09\/","og_site_name":"Sistemos Klaip\u0117da","article_publisher":"https:\/\/www.facebook.com\/SistemosKlp","article_modified_time":"2025-01-07T14:54:42+00:00","og_image":[{"width":776,"height":800,"url":"https:\/\/sistemosklaipeda.com\/wp-content\/uploads\/2024\/05\/1366.png","type":"image\/png"}],"twitter_card":"summary_large_image","twitter_misc":{"Est. reading time":"1 minute"},"schema":{"@context":"https:\/\/schema.org","@graph":[{"@type":"WebPage","@id":"https:\/\/sistemosklaipeda.com\/lv\/produkts\/reduktors-tomasetto-alaska-at-09\/","url":"https:\/\/sistemosklaipeda.com\/lv\/produkts\/reduktors-tomasetto-alaska-at-09\/","name":"Reduktors TOMASETTO ALASKA AT-09 - Sistemos Klaip\u0117da","isPartOf":{"@id":"https:\/\/sistemosklaipeda.com\/lv\/#website"},"primaryImageOfPage":{"@id":"https:\/\/sistemosklaipeda.com\/lv\/produkts\/reduktors-tomasetto-alaska-at-09\/#primaryimage"},"image":{"@id":"https:\/\/sistemosklaipeda.com\/lv\/produkts\/reduktors-tomasetto-alaska-at-09\/#primaryimage"},"thumbnailUrl":"https:\/\/sistemosklaipeda.com\/wp-content\/uploads\/2024\/05\/1366.png","datePublished":"2024-08-11T15:11:17+00:00","dateModified":"2025-01-07T14:54:42+00:00","breadcrumb":{"@id":"https:\/\/sistemosklaipeda.com\/lv\/produkts\/reduktors-tomasetto-alaska-at-09\/#breadcrumb"},"inLanguage":"lv-LV","potentialAction":[{"@type":"ReadAction","target":["https:\/\/sistemosklaipeda.com\/lv\/produkts\/reduktors-tomasetto-alaska-at-09\/"]}]},{"@type":"ImageObject","inLanguage":"lv-LV","@id":"https:\/\/sistemosklaipeda.com\/lv\/produkts\/reduktors-tomasetto-alaska-at-09\/#primaryimage","url":"https:\/\/sistemosklaipeda.com\/wp-content\/uploads\/2024\/05\/1366.png","contentUrl":"https:\/\/sistemosklaipeda.com\/wp-content\/uploads\/2024\/05\/1366.png","width":776,"height":800,"caption":"Reduktorius TOMASETTO ALASKA AT-09"},{"@type":"BreadcrumbList","@id":"https:\/\/sistemosklaipeda.com\/lv\/produkts\/reduktors-tomasetto-alaska-at-09\/#breadcrumb","itemListElement":[{"@type":"ListItem","position":1,"name":"Prad\u017eia","item":"https:\/\/sistemosklaipeda.com\/lv\/veikals\/"},{"@type":"ListItem","position":2,"name":"Veikals","item":"https:\/\/sistemosklaipeda.com\/lv\/veikals\/"},{"@type":"ListItem","position":3,"name":"Reduktors TOMASETTO ALASKA AT-09"}]},{"@type":"WebSite","@id":"https:\/\/sistemosklaipeda.com\/lv\/#website","url":"https:\/\/sistemosklaipeda.com\/lv\/","name":"Sistemos Klaip\u0117da","description":"Kokybi\u0161ka duj\u0173 \u012franga ir jos komponentai, kabliai ir priedai","publisher":{"@id":"https:\/\/sistemosklaipeda.com\/lv\/#organization"},"potentialAction":[{"@type":"SearchAction","target":{"@type":"EntryPoint","urlTemplate":"https:\/\/sistemosklaipeda.com\/lv\/?s={search_term_string}"},"query-input":{"@type":"PropertyValueSpecification","valueRequired":true,"valueName":"search_term_string"}}],"inLanguage":"lv-LV"},{"@type":"Organization","@id":"https:\/\/sistemosklaipeda.com\/lv\/#organization","name":"Sistemos Klaip\u0117da","alternateName":"Sistemos","url":"https:\/\/sistemosklaipeda.com\/lv\/","logo":{"@type":"ImageObject","inLanguage":"lv-LV","@id":"https:\/\/sistemosklaipeda.com\/lv\/#\/schema\/logo\/image\/","url":"https:\/\/sistemosklaipeda.com\/wp-content\/uploads\/2023\/09\/sistemos-logo-cropperd-e1695968047774.png","contentUrl":"https:\/\/sistemosklaipeda.com\/wp-content\/uploads\/2023\/09\/sistemos-logo-cropperd-e1695968047774.png","width":401,"height":206,"caption":"Sistemos Klaip\u0117da"},"image":{"@id":"https:\/\/sistemosklaipeda.com\/lv\/#\/schema\/logo\/image\/"},"sameAs":["https:\/\/www.facebook.com\/SistemosKlp","https:\/\/www.instagram.com\/sistemosklaipeda\/"]}]}},"_links":{"self":[{"href":"https:\/\/sistemosklaipeda.com\/lv\/wp-json\/wp\/v2\/product\/15821","targetHints":{"allow":["GET"]}}],"collection":[{"href":"https:\/\/sistemosklaipeda.com\/lv\/wp-json\/wp\/v2\/product"}],"about":[{"href":"https:\/\/sistemosklaipeda.com\/lv\/wp-json\/wp\/v2\/types\/product"}],"wp:featuredmedia":[{"embeddable":true,"href":"https:\/\/sistemosklaipeda.com\/lv\/wp-json\/wp\/v2\/media\/15165"}],"wp:attachment":[{"href":"https:\/\/sistemosklaipeda.com\/lv\/wp-json\/wp\/v2\/media?parent=15821"}],"wp:term":[{"taxonomy":"product_brand","embeddable":true,"href":"https:\/\/sistemosklaipeda.com\/lv\/wp-json\/wp\/v2\/product_brand?post=15821"},{"taxonomy":"product_cat","embeddable":true,"href":"https:\/\/sistemosklaipeda.com\/lv\/wp-json\/wp\/v2\/product_cat?post=15821"},{"taxonomy":"product_tag","embeddable":true,"href":"https:\/\/sistemosklaipeda.com\/lv\/wp-json\/wp\/v2\/product_tag?post=15821"}],"curies":[{"name":"wp","href":"https:\/\/api.w.org\/{rel}","templated":true}]}}