{"id":15818,"date":"2019-09-02T04:25:39","date_gmt":"2024-08-11T15:11:16","guid":{"rendered":"https:\/\/sistemosklaipeda.com\/product\/reduktors-shark-1500\/"},"modified":"2025-12-21T20:34:14","modified_gmt":"2025-12-21T20:34:14","slug":"reduktors-shark-1500","status":"publish","type":"product","link":"https:\/\/sistemosklaipeda.com\/lv\/produkts\/reduktors-shark-1500\/","title":{"rendered":"Reduktors SHARK 1500"},"content":{"rendered":"<p><span style=\"color: #000000;font-size: 12pt\">SHARK reduktors ir paredz\u0113ts sec\u012bg\u0101m g\u0101zes iesmidzin\u0101\u0161anas sist\u0113m\u0101m.Reduktoram ir integr\u0113ts \u0161\u0137idr\u0101s f\u0101zes g\u0101zes filtrs un elektriskais v\u0101rsts lieliem caurpl\u016bdes \u0101trumiem. \u012apa\u0161a diafragmas konstrukcija nodro\u0161ina pilnu jaudu spiediena krituma gad\u012bjum\u0101 pie pilnas slodzes. <\/span><br \/>\n<span style=\"color: #000000;font-size: 12pt\">Integr\u0113ts 12 V elektromotors<\/span><br \/>\n<span style=\"color: #000000;font-size: 12pt\">Integr\u0113ts \u0161\u0137idr\u0101s f\u0101zes g\u0101zes filtrs<\/span><br \/>\n<span style=\"color: #000000;font-size: 12pt\">Izejas spiediens: 1,5 b\u0101ri<\/span><br \/>\n<span style=\"color: #000000;font-size: 12pt\">Regul\u0113jams spiediens 1,3\u00f71,9 bar<\/span><br \/>\n<span style=\"color: #000000;font-size: 12pt\">Dzin\u0113ja jauda l\u012bdz 200 Kw<\/span><br \/>\n<span style=\"color: #000000;font-size: 12pt\">Spiediena kontrole SW4<\/span><br \/>\n<span style=\"color: #000000;font-size: 12pt\">G\u0101zes iepl\u016bdes savienojums \u00d8 8 mm<\/span><br \/>\n<span style=\"color: #000000;font-size: 12pt\">G\u0101zes izejas savienojums \u00d8 12 mm<\/span><br \/>\n<span style=\"color: #000000;font-size: 12pt\">Groz\u0101mie dzes\u0113\u0161anas savienojuma elko\u0146i \u00d8 16 mm<\/span><br \/>\n<span style=\"color: #000000;font-size: 12pt\">Vakuuma savienojums \u00d8 5 mm<\/span><br \/>\n<span style=\"color: #000000;font-size: 12pt\">Izm\u0113ri: 95 x 109 x 93 mm<\/span><br \/>\n<span style=\"color: #000000;font-size: 12pt\">12. Daudzpl\u016bsmu g\u0101zes f\u0101zes filtrs ar main\u0101miem patron\u0101m. Ra\u017eot\u0101js: Alex Autogas, Polija <\/span><br \/>\n<span style=\"color: #000000;font-size: 12pt\">13. &#8220;C\" modelim ir papildu ligzda BOSCH MAP sensora uzst\u0101d\u012b\u0161anai.<\/span><br \/>\n<span style=\"color: #000000;font-size: 12pt\">Korpusa materi\u0101ls:<\/span><\/p>\n<p><span style=\"color: #000000;font-size: 12pt\">Plastmasa<\/span><\/p>\n<p><span style=\"color: #000000;font-size: 12pt\">Iesp\u0113ja v\u0113rst iepl\u016bdes\/izpl\u016bdes atveri \u010detros da\u017e\u0101dos virzienos.<\/span><\/p>\n<p><span style=\"color: #000000;font-size: 12pt\">Ap\u0123\u0113rbu materi\u0101ls:<\/span><\/p>\n<p><span style=\"color: #000000;font-size: 12pt\">Polester oH<\/span><\/p>\n<p><span style=\"color: #000000;font-size: 12pt\">Filtr\u0101cijas virsma \/ Aiztur\u0113t\u0101s da\u013ci\u0146as:<\/span><\/p>\n<p><span style=\"color: #000000;font-size: 12pt\">0,017 m2 \/ no 1\u03bcm un 99%<\/span><\/p>\n<p><span style=\"color: #000000;font-size: 12pt\">Jauda:<\/span><\/p>\n<p><span style=\"color: #000000;font-size: 12pt\">250 l \/(m2-s)<\/span><\/p>\n","protected":false},"excerpt":{"rendered":"<p>Reduktors SHARK 1500<\/p>\n","protected":false},"featured_media":15501,"template":"","meta":[],"product_brand":[],"product_cat":[144],"product_tag":[145],"class_list":{"0":"post-15818","1":"product","2":"type-product","3":"status-publish","4":"has-post-thumbnail","6":"product_cat-reducers","7":"product_tag-reducers","9":"first","10":"instock","11":"taxable","12":"shipping-taxable","13":"purchasable","14":"product-type-simple"},"yoast_head":"<!-- This site is optimized with the Yoast SEO plugin v27.0 - https:\/\/yoast.com\/product\/yoast-seo-wordpress\/ -->\n<title>Reduktors SHARK 1500 - Sistemos Klaip\u0117da<\/title>\n<meta name=\"robots\" content=\"index, follow, max-snippet:-1, max-image-preview:large, max-video-preview:-1\" \/>\n<link rel=\"canonical\" href=\"https:\/\/sistemosklaipeda.com\/lv\/produkts\/reduktors-shark-1500\/\" \/>\n<meta property=\"og:locale\" content=\"lv_LV\" \/>\n<meta property=\"og:type\" content=\"article\" \/>\n<meta property=\"og:title\" content=\"Reduktors SHARK 1500 - Sistemos Klaip\u0117da\" \/>\n<meta property=\"og:description\" content=\"Reduktors SHARK 1500\" \/>\n<meta property=\"og:url\" content=\"https:\/\/sistemosklaipeda.com\/lv\/produkts\/reduktors-shark-1500\/\" \/>\n<meta property=\"og:site_name\" content=\"Sistemos Klaip\u0117da\" \/>\n<meta property=\"article:publisher\" content=\"https:\/\/www.facebook.com\/SistemosKlp\" \/>\n<meta property=\"article:modified_time\" content=\"2025-12-21T20:34:14+00:00\" \/>\n<meta property=\"og:image\" content=\"https:\/\/sistemosklaipeda.com\/wp-content\/uploads\/2024\/05\/662.png\" \/>\n\t<meta property=\"og:image:width\" content=\"776\" \/>\n\t<meta property=\"og:image:height\" content=\"800\" \/>\n\t<meta property=\"og:image:type\" content=\"image\/png\" \/>\n<meta name=\"twitter:card\" content=\"summary_large_image\" \/>\n<meta name=\"twitter:label1\" content=\"Est. reading time\" \/>\n\t<meta name=\"twitter:data1\" content=\"1 minute\" \/>\n<script type=\"application\/ld+json\" class=\"yoast-schema-graph\">{\"@context\":\"https:\/\/schema.org\",\"@graph\":[{\"@type\":\"WebPage\",\"@id\":\"https:\/\/sistemosklaipeda.com\/lv\/produkts\/reduktors-shark-1500\/\",\"url\":\"https:\/\/sistemosklaipeda.com\/lv\/produkts\/reduktors-shark-1500\/\",\"name\":\"Reduktors SHARK 1500 - Sistemos Klaip\u0117da\",\"isPartOf\":{\"@id\":\"https:\/\/sistemosklaipeda.com\/lv\/#website\"},\"primaryImageOfPage\":{\"@id\":\"https:\/\/sistemosklaipeda.com\/lv\/produkts\/reduktors-shark-1500\/#primaryimage\"},\"image\":{\"@id\":\"https:\/\/sistemosklaipeda.com\/lv\/produkts\/reduktors-shark-1500\/#primaryimage\"},\"thumbnailUrl\":\"https:\/\/sistemosklaipeda.com\/wp-content\/uploads\/2024\/05\/662.png\",\"datePublished\":\"2024-08-11T15:11:16+00:00\",\"dateModified\":\"2025-12-21T20:34:14+00:00\",\"breadcrumb\":{\"@id\":\"https:\/\/sistemosklaipeda.com\/lv\/produkts\/reduktors-shark-1500\/#breadcrumb\"},\"inLanguage\":\"lv-LV\",\"potentialAction\":[{\"@type\":\"ReadAction\",\"target\":[\"https:\/\/sistemosklaipeda.com\/lv\/produkts\/reduktors-shark-1500\/\"]}]},{\"@type\":\"ImageObject\",\"inLanguage\":\"lv-LV\",\"@id\":\"https:\/\/sistemosklaipeda.com\/lv\/produkts\/reduktors-shark-1500\/#primaryimage\",\"url\":\"https:\/\/sistemosklaipeda.com\/wp-content\/uploads\/2024\/05\/662.png\",\"contentUrl\":\"https:\/\/sistemosklaipeda.com\/wp-content\/uploads\/2024\/05\/662.png\",\"width\":776,\"height\":800,\"caption\":\"ALEX SHARK 1500 reduktorius\"},{\"@type\":\"BreadcrumbList\",\"@id\":\"https:\/\/sistemosklaipeda.com\/lv\/produkts\/reduktors-shark-1500\/#breadcrumb\",\"itemListElement\":[{\"@type\":\"ListItem\",\"position\":1,\"name\":\"Prad\u017eia\",\"item\":\"https:\/\/sistemosklaipeda.com\/lv\/veikals\/\"},{\"@type\":\"ListItem\",\"position\":2,\"name\":\"Veikals\",\"item\":\"https:\/\/sistemosklaipeda.com\/lv\/veikals\/\"},{\"@type\":\"ListItem\",\"position\":3,\"name\":\"Reduktors SHARK 1500\"}]},{\"@type\":\"WebSite\",\"@id\":\"https:\/\/sistemosklaipeda.com\/lv\/#website\",\"url\":\"https:\/\/sistemosklaipeda.com\/lv\/\",\"name\":\"Sistemos Klaip\u0117da\",\"description\":\"Kokybi\u0161ka duj\u0173 \u012franga ir jos komponentai, kabliai ir priedai\",\"publisher\":{\"@id\":\"https:\/\/sistemosklaipeda.com\/lv\/#organization\"},\"potentialAction\":[{\"@type\":\"SearchAction\",\"target\":{\"@type\":\"EntryPoint\",\"urlTemplate\":\"https:\/\/sistemosklaipeda.com\/lv\/?s={search_term_string}\"},\"query-input\":{\"@type\":\"PropertyValueSpecification\",\"valueRequired\":true,\"valueName\":\"search_term_string\"}}],\"inLanguage\":\"lv-LV\"},{\"@type\":\"Organization\",\"@id\":\"https:\/\/sistemosklaipeda.com\/lv\/#organization\",\"name\":\"Sistemos Klaip\u0117da\",\"alternateName\":\"Sistemos\",\"url\":\"https:\/\/sistemosklaipeda.com\/lv\/\",\"logo\":{\"@type\":\"ImageObject\",\"inLanguage\":\"lv-LV\",\"@id\":\"https:\/\/sistemosklaipeda.com\/lv\/#\/schema\/logo\/image\/\",\"url\":\"https:\/\/sistemosklaipeda.com\/wp-content\/uploads\/2023\/09\/sistemos-logo-cropperd-e1695968047774.png\",\"contentUrl\":\"https:\/\/sistemosklaipeda.com\/wp-content\/uploads\/2023\/09\/sistemos-logo-cropperd-e1695968047774.png\",\"width\":401,\"height\":206,\"caption\":\"Sistemos Klaip\u0117da\"},\"image\":{\"@id\":\"https:\/\/sistemosklaipeda.com\/lv\/#\/schema\/logo\/image\/\"},\"sameAs\":[\"https:\/\/www.facebook.com\/SistemosKlp\",\"https:\/\/www.instagram.com\/sistemosklaipeda\/\"]}]}<\/script>\n<!-- \/ Yoast SEO plugin. -->","yoast_head_json":{"title":"Reduktors SHARK 1500 - Sistemos Klaip\u0117da","robots":{"index":"index","follow":"follow","max-snippet":"max-snippet:-1","max-image-preview":"max-image-preview:large","max-video-preview":"max-video-preview:-1"},"canonical":"https:\/\/sistemosklaipeda.com\/lv\/produkts\/reduktors-shark-1500\/","og_locale":"lv_LV","og_type":"article","og_title":"Reduktors SHARK 1500 - Sistemos Klaip\u0117da","og_description":"Reduktors SHARK 1500","og_url":"https:\/\/sistemosklaipeda.com\/lv\/produkts\/reduktors-shark-1500\/","og_site_name":"Sistemos Klaip\u0117da","article_publisher":"https:\/\/www.facebook.com\/SistemosKlp","article_modified_time":"2025-12-21T20:34:14+00:00","og_image":[{"width":776,"height":800,"url":"https:\/\/sistemosklaipeda.com\/wp-content\/uploads\/2024\/05\/662.png","type":"image\/png"}],"twitter_card":"summary_large_image","twitter_misc":{"Est. reading time":"1 minute"},"schema":{"@context":"https:\/\/schema.org","@graph":[{"@type":"WebPage","@id":"https:\/\/sistemosklaipeda.com\/lv\/produkts\/reduktors-shark-1500\/","url":"https:\/\/sistemosklaipeda.com\/lv\/produkts\/reduktors-shark-1500\/","name":"Reduktors SHARK 1500 - Sistemos Klaip\u0117da","isPartOf":{"@id":"https:\/\/sistemosklaipeda.com\/lv\/#website"},"primaryImageOfPage":{"@id":"https:\/\/sistemosklaipeda.com\/lv\/produkts\/reduktors-shark-1500\/#primaryimage"},"image":{"@id":"https:\/\/sistemosklaipeda.com\/lv\/produkts\/reduktors-shark-1500\/#primaryimage"},"thumbnailUrl":"https:\/\/sistemosklaipeda.com\/wp-content\/uploads\/2024\/05\/662.png","datePublished":"2024-08-11T15:11:16+00:00","dateModified":"2025-12-21T20:34:14+00:00","breadcrumb":{"@id":"https:\/\/sistemosklaipeda.com\/lv\/produkts\/reduktors-shark-1500\/#breadcrumb"},"inLanguage":"lv-LV","potentialAction":[{"@type":"ReadAction","target":["https:\/\/sistemosklaipeda.com\/lv\/produkts\/reduktors-shark-1500\/"]}]},{"@type":"ImageObject","inLanguage":"lv-LV","@id":"https:\/\/sistemosklaipeda.com\/lv\/produkts\/reduktors-shark-1500\/#primaryimage","url":"https:\/\/sistemosklaipeda.com\/wp-content\/uploads\/2024\/05\/662.png","contentUrl":"https:\/\/sistemosklaipeda.com\/wp-content\/uploads\/2024\/05\/662.png","width":776,"height":800,"caption":"ALEX SHARK 1500 reduktorius"},{"@type":"BreadcrumbList","@id":"https:\/\/sistemosklaipeda.com\/lv\/produkts\/reduktors-shark-1500\/#breadcrumb","itemListElement":[{"@type":"ListItem","position":1,"name":"Prad\u017eia","item":"https:\/\/sistemosklaipeda.com\/lv\/veikals\/"},{"@type":"ListItem","position":2,"name":"Veikals","item":"https:\/\/sistemosklaipeda.com\/lv\/veikals\/"},{"@type":"ListItem","position":3,"name":"Reduktors SHARK 1500"}]},{"@type":"WebSite","@id":"https:\/\/sistemosklaipeda.com\/lv\/#website","url":"https:\/\/sistemosklaipeda.com\/lv\/","name":"Sistemos Klaip\u0117da","description":"Kokybi\u0161ka duj\u0173 \u012franga ir jos komponentai, kabliai ir priedai","publisher":{"@id":"https:\/\/sistemosklaipeda.com\/lv\/#organization"},"potentialAction":[{"@type":"SearchAction","target":{"@type":"EntryPoint","urlTemplate":"https:\/\/sistemosklaipeda.com\/lv\/?s={search_term_string}"},"query-input":{"@type":"PropertyValueSpecification","valueRequired":true,"valueName":"search_term_string"}}],"inLanguage":"lv-LV"},{"@type":"Organization","@id":"https:\/\/sistemosklaipeda.com\/lv\/#organization","name":"Sistemos Klaip\u0117da","alternateName":"Sistemos","url":"https:\/\/sistemosklaipeda.com\/lv\/","logo":{"@type":"ImageObject","inLanguage":"lv-LV","@id":"https:\/\/sistemosklaipeda.com\/lv\/#\/schema\/logo\/image\/","url":"https:\/\/sistemosklaipeda.com\/wp-content\/uploads\/2023\/09\/sistemos-logo-cropperd-e1695968047774.png","contentUrl":"https:\/\/sistemosklaipeda.com\/wp-content\/uploads\/2023\/09\/sistemos-logo-cropperd-e1695968047774.png","width":401,"height":206,"caption":"Sistemos Klaip\u0117da"},"image":{"@id":"https:\/\/sistemosklaipeda.com\/lv\/#\/schema\/logo\/image\/"},"sameAs":["https:\/\/www.facebook.com\/SistemosKlp","https:\/\/www.instagram.com\/sistemosklaipeda\/"]}]}},"_links":{"self":[{"href":"https:\/\/sistemosklaipeda.com\/lv\/wp-json\/wp\/v2\/product\/15818","targetHints":{"allow":["GET"]}}],"collection":[{"href":"https:\/\/sistemosklaipeda.com\/lv\/wp-json\/wp\/v2\/product"}],"about":[{"href":"https:\/\/sistemosklaipeda.com\/lv\/wp-json\/wp\/v2\/types\/product"}],"wp:featuredmedia":[{"embeddable":true,"href":"https:\/\/sistemosklaipeda.com\/lv\/wp-json\/wp\/v2\/media\/15501"}],"wp:attachment":[{"href":"https:\/\/sistemosklaipeda.com\/lv\/wp-json\/wp\/v2\/media?parent=15818"}],"wp:term":[{"taxonomy":"product_brand","embeddable":true,"href":"https:\/\/sistemosklaipeda.com\/lv\/wp-json\/wp\/v2\/product_brand?post=15818"},{"taxonomy":"product_cat","embeddable":true,"href":"https:\/\/sistemosklaipeda.com\/lv\/wp-json\/wp\/v2\/product_cat?post=15818"},{"taxonomy":"product_tag","embeddable":true,"href":"https:\/\/sistemosklaipeda.com\/lv\/wp-json\/wp\/v2\/product_tag?post=15818"}],"curies":[{"name":"wp","href":"https:\/\/api.w.org\/{rel}","templated":true}]}}