{"id":15816,"date":"2019-09-02T05:18:53","date_gmt":"2024-08-11T15:10:33","guid":{"rendered":"https:\/\/sistemosklaipeda.com\/product\/gazes-inzektori-aeb-landi-renzo-3-cilindri\/"},"modified":"2025-12-21T20:34:28","modified_gmt":"2025-12-21T20:34:28","slug":"gazes-inzektori-aeb-landi-renzo-3-cilindri","status":"publish","type":"product","link":"https:\/\/sistemosklaipeda.com\/lv\/produkts\/gazes-inzektori-aeb-landi-renzo-3-cilindri\/","title":{"rendered":"G\u0101zes in\u017eektori AEB\/Landi Renzo 3 cilindri"},"content":{"rendered":"<p>3 cilindru iesmidzin\u0101\u0161anas sliedi ar spoles pretest\u012bbu 2 omi (I-PLUS), ko ra\u017eo It\u0101lijas uz\u0146\u0113mums AEB.<br \/>\nSprauslu sliedi izmanto ceturt\u0101s paaudzes automobi\u013cu g\u0101zes iek\u0101rt\u0101m (sec\u012bga g\u0101zes iesmidzin\u0101\u0161ana).<br \/>\nAEB sprauslu sliedes raksturo augsta neiej\u016bt\u012bba pret pies\u0101r\u0146otu sa\u0161\u0137idrin\u0101tu naftas g\u0101zi, vienk\u0101r\u0161a apkope un remonts, pla\u0161s darba spiediena diapazons l\u012bdz 4,5 b\u0101riem, kas nodro\u0161ina stabilu sist\u0113mas darb\u012bbu, un vienm\u0113r\u012bgs pl\u016bsmas \u0101trums vis\u0101s sprauslu sekcij\u0101s.<\/p>\n<p>Tehniskie dati:<\/p>\n<p>Maksim\u0101lais darba spiediens: 4,5 b\u0101ri<br \/>\nDarba spriegums: 10,8 - 14,4 V<br \/>\nSpoles pretest\u012bba: 2 Omi<br \/>\nMinim\u0101lais sprauslas atv\u0113r\u0161anas laiks: 2,5 ms<br \/>\nMaksim\u0101lais sprauslas atv\u0113r\u0161anas laiks: 25 ms<br \/>\nG\u0101zes iepl\u016bdes caurules diametrs: 12 mm<br \/>\nSprauslas stiprin\u0101\u0161ana ar skav\u0101m<br \/>\nKalibr\u0113ts sprauslas diametrs: 1,6 - 2,6 mm<br \/>\nDarba temperat\u016bra: -20\u00b0C \u00f7 120\u00b0C<\/p>\n<p>Ietver:<\/p>\n<p>Injekcijas sliedes AEB 3 cil<\/p>\n","protected":false},"excerpt":{"rendered":"<p>AEB\/Landi Renzo 3 cilindru g\u0101zes in\u017eektori.<\/p>\n","protected":false},"featured_media":15429,"template":"","meta":[],"product_brand":[],"product_cat":[130],"product_tag":[158,146,134],"class_list":{"0":"post-15816","1":"product","2":"type-product","3":"status-publish","4":"has-post-thumbnail","6":"product_cat-gazes-sprauslas","7":"product_tag-aeb-lv","8":"product_tag-landi-renzo-lv","9":"product_tag-sprauslas","11":"first","12":"instock","13":"taxable","14":"shipping-taxable","15":"purchasable","16":"product-type-simple"},"yoast_head":"<!-- This site is optimized with the Yoast SEO plugin v27.0 - https:\/\/yoast.com\/product\/yoast-seo-wordpress\/ -->\n<title>G\u0101zes in\u017eektori AEB\/Landi Renzo 3 cilindri<\/title>\n<meta name=\"robots\" content=\"index, follow, max-snippet:-1, max-image-preview:large, max-video-preview:-1\" \/>\n<link rel=\"canonical\" href=\"https:\/\/sistemosklaipeda.com\/lv\/produkts\/gazes-inzektori-aeb-landi-renzo-3-cilindri\/\" \/>\n<meta property=\"og:locale\" content=\"lv_LV\" \/>\n<meta property=\"og:type\" content=\"article\" \/>\n<meta property=\"og:title\" content=\"G\u0101zes in\u017eektori AEB\/Landi Renzo 3 cilindri\" \/>\n<meta property=\"og:description\" content=\"AEB\/Landi Renzo 3 cilindru g\u0101zes in\u017eektori.\" \/>\n<meta property=\"og:url\" content=\"https:\/\/sistemosklaipeda.com\/lv\/produkts\/gazes-inzektori-aeb-landi-renzo-3-cilindri\/\" \/>\n<meta property=\"og:site_name\" content=\"Sistemos Klaip\u0117da\" \/>\n<meta property=\"article:publisher\" content=\"https:\/\/www.facebook.com\/SistemosKlp\" \/>\n<meta property=\"article:modified_time\" content=\"2025-12-21T20:34:28+00:00\" \/>\n<meta property=\"og:image\" content=\"https:\/\/sistemosklaipeda.com\/wp-content\/uploads\/2024\/05\/1240.png\" \/>\n\t<meta property=\"og:image:width\" content=\"776\" \/>\n\t<meta property=\"og:image:height\" content=\"800\" \/>\n\t<meta property=\"og:image:type\" content=\"image\/png\" \/>\n<meta name=\"twitter:card\" content=\"summary_large_image\" \/>\n<meta name=\"twitter:label1\" content=\"Est. reading time\" \/>\n\t<meta name=\"twitter:data1\" content=\"1 minute\" \/>\n<script type=\"application\/ld+json\" class=\"yoast-schema-graph\">{\"@context\":\"https:\/\/schema.org\",\"@graph\":[{\"@type\":\"WebPage\",\"@id\":\"https:\/\/sistemosklaipeda.com\/lv\/produkts\/gazes-inzektori-aeb-landi-renzo-3-cilindri\/\",\"url\":\"https:\/\/sistemosklaipeda.com\/lv\/produkts\/gazes-inzektori-aeb-landi-renzo-3-cilindri\/\",\"name\":\"G\u0101zes in\u017eektori AEB\/Landi Renzo 3 cilindri\",\"isPartOf\":{\"@id\":\"https:\/\/sistemosklaipeda.com\/lv\/#website\"},\"primaryImageOfPage\":{\"@id\":\"https:\/\/sistemosklaipeda.com\/lv\/produkts\/gazes-inzektori-aeb-landi-renzo-3-cilindri\/#primaryimage\"},\"image\":{\"@id\":\"https:\/\/sistemosklaipeda.com\/lv\/produkts\/gazes-inzektori-aeb-landi-renzo-3-cilindri\/#primaryimage\"},\"thumbnailUrl\":\"https:\/\/sistemosklaipeda.com\/wp-content\/uploads\/2024\/05\/1240.png\",\"datePublished\":\"2024-08-11T15:10:33+00:00\",\"dateModified\":\"2025-12-21T20:34:28+00:00\",\"breadcrumb\":{\"@id\":\"https:\/\/sistemosklaipeda.com\/lv\/produkts\/gazes-inzektori-aeb-landi-renzo-3-cilindri\/#breadcrumb\"},\"inLanguage\":\"lv-LV\",\"potentialAction\":[{\"@type\":\"ReadAction\",\"target\":[\"https:\/\/sistemosklaipeda.com\/lv\/produkts\/gazes-inzektori-aeb-landi-renzo-3-cilindri\/\"]}]},{\"@type\":\"ImageObject\",\"inLanguage\":\"lv-LV\",\"@id\":\"https:\/\/sistemosklaipeda.com\/lv\/produkts\/gazes-inzektori-aeb-landi-renzo-3-cilindri\/#primaryimage\",\"url\":\"https:\/\/sistemosklaipeda.com\/wp-content\/uploads\/2024\/05\/1240.png\",\"contentUrl\":\"https:\/\/sistemosklaipeda.com\/wp-content\/uploads\/2024\/05\/1240.png\",\"width\":776,\"height\":800,\"caption\":\"AEB purk\u0161tukas 3 cil\"},{\"@type\":\"BreadcrumbList\",\"@id\":\"https:\/\/sistemosklaipeda.com\/lv\/produkts\/gazes-inzektori-aeb-landi-renzo-3-cilindri\/#breadcrumb\",\"itemListElement\":[{\"@type\":\"ListItem\",\"position\":1,\"name\":\"Prad\u017eia\",\"item\":\"https:\/\/sistemosklaipeda.com\/lv\/veikals\/\"},{\"@type\":\"ListItem\",\"position\":2,\"name\":\"Veikals\",\"item\":\"https:\/\/sistemosklaipeda.com\/lv\/veikals\/\"},{\"@type\":\"ListItem\",\"position\":3,\"name\":\"G\u0101zes in\u017eektori AEB\/Landi Renzo 3 cilindri\"}]},{\"@type\":\"WebSite\",\"@id\":\"https:\/\/sistemosklaipeda.com\/lv\/#website\",\"url\":\"https:\/\/sistemosklaipeda.com\/lv\/\",\"name\":\"Sistemos Klaip\u0117da\",\"description\":\"Kokybi\u0161ka duj\u0173 \u012franga ir jos komponentai, kabliai ir priedai\",\"publisher\":{\"@id\":\"https:\/\/sistemosklaipeda.com\/lv\/#organization\"},\"potentialAction\":[{\"@type\":\"SearchAction\",\"target\":{\"@type\":\"EntryPoint\",\"urlTemplate\":\"https:\/\/sistemosklaipeda.com\/lv\/?s={search_term_string}\"},\"query-input\":{\"@type\":\"PropertyValueSpecification\",\"valueRequired\":true,\"valueName\":\"search_term_string\"}}],\"inLanguage\":\"lv-LV\"},{\"@type\":\"Organization\",\"@id\":\"https:\/\/sistemosklaipeda.com\/lv\/#organization\",\"name\":\"Sistemos Klaip\u0117da\",\"alternateName\":\"Sistemos\",\"url\":\"https:\/\/sistemosklaipeda.com\/lv\/\",\"logo\":{\"@type\":\"ImageObject\",\"inLanguage\":\"lv-LV\",\"@id\":\"https:\/\/sistemosklaipeda.com\/lv\/#\/schema\/logo\/image\/\",\"url\":\"https:\/\/sistemosklaipeda.com\/wp-content\/uploads\/2023\/09\/sistemos-logo-cropperd-e1695968047774.png\",\"contentUrl\":\"https:\/\/sistemosklaipeda.com\/wp-content\/uploads\/2023\/09\/sistemos-logo-cropperd-e1695968047774.png\",\"width\":401,\"height\":206,\"caption\":\"Sistemos Klaip\u0117da\"},\"image\":{\"@id\":\"https:\/\/sistemosklaipeda.com\/lv\/#\/schema\/logo\/image\/\"},\"sameAs\":[\"https:\/\/www.facebook.com\/SistemosKlp\",\"https:\/\/www.instagram.com\/sistemosklaipeda\/\"]}]}<\/script>\n<!-- \/ Yoast SEO plugin. -->","yoast_head_json":{"title":"G\u0101zes in\u017eektori AEB\/Landi Renzo 3 cilindri","robots":{"index":"index","follow":"follow","max-snippet":"max-snippet:-1","max-image-preview":"max-image-preview:large","max-video-preview":"max-video-preview:-1"},"canonical":"https:\/\/sistemosklaipeda.com\/lv\/produkts\/gazes-inzektori-aeb-landi-renzo-3-cilindri\/","og_locale":"lv_LV","og_type":"article","og_title":"G\u0101zes in\u017eektori AEB\/Landi Renzo 3 cilindri","og_description":"AEB\/Landi Renzo 3 cilindru g\u0101zes in\u017eektori.","og_url":"https:\/\/sistemosklaipeda.com\/lv\/produkts\/gazes-inzektori-aeb-landi-renzo-3-cilindri\/","og_site_name":"Sistemos Klaip\u0117da","article_publisher":"https:\/\/www.facebook.com\/SistemosKlp","article_modified_time":"2025-12-21T20:34:28+00:00","og_image":[{"width":776,"height":800,"url":"https:\/\/sistemosklaipeda.com\/wp-content\/uploads\/2024\/05\/1240.png","type":"image\/png"}],"twitter_card":"summary_large_image","twitter_misc":{"Est. reading time":"1 minute"},"schema":{"@context":"https:\/\/schema.org","@graph":[{"@type":"WebPage","@id":"https:\/\/sistemosklaipeda.com\/lv\/produkts\/gazes-inzektori-aeb-landi-renzo-3-cilindri\/","url":"https:\/\/sistemosklaipeda.com\/lv\/produkts\/gazes-inzektori-aeb-landi-renzo-3-cilindri\/","name":"G\u0101zes in\u017eektori AEB\/Landi Renzo 3 cilindri","isPartOf":{"@id":"https:\/\/sistemosklaipeda.com\/lv\/#website"},"primaryImageOfPage":{"@id":"https:\/\/sistemosklaipeda.com\/lv\/produkts\/gazes-inzektori-aeb-landi-renzo-3-cilindri\/#primaryimage"},"image":{"@id":"https:\/\/sistemosklaipeda.com\/lv\/produkts\/gazes-inzektori-aeb-landi-renzo-3-cilindri\/#primaryimage"},"thumbnailUrl":"https:\/\/sistemosklaipeda.com\/wp-content\/uploads\/2024\/05\/1240.png","datePublished":"2024-08-11T15:10:33+00:00","dateModified":"2025-12-21T20:34:28+00:00","breadcrumb":{"@id":"https:\/\/sistemosklaipeda.com\/lv\/produkts\/gazes-inzektori-aeb-landi-renzo-3-cilindri\/#breadcrumb"},"inLanguage":"lv-LV","potentialAction":[{"@type":"ReadAction","target":["https:\/\/sistemosklaipeda.com\/lv\/produkts\/gazes-inzektori-aeb-landi-renzo-3-cilindri\/"]}]},{"@type":"ImageObject","inLanguage":"lv-LV","@id":"https:\/\/sistemosklaipeda.com\/lv\/produkts\/gazes-inzektori-aeb-landi-renzo-3-cilindri\/#primaryimage","url":"https:\/\/sistemosklaipeda.com\/wp-content\/uploads\/2024\/05\/1240.png","contentUrl":"https:\/\/sistemosklaipeda.com\/wp-content\/uploads\/2024\/05\/1240.png","width":776,"height":800,"caption":"AEB purk\u0161tukas 3 cil"},{"@type":"BreadcrumbList","@id":"https:\/\/sistemosklaipeda.com\/lv\/produkts\/gazes-inzektori-aeb-landi-renzo-3-cilindri\/#breadcrumb","itemListElement":[{"@type":"ListItem","position":1,"name":"Prad\u017eia","item":"https:\/\/sistemosklaipeda.com\/lv\/veikals\/"},{"@type":"ListItem","position":2,"name":"Veikals","item":"https:\/\/sistemosklaipeda.com\/lv\/veikals\/"},{"@type":"ListItem","position":3,"name":"G\u0101zes in\u017eektori AEB\/Landi Renzo 3 cilindri"}]},{"@type":"WebSite","@id":"https:\/\/sistemosklaipeda.com\/lv\/#website","url":"https:\/\/sistemosklaipeda.com\/lv\/","name":"Sistemos Klaip\u0117da","description":"Kokybi\u0161ka duj\u0173 \u012franga ir jos komponentai, kabliai ir priedai","publisher":{"@id":"https:\/\/sistemosklaipeda.com\/lv\/#organization"},"potentialAction":[{"@type":"SearchAction","target":{"@type":"EntryPoint","urlTemplate":"https:\/\/sistemosklaipeda.com\/lv\/?s={search_term_string}"},"query-input":{"@type":"PropertyValueSpecification","valueRequired":true,"valueName":"search_term_string"}}],"inLanguage":"lv-LV"},{"@type":"Organization","@id":"https:\/\/sistemosklaipeda.com\/lv\/#organization","name":"Sistemos Klaip\u0117da","alternateName":"Sistemos","url":"https:\/\/sistemosklaipeda.com\/lv\/","logo":{"@type":"ImageObject","inLanguage":"lv-LV","@id":"https:\/\/sistemosklaipeda.com\/lv\/#\/schema\/logo\/image\/","url":"https:\/\/sistemosklaipeda.com\/wp-content\/uploads\/2023\/09\/sistemos-logo-cropperd-e1695968047774.png","contentUrl":"https:\/\/sistemosklaipeda.com\/wp-content\/uploads\/2023\/09\/sistemos-logo-cropperd-e1695968047774.png","width":401,"height":206,"caption":"Sistemos Klaip\u0117da"},"image":{"@id":"https:\/\/sistemosklaipeda.com\/lv\/#\/schema\/logo\/image\/"},"sameAs":["https:\/\/www.facebook.com\/SistemosKlp","https:\/\/www.instagram.com\/sistemosklaipeda\/"]}]}},"_links":{"self":[{"href":"https:\/\/sistemosklaipeda.com\/lv\/wp-json\/wp\/v2\/product\/15816","targetHints":{"allow":["GET"]}}],"collection":[{"href":"https:\/\/sistemosklaipeda.com\/lv\/wp-json\/wp\/v2\/product"}],"about":[{"href":"https:\/\/sistemosklaipeda.com\/lv\/wp-json\/wp\/v2\/types\/product"}],"wp:featuredmedia":[{"embeddable":true,"href":"https:\/\/sistemosklaipeda.com\/lv\/wp-json\/wp\/v2\/media\/15429"}],"wp:attachment":[{"href":"https:\/\/sistemosklaipeda.com\/lv\/wp-json\/wp\/v2\/media?parent=15816"}],"wp:term":[{"taxonomy":"product_brand","embeddable":true,"href":"https:\/\/sistemosklaipeda.com\/lv\/wp-json\/wp\/v2\/product_brand?post=15816"},{"taxonomy":"product_cat","embeddable":true,"href":"https:\/\/sistemosklaipeda.com\/lv\/wp-json\/wp\/v2\/product_cat?post=15816"},{"taxonomy":"product_tag","embeddable":true,"href":"https:\/\/sistemosklaipeda.com\/lv\/wp-json\/wp\/v2\/product_tag?post=15816"}],"curies":[{"name":"wp","href":"https:\/\/api.w.org\/{rel}","templated":true}]}}