{"id":15810,"date":"2019-09-02T05:07:59","date_gmt":"2024-08-11T15:10:29","guid":{"rendered":"https:\/\/sistemosklaipeda.com\/product\/valtek-4-cilindru-gazes-sprauslas\/"},"modified":"2025-12-21T20:34:39","modified_gmt":"2025-12-21T20:34:39","slug":"valtek-4-cilindru-gazes-sprauslas","status":"publish","type":"product","link":"https:\/\/sistemosklaipeda.com\/lv\/produkts\/valtek-4-cilindru-gazes-sprauslas\/","title":{"rendered":"VALTEK 4 cilindru g\u0101zes sprauslas"},"content":{"rendered":"<p>VALTEK TYP 30 \u010detru cilindru versij\u0101 ar 3 omu spoles pretest\u012bbu, sprauslas sliedes, pateicoties vienk\u0101r\u0161ai un p\u0101rbaud\u012btai konstrukcijai, ir \u013coti iztur\u012bgas pret sa\u0161\u0137idrin\u0101t\u0101s g\u0101zes pies\u0101r\u0146ojumu, viegli kopjamas un remont\u0113jamas. Sprausla ir paredz\u0113ta automobi\u013cu sec\u012bg\u0101m sa\u0161\u0137idrin\u0101t\u0101s g\u0101zes iesmidzin\u0101\u0161anas sist\u0113m\u0101m.<\/p>\n<p>Komplekt\u0101:<br \/>\nIesmidzin\u0101\u0161anas sliedes Valtek Type 30 4 cil.<br \/>\nIepl\u016bdes savienot\u0101js fi. 12 (str\u0101vas padeve no sloksnes)<br \/>\nAmortizatoru mont\u0101\u017ea<br \/>\nDio\u017eu kontaktdak\u0161a<br \/>\nSavienojums ar kolektoru<br \/>\nSprauslu savienojumi 1,5 mm<\/p>\n<p>Tehniskie dati:<br \/>\nMaksim\u0101lais lietder\u012bbas koeficients: 36 ZS\/cil.<br \/>\nSpoles pretest\u012bba: 3 Ohm<br \/>\nSpriegums: 12V DC<br \/>\nDarba spiediens: 1,0 bar-2,0 bar<br \/>\nMaksim\u0101lais g\u0101zes spiediens: 3 bar<br \/>\nIepl\u016bdes caurules \u0101r\u0113jais diametrs: 12 mm<br \/>\nIepl\u016bdes caurules un sloksnes v\u0101ka v\u012btne: M12x1,0<\/p>\n","protected":false},"excerpt":{"rendered":"<p>VALTEK 4 cilindru g\u0101zes sprauslas<\/p>\n","protected":false},"featured_media":15231,"template":"","meta":[],"product_brand":[],"product_cat":[130],"product_tag":[134],"class_list":{"0":"post-15810","1":"product","2":"type-product","3":"status-publish","4":"has-post-thumbnail","6":"product_cat-gazes-sprauslas","7":"product_tag-sprauslas","9":"first","10":"instock","11":"taxable","12":"shipping-taxable","13":"purchasable","14":"product-type-simple"},"yoast_head":"<!-- This site is optimized with the Yoast SEO plugin v27.0 - https:\/\/yoast.com\/product\/yoast-seo-wordpress\/ -->\n<title>VALTEK 4 cilindru g\u0101zes sprauslas<\/title>\n<meta name=\"robots\" content=\"index, follow, max-snippet:-1, max-image-preview:large, max-video-preview:-1\" \/>\n<link rel=\"canonical\" href=\"https:\/\/sistemosklaipeda.com\/lv\/produkts\/valtek-4-cilindru-gazes-sprauslas\/\" \/>\n<meta property=\"og:locale\" content=\"lv_LV\" \/>\n<meta property=\"og:type\" content=\"article\" \/>\n<meta property=\"og:title\" content=\"VALTEK 4 cilindru g\u0101zes sprauslas\" \/>\n<meta property=\"og:description\" content=\"VALTEK 4 cilindru g\u0101zes sprauslas\" \/>\n<meta property=\"og:url\" content=\"https:\/\/sistemosklaipeda.com\/lv\/produkts\/valtek-4-cilindru-gazes-sprauslas\/\" \/>\n<meta property=\"og:site_name\" content=\"Sistemos Klaip\u0117da\" \/>\n<meta property=\"article:publisher\" content=\"https:\/\/www.facebook.com\/SistemosKlp\" \/>\n<meta property=\"article:modified_time\" content=\"2025-12-21T20:34:39+00:00\" \/>\n<meta property=\"og:image\" content=\"https:\/\/sistemosklaipeda.com\/wp-content\/uploads\/2024\/05\/1369.png\" \/>\n\t<meta property=\"og:image:width\" content=\"776\" \/>\n\t<meta property=\"og:image:height\" content=\"800\" \/>\n\t<meta property=\"og:image:type\" content=\"image\/png\" \/>\n<meta name=\"twitter:card\" content=\"summary_large_image\" \/>\n<meta name=\"twitter:label1\" content=\"Est. reading time\" \/>\n\t<meta name=\"twitter:data1\" content=\"1 minute\" \/>\n<script type=\"application\/ld+json\" class=\"yoast-schema-graph\">{\"@context\":\"https:\/\/schema.org\",\"@graph\":[{\"@type\":\"WebPage\",\"@id\":\"https:\/\/sistemosklaipeda.com\/lv\/produkts\/valtek-4-cilindru-gazes-sprauslas\/\",\"url\":\"https:\/\/sistemosklaipeda.com\/lv\/produkts\/valtek-4-cilindru-gazes-sprauslas\/\",\"name\":\"VALTEK 4 cilindru g\u0101zes sprauslas\",\"isPartOf\":{\"@id\":\"https:\/\/sistemosklaipeda.com\/lv\/#website\"},\"primaryImageOfPage\":{\"@id\":\"https:\/\/sistemosklaipeda.com\/lv\/produkts\/valtek-4-cilindru-gazes-sprauslas\/#primaryimage\"},\"image\":{\"@id\":\"https:\/\/sistemosklaipeda.com\/lv\/produkts\/valtek-4-cilindru-gazes-sprauslas\/#primaryimage\"},\"thumbnailUrl\":\"https:\/\/sistemosklaipeda.com\/wp-content\/uploads\/2024\/05\/1369.png\",\"datePublished\":\"2024-08-11T15:10:29+00:00\",\"dateModified\":\"2025-12-21T20:34:39+00:00\",\"breadcrumb\":{\"@id\":\"https:\/\/sistemosklaipeda.com\/lv\/produkts\/valtek-4-cilindru-gazes-sprauslas\/#breadcrumb\"},\"inLanguage\":\"lv-LV\",\"potentialAction\":[{\"@type\":\"ReadAction\",\"target\":[\"https:\/\/sistemosklaipeda.com\/lv\/produkts\/valtek-4-cilindru-gazes-sprauslas\/\"]}]},{\"@type\":\"ImageObject\",\"inLanguage\":\"lv-LV\",\"@id\":\"https:\/\/sistemosklaipeda.com\/lv\/produkts\/valtek-4-cilindru-gazes-sprauslas\/#primaryimage\",\"url\":\"https:\/\/sistemosklaipeda.com\/wp-content\/uploads\/2024\/05\/1369.png\",\"contentUrl\":\"https:\/\/sistemosklaipeda.com\/wp-content\/uploads\/2024\/05\/1369.png\",\"width\":776,\"height\":800,\"caption\":\"Duj\u0173 purk\u0161tukai VALTEK 4 cilindr\u0173\"},{\"@type\":\"BreadcrumbList\",\"@id\":\"https:\/\/sistemosklaipeda.com\/lv\/produkts\/valtek-4-cilindru-gazes-sprauslas\/#breadcrumb\",\"itemListElement\":[{\"@type\":\"ListItem\",\"position\":1,\"name\":\"Prad\u017eia\",\"item\":\"https:\/\/sistemosklaipeda.com\/lv\/veikals\/\"},{\"@type\":\"ListItem\",\"position\":2,\"name\":\"Veikals\",\"item\":\"https:\/\/sistemosklaipeda.com\/lv\/veikals\/\"},{\"@type\":\"ListItem\",\"position\":3,\"name\":\"VALTEK 4 cilindru g\u0101zes sprauslas\"}]},{\"@type\":\"WebSite\",\"@id\":\"https:\/\/sistemosklaipeda.com\/lv\/#website\",\"url\":\"https:\/\/sistemosklaipeda.com\/lv\/\",\"name\":\"Sistemos Klaip\u0117da\",\"description\":\"Kokybi\u0161ka duj\u0173 \u012franga ir jos komponentai, kabliai ir priedai\",\"publisher\":{\"@id\":\"https:\/\/sistemosklaipeda.com\/lv\/#organization\"},\"potentialAction\":[{\"@type\":\"SearchAction\",\"target\":{\"@type\":\"EntryPoint\",\"urlTemplate\":\"https:\/\/sistemosklaipeda.com\/lv\/?s={search_term_string}\"},\"query-input\":{\"@type\":\"PropertyValueSpecification\",\"valueRequired\":true,\"valueName\":\"search_term_string\"}}],\"inLanguage\":\"lv-LV\"},{\"@type\":\"Organization\",\"@id\":\"https:\/\/sistemosklaipeda.com\/lv\/#organization\",\"name\":\"Sistemos Klaip\u0117da\",\"alternateName\":\"Sistemos\",\"url\":\"https:\/\/sistemosklaipeda.com\/lv\/\",\"logo\":{\"@type\":\"ImageObject\",\"inLanguage\":\"lv-LV\",\"@id\":\"https:\/\/sistemosklaipeda.com\/lv\/#\/schema\/logo\/image\/\",\"url\":\"https:\/\/sistemosklaipeda.com\/wp-content\/uploads\/2023\/09\/sistemos-logo-cropperd-e1695968047774.png\",\"contentUrl\":\"https:\/\/sistemosklaipeda.com\/wp-content\/uploads\/2023\/09\/sistemos-logo-cropperd-e1695968047774.png\",\"width\":401,\"height\":206,\"caption\":\"Sistemos Klaip\u0117da\"},\"image\":{\"@id\":\"https:\/\/sistemosklaipeda.com\/lv\/#\/schema\/logo\/image\/\"},\"sameAs\":[\"https:\/\/www.facebook.com\/SistemosKlp\",\"https:\/\/www.instagram.com\/sistemosklaipeda\/\"]}]}<\/script>\n<!-- \/ Yoast SEO plugin. -->","yoast_head_json":{"title":"VALTEK 4 cilindru g\u0101zes sprauslas","robots":{"index":"index","follow":"follow","max-snippet":"max-snippet:-1","max-image-preview":"max-image-preview:large","max-video-preview":"max-video-preview:-1"},"canonical":"https:\/\/sistemosklaipeda.com\/lv\/produkts\/valtek-4-cilindru-gazes-sprauslas\/","og_locale":"lv_LV","og_type":"article","og_title":"VALTEK 4 cilindru g\u0101zes sprauslas","og_description":"VALTEK 4 cilindru g\u0101zes sprauslas","og_url":"https:\/\/sistemosklaipeda.com\/lv\/produkts\/valtek-4-cilindru-gazes-sprauslas\/","og_site_name":"Sistemos Klaip\u0117da","article_publisher":"https:\/\/www.facebook.com\/SistemosKlp","article_modified_time":"2025-12-21T20:34:39+00:00","og_image":[{"width":776,"height":800,"url":"https:\/\/sistemosklaipeda.com\/wp-content\/uploads\/2024\/05\/1369.png","type":"image\/png"}],"twitter_card":"summary_large_image","twitter_misc":{"Est. reading time":"1 minute"},"schema":{"@context":"https:\/\/schema.org","@graph":[{"@type":"WebPage","@id":"https:\/\/sistemosklaipeda.com\/lv\/produkts\/valtek-4-cilindru-gazes-sprauslas\/","url":"https:\/\/sistemosklaipeda.com\/lv\/produkts\/valtek-4-cilindru-gazes-sprauslas\/","name":"VALTEK 4 cilindru g\u0101zes sprauslas","isPartOf":{"@id":"https:\/\/sistemosklaipeda.com\/lv\/#website"},"primaryImageOfPage":{"@id":"https:\/\/sistemosklaipeda.com\/lv\/produkts\/valtek-4-cilindru-gazes-sprauslas\/#primaryimage"},"image":{"@id":"https:\/\/sistemosklaipeda.com\/lv\/produkts\/valtek-4-cilindru-gazes-sprauslas\/#primaryimage"},"thumbnailUrl":"https:\/\/sistemosklaipeda.com\/wp-content\/uploads\/2024\/05\/1369.png","datePublished":"2024-08-11T15:10:29+00:00","dateModified":"2025-12-21T20:34:39+00:00","breadcrumb":{"@id":"https:\/\/sistemosklaipeda.com\/lv\/produkts\/valtek-4-cilindru-gazes-sprauslas\/#breadcrumb"},"inLanguage":"lv-LV","potentialAction":[{"@type":"ReadAction","target":["https:\/\/sistemosklaipeda.com\/lv\/produkts\/valtek-4-cilindru-gazes-sprauslas\/"]}]},{"@type":"ImageObject","inLanguage":"lv-LV","@id":"https:\/\/sistemosklaipeda.com\/lv\/produkts\/valtek-4-cilindru-gazes-sprauslas\/#primaryimage","url":"https:\/\/sistemosklaipeda.com\/wp-content\/uploads\/2024\/05\/1369.png","contentUrl":"https:\/\/sistemosklaipeda.com\/wp-content\/uploads\/2024\/05\/1369.png","width":776,"height":800,"caption":"Duj\u0173 purk\u0161tukai VALTEK 4 cilindr\u0173"},{"@type":"BreadcrumbList","@id":"https:\/\/sistemosklaipeda.com\/lv\/produkts\/valtek-4-cilindru-gazes-sprauslas\/#breadcrumb","itemListElement":[{"@type":"ListItem","position":1,"name":"Prad\u017eia","item":"https:\/\/sistemosklaipeda.com\/lv\/veikals\/"},{"@type":"ListItem","position":2,"name":"Veikals","item":"https:\/\/sistemosklaipeda.com\/lv\/veikals\/"},{"@type":"ListItem","position":3,"name":"VALTEK 4 cilindru g\u0101zes sprauslas"}]},{"@type":"WebSite","@id":"https:\/\/sistemosklaipeda.com\/lv\/#website","url":"https:\/\/sistemosklaipeda.com\/lv\/","name":"Sistemos Klaip\u0117da","description":"Kokybi\u0161ka duj\u0173 \u012franga ir jos komponentai, kabliai ir priedai","publisher":{"@id":"https:\/\/sistemosklaipeda.com\/lv\/#organization"},"potentialAction":[{"@type":"SearchAction","target":{"@type":"EntryPoint","urlTemplate":"https:\/\/sistemosklaipeda.com\/lv\/?s={search_term_string}"},"query-input":{"@type":"PropertyValueSpecification","valueRequired":true,"valueName":"search_term_string"}}],"inLanguage":"lv-LV"},{"@type":"Organization","@id":"https:\/\/sistemosklaipeda.com\/lv\/#organization","name":"Sistemos Klaip\u0117da","alternateName":"Sistemos","url":"https:\/\/sistemosklaipeda.com\/lv\/","logo":{"@type":"ImageObject","inLanguage":"lv-LV","@id":"https:\/\/sistemosklaipeda.com\/lv\/#\/schema\/logo\/image\/","url":"https:\/\/sistemosklaipeda.com\/wp-content\/uploads\/2023\/09\/sistemos-logo-cropperd-e1695968047774.png","contentUrl":"https:\/\/sistemosklaipeda.com\/wp-content\/uploads\/2023\/09\/sistemos-logo-cropperd-e1695968047774.png","width":401,"height":206,"caption":"Sistemos Klaip\u0117da"},"image":{"@id":"https:\/\/sistemosklaipeda.com\/lv\/#\/schema\/logo\/image\/"},"sameAs":["https:\/\/www.facebook.com\/SistemosKlp","https:\/\/www.instagram.com\/sistemosklaipeda\/"]}]}},"_links":{"self":[{"href":"https:\/\/sistemosklaipeda.com\/lv\/wp-json\/wp\/v2\/product\/15810","targetHints":{"allow":["GET"]}}],"collection":[{"href":"https:\/\/sistemosklaipeda.com\/lv\/wp-json\/wp\/v2\/product"}],"about":[{"href":"https:\/\/sistemosklaipeda.com\/lv\/wp-json\/wp\/v2\/types\/product"}],"wp:featuredmedia":[{"embeddable":true,"href":"https:\/\/sistemosklaipeda.com\/lv\/wp-json\/wp\/v2\/media\/15231"}],"wp:attachment":[{"href":"https:\/\/sistemosklaipeda.com\/lv\/wp-json\/wp\/v2\/media?parent=15810"}],"wp:term":[{"taxonomy":"product_brand","embeddable":true,"href":"https:\/\/sistemosklaipeda.com\/lv\/wp-json\/wp\/v2\/product_brand?post=15810"},{"taxonomy":"product_cat","embeddable":true,"href":"https:\/\/sistemosklaipeda.com\/lv\/wp-json\/wp\/v2\/product_cat?post=15810"},{"taxonomy":"product_tag","embeddable":true,"href":"https:\/\/sistemosklaipeda.com\/lv\/wp-json\/wp\/v2\/product_tag?post=15810"}],"curies":[{"name":"wp","href":"https:\/\/api.w.org\/{rel}","templated":true}]}}