{"id":15783,"date":"2023-02-26T20:17:44","date_gmt":"2024-08-11T15:08:46","guid":{"rendered":"https:\/\/sistemosklaipeda.com\/product\/daudzfunkcionalais-puteklu-sucejs-tomasetto-iekstelpas-220-30\/"},"modified":"2024-08-11T15:08:46","modified_gmt":"2024-08-11T15:08:46","slug":"daudzfunkcionalais-puteklu-sucejs-tomasetto-iekstelpas-220-30","status":"publish","type":"product","link":"https:\/\/sistemosklaipeda.com\/lv\/produkts\/daudzfunkcionalais-puteklu-sucejs-tomasetto-iekstelpas-220-30\/","title":{"rendered":"Daudzfunkcion\u0101lais putek\u013cu s\u016bc\u0113js TOMASETTO (iek\u0161telp\u0101s) 220\/30"},"content":{"rendered":"<p>Daudzv\u0101rstu toroid\u0101l\u0101 tvertne 220\/225 mm 30\u00ba MVAT0A12 TOMASETTO PIELIETO\u0160ANA: Tas \u013cauj dro\u0161i uzpild\u012bt degvielu, ierobe\u017eojot tvertnes p\u0101rpild\u012b\u0161anas iesp\u0113ju.<br \/>\nT\u0101 ir paredz\u0113ta uzst\u0101d\u012b\u0161anai toroid\u0101laj\u0101s tvertn\u0113s rezerves rite\u0146a viet\u0101 ar 220 mm vai 225 mm augstumu un daudzv\u0101rstu\u013cu s\u0113dekli, kas ir sl\u012bps 30\u00ba le\u0146\u0137\u012b.<br \/>\nTehniskie dati: Iepl\u016bdes caurules diametrs (degvielas uzpild\u012b\u0161anai): 8 mm (M12X1) Izpl\u016bdes caurules diametrs (l\u012bdz reduktoram): 6 mm (M10X1) Spoles spriegums: 12V DC Spoles jauda: 11 W Autom\u0101tiska degvielas uzpildes atsl\u0113g\u0161an\u0101s: 80% Uzpildes jauda: 18 l\/min pie 10 b\u0101riem Komplekt\u0101: toroid\u0101lais daudzv\u0101rsts 220\/225 mm - 1 gab Elektriskais kabelis - 1 gab Mont\u0101\u017eas piederumi - 1 gab.  <\/p>\n","protected":false},"excerpt":{"rendered":"<p><span style=\"font-size: 14pt;color: #000000\">Daudzfunkcion\u0101lais putek\u013cu s\u016bc\u0113js TOMASETTO (iek\u0161telp\u0101s) 220\/30.<\/span><\/p>\n","protected":false},"featured_media":15261,"template":"","meta":[],"product_brand":[],"product_cat":[151],"product_tag":[153,152],"class_list":{"0":"post-15783","1":"product","2":"type-product","3":"status-publish","4":"has-post-thumbnail","6":"product_cat-daudzfunkcionalais-vakuums","7":"product_tag-daudzfunkcionalais-vakuums","8":"product_tag-tomasetto-lv","10":"first","11":"instock","12":"taxable","13":"shipping-taxable","14":"purchasable","15":"product-type-simple"},"yoast_head":"<!-- This site is optimized with the Yoast SEO plugin v27.0 - https:\/\/yoast.com\/product\/yoast-seo-wordpress\/ -->\n<title>Daudzfunkcion\u0101lais putek\u013cu s\u016bc\u0113js TOMASETTO (iek\u0161telp\u0101s) 220\/30 - Sistemos Klaip\u0117da<\/title>\n<meta name=\"robots\" content=\"index, follow, max-snippet:-1, max-image-preview:large, max-video-preview:-1\" \/>\n<link rel=\"canonical\" href=\"https:\/\/sistemosklaipeda.com\/lv\/produkts\/daudzfunkcionalais-puteklu-sucejs-tomasetto-iekstelpas-220-30\/\" \/>\n<meta property=\"og:locale\" content=\"lv_LV\" \/>\n<meta property=\"og:type\" content=\"article\" \/>\n<meta property=\"og:title\" content=\"Daudzfunkcion\u0101lais putek\u013cu s\u016bc\u0113js TOMASETTO (iek\u0161telp\u0101s) 220\/30 - Sistemos Klaip\u0117da\" \/>\n<meta property=\"og:description\" content=\"Daudzfunkcion\u0101lais putek\u013cu s\u016bc\u0113js TOMASETTO (iek\u0161telp\u0101s) 220\/30.\" \/>\n<meta property=\"og:url\" content=\"https:\/\/sistemosklaipeda.com\/lv\/produkts\/daudzfunkcionalais-puteklu-sucejs-tomasetto-iekstelpas-220-30\/\" \/>\n<meta property=\"og:site_name\" content=\"Sistemos Klaip\u0117da\" \/>\n<meta property=\"article:publisher\" content=\"https:\/\/www.facebook.com\/SistemosKlp\" \/>\n<meta name=\"twitter:card\" content=\"summary_large_image\" \/>\n<meta name=\"twitter:label1\" content=\"Est. reading time\" \/>\n\t<meta name=\"twitter:data1\" content=\"1 minute\" \/>\n<script type=\"application\/ld+json\" class=\"yoast-schema-graph\">{\"@context\":\"https:\/\/schema.org\",\"@graph\":[{\"@type\":\"WebPage\",\"@id\":\"https:\/\/sistemosklaipeda.com\/lv\/produkts\/daudzfunkcionalais-puteklu-sucejs-tomasetto-iekstelpas-220-30\/\",\"url\":\"https:\/\/sistemosklaipeda.com\/lv\/produkts\/daudzfunkcionalais-puteklu-sucejs-tomasetto-iekstelpas-220-30\/\",\"name\":\"Daudzfunkcion\u0101lais putek\u013cu s\u016bc\u0113js TOMASETTO (iek\u0161telp\u0101s) 220\/30 - Sistemos Klaip\u0117da\",\"isPartOf\":{\"@id\":\"https:\/\/sistemosklaipeda.com\/lv\/#website\"},\"primaryImageOfPage\":{\"@id\":\"https:\/\/sistemosklaipeda.com\/lv\/produkts\/daudzfunkcionalais-puteklu-sucejs-tomasetto-iekstelpas-220-30\/#primaryimage\"},\"image\":{\"@id\":\"https:\/\/sistemosklaipeda.com\/lv\/produkts\/daudzfunkcionalais-puteklu-sucejs-tomasetto-iekstelpas-220-30\/#primaryimage\"},\"thumbnailUrl\":\"https:\/\/sistemosklaipeda.com\/wp-content\/uploads\/2024\/05\/1218.png\",\"datePublished\":\"2024-08-11T15:08:46+00:00\",\"breadcrumb\":{\"@id\":\"https:\/\/sistemosklaipeda.com\/lv\/produkts\/daudzfunkcionalais-puteklu-sucejs-tomasetto-iekstelpas-220-30\/#breadcrumb\"},\"inLanguage\":\"lv-LV\",\"potentialAction\":[{\"@type\":\"ReadAction\",\"target\":[\"https:\/\/sistemosklaipeda.com\/lv\/produkts\/daudzfunkcionalais-puteklu-sucejs-tomasetto-iekstelpas-220-30\/\"]}]},{\"@type\":\"ImageObject\",\"inLanguage\":\"lv-LV\",\"@id\":\"https:\/\/sistemosklaipeda.com\/lv\/produkts\/daudzfunkcionalais-puteklu-sucejs-tomasetto-iekstelpas-220-30\/#primaryimage\",\"url\":\"https:\/\/sistemosklaipeda.com\/wp-content\/uploads\/2024\/05\/1218.png\",\"contentUrl\":\"https:\/\/sistemosklaipeda.com\/wp-content\/uploads\/2024\/05\/1218.png\",\"width\":776,\"height\":800,\"caption\":\"Multivo\u017etuvas TOMASETTO (vidinis) 220\/30\"},{\"@type\":\"BreadcrumbList\",\"@id\":\"https:\/\/sistemosklaipeda.com\/lv\/produkts\/daudzfunkcionalais-puteklu-sucejs-tomasetto-iekstelpas-220-30\/#breadcrumb\",\"itemListElement\":[{\"@type\":\"ListItem\",\"position\":1,\"name\":\"Prad\u017eia\",\"item\":\"https:\/\/sistemosklaipeda.com\/lv\/veikals\/\"},{\"@type\":\"ListItem\",\"position\":2,\"name\":\"Veikals\",\"item\":\"https:\/\/sistemosklaipeda.com\/lv\/veikals\/\"},{\"@type\":\"ListItem\",\"position\":3,\"name\":\"Daudzfunkcion\u0101lais putek\u013cu s\u016bc\u0113js TOMASETTO (iek\u0161telp\u0101s) 220\/30\"}]},{\"@type\":\"WebSite\",\"@id\":\"https:\/\/sistemosklaipeda.com\/lv\/#website\",\"url\":\"https:\/\/sistemosklaipeda.com\/lv\/\",\"name\":\"Sistemos Klaip\u0117da\",\"description\":\"Kokybi\u0161ka duj\u0173 \u012franga ir jos komponentai, kabliai ir priedai\",\"publisher\":{\"@id\":\"https:\/\/sistemosklaipeda.com\/lv\/#organization\"},\"potentialAction\":[{\"@type\":\"SearchAction\",\"target\":{\"@type\":\"EntryPoint\",\"urlTemplate\":\"https:\/\/sistemosklaipeda.com\/lv\/?s={search_term_string}\"},\"query-input\":{\"@type\":\"PropertyValueSpecification\",\"valueRequired\":true,\"valueName\":\"search_term_string\"}}],\"inLanguage\":\"lv-LV\"},{\"@type\":\"Organization\",\"@id\":\"https:\/\/sistemosklaipeda.com\/lv\/#organization\",\"name\":\"Sistemos Klaip\u0117da\",\"alternateName\":\"Sistemos\",\"url\":\"https:\/\/sistemosklaipeda.com\/lv\/\",\"logo\":{\"@type\":\"ImageObject\",\"inLanguage\":\"lv-LV\",\"@id\":\"https:\/\/sistemosklaipeda.com\/lv\/#\/schema\/logo\/image\/\",\"url\":\"https:\/\/sistemosklaipeda.com\/wp-content\/uploads\/2023\/09\/sistemos-logo-cropperd-e1695968047774.png\",\"contentUrl\":\"https:\/\/sistemosklaipeda.com\/wp-content\/uploads\/2023\/09\/sistemos-logo-cropperd-e1695968047774.png\",\"width\":401,\"height\":206,\"caption\":\"Sistemos Klaip\u0117da\"},\"image\":{\"@id\":\"https:\/\/sistemosklaipeda.com\/lv\/#\/schema\/logo\/image\/\"},\"sameAs\":[\"https:\/\/www.facebook.com\/SistemosKlp\",\"https:\/\/www.instagram.com\/sistemosklaipeda\/\"]}]}<\/script>\n<!-- \/ Yoast SEO plugin. -->","yoast_head_json":{"title":"Daudzfunkcion\u0101lais putek\u013cu s\u016bc\u0113js TOMASETTO (iek\u0161telp\u0101s) 220\/30 - Sistemos Klaip\u0117da","robots":{"index":"index","follow":"follow","max-snippet":"max-snippet:-1","max-image-preview":"max-image-preview:large","max-video-preview":"max-video-preview:-1"},"canonical":"https:\/\/sistemosklaipeda.com\/lv\/produkts\/daudzfunkcionalais-puteklu-sucejs-tomasetto-iekstelpas-220-30\/","og_locale":"lv_LV","og_type":"article","og_title":"Daudzfunkcion\u0101lais putek\u013cu s\u016bc\u0113js TOMASETTO (iek\u0161telp\u0101s) 220\/30 - Sistemos Klaip\u0117da","og_description":"Daudzfunkcion\u0101lais putek\u013cu s\u016bc\u0113js TOMASETTO (iek\u0161telp\u0101s) 220\/30.","og_url":"https:\/\/sistemosklaipeda.com\/lv\/produkts\/daudzfunkcionalais-puteklu-sucejs-tomasetto-iekstelpas-220-30\/","og_site_name":"Sistemos Klaip\u0117da","article_publisher":"https:\/\/www.facebook.com\/SistemosKlp","twitter_card":"summary_large_image","twitter_misc":{"Est. reading time":"1 minute"},"schema":{"@context":"https:\/\/schema.org","@graph":[{"@type":"WebPage","@id":"https:\/\/sistemosklaipeda.com\/lv\/produkts\/daudzfunkcionalais-puteklu-sucejs-tomasetto-iekstelpas-220-30\/","url":"https:\/\/sistemosklaipeda.com\/lv\/produkts\/daudzfunkcionalais-puteklu-sucejs-tomasetto-iekstelpas-220-30\/","name":"Daudzfunkcion\u0101lais putek\u013cu s\u016bc\u0113js TOMASETTO (iek\u0161telp\u0101s) 220\/30 - Sistemos Klaip\u0117da","isPartOf":{"@id":"https:\/\/sistemosklaipeda.com\/lv\/#website"},"primaryImageOfPage":{"@id":"https:\/\/sistemosklaipeda.com\/lv\/produkts\/daudzfunkcionalais-puteklu-sucejs-tomasetto-iekstelpas-220-30\/#primaryimage"},"image":{"@id":"https:\/\/sistemosklaipeda.com\/lv\/produkts\/daudzfunkcionalais-puteklu-sucejs-tomasetto-iekstelpas-220-30\/#primaryimage"},"thumbnailUrl":"https:\/\/sistemosklaipeda.com\/wp-content\/uploads\/2024\/05\/1218.png","datePublished":"2024-08-11T15:08:46+00:00","breadcrumb":{"@id":"https:\/\/sistemosklaipeda.com\/lv\/produkts\/daudzfunkcionalais-puteklu-sucejs-tomasetto-iekstelpas-220-30\/#breadcrumb"},"inLanguage":"lv-LV","potentialAction":[{"@type":"ReadAction","target":["https:\/\/sistemosklaipeda.com\/lv\/produkts\/daudzfunkcionalais-puteklu-sucejs-tomasetto-iekstelpas-220-30\/"]}]},{"@type":"ImageObject","inLanguage":"lv-LV","@id":"https:\/\/sistemosklaipeda.com\/lv\/produkts\/daudzfunkcionalais-puteklu-sucejs-tomasetto-iekstelpas-220-30\/#primaryimage","url":"https:\/\/sistemosklaipeda.com\/wp-content\/uploads\/2024\/05\/1218.png","contentUrl":"https:\/\/sistemosklaipeda.com\/wp-content\/uploads\/2024\/05\/1218.png","width":776,"height":800,"caption":"Multivo\u017etuvas TOMASETTO (vidinis) 220\/30"},{"@type":"BreadcrumbList","@id":"https:\/\/sistemosklaipeda.com\/lv\/produkts\/daudzfunkcionalais-puteklu-sucejs-tomasetto-iekstelpas-220-30\/#breadcrumb","itemListElement":[{"@type":"ListItem","position":1,"name":"Prad\u017eia","item":"https:\/\/sistemosklaipeda.com\/lv\/veikals\/"},{"@type":"ListItem","position":2,"name":"Veikals","item":"https:\/\/sistemosklaipeda.com\/lv\/veikals\/"},{"@type":"ListItem","position":3,"name":"Daudzfunkcion\u0101lais putek\u013cu s\u016bc\u0113js TOMASETTO (iek\u0161telp\u0101s) 220\/30"}]},{"@type":"WebSite","@id":"https:\/\/sistemosklaipeda.com\/lv\/#website","url":"https:\/\/sistemosklaipeda.com\/lv\/","name":"Sistemos Klaip\u0117da","description":"Kokybi\u0161ka duj\u0173 \u012franga ir jos komponentai, kabliai ir priedai","publisher":{"@id":"https:\/\/sistemosklaipeda.com\/lv\/#organization"},"potentialAction":[{"@type":"SearchAction","target":{"@type":"EntryPoint","urlTemplate":"https:\/\/sistemosklaipeda.com\/lv\/?s={search_term_string}"},"query-input":{"@type":"PropertyValueSpecification","valueRequired":true,"valueName":"search_term_string"}}],"inLanguage":"lv-LV"},{"@type":"Organization","@id":"https:\/\/sistemosklaipeda.com\/lv\/#organization","name":"Sistemos Klaip\u0117da","alternateName":"Sistemos","url":"https:\/\/sistemosklaipeda.com\/lv\/","logo":{"@type":"ImageObject","inLanguage":"lv-LV","@id":"https:\/\/sistemosklaipeda.com\/lv\/#\/schema\/logo\/image\/","url":"https:\/\/sistemosklaipeda.com\/wp-content\/uploads\/2023\/09\/sistemos-logo-cropperd-e1695968047774.png","contentUrl":"https:\/\/sistemosklaipeda.com\/wp-content\/uploads\/2023\/09\/sistemos-logo-cropperd-e1695968047774.png","width":401,"height":206,"caption":"Sistemos Klaip\u0117da"},"image":{"@id":"https:\/\/sistemosklaipeda.com\/lv\/#\/schema\/logo\/image\/"},"sameAs":["https:\/\/www.facebook.com\/SistemosKlp","https:\/\/www.instagram.com\/sistemosklaipeda\/"]}]}},"_links":{"self":[{"href":"https:\/\/sistemosklaipeda.com\/lv\/wp-json\/wp\/v2\/product\/15783","targetHints":{"allow":["GET"]}}],"collection":[{"href":"https:\/\/sistemosklaipeda.com\/lv\/wp-json\/wp\/v2\/product"}],"about":[{"href":"https:\/\/sistemosklaipeda.com\/lv\/wp-json\/wp\/v2\/types\/product"}],"wp:featuredmedia":[{"embeddable":true,"href":"https:\/\/sistemosklaipeda.com\/lv\/wp-json\/wp\/v2\/media\/15261"}],"wp:attachment":[{"href":"https:\/\/sistemosklaipeda.com\/lv\/wp-json\/wp\/v2\/media?parent=15783"}],"wp:term":[{"taxonomy":"product_brand","embeddable":true,"href":"https:\/\/sistemosklaipeda.com\/lv\/wp-json\/wp\/v2\/product_brand?post=15783"},{"taxonomy":"product_cat","embeddable":true,"href":"https:\/\/sistemosklaipeda.com\/lv\/wp-json\/wp\/v2\/product_cat?post=15783"},{"taxonomy":"product_tag","embeddable":true,"href":"https:\/\/sistemosklaipeda.com\/lv\/wp-json\/wp\/v2\/product_tag?post=15783"}],"curies":[{"name":"wp","href":"https:\/\/api.w.org\/{rel}","templated":true}]}}