{"id":15772,"date":"2024-05-15T08:03:24","date_gmt":"2024-08-11T15:06:53","guid":{"rendered":"https:\/\/sistemosklaipeda.com\/product\/stag-gofast-4-cilindru-gazes-iekartas-komplekts\/"},"modified":"2024-08-11T15:06:53","modified_gmt":"2024-08-11T15:06:53","slug":"stag-gofast-4-cilindru-gazes-iekartas-komplekts","status":"publish","type":"product","link":"https:\/\/sistemosklaipeda.com\/lv\/produkts\/stag-gofast-4-cilindru-gazes-iekartas-komplekts\/","title":{"rendered":"STAG GOFAST 4 cilindru g\u0101zes iek\u0101rtas komplekts"},"content":{"rendered":"<p>STAG GOFAST sekvenci\u0101l\u0101 g\u0101zes iesmidzin\u0101\u0161anas sist\u0113ma ir pirm\u0101 no AC S.A. ra\u017eotajiem jaun\u0101s paaudzes kontrolieriem. T\u0101 ir paredz\u0113ta transportl\u012bdzek\u013ciem ar motoriem l\u012bdz 4 cilindriem un netie\u0161o benz\u012bna iesmidzin\u0101\u0161anu.<br \/>\nFunkcion\u0101l\u0101s \u012bpa\u0161\u012bbas Vienk\u0101r\u0161a kalibr\u0113\u0161ana - visas funkcijas ir izvietotas divos pane\u013cos - nav nepiecie\u0161ams p\u0101rsl\u0113gt cilnes Integr\u0113ts standarta un eksperta re\u017e\u012bms.<br \/>\nStandarta re\u017e\u012bm\u0101 ir ietvertas minim\u0101l\u0101s funkcijas, kas nepiecie\u0161amas automobi\u013ca iestat\u012b\u0161anai.<br \/>\nTom\u0113r jebkur\u0101 br\u012bd\u012b ar pogas nospiedumu var p\u0101rsl\u0113gties uz eksperta re\u017e\u012bmu, kas ietver daudzas no kontroliera funkcij\u0101m Kad sakaru kabelis tiek atvienots no datora, kontrolieris pats ats\u0101k p\u0101rraidi Kontroliera atbalsts, izmantojot Bluetooth T\u0101l\u0101k.<br \/>\nIesp\u0113ja papla\u0161in\u0101t programmaparat\u016bru ar jaun\u0101m funkcij\u0101m Iesp\u0113ja palaist lietojumprogrammu bez draivera demo re\u017e\u012bm\u0101 Taisnais savienojums: 32 kontakti Sadarb\u012bba ar Bluetooth Sadarb\u012bba ar parametru re\u0123istratoru    <\/p>\n","protected":false},"excerpt":{"rendered":"<p>STAG GOFAST 4 cilindru g\u0101zes iek\u0101rtas komplekts<\/p>\n","protected":false},"featured_media":15513,"template":"","meta":[],"product_brand":[],"product_cat":[129],"product_tag":[],"class_list":{"0":"post-15772","1":"product","2":"type-product","3":"status-publish","4":"has-post-thumbnail","6":"product_cat-gazes-iekartas","8":"first","9":"instock","10":"taxable","11":"shipping-taxable","12":"purchasable","13":"product-type-simple"},"yoast_head":"<!-- This site is optimized with the Yoast SEO plugin v27.0 - https:\/\/yoast.com\/product\/yoast-seo-wordpress\/ -->\n<title>STAG GOFAST 4 cilindru g\u0101zes iek\u0101rtas komplekts - Sistemos Klaip\u0117da<\/title>\n<meta name=\"robots\" content=\"index, follow, max-snippet:-1, max-image-preview:large, max-video-preview:-1\" \/>\n<link rel=\"canonical\" href=\"https:\/\/sistemosklaipeda.com\/lv\/produkts\/stag-gofast-4-cilindru-gazes-iekartas-komplekts\/\" \/>\n<meta property=\"og:locale\" content=\"lv_LV\" \/>\n<meta property=\"og:type\" content=\"article\" \/>\n<meta property=\"og:title\" content=\"STAG GOFAST 4 cilindru g\u0101zes iek\u0101rtas komplekts - Sistemos Klaip\u0117da\" \/>\n<meta property=\"og:description\" content=\"STAG GOFAST 4 cilindru g\u0101zes iek\u0101rtas komplekts\" \/>\n<meta property=\"og:url\" content=\"https:\/\/sistemosklaipeda.com\/lv\/produkts\/stag-gofast-4-cilindru-gazes-iekartas-komplekts\/\" \/>\n<meta property=\"og:site_name\" content=\"Sistemos Klaip\u0117da\" \/>\n<meta property=\"article:publisher\" content=\"https:\/\/www.facebook.com\/SistemosKlp\" \/>\n<meta property=\"og:image\" content=\"https:\/\/sistemosklaipeda.com\/wp-content\/uploads\/2024\/05\/1288.png?v=1719405628\" \/>\n\t<meta property=\"og:image:width\" content=\"776\" \/>\n\t<meta property=\"og:image:height\" content=\"800\" \/>\n\t<meta property=\"og:image:type\" content=\"image\/png\" \/>\n<meta name=\"twitter:card\" content=\"summary_large_image\" \/>\n<meta name=\"twitter:label1\" content=\"Est. reading time\" \/>\n\t<meta name=\"twitter:data1\" content=\"1 minute\" \/>\n<script type=\"application\/ld+json\" class=\"yoast-schema-graph\">{\"@context\":\"https:\/\/schema.org\",\"@graph\":[{\"@type\":\"WebPage\",\"@id\":\"https:\/\/sistemosklaipeda.com\/lv\/produkts\/stag-gofast-4-cilindru-gazes-iekartas-komplekts\/\",\"url\":\"https:\/\/sistemosklaipeda.com\/lv\/produkts\/stag-gofast-4-cilindru-gazes-iekartas-komplekts\/\",\"name\":\"STAG GOFAST 4 cilindru g\u0101zes iek\u0101rtas komplekts - Sistemos Klaip\u0117da\",\"isPartOf\":{\"@id\":\"https:\/\/sistemosklaipeda.com\/lv\/#website\"},\"primaryImageOfPage\":{\"@id\":\"https:\/\/sistemosklaipeda.com\/lv\/produkts\/stag-gofast-4-cilindru-gazes-iekartas-komplekts\/#primaryimage\"},\"image\":{\"@id\":\"https:\/\/sistemosklaipeda.com\/lv\/produkts\/stag-gofast-4-cilindru-gazes-iekartas-komplekts\/#primaryimage\"},\"thumbnailUrl\":\"https:\/\/sistemosklaipeda.com\/wp-content\/uploads\/2024\/05\/1288.png\",\"datePublished\":\"2024-08-11T15:06:53+00:00\",\"breadcrumb\":{\"@id\":\"https:\/\/sistemosklaipeda.com\/lv\/produkts\/stag-gofast-4-cilindru-gazes-iekartas-komplekts\/#breadcrumb\"},\"inLanguage\":\"lv-LV\",\"potentialAction\":[{\"@type\":\"ReadAction\",\"target\":[\"https:\/\/sistemosklaipeda.com\/lv\/produkts\/stag-gofast-4-cilindru-gazes-iekartas-komplekts\/\"]}]},{\"@type\":\"ImageObject\",\"inLanguage\":\"lv-LV\",\"@id\":\"https:\/\/sistemosklaipeda.com\/lv\/produkts\/stag-gofast-4-cilindru-gazes-iekartas-komplekts\/#primaryimage\",\"url\":\"https:\/\/sistemosklaipeda.com\/wp-content\/uploads\/2024\/05\/1288.png\",\"contentUrl\":\"https:\/\/sistemosklaipeda.com\/wp-content\/uploads\/2024\/05\/1288.png\",\"width\":776,\"height\":800,\"caption\":\"STAG GOFAST 4 cilindr\u0173 duj\u0173 \u012frangos komplektas\"},{\"@type\":\"BreadcrumbList\",\"@id\":\"https:\/\/sistemosklaipeda.com\/lv\/produkts\/stag-gofast-4-cilindru-gazes-iekartas-komplekts\/#breadcrumb\",\"itemListElement\":[{\"@type\":\"ListItem\",\"position\":1,\"name\":\"Prad\u017eia\",\"item\":\"https:\/\/sistemosklaipeda.com\/lv\/veikals\/\"},{\"@type\":\"ListItem\",\"position\":2,\"name\":\"Veikals\",\"item\":\"https:\/\/sistemosklaipeda.com\/lv\/veikals\/\"},{\"@type\":\"ListItem\",\"position\":3,\"name\":\"STAG GOFAST 4 cilindru g\u0101zes iek\u0101rtas komplekts\"}]},{\"@type\":\"WebSite\",\"@id\":\"https:\/\/sistemosklaipeda.com\/lv\/#website\",\"url\":\"https:\/\/sistemosklaipeda.com\/lv\/\",\"name\":\"Sistemos Klaip\u0117da\",\"description\":\"Kokybi\u0161ka duj\u0173 \u012franga ir jos komponentai, kabliai ir priedai\",\"publisher\":{\"@id\":\"https:\/\/sistemosklaipeda.com\/lv\/#organization\"},\"potentialAction\":[{\"@type\":\"SearchAction\",\"target\":{\"@type\":\"EntryPoint\",\"urlTemplate\":\"https:\/\/sistemosklaipeda.com\/lv\/?s={search_term_string}\"},\"query-input\":{\"@type\":\"PropertyValueSpecification\",\"valueRequired\":true,\"valueName\":\"search_term_string\"}}],\"inLanguage\":\"lv-LV\"},{\"@type\":\"Organization\",\"@id\":\"https:\/\/sistemosklaipeda.com\/lv\/#organization\",\"name\":\"Sistemos Klaip\u0117da\",\"alternateName\":\"Sistemos\",\"url\":\"https:\/\/sistemosklaipeda.com\/lv\/\",\"logo\":{\"@type\":\"ImageObject\",\"inLanguage\":\"lv-LV\",\"@id\":\"https:\/\/sistemosklaipeda.com\/lv\/#\/schema\/logo\/image\/\",\"url\":\"https:\/\/sistemosklaipeda.com\/wp-content\/uploads\/2023\/09\/sistemos-logo-cropperd-e1695968047774.png\",\"contentUrl\":\"https:\/\/sistemosklaipeda.com\/wp-content\/uploads\/2023\/09\/sistemos-logo-cropperd-e1695968047774.png\",\"width\":401,\"height\":206,\"caption\":\"Sistemos Klaip\u0117da\"},\"image\":{\"@id\":\"https:\/\/sistemosklaipeda.com\/lv\/#\/schema\/logo\/image\/\"},\"sameAs\":[\"https:\/\/www.facebook.com\/SistemosKlp\",\"https:\/\/www.instagram.com\/sistemosklaipeda\/\"]}]}<\/script>\n<!-- \/ Yoast SEO plugin. -->","yoast_head_json":{"title":"STAG GOFAST 4 cilindru g\u0101zes iek\u0101rtas komplekts - Sistemos Klaip\u0117da","robots":{"index":"index","follow":"follow","max-snippet":"max-snippet:-1","max-image-preview":"max-image-preview:large","max-video-preview":"max-video-preview:-1"},"canonical":"https:\/\/sistemosklaipeda.com\/lv\/produkts\/stag-gofast-4-cilindru-gazes-iekartas-komplekts\/","og_locale":"lv_LV","og_type":"article","og_title":"STAG GOFAST 4 cilindru g\u0101zes iek\u0101rtas komplekts - Sistemos Klaip\u0117da","og_description":"STAG GOFAST 4 cilindru g\u0101zes iek\u0101rtas komplekts","og_url":"https:\/\/sistemosklaipeda.com\/lv\/produkts\/stag-gofast-4-cilindru-gazes-iekartas-komplekts\/","og_site_name":"Sistemos Klaip\u0117da","article_publisher":"https:\/\/www.facebook.com\/SistemosKlp","og_image":[{"width":776,"height":800,"url":"https:\/\/sistemosklaipeda.com\/wp-content\/uploads\/2024\/05\/1288.png?v=1719405628","type":"image\/png"}],"twitter_card":"summary_large_image","twitter_misc":{"Est. reading time":"1 minute"},"schema":{"@context":"https:\/\/schema.org","@graph":[{"@type":"WebPage","@id":"https:\/\/sistemosklaipeda.com\/lv\/produkts\/stag-gofast-4-cilindru-gazes-iekartas-komplekts\/","url":"https:\/\/sistemosklaipeda.com\/lv\/produkts\/stag-gofast-4-cilindru-gazes-iekartas-komplekts\/","name":"STAG GOFAST 4 cilindru g\u0101zes iek\u0101rtas komplekts - Sistemos Klaip\u0117da","isPartOf":{"@id":"https:\/\/sistemosklaipeda.com\/lv\/#website"},"primaryImageOfPage":{"@id":"https:\/\/sistemosklaipeda.com\/lv\/produkts\/stag-gofast-4-cilindru-gazes-iekartas-komplekts\/#primaryimage"},"image":{"@id":"https:\/\/sistemosklaipeda.com\/lv\/produkts\/stag-gofast-4-cilindru-gazes-iekartas-komplekts\/#primaryimage"},"thumbnailUrl":"https:\/\/sistemosklaipeda.com\/wp-content\/uploads\/2024\/05\/1288.png","datePublished":"2024-08-11T15:06:53+00:00","breadcrumb":{"@id":"https:\/\/sistemosklaipeda.com\/lv\/produkts\/stag-gofast-4-cilindru-gazes-iekartas-komplekts\/#breadcrumb"},"inLanguage":"lv-LV","potentialAction":[{"@type":"ReadAction","target":["https:\/\/sistemosklaipeda.com\/lv\/produkts\/stag-gofast-4-cilindru-gazes-iekartas-komplekts\/"]}]},{"@type":"ImageObject","inLanguage":"lv-LV","@id":"https:\/\/sistemosklaipeda.com\/lv\/produkts\/stag-gofast-4-cilindru-gazes-iekartas-komplekts\/#primaryimage","url":"https:\/\/sistemosklaipeda.com\/wp-content\/uploads\/2024\/05\/1288.png","contentUrl":"https:\/\/sistemosklaipeda.com\/wp-content\/uploads\/2024\/05\/1288.png","width":776,"height":800,"caption":"STAG GOFAST 4 cilindr\u0173 duj\u0173 \u012frangos komplektas"},{"@type":"BreadcrumbList","@id":"https:\/\/sistemosklaipeda.com\/lv\/produkts\/stag-gofast-4-cilindru-gazes-iekartas-komplekts\/#breadcrumb","itemListElement":[{"@type":"ListItem","position":1,"name":"Prad\u017eia","item":"https:\/\/sistemosklaipeda.com\/lv\/veikals\/"},{"@type":"ListItem","position":2,"name":"Veikals","item":"https:\/\/sistemosklaipeda.com\/lv\/veikals\/"},{"@type":"ListItem","position":3,"name":"STAG GOFAST 4 cilindru g\u0101zes iek\u0101rtas komplekts"}]},{"@type":"WebSite","@id":"https:\/\/sistemosklaipeda.com\/lv\/#website","url":"https:\/\/sistemosklaipeda.com\/lv\/","name":"Sistemos Klaip\u0117da","description":"Kokybi\u0161ka duj\u0173 \u012franga ir jos komponentai, kabliai ir priedai","publisher":{"@id":"https:\/\/sistemosklaipeda.com\/lv\/#organization"},"potentialAction":[{"@type":"SearchAction","target":{"@type":"EntryPoint","urlTemplate":"https:\/\/sistemosklaipeda.com\/lv\/?s={search_term_string}"},"query-input":{"@type":"PropertyValueSpecification","valueRequired":true,"valueName":"search_term_string"}}],"inLanguage":"lv-LV"},{"@type":"Organization","@id":"https:\/\/sistemosklaipeda.com\/lv\/#organization","name":"Sistemos Klaip\u0117da","alternateName":"Sistemos","url":"https:\/\/sistemosklaipeda.com\/lv\/","logo":{"@type":"ImageObject","inLanguage":"lv-LV","@id":"https:\/\/sistemosklaipeda.com\/lv\/#\/schema\/logo\/image\/","url":"https:\/\/sistemosklaipeda.com\/wp-content\/uploads\/2023\/09\/sistemos-logo-cropperd-e1695968047774.png","contentUrl":"https:\/\/sistemosklaipeda.com\/wp-content\/uploads\/2023\/09\/sistemos-logo-cropperd-e1695968047774.png","width":401,"height":206,"caption":"Sistemos Klaip\u0117da"},"image":{"@id":"https:\/\/sistemosklaipeda.com\/lv\/#\/schema\/logo\/image\/"},"sameAs":["https:\/\/www.facebook.com\/SistemosKlp","https:\/\/www.instagram.com\/sistemosklaipeda\/"]}]}},"_links":{"self":[{"href":"https:\/\/sistemosklaipeda.com\/lv\/wp-json\/wp\/v2\/product\/15772","targetHints":{"allow":["GET"]}}],"collection":[{"href":"https:\/\/sistemosklaipeda.com\/lv\/wp-json\/wp\/v2\/product"}],"about":[{"href":"https:\/\/sistemosklaipeda.com\/lv\/wp-json\/wp\/v2\/types\/product"}],"wp:featuredmedia":[{"embeddable":true,"href":"https:\/\/sistemosklaipeda.com\/lv\/wp-json\/wp\/v2\/media\/15513"}],"wp:attachment":[{"href":"https:\/\/sistemosklaipeda.com\/lv\/wp-json\/wp\/v2\/media?parent=15772"}],"wp:term":[{"taxonomy":"product_brand","embeddable":true,"href":"https:\/\/sistemosklaipeda.com\/lv\/wp-json\/wp\/v2\/product_brand?post=15772"},{"taxonomy":"product_cat","embeddable":true,"href":"https:\/\/sistemosklaipeda.com\/lv\/wp-json\/wp\/v2\/product_cat?post=15772"},{"taxonomy":"product_tag","embeddable":true,"href":"https:\/\/sistemosklaipeda.com\/lv\/wp-json\/wp\/v2\/product_tag?post=15772"}],"curies":[{"name":"wp","href":"https:\/\/api.w.org\/{rel}","templated":true}]}}