{"id":15771,"date":"2024-05-15T18:15:33","date_gmt":"2024-08-11T15:06:53","guid":{"rendered":"https:\/\/sistemosklaipeda.com\/product\/remonta-komplekts-reduktoram-nordic-at09\/"},"modified":"2024-08-11T15:06:53","modified_gmt":"2024-08-11T15:06:53","slug":"remonta-komplekts-reduktoram-nordic-at09","status":"publish","type":"product","link":"https:\/\/sistemosklaipeda.com\/lv\/produkts\/remonta-komplekts-reduktoram-nordic-at09\/","title":{"rendered":"Remonta komplekts reduktoram NORDIC AT09"},"content":{"rendered":"<p>TOMASETTO p\u0101rnesumk\u0101rbas remonta komplekts NORDIC AT09.<br \/>\nOri\u0123in\u0101ls remonta komplekts Tomasetto p\u0101rnesumk\u0101rbas ar ieb\u016bv\u0113tu \u0161\u0137idr\u0101s f\u0101zes filtru re\u0123ener\u0101cijai.<br \/>\nKomplekt\u0101 ietilpst visdr\u012bz\u0101k nodilsto\u0161\u0101s deta\u013cas, kas j\u0101nomaina, re\u0123ener\u0113jot iztvaic\u0113t\u0101ju, k\u0101 nor\u0101d\u012bjis ra\u017eot\u0101js.<br \/>\nTomasetto AT-09 iztvaic\u0113t\u0101js tiek izmantots sec\u012bg\u0101s g\u0101zes iesmidzin\u0101\u0161anas sist\u0113m\u0101s - ceturt\u0101s paaudzes g\u0101zes iek\u0101rt\u0101s.   <\/p>\n","protected":false},"excerpt":{"rendered":"<p>TOMASETTO p\u0101rnesumk\u0101rbas remonta komplekts NORDIC AT09. Ori\u0123in\u0101ls remonta komplekts Tomasetto p\u0101rnesumk\u0101rbas ar ieb\u016bv\u0113tu \u0161\u0137idr\u0101s f\u0101zes filtru re\u0123ener\u0101cijai. Komplekt\u0101 ietilpst visdr\u012bz\u0101k nodilsto\u0161\u0101s deta\u013cas, kas j\u0101nomaina, re\u0123ener\u0113jot iztvaic\u0113t\u0101ju, k\u0101 nor\u0101d\u012bjis ra\u017eot\u0101js. Tomasetto AT-09 iztvaic\u0113t\u0101js tiek izmantots sec\u012bg\u0101s g\u0101zes iesmidzin\u0101\u0161anas sist\u0113m\u0101s - ceturt\u0101s paaudzes g\u0101zes iek\u0101rt\u0101s.<\/p>\n","protected":false},"featured_media":14973,"template":"","meta":[],"product_brand":[],"product_cat":[148],"product_tag":[],"class_list":{"0":"post-15771","1":"product","2":"type-product","3":"status-publish","4":"has-post-thumbnail","6":"product_cat-remonta-komplekts","8":"first","9":"instock","10":"taxable","11":"shipping-taxable","12":"purchasable","13":"product-type-simple"},"yoast_head":"<!-- This site is optimized with the Yoast SEO plugin v27.0 - https:\/\/yoast.com\/product\/yoast-seo-wordpress\/ -->\n<title>Remonta komplekts reduktoram NORDIC AT09 - Sistemos Klaip\u0117da<\/title>\n<meta name=\"robots\" content=\"index, follow, max-snippet:-1, max-image-preview:large, max-video-preview:-1\" \/>\n<link rel=\"canonical\" href=\"https:\/\/sistemosklaipeda.com\/lv\/produkts\/remonta-komplekts-reduktoram-nordic-at09\/\" \/>\n<meta property=\"og:locale\" content=\"lv_LV\" \/>\n<meta property=\"og:type\" content=\"article\" \/>\n<meta property=\"og:title\" content=\"Remonta komplekts reduktoram NORDIC AT09 - Sistemos Klaip\u0117da\" \/>\n<meta property=\"og:description\" content=\"TOMASETTO p\u0101rnesumk\u0101rbas remonta komplekts NORDIC AT09. Ori\u0123in\u0101ls remonta komplekts Tomasetto p\u0101rnesumk\u0101rbas ar ieb\u016bv\u0113tu \u0161\u0137idr\u0101s f\u0101zes filtru re\u0123ener\u0101cijai. Komplekt\u0101 ietilpst visdr\u012bz\u0101k nodilsto\u0161\u0101s deta\u013cas, kas j\u0101nomaina, re\u0123ener\u0113jot iztvaic\u0113t\u0101ju, k\u0101 nor\u0101d\u012bjis ra\u017eot\u0101js. Tomasetto AT-09 iztvaic\u0113t\u0101js tiek izmantots sec\u012bg\u0101s g\u0101zes iesmidzin\u0101\u0161anas sist\u0113m\u0101s - ceturt\u0101s paaudzes g\u0101zes iek\u0101rt\u0101s.\" \/>\n<meta property=\"og:url\" content=\"https:\/\/sistemosklaipeda.com\/lv\/produkts\/remonta-komplekts-reduktoram-nordic-at09\/\" \/>\n<meta property=\"og:site_name\" content=\"Sistemos Klaip\u0117da\" \/>\n<meta property=\"article:publisher\" content=\"https:\/\/www.facebook.com\/SistemosKlp\" \/>\n<meta property=\"og:image\" content=\"https:\/\/sistemosklaipeda.com\/wp-content\/uploads\/2024\/05\/Remontinis-komplektas-reduktoriui-NORDIC-AT09.png?v=1719405658\" \/>\n\t<meta property=\"og:image:width\" content=\"777\" \/>\n\t<meta property=\"og:image:height\" content=\"800\" \/>\n\t<meta property=\"og:image:type\" content=\"image\/png\" \/>\n<meta name=\"twitter:card\" content=\"summary_large_image\" \/>\n<script type=\"application\/ld+json\" class=\"yoast-schema-graph\">{\"@context\":\"https:\/\/schema.org\",\"@graph\":[{\"@type\":\"WebPage\",\"@id\":\"https:\/\/sistemosklaipeda.com\/lv\/produkts\/remonta-komplekts-reduktoram-nordic-at09\/\",\"url\":\"https:\/\/sistemosklaipeda.com\/lv\/produkts\/remonta-komplekts-reduktoram-nordic-at09\/\",\"name\":\"Remonta komplekts reduktoram NORDIC AT09 - Sistemos Klaip\u0117da\",\"isPartOf\":{\"@id\":\"https:\/\/sistemosklaipeda.com\/lv\/#website\"},\"primaryImageOfPage\":{\"@id\":\"https:\/\/sistemosklaipeda.com\/lv\/produkts\/remonta-komplekts-reduktoram-nordic-at09\/#primaryimage\"},\"image\":{\"@id\":\"https:\/\/sistemosklaipeda.com\/lv\/produkts\/remonta-komplekts-reduktoram-nordic-at09\/#primaryimage\"},\"thumbnailUrl\":\"https:\/\/sistemosklaipeda.com\/wp-content\/uploads\/2024\/05\/Remontinis-komplektas-reduktoriui-NORDIC-AT09.png\",\"datePublished\":\"2024-08-11T15:06:53+00:00\",\"breadcrumb\":{\"@id\":\"https:\/\/sistemosklaipeda.com\/lv\/produkts\/remonta-komplekts-reduktoram-nordic-at09\/#breadcrumb\"},\"inLanguage\":\"lv-LV\",\"potentialAction\":[{\"@type\":\"ReadAction\",\"target\":[\"https:\/\/sistemosklaipeda.com\/lv\/produkts\/remonta-komplekts-reduktoram-nordic-at09\/\"]}]},{\"@type\":\"ImageObject\",\"inLanguage\":\"lv-LV\",\"@id\":\"https:\/\/sistemosklaipeda.com\/lv\/produkts\/remonta-komplekts-reduktoram-nordic-at09\/#primaryimage\",\"url\":\"https:\/\/sistemosklaipeda.com\/wp-content\/uploads\/2024\/05\/Remontinis-komplektas-reduktoriui-NORDIC-AT09.png\",\"contentUrl\":\"https:\/\/sistemosklaipeda.com\/wp-content\/uploads\/2024\/05\/Remontinis-komplektas-reduktoriui-NORDIC-AT09.png\",\"width\":777,\"height\":800,\"caption\":\"Remontinis komplektas reduktoriui NORDIC AT09\"},{\"@type\":\"BreadcrumbList\",\"@id\":\"https:\/\/sistemosklaipeda.com\/lv\/produkts\/remonta-komplekts-reduktoram-nordic-at09\/#breadcrumb\",\"itemListElement\":[{\"@type\":\"ListItem\",\"position\":1,\"name\":\"Prad\u017eia\",\"item\":\"https:\/\/sistemosklaipeda.com\/lv\/veikals\/\"},{\"@type\":\"ListItem\",\"position\":2,\"name\":\"Veikals\",\"item\":\"https:\/\/sistemosklaipeda.com\/lv\/veikals\/\"},{\"@type\":\"ListItem\",\"position\":3,\"name\":\"Remonta komplekts reduktoram NORDIC AT09\"}]},{\"@type\":\"WebSite\",\"@id\":\"https:\/\/sistemosklaipeda.com\/lv\/#website\",\"url\":\"https:\/\/sistemosklaipeda.com\/lv\/\",\"name\":\"Sistemos Klaip\u0117da\",\"description\":\"Kokybi\u0161ka duj\u0173 \u012franga ir jos komponentai, kabliai ir priedai\",\"publisher\":{\"@id\":\"https:\/\/sistemosklaipeda.com\/lv\/#organization\"},\"potentialAction\":[{\"@type\":\"SearchAction\",\"target\":{\"@type\":\"EntryPoint\",\"urlTemplate\":\"https:\/\/sistemosklaipeda.com\/lv\/?s={search_term_string}\"},\"query-input\":{\"@type\":\"PropertyValueSpecification\",\"valueRequired\":true,\"valueName\":\"search_term_string\"}}],\"inLanguage\":\"lv-LV\"},{\"@type\":\"Organization\",\"@id\":\"https:\/\/sistemosklaipeda.com\/lv\/#organization\",\"name\":\"Sistemos Klaip\u0117da\",\"alternateName\":\"Sistemos\",\"url\":\"https:\/\/sistemosklaipeda.com\/lv\/\",\"logo\":{\"@type\":\"ImageObject\",\"inLanguage\":\"lv-LV\",\"@id\":\"https:\/\/sistemosklaipeda.com\/lv\/#\/schema\/logo\/image\/\",\"url\":\"https:\/\/sistemosklaipeda.com\/wp-content\/uploads\/2023\/09\/sistemos-logo-cropperd-e1695968047774.png\",\"contentUrl\":\"https:\/\/sistemosklaipeda.com\/wp-content\/uploads\/2023\/09\/sistemos-logo-cropperd-e1695968047774.png\",\"width\":401,\"height\":206,\"caption\":\"Sistemos Klaip\u0117da\"},\"image\":{\"@id\":\"https:\/\/sistemosklaipeda.com\/lv\/#\/schema\/logo\/image\/\"},\"sameAs\":[\"https:\/\/www.facebook.com\/SistemosKlp\",\"https:\/\/www.instagram.com\/sistemosklaipeda\/\"]}]}<\/script>\n<!-- \/ Yoast SEO plugin. -->","yoast_head_json":{"title":"Remonta komplekts reduktoram NORDIC AT09 - Sistemos Klaip\u0117da","robots":{"index":"index","follow":"follow","max-snippet":"max-snippet:-1","max-image-preview":"max-image-preview:large","max-video-preview":"max-video-preview:-1"},"canonical":"https:\/\/sistemosklaipeda.com\/lv\/produkts\/remonta-komplekts-reduktoram-nordic-at09\/","og_locale":"lv_LV","og_type":"article","og_title":"Remonta komplekts reduktoram NORDIC AT09 - Sistemos Klaip\u0117da","og_description":"TOMASETTO p\u0101rnesumk\u0101rbas remonta komplekts NORDIC AT09. Ori\u0123in\u0101ls remonta komplekts Tomasetto p\u0101rnesumk\u0101rbas ar ieb\u016bv\u0113tu \u0161\u0137idr\u0101s f\u0101zes filtru re\u0123ener\u0101cijai. Komplekt\u0101 ietilpst visdr\u012bz\u0101k nodilsto\u0161\u0101s deta\u013cas, kas j\u0101nomaina, re\u0123ener\u0113jot iztvaic\u0113t\u0101ju, k\u0101 nor\u0101d\u012bjis ra\u017eot\u0101js. Tomasetto AT-09 iztvaic\u0113t\u0101js tiek izmantots sec\u012bg\u0101s g\u0101zes iesmidzin\u0101\u0161anas sist\u0113m\u0101s - ceturt\u0101s paaudzes g\u0101zes iek\u0101rt\u0101s.","og_url":"https:\/\/sistemosklaipeda.com\/lv\/produkts\/remonta-komplekts-reduktoram-nordic-at09\/","og_site_name":"Sistemos Klaip\u0117da","article_publisher":"https:\/\/www.facebook.com\/SistemosKlp","og_image":[{"width":777,"height":800,"url":"https:\/\/sistemosklaipeda.com\/wp-content\/uploads\/2024\/05\/Remontinis-komplektas-reduktoriui-NORDIC-AT09.png?v=1719405658","type":"image\/png"}],"twitter_card":"summary_large_image","schema":{"@context":"https:\/\/schema.org","@graph":[{"@type":"WebPage","@id":"https:\/\/sistemosklaipeda.com\/lv\/produkts\/remonta-komplekts-reduktoram-nordic-at09\/","url":"https:\/\/sistemosklaipeda.com\/lv\/produkts\/remonta-komplekts-reduktoram-nordic-at09\/","name":"Remonta komplekts reduktoram NORDIC AT09 - Sistemos Klaip\u0117da","isPartOf":{"@id":"https:\/\/sistemosklaipeda.com\/lv\/#website"},"primaryImageOfPage":{"@id":"https:\/\/sistemosklaipeda.com\/lv\/produkts\/remonta-komplekts-reduktoram-nordic-at09\/#primaryimage"},"image":{"@id":"https:\/\/sistemosklaipeda.com\/lv\/produkts\/remonta-komplekts-reduktoram-nordic-at09\/#primaryimage"},"thumbnailUrl":"https:\/\/sistemosklaipeda.com\/wp-content\/uploads\/2024\/05\/Remontinis-komplektas-reduktoriui-NORDIC-AT09.png","datePublished":"2024-08-11T15:06:53+00:00","breadcrumb":{"@id":"https:\/\/sistemosklaipeda.com\/lv\/produkts\/remonta-komplekts-reduktoram-nordic-at09\/#breadcrumb"},"inLanguage":"lv-LV","potentialAction":[{"@type":"ReadAction","target":["https:\/\/sistemosklaipeda.com\/lv\/produkts\/remonta-komplekts-reduktoram-nordic-at09\/"]}]},{"@type":"ImageObject","inLanguage":"lv-LV","@id":"https:\/\/sistemosklaipeda.com\/lv\/produkts\/remonta-komplekts-reduktoram-nordic-at09\/#primaryimage","url":"https:\/\/sistemosklaipeda.com\/wp-content\/uploads\/2024\/05\/Remontinis-komplektas-reduktoriui-NORDIC-AT09.png","contentUrl":"https:\/\/sistemosklaipeda.com\/wp-content\/uploads\/2024\/05\/Remontinis-komplektas-reduktoriui-NORDIC-AT09.png","width":777,"height":800,"caption":"Remontinis komplektas reduktoriui NORDIC AT09"},{"@type":"BreadcrumbList","@id":"https:\/\/sistemosklaipeda.com\/lv\/produkts\/remonta-komplekts-reduktoram-nordic-at09\/#breadcrumb","itemListElement":[{"@type":"ListItem","position":1,"name":"Prad\u017eia","item":"https:\/\/sistemosklaipeda.com\/lv\/veikals\/"},{"@type":"ListItem","position":2,"name":"Veikals","item":"https:\/\/sistemosklaipeda.com\/lv\/veikals\/"},{"@type":"ListItem","position":3,"name":"Remonta komplekts reduktoram NORDIC AT09"}]},{"@type":"WebSite","@id":"https:\/\/sistemosklaipeda.com\/lv\/#website","url":"https:\/\/sistemosklaipeda.com\/lv\/","name":"Sistemos Klaip\u0117da","description":"Kokybi\u0161ka duj\u0173 \u012franga ir jos komponentai, kabliai ir priedai","publisher":{"@id":"https:\/\/sistemosklaipeda.com\/lv\/#organization"},"potentialAction":[{"@type":"SearchAction","target":{"@type":"EntryPoint","urlTemplate":"https:\/\/sistemosklaipeda.com\/lv\/?s={search_term_string}"},"query-input":{"@type":"PropertyValueSpecification","valueRequired":true,"valueName":"search_term_string"}}],"inLanguage":"lv-LV"},{"@type":"Organization","@id":"https:\/\/sistemosklaipeda.com\/lv\/#organization","name":"Sistemos Klaip\u0117da","alternateName":"Sistemos","url":"https:\/\/sistemosklaipeda.com\/lv\/","logo":{"@type":"ImageObject","inLanguage":"lv-LV","@id":"https:\/\/sistemosklaipeda.com\/lv\/#\/schema\/logo\/image\/","url":"https:\/\/sistemosklaipeda.com\/wp-content\/uploads\/2023\/09\/sistemos-logo-cropperd-e1695968047774.png","contentUrl":"https:\/\/sistemosklaipeda.com\/wp-content\/uploads\/2023\/09\/sistemos-logo-cropperd-e1695968047774.png","width":401,"height":206,"caption":"Sistemos Klaip\u0117da"},"image":{"@id":"https:\/\/sistemosklaipeda.com\/lv\/#\/schema\/logo\/image\/"},"sameAs":["https:\/\/www.facebook.com\/SistemosKlp","https:\/\/www.instagram.com\/sistemosklaipeda\/"]}]}},"_links":{"self":[{"href":"https:\/\/sistemosklaipeda.com\/lv\/wp-json\/wp\/v2\/product\/15771","targetHints":{"allow":["GET"]}}],"collection":[{"href":"https:\/\/sistemosklaipeda.com\/lv\/wp-json\/wp\/v2\/product"}],"about":[{"href":"https:\/\/sistemosklaipeda.com\/lv\/wp-json\/wp\/v2\/types\/product"}],"wp:featuredmedia":[{"embeddable":true,"href":"https:\/\/sistemosklaipeda.com\/lv\/wp-json\/wp\/v2\/media\/14973"}],"wp:attachment":[{"href":"https:\/\/sistemosklaipeda.com\/lv\/wp-json\/wp\/v2\/media?parent=15771"}],"wp:term":[{"taxonomy":"product_brand","embeddable":true,"href":"https:\/\/sistemosklaipeda.com\/lv\/wp-json\/wp\/v2\/product_brand?post=15771"},{"taxonomy":"product_cat","embeddable":true,"href":"https:\/\/sistemosklaipeda.com\/lv\/wp-json\/wp\/v2\/product_cat?post=15771"},{"taxonomy":"product_tag","embeddable":true,"href":"https:\/\/sistemosklaipeda.com\/lv\/wp-json\/wp\/v2\/product_tag?post=15771"}],"curies":[{"name":"wp","href":"https:\/\/api.w.org\/{rel}","templated":true}]}}