{"id":15758,"date":"2023-12-15T00:03:45","date_gmt":"2024-08-11T15:06:12","guid":{"rendered":"https:\/\/sistemosklaipeda.com\/product\/reduktors-landi-renzo-li10-turbo-oversize-m12x1\/"},"modified":"2024-08-11T15:06:12","modified_gmt":"2024-08-11T15:06:12","slug":"reduktors-landi-renzo-li10-turbo-oversize-m12x1","status":"publish","type":"product","link":"https:\/\/sistemosklaipeda.com\/lv\/produkts\/reduktors-landi-renzo-li10-turbo-oversize-m12x1\/","title":{"rendered":"Reduktors Landi Renzo LI10 Turbo Oversize M12x1"},"content":{"rendered":"<p id=\"tw-target-text\" class=\"tw-data-text tw-text-large tw-ta\" dir=\"ltr\" data-placeholder=\"Vertimas\" data-ved=\"2ahUKEwiy1-2G84-DAxWhFBAIHRNuA28Q3ewLegQIBRAQ\"><span class=\"Y2IQFc\" lang=\"lt\" style=\"font-size: 12pt;font-family: arial, helvetica, sans-serif;color: #000000\">LI-10 ir vienpak\u0101pes kompens\u0113ts pozit\u012bv\u0101 spiediena reduktors ar dro\u0161\u012bbas v\u0101rstu.<br \/>\nT\u0101 kompaktaj\u0101 konstrukcij\u0101 ir ieb\u016bv\u0113ts sl\u0113gtas \u0137\u0113des soleno\u012bda v\u0101rsts, kas integr\u0113ts ar nomain\u0101mu filtru g\u0101zes padeves viet\u0101. <\/span><\/p>\n<p class=\"tw-data-text tw-text-large tw-ta\" dir=\"ltr\" data-placeholder=\"Vertimas\" data-ved=\"2ahUKEwiy1-2G84-DAxWhFBAIHRNuA28Q3ewLegQIBRAQ\"><span class=\"Y2IQFc\" lang=\"lt\" style=\"font-size: 12pt;font-family: arial, helvetica, sans-serif;color: #000000\">  Tas apvieno augstu pieg\u0101des jaudu un lielu elast\u012bbu, lai to var\u0113tu izmantot jaun\u0101s paaudzes Twinair un MultiAir iepl\u016bdes un turbo dzin\u0113jos.<\/span><\/p>\n<p class=\"tw-data-text tw-text-large tw-ta\" dir=\"ltr\" data-placeholder=\"Vertimas\" data-ved=\"2ahUKEwiy1-2G84-DAxWhFBAIHRNuA28Q3ewLegQIBRAQ\"><span class=\"Y2IQFc\" lang=\"lt\" style=\"font-size: 12pt;font-family: arial, helvetica, sans-serif;color: #000000\">Tehniskie dati:<\/span><\/p>\n<p class=\"tw-data-text tw-text-large tw-ta\" dir=\"ltr\" data-placeholder=\"Vertimas\" data-ved=\"2ahUKEwiy1-2G84-DAxWhFBAIHRNuA28Q3ewLegQIBRAQ\"><span class=\"Y2IQFc\" lang=\"lt\" style=\"font-size: 12pt;font-family: arial, helvetica, sans-serif;color: #000000\">  Vienpak\u0101pes kompens\u0113ts pozit\u012bva spiediena SNG iztvaic\u0113t\u0101js Ar dro\u0161\u012bbas v\u0101rstu<\/span><\/p>\n<p class=\"tw-data-text tw-text-large tw-ta\" dir=\"ltr\" data-placeholder=\"Vertimas\" data-ved=\"2ahUKEwiy1-2G84-DAxWhFBAIHRNuA28Q3ewLegQIBRAQ\"><span class=\"Y2IQFc\" lang=\"lt\" style=\"font-size: 12pt;font-family: arial, helvetica, sans-serif;color: #000000\">Ieeja: M12x1 (8 mm vara)<\/span><\/p>\n<p class=\"tw-data-text tw-text-large tw-ta\" dir=\"ltr\" data-placeholder=\"Vertimas\" data-ved=\"2ahUKEwiy1-2G84-DAxWhFBAIHRNuA28Q3ewLegQIBRAQ\"><span class=\"Y2IQFc\" lang=\"lt\" style=\"font-size: 12pt;font-family: arial, helvetica, sans-serif;color: #000000\">Izvads: \u0161\u013c\u016btenes diametrs 14 mm<\/span><\/p>\n<p class=\"tw-data-text tw-text-large tw-ta\" dir=\"ltr\" data-placeholder=\"Vertimas\" data-ved=\"2ahUKEwiy1-2G84-DAxWhFBAIHRNuA28Q3ewLegQIBRAQ\"><span class=\"Y2IQFc\" lang=\"lt\" style=\"font-size: 12pt;font-family: arial, helvetica, sans-serif;color: #000000\">\u016adens savienojumi: 16 mm<\/span><\/p>\n","protected":false},"excerpt":{"rendered":"<p><span class=\"Y2IQFc\" lang=\"lt\" style=\"font-size: 10pt;font-family: arial, helvetica, sans-serif;color: #000000\">LI-10 ir vienpak\u0101pes kompens\u0113ts pozit\u012bv\u0101 spiediena reduktors ar dro\u0161\u012bbas v\u0101rstu.<br \/>\nT\u0101 kompaktaj\u0101 konstrukcij\u0101 ir ieb\u016bv\u0113ts sl\u0113gtas \u0137\u0113des soleno\u012bda v\u0101rsts, kas integr\u0113ts ar nomain\u0101mu filtru g\u0101zes padeves viet\u0101.<br \/>\nTas apvieno lielu padeves jaudu un lielu elast\u012bbu izmanto\u0161anai jaun\u0101s paaudzes Twinair un MultiAir iepl\u016bdes un turbo dzin\u0113jos.  <\/span><\/p>\n","protected":false},"featured_media":14643,"template":"","meta":[],"product_brand":[],"product_cat":[144],"product_tag":[146,145],"class_list":{"0":"post-15758","1":"product","2":"type-product","3":"status-publish","4":"has-post-thumbnail","6":"product_cat-reducers","7":"product_tag-landi-renzo-lv","8":"product_tag-reducers","10":"first","11":"instock","12":"taxable","13":"shipping-taxable","14":"purchasable","15":"product-type-simple"},"yoast_head":"<!-- This site is optimized with the Yoast SEO plugin v27.0 - https:\/\/yoast.com\/product\/yoast-seo-wordpress\/ -->\n<title>Reduktors Landi Renzo LI10 Turbo Oversize M12x1 - Sistemos Klaip\u0117da<\/title>\n<meta name=\"robots\" content=\"index, follow, max-snippet:-1, max-image-preview:large, max-video-preview:-1\" \/>\n<link rel=\"canonical\" href=\"https:\/\/sistemosklaipeda.com\/lv\/produkts\/reduktors-landi-renzo-li10-turbo-oversize-m12x1\/\" \/>\n<meta property=\"og:locale\" content=\"lv_LV\" \/>\n<meta property=\"og:type\" content=\"article\" \/>\n<meta property=\"og:title\" content=\"Reduktors Landi Renzo LI10 Turbo Oversize M12x1 - Sistemos Klaip\u0117da\" \/>\n<meta property=\"og:description\" content=\"LI-10 ir vienpak\u0101pes kompens\u0113ts pozit\u012bv\u0101 spiediena reduktors ar dro\u0161\u012bbas v\u0101rstu. T\u0101 kompaktaj\u0101 konstrukcij\u0101 ir ieb\u016bv\u0113ts sl\u0113gtas \u0137\u0113des soleno\u012bda v\u0101rsts, kas integr\u0113ts ar nomain\u0101mu filtru g\u0101zes padeves viet\u0101. Tas apvieno lielu padeves jaudu un lielu elast\u012bbu izmanto\u0161anai jaun\u0101s paaudzes Twinair un MultiAir iepl\u016bdes un turbo dzin\u0113jos.\" \/>\n<meta property=\"og:url\" content=\"https:\/\/sistemosklaipeda.com\/lv\/produkts\/reduktors-landi-renzo-li10-turbo-oversize-m12x1\/\" \/>\n<meta property=\"og:site_name\" content=\"Sistemos Klaip\u0117da\" \/>\n<meta property=\"article:publisher\" content=\"https:\/\/www.facebook.com\/SistemosKlp\" \/>\n<meta name=\"twitter:card\" content=\"summary_large_image\" \/>\n<script type=\"application\/ld+json\" class=\"yoast-schema-graph\">{\"@context\":\"https:\/\/schema.org\",\"@graph\":[{\"@type\":\"WebPage\",\"@id\":\"https:\/\/sistemosklaipeda.com\/lv\/produkts\/reduktors-landi-renzo-li10-turbo-oversize-m12x1\/\",\"url\":\"https:\/\/sistemosklaipeda.com\/lv\/produkts\/reduktors-landi-renzo-li10-turbo-oversize-m12x1\/\",\"name\":\"Reduktors Landi Renzo LI10 Turbo Oversize M12x1 - Sistemos Klaip\u0117da\",\"isPartOf\":{\"@id\":\"https:\/\/sistemosklaipeda.com\/lv\/#website\"},\"primaryImageOfPage\":{\"@id\":\"https:\/\/sistemosklaipeda.com\/lv\/produkts\/reduktors-landi-renzo-li10-turbo-oversize-m12x1\/#primaryimage\"},\"image\":{\"@id\":\"https:\/\/sistemosklaipeda.com\/lv\/produkts\/reduktors-landi-renzo-li10-turbo-oversize-m12x1\/#primaryimage\"},\"thumbnailUrl\":\"https:\/\/sistemosklaipeda.com\/wp-content\/uploads\/2024\/02\/reduktorius-landi-renzo-li10-turbo-oversize-m12x1.jpg\",\"datePublished\":\"2024-08-11T15:06:12+00:00\",\"breadcrumb\":{\"@id\":\"https:\/\/sistemosklaipeda.com\/lv\/produkts\/reduktors-landi-renzo-li10-turbo-oversize-m12x1\/#breadcrumb\"},\"inLanguage\":\"lv-LV\",\"potentialAction\":[{\"@type\":\"ReadAction\",\"target\":[\"https:\/\/sistemosklaipeda.com\/lv\/produkts\/reduktors-landi-renzo-li10-turbo-oversize-m12x1\/\"]}]},{\"@type\":\"ImageObject\",\"inLanguage\":\"lv-LV\",\"@id\":\"https:\/\/sistemosklaipeda.com\/lv\/produkts\/reduktors-landi-renzo-li10-turbo-oversize-m12x1\/#primaryimage\",\"url\":\"https:\/\/sistemosklaipeda.com\/wp-content\/uploads\/2024\/02\/reduktorius-landi-renzo-li10-turbo-oversize-m12x1.jpg\",\"contentUrl\":\"https:\/\/sistemosklaipeda.com\/wp-content\/uploads\/2024\/02\/reduktorius-landi-renzo-li10-turbo-oversize-m12x1.jpg\",\"width\":800,\"height\":800},{\"@type\":\"BreadcrumbList\",\"@id\":\"https:\/\/sistemosklaipeda.com\/lv\/produkts\/reduktors-landi-renzo-li10-turbo-oversize-m12x1\/#breadcrumb\",\"itemListElement\":[{\"@type\":\"ListItem\",\"position\":1,\"name\":\"Prad\u017eia\",\"item\":\"https:\/\/sistemosklaipeda.com\/lv\/veikals\/\"},{\"@type\":\"ListItem\",\"position\":2,\"name\":\"Veikals\",\"item\":\"https:\/\/sistemosklaipeda.com\/lv\/veikals\/\"},{\"@type\":\"ListItem\",\"position\":3,\"name\":\"Reduktors Landi Renzo LI10 Turbo Oversize M12x1\"}]},{\"@type\":\"WebSite\",\"@id\":\"https:\/\/sistemosklaipeda.com\/lv\/#website\",\"url\":\"https:\/\/sistemosklaipeda.com\/lv\/\",\"name\":\"Sistemos Klaip\u0117da\",\"description\":\"Kokybi\u0161ka duj\u0173 \u012franga ir jos komponentai, kabliai ir priedai\",\"publisher\":{\"@id\":\"https:\/\/sistemosklaipeda.com\/lv\/#organization\"},\"potentialAction\":[{\"@type\":\"SearchAction\",\"target\":{\"@type\":\"EntryPoint\",\"urlTemplate\":\"https:\/\/sistemosklaipeda.com\/lv\/?s={search_term_string}\"},\"query-input\":{\"@type\":\"PropertyValueSpecification\",\"valueRequired\":true,\"valueName\":\"search_term_string\"}}],\"inLanguage\":\"lv-LV\"},{\"@type\":\"Organization\",\"@id\":\"https:\/\/sistemosklaipeda.com\/lv\/#organization\",\"name\":\"Sistemos Klaip\u0117da\",\"alternateName\":\"Sistemos\",\"url\":\"https:\/\/sistemosklaipeda.com\/lv\/\",\"logo\":{\"@type\":\"ImageObject\",\"inLanguage\":\"lv-LV\",\"@id\":\"https:\/\/sistemosklaipeda.com\/lv\/#\/schema\/logo\/image\/\",\"url\":\"https:\/\/sistemosklaipeda.com\/wp-content\/uploads\/2023\/09\/sistemos-logo-cropperd-e1695968047774.png\",\"contentUrl\":\"https:\/\/sistemosklaipeda.com\/wp-content\/uploads\/2023\/09\/sistemos-logo-cropperd-e1695968047774.png\",\"width\":401,\"height\":206,\"caption\":\"Sistemos Klaip\u0117da\"},\"image\":{\"@id\":\"https:\/\/sistemosklaipeda.com\/lv\/#\/schema\/logo\/image\/\"},\"sameAs\":[\"https:\/\/www.facebook.com\/SistemosKlp\",\"https:\/\/www.instagram.com\/sistemosklaipeda\/\"]}]}<\/script>\n<!-- \/ Yoast SEO plugin. -->","yoast_head_json":{"title":"Reduktors Landi Renzo LI10 Turbo Oversize M12x1 - Sistemos Klaip\u0117da","robots":{"index":"index","follow":"follow","max-snippet":"max-snippet:-1","max-image-preview":"max-image-preview:large","max-video-preview":"max-video-preview:-1"},"canonical":"https:\/\/sistemosklaipeda.com\/lv\/produkts\/reduktors-landi-renzo-li10-turbo-oversize-m12x1\/","og_locale":"lv_LV","og_type":"article","og_title":"Reduktors Landi Renzo LI10 Turbo Oversize M12x1 - Sistemos Klaip\u0117da","og_description":"LI-10 ir vienpak\u0101pes kompens\u0113ts pozit\u012bv\u0101 spiediena reduktors ar dro\u0161\u012bbas v\u0101rstu. T\u0101 kompaktaj\u0101 konstrukcij\u0101 ir ieb\u016bv\u0113ts sl\u0113gtas \u0137\u0113des soleno\u012bda v\u0101rsts, kas integr\u0113ts ar nomain\u0101mu filtru g\u0101zes padeves viet\u0101. Tas apvieno lielu padeves jaudu un lielu elast\u012bbu izmanto\u0161anai jaun\u0101s paaudzes Twinair un MultiAir iepl\u016bdes un turbo dzin\u0113jos.","og_url":"https:\/\/sistemosklaipeda.com\/lv\/produkts\/reduktors-landi-renzo-li10-turbo-oversize-m12x1\/","og_site_name":"Sistemos Klaip\u0117da","article_publisher":"https:\/\/www.facebook.com\/SistemosKlp","twitter_card":"summary_large_image","schema":{"@context":"https:\/\/schema.org","@graph":[{"@type":"WebPage","@id":"https:\/\/sistemosklaipeda.com\/lv\/produkts\/reduktors-landi-renzo-li10-turbo-oversize-m12x1\/","url":"https:\/\/sistemosklaipeda.com\/lv\/produkts\/reduktors-landi-renzo-li10-turbo-oversize-m12x1\/","name":"Reduktors Landi Renzo LI10 Turbo Oversize M12x1 - Sistemos Klaip\u0117da","isPartOf":{"@id":"https:\/\/sistemosklaipeda.com\/lv\/#website"},"primaryImageOfPage":{"@id":"https:\/\/sistemosklaipeda.com\/lv\/produkts\/reduktors-landi-renzo-li10-turbo-oversize-m12x1\/#primaryimage"},"image":{"@id":"https:\/\/sistemosklaipeda.com\/lv\/produkts\/reduktors-landi-renzo-li10-turbo-oversize-m12x1\/#primaryimage"},"thumbnailUrl":"https:\/\/sistemosklaipeda.com\/wp-content\/uploads\/2024\/02\/reduktorius-landi-renzo-li10-turbo-oversize-m12x1.jpg","datePublished":"2024-08-11T15:06:12+00:00","breadcrumb":{"@id":"https:\/\/sistemosklaipeda.com\/lv\/produkts\/reduktors-landi-renzo-li10-turbo-oversize-m12x1\/#breadcrumb"},"inLanguage":"lv-LV","potentialAction":[{"@type":"ReadAction","target":["https:\/\/sistemosklaipeda.com\/lv\/produkts\/reduktors-landi-renzo-li10-turbo-oversize-m12x1\/"]}]},{"@type":"ImageObject","inLanguage":"lv-LV","@id":"https:\/\/sistemosklaipeda.com\/lv\/produkts\/reduktors-landi-renzo-li10-turbo-oversize-m12x1\/#primaryimage","url":"https:\/\/sistemosklaipeda.com\/wp-content\/uploads\/2024\/02\/reduktorius-landi-renzo-li10-turbo-oversize-m12x1.jpg","contentUrl":"https:\/\/sistemosklaipeda.com\/wp-content\/uploads\/2024\/02\/reduktorius-landi-renzo-li10-turbo-oversize-m12x1.jpg","width":800,"height":800},{"@type":"BreadcrumbList","@id":"https:\/\/sistemosklaipeda.com\/lv\/produkts\/reduktors-landi-renzo-li10-turbo-oversize-m12x1\/#breadcrumb","itemListElement":[{"@type":"ListItem","position":1,"name":"Prad\u017eia","item":"https:\/\/sistemosklaipeda.com\/lv\/veikals\/"},{"@type":"ListItem","position":2,"name":"Veikals","item":"https:\/\/sistemosklaipeda.com\/lv\/veikals\/"},{"@type":"ListItem","position":3,"name":"Reduktors Landi Renzo LI10 Turbo Oversize M12x1"}]},{"@type":"WebSite","@id":"https:\/\/sistemosklaipeda.com\/lv\/#website","url":"https:\/\/sistemosklaipeda.com\/lv\/","name":"Sistemos Klaip\u0117da","description":"Kokybi\u0161ka duj\u0173 \u012franga ir jos komponentai, kabliai ir priedai","publisher":{"@id":"https:\/\/sistemosklaipeda.com\/lv\/#organization"},"potentialAction":[{"@type":"SearchAction","target":{"@type":"EntryPoint","urlTemplate":"https:\/\/sistemosklaipeda.com\/lv\/?s={search_term_string}"},"query-input":{"@type":"PropertyValueSpecification","valueRequired":true,"valueName":"search_term_string"}}],"inLanguage":"lv-LV"},{"@type":"Organization","@id":"https:\/\/sistemosklaipeda.com\/lv\/#organization","name":"Sistemos Klaip\u0117da","alternateName":"Sistemos","url":"https:\/\/sistemosklaipeda.com\/lv\/","logo":{"@type":"ImageObject","inLanguage":"lv-LV","@id":"https:\/\/sistemosklaipeda.com\/lv\/#\/schema\/logo\/image\/","url":"https:\/\/sistemosklaipeda.com\/wp-content\/uploads\/2023\/09\/sistemos-logo-cropperd-e1695968047774.png","contentUrl":"https:\/\/sistemosklaipeda.com\/wp-content\/uploads\/2023\/09\/sistemos-logo-cropperd-e1695968047774.png","width":401,"height":206,"caption":"Sistemos Klaip\u0117da"},"image":{"@id":"https:\/\/sistemosklaipeda.com\/lv\/#\/schema\/logo\/image\/"},"sameAs":["https:\/\/www.facebook.com\/SistemosKlp","https:\/\/www.instagram.com\/sistemosklaipeda\/"]}]}},"_links":{"self":[{"href":"https:\/\/sistemosklaipeda.com\/lv\/wp-json\/wp\/v2\/product\/15758","targetHints":{"allow":["GET"]}}],"collection":[{"href":"https:\/\/sistemosklaipeda.com\/lv\/wp-json\/wp\/v2\/product"}],"about":[{"href":"https:\/\/sistemosklaipeda.com\/lv\/wp-json\/wp\/v2\/types\/product"}],"wp:featuredmedia":[{"embeddable":true,"href":"https:\/\/sistemosklaipeda.com\/lv\/wp-json\/wp\/v2\/media\/14643"}],"wp:attachment":[{"href":"https:\/\/sistemosklaipeda.com\/lv\/wp-json\/wp\/v2\/media?parent=15758"}],"wp:term":[{"taxonomy":"product_brand","embeddable":true,"href":"https:\/\/sistemosklaipeda.com\/lv\/wp-json\/wp\/v2\/product_brand?post=15758"},{"taxonomy":"product_cat","embeddable":true,"href":"https:\/\/sistemosklaipeda.com\/lv\/wp-json\/wp\/v2\/product_cat?post=15758"},{"taxonomy":"product_tag","embeddable":true,"href":"https:\/\/sistemosklaipeda.com\/lv\/wp-json\/wp\/v2\/product_tag?post=15758"}],"curies":[{"name":"wp","href":"https:\/\/api.w.org\/{rel}","templated":true}]}}