{"id":15746,"date":"2024-05-15T08:03:12","date_gmt":"2024-08-11T15:05:27","guid":{"rendered":"https:\/\/sistemosklaipeda.com\/product\/aeb-king-obd-5-6-8-cilindriem\/"},"modified":"2024-08-11T15:05:27","modified_gmt":"2024-08-11T15:05:27","slug":"aeb-king-obd-5-6-8-cilindriem","status":"publish","type":"product","link":"https:\/\/sistemosklaipeda.com\/lv\/produkts\/aeb-king-obd-5-6-8-cilindriem\/","title":{"rendered":"AEB\/KING OBD 5-6-8 cilindriem"},"content":{"rendered":"<p>AEB\/KING ir m\u016bsdien\u012bgiem benz\u012bna automobi\u013ciem paredz\u0113ta uzlabota iesmidzin\u0101\u0161anas elektronika, kas paredz\u0113ta lieto\u0161anai k\u0101 sa\u0161\u0137idrin\u0101t\u0101s naftas g\u0101zes un sa\u0161\u0137idrin\u0101t\u0101s dabasg\u0101zes iek\u0101rtas.<br \/>\nT\u0101 ir apstiprin\u0101ta saska\u0146\u0101 ar sp\u0113k\u0101 eso\u0161ajiem g\u0101zes sist\u0113mu dro\u0161\u012bbas standartiem (R-67-01 un R-110), kas \u013cauj saglab\u0101t pies\u0101r\u0146ojo\u0161o vielu l\u012bmeni izpl\u016bdes g\u0101z\u0113s zem stingr\u0101ko standartu robe\u017ev\u0113rt\u012bb\u0101m.<br \/>\nAEB\/KING - garant\u0113 izcilu transportl\u012bdzek\u013ca veiktsp\u0113ju, braucot ar g\u0101zi, un ne maz\u0101kaj\u0101 m\u0113r\u0101 neietekm\u0113 transportl\u012bdzek\u013ca veiktsp\u0113ju, braucot ar benz\u012bnu.<br \/>\nT\u0101 autom\u0101tiski sagatavo lab\u0101kos sadeg\u0161anas iestat\u012bjumus, nep\u0101rtraukti p\u0101rbauda motora darb\u012bbas apst\u0101k\u013cus, uzraugot da\u017e\u0101dus parametrus, piem\u0113ram, benz\u012bna iesmidzin\u0101\u0161anas laiku, g\u0101zes spiedienu un temperat\u016bru, reduktora temperat\u016bru, un nosaka pareizo iesmidzin\u0101m\u0101s g\u0101zes daudzumu, samazinot izme\u0161u daudzumu un pagarinot motora kalpo\u0161anas laiku.<br \/>\nKatal\u012btiskais p\u0101rveidot\u0101js.<br \/>\nGalven\u0101s sist\u0113mas funkcijas: Uzlabota autom\u0101tisk\u0101 kalibr\u0113\u0161ana, Iesp\u0113ja nolas\u012bt apgriezienus no iesmidzin\u0101t\u0101jiem un br\u016bn\u0101 vada, Degvielas sajauk\u0161ana un papildu benz\u012bna iesmidzin\u0101\u0161ana atkar\u012bb\u0101 no apgriezienu \u0101truma un iesmidzin\u0101\u0161anas laika (opcija, ko var izmantot, lai samazin\u0101tu degvielas spiedienu degvielas pl\u016bsm\u0101 automobi\u013cos ar benz\u012bna spiediena sensoru un aizsarg\u0101tu v\u0101rstu ligzdas), Iesp\u0113ja piesl\u0113gt un simul\u0113t zondi, pl\u016bsmas MAP sensors ar g\u0101zes temperat\u016bras sensoru, kontrolieris savienojas, izmantojot Bluetooth un vadu interfeisu, OBD korekcijas karte, benz\u012bna kontroliera k\u013c\u016bdu dz\u0113\u0161ana, pamatojoties uz \u012bstermi\u0146a un ilgtermi\u0146a STFT un LTFT korekcij\u0101m, tas nep\u0101rtraukti piel\u0101go g\u0101zes devu atbilsto\u0161i piepras\u012bjumam.     <\/p>\n","protected":false},"excerpt":{"rendered":"<p>AEB\/KING OBD 5-6-8 cilindriem<\/p>\n","protected":false},"featured_media":15453,"template":"","meta":[],"product_brand":[],"product_cat":[129],"product_tag":[],"class_list":{"0":"post-15746","1":"product","2":"type-product","3":"status-publish","4":"has-post-thumbnail","6":"product_cat-gazes-iekartas","8":"first","9":"instock","10":"taxable","11":"shipping-taxable","12":"purchasable","13":"product-type-simple"},"yoast_head":"<!-- This site is optimized with the Yoast SEO plugin v27.0 - https:\/\/yoast.com\/product\/yoast-seo-wordpress\/ -->\n<title>AEB\/KING OBD 5-6-8 cilindriem - Sistemos Klaip\u0117da<\/title>\n<meta name=\"robots\" content=\"index, follow, max-snippet:-1, max-image-preview:large, max-video-preview:-1\" \/>\n<link rel=\"canonical\" href=\"https:\/\/sistemosklaipeda.com\/lv\/produkts\/aeb-king-obd-5-6-8-cilindriem\/\" \/>\n<meta property=\"og:locale\" content=\"lv_LV\" \/>\n<meta property=\"og:type\" content=\"article\" \/>\n<meta property=\"og:title\" content=\"AEB\/KING OBD 5-6-8 cilindriem - Sistemos Klaip\u0117da\" \/>\n<meta property=\"og:description\" content=\"AEB\/KING OBD 5-6-8 cilindriem\" \/>\n<meta property=\"og:url\" content=\"https:\/\/sistemosklaipeda.com\/lv\/produkts\/aeb-king-obd-5-6-8-cilindriem\/\" \/>\n<meta property=\"og:site_name\" content=\"Sistemos Klaip\u0117da\" \/>\n<meta property=\"article:publisher\" content=\"https:\/\/www.facebook.com\/SistemosKlp\" \/>\n<meta property=\"og:image\" content=\"https:\/\/sistemosklaipeda.com\/wp-content\/uploads\/2024\/05\/1246.png?v=1719405631\" \/>\n\t<meta property=\"og:image:width\" content=\"776\" \/>\n\t<meta property=\"og:image:height\" content=\"800\" \/>\n\t<meta property=\"og:image:type\" content=\"image\/png\" \/>\n<meta name=\"twitter:card\" content=\"summary_large_image\" \/>\n<meta name=\"twitter:label1\" content=\"Est. reading time\" \/>\n\t<meta name=\"twitter:data1\" content=\"2 minutes\" \/>\n<script type=\"application\/ld+json\" class=\"yoast-schema-graph\">{\"@context\":\"https:\/\/schema.org\",\"@graph\":[{\"@type\":\"WebPage\",\"@id\":\"https:\/\/sistemosklaipeda.com\/lv\/produkts\/aeb-king-obd-5-6-8-cilindriem\/\",\"url\":\"https:\/\/sistemosklaipeda.com\/lv\/produkts\/aeb-king-obd-5-6-8-cilindriem\/\",\"name\":\"AEB\/KING OBD 5-6-8 cilindriem - Sistemos Klaip\u0117da\",\"isPartOf\":{\"@id\":\"https:\/\/sistemosklaipeda.com\/lv\/#website\"},\"primaryImageOfPage\":{\"@id\":\"https:\/\/sistemosklaipeda.com\/lv\/produkts\/aeb-king-obd-5-6-8-cilindriem\/#primaryimage\"},\"image\":{\"@id\":\"https:\/\/sistemosklaipeda.com\/lv\/produkts\/aeb-king-obd-5-6-8-cilindriem\/#primaryimage\"},\"thumbnailUrl\":\"https:\/\/sistemosklaipeda.com\/wp-content\/uploads\/2024\/05\/1246.png\",\"datePublished\":\"2024-08-11T15:05:27+00:00\",\"breadcrumb\":{\"@id\":\"https:\/\/sistemosklaipeda.com\/lv\/produkts\/aeb-king-obd-5-6-8-cilindriem\/#breadcrumb\"},\"inLanguage\":\"lv-LV\",\"potentialAction\":[{\"@type\":\"ReadAction\",\"target\":[\"https:\/\/sistemosklaipeda.com\/lv\/produkts\/aeb-king-obd-5-6-8-cilindriem\/\"]}]},{\"@type\":\"ImageObject\",\"inLanguage\":\"lv-LV\",\"@id\":\"https:\/\/sistemosklaipeda.com\/lv\/produkts\/aeb-king-obd-5-6-8-cilindriem\/#primaryimage\",\"url\":\"https:\/\/sistemosklaipeda.com\/wp-content\/uploads\/2024\/05\/1246.png\",\"contentUrl\":\"https:\/\/sistemosklaipeda.com\/wp-content\/uploads\/2024\/05\/1246.png\",\"width\":776,\"height\":800,\"caption\":\"Duju \u012frangos komplektas AEB\/KING 5-6-8 cilindr\u0173 OBD\"},{\"@type\":\"BreadcrumbList\",\"@id\":\"https:\/\/sistemosklaipeda.com\/lv\/produkts\/aeb-king-obd-5-6-8-cilindriem\/#breadcrumb\",\"itemListElement\":[{\"@type\":\"ListItem\",\"position\":1,\"name\":\"Prad\u017eia\",\"item\":\"https:\/\/sistemosklaipeda.com\/lv\/veikals\/\"},{\"@type\":\"ListItem\",\"position\":2,\"name\":\"Veikals\",\"item\":\"https:\/\/sistemosklaipeda.com\/lv\/veikals\/\"},{\"@type\":\"ListItem\",\"position\":3,\"name\":\"AEB\/KING OBD 5-6-8 cilindriem\"}]},{\"@type\":\"WebSite\",\"@id\":\"https:\/\/sistemosklaipeda.com\/lv\/#website\",\"url\":\"https:\/\/sistemosklaipeda.com\/lv\/\",\"name\":\"Sistemos Klaip\u0117da\",\"description\":\"Kokybi\u0161ka duj\u0173 \u012franga ir jos komponentai, kabliai ir priedai\",\"publisher\":{\"@id\":\"https:\/\/sistemosklaipeda.com\/lv\/#organization\"},\"potentialAction\":[{\"@type\":\"SearchAction\",\"target\":{\"@type\":\"EntryPoint\",\"urlTemplate\":\"https:\/\/sistemosklaipeda.com\/lv\/?s={search_term_string}\"},\"query-input\":{\"@type\":\"PropertyValueSpecification\",\"valueRequired\":true,\"valueName\":\"search_term_string\"}}],\"inLanguage\":\"lv-LV\"},{\"@type\":\"Organization\",\"@id\":\"https:\/\/sistemosklaipeda.com\/lv\/#organization\",\"name\":\"Sistemos Klaip\u0117da\",\"alternateName\":\"Sistemos\",\"url\":\"https:\/\/sistemosklaipeda.com\/lv\/\",\"logo\":{\"@type\":\"ImageObject\",\"inLanguage\":\"lv-LV\",\"@id\":\"https:\/\/sistemosklaipeda.com\/lv\/#\/schema\/logo\/image\/\",\"url\":\"https:\/\/sistemosklaipeda.com\/wp-content\/uploads\/2023\/09\/sistemos-logo-cropperd-e1695968047774.png\",\"contentUrl\":\"https:\/\/sistemosklaipeda.com\/wp-content\/uploads\/2023\/09\/sistemos-logo-cropperd-e1695968047774.png\",\"width\":401,\"height\":206,\"caption\":\"Sistemos Klaip\u0117da\"},\"image\":{\"@id\":\"https:\/\/sistemosklaipeda.com\/lv\/#\/schema\/logo\/image\/\"},\"sameAs\":[\"https:\/\/www.facebook.com\/SistemosKlp\",\"https:\/\/www.instagram.com\/sistemosklaipeda\/\"]}]}<\/script>\n<!-- \/ Yoast SEO plugin. -->","yoast_head_json":{"title":"AEB\/KING OBD 5-6-8 cilindriem - Sistemos Klaip\u0117da","robots":{"index":"index","follow":"follow","max-snippet":"max-snippet:-1","max-image-preview":"max-image-preview:large","max-video-preview":"max-video-preview:-1"},"canonical":"https:\/\/sistemosklaipeda.com\/lv\/produkts\/aeb-king-obd-5-6-8-cilindriem\/","og_locale":"lv_LV","og_type":"article","og_title":"AEB\/KING OBD 5-6-8 cilindriem - Sistemos Klaip\u0117da","og_description":"AEB\/KING OBD 5-6-8 cilindriem","og_url":"https:\/\/sistemosklaipeda.com\/lv\/produkts\/aeb-king-obd-5-6-8-cilindriem\/","og_site_name":"Sistemos Klaip\u0117da","article_publisher":"https:\/\/www.facebook.com\/SistemosKlp","og_image":[{"width":776,"height":800,"url":"https:\/\/sistemosklaipeda.com\/wp-content\/uploads\/2024\/05\/1246.png?v=1719405631","type":"image\/png"}],"twitter_card":"summary_large_image","twitter_misc":{"Est. reading time":"2 minutes"},"schema":{"@context":"https:\/\/schema.org","@graph":[{"@type":"WebPage","@id":"https:\/\/sistemosklaipeda.com\/lv\/produkts\/aeb-king-obd-5-6-8-cilindriem\/","url":"https:\/\/sistemosklaipeda.com\/lv\/produkts\/aeb-king-obd-5-6-8-cilindriem\/","name":"AEB\/KING OBD 5-6-8 cilindriem - Sistemos Klaip\u0117da","isPartOf":{"@id":"https:\/\/sistemosklaipeda.com\/lv\/#website"},"primaryImageOfPage":{"@id":"https:\/\/sistemosklaipeda.com\/lv\/produkts\/aeb-king-obd-5-6-8-cilindriem\/#primaryimage"},"image":{"@id":"https:\/\/sistemosklaipeda.com\/lv\/produkts\/aeb-king-obd-5-6-8-cilindriem\/#primaryimage"},"thumbnailUrl":"https:\/\/sistemosklaipeda.com\/wp-content\/uploads\/2024\/05\/1246.png","datePublished":"2024-08-11T15:05:27+00:00","breadcrumb":{"@id":"https:\/\/sistemosklaipeda.com\/lv\/produkts\/aeb-king-obd-5-6-8-cilindriem\/#breadcrumb"},"inLanguage":"lv-LV","potentialAction":[{"@type":"ReadAction","target":["https:\/\/sistemosklaipeda.com\/lv\/produkts\/aeb-king-obd-5-6-8-cilindriem\/"]}]},{"@type":"ImageObject","inLanguage":"lv-LV","@id":"https:\/\/sistemosklaipeda.com\/lv\/produkts\/aeb-king-obd-5-6-8-cilindriem\/#primaryimage","url":"https:\/\/sistemosklaipeda.com\/wp-content\/uploads\/2024\/05\/1246.png","contentUrl":"https:\/\/sistemosklaipeda.com\/wp-content\/uploads\/2024\/05\/1246.png","width":776,"height":800,"caption":"Duju \u012frangos komplektas AEB\/KING 5-6-8 cilindr\u0173 OBD"},{"@type":"BreadcrumbList","@id":"https:\/\/sistemosklaipeda.com\/lv\/produkts\/aeb-king-obd-5-6-8-cilindriem\/#breadcrumb","itemListElement":[{"@type":"ListItem","position":1,"name":"Prad\u017eia","item":"https:\/\/sistemosklaipeda.com\/lv\/veikals\/"},{"@type":"ListItem","position":2,"name":"Veikals","item":"https:\/\/sistemosklaipeda.com\/lv\/veikals\/"},{"@type":"ListItem","position":3,"name":"AEB\/KING OBD 5-6-8 cilindriem"}]},{"@type":"WebSite","@id":"https:\/\/sistemosklaipeda.com\/lv\/#website","url":"https:\/\/sistemosklaipeda.com\/lv\/","name":"Sistemos Klaip\u0117da","description":"Kokybi\u0161ka duj\u0173 \u012franga ir jos komponentai, kabliai ir priedai","publisher":{"@id":"https:\/\/sistemosklaipeda.com\/lv\/#organization"},"potentialAction":[{"@type":"SearchAction","target":{"@type":"EntryPoint","urlTemplate":"https:\/\/sistemosklaipeda.com\/lv\/?s={search_term_string}"},"query-input":{"@type":"PropertyValueSpecification","valueRequired":true,"valueName":"search_term_string"}}],"inLanguage":"lv-LV"},{"@type":"Organization","@id":"https:\/\/sistemosklaipeda.com\/lv\/#organization","name":"Sistemos Klaip\u0117da","alternateName":"Sistemos","url":"https:\/\/sistemosklaipeda.com\/lv\/","logo":{"@type":"ImageObject","inLanguage":"lv-LV","@id":"https:\/\/sistemosklaipeda.com\/lv\/#\/schema\/logo\/image\/","url":"https:\/\/sistemosklaipeda.com\/wp-content\/uploads\/2023\/09\/sistemos-logo-cropperd-e1695968047774.png","contentUrl":"https:\/\/sistemosklaipeda.com\/wp-content\/uploads\/2023\/09\/sistemos-logo-cropperd-e1695968047774.png","width":401,"height":206,"caption":"Sistemos Klaip\u0117da"},"image":{"@id":"https:\/\/sistemosklaipeda.com\/lv\/#\/schema\/logo\/image\/"},"sameAs":["https:\/\/www.facebook.com\/SistemosKlp","https:\/\/www.instagram.com\/sistemosklaipeda\/"]}]}},"_links":{"self":[{"href":"https:\/\/sistemosklaipeda.com\/lv\/wp-json\/wp\/v2\/product\/15746","targetHints":{"allow":["GET"]}}],"collection":[{"href":"https:\/\/sistemosklaipeda.com\/lv\/wp-json\/wp\/v2\/product"}],"about":[{"href":"https:\/\/sistemosklaipeda.com\/lv\/wp-json\/wp\/v2\/types\/product"}],"wp:featuredmedia":[{"embeddable":true,"href":"https:\/\/sistemosklaipeda.com\/lv\/wp-json\/wp\/v2\/media\/15453"}],"wp:attachment":[{"href":"https:\/\/sistemosklaipeda.com\/lv\/wp-json\/wp\/v2\/media?parent=15746"}],"wp:term":[{"taxonomy":"product_brand","embeddable":true,"href":"https:\/\/sistemosklaipeda.com\/lv\/wp-json\/wp\/v2\/product_brand?post=15746"},{"taxonomy":"product_cat","embeddable":true,"href":"https:\/\/sistemosklaipeda.com\/lv\/wp-json\/wp\/v2\/product_cat?post=15746"},{"taxonomy":"product_tag","embeddable":true,"href":"https:\/\/sistemosklaipeda.com\/lv\/wp-json\/wp\/v2\/product_tag?post=15746"}],"curies":[{"name":"wp","href":"https:\/\/api.w.org\/{rel}","templated":true}]}}