{"id":15744,"date":"2024-05-15T08:03:10","date_gmt":"2024-08-11T15:05:26","guid":{"rendered":"https:\/\/sistemosklaipeda.com\/product\/aeb-king-sledzis-aeb-119b\/"},"modified":"2024-08-11T15:05:26","modified_gmt":"2024-08-11T15:05:26","slug":"aeb-king-sledzis-aeb-119b","status":"publish","type":"product","link":"https:\/\/sistemosklaipeda.com\/lv\/produkts\/aeb-king-sledzis-aeb-119b\/","title":{"rendered":"AEB\/KING sl\u0113dzis AEB 119B"},"content":{"rendered":"<p>Ori\u0123in\u0101ls AEB\/KING sl\u0113dzis benz\u012bna un g\u0101zes str\u0101vas padeves p\u0101rsl\u0113g\u0161anai. \u0160o vad\u012bbas bloku izmanto transportl\u012bdzek\u013cos ar alternat\u012bvu ener\u0123ijas avotu, piem\u0113ram, g\u0101zes degvielu, lai nor\u0101d\u012btu atliku\u0161o g\u0101zes daudzumu. Tam ir ar\u012b funkcija, lai p\u0101rsl\u0113gtu baro\u0161anas avotu no benz\u012bna uz g\u0101zi.<\/p>\n","protected":false},"excerpt":{"rendered":"<p>Ori\u0123in\u0101ls AEB\/KING sl\u0113dzis benz\u012bna un g\u0101zes str\u0101vas padeves p\u0101rsl\u0113g\u0161anai. \u0160o vad\u012bbas bloku izmanto transportl\u012bdzek\u013cos ar alternat\u012bvu ener\u0123ijas avotu, piem\u0113ram, g\u0101zes degvielu, lai nor\u0101d\u012btu atliku\u0161o g\u0101zes daudzumu. Tam ir ar\u012b funkcija, lai p\u0101rsl\u0113gtu baro\u0161anas avotu no benz\u012bna uz g\u0101zi.<\/p>\n","protected":false},"featured_media":15447,"template":"","meta":[],"product_brand":[],"product_cat":[133],"product_tag":[],"class_list":{"0":"post-15744","1":"product","2":"type-product","3":"status-publish","4":"has-post-thumbnail","6":"product_cat-pielikumi-lv","8":"first","9":"instock","10":"taxable","11":"shipping-taxable","12":"purchasable","13":"product-type-simple"},"yoast_head":"<!-- This site is optimized with the Yoast SEO plugin v27.0 - https:\/\/yoast.com\/product\/yoast-seo-wordpress\/ -->\n<title>AEB\/KING sl\u0113dzis AEB 119B - Sistemos Klaip\u0117da<\/title>\n<meta name=\"robots\" content=\"index, follow, max-snippet:-1, max-image-preview:large, max-video-preview:-1\" \/>\n<link rel=\"canonical\" href=\"https:\/\/sistemosklaipeda.com\/lv\/produkts\/aeb-king-sledzis-aeb-119b\/\" \/>\n<meta property=\"og:locale\" content=\"lv_LV\" \/>\n<meta property=\"og:type\" content=\"article\" \/>\n<meta property=\"og:title\" content=\"AEB\/KING sl\u0113dzis AEB 119B - Sistemos Klaip\u0117da\" \/>\n<meta property=\"og:description\" content=\"Ori\u0123in\u0101ls AEB\/KING sl\u0113dzis benz\u012bna un g\u0101zes str\u0101vas padeves p\u0101rsl\u0113g\u0161anai. \u0160o vad\u012bbas bloku izmanto transportl\u012bdzek\u013cos ar alternat\u012bvu ener\u0123ijas avotu, piem\u0113ram, g\u0101zes degvielu, lai nor\u0101d\u012btu atliku\u0161o g\u0101zes daudzumu. Tam ir ar\u012b funkcija, lai p\u0101rsl\u0113gtu baro\u0161anas avotu no benz\u012bna uz g\u0101zi.\" \/>\n<meta property=\"og:url\" content=\"https:\/\/sistemosklaipeda.com\/lv\/produkts\/aeb-king-sledzis-aeb-119b\/\" \/>\n<meta property=\"og:site_name\" content=\"Sistemos Klaip\u0117da\" \/>\n<meta property=\"article:publisher\" content=\"https:\/\/www.facebook.com\/SistemosKlp\" \/>\n<meta property=\"og:image\" content=\"https:\/\/sistemosklaipeda.com\/wp-content\/uploads\/2024\/05\/1198.png?v=1719405631\" \/>\n\t<meta property=\"og:image:width\" content=\"776\" \/>\n\t<meta property=\"og:image:height\" content=\"800\" \/>\n\t<meta property=\"og:image:type\" content=\"image\/png\" \/>\n<meta name=\"twitter:card\" content=\"summary_large_image\" \/>\n<script type=\"application\/ld+json\" class=\"yoast-schema-graph\">{\"@context\":\"https:\/\/schema.org\",\"@graph\":[{\"@type\":\"WebPage\",\"@id\":\"https:\/\/sistemosklaipeda.com\/lv\/produkts\/aeb-king-sledzis-aeb-119b\/\",\"url\":\"https:\/\/sistemosklaipeda.com\/lv\/produkts\/aeb-king-sledzis-aeb-119b\/\",\"name\":\"AEB\/KING sl\u0113dzis AEB 119B - Sistemos Klaip\u0117da\",\"isPartOf\":{\"@id\":\"https:\/\/sistemosklaipeda.com\/lv\/#website\"},\"primaryImageOfPage\":{\"@id\":\"https:\/\/sistemosklaipeda.com\/lv\/produkts\/aeb-king-sledzis-aeb-119b\/#primaryimage\"},\"image\":{\"@id\":\"https:\/\/sistemosklaipeda.com\/lv\/produkts\/aeb-king-sledzis-aeb-119b\/#primaryimage\"},\"thumbnailUrl\":\"https:\/\/sistemosklaipeda.com\/wp-content\/uploads\/2024\/05\/1198.png\",\"datePublished\":\"2024-08-11T15:05:26+00:00\",\"breadcrumb\":{\"@id\":\"https:\/\/sistemosklaipeda.com\/lv\/produkts\/aeb-king-sledzis-aeb-119b\/#breadcrumb\"},\"inLanguage\":\"lv-LV\",\"potentialAction\":[{\"@type\":\"ReadAction\",\"target\":[\"https:\/\/sistemosklaipeda.com\/lv\/produkts\/aeb-king-sledzis-aeb-119b\/\"]}]},{\"@type\":\"ImageObject\",\"inLanguage\":\"lv-LV\",\"@id\":\"https:\/\/sistemosklaipeda.com\/lv\/produkts\/aeb-king-sledzis-aeb-119b\/#primaryimage\",\"url\":\"https:\/\/sistemosklaipeda.com\/wp-content\/uploads\/2024\/05\/1198.png\",\"contentUrl\":\"https:\/\/sistemosklaipeda.com\/wp-content\/uploads\/2024\/05\/1198.png\",\"width\":776,\"height\":800,\"caption\":\"AEB\/KING jungiklis AEB 119B\"},{\"@type\":\"BreadcrumbList\",\"@id\":\"https:\/\/sistemosklaipeda.com\/lv\/produkts\/aeb-king-sledzis-aeb-119b\/#breadcrumb\",\"itemListElement\":[{\"@type\":\"ListItem\",\"position\":1,\"name\":\"Prad\u017eia\",\"item\":\"https:\/\/sistemosklaipeda.com\/lv\/veikals\/\"},{\"@type\":\"ListItem\",\"position\":2,\"name\":\"Veikals\",\"item\":\"https:\/\/sistemosklaipeda.com\/lv\/veikals\/\"},{\"@type\":\"ListItem\",\"position\":3,\"name\":\"AEB\/KING sl\u0113dzis AEB 119B\"}]},{\"@type\":\"WebSite\",\"@id\":\"https:\/\/sistemosklaipeda.com\/lv\/#website\",\"url\":\"https:\/\/sistemosklaipeda.com\/lv\/\",\"name\":\"Sistemos Klaip\u0117da\",\"description\":\"Kokybi\u0161ka duj\u0173 \u012franga ir jos komponentai, kabliai ir priedai\",\"publisher\":{\"@id\":\"https:\/\/sistemosklaipeda.com\/lv\/#organization\"},\"potentialAction\":[{\"@type\":\"SearchAction\",\"target\":{\"@type\":\"EntryPoint\",\"urlTemplate\":\"https:\/\/sistemosklaipeda.com\/lv\/?s={search_term_string}\"},\"query-input\":{\"@type\":\"PropertyValueSpecification\",\"valueRequired\":true,\"valueName\":\"search_term_string\"}}],\"inLanguage\":\"lv-LV\"},{\"@type\":\"Organization\",\"@id\":\"https:\/\/sistemosklaipeda.com\/lv\/#organization\",\"name\":\"Sistemos Klaip\u0117da\",\"alternateName\":\"Sistemos\",\"url\":\"https:\/\/sistemosklaipeda.com\/lv\/\",\"logo\":{\"@type\":\"ImageObject\",\"inLanguage\":\"lv-LV\",\"@id\":\"https:\/\/sistemosklaipeda.com\/lv\/#\/schema\/logo\/image\/\",\"url\":\"https:\/\/sistemosklaipeda.com\/wp-content\/uploads\/2023\/09\/sistemos-logo-cropperd-e1695968047774.png\",\"contentUrl\":\"https:\/\/sistemosklaipeda.com\/wp-content\/uploads\/2023\/09\/sistemos-logo-cropperd-e1695968047774.png\",\"width\":401,\"height\":206,\"caption\":\"Sistemos Klaip\u0117da\"},\"image\":{\"@id\":\"https:\/\/sistemosklaipeda.com\/lv\/#\/schema\/logo\/image\/\"},\"sameAs\":[\"https:\/\/www.facebook.com\/SistemosKlp\",\"https:\/\/www.instagram.com\/sistemosklaipeda\/\"]}]}<\/script>\n<!-- \/ Yoast SEO plugin. -->","yoast_head_json":{"title":"AEB\/KING sl\u0113dzis AEB 119B - Sistemos Klaip\u0117da","robots":{"index":"index","follow":"follow","max-snippet":"max-snippet:-1","max-image-preview":"max-image-preview:large","max-video-preview":"max-video-preview:-1"},"canonical":"https:\/\/sistemosklaipeda.com\/lv\/produkts\/aeb-king-sledzis-aeb-119b\/","og_locale":"lv_LV","og_type":"article","og_title":"AEB\/KING sl\u0113dzis AEB 119B - Sistemos Klaip\u0117da","og_description":"Ori\u0123in\u0101ls AEB\/KING sl\u0113dzis benz\u012bna un g\u0101zes str\u0101vas padeves p\u0101rsl\u0113g\u0161anai. \u0160o vad\u012bbas bloku izmanto transportl\u012bdzek\u013cos ar alternat\u012bvu ener\u0123ijas avotu, piem\u0113ram, g\u0101zes degvielu, lai nor\u0101d\u012btu atliku\u0161o g\u0101zes daudzumu. Tam ir ar\u012b funkcija, lai p\u0101rsl\u0113gtu baro\u0161anas avotu no benz\u012bna uz g\u0101zi.","og_url":"https:\/\/sistemosklaipeda.com\/lv\/produkts\/aeb-king-sledzis-aeb-119b\/","og_site_name":"Sistemos Klaip\u0117da","article_publisher":"https:\/\/www.facebook.com\/SistemosKlp","og_image":[{"width":776,"height":800,"url":"https:\/\/sistemosklaipeda.com\/wp-content\/uploads\/2024\/05\/1198.png?v=1719405631","type":"image\/png"}],"twitter_card":"summary_large_image","schema":{"@context":"https:\/\/schema.org","@graph":[{"@type":"WebPage","@id":"https:\/\/sistemosklaipeda.com\/lv\/produkts\/aeb-king-sledzis-aeb-119b\/","url":"https:\/\/sistemosklaipeda.com\/lv\/produkts\/aeb-king-sledzis-aeb-119b\/","name":"AEB\/KING sl\u0113dzis AEB 119B - Sistemos Klaip\u0117da","isPartOf":{"@id":"https:\/\/sistemosklaipeda.com\/lv\/#website"},"primaryImageOfPage":{"@id":"https:\/\/sistemosklaipeda.com\/lv\/produkts\/aeb-king-sledzis-aeb-119b\/#primaryimage"},"image":{"@id":"https:\/\/sistemosklaipeda.com\/lv\/produkts\/aeb-king-sledzis-aeb-119b\/#primaryimage"},"thumbnailUrl":"https:\/\/sistemosklaipeda.com\/wp-content\/uploads\/2024\/05\/1198.png","datePublished":"2024-08-11T15:05:26+00:00","breadcrumb":{"@id":"https:\/\/sistemosklaipeda.com\/lv\/produkts\/aeb-king-sledzis-aeb-119b\/#breadcrumb"},"inLanguage":"lv-LV","potentialAction":[{"@type":"ReadAction","target":["https:\/\/sistemosklaipeda.com\/lv\/produkts\/aeb-king-sledzis-aeb-119b\/"]}]},{"@type":"ImageObject","inLanguage":"lv-LV","@id":"https:\/\/sistemosklaipeda.com\/lv\/produkts\/aeb-king-sledzis-aeb-119b\/#primaryimage","url":"https:\/\/sistemosklaipeda.com\/wp-content\/uploads\/2024\/05\/1198.png","contentUrl":"https:\/\/sistemosklaipeda.com\/wp-content\/uploads\/2024\/05\/1198.png","width":776,"height":800,"caption":"AEB\/KING jungiklis AEB 119B"},{"@type":"BreadcrumbList","@id":"https:\/\/sistemosklaipeda.com\/lv\/produkts\/aeb-king-sledzis-aeb-119b\/#breadcrumb","itemListElement":[{"@type":"ListItem","position":1,"name":"Prad\u017eia","item":"https:\/\/sistemosklaipeda.com\/lv\/veikals\/"},{"@type":"ListItem","position":2,"name":"Veikals","item":"https:\/\/sistemosklaipeda.com\/lv\/veikals\/"},{"@type":"ListItem","position":3,"name":"AEB\/KING sl\u0113dzis AEB 119B"}]},{"@type":"WebSite","@id":"https:\/\/sistemosklaipeda.com\/lv\/#website","url":"https:\/\/sistemosklaipeda.com\/lv\/","name":"Sistemos Klaip\u0117da","description":"Kokybi\u0161ka duj\u0173 \u012franga ir jos komponentai, kabliai ir priedai","publisher":{"@id":"https:\/\/sistemosklaipeda.com\/lv\/#organization"},"potentialAction":[{"@type":"SearchAction","target":{"@type":"EntryPoint","urlTemplate":"https:\/\/sistemosklaipeda.com\/lv\/?s={search_term_string}"},"query-input":{"@type":"PropertyValueSpecification","valueRequired":true,"valueName":"search_term_string"}}],"inLanguage":"lv-LV"},{"@type":"Organization","@id":"https:\/\/sistemosklaipeda.com\/lv\/#organization","name":"Sistemos Klaip\u0117da","alternateName":"Sistemos","url":"https:\/\/sistemosklaipeda.com\/lv\/","logo":{"@type":"ImageObject","inLanguage":"lv-LV","@id":"https:\/\/sistemosklaipeda.com\/lv\/#\/schema\/logo\/image\/","url":"https:\/\/sistemosklaipeda.com\/wp-content\/uploads\/2023\/09\/sistemos-logo-cropperd-e1695968047774.png","contentUrl":"https:\/\/sistemosklaipeda.com\/wp-content\/uploads\/2023\/09\/sistemos-logo-cropperd-e1695968047774.png","width":401,"height":206,"caption":"Sistemos Klaip\u0117da"},"image":{"@id":"https:\/\/sistemosklaipeda.com\/lv\/#\/schema\/logo\/image\/"},"sameAs":["https:\/\/www.facebook.com\/SistemosKlp","https:\/\/www.instagram.com\/sistemosklaipeda\/"]}]}},"_links":{"self":[{"href":"https:\/\/sistemosklaipeda.com\/lv\/wp-json\/wp\/v2\/product\/15744","targetHints":{"allow":["GET"]}}],"collection":[{"href":"https:\/\/sistemosklaipeda.com\/lv\/wp-json\/wp\/v2\/product"}],"about":[{"href":"https:\/\/sistemosklaipeda.com\/lv\/wp-json\/wp\/v2\/types\/product"}],"wp:featuredmedia":[{"embeddable":true,"href":"https:\/\/sistemosklaipeda.com\/lv\/wp-json\/wp\/v2\/media\/15447"}],"wp:attachment":[{"href":"https:\/\/sistemosklaipeda.com\/lv\/wp-json\/wp\/v2\/media?parent=15744"}],"wp:term":[{"taxonomy":"product_brand","embeddable":true,"href":"https:\/\/sistemosklaipeda.com\/lv\/wp-json\/wp\/v2\/product_brand?post=15744"},{"taxonomy":"product_cat","embeddable":true,"href":"https:\/\/sistemosklaipeda.com\/lv\/wp-json\/wp\/v2\/product_cat?post=15744"},{"taxonomy":"product_tag","embeddable":true,"href":"https:\/\/sistemosklaipeda.com\/lv\/wp-json\/wp\/v2\/product_tag?post=15744"}],"curies":[{"name":"wp","href":"https:\/\/api.w.org\/{rel}","templated":true}]}}