{"id":16188,"date":"2024-11-25T21:35:57","date_gmt":"2024-11-25T21:35:57","guid":{"rendered":"https:\/\/sistemosklaipeda.com\/my-account-2\/"},"modified":"2024-11-25T21:35:57","modified_gmt":"2024-11-25T21:35:57","slug":"my-account-2","status":"publish","type":"page","link":"https:\/\/sistemosklaipeda.com\/lv\/my-account-2\/","title":{"rendered":"My Account"},"content":{"rendered":"\t\t<div data-elementor-type=\"wp-page\" data-elementor-id=\"16188\" class=\"elementor elementor-16188 elementor-11136\" data-elementor-post-type=\"page\">\n\t\t\t\t<div class=\"elementor-element elementor-element-22b53c72 e-con-full e-flex e-con e-parent\" data-id=\"22b53c72\" data-element_type=\"container\" data-e-type=\"container\" data-settings=\"{&quot;background_background&quot;:&quot;classic&quot;}\">\n\t\t\t\t<div class=\"elementor-element elementor-element-641dbcdb e-my-account-tabs-vertical elementor-widget elementor-widget-woocommerce-my-account\" data-id=\"641dbcdb\" data-element_type=\"widget\" data-e-type=\"widget\" data-widget_type=\"woocommerce-my-account.default\">\n\t\t\t\t<div class=\"elementor-widget-container\">\n\t\t\t\t\t<div class=\"e-my-account-tab e-my-account-tab__ \">\t\t\t<div class=\"woocommerce\"><div class=\"woocommerce-notices-wrapper\"><\/div>\n\n\t\t<h2>Login<\/h2>\n\n\t\t<form class=\"woocommerce-form woocommerce-form-login login\" method=\"post\" novalidate>\n\n\t\t\t\n\t\t\t<p class=\"woocommerce-form-row woocommerce-form-row--wide form-row form-row-wide\">\n\t\t\t\t<label for=\"username\">Username or email address&nbsp;<span class=\"required\" aria-hidden=\"true\">*<\/span><span class=\"screen-reader-text\">Required<\/span><\/label>\n\t\t\t\t<input type=\"text\" class=\"woocommerce-Input woocommerce-Input--text input-text\" name=\"username\" id=\"username\" autocomplete=\"username\" value=\"\" required aria-required=\"true\" \/>\t\t\t<\/p>\n\t\t\t<p class=\"woocommerce-form-row woocommerce-form-row--wide form-row form-row-wide\">\n\t\t\t\t<label for=\"password\">Password&nbsp;<span class=\"required\" aria-hidden=\"true\">*<\/span><span class=\"screen-reader-text\">Required<\/span><\/label>\n\t\t\t\t<input class=\"woocommerce-Input woocommerce-Input--text input-text\" type=\"password\" name=\"password\" id=\"password\" autocomplete=\"current-password\" required aria-required=\"true\" \/>\n\t\t\t<\/p>\n\n\t\t\t\n\t\t\t<p class=\"form-row\">\n\t\t\t\t<label class=\"woocommerce-form__label woocommerce-form__label-for-checkbox woocommerce-form-login__rememberme\">\n\t\t\t\t\t<input class=\"woocommerce-form__input woocommerce-form__input-checkbox\" name=\"rememberme\" type=\"checkbox\" id=\"rememberme\" value=\"forever\" \/> <span>Remember me<\/span>\n\t\t\t\t<\/label>\n\t\t\t\t<input type=\"hidden\" id=\"woocommerce-login-nonce\" name=\"woocommerce-login-nonce\" value=\"d83cccb0a1\" \/><input type=\"hidden\" name=\"_wp_http_referer\" value=\"\/lv\/wp-json\/wp\/v2\/pages\/16188\" \/>\t\t\t\t<button type=\"submit\" class=\"woocommerce-button button woocommerce-form-login__submit\" name=\"login\" value=\"Log in\">Log in<\/button>\n\t\t\t<\/p>\n\t\t\t<p class=\"woocommerce-LostPassword lost_password\">\n\t\t\t\t<a href=\"https:\/\/sistemosklaipeda.com\/lv\/my-account-2\/pazaudeta-parole\/\">Lost your password?<\/a>\n\t\t\t<\/p>\n\n\t\t\t\n\t\t<\/form>\n\n\n<\/div>\t\t<\/div>\n\t\t\t\t\t\t<\/div>\n\t\t\t\t<\/div>\n\t\t\t\t<\/div>\n\t\t\t\t<\/div>\n\t\t","protected":false},"excerpt":{"rendered":"<p>Login Username or email address&nbsp;*Required Password&nbsp;*Required Remember me Log in Lost your password? Dashboard Orders Downloads Addresses Mok\u0117jimo b\u016bdai Account Details Logout Sveiki, admin! (J\u016bs ne admin? Atsijunkite) Paskyroje galite per\u017ei\u016br\u0117ti savo u\u017esakymus, redaguoti savoregistracijos ir pristatymo adresus bei keisti slapta\u017eod\u012f ir kitus paskyros duomenis.<\/p>\n","protected":false},"author":1,"featured_media":0,"parent":0,"menu_order":0,"comment_status":"closed","ping_status":"closed","template":"","meta":{"footnotes":""},"class_list":["post-16188","page","type-page","status-publish","hentry"],"yoast_head":"<!-- This site is optimized with the Yoast SEO plugin v27.0 - https:\/\/yoast.com\/product\/yoast-seo-wordpress\/ -->\n<title>My Account - Sistemos Klaip\u0117da<\/title>\n<meta name=\"robots\" content=\"noindex, nofollow\" \/>\n<meta property=\"og:locale\" content=\"lv_LV\" \/>\n<meta property=\"og:type\" content=\"article\" \/>\n<meta property=\"og:title\" content=\"My Account - Sistemos Klaip\u0117da\" \/>\n<meta property=\"og:description\" content=\"Login Username or email address&nbsp;*Required Password&nbsp;*Required Remember me Log in Lost your password? Dashboard Orders Downloads Addresses Mok\u0117jimo b\u016bdai Account Details Logout Sveiki, admin! (J\u016bs ne admin? Atsijunkite) Paskyroje galite per\u017ei\u016br\u0117ti savo u\u017esakymus, redaguoti savoregistracijos ir pristatymo adresus bei keisti slapta\u017eod\u012f ir kitus paskyros duomenis.\" \/>\n<meta property=\"og:url\" content=\"https:\/\/sistemosklaipeda.com\/lv\/my-account-2\/\" \/>\n<meta property=\"og:site_name\" content=\"Sistemos Klaip\u0117da\" \/>\n<meta property=\"article:publisher\" content=\"https:\/\/www.facebook.com\/SistemosKlp\" \/>\n<meta name=\"twitter:card\" content=\"summary_large_image\" \/>\n<script type=\"application\/ld+json\" class=\"yoast-schema-graph\">{\"@context\":\"https:\/\/schema.org\",\"@graph\":[{\"@type\":\"WebPage\",\"@id\":\"https:\/\/sistemosklaipeda.com\/lv\/my-account-2\/\",\"url\":\"https:\/\/sistemosklaipeda.com\/lv\/my-account-2\/\",\"name\":\"My Account - Sistemos Klaip\u0117da\",\"isPartOf\":{\"@id\":\"https:\/\/sistemosklaipeda.com\/lv\/#website\"},\"datePublished\":\"2024-11-25T21:35:57+00:00\",\"breadcrumb\":{\"@id\":\"https:\/\/sistemosklaipeda.com\/lv\/my-account-2\/#breadcrumb\"},\"inLanguage\":\"lv-LV\",\"potentialAction\":[{\"@type\":\"ReadAction\",\"target\":[\"https:\/\/sistemosklaipeda.com\/lv\/my-account-2\/\"]}]},{\"@type\":\"BreadcrumbList\",\"@id\":\"https:\/\/sistemosklaipeda.com\/lv\/my-account-2\/#breadcrumb\",\"itemListElement\":[{\"@type\":\"ListItem\",\"position\":1,\"name\":\"Prad\u017eia\",\"item\":\"https:\/\/sistemosklaipeda.com\/lv\/veikals\/\"},{\"@type\":\"ListItem\",\"position\":2,\"name\":\"My Account\"}]},{\"@type\":\"WebSite\",\"@id\":\"https:\/\/sistemosklaipeda.com\/lv\/#website\",\"url\":\"https:\/\/sistemosklaipeda.com\/lv\/\",\"name\":\"Sistemos Klaip\u0117da\",\"description\":\"Kokybi\u0161ka duj\u0173 \u012franga ir jos komponentai, kabliai ir priedai\",\"publisher\":{\"@id\":\"https:\/\/sistemosklaipeda.com\/lv\/#organization\"},\"potentialAction\":[{\"@type\":\"SearchAction\",\"target\":{\"@type\":\"EntryPoint\",\"urlTemplate\":\"https:\/\/sistemosklaipeda.com\/lv\/?s={search_term_string}\"},\"query-input\":{\"@type\":\"PropertyValueSpecification\",\"valueRequired\":true,\"valueName\":\"search_term_string\"}}],\"inLanguage\":\"lv-LV\"},{\"@type\":\"Organization\",\"@id\":\"https:\/\/sistemosklaipeda.com\/lv\/#organization\",\"name\":\"Sistemos Klaip\u0117da\",\"alternateName\":\"Sistemos\",\"url\":\"https:\/\/sistemosklaipeda.com\/lv\/\",\"logo\":{\"@type\":\"ImageObject\",\"inLanguage\":\"lv-LV\",\"@id\":\"https:\/\/sistemosklaipeda.com\/lv\/#\/schema\/logo\/image\/\",\"url\":\"https:\/\/sistemosklaipeda.com\/wp-content\/uploads\/2023\/09\/sistemos-logo-cropperd-e1695968047774.png\",\"contentUrl\":\"https:\/\/sistemosklaipeda.com\/wp-content\/uploads\/2023\/09\/sistemos-logo-cropperd-e1695968047774.png\",\"width\":401,\"height\":206,\"caption\":\"Sistemos Klaip\u0117da\"},\"image\":{\"@id\":\"https:\/\/sistemosklaipeda.com\/lv\/#\/schema\/logo\/image\/\"},\"sameAs\":[\"https:\/\/www.facebook.com\/SistemosKlp\",\"https:\/\/www.instagram.com\/sistemosklaipeda\/\"]}]}<\/script>\n<!-- \/ Yoast SEO plugin. -->","yoast_head_json":{"title":"My Account - Sistemos Klaip\u0117da","robots":{"index":"noindex","follow":"nofollow"},"og_locale":"lv_LV","og_type":"article","og_title":"My Account - Sistemos Klaip\u0117da","og_description":"Login Username or email address&nbsp;*Required Password&nbsp;*Required Remember me Log in Lost your password? Dashboard Orders Downloads Addresses Mok\u0117jimo b\u016bdai Account Details Logout Sveiki, admin! (J\u016bs ne admin? Atsijunkite) Paskyroje galite per\u017ei\u016br\u0117ti savo u\u017esakymus, redaguoti savoregistracijos ir pristatymo adresus bei keisti slapta\u017eod\u012f ir kitus paskyros duomenis.","og_url":"https:\/\/sistemosklaipeda.com\/lv\/my-account-2\/","og_site_name":"Sistemos Klaip\u0117da","article_publisher":"https:\/\/www.facebook.com\/SistemosKlp","twitter_card":"summary_large_image","schema":{"@context":"https:\/\/schema.org","@graph":[{"@type":"WebPage","@id":"https:\/\/sistemosklaipeda.com\/lv\/my-account-2\/","url":"https:\/\/sistemosklaipeda.com\/lv\/my-account-2\/","name":"My Account - Sistemos Klaip\u0117da","isPartOf":{"@id":"https:\/\/sistemosklaipeda.com\/lv\/#website"},"datePublished":"2024-11-25T21:35:57+00:00","breadcrumb":{"@id":"https:\/\/sistemosklaipeda.com\/lv\/my-account-2\/#breadcrumb"},"inLanguage":"lv-LV","potentialAction":[{"@type":"ReadAction","target":["https:\/\/sistemosklaipeda.com\/lv\/my-account-2\/"]}]},{"@type":"BreadcrumbList","@id":"https:\/\/sistemosklaipeda.com\/lv\/my-account-2\/#breadcrumb","itemListElement":[{"@type":"ListItem","position":1,"name":"Prad\u017eia","item":"https:\/\/sistemosklaipeda.com\/lv\/veikals\/"},{"@type":"ListItem","position":2,"name":"My Account"}]},{"@type":"WebSite","@id":"https:\/\/sistemosklaipeda.com\/lv\/#website","url":"https:\/\/sistemosklaipeda.com\/lv\/","name":"Sistemos Klaip\u0117da","description":"Kokybi\u0161ka duj\u0173 \u012franga ir jos komponentai, kabliai ir priedai","publisher":{"@id":"https:\/\/sistemosklaipeda.com\/lv\/#organization"},"potentialAction":[{"@type":"SearchAction","target":{"@type":"EntryPoint","urlTemplate":"https:\/\/sistemosklaipeda.com\/lv\/?s={search_term_string}"},"query-input":{"@type":"PropertyValueSpecification","valueRequired":true,"valueName":"search_term_string"}}],"inLanguage":"lv-LV"},{"@type":"Organization","@id":"https:\/\/sistemosklaipeda.com\/lv\/#organization","name":"Sistemos Klaip\u0117da","alternateName":"Sistemos","url":"https:\/\/sistemosklaipeda.com\/lv\/","logo":{"@type":"ImageObject","inLanguage":"lv-LV","@id":"https:\/\/sistemosklaipeda.com\/lv\/#\/schema\/logo\/image\/","url":"https:\/\/sistemosklaipeda.com\/wp-content\/uploads\/2023\/09\/sistemos-logo-cropperd-e1695968047774.png","contentUrl":"https:\/\/sistemosklaipeda.com\/wp-content\/uploads\/2023\/09\/sistemos-logo-cropperd-e1695968047774.png","width":401,"height":206,"caption":"Sistemos Klaip\u0117da"},"image":{"@id":"https:\/\/sistemosklaipeda.com\/lv\/#\/schema\/logo\/image\/"},"sameAs":["https:\/\/www.facebook.com\/SistemosKlp","https:\/\/www.instagram.com\/sistemosklaipeda\/"]}]}},"_links":{"self":[{"href":"https:\/\/sistemosklaipeda.com\/lv\/wp-json\/wp\/v2\/pages\/16188","targetHints":{"allow":["GET"]}}],"collection":[{"href":"https:\/\/sistemosklaipeda.com\/lv\/wp-json\/wp\/v2\/pages"}],"about":[{"href":"https:\/\/sistemosklaipeda.com\/lv\/wp-json\/wp\/v2\/types\/page"}],"author":[{"embeddable":true,"href":"https:\/\/sistemosklaipeda.com\/lv\/wp-json\/wp\/v2\/users\/1"}],"replies":[{"embeddable":true,"href":"https:\/\/sistemosklaipeda.com\/lv\/wp-json\/wp\/v2\/comments?post=16188"}],"version-history":[{"count":0,"href":"https:\/\/sistemosklaipeda.com\/lv\/wp-json\/wp\/v2\/pages\/16188\/revisions"}],"wp:attachment":[{"href":"https:\/\/sistemosklaipeda.com\/lv\/wp-json\/wp\/v2\/media?parent=16188"}],"curies":[{"name":"wp","href":"https:\/\/api.w.org\/{rel}","templated":true}]}}