{"id":15683,"date":"2024-08-11T14:52:00","date_gmt":"2024-08-11T14:52:00","guid":{"rendered":"https:\/\/sistemosklaipeda.com\/visparigie-noteikumi-un-nosacijumi\/"},"modified":"2024-08-11T14:52:01","modified_gmt":"2024-08-11T14:52:01","slug":"visparigie-noteikumi-un-nosacijumi","status":"publish","type":"page","link":"https:\/\/sistemosklaipeda.com\/lv\/visparigie-noteikumi-un-nosacijumi\/","title":{"rendered":"Visp\u0101r\u012bgie noteikumi un nosac\u012bjumi"},"content":{"rendered":"\t\t<div data-elementor-type=\"wp-page\" data-elementor-id=\"15683\" class=\"elementor elementor-15683 elementor-11196\" data-elementor-post-type=\"page\">\n\t\t\t\t<div class=\"elementor-element elementor-element-64f9b6bd e-con-full e-flex e-con e-parent\" data-id=\"64f9b6bd\" data-element_type=\"container\" data-e-type=\"container\" data-settings=\"{&quot;background_background&quot;:&quot;classic&quot;,&quot;shape_divider_bottom&quot;:&quot;triangle&quot;,&quot;shape_divider_bottom_negative&quot;:&quot;yes&quot;}\">\n\t\t\t\t<div class=\"elementor-shape elementor-shape-bottom\" aria-hidden=\"true\" data-negative=\"true\">\n\t\t\t<svg xmlns=\"http:\/\/www.w3.org\/2000\/svg\" viewBox=\"0 0 1000 100\" preserveAspectRatio=\"none\">\n\t<path class=\"elementor-shape-fill\" d=\"M500.2,94.7L0,0v100h1000V0L500.2,94.7z\"\/>\n<\/svg>\t\t<\/div>\n\t\t\t\t<\/div>\n\t\t<div class=\"elementor-element elementor-element-14033dac e-flex e-con-boxed e-con e-parent\" data-id=\"14033dac\" data-element_type=\"container\" data-e-type=\"container\">\n\t\t\t\t\t<div class=\"e-con-inner\">\n\t\t\t\t\t<\/div>\n\t\t\t\t<\/div>\n\t\t<div class=\"elementor-element elementor-element-2d78179c e-flex e-con-boxed e-con e-parent\" data-id=\"2d78179c\" data-element_type=\"container\" data-e-type=\"container\">\n\t\t\t\t\t<div class=\"e-con-inner\">\n\t\t\t\t<div class=\"elementor-element elementor-element-31f1f85 elementor-widget elementor-widget-text-editor\" data-id=\"31f1f85\" data-element_type=\"widget\" data-e-type=\"widget\" data-widget_type=\"text-editor.default\">\n\t\t\t\t<div class=\"elementor-widget-container\">\n\t\t\t\t\t\t\t\t\t<p>1. L\u012aGUMA PRIEK\u0160METS<\/p>\n<p>1.1.<br \/>\n\u0160ios Bendrosios s\u0105lygos (toliau \u2013 \u201eBendrosios s\u0105lygos\u201d) taikomos visoms Pardav\u0117jo \u2013 sistemosklaipeda.com, veikiama per individuali\u0105 veikl\u0105, veiklos numeris \u2013 711036, adresas: Naujoji Uosto g.16, LT-92122, Klaip\u0117da, Lietuvos Respublika, interneto svetain\u0117s adresas \u2013 sistemosklaipeda.com (toliau \u2013 sistemosklaipeda.com arba Pardav\u0117jas\u201d) teikiamoms elektronin\u0117s prekybos paslaugoms ir yra sutarties su klientu dalis (toliau \u2013 \u201cPirkimo ir pardavimo sutartis\u201d), nebent \u0161alys atskira ra\u0161ytine sutartimi nuspr\u0119st\u0173 jas pakeisti. <br \/>1.2. Pirkuma un p\u0101rdo\u0161anas l\u012bgums starp Pirc\u0113ju un P\u0101rdev\u0113ju tiek uzskat\u012bts par nosl\u0113gtu no br\u012b\u017ea, kad Pirc\u0113js, izv\u0113loties v\u0113lamo preci vai izveidojot iepirkumu grozu interneta veikal\u0101, nor\u0101dot visus nepiecie\u0161amos datus un iepaz\u012bstoties ar Noteikumos izkl\u0101st\u012btajiem noteikumiem, veic pas\u016bt\u012bjumu.<br \/>1.3.<br \/>\nPirk\u0117jas prekes sistemosklaipeda.com perka ir u\u017esako elektronin\u0117je parduotuv\u0117je.<br \/>\nsistemosklaipeda.com \u012fsipareigoja pristatyti u\u017esakytas prekes pirk\u0117jui, o klientas \u012fsipareigoja priimti u\u017esakytas prekes ir atsiskaityti u\u017e jas taisykl\u0117se nustatyta tvarka ir terminais.<br \/>1.4.<br \/>\nsistemosklaipeda.com laikosi Lietuvos Respublikos \u012fstatym\u0173 bei taikytin\u0173 teis\u0117s akt\u0173.   <\/p>\n<p>2. P\u0100RDEV\u0112JA TIES\u012aBAS UN PIEN\u0100KUMI<\/p>\n<p>2.1.<br \/>\nsistemosklaipeda.com \u012fsipareigoja perduoti u\u017esakytas ir apmok\u0117tas prekes Pirk\u0117jui.<br \/>\nPristatymo s\u0105lygas yra apra\u0161ytos \u0161iame puslapyje: Pristatymas.<br \/>2.2.<br \/>\nsistemosklaipeda.com \u012fsipareigoja priimti gr\u0105\u017einamas prekes, jei jos yra gr\u0105\u017einamos per 7 dienas nuo atlikto u\u017esakymo ir prek\u0117s yra nepa\u017eeistos, nenaudotos ir nepraradusios prekin\u0117s i\u0161vaizdos.<br \/>\nJei sistemosklaipeda.com nusprend\u017eia ir patvirtina, kad u\u017esakytos prek\u0117s yra tinkamos gr\u0105\u017einimui, pinigai yra gr\u0105\u017einami \u012f pirk\u0117jo nurodyt\u0105 banko s\u0105skait\u0105 per 7 darbo dienas nuo patvirtinimo.<br \/>2.3.<br \/>\nsistemosklaipeda.com \u012fsipareigoja sudaryti tinkamas s\u0105lygas patogiai naudotis el.<br \/>\nParduotuve.<br \/>2.4.<br \/>\nsistemosklaipeda.com gali bet kuriuo metu keisti bendr\u0105sias taisykles ir pirkimo pardavimo sutart\u012f atsi\u017evelgiant \u012f Lietuvos Respublikos \u012fstatymus.       <\/p>\n<p>3. PIRC\u0112JA TIES\u012aBAS UN PIEN\u0100KUMI<\/p>\n<p>3.1.<br \/>\nPirk\u0117jas patvirtina, kad turi teis\u0119 pirkti prekes pardav\u0117jui priklausan\u010dioje parduotuv\u0117je, atsi\u017evelgiant \u012f Lietuvos Respublikos \u012fstatymus.<br \/>3.2.<br \/>\nPirk\u0117jas \u012fsipareigoja pateikti tiksl\u0173 ir teising\u0105 pristatymo adres\u0105 ir priimti u\u017esakytas prekes.<br \/>3.3.<br \/>\nPirk\u0117jas \u012fsipareigoja apmok\u0117ti u\u017esakytas prek\u0117s kaip numato APMOK\u0116JIMO S\u0104LYGOS IR TVARKA.<br \/>3.4.<br \/>\nPirk\u0117jas gali gr\u0105\u017einti prekes, jei jos yra gr\u0105\u017einamos per 7 dien\u0173 nuo atlikto u\u017esakymo ir prek\u0117s yra nepa\u017eeistos, nenaudotos ir nepraradusios prekin\u0117s i\u0161vaizdos.<br \/>\nJei sistemosklaipeda.com nusprend\u017eia ir patvirtina, kad u\u017esakytos prek\u0117s yra tinkamos gr\u0105\u017einimui, pinigai yra gr\u0105\u017einami \u012f pirk\u0117jo nurodyt\u0105 banko s\u0105skait\u0105 per 7 darbo dienas nuo patvirtinimo.     <\/p>\n<p>4. MAKS\u0100\u0160ANAS NOTEIKUMI UN PROCED\u016aRAS<\/p>\n<p>4.1.<br \/>\nPirk\u0117jas paskutiniame u\u017esakymo \u017eingsnyje pasirenk\u0105 mok\u0117jimo b\u016bd\u0105 ir atlieka mok\u0117jim\u0105.<br \/>\nMok\u0117jimo b\u016bdai yra galimyb\u0117s yra apra\u0161ytos \u0161iame puslapyje: Atsiskaitymas.  <\/p>\n<p>5. DATU AIZSARDZ\u012aBA<\/p>\n<p>5.1.<br \/>\nsistemosklaipeda.com renka, kaupia, naudoja ir tvarko kliento asmens duomenis laikydamasi interneto svetain\u0117je esan\u010dia privatumo politika, vis\u0173 taikytin\u0173 teis\u0117s akt\u0173 ir taisykli\u0173, susijusi\u0173 su asmens duomen\u0173 apsauga.<br \/>5.2.<br \/>\nsistemosklaipeda.com renka, kaupia, naudoja ir tvarko asmens duomenis \u0161iems tikslams:<br \/>(i) Pirkimo ir pardavimo sutarties vykdymui;<br \/>(ii) U\u017esakyt\u0173 ir apmok\u0117t\u0173 preki\u0173 pristatymui;<br \/>(iii) Informaciniams prane\u0161imas apie u\u017esakymo pasikeitimus, b\u016bsen\u0105, pristatymo informacij\u0105;<br \/>(iv) su klientais susijusios rinkodaros vykdymas.<br \/>5.3.<br \/>\nKlientai ir kiti asmenys, kuri\u0173 asmens duomenis sistemosklaipeda.com renka, kaupia, naudoja ir tvarko turi visas teises, nurodytas sistemosklaipeda.com privatumo politikoje.   <\/p>\n<p>6. PIEM\u0112ROJAMIE TIES\u012aBU AKTI UN STR\u012aDU IZ\u0160\u0136IR\u0160ANA<\/p>\n<p>6.1.<br \/>\nPirkimo ir pardavimo sutartis yra taikoma ir ji bus ai\u0161kinama vadovaujantis Lietuvos Respublikos teise.<br \/>6.2.<br \/>\nTarp \u0161ali\u0173 kil\u0119 gin\u010dai, reikalavimai ar nesutarimai, kylantys i\u0161 Pirkimo ir pardavimo sutarties ar susij\u0119 su ja, jos pa\u017eeidimu, nutraukimu ar galiojimu, bus galutinai sprend\u017eiami teisme.  <\/p>\n<p>7. CITI NOTEIKUMI<\/p>\n<p>7.1.<br \/>\nsistemosklaipeda.com turi teis\u0119 viena\u0161ali\u0161kai keisti Bendr\u0105sias s\u0105lygas.<br \/>\nBendr\u0173j\u0173 s\u0105lyg\u0173 pakeitimai \u012fsigalioja nuo to momento, kai pirk\u0117jas duoda pirm\u0105j\u012f pavedim\u0105 po informavimo apie s\u0105lyg\u0173 pakeitim\u0105.  <\/p>\n<p>P\u0113d\u0113jo reizi atjaunin\u0101ts: 2023<br \/>\n14. decembris. <\/p>\n\t\t\t\t\t\t\t\t<\/div>\n\t\t\t\t<\/div>\n\t\t\t\t\t<\/div>\n\t\t\t\t<\/div>\n\t\t\t\t<\/div>\n\t\t","protected":false},"excerpt":{"rendered":"<p>1. L\u012aGUMA PRIEK\u0160METS 1.1. \u0160ios Bendrosios s\u0105lygos (toliau \u2013 \u201eBendrosios s\u0105lygos\u201d) taikomos visoms Pardav\u0117jo \u2013 sistemosklaipeda.com, veikiama per individuali\u0105 veikl\u0105, veiklos numeris \u2013 711036, adresas: Naujoji Uosto g.16, LT-92122, Klaip\u0117da, Lietuvos Respublika, interneto svetain\u0117s adresas \u2013 sistemosklaipeda.com (toliau \u2013 sistemosklaipeda.com arba Pardav\u0117jas\u201d) teikiamoms elektronin\u0117s prekybos paslaugoms ir yra sutarties su klientu dalis (toliau \u2013 \u201cPirkimo [&hellip;]<\/p>\n","protected":false},"author":1,"featured_media":0,"parent":0,"menu_order":0,"comment_status":"closed","ping_status":"closed","template":"","meta":{"footnotes":""},"class_list":["post-15683","page","type-page","status-publish","hentry"],"yoast_head":"<!-- This site is optimized with the Yoast SEO plugin v27.0 - https:\/\/yoast.com\/product\/yoast-seo-wordpress\/ -->\n<title>Visp\u0101r\u012bgie noteikumi un nosac\u012bjumi - Sistemos Klaip\u0117da<\/title>\n<meta name=\"robots\" content=\"noindex, follow\" \/>\n<meta property=\"og:locale\" content=\"lv_LV\" \/>\n<meta property=\"og:type\" content=\"article\" \/>\n<meta property=\"og:title\" content=\"Visp\u0101r\u012bgie noteikumi un nosac\u012bjumi - Sistemos Klaip\u0117da\" \/>\n<meta property=\"og:description\" content=\"1. L\u012aGUMA PRIEK\u0160METS 1.1. \u0160ios Bendrosios s\u0105lygos (toliau \u2013 \u201eBendrosios s\u0105lygos\u201d) taikomos visoms Pardav\u0117jo \u2013 sistemosklaipeda.com, veikiama per individuali\u0105 veikl\u0105, veiklos numeris \u2013 711036, adresas: Naujoji Uosto g.16, LT-92122, Klaip\u0117da, Lietuvos Respublika, interneto svetain\u0117s adresas \u2013 sistemosklaipeda.com (toliau \u2013 sistemosklaipeda.com arba Pardav\u0117jas\u201d) teikiamoms elektronin\u0117s prekybos paslaugoms ir yra sutarties su klientu dalis (toliau \u2013 \u201cPirkimo [&hellip;]\" \/>\n<meta property=\"og:url\" content=\"https:\/\/sistemosklaipeda.com\/lv\/visparigie-noteikumi-un-nosacijumi\/\" \/>\n<meta property=\"og:site_name\" content=\"Sistemos Klaip\u0117da\" \/>\n<meta property=\"article:publisher\" content=\"https:\/\/www.facebook.com\/SistemosKlp\" \/>\n<meta property=\"article:modified_time\" content=\"2024-08-11T14:52:01+00:00\" \/>\n<meta name=\"twitter:card\" content=\"summary_large_image\" \/>\n<meta name=\"twitter:label1\" content=\"Est. reading time\" \/>\n\t<meta name=\"twitter:data1\" content=\"3 minutes\" \/>\n<script type=\"application\/ld+json\" class=\"yoast-schema-graph\">{\"@context\":\"https:\/\/schema.org\",\"@graph\":[{\"@type\":\"WebPage\",\"@id\":\"https:\/\/sistemosklaipeda.com\/lv\/visparigie-noteikumi-un-nosacijumi\/\",\"url\":\"https:\/\/sistemosklaipeda.com\/lv\/visparigie-noteikumi-un-nosacijumi\/\",\"name\":\"Visp\u0101r\u012bgie noteikumi un nosac\u012bjumi - Sistemos Klaip\u0117da\",\"isPartOf\":{\"@id\":\"https:\/\/sistemosklaipeda.com\/lv\/#website\"},\"datePublished\":\"2024-08-11T14:52:00+00:00\",\"dateModified\":\"2024-08-11T14:52:01+00:00\",\"breadcrumb\":{\"@id\":\"https:\/\/sistemosklaipeda.com\/lv\/visparigie-noteikumi-un-nosacijumi\/#breadcrumb\"},\"inLanguage\":\"lv-LV\",\"potentialAction\":[{\"@type\":\"ReadAction\",\"target\":[\"https:\/\/sistemosklaipeda.com\/lv\/visparigie-noteikumi-un-nosacijumi\/\"]}]},{\"@type\":\"BreadcrumbList\",\"@id\":\"https:\/\/sistemosklaipeda.com\/lv\/visparigie-noteikumi-un-nosacijumi\/#breadcrumb\",\"itemListElement\":[{\"@type\":\"ListItem\",\"position\":1,\"name\":\"Prad\u017eia\",\"item\":\"https:\/\/sistemosklaipeda.com\/lv\/veikals\/\"},{\"@type\":\"ListItem\",\"position\":2,\"name\":\"Visp\u0101r\u012bgie noteikumi un nosac\u012bjumi\"}]},{\"@type\":\"WebSite\",\"@id\":\"https:\/\/sistemosklaipeda.com\/lv\/#website\",\"url\":\"https:\/\/sistemosklaipeda.com\/lv\/\",\"name\":\"Sistemos Klaip\u0117da\",\"description\":\"Kokybi\u0161ka duj\u0173 \u012franga ir jos komponentai, kabliai ir priedai\",\"publisher\":{\"@id\":\"https:\/\/sistemosklaipeda.com\/lv\/#organization\"},\"potentialAction\":[{\"@type\":\"SearchAction\",\"target\":{\"@type\":\"EntryPoint\",\"urlTemplate\":\"https:\/\/sistemosklaipeda.com\/lv\/?s={search_term_string}\"},\"query-input\":{\"@type\":\"PropertyValueSpecification\",\"valueRequired\":true,\"valueName\":\"search_term_string\"}}],\"inLanguage\":\"lv-LV\"},{\"@type\":\"Organization\",\"@id\":\"https:\/\/sistemosklaipeda.com\/lv\/#organization\",\"name\":\"Sistemos Klaip\u0117da\",\"alternateName\":\"Sistemos\",\"url\":\"https:\/\/sistemosklaipeda.com\/lv\/\",\"logo\":{\"@type\":\"ImageObject\",\"inLanguage\":\"lv-LV\",\"@id\":\"https:\/\/sistemosklaipeda.com\/lv\/#\/schema\/logo\/image\/\",\"url\":\"https:\/\/sistemosklaipeda.com\/wp-content\/uploads\/2023\/09\/sistemos-logo-cropperd-e1695968047774.png\",\"contentUrl\":\"https:\/\/sistemosklaipeda.com\/wp-content\/uploads\/2023\/09\/sistemos-logo-cropperd-e1695968047774.png\",\"width\":401,\"height\":206,\"caption\":\"Sistemos Klaip\u0117da\"},\"image\":{\"@id\":\"https:\/\/sistemosklaipeda.com\/lv\/#\/schema\/logo\/image\/\"},\"sameAs\":[\"https:\/\/www.facebook.com\/SistemosKlp\",\"https:\/\/www.instagram.com\/sistemosklaipeda\/\"]}]}<\/script>\n<!-- \/ Yoast SEO plugin. -->","yoast_head_json":{"title":"Visp\u0101r\u012bgie noteikumi un nosac\u012bjumi - Sistemos Klaip\u0117da","robots":{"index":"noindex","follow":"follow"},"og_locale":"lv_LV","og_type":"article","og_title":"Visp\u0101r\u012bgie noteikumi un nosac\u012bjumi - Sistemos Klaip\u0117da","og_description":"1. L\u012aGUMA PRIEK\u0160METS 1.1. \u0160ios Bendrosios s\u0105lygos (toliau \u2013 \u201eBendrosios s\u0105lygos\u201d) taikomos visoms Pardav\u0117jo \u2013 sistemosklaipeda.com, veikiama per individuali\u0105 veikl\u0105, veiklos numeris \u2013 711036, adresas: Naujoji Uosto g.16, LT-92122, Klaip\u0117da, Lietuvos Respublika, interneto svetain\u0117s adresas \u2013 sistemosklaipeda.com (toliau \u2013 sistemosklaipeda.com arba Pardav\u0117jas\u201d) teikiamoms elektronin\u0117s prekybos paslaugoms ir yra sutarties su klientu dalis (toliau \u2013 \u201cPirkimo [&hellip;]","og_url":"https:\/\/sistemosklaipeda.com\/lv\/visparigie-noteikumi-un-nosacijumi\/","og_site_name":"Sistemos Klaip\u0117da","article_publisher":"https:\/\/www.facebook.com\/SistemosKlp","article_modified_time":"2024-08-11T14:52:01+00:00","twitter_card":"summary_large_image","twitter_misc":{"Est. reading time":"3 minutes"},"schema":{"@context":"https:\/\/schema.org","@graph":[{"@type":"WebPage","@id":"https:\/\/sistemosklaipeda.com\/lv\/visparigie-noteikumi-un-nosacijumi\/","url":"https:\/\/sistemosklaipeda.com\/lv\/visparigie-noteikumi-un-nosacijumi\/","name":"Visp\u0101r\u012bgie noteikumi un nosac\u012bjumi - Sistemos Klaip\u0117da","isPartOf":{"@id":"https:\/\/sistemosklaipeda.com\/lv\/#website"},"datePublished":"2024-08-11T14:52:00+00:00","dateModified":"2024-08-11T14:52:01+00:00","breadcrumb":{"@id":"https:\/\/sistemosklaipeda.com\/lv\/visparigie-noteikumi-un-nosacijumi\/#breadcrumb"},"inLanguage":"lv-LV","potentialAction":[{"@type":"ReadAction","target":["https:\/\/sistemosklaipeda.com\/lv\/visparigie-noteikumi-un-nosacijumi\/"]}]},{"@type":"BreadcrumbList","@id":"https:\/\/sistemosklaipeda.com\/lv\/visparigie-noteikumi-un-nosacijumi\/#breadcrumb","itemListElement":[{"@type":"ListItem","position":1,"name":"Prad\u017eia","item":"https:\/\/sistemosklaipeda.com\/lv\/veikals\/"},{"@type":"ListItem","position":2,"name":"Visp\u0101r\u012bgie noteikumi un nosac\u012bjumi"}]},{"@type":"WebSite","@id":"https:\/\/sistemosklaipeda.com\/lv\/#website","url":"https:\/\/sistemosklaipeda.com\/lv\/","name":"Sistemos Klaip\u0117da","description":"Kokybi\u0161ka duj\u0173 \u012franga ir jos komponentai, kabliai ir priedai","publisher":{"@id":"https:\/\/sistemosklaipeda.com\/lv\/#organization"},"potentialAction":[{"@type":"SearchAction","target":{"@type":"EntryPoint","urlTemplate":"https:\/\/sistemosklaipeda.com\/lv\/?s={search_term_string}"},"query-input":{"@type":"PropertyValueSpecification","valueRequired":true,"valueName":"search_term_string"}}],"inLanguage":"lv-LV"},{"@type":"Organization","@id":"https:\/\/sistemosklaipeda.com\/lv\/#organization","name":"Sistemos Klaip\u0117da","alternateName":"Sistemos","url":"https:\/\/sistemosklaipeda.com\/lv\/","logo":{"@type":"ImageObject","inLanguage":"lv-LV","@id":"https:\/\/sistemosklaipeda.com\/lv\/#\/schema\/logo\/image\/","url":"https:\/\/sistemosklaipeda.com\/wp-content\/uploads\/2023\/09\/sistemos-logo-cropperd-e1695968047774.png","contentUrl":"https:\/\/sistemosklaipeda.com\/wp-content\/uploads\/2023\/09\/sistemos-logo-cropperd-e1695968047774.png","width":401,"height":206,"caption":"Sistemos Klaip\u0117da"},"image":{"@id":"https:\/\/sistemosklaipeda.com\/lv\/#\/schema\/logo\/image\/"},"sameAs":["https:\/\/www.facebook.com\/SistemosKlp","https:\/\/www.instagram.com\/sistemosklaipeda\/"]}]}},"_links":{"self":[{"href":"https:\/\/sistemosklaipeda.com\/lv\/wp-json\/wp\/v2\/pages\/15683","targetHints":{"allow":["GET"]}}],"collection":[{"href":"https:\/\/sistemosklaipeda.com\/lv\/wp-json\/wp\/v2\/pages"}],"about":[{"href":"https:\/\/sistemosklaipeda.com\/lv\/wp-json\/wp\/v2\/types\/page"}],"author":[{"embeddable":true,"href":"https:\/\/sistemosklaipeda.com\/lv\/wp-json\/wp\/v2\/users\/1"}],"replies":[{"embeddable":true,"href":"https:\/\/sistemosklaipeda.com\/lv\/wp-json\/wp\/v2\/comments?post=15683"}],"version-history":[{"count":1,"href":"https:\/\/sistemosklaipeda.com\/lv\/wp-json\/wp\/v2\/pages\/15683\/revisions"}],"predecessor-version":[{"id":15684,"href":"https:\/\/sistemosklaipeda.com\/lv\/wp-json\/wp\/v2\/pages\/15683\/revisions\/15684"}],"wp:attachment":[{"href":"https:\/\/sistemosklaipeda.com\/lv\/wp-json\/wp\/v2\/media?parent=15683"}],"curies":[{"name":"wp","href":"https:\/\/api.w.org\/{rel}","templated":true}]}}