{"id":15668,"date":"2024-08-11T14:51:56","date_gmt":"2024-08-11T14:51:56","guid":{"rendered":"https:\/\/sistemosklaipeda.com\/konfidencialitates-politika\/"},"modified":"2024-08-11T14:52:00","modified_gmt":"2024-08-11T14:52:00","slug":"konfidencialitates-politika","status":"publish","type":"page","link":"https:\/\/sistemosklaipeda.com\/lv\/konfidencialitates-politika\/","title":{"rendered":"Konfidencialit\u0101tes politika"},"content":{"rendered":"\t\t<div data-elementor-type=\"wp-page\" data-elementor-id=\"15668\" class=\"elementor elementor-15668 elementor-10603\" data-elementor-post-type=\"page\">\n\t\t\t\t<div class=\"elementor-element elementor-element-64f9b6bd e-con-full e-flex e-con e-parent\" data-id=\"64f9b6bd\" data-element_type=\"container\" data-e-type=\"container\" data-settings=\"{&quot;background_background&quot;:&quot;classic&quot;,&quot;shape_divider_bottom&quot;:&quot;triangle&quot;,&quot;shape_divider_bottom_negative&quot;:&quot;yes&quot;}\">\n\t\t\t\t<div class=\"elementor-shape elementor-shape-bottom\" aria-hidden=\"true\" data-negative=\"true\">\n\t\t\t<svg xmlns=\"http:\/\/www.w3.org\/2000\/svg\" viewBox=\"0 0 1000 100\" preserveAspectRatio=\"none\">\n\t<path class=\"elementor-shape-fill\" d=\"M500.2,94.7L0,0v100h1000V0L500.2,94.7z\"\/>\n<\/svg>\t\t<\/div>\n\t\t\t\t<\/div>\n\t\t<div class=\"elementor-element elementor-element-14033dac e-flex e-con-boxed e-con e-parent\" data-id=\"14033dac\" data-element_type=\"container\" data-e-type=\"container\">\n\t\t\t\t\t<div class=\"e-con-inner\">\n\t\t\t\t\t<\/div>\n\t\t\t\t<\/div>\n\t\t<div class=\"elementor-element elementor-element-2d78179c e-flex e-con-boxed e-con e-parent\" data-id=\"2d78179c\" data-element_type=\"container\" data-e-type=\"container\">\n\t\t\t\t\t<div class=\"e-con-inner\">\n\t\t\t\t<div class=\"elementor-element elementor-element-31f1f85 elementor-widget elementor-widget-text-editor\" data-id=\"31f1f85\" data-element_type=\"widget\" data-e-type=\"widget\" data-widget_type=\"text-editor.default\">\n\t\t\t\t<div class=\"elementor-widget-container\">\n\t\t\t\t\t\t\t\t\t<p>1. PRIV\u0100TUMA POLITIKAS M\u0112R\u0136IS<\/p>\n<p>1.1.<br \/>\n\u0160i Privatumo politika \u012ftvirtina Interneto svetain\u0117s Vartotoj\u0173 Asmens duomen\u0173 tvarkymo s\u0105lygas ir tikslus. <\/p>\n<p>1.2.<br \/>\nKiekvienas Vartotojas naudodamasis Interneto svetaine ir pateikdamas savo Asmens duomenis sutinka, kad \u0161ie Duomenys b\u016bt\u0173 tvarkomi \u0161ioje Privatumo politikoje nurodyta tvarka. <\/p>\n<p>1.3.<br \/>\nKopijuoti bet koki\u0105 informacij\u0105 esan\u010di\u0105 \u0161ioje Privatumo politikoje be Interneto svetain\u0117s Duomen\u0173 valdytojo sutikimo yra grie\u017etai draud\u017eiama. <\/p>\n<p>2. IZMANTOTIE TERMINI<\/p>\n<p>2.1.<br \/>\n\u0160ioje Privatumo politikoje yra naudojamos \u0161ios s\u0105vokos, rei\u0161kian\u010dios tai: <\/p>\n<p>&#8220;Personas dati\" jeb &#8220;Dati\" ir jebk\u0101da inform\u0101cija par Lietot\u0101ju, kas ir tie\u0161i vai netie\u0161i identific\u0113ts vai identific\u0113jams (&#8220;Datu subjekts\").<\/p>\n<p>&#8220;Apstr\u0101de\" ir jebkura darb\u012bba vai darb\u012bbu sec\u012bba, ko ar automatiz\u0113tiem vai neautomatiz\u0113tiem l\u012bdzek\u013ciem veic ar Personas datiem vai Personas datu kop\u0101m, piem\u0113ram, v\u0101c, re\u0123istr\u0113, \u0161\u0137iro, organiz\u0113, glab\u0101 utt.<\/p>\n<p>&#8220;Datu p\u0101rzinis\" ir sistemklaipeda.com, kas veic individu\u0101lu darb\u012bbu, darb\u012bbas numurs - 711036, adrese: Naujoji Uosto g.16, LT-92122, Klaip\u0117da, Lietuvas Republika.<\/p>\n<p>&#8220;T\u012bmek\u013ca vietne\" ir Datu p\u0101rzi\u0146a p\u0101rvald\u012bt\u0101 t\u012bmek\u013ca vietne, kuras adrese ir sistemasklaipeda.com.<\/p>\n<p>&#8220;Priv\u0101tuma politika\" ir \u0161\u012b Priv\u0101tuma politika, kur\u0101 izkl\u0101st\u012bti Datu p\u0101rzi\u0146a pamatnoteikumi attiec\u012bb\u0101 uz Personas datu v\u0101k\u0161anu, glab\u0101\u0161anu, apstr\u0101di un saglab\u0101\u0161anu, kas piem\u0113rojami Lietot\u0101jiem, izmantojot T\u012bmek\u013ca vietni.<\/p>\n<p>&#8220;Regula\" ir 2018.<br \/>\n25. maijs.<br \/>\nRegula 2016\/679 par fizisku personu aizsardz\u012bbu attiec\u012bb\u0101 uz personas datu apstr\u0101di un \u0161\u0101du datu br\u012bvu apriti, kas Eiropas Savien\u012bb\u0101 st\u0101j\u0101s sp\u0113k\u0101 2016. gada 25. maij\u0101 un atce\u013c Direkt\u012bvu 95\/46\/EK.  <\/p>\n<p>&#8220;S\u012bkdatnes\" ir nelieli teksta dokumenti ar unik\u0101lu identifik\u0101cijas numuru, kas tiek nos\u016bt\u012bti no T\u012bmek\u013ca vietnes uz Lietot\u0101ja datora cieto disku, lai Datu p\u0101rzinis var\u0113tu at\u0161\u0137irt Lietot\u0101ja datoru un apskat\u012bt Lietot\u0101ja tie\u0161saistes aktivit\u0101tes.<\/p>\n<p>&#8220;Lietot\u0101js\" ir fiziska persona, kas ir apmekl\u0113jusi Datu p\u0101rzi\u0146a T\u012bmek\u013ca vietni un T\u012bmek\u013ca vietn\u0113 ir sniegusi savus Personas datus.<\/p>\n<p>3. APSTR\u0100D\u0100TIE PERSONAS DATI<\/p>\n<p>3.1.<br \/>\nVartotojas pirkdamas prekes ir atlikdamas u\u017esakym\u0105 ar nor\u0117damas susisiekti su Duomen\u0173 valdytoju, turi pateikti savo vard\u0105, telefono numer\u012f, elektroninio pa\u0161to adres\u0105, pristatymo adres\u0105, jei reikia adres\u0105 ir \u012fmon\u0117s pavadinim\u0105 s\u0105skaitai fakt\u016brai i\u0161ra\u0161yti. <\/p>\n<p>3.2.<br \/>\nTaip pat yra renkami Slapukai apie Vartotojo nar\u0161ym\u0105 Interneto svetain\u0117je.<br \/>\nVartotojas gali bet kada at\u0161aukti savo Sutikim\u0105 d\u0117l Slapuk\u0173 naudojimo.<br \/>\nVartotojas tai gali padaryti pakei\u010diant savo nar\u0161ykl\u0117s nustatymus, kad Slapukai nebeb\u016bt\u0173 saugomi.<br \/>\nInstrukcijos skiriasi priklausomai nuo Vartotojo naudojamos nar\u0161ykl\u0117s tipo.<br \/>\nKelios instrukcijos gali b\u016bti randamos \u010dia: Google Chrome, Internet Explorer, Mozilla Firefox, Safari (Desktop), Safari (Mobile), Android Browser, Opera, Opera Mobile.<br \/>\nVartotojas apie visus slapuk\u0173 nustatymus, j\u0173 naudojim\u0105 ir kaip j\u0173 atsisakyti daugiau informacijos gali rasti adresu <a href=\"http:\/\/www.allaboutcookies.org\" target=\"_blank\" rel=\"noopener\">http:\/\/www.allaboutcookies.org<\/a>.      <\/p>\n<p>4. PERSONAS DATU APSTR\u0100DES NOL\u016aKI<\/p>\n<p>4.1.<br \/>\nVartotoj\u0173 pateikti Asmens duomenis yra tvarkomi \u0161iais tikslais: <\/p>\n<p>4.1.1.<br \/>\nPaslaug\u0173 teikimo tikslu.<br \/>\nDuomen\u0173 valdytojas renka Vartotoj\u0173 asmens duomenis ir juos panaudoja parduodamas prekes ir pristatydamas \u012fvykdytus u\u017esakymus sistemosklaipeda.com parduotuv\u0117je.  <\/p>\n<p>4.1.2.<br \/>\nSusisiekimo tikslais.<br \/>\nKad Duomen\u0173 valdytojas gal\u0117t\u0173 susisiekti ir atsakyti \u012f Vartotojo klausimus ar pra\u0161ymus.  <\/p>\n<p>5. PERSONAS DATU IZPAU\u0160ANA<\/p>\n<p>5.1.<br \/>\nDuomen\u0173 valdytojas u\u017etikrina, kad Vartotoj\u0173 Asmens duomenys nebus parduodami, teikiami ar kitaip be teis\u0117to pagrindo perduodami tretiesiems asmenims, taip pat naudojami kitiems tikslams, nei jie buvo surinkti. <\/p>\n<p>5.2.<br \/>\nDuomen\u0173 valdytojas gali perduoti Vartotojo Asmens duomenis tre\u010diosioms \u0161alims, tik: <\/p>\n<p>5.2.1.<br \/>\n\u012fstatym\u0173 nustatytais atvejais ir kai tai yra b\u016btina, kad b\u016bt\u0173 \u012fgyvendinami \u0161ios Privatumo politikos tikslai; <\/p>\n<p>5.2.2.<br \/>\njei \u0161iam Duomen\u0173 perdavimui yra gautas Vartotojo atskiras sutikimas; <\/p>\n<p>5.2.3.<br \/>\nkai tai reikalinga, kad Duomen\u0173 valdytojas \u012fvykdyt\u0173 sudaryt\u0105 sutart\u012f su Vartotoju ir tinkamai suteikt\u0173 paslaugas; <\/p>\n<p>5.2.5.<br \/>\nkitais Reglamente ir Lietuvos Respublikos teis\u0117s akt\u0173 numatytais atvejais. <\/p>\n<p>6. DATU GLAB\u0100\u0160ANAS PERIODI<\/p>\n<p>6.1.<br \/>\nDuomen\u0173 valdytojas Vartotoj\u0173 Asmens duomenis saugo tokiam laikotarpiui, kuris yra nurodytas galiojan\u010diuose Lietuvos Respublikos \u012fstatymuose ir kituose teis\u0117s aktuose, ir \u0161ioje Privatumo politikoje, ta\u010diau ne ilgiau, nei tai yra b\u016btina \u0161ios Privatumo politikos Duomen\u0173 tvarkymo tikslams pasiekti. <\/p>\n<p>6.2.<br \/>\nVartotojui pateikus pra\u0161ym\u0105 gauti asmenin\u012f pasi\u016blym\u0105 arba i\u0161siuntus asmenin\u0119 \u017einut\u0119 ir pateikus savo Asmens duomenis, Duomen\u0173 valdytojas juos \u012fsipareigoja saugoti ne ilgiau kaip 3 (tris) metus nuo paskutinio Vartotojo kontaktavimo su Duomen\u0173 valdytoju, nebent buvo gautas atskiras Vartotojo sutikimas Duomenis saugoti ilgiau. <\/p>\n<p>7. PAT\u0112R\u0112T\u0100JU TIES\u012aBAS<\/p>\n<p>7.1.<br \/>\nInterneto svetain\u0117je Vartotojai turi \u0161ias teises: <\/p>\n<p>7.1.1.<br \/>\n\u017einoti, kokie ir kokiu tikslu yra tvarkomi Asmens duomenys; <\/p>\n<p>7.1.2.<br \/>\nsusipa\u017einti su savo Asmens duomenimis ir parsisi\u0173sti juos lengvai skaitomu formatu \u012f savo kompiuter\u012f; <\/p>\n<p>7.1.3.<br \/>\nreikalauti i\u0161taisyti arba papildyti Asmens duomenis, jeigu jie yra netiksl\u016bs arba nebeaktual\u016bs; <\/p>\n<p>7.1.4.<br \/>\nreikalauti i\u0161trinti Asmens duomenis esant vienai i\u0161 Privatumo politikos 8.5 p.nurodytai s\u0105lygai (teis\u0117 b\u016bti pamir\u0161tam); <\/p>\n<p>7.1.5.<br \/>\nreikalauti, kad Duomen\u0173 valdytojas apribot\u0173 Vartojo Asmens duomen\u0173 tvarkym\u0105; <\/p>\n<p>7.1.6.<br \/>\nreikalauti perkelti Duomenis kitam duomen\u0173 valdytojui; <\/p>\n<p>7.1.7.<br \/>\npateikti skund\u0105 Valstybinei duomen\u0173 apsaugos inspekcijai d\u0117l neteis\u0117to Asmens duomen\u0173 tvarkymo arba Duomen\u0173 pa\u017eeidimo; <\/p>\n<p>7.1.8.<br \/>\nnesutikti, kad b\u016bt\u0173 tvarkomi Asmens duomenys, kai \u0161ie Duomenys tvarkomi ar ketinami tvarkyti tiesiogin\u0117s rinkodaros tikslais. <\/p>\n<p>7.2.<br \/>\nBet kokius pra\u0161ymus ar nurodymus, susijusius su Vartotojo Asmens duomen\u0173 tvarkymu, Vartotojas turi teis\u0119 pateikti Duomen\u0173 valdytojui ra\u0161tu \u0161ioje Privatumo politikoje nurodytais kontaktiniais duomenimis (el. pa\u0161tu). <\/p>\n<p>7.4.<br \/>\nDuomen\u0173 valdytojas gav\u0119s tok\u012f pra\u0161ym\u0105 ar nurodym\u0105 ne v\u0117liau kaip per 30 (trisde\u0161imt) dien\u0173 nuo kreipimosi dienos pateikia atsakym\u0105 bei atlieka pra\u0161yme nurodytus veiksmus arba atsisako juos atlikti nurodydamas atsisakymo motyvus. <\/p>\n<p>7.5.<br \/>\nDuomen\u0173 valdytojas pasilieka teis\u0119 nepatenkinti Vartotojo pra\u0161ym\u0173, i\u0161skyrus pra\u0161ymus d\u0117l atsisakymo gauti tiesiogin\u0117s rinkodaros pasi\u016blymus bei kreiptis \u012f neteismin\u0119 gin\u010d\u0173 nagrin\u0117jimo institucij\u0105, kai reikia u\u017etikrinti:<br \/>\n(i) Duomen\u0173 valdytojui nustatyt\u0173 teisini\u0173 pareig\u0173 vykdym\u0105;<br \/>\n(ii) vie\u0161\u0105j\u0105 tvark\u0105 ar nusikalstam\u0173 veik\u0173 prevencij\u0105;<br \/>\n(iii) vartotoj\u0173 ar kit\u0173 asmen\u0173 teisi\u0173 ir laisvi\u0173 apsaug\u0105; arba<br \/>\n(iv) esant kitiems Reglamento 23 str.<br \/>\n1 d.<br \/>\nnurodytiems atvejams.<br \/>\nBet kuriuo atveju atsisak\u0119s vykdyti Vartotoj\u0173 pra\u0161ymus Duomen\u0173 valdytojas ai\u0161kiai nurodo tokio atsisakymo prie\u017eastis.        <\/p>\n<p>7.6.<br \/>\nVartotojui pasteb\u0117jus neteis\u0117t\u0105 jo Duomen\u0173 tvarkym\u0105 ar atsiradus gin\u010dui su Duomen\u0173 valdytoju, jis turi teis\u0119 bet kada kreiptis \u012f neteisminio gin\u010d\u0173 nagrin\u0117jimo institucij\u0105 Lietuvoje \u2013 Valstybin\u0119 duomen\u0173 apsaugos inspekcij\u0105, jos interneto svetain\u0117je nurodyta tvarka, kuri\u0105 galima rasti \u010dia. <\/p>\n<p>KONTAKTINFORM\u0100CIJA<\/p>\n<p>Jebkurus jaut\u0101jumus var s\u016bt\u012bt uz \u0161\u0101du adresi.<br \/>\nE-pasts <a style=\"font-family: var( --e-global-typography-text-font-family ), Sans-serif; text-align: var(--text-align); background-color: #ffffff; font-size: 1rem;\" href=\"mailto:info@sistemosklaipeda.com\" target=\"_blank\" rel=\"noopener\">info@sistemosklaipeda.com<\/a> <\/p>\n\t\t\t\t\t\t\t\t<\/div>\n\t\t\t\t<\/div>\n\t\t\t\t\t<\/div>\n\t\t\t\t<\/div>\n\t\t\t\t<\/div>\n\t\t","protected":false},"excerpt":{"rendered":"<p>1. PRIV\u0100TUMA POLITIKAS M\u0112R\u0136IS 1.1. \u0160i Privatumo politika \u012ftvirtina Interneto svetain\u0117s Vartotoj\u0173 Asmens duomen\u0173 tvarkymo s\u0105lygas ir tikslus. 1.2. Kiekvienas Vartotojas naudodamasis Interneto svetaine ir pateikdamas savo Asmens duomenis sutinka, kad \u0161ie Duomenys b\u016bt\u0173 tvarkomi \u0161ioje Privatumo politikoje nurodyta tvarka. 1.3. Kopijuoti bet koki\u0105 informacij\u0105 esan\u010di\u0105 \u0161ioje Privatumo politikoje be Interneto svetain\u0117s Duomen\u0173 valdytojo sutikimo [&hellip;]<\/p>\n","protected":false},"author":1,"featured_media":0,"parent":0,"menu_order":0,"comment_status":"closed","ping_status":"closed","template":"","meta":{"footnotes":""},"class_list":["post-15668","page","type-page","status-publish","hentry"],"yoast_head":"<!-- This site is optimized with the Yoast SEO plugin v27.0 - https:\/\/yoast.com\/product\/yoast-seo-wordpress\/ -->\n<title>Konfidencialit\u0101tes politika - Sistemos Klaip\u0117da<\/title>\n<meta name=\"robots\" content=\"noindex, follow\" \/>\n<meta property=\"og:locale\" content=\"lv_LV\" \/>\n<meta property=\"og:type\" content=\"article\" \/>\n<meta property=\"og:title\" content=\"Konfidencialit\u0101tes politika - Sistemos Klaip\u0117da\" \/>\n<meta property=\"og:description\" content=\"1. PRIV\u0100TUMA POLITIKAS M\u0112R\u0136IS 1.1. \u0160i Privatumo politika \u012ftvirtina Interneto svetain\u0117s Vartotoj\u0173 Asmens duomen\u0173 tvarkymo s\u0105lygas ir tikslus. 1.2. Kiekvienas Vartotojas naudodamasis Interneto svetaine ir pateikdamas savo Asmens duomenis sutinka, kad \u0161ie Duomenys b\u016bt\u0173 tvarkomi \u0161ioje Privatumo politikoje nurodyta tvarka. 1.3. Kopijuoti bet koki\u0105 informacij\u0105 esan\u010di\u0105 \u0161ioje Privatumo politikoje be Interneto svetain\u0117s Duomen\u0173 valdytojo sutikimo [&hellip;]\" \/>\n<meta property=\"og:url\" content=\"https:\/\/sistemosklaipeda.com\/lv\/konfidencialitates-politika\/\" \/>\n<meta property=\"og:site_name\" content=\"Sistemos Klaip\u0117da\" \/>\n<meta property=\"article:publisher\" content=\"https:\/\/www.facebook.com\/SistemosKlp\" \/>\n<meta property=\"article:modified_time\" content=\"2024-08-11T14:52:00+00:00\" \/>\n<meta name=\"twitter:card\" content=\"summary_large_image\" \/>\n<meta name=\"twitter:label1\" content=\"Est. reading time\" \/>\n\t<meta name=\"twitter:data1\" content=\"5 minutes\" \/>\n<script type=\"application\/ld+json\" class=\"yoast-schema-graph\">{\"@context\":\"https:\/\/schema.org\",\"@graph\":[{\"@type\":\"WebPage\",\"@id\":\"https:\/\/sistemosklaipeda.com\/lv\/konfidencialitates-politika\/\",\"url\":\"https:\/\/sistemosklaipeda.com\/lv\/konfidencialitates-politika\/\",\"name\":\"Konfidencialit\u0101tes politika - Sistemos Klaip\u0117da\",\"isPartOf\":{\"@id\":\"https:\/\/sistemosklaipeda.com\/lv\/#website\"},\"datePublished\":\"2024-08-11T14:51:56+00:00\",\"dateModified\":\"2024-08-11T14:52:00+00:00\",\"breadcrumb\":{\"@id\":\"https:\/\/sistemosklaipeda.com\/lv\/konfidencialitates-politika\/#breadcrumb\"},\"inLanguage\":\"lv-LV\",\"potentialAction\":[{\"@type\":\"ReadAction\",\"target\":[\"https:\/\/sistemosklaipeda.com\/lv\/konfidencialitates-politika\/\"]}]},{\"@type\":\"BreadcrumbList\",\"@id\":\"https:\/\/sistemosklaipeda.com\/lv\/konfidencialitates-politika\/#breadcrumb\",\"itemListElement\":[{\"@type\":\"ListItem\",\"position\":1,\"name\":\"Prad\u017eia\",\"item\":\"https:\/\/sistemosklaipeda.com\/lv\/veikals\/\"},{\"@type\":\"ListItem\",\"position\":2,\"name\":\"Konfidencialit\u0101tes politika\"}]},{\"@type\":\"WebSite\",\"@id\":\"https:\/\/sistemosklaipeda.com\/lv\/#website\",\"url\":\"https:\/\/sistemosklaipeda.com\/lv\/\",\"name\":\"Sistemos Klaip\u0117da\",\"description\":\"Kokybi\u0161ka duj\u0173 \u012franga ir jos komponentai, kabliai ir priedai\",\"publisher\":{\"@id\":\"https:\/\/sistemosklaipeda.com\/lv\/#organization\"},\"potentialAction\":[{\"@type\":\"SearchAction\",\"target\":{\"@type\":\"EntryPoint\",\"urlTemplate\":\"https:\/\/sistemosklaipeda.com\/lv\/?s={search_term_string}\"},\"query-input\":{\"@type\":\"PropertyValueSpecification\",\"valueRequired\":true,\"valueName\":\"search_term_string\"}}],\"inLanguage\":\"lv-LV\"},{\"@type\":\"Organization\",\"@id\":\"https:\/\/sistemosklaipeda.com\/lv\/#organization\",\"name\":\"Sistemos Klaip\u0117da\",\"alternateName\":\"Sistemos\",\"url\":\"https:\/\/sistemosklaipeda.com\/lv\/\",\"logo\":{\"@type\":\"ImageObject\",\"inLanguage\":\"lv-LV\",\"@id\":\"https:\/\/sistemosklaipeda.com\/lv\/#\/schema\/logo\/image\/\",\"url\":\"https:\/\/sistemosklaipeda.com\/wp-content\/uploads\/2023\/09\/sistemos-logo-cropperd-e1695968047774.png\",\"contentUrl\":\"https:\/\/sistemosklaipeda.com\/wp-content\/uploads\/2023\/09\/sistemos-logo-cropperd-e1695968047774.png\",\"width\":401,\"height\":206,\"caption\":\"Sistemos Klaip\u0117da\"},\"image\":{\"@id\":\"https:\/\/sistemosklaipeda.com\/lv\/#\/schema\/logo\/image\/\"},\"sameAs\":[\"https:\/\/www.facebook.com\/SistemosKlp\",\"https:\/\/www.instagram.com\/sistemosklaipeda\/\"]}]}<\/script>\n<!-- \/ Yoast SEO plugin. -->","yoast_head_json":{"title":"Konfidencialit\u0101tes politika - Sistemos Klaip\u0117da","robots":{"index":"noindex","follow":"follow"},"og_locale":"lv_LV","og_type":"article","og_title":"Konfidencialit\u0101tes politika - Sistemos Klaip\u0117da","og_description":"1. PRIV\u0100TUMA POLITIKAS M\u0112R\u0136IS 1.1. \u0160i Privatumo politika \u012ftvirtina Interneto svetain\u0117s Vartotoj\u0173 Asmens duomen\u0173 tvarkymo s\u0105lygas ir tikslus. 1.2. Kiekvienas Vartotojas naudodamasis Interneto svetaine ir pateikdamas savo Asmens duomenis sutinka, kad \u0161ie Duomenys b\u016bt\u0173 tvarkomi \u0161ioje Privatumo politikoje nurodyta tvarka. 1.3. Kopijuoti bet koki\u0105 informacij\u0105 esan\u010di\u0105 \u0161ioje Privatumo politikoje be Interneto svetain\u0117s Duomen\u0173 valdytojo sutikimo [&hellip;]","og_url":"https:\/\/sistemosklaipeda.com\/lv\/konfidencialitates-politika\/","og_site_name":"Sistemos Klaip\u0117da","article_publisher":"https:\/\/www.facebook.com\/SistemosKlp","article_modified_time":"2024-08-11T14:52:00+00:00","twitter_card":"summary_large_image","twitter_misc":{"Est. reading time":"5 minutes"},"schema":{"@context":"https:\/\/schema.org","@graph":[{"@type":"WebPage","@id":"https:\/\/sistemosklaipeda.com\/lv\/konfidencialitates-politika\/","url":"https:\/\/sistemosklaipeda.com\/lv\/konfidencialitates-politika\/","name":"Konfidencialit\u0101tes politika - Sistemos Klaip\u0117da","isPartOf":{"@id":"https:\/\/sistemosklaipeda.com\/lv\/#website"},"datePublished":"2024-08-11T14:51:56+00:00","dateModified":"2024-08-11T14:52:00+00:00","breadcrumb":{"@id":"https:\/\/sistemosklaipeda.com\/lv\/konfidencialitates-politika\/#breadcrumb"},"inLanguage":"lv-LV","potentialAction":[{"@type":"ReadAction","target":["https:\/\/sistemosklaipeda.com\/lv\/konfidencialitates-politika\/"]}]},{"@type":"BreadcrumbList","@id":"https:\/\/sistemosklaipeda.com\/lv\/konfidencialitates-politika\/#breadcrumb","itemListElement":[{"@type":"ListItem","position":1,"name":"Prad\u017eia","item":"https:\/\/sistemosklaipeda.com\/lv\/veikals\/"},{"@type":"ListItem","position":2,"name":"Konfidencialit\u0101tes politika"}]},{"@type":"WebSite","@id":"https:\/\/sistemosklaipeda.com\/lv\/#website","url":"https:\/\/sistemosklaipeda.com\/lv\/","name":"Sistemos Klaip\u0117da","description":"Kokybi\u0161ka duj\u0173 \u012franga ir jos komponentai, kabliai ir priedai","publisher":{"@id":"https:\/\/sistemosklaipeda.com\/lv\/#organization"},"potentialAction":[{"@type":"SearchAction","target":{"@type":"EntryPoint","urlTemplate":"https:\/\/sistemosklaipeda.com\/lv\/?s={search_term_string}"},"query-input":{"@type":"PropertyValueSpecification","valueRequired":true,"valueName":"search_term_string"}}],"inLanguage":"lv-LV"},{"@type":"Organization","@id":"https:\/\/sistemosklaipeda.com\/lv\/#organization","name":"Sistemos Klaip\u0117da","alternateName":"Sistemos","url":"https:\/\/sistemosklaipeda.com\/lv\/","logo":{"@type":"ImageObject","inLanguage":"lv-LV","@id":"https:\/\/sistemosklaipeda.com\/lv\/#\/schema\/logo\/image\/","url":"https:\/\/sistemosklaipeda.com\/wp-content\/uploads\/2023\/09\/sistemos-logo-cropperd-e1695968047774.png","contentUrl":"https:\/\/sistemosklaipeda.com\/wp-content\/uploads\/2023\/09\/sistemos-logo-cropperd-e1695968047774.png","width":401,"height":206,"caption":"Sistemos Klaip\u0117da"},"image":{"@id":"https:\/\/sistemosklaipeda.com\/lv\/#\/schema\/logo\/image\/"},"sameAs":["https:\/\/www.facebook.com\/SistemosKlp","https:\/\/www.instagram.com\/sistemosklaipeda\/"]}]}},"_links":{"self":[{"href":"https:\/\/sistemosklaipeda.com\/lv\/wp-json\/wp\/v2\/pages\/15668","targetHints":{"allow":["GET"]}}],"collection":[{"href":"https:\/\/sistemosklaipeda.com\/lv\/wp-json\/wp\/v2\/pages"}],"about":[{"href":"https:\/\/sistemosklaipeda.com\/lv\/wp-json\/wp\/v2\/types\/page"}],"author":[{"embeddable":true,"href":"https:\/\/sistemosklaipeda.com\/lv\/wp-json\/wp\/v2\/users\/1"}],"replies":[{"embeddable":true,"href":"https:\/\/sistemosklaipeda.com\/lv\/wp-json\/wp\/v2\/comments?post=15668"}],"version-history":[{"count":1,"href":"https:\/\/sistemosklaipeda.com\/lv\/wp-json\/wp\/v2\/pages\/15668\/revisions"}],"predecessor-version":[{"id":15670,"href":"https:\/\/sistemosklaipeda.com\/lv\/wp-json\/wp\/v2\/pages\/15668\/revisions\/15670"}],"wp:attachment":[{"href":"https:\/\/sistemosklaipeda.com\/lv\/wp-json\/wp\/v2\/media?parent=15668"}],"curies":[{"name":"wp","href":"https:\/\/api.w.org\/{rel}","templated":true}]}}