{"id":15635,"date":"2024-08-11T14:51:42","date_gmt":"2024-08-11T14:51:42","guid":{"rendered":"https:\/\/sistemosklaipeda.com\/aki\/"},"modified":"2024-08-11T14:51:45","modified_gmt":"2024-08-11T14:51:45","slug":"aki","status":"publish","type":"page","link":"https:\/\/sistemosklaipeda.com\/lv\/aki\/","title":{"rendered":"\u0100\u0137i"},"content":{"rendered":"\t\t<div data-elementor-type=\"wp-page\" data-elementor-id=\"15635\" class=\"elementor elementor-15635 elementor-266\" data-elementor-post-type=\"page\">\n\t\t\t\t<div class=\"elementor-element elementor-element-375dc249 e-con-full elementor-hidden-mobile e-flex e-con e-parent\" data-id=\"375dc249\" data-element_type=\"container\" data-e-type=\"container\" data-settings=\"{&quot;background_background&quot;:&quot;classic&quot;,&quot;shape_divider_bottom&quot;:&quot;triangle&quot;,&quot;shape_divider_bottom_negative&quot;:&quot;yes&quot;}\">\n\t\t\t\t<div class=\"elementor-shape elementor-shape-bottom\" aria-hidden=\"true\" data-negative=\"true\">\n\t\t\t<svg xmlns=\"http:\/\/www.w3.org\/2000\/svg\" viewBox=\"0 0 1000 100\" preserveAspectRatio=\"none\">\n\t<path class=\"elementor-shape-fill\" d=\"M500.2,94.7L0,0v100h1000V0L500.2,94.7z\"\/>\n<\/svg>\t\t<\/div>\n\t\t\t\t<\/div>\n\t\t<div class=\"elementor-element elementor-element-9628def e-flex e-con-boxed e-con e-parent\" data-id=\"9628def\" data-element_type=\"container\" data-e-type=\"container\">\n\t\t\t\t\t<div class=\"e-con-inner\">\n\t\t\t\t<div class=\"elementor-element elementor-element-140ec721 elementor-widget elementor-widget-heading\" data-id=\"140ec721\" data-element_type=\"widget\" data-e-type=\"widget\" data-widget_type=\"heading.default\">\n\t\t\t\t<div class=\"elementor-widget-container\">\n\t\t\t\t\t<h2 class=\"elementor-heading-title elementor-size-default\">\u0100KSTI AUTOMOB\u012a\u013bIEM<\/h2>\t\t\t\t<\/div>\n\t\t\t\t<\/div>\n\t\t\t\t\t<\/div>\n\t\t\t\t<\/div>\n\t\t<div class=\"elementor-element elementor-element-28321a7b e-flex e-con-boxed e-con e-parent\" data-id=\"28321a7b\" data-element_type=\"container\" data-e-type=\"container\">\n\t\t\t\t\t<div class=\"e-con-inner\">\n\t\t\t\t<div class=\"elementor-element elementor-element-2b51ad9e elementor-widget elementor-widget-heading\" data-id=\"2b51ad9e\" data-element_type=\"widget\" data-e-type=\"widget\" data-widget_type=\"heading.default\">\n\t\t\t\t<div class=\"elementor-widget-container\">\n\t\t\t\t\t<h4 class=\"elementor-heading-title elementor-size-default\">Kvalitat\u012bvi auto \u0101\u0137i (farskopi)  <\/h4>\t\t\t\t<\/div>\n\t\t\t\t<\/div>\n\t\t\t\t<div class=\"elementor-element elementor-element-79dd9ee6 elementor-widget elementor-widget-text-editor\" data-id=\"79dd9ee6\" data-element_type=\"widget\" data-e-type=\"widget\" data-widget_type=\"text-editor.default\">\n\t\t\t\t<div class=\"elementor-widget-container\">\n\t\t\t\t\t\t\t\t\t<div class=\"vc_row wpb_row vc_row-fluid\">\n<div class=\"wpb_column vc_column_container vc_col-sm-12\">\n<div class=\"vc_column-inner\">\n<div class=\"wpb_wrapper\">\n<div class=\"wpb_text_column wpb_content_element \">\n<div class=\"wpb_wrapper\">\n<p>Automa\u0161\u012bnas \u0101\u0137a (farkop) galven\u0101s funkcijas: piekabju un citu svar\u012bgu priek\u0161metu p\u0101rvad\u0101\u0161ana.<br \/>\nIr ar\u012b citas kravas p\u0101rvad\u0101\u0161anas ier\u012bces, piem\u0113ram, jumta bag\u0101\u017enieki, kas nostiprina priek\u0161metus uz automobi\u013ca jumta, ta\u010du ir pier\u0101d\u012bts, ka tie palielina gaisa pretest\u012bbu, troksni, degvielas pat\u0113ri\u0146u (l\u012bdz pat 52 %) un av\u0101rijas gad\u012bjum\u0101 rada liel\u0101ku apdraud\u0113jumu citiem satiksmes dal\u012bbniekiem.<br \/>\nNo \u0161\u012bm probl\u0113m\u0101m var izvair\u012bties, izv\u0113loties automa\u0161\u012bnas sakabi.  <\/p>\n<p><strong>Ieguvumi:<\/strong><\/p>\n<p>1.<\/p>\n<p>Var vilkt piekabi. 2. Minim\u0101la automa\u0161\u012bnas bampera aizsardz\u012bba. 3. Var p\u0101rvad\u0101t kravu, kas p\u0101rsniedz automa\u0161\u012bnas gabar\u012btus. 4. Piem\u0113rots akt\u012bv\u0101s atp\u016btas cien\u012bt\u0101jiem, ce\u013cot\u0101jiem, str\u0101d\u0101jo\u0161iem cilv\u0113kiem: dro\u0161s velosip\u0113du, \u016bdens motociklu, darba apr\u012bkojuma u. c. p\u0101rvad\u0101\u0161ana.<\/p>\n<p>Tirg\u016b ir pieejams pla\u0161s \u0101\u0137skr\u016bvju kl\u0101sts, ta\u010du m\u016bsu profesion\u0101l\u0101s konsult\u0101cijas laik\u0101 varat izv\u0113l\u0113ties sertific\u0113tu un Eiropas Direkt\u012bvai EC 94\/20 un j\u016bsu transportl\u012bdzek\u013ca modelim atbilsto\u0161u \u0101\u0137skr\u016bvi.<br \/>\nFiks\u0113jams vai viegli no\u0146emams un nesagraujo\u0161s automa\u0161\u012bnas dizains atbilsto\u0161i j\u016bsu automa\u0161\u012bnas markai. <\/p>\n<\/div>\n<\/div>\n<\/div>\n<\/div>\n<\/div>\n<\/div>\n\t\t\t\t\t\t\t\t<\/div>\n\t\t\t\t<\/div>\n\t\t\t\t\t<\/div>\n\t\t\t\t<\/div>\n\t\t<div class=\"elementor-element elementor-element-76e51f19 e-flex e-con-boxed e-con e-parent\" data-id=\"76e51f19\" data-element_type=\"container\" data-e-type=\"container\">\n\t\t\t\t\t<div class=\"e-con-inner\">\n\t\t\t\t<div class=\"elementor-element elementor-element-c965132 elementor-widget elementor-widget-heading\" data-id=\"c965132\" data-element_type=\"widget\" data-e-type=\"widget\" data-widget_type=\"heading.default\">\n\t\t\t\t<div class=\"elementor-widget-container\">\n\t\t\t\t\t<h4 class=\"elementor-heading-title elementor-size-default\">Galerija<\/h4>\t\t\t\t<\/div>\n\t\t\t\t<\/div>\n\t\t\t\t<div class=\"elementor-element elementor-element-853fad7 elementor-arrows-position-inside elementor-pagination-position-outside elementor-widget elementor-widget-image-carousel\" data-id=\"853fad7\" data-element_type=\"widget\" data-e-type=\"widget\" data-settings=\"{&quot;slides_to_show&quot;:&quot;4&quot;,&quot;slides_to_scroll&quot;:&quot;4&quot;,&quot;lazyload&quot;:&quot;yes&quot;,&quot;navigation&quot;:&quot;both&quot;,&quot;autoplay&quot;:&quot;yes&quot;,&quot;pause_on_hover&quot;:&quot;yes&quot;,&quot;pause_on_interaction&quot;:&quot;yes&quot;,&quot;autoplay_speed&quot;:5000,&quot;infinite&quot;:&quot;yes&quot;,&quot;speed&quot;:500,&quot;image_spacing_custom&quot;:{&quot;unit&quot;:&quot;px&quot;,&quot;size&quot;:20,&quot;sizes&quot;:[]},&quot;image_spacing_custom_tablet&quot;:{&quot;unit&quot;:&quot;px&quot;,&quot;size&quot;:&quot;&quot;,&quot;sizes&quot;:[]},&quot;image_spacing_custom_mobile&quot;:{&quot;unit&quot;:&quot;px&quot;,&quot;size&quot;:&quot;&quot;,&quot;sizes&quot;:[]}}\" data-widget_type=\"image-carousel.default\">\n\t\t\t\t<div class=\"elementor-widget-container\">\n\t\t\t\t\t\t\t<div class=\"elementor-image-carousel-wrapper swiper\" role=\"region\" aria-roledescription=\"carousel\" aria-label=\"Image Carousel\" dir=\"ltr\">\n\t\t\t<div class=\"elementor-image-carousel swiper-wrapper swiper-image-stretch\" aria-live=\"off\">\n\t\t\t\t\t\t\t\t<div class=\"swiper-slide\" role=\"group\" aria-roledescription=\"slide\" aria-label=\"1 of 16\"><figure class=\"swiper-slide-inner\"><img class=\"swiper-slide-image swiper-lazy\" data-src=\"https:\/\/sistemosklaipeda.com\/wp-content\/uploads\/2024\/01\/mercedes-kablys-scaled-768x578.jpg\" alt=\"Kabliai farkopai gera kaina\" \/><div class=\"swiper-lazy-preloader\"><\/div><\/figure><\/div><div class=\"swiper-slide\" role=\"group\" aria-roledescription=\"slide\" aria-label=\"2 of 16\"><figure class=\"swiper-slide-inner\"><img class=\"swiper-slide-image swiper-lazy\" data-src=\"https:\/\/sistemosklaipeda.com\/wp-content\/uploads\/2024\/01\/peugeot_kablys-scaled-768x578.jpg\" alt=\"Kabliai farkopai gera kaina\" \/><div class=\"swiper-lazy-preloader\"><\/div><\/figure><\/div><div class=\"swiper-slide\" role=\"group\" aria-roledescription=\"slide\" aria-label=\"3 of 16\"><figure class=\"swiper-slide-inner\"><img class=\"swiper-slide-image swiper-lazy\" data-src=\"https:\/\/sistemosklaipeda.com\/wp-content\/uploads\/2024\/01\/Renault_Scenic_kablys-scaled-768x578.jpg\" alt=\"Kokybi\u0161ki automobili\u0173 kabliai - farkopai\" \/><div class=\"swiper-lazy-preloader\"><\/div><\/figure><\/div><div class=\"swiper-slide\" role=\"group\" aria-roledescription=\"slide\" aria-label=\"4 of 16\"><figure class=\"swiper-slide-inner\"><img class=\"swiper-slide-image swiper-lazy\" data-src=\"https:\/\/sistemosklaipeda.com\/wp-content\/uploads\/2024\/01\/Audi_kablys-1-scaled-768x578.jpg\" alt=\"Kabliai automobiliams Klaipeda\" \/><div class=\"swiper-lazy-preloader\"><\/div><\/figure><\/div><div class=\"swiper-slide\" role=\"group\" aria-roledescription=\"slide\" aria-label=\"5 of 16\"><figure class=\"swiper-slide-inner\"><img class=\"swiper-slide-image swiper-lazy\" data-src=\"https:\/\/sistemosklaipeda.com\/wp-content\/uploads\/2024\/01\/kablys_land_cruiser-scaled-768x578.jpg\" alt=\"Kabliai automobiliams Klaipeda\" \/><div class=\"swiper-lazy-preloader\"><\/div><\/figure><\/div><div class=\"swiper-slide\" role=\"group\" aria-roledescription=\"slide\" aria-label=\"6 of 16\"><figure class=\"swiper-slide-inner\"><img class=\"swiper-slide-image swiper-lazy\" data-src=\"https:\/\/sistemosklaipeda.com\/wp-content\/uploads\/2024\/01\/Kablys_cit-scaled-768x578.jpg\" alt=\"Kabliai automobiliams Klaipeda\" \/><div class=\"swiper-lazy-preloader\"><\/div><\/figure><\/div><div class=\"swiper-slide\" role=\"group\" aria-roledescription=\"slide\" aria-label=\"7 of 16\"><figure class=\"swiper-slide-inner\"><img class=\"swiper-slide-image swiper-lazy\" data-src=\"https:\/\/sistemosklaipeda.com\/wp-content\/uploads\/2024\/01\/kablys_kodiaq-1-scaled-768x578.jpg\" alt=\"Kabliai automobiliams Klaipeda\" \/><div class=\"swiper-lazy-preloader\"><\/div><\/figure><\/div><div class=\"swiper-slide\" role=\"group\" aria-roledescription=\"slide\" aria-label=\"8 of 16\"><figure class=\"swiper-slide-inner\"><img class=\"swiper-slide-image swiper-lazy\" data-src=\"https:\/\/sistemosklaipeda.com\/wp-content\/uploads\/2024\/01\/kablys_rav4-1-1-scaled-768x578.jpg\" alt=\"Kabliai automobiliams Klaipeda\" \/><div class=\"swiper-lazy-preloader\"><\/div><\/figure><\/div><div class=\"swiper-slide\" role=\"group\" aria-roledescription=\"slide\" aria-label=\"9 of 16\"><figure class=\"swiper-slide-inner\"><img class=\"swiper-slide-image swiper-lazy\" data-src=\"https:\/\/sistemosklaipeda.com\/wp-content\/uploads\/2024\/01\/kablys_rover-scaled-768x578.jpg\" alt=\"Kabliai automobiliams Klaipeda\" \/><div class=\"swiper-lazy-preloader\"><\/div><\/figure><\/div><div class=\"swiper-slide\" role=\"group\" aria-roledescription=\"slide\" aria-label=\"10 of 16\"><figure class=\"swiper-slide-inner\"><img class=\"swiper-slide-image swiper-lazy\" data-src=\"https:\/\/sistemosklaipeda.com\/wp-content\/uploads\/2024\/01\/mazda_cx5_kablys-1-scaled-768x578.jpg\" alt=\"Kabliai farkopai gera kaina\" \/><div class=\"swiper-lazy-preloader\"><\/div><\/figure><\/div><div class=\"swiper-slide\" role=\"group\" aria-roledescription=\"slide\" aria-label=\"11 of 16\"><figure class=\"swiper-slide-inner\"><img class=\"swiper-slide-image swiper-lazy\" data-src=\"https:\/\/sistemosklaipeda.com\/wp-content\/uploads\/2024\/01\/Nissan_murano_kablys-scaled-768x578.jpg\" alt=\"Kabliai farkopai gera kaina\" \/><div class=\"swiper-lazy-preloader\"><\/div><\/figure><\/div><div class=\"swiper-slide\" role=\"group\" aria-roledescription=\"slide\" aria-label=\"12 of 16\"><figure class=\"swiper-slide-inner\"><img class=\"swiper-slide-image swiper-lazy\" data-src=\"https:\/\/sistemosklaipeda.com\/wp-content\/uploads\/2024\/01\/rav4senas_kablys-scaled-768x578.jpg\" alt=\"Kokybi\u0161ki automobili\u0173 kabliai - farkopai\" \/><div class=\"swiper-lazy-preloader\"><\/div><\/figure><\/div><div class=\"swiper-slide\" role=\"group\" aria-roledescription=\"slide\" aria-label=\"13 of 16\"><figure class=\"swiper-slide-inner\"><img class=\"swiper-slide-image swiper-lazy\" data-src=\"https:\/\/sistemosklaipeda.com\/wp-content\/uploads\/2024\/01\/renault_kablys-Copy-scaled-768x578.jpg\" alt=\"Kokybi\u0161ki automobili\u0173 kabliai - farkopai\" \/><div class=\"swiper-lazy-preloader\"><\/div><\/figure><\/div><div class=\"swiper-slide\" role=\"group\" aria-roledescription=\"slide\" aria-label=\"14 of 16\"><figure class=\"swiper-slide-inner\"><img class=\"swiper-slide-image swiper-lazy\" data-src=\"https:\/\/sistemosklaipeda.com\/wp-content\/uploads\/2024\/01\/s80_kablys-scaled-768x578.jpg\" alt=\"Farkopai kokybiski automobiliu kabliai Klaipeda\" \/><div class=\"swiper-lazy-preloader\"><\/div><\/figure><\/div><div class=\"swiper-slide\" role=\"group\" aria-roledescription=\"slide\" aria-label=\"15 of 16\"><figure class=\"swiper-slide-inner\"><img class=\"swiper-slide-image swiper-lazy\" data-src=\"https:\/\/sistemosklaipeda.com\/wp-content\/uploads\/2024\/01\/Toyota_kablys-1-scaled-768x578.jpg\" alt=\"Farkopai kokybiski automobiliu kabliai Klaipeda\" \/><div class=\"swiper-lazy-preloader\"><\/div><\/figure><\/div><div class=\"swiper-slide\" role=\"group\" aria-roledescription=\"slide\" aria-label=\"16 of 16\"><figure class=\"swiper-slide-inner\"><img class=\"swiper-slide-image swiper-lazy\" data-src=\"https:\/\/sistemosklaipeda.com\/wp-content\/uploads\/2024\/01\/x3_kablys-scaled-768x578.jpg\" alt=\"Farkopai kokybiski automobiliu kabliai Klaipeda\" \/><div class=\"swiper-lazy-preloader\"><\/div><\/figure><\/div>\t\t\t<\/div>\n\t\t\t\t\t\t\t\t\t\t\t\t<div class=\"elementor-swiper-button elementor-swiper-button-prev\" role=\"button\" tabindex=\"0\">\n\t\t\t\t\t\t<i aria-hidden=\"true\" class=\"eicon-chevron-left\"><\/i>\t\t\t\t\t<\/div>\n\t\t\t\t\t<div class=\"elementor-swiper-button elementor-swiper-button-next\" role=\"button\" tabindex=\"0\">\n\t\t\t\t\t\t<i aria-hidden=\"true\" class=\"eicon-chevron-right\"><\/i>\t\t\t\t\t<\/div>\n\t\t\t\t\n\t\t\t\t\t\t\t\t\t<div class=\"swiper-pagination\"><\/div>\n\t\t\t\t\t\t\t\t\t<\/div>\n\t\t\t\t\t\t<\/div>\n\t\t\t\t<\/div>\n\t\t\t\t\t<\/div>\n\t\t\t\t<\/div>\n\t\t\t\t<\/div>\n\t\t","protected":false},"excerpt":{"rendered":"<p>\u0100KSTI AUTOMOB\u012a\u013bIEM Kvalitat\u012bvi auto \u0101\u0137i (farskopi) Automa\u0161\u012bnas \u0101\u0137a (farkop) galven\u0101s funkcijas: piekabju un citu svar\u012bgu priek\u0161metu p\u0101rvad\u0101\u0161ana. Ir ar\u012b citas kravas p\u0101rvad\u0101\u0161anas ier\u012bces, piem\u0113ram, jumta bag\u0101\u017enieki, kas nostiprina priek\u0161metus uz automobi\u013ca jumta, ta\u010du ir pier\u0101d\u012bts, ka tie palielina gaisa pretest\u012bbu, troksni, degvielas pat\u0113ri\u0146u (l\u012bdz pat 52 %) un av\u0101rijas gad\u012bjum\u0101 rada liel\u0101ku apdraud\u0113jumu citiem satiksmes [&hellip;]<\/p>\n","protected":false},"author":1,"featured_media":0,"parent":0,"menu_order":0,"comment_status":"closed","ping_status":"closed","template":"","meta":{"footnotes":""},"class_list":["post-15635","page","type-page","status-publish","hentry"],"yoast_head":"<!-- This site is optimized with the Yoast SEO plugin v27.0 - https:\/\/yoast.com\/product\/yoast-seo-wordpress\/ -->\n<title>\u0100\u0137i - Sistemos Klaip\u0117da<\/title>\n<meta name=\"description\" content=\"Sertific\u0113tu auto sakabju uzst\u0101d\u012b\u0161ana un p\u0101rdo\u0161ana. M\u016bsu profesion\u0101l\u0101s konsult\u0101cijas laik\u0101 j\u016bs varat izv\u0113l\u0113ties pareizo sakabi.\" \/>\n<meta name=\"robots\" content=\"index, follow, max-snippet:-1, max-image-preview:large, max-video-preview:-1\" \/>\n<link rel=\"canonical\" href=\"https:\/\/sistemosklaipeda.com\/lv\/aki\/\" \/>\n<meta property=\"og:locale\" content=\"lv_LV\" \/>\n<meta property=\"og:type\" content=\"article\" \/>\n<meta property=\"og:title\" content=\"\u0100\u0137i - Sistemos Klaip\u0117da\" \/>\n<meta property=\"og:description\" content=\"Sertific\u0113tu auto sakabju uzst\u0101d\u012b\u0161ana un p\u0101rdo\u0161ana. M\u016bsu profesion\u0101l\u0101s konsult\u0101cijas laik\u0101 j\u016bs varat izv\u0113l\u0113ties pareizo sakabi.\" \/>\n<meta property=\"og:url\" content=\"https:\/\/sistemosklaipeda.com\/lv\/aki\/\" \/>\n<meta property=\"og:site_name\" content=\"Sistemos Klaip\u0117da\" \/>\n<meta property=\"article:publisher\" content=\"https:\/\/www.facebook.com\/SistemosKlp\" \/>\n<meta property=\"article:modified_time\" content=\"2024-08-11T14:51:45+00:00\" \/>\n<meta property=\"og:image\" content=\"https:\/\/sistemosklaipeda.com\/wp-content\/uploads\/2024\/01\/mercedes-kablys-scaled-768x578.jpg?v=1719405756\" \/>\n<meta name=\"twitter:card\" content=\"summary_large_image\" \/>\n<meta name=\"twitter:label1\" content=\"Est. reading time\" \/>\n\t<meta name=\"twitter:data1\" content=\"1 minute\" \/>\n<script type=\"application\/ld+json\" class=\"yoast-schema-graph\">{\"@context\":\"https:\/\/schema.org\",\"@graph\":[{\"@type\":\"WebPage\",\"@id\":\"https:\/\/sistemosklaipeda.com\/lv\/aki\/\",\"url\":\"https:\/\/sistemosklaipeda.com\/lv\/aki\/\",\"name\":\"\u0100\u0137i - Sistemos Klaip\u0117da\",\"isPartOf\":{\"@id\":\"https:\/\/sistemosklaipeda.com\/lv\/#website\"},\"primaryImageOfPage\":{\"@id\":\"https:\/\/sistemosklaipeda.com\/lv\/aki\/#primaryimage\"},\"image\":{\"@id\":\"https:\/\/sistemosklaipeda.com\/lv\/aki\/#primaryimage\"},\"thumbnailUrl\":\"https:\/\/sistemosklaipeda.com\/wp-content\/uploads\/2024\/01\/mercedes-kablys-scaled-768x578.jpg?v=1719405756\",\"datePublished\":\"2024-08-11T14:51:42+00:00\",\"dateModified\":\"2024-08-11T14:51:45+00:00\",\"description\":\"Sertific\u0113tu auto sakabju uzst\u0101d\u012b\u0161ana un p\u0101rdo\u0161ana. M\u016bsu profesion\u0101l\u0101s konsult\u0101cijas laik\u0101 j\u016bs varat izv\u0113l\u0113ties pareizo sakabi.\",\"breadcrumb\":{\"@id\":\"https:\/\/sistemosklaipeda.com\/lv\/aki\/#breadcrumb\"},\"inLanguage\":\"lv-LV\",\"potentialAction\":[{\"@type\":\"ReadAction\",\"target\":[\"https:\/\/sistemosklaipeda.com\/lv\/aki\/\"]}]},{\"@type\":\"ImageObject\",\"inLanguage\":\"lv-LV\",\"@id\":\"https:\/\/sistemosklaipeda.com\/lv\/aki\/#primaryimage\",\"url\":\"https:\/\/sistemosklaipeda.com\/wp-content\/uploads\/2024\/01\/mercedes-kablys-scaled-768x578.jpg?v=1719405756\",\"contentUrl\":\"https:\/\/sistemosklaipeda.com\/wp-content\/uploads\/2024\/01\/mercedes-kablys-scaled-768x578.jpg?v=1719405756\"},{\"@type\":\"BreadcrumbList\",\"@id\":\"https:\/\/sistemosklaipeda.com\/lv\/aki\/#breadcrumb\",\"itemListElement\":[{\"@type\":\"ListItem\",\"position\":1,\"name\":\"Prad\u017eia\",\"item\":\"https:\/\/sistemosklaipeda.com\/lv\/veikals\/\"},{\"@type\":\"ListItem\",\"position\":2,\"name\":\"\u0100\u0137i\"}]},{\"@type\":\"WebSite\",\"@id\":\"https:\/\/sistemosklaipeda.com\/lv\/#website\",\"url\":\"https:\/\/sistemosklaipeda.com\/lv\/\",\"name\":\"Sistemos Klaip\u0117da\",\"description\":\"Kokybi\u0161ka duj\u0173 \u012franga ir jos komponentai, kabliai ir priedai\",\"publisher\":{\"@id\":\"https:\/\/sistemosklaipeda.com\/lv\/#organization\"},\"potentialAction\":[{\"@type\":\"SearchAction\",\"target\":{\"@type\":\"EntryPoint\",\"urlTemplate\":\"https:\/\/sistemosklaipeda.com\/lv\/?s={search_term_string}\"},\"query-input\":{\"@type\":\"PropertyValueSpecification\",\"valueRequired\":true,\"valueName\":\"search_term_string\"}}],\"inLanguage\":\"lv-LV\"},{\"@type\":\"Organization\",\"@id\":\"https:\/\/sistemosklaipeda.com\/lv\/#organization\",\"name\":\"Sistemos Klaip\u0117da\",\"alternateName\":\"Sistemos\",\"url\":\"https:\/\/sistemosklaipeda.com\/lv\/\",\"logo\":{\"@type\":\"ImageObject\",\"inLanguage\":\"lv-LV\",\"@id\":\"https:\/\/sistemosklaipeda.com\/lv\/#\/schema\/logo\/image\/\",\"url\":\"https:\/\/sistemosklaipeda.com\/wp-content\/uploads\/2023\/09\/sistemos-logo-cropperd-e1695968047774.png\",\"contentUrl\":\"https:\/\/sistemosklaipeda.com\/wp-content\/uploads\/2023\/09\/sistemos-logo-cropperd-e1695968047774.png\",\"width\":401,\"height\":206,\"caption\":\"Sistemos Klaip\u0117da\"},\"image\":{\"@id\":\"https:\/\/sistemosklaipeda.com\/lv\/#\/schema\/logo\/image\/\"},\"sameAs\":[\"https:\/\/www.facebook.com\/SistemosKlp\",\"https:\/\/www.instagram.com\/sistemosklaipeda\/\"]}]}<\/script>\n<!-- \/ Yoast SEO plugin. -->","yoast_head_json":{"title":"\u0100\u0137i - Sistemos Klaip\u0117da","description":"Sertific\u0113tu auto sakabju uzst\u0101d\u012b\u0161ana un p\u0101rdo\u0161ana. M\u016bsu profesion\u0101l\u0101s konsult\u0101cijas laik\u0101 j\u016bs varat izv\u0113l\u0113ties pareizo sakabi.","robots":{"index":"index","follow":"follow","max-snippet":"max-snippet:-1","max-image-preview":"max-image-preview:large","max-video-preview":"max-video-preview:-1"},"canonical":"https:\/\/sistemosklaipeda.com\/lv\/aki\/","og_locale":"lv_LV","og_type":"article","og_title":"\u0100\u0137i - Sistemos Klaip\u0117da","og_description":"Sertific\u0113tu auto sakabju uzst\u0101d\u012b\u0161ana un p\u0101rdo\u0161ana. M\u016bsu profesion\u0101l\u0101s konsult\u0101cijas laik\u0101 j\u016bs varat izv\u0113l\u0113ties pareizo sakabi.","og_url":"https:\/\/sistemosklaipeda.com\/lv\/aki\/","og_site_name":"Sistemos Klaip\u0117da","article_publisher":"https:\/\/www.facebook.com\/SistemosKlp","article_modified_time":"2024-08-11T14:51:45+00:00","og_image":[{"url":"https:\/\/sistemosklaipeda.com\/wp-content\/uploads\/2024\/01\/mercedes-kablys-scaled-768x578.jpg?v=1719405756","type":"","width":"","height":""}],"twitter_card":"summary_large_image","twitter_misc":{"Est. reading time":"1 minute"},"schema":{"@context":"https:\/\/schema.org","@graph":[{"@type":"WebPage","@id":"https:\/\/sistemosklaipeda.com\/lv\/aki\/","url":"https:\/\/sistemosklaipeda.com\/lv\/aki\/","name":"\u0100\u0137i - Sistemos Klaip\u0117da","isPartOf":{"@id":"https:\/\/sistemosklaipeda.com\/lv\/#website"},"primaryImageOfPage":{"@id":"https:\/\/sistemosklaipeda.com\/lv\/aki\/#primaryimage"},"image":{"@id":"https:\/\/sistemosklaipeda.com\/lv\/aki\/#primaryimage"},"thumbnailUrl":"https:\/\/sistemosklaipeda.com\/wp-content\/uploads\/2024\/01\/mercedes-kablys-scaled-768x578.jpg?v=1719405756","datePublished":"2024-08-11T14:51:42+00:00","dateModified":"2024-08-11T14:51:45+00:00","description":"Sertific\u0113tu auto sakabju uzst\u0101d\u012b\u0161ana un p\u0101rdo\u0161ana. M\u016bsu profesion\u0101l\u0101s konsult\u0101cijas laik\u0101 j\u016bs varat izv\u0113l\u0113ties pareizo sakabi.","breadcrumb":{"@id":"https:\/\/sistemosklaipeda.com\/lv\/aki\/#breadcrumb"},"inLanguage":"lv-LV","potentialAction":[{"@type":"ReadAction","target":["https:\/\/sistemosklaipeda.com\/lv\/aki\/"]}]},{"@type":"ImageObject","inLanguage":"lv-LV","@id":"https:\/\/sistemosklaipeda.com\/lv\/aki\/#primaryimage","url":"https:\/\/sistemosklaipeda.com\/wp-content\/uploads\/2024\/01\/mercedes-kablys-scaled-768x578.jpg?v=1719405756","contentUrl":"https:\/\/sistemosklaipeda.com\/wp-content\/uploads\/2024\/01\/mercedes-kablys-scaled-768x578.jpg?v=1719405756"},{"@type":"BreadcrumbList","@id":"https:\/\/sistemosklaipeda.com\/lv\/aki\/#breadcrumb","itemListElement":[{"@type":"ListItem","position":1,"name":"Prad\u017eia","item":"https:\/\/sistemosklaipeda.com\/lv\/veikals\/"},{"@type":"ListItem","position":2,"name":"\u0100\u0137i"}]},{"@type":"WebSite","@id":"https:\/\/sistemosklaipeda.com\/lv\/#website","url":"https:\/\/sistemosklaipeda.com\/lv\/","name":"Sistemos Klaip\u0117da","description":"Kokybi\u0161ka duj\u0173 \u012franga ir jos komponentai, kabliai ir priedai","publisher":{"@id":"https:\/\/sistemosklaipeda.com\/lv\/#organization"},"potentialAction":[{"@type":"SearchAction","target":{"@type":"EntryPoint","urlTemplate":"https:\/\/sistemosklaipeda.com\/lv\/?s={search_term_string}"},"query-input":{"@type":"PropertyValueSpecification","valueRequired":true,"valueName":"search_term_string"}}],"inLanguage":"lv-LV"},{"@type":"Organization","@id":"https:\/\/sistemosklaipeda.com\/lv\/#organization","name":"Sistemos Klaip\u0117da","alternateName":"Sistemos","url":"https:\/\/sistemosklaipeda.com\/lv\/","logo":{"@type":"ImageObject","inLanguage":"lv-LV","@id":"https:\/\/sistemosklaipeda.com\/lv\/#\/schema\/logo\/image\/","url":"https:\/\/sistemosklaipeda.com\/wp-content\/uploads\/2023\/09\/sistemos-logo-cropperd-e1695968047774.png","contentUrl":"https:\/\/sistemosklaipeda.com\/wp-content\/uploads\/2023\/09\/sistemos-logo-cropperd-e1695968047774.png","width":401,"height":206,"caption":"Sistemos Klaip\u0117da"},"image":{"@id":"https:\/\/sistemosklaipeda.com\/lv\/#\/schema\/logo\/image\/"},"sameAs":["https:\/\/www.facebook.com\/SistemosKlp","https:\/\/www.instagram.com\/sistemosklaipeda\/"]}]}},"_links":{"self":[{"href":"https:\/\/sistemosklaipeda.com\/lv\/wp-json\/wp\/v2\/pages\/15635","targetHints":{"allow":["GET"]}}],"collection":[{"href":"https:\/\/sistemosklaipeda.com\/lv\/wp-json\/wp\/v2\/pages"}],"about":[{"href":"https:\/\/sistemosklaipeda.com\/lv\/wp-json\/wp\/v2\/types\/page"}],"author":[{"embeddable":true,"href":"https:\/\/sistemosklaipeda.com\/lv\/wp-json\/wp\/v2\/users\/1"}],"replies":[{"embeddable":true,"href":"https:\/\/sistemosklaipeda.com\/lv\/wp-json\/wp\/v2\/comments?post=15635"}],"version-history":[{"count":1,"href":"https:\/\/sistemosklaipeda.com\/lv\/wp-json\/wp\/v2\/pages\/15635\/revisions"}],"predecessor-version":[{"id":15639,"href":"https:\/\/sistemosklaipeda.com\/lv\/wp-json\/wp\/v2\/pages\/15635\/revisions\/15639"}],"wp:attachment":[{"href":"https:\/\/sistemosklaipeda.com\/lv\/wp-json\/wp\/v2\/media?parent=15635"}],"curies":[{"name":"wp","href":"https:\/\/api.w.org\/{rel}","templated":true}]}}