{"id":15630,"date":"2024-08-11T14:51:40","date_gmt":"2024-08-11T14:51:40","guid":{"rendered":"https:\/\/sistemosklaipeda.com\/smervielu-maina\/"},"modified":"2024-08-11T14:51:45","modified_gmt":"2024-08-11T14:51:45","slug":"smervielu-maina","status":"publish","type":"page","link":"https:\/\/sistemosklaipeda.com\/lv\/smervielu-maina\/","title":{"rendered":"Sm\u0113rvielu mai\u0146a"},"content":{"rendered":"\t\t<div data-elementor-type=\"wp-page\" data-elementor-id=\"15630\" class=\"elementor elementor-15630 elementor-271\" data-elementor-post-type=\"page\">\n\t\t\t\t<div class=\"elementor-element elementor-element-7c98cbec e-con-full elementor-hidden-mobile e-flex e-con e-parent\" data-id=\"7c98cbec\" data-element_type=\"container\" data-e-type=\"container\" data-settings=\"{&quot;background_background&quot;:&quot;classic&quot;,&quot;shape_divider_bottom&quot;:&quot;triangle&quot;,&quot;shape_divider_bottom_negative&quot;:&quot;yes&quot;}\">\n\t\t\t\t<div class=\"elementor-shape elementor-shape-bottom\" aria-hidden=\"true\" data-negative=\"true\">\n\t\t\t<svg xmlns=\"http:\/\/www.w3.org\/2000\/svg\" viewBox=\"0 0 1000 100\" preserveAspectRatio=\"none\">\n\t<path class=\"elementor-shape-fill\" d=\"M500.2,94.7L0,0v100h1000V0L500.2,94.7z\"\/>\n<\/svg>\t\t<\/div>\n\t\t\t\t<\/div>\n\t\t<div class=\"elementor-element elementor-element-86e19bd e-flex e-con-boxed e-con e-parent\" data-id=\"86e19bd\" data-element_type=\"container\" data-e-type=\"container\">\n\t\t\t\t\t<div class=\"e-con-inner\">\n\t\t\t\t<div class=\"elementor-element elementor-element-d55dc83 elementor-widget elementor-widget-heading\" data-id=\"d55dc83\" data-element_type=\"widget\" data-e-type=\"widget\" data-widget_type=\"heading.default\">\n\t\t\t\t<div class=\"elementor-widget-container\">\n\t\t\t\t\t<h2 class=\"elementor-heading-title elementor-size-default\">E\u013b\u013b\u013bAS IZMAI\u0145AS<\/h2>\t\t\t\t<\/div>\n\t\t\t\t<\/div>\n\t\t\t\t\t<\/div>\n\t\t\t\t<\/div>\n\t\t<div class=\"elementor-element elementor-element-429c270a e-flex e-con-boxed e-con e-parent\" data-id=\"429c270a\" data-element_type=\"container\" data-e-type=\"container\">\n\t\t\t\t\t<div class=\"e-con-inner\">\n\t\t\t\t<div class=\"elementor-element elementor-element-38570de4 elementor-widget elementor-widget-heading\" data-id=\"38570de4\" data-element_type=\"widget\" data-e-type=\"widget\" data-widget_type=\"heading.default\">\n\t\t\t\t<div class=\"elementor-widget-container\">\n\t\t\t\t\t<h4 class=\"elementor-heading-title elementor-size-default\">E\u013c\u013cas un filtru mai\u0146a<\/h4>\t\t\t\t<\/div>\n\t\t\t\t<\/div>\n\t\t\t\t<div class=\"elementor-element elementor-element-61516505 elementor-widget elementor-widget-text-editor\" data-id=\"61516505\" data-element_type=\"widget\" data-e-type=\"widget\" data-widget_type=\"text-editor.default\">\n\t\t\t\t<div class=\"elementor-widget-container\">\n\t\t\t\t\t\t\t\t\t<div class=\"vc_row wpb_row vc_row-fluid\">\n<div class=\"wpb_column vc_column_container vc_col-sm-12\">\n<div class=\"vc_column-inner\">\n<div class=\"wpb_wrapper\">\n<div class=\"wpb_text_column wpb_content_element \">\n<div class=\"wpb_wrapper\">\n<p>Vieglaj\u0101m automa\u0161\u012bn\u0101m e\u013c\u013cu ieteicams main\u012bt ik p\u0113c 10 000 km vai ik p\u0113c diviem gadiem.<br \/>\nSint\u0113tisk\u0101s motora sm\u0113rvielas - ik p\u0113c 15 000 km. <\/p>\n<p><strong>E\u013c\u013cas mai\u0146as laik\u0101 tiek veikti \u0161\u0101di uzdevumi:<\/strong><\/p>\n<p>- Vec\u0101s e\u013c\u013cas iztuk\u0161o\u0161ana. - E\u013c\u013cas filtra nomai\u0146a. - Svaigas e\u013c\u013cas pievieno\u0161ana. - Izlietot\u0101s e\u013c\u013cas utiliz\u0101cija videi draudz\u012bg\u0101 veid\u0101. - E\u013c\u013cas mai\u0146as interv\u0101la atjaunin\u0101\u0161ana. Papildu pakalpojumi: - Gaisa filtra nomai\u0146a. - Salona filtra nomai\u0146a.<\/p>\n<p><strong>Bezmaksas<\/strong> e\u013c\u013cas un filtru <strong>mai\u0146a<\/strong> ar pirkumu <strong>.<\/strong><\/p>\n<\/div>\n<\/div>\n<\/div>\n<\/div>\n<\/div>\n<\/div>\n\t\t\t\t\t\t\t\t<\/div>\n\t\t\t\t<\/div>\n\t\t\t\t\t<\/div>\n\t\t\t\t<\/div>\n\t\t\t\t<\/div>\n\t\t","protected":false},"excerpt":{"rendered":"<p>E\u013b\u013b\u013bAS IZMAI\u0145AS E\u013c\u013cas un filtru mai\u0146a Vieglaj\u0101m automa\u0161\u012bn\u0101m e\u013c\u013cu ieteicams main\u012bt ik p\u0113c 10 000 km vai ik p\u0113c diviem gadiem. Sint\u0113tisk\u0101s motora sm\u0113rvielas - ik p\u0113c 15 000 km. E\u013c\u013cas mai\u0146as laik\u0101 tiek veikti \u0161\u0101di uzdevumi: - Vec\u0101s e\u013c\u013cas iztuk\u0161o\u0161ana. - E\u013c\u013cas filtra nomai\u0146a. - Svaigas e\u013c\u013cas pievieno\u0161ana. - Izlietot\u0101s e\u013c\u013cas utiliz\u0101cija videi draudz\u012bg\u0101 [&hellip;]<\/p>\n","protected":false},"author":1,"featured_media":0,"parent":0,"menu_order":0,"comment_status":"closed","ping_status":"closed","template":"","meta":{"footnotes":""},"class_list":["post-15630","page","type-page","status-publish","hentry"],"yoast_head":"<!-- This site is optimized with the Yoast SEO plugin v27.0 - https:\/\/yoast.com\/product\/yoast-seo-wordpress\/ -->\n<title>Sm\u0113rvielu mai\u0146a - Sistemos Klaip\u0117da<\/title>\n<meta name=\"description\" content=\"Auto e\u013c\u013cas mai\u0146a, bezmaksas e\u013c\u013cas un filtru mai\u0146a, p\u0113rkot e\u013c\u013cu un filtrus!\" \/>\n<meta name=\"robots\" content=\"index, follow, max-snippet:-1, max-image-preview:large, max-video-preview:-1\" \/>\n<link rel=\"canonical\" href=\"https:\/\/sistemosklaipeda.com\/lv\/smervielu-maina\/\" \/>\n<meta property=\"og:locale\" content=\"lv_LV\" \/>\n<meta property=\"og:type\" content=\"article\" \/>\n<meta property=\"og:title\" content=\"Sm\u0113rvielu mai\u0146a - Sistemos Klaip\u0117da\" \/>\n<meta property=\"og:description\" content=\"Auto e\u013c\u013cas mai\u0146a, bezmaksas e\u013c\u013cas un filtru mai\u0146a, p\u0113rkot e\u013c\u013cu un filtrus!\" \/>\n<meta property=\"og:url\" content=\"https:\/\/sistemosklaipeda.com\/lv\/smervielu-maina\/\" \/>\n<meta property=\"og:site_name\" content=\"Sistemos Klaip\u0117da\" \/>\n<meta property=\"article:publisher\" content=\"https:\/\/www.facebook.com\/SistemosKlp\" \/>\n<meta property=\"article:modified_time\" content=\"2024-08-11T14:51:45+00:00\" \/>\n<meta name=\"twitter:card\" content=\"summary_large_image\" \/>\n<meta name=\"twitter:label1\" content=\"Est. reading time\" \/>\n\t<meta name=\"twitter:data1\" content=\"1 minute\" \/>\n<script type=\"application\/ld+json\" class=\"yoast-schema-graph\">{\"@context\":\"https:\/\/schema.org\",\"@graph\":[{\"@type\":\"WebPage\",\"@id\":\"https:\/\/sistemosklaipeda.com\/lv\/smervielu-maina\/\",\"url\":\"https:\/\/sistemosklaipeda.com\/lv\/smervielu-maina\/\",\"name\":\"Sm\u0113rvielu mai\u0146a - Sistemos Klaip\u0117da\",\"isPartOf\":{\"@id\":\"https:\/\/sistemosklaipeda.com\/lv\/#website\"},\"datePublished\":\"2024-08-11T14:51:40+00:00\",\"dateModified\":\"2024-08-11T14:51:45+00:00\",\"description\":\"Auto e\u013c\u013cas mai\u0146a, bezmaksas e\u013c\u013cas un filtru mai\u0146a, p\u0113rkot e\u013c\u013cu un filtrus!\",\"breadcrumb\":{\"@id\":\"https:\/\/sistemosklaipeda.com\/lv\/smervielu-maina\/#breadcrumb\"},\"inLanguage\":\"lv-LV\",\"potentialAction\":[{\"@type\":\"ReadAction\",\"target\":[\"https:\/\/sistemosklaipeda.com\/lv\/smervielu-maina\/\"]}]},{\"@type\":\"BreadcrumbList\",\"@id\":\"https:\/\/sistemosklaipeda.com\/lv\/smervielu-maina\/#breadcrumb\",\"itemListElement\":[{\"@type\":\"ListItem\",\"position\":1,\"name\":\"Prad\u017eia\",\"item\":\"https:\/\/sistemosklaipeda.com\/lv\/veikals\/\"},{\"@type\":\"ListItem\",\"position\":2,\"name\":\"Sm\u0113rvielu mai\u0146a\"}]},{\"@type\":\"WebSite\",\"@id\":\"https:\/\/sistemosklaipeda.com\/lv\/#website\",\"url\":\"https:\/\/sistemosklaipeda.com\/lv\/\",\"name\":\"Sistemos Klaip\u0117da\",\"description\":\"Kokybi\u0161ka duj\u0173 \u012franga ir jos komponentai, kabliai ir priedai\",\"publisher\":{\"@id\":\"https:\/\/sistemosklaipeda.com\/lv\/#organization\"},\"potentialAction\":[{\"@type\":\"SearchAction\",\"target\":{\"@type\":\"EntryPoint\",\"urlTemplate\":\"https:\/\/sistemosklaipeda.com\/lv\/?s={search_term_string}\"},\"query-input\":{\"@type\":\"PropertyValueSpecification\",\"valueRequired\":true,\"valueName\":\"search_term_string\"}}],\"inLanguage\":\"lv-LV\"},{\"@type\":\"Organization\",\"@id\":\"https:\/\/sistemosklaipeda.com\/lv\/#organization\",\"name\":\"Sistemos Klaip\u0117da\",\"alternateName\":\"Sistemos\",\"url\":\"https:\/\/sistemosklaipeda.com\/lv\/\",\"logo\":{\"@type\":\"ImageObject\",\"inLanguage\":\"lv-LV\",\"@id\":\"https:\/\/sistemosklaipeda.com\/lv\/#\/schema\/logo\/image\/\",\"url\":\"https:\/\/sistemosklaipeda.com\/wp-content\/uploads\/2023\/09\/sistemos-logo-cropperd-e1695968047774.png\",\"contentUrl\":\"https:\/\/sistemosklaipeda.com\/wp-content\/uploads\/2023\/09\/sistemos-logo-cropperd-e1695968047774.png\",\"width\":401,\"height\":206,\"caption\":\"Sistemos Klaip\u0117da\"},\"image\":{\"@id\":\"https:\/\/sistemosklaipeda.com\/lv\/#\/schema\/logo\/image\/\"},\"sameAs\":[\"https:\/\/www.facebook.com\/SistemosKlp\",\"https:\/\/www.instagram.com\/sistemosklaipeda\/\"]}]}<\/script>\n<!-- \/ Yoast SEO plugin. -->","yoast_head_json":{"title":"Sm\u0113rvielu mai\u0146a - Sistemos Klaip\u0117da","description":"Auto e\u013c\u013cas mai\u0146a, bezmaksas e\u013c\u013cas un filtru mai\u0146a, p\u0113rkot e\u013c\u013cu un filtrus!","robots":{"index":"index","follow":"follow","max-snippet":"max-snippet:-1","max-image-preview":"max-image-preview:large","max-video-preview":"max-video-preview:-1"},"canonical":"https:\/\/sistemosklaipeda.com\/lv\/smervielu-maina\/","og_locale":"lv_LV","og_type":"article","og_title":"Sm\u0113rvielu mai\u0146a - Sistemos Klaip\u0117da","og_description":"Auto e\u013c\u013cas mai\u0146a, bezmaksas e\u013c\u013cas un filtru mai\u0146a, p\u0113rkot e\u013c\u013cu un filtrus!","og_url":"https:\/\/sistemosklaipeda.com\/lv\/smervielu-maina\/","og_site_name":"Sistemos Klaip\u0117da","article_publisher":"https:\/\/www.facebook.com\/SistemosKlp","article_modified_time":"2024-08-11T14:51:45+00:00","twitter_card":"summary_large_image","twitter_misc":{"Est. reading time":"1 minute"},"schema":{"@context":"https:\/\/schema.org","@graph":[{"@type":"WebPage","@id":"https:\/\/sistemosklaipeda.com\/lv\/smervielu-maina\/","url":"https:\/\/sistemosklaipeda.com\/lv\/smervielu-maina\/","name":"Sm\u0113rvielu mai\u0146a - Sistemos Klaip\u0117da","isPartOf":{"@id":"https:\/\/sistemosklaipeda.com\/lv\/#website"},"datePublished":"2024-08-11T14:51:40+00:00","dateModified":"2024-08-11T14:51:45+00:00","description":"Auto e\u013c\u013cas mai\u0146a, bezmaksas e\u013c\u013cas un filtru mai\u0146a, p\u0113rkot e\u013c\u013cu un filtrus!","breadcrumb":{"@id":"https:\/\/sistemosklaipeda.com\/lv\/smervielu-maina\/#breadcrumb"},"inLanguage":"lv-LV","potentialAction":[{"@type":"ReadAction","target":["https:\/\/sistemosklaipeda.com\/lv\/smervielu-maina\/"]}]},{"@type":"BreadcrumbList","@id":"https:\/\/sistemosklaipeda.com\/lv\/smervielu-maina\/#breadcrumb","itemListElement":[{"@type":"ListItem","position":1,"name":"Prad\u017eia","item":"https:\/\/sistemosklaipeda.com\/lv\/veikals\/"},{"@type":"ListItem","position":2,"name":"Sm\u0113rvielu mai\u0146a"}]},{"@type":"WebSite","@id":"https:\/\/sistemosklaipeda.com\/lv\/#website","url":"https:\/\/sistemosklaipeda.com\/lv\/","name":"Sistemos Klaip\u0117da","description":"Kokybi\u0161ka duj\u0173 \u012franga ir jos komponentai, kabliai ir priedai","publisher":{"@id":"https:\/\/sistemosklaipeda.com\/lv\/#organization"},"potentialAction":[{"@type":"SearchAction","target":{"@type":"EntryPoint","urlTemplate":"https:\/\/sistemosklaipeda.com\/lv\/?s={search_term_string}"},"query-input":{"@type":"PropertyValueSpecification","valueRequired":true,"valueName":"search_term_string"}}],"inLanguage":"lv-LV"},{"@type":"Organization","@id":"https:\/\/sistemosklaipeda.com\/lv\/#organization","name":"Sistemos Klaip\u0117da","alternateName":"Sistemos","url":"https:\/\/sistemosklaipeda.com\/lv\/","logo":{"@type":"ImageObject","inLanguage":"lv-LV","@id":"https:\/\/sistemosklaipeda.com\/lv\/#\/schema\/logo\/image\/","url":"https:\/\/sistemosklaipeda.com\/wp-content\/uploads\/2023\/09\/sistemos-logo-cropperd-e1695968047774.png","contentUrl":"https:\/\/sistemosklaipeda.com\/wp-content\/uploads\/2023\/09\/sistemos-logo-cropperd-e1695968047774.png","width":401,"height":206,"caption":"Sistemos Klaip\u0117da"},"image":{"@id":"https:\/\/sistemosklaipeda.com\/lv\/#\/schema\/logo\/image\/"},"sameAs":["https:\/\/www.facebook.com\/SistemosKlp","https:\/\/www.instagram.com\/sistemosklaipeda\/"]}]}},"_links":{"self":[{"href":"https:\/\/sistemosklaipeda.com\/lv\/wp-json\/wp\/v2\/pages\/15630","targetHints":{"allow":["GET"]}}],"collection":[{"href":"https:\/\/sistemosklaipeda.com\/lv\/wp-json\/wp\/v2\/pages"}],"about":[{"href":"https:\/\/sistemosklaipeda.com\/lv\/wp-json\/wp\/v2\/types\/page"}],"author":[{"embeddable":true,"href":"https:\/\/sistemosklaipeda.com\/lv\/wp-json\/wp\/v2\/users\/1"}],"replies":[{"embeddable":true,"href":"https:\/\/sistemosklaipeda.com\/lv\/wp-json\/wp\/v2\/comments?post=15630"}],"version-history":[{"count":2,"href":"https:\/\/sistemosklaipeda.com\/lv\/wp-json\/wp\/v2\/pages\/15630\/revisions"}],"predecessor-version":[{"id":15636,"href":"https:\/\/sistemosklaipeda.com\/lv\/wp-json\/wp\/v2\/pages\/15630\/revisions\/15636"}],"wp:attachment":[{"href":"https:\/\/sistemosklaipeda.com\/lv\/wp-json\/wp\/v2\/media?parent=15630"}],"curies":[{"name":"wp","href":"https:\/\/api.w.org\/{rel}","templated":true}]}}