{"id":15623,"date":"2024-08-11T14:51:06","date_gmt":"2024-08-11T14:51:06","guid":{"rendered":"https:\/\/sistemosklaipeda.com\/atgriesanas-politika\/"},"modified":"2024-08-11T14:51:06","modified_gmt":"2024-08-11T14:51:06","slug":"atgriesanas-politika","status":"publish","type":"page","link":"https:\/\/sistemosklaipeda.com\/lv\/atgriesanas-politika\/","title":{"rendered":"Atgrie\u0161anas politika"},"content":{"rendered":"\t\t<div data-elementor-type=\"wp-page\" data-elementor-id=\"15623\" class=\"elementor elementor-15623 elementor-11304\" data-elementor-post-type=\"page\">\n\t\t\t\t<div class=\"elementor-element elementor-element-64f9b6bd e-con-full e-flex e-con e-parent\" data-id=\"64f9b6bd\" data-element_type=\"container\" data-e-type=\"container\" data-settings=\"{&quot;background_background&quot;:&quot;classic&quot;,&quot;shape_divider_bottom&quot;:&quot;triangle&quot;,&quot;shape_divider_bottom_negative&quot;:&quot;yes&quot;}\">\n\t\t\t\t<div class=\"elementor-shape elementor-shape-bottom\" aria-hidden=\"true\" data-negative=\"true\">\n\t\t\t<svg xmlns=\"http:\/\/www.w3.org\/2000\/svg\" viewBox=\"0 0 1000 100\" preserveAspectRatio=\"none\">\n\t<path class=\"elementor-shape-fill\" d=\"M500.2,94.7L0,0v100h1000V0L500.2,94.7z\"\/>\n<\/svg>\t\t<\/div>\n\t\t\t\t<\/div>\n\t\t<div class=\"elementor-element elementor-element-14033dac e-flex e-con-boxed e-con e-parent\" data-id=\"14033dac\" data-element_type=\"container\" data-e-type=\"container\">\n\t\t\t\t\t<div class=\"e-con-inner\">\n\t\t\t\t\t<\/div>\n\t\t\t\t<\/div>\n\t\t<div class=\"elementor-element elementor-element-2d78179c e-flex e-con-boxed e-con e-parent\" data-id=\"2d78179c\" data-element_type=\"container\" data-e-type=\"container\">\n\t\t\t\t\t<div class=\"e-con-inner\">\n\t\t\t\t<div class=\"elementor-element elementor-element-31f1f85 elementor-widget elementor-widget-text-editor\" data-id=\"31f1f85\" data-element_type=\"widget\" data-e-type=\"widget\" data-widget_type=\"text-editor.default\">\n\t\t\t\t<div class=\"elementor-widget-container\">\n\t\t\t\t\t\t\t\t\t<p>Neesat apmierin\u0101ts ar m\u016bsu produktiem? \u0160\u0101d\u0101 gad\u012bjum\u0101 j\u016bs varat atgriezt visas preces 7 kalend\u0101ro dienu laik\u0101 p\u0113c ieg\u0101des, lai sa\u0146emtu pilnu kompens\u0101ciju.<\/p>\n<p>Ja esat p\u0101rliecin\u0101ts, ka esat nol\u0113mis atgriezt preces, vispirms sazinieties ar mums pa e-pastu. e-pasts: <a href=\"mailto:sistemosklp@gmail.com\" target=\"_blank\" rel=\"noopener\">sistemosklp@gmail.com<\/a> vai t\u0101lr. <a style=\"font-family: var( --e-global-typography-text-font-family ), Sans-serif; text-align: var(--text-align); background-color: #ffffff; font-size: 1rem;\" href=\"http:\/\/+370%20699%2034147\" target=\"_blank\" rel=\"noopener\">+370 699 34147<\/a><\/p>\n<p>Svar\u012bgi! Ja v\u0113laties atgriezt vai apmain\u012bt preces, t\u0101m j\u0101b\u016bt nelietot\u0101m, lab\u0101 st\u0101vokl\u012b un iesai\u0146ot\u0101m t\u0101, lai t\u0101s netiktu boj\u0101tas atgrie\u0161anas br\u012bd\u012b. Jums b\u016bs j\u0101aizpilda ar\u012b atgrie\u0161anas veidlapa, kas jums tiks nos\u016bt\u012bta pa pastu, kad sazin\u0101sieties ar mums.<\/p>\n<p>Atgriezt\u0101 prece ir j\u0101nog\u0101d\u0101 uz m\u016bsu nor\u0101d\u012bto adresi vis\u0113rt\u0101kaj\u0101 veid\u0101 (Lietuvas pasts, kurjers, person\u012bg\u0101 pieg\u0101de utt.).<\/p><\/p>\n\t\t\t\t\t\t\t\t<\/div>\n\t\t\t\t<\/div>\n\t\t\t\t\t<\/div>\n\t\t\t\t<\/div>\n\t\t\t\t<\/div>\n\t\t","protected":false},"excerpt":{"rendered":"<p>Neesat apmierin\u0101ts ar m\u016bsu produktiem? \u0160\u0101d\u0101 gad\u012bjum\u0101 j\u016bs varat atgriezt visas preces 7 kalend\u0101ro dienu laik\u0101 p\u0113c ieg\u0101des, lai sa\u0146emtu pilnu kompens\u0101ciju. Ja esat p\u0101rliecin\u0101ts, ka esat nol\u0113mis atgriezt preces, vispirms sazinieties ar mums pa e-pastu. e-pasts: sistemosklp@gmail.com vai t\u0101lr. +370 699 34147 Svar\u012bgi! Ja v\u0113laties atgriezt vai apmain\u012bt preces, t\u0101m j\u0101b\u016bt nelietot\u0101m, lab\u0101 st\u0101vokl\u012b [&hellip;]<\/p>\n","protected":false},"author":1,"featured_media":0,"parent":0,"menu_order":0,"comment_status":"closed","ping_status":"closed","template":"","meta":{"footnotes":""},"class_list":["post-15623","page","type-page","status-publish","hentry"],"yoast_head":"<!-- This site is optimized with the Yoast SEO plugin v27.0 - https:\/\/yoast.com\/product\/yoast-seo-wordpress\/ -->\n<title>Atgrie\u0161anas politika - Sistemos Klaip\u0117da<\/title>\n<meta name=\"robots\" content=\"noindex, follow\" \/>\n<meta property=\"og:locale\" content=\"lv_LV\" \/>\n<meta property=\"og:type\" content=\"article\" \/>\n<meta property=\"og:title\" content=\"Atgrie\u0161anas politika - Sistemos Klaip\u0117da\" \/>\n<meta property=\"og:description\" content=\"Neesat apmierin\u0101ts ar m\u016bsu produktiem? \u0160\u0101d\u0101 gad\u012bjum\u0101 j\u016bs varat atgriezt visas preces 7 kalend\u0101ro dienu laik\u0101 p\u0113c ieg\u0101des, lai sa\u0146emtu pilnu kompens\u0101ciju. Ja esat p\u0101rliecin\u0101ts, ka esat nol\u0113mis atgriezt preces, vispirms sazinieties ar mums pa e-pastu. e-pasts: sistemosklp@gmail.com vai t\u0101lr. +370 699 34147 Svar\u012bgi! Ja v\u0113laties atgriezt vai apmain\u012bt preces, t\u0101m j\u0101b\u016bt nelietot\u0101m, lab\u0101 st\u0101vokl\u012b [&hellip;]\" \/>\n<meta property=\"og:url\" content=\"https:\/\/sistemosklaipeda.com\/lv\/atgriesanas-politika\/\" \/>\n<meta property=\"og:site_name\" content=\"Sistemos Klaip\u0117da\" \/>\n<meta property=\"article:publisher\" content=\"https:\/\/www.facebook.com\/SistemosKlp\" \/>\n<meta name=\"twitter:card\" content=\"summary_large_image\" \/>\n<meta name=\"twitter:label1\" content=\"Est. reading time\" \/>\n\t<meta name=\"twitter:data1\" content=\"1 minute\" \/>\n<script type=\"application\/ld+json\" class=\"yoast-schema-graph\">{\"@context\":\"https:\/\/schema.org\",\"@graph\":[{\"@type\":\"WebPage\",\"@id\":\"https:\/\/sistemosklaipeda.com\/lv\/atgriesanas-politika\/\",\"url\":\"https:\/\/sistemosklaipeda.com\/lv\/atgriesanas-politika\/\",\"name\":\"Atgrie\u0161anas politika - Sistemos Klaip\u0117da\",\"isPartOf\":{\"@id\":\"https:\/\/sistemosklaipeda.com\/lv\/#website\"},\"datePublished\":\"2024-08-11T14:51:06+00:00\",\"breadcrumb\":{\"@id\":\"https:\/\/sistemosklaipeda.com\/lv\/atgriesanas-politika\/#breadcrumb\"},\"inLanguage\":\"lv-LV\",\"potentialAction\":[{\"@type\":\"ReadAction\",\"target\":[\"https:\/\/sistemosklaipeda.com\/lv\/atgriesanas-politika\/\"]}]},{\"@type\":\"BreadcrumbList\",\"@id\":\"https:\/\/sistemosklaipeda.com\/lv\/atgriesanas-politika\/#breadcrumb\",\"itemListElement\":[{\"@type\":\"ListItem\",\"position\":1,\"name\":\"Prad\u017eia\",\"item\":\"https:\/\/sistemosklaipeda.com\/lv\/veikals\/\"},{\"@type\":\"ListItem\",\"position\":2,\"name\":\"Atgrie\u0161anas politika\"}]},{\"@type\":\"WebSite\",\"@id\":\"https:\/\/sistemosklaipeda.com\/lv\/#website\",\"url\":\"https:\/\/sistemosklaipeda.com\/lv\/\",\"name\":\"Sistemos Klaip\u0117da\",\"description\":\"Kokybi\u0161ka duj\u0173 \u012franga ir jos komponentai, kabliai ir priedai\",\"publisher\":{\"@id\":\"https:\/\/sistemosklaipeda.com\/lv\/#organization\"},\"potentialAction\":[{\"@type\":\"SearchAction\",\"target\":{\"@type\":\"EntryPoint\",\"urlTemplate\":\"https:\/\/sistemosklaipeda.com\/lv\/?s={search_term_string}\"},\"query-input\":{\"@type\":\"PropertyValueSpecification\",\"valueRequired\":true,\"valueName\":\"search_term_string\"}}],\"inLanguage\":\"lv-LV\"},{\"@type\":\"Organization\",\"@id\":\"https:\/\/sistemosklaipeda.com\/lv\/#organization\",\"name\":\"Sistemos Klaip\u0117da\",\"alternateName\":\"Sistemos\",\"url\":\"https:\/\/sistemosklaipeda.com\/lv\/\",\"logo\":{\"@type\":\"ImageObject\",\"inLanguage\":\"lv-LV\",\"@id\":\"https:\/\/sistemosklaipeda.com\/lv\/#\/schema\/logo\/image\/\",\"url\":\"https:\/\/sistemosklaipeda.com\/wp-content\/uploads\/2023\/09\/sistemos-logo-cropperd-e1695968047774.png\",\"contentUrl\":\"https:\/\/sistemosklaipeda.com\/wp-content\/uploads\/2023\/09\/sistemos-logo-cropperd-e1695968047774.png\",\"width\":401,\"height\":206,\"caption\":\"Sistemos Klaip\u0117da\"},\"image\":{\"@id\":\"https:\/\/sistemosklaipeda.com\/lv\/#\/schema\/logo\/image\/\"},\"sameAs\":[\"https:\/\/www.facebook.com\/SistemosKlp\",\"https:\/\/www.instagram.com\/sistemosklaipeda\/\"]}]}<\/script>\n<!-- \/ Yoast SEO plugin. -->","yoast_head_json":{"title":"Atgrie\u0161anas politika - Sistemos Klaip\u0117da","robots":{"index":"noindex","follow":"follow"},"og_locale":"lv_LV","og_type":"article","og_title":"Atgrie\u0161anas politika - Sistemos Klaip\u0117da","og_description":"Neesat apmierin\u0101ts ar m\u016bsu produktiem? \u0160\u0101d\u0101 gad\u012bjum\u0101 j\u016bs varat atgriezt visas preces 7 kalend\u0101ro dienu laik\u0101 p\u0113c ieg\u0101des, lai sa\u0146emtu pilnu kompens\u0101ciju. Ja esat p\u0101rliecin\u0101ts, ka esat nol\u0113mis atgriezt preces, vispirms sazinieties ar mums pa e-pastu. e-pasts: sistemosklp@gmail.com vai t\u0101lr. +370 699 34147 Svar\u012bgi! Ja v\u0113laties atgriezt vai apmain\u012bt preces, t\u0101m j\u0101b\u016bt nelietot\u0101m, lab\u0101 st\u0101vokl\u012b [&hellip;]","og_url":"https:\/\/sistemosklaipeda.com\/lv\/atgriesanas-politika\/","og_site_name":"Sistemos Klaip\u0117da","article_publisher":"https:\/\/www.facebook.com\/SistemosKlp","twitter_card":"summary_large_image","twitter_misc":{"Est. reading time":"1 minute"},"schema":{"@context":"https:\/\/schema.org","@graph":[{"@type":"WebPage","@id":"https:\/\/sistemosklaipeda.com\/lv\/atgriesanas-politika\/","url":"https:\/\/sistemosklaipeda.com\/lv\/atgriesanas-politika\/","name":"Atgrie\u0161anas politika - Sistemos Klaip\u0117da","isPartOf":{"@id":"https:\/\/sistemosklaipeda.com\/lv\/#website"},"datePublished":"2024-08-11T14:51:06+00:00","breadcrumb":{"@id":"https:\/\/sistemosklaipeda.com\/lv\/atgriesanas-politika\/#breadcrumb"},"inLanguage":"lv-LV","potentialAction":[{"@type":"ReadAction","target":["https:\/\/sistemosklaipeda.com\/lv\/atgriesanas-politika\/"]}]},{"@type":"BreadcrumbList","@id":"https:\/\/sistemosklaipeda.com\/lv\/atgriesanas-politika\/#breadcrumb","itemListElement":[{"@type":"ListItem","position":1,"name":"Prad\u017eia","item":"https:\/\/sistemosklaipeda.com\/lv\/veikals\/"},{"@type":"ListItem","position":2,"name":"Atgrie\u0161anas politika"}]},{"@type":"WebSite","@id":"https:\/\/sistemosklaipeda.com\/lv\/#website","url":"https:\/\/sistemosklaipeda.com\/lv\/","name":"Sistemos Klaip\u0117da","description":"Kokybi\u0161ka duj\u0173 \u012franga ir jos komponentai, kabliai ir priedai","publisher":{"@id":"https:\/\/sistemosklaipeda.com\/lv\/#organization"},"potentialAction":[{"@type":"SearchAction","target":{"@type":"EntryPoint","urlTemplate":"https:\/\/sistemosklaipeda.com\/lv\/?s={search_term_string}"},"query-input":{"@type":"PropertyValueSpecification","valueRequired":true,"valueName":"search_term_string"}}],"inLanguage":"lv-LV"},{"@type":"Organization","@id":"https:\/\/sistemosklaipeda.com\/lv\/#organization","name":"Sistemos Klaip\u0117da","alternateName":"Sistemos","url":"https:\/\/sistemosklaipeda.com\/lv\/","logo":{"@type":"ImageObject","inLanguage":"lv-LV","@id":"https:\/\/sistemosklaipeda.com\/lv\/#\/schema\/logo\/image\/","url":"https:\/\/sistemosklaipeda.com\/wp-content\/uploads\/2023\/09\/sistemos-logo-cropperd-e1695968047774.png","contentUrl":"https:\/\/sistemosklaipeda.com\/wp-content\/uploads\/2023\/09\/sistemos-logo-cropperd-e1695968047774.png","width":401,"height":206,"caption":"Sistemos Klaip\u0117da"},"image":{"@id":"https:\/\/sistemosklaipeda.com\/lv\/#\/schema\/logo\/image\/"},"sameAs":["https:\/\/www.facebook.com\/SistemosKlp","https:\/\/www.instagram.com\/sistemosklaipeda\/"]}]}},"_links":{"self":[{"href":"https:\/\/sistemosklaipeda.com\/lv\/wp-json\/wp\/v2\/pages\/15623","targetHints":{"allow":["GET"]}}],"collection":[{"href":"https:\/\/sistemosklaipeda.com\/lv\/wp-json\/wp\/v2\/pages"}],"about":[{"href":"https:\/\/sistemosklaipeda.com\/lv\/wp-json\/wp\/v2\/types\/page"}],"author":[{"embeddable":true,"href":"https:\/\/sistemosklaipeda.com\/lv\/wp-json\/wp\/v2\/users\/1"}],"replies":[{"embeddable":true,"href":"https:\/\/sistemosklaipeda.com\/lv\/wp-json\/wp\/v2\/comments?post=15623"}],"version-history":[{"count":1,"href":"https:\/\/sistemosklaipeda.com\/lv\/wp-json\/wp\/v2\/pages\/15623\/revisions"}],"predecessor-version":[{"id":15627,"href":"https:\/\/sistemosklaipeda.com\/lv\/wp-json\/wp\/v2\/pages\/15623\/revisions\/15627"}],"wp:attachment":[{"href":"https:\/\/sistemosklaipeda.com\/lv\/wp-json\/wp\/v2\/media?parent=15623"}],"curies":[{"name":"wp","href":"https:\/\/api.w.org\/{rel}","templated":true}]}}