{"id":16697,"date":"2019-10-12T05:17:15","date_gmt":"2025-01-07T14:54:36","guid":{"rendered":"https:\/\/sistemosklaipeda.com\/product\/gaasisurveandur-lovato-5-6-8-balloonid\/"},"modified":"2025-01-07T14:54:36","modified_gmt":"2025-01-07T14:54:36","slug":"gaasisurveandur-lovato-5-6-8-balloonid","status":"publish","type":"product","link":"https:\/\/sistemosklaipeda.com\/et\/toode\/gaasisurveandur-lovato-5-6-8-balloonid\/","title":{"rendered":"Gaasisurveandur LOVATO 5\/6\/8 balloonid"},"content":{"rendered":"","protected":false},"excerpt":{"rendered":"<p>Gaasisurveandur LOVATO 5-6-8 balloonid<\/p>\n","protected":false},"featured_media":13854,"template":"","meta":[],"product_brand":[],"product_cat":[196],"product_tag":[244,230],"class_list":{"0":"post-16697","1":"product","2":"type-product","3":"status-publish","4":"has-post-thumbnail","6":"product_cat-andur","7":"product_tag-andur","8":"product_tag-lovato-et","10":"first","11":"instock","12":"taxable","13":"shipping-taxable","14":"purchasable","15":"product-type-simple"},"yoast_head":"<!-- This site is optimized with the Yoast SEO plugin v27.0 - https:\/\/yoast.com\/product\/yoast-seo-wordpress\/ -->\n<title>Gaasisurveandur LOVATO 5\/6\/8 balloonid - Sistemos Klaip\u0117da<\/title>\n<meta name=\"robots\" content=\"index, follow, max-snippet:-1, max-image-preview:large, max-video-preview:-1\" \/>\n<link rel=\"canonical\" href=\"https:\/\/sistemosklaipeda.com\/et\/toode\/gaasisurveandur-lovato-5-6-8-balloonid\/\" \/>\n<meta property=\"og:locale\" content=\"et_EE\" \/>\n<meta property=\"og:type\" content=\"article\" \/>\n<meta property=\"og:title\" content=\"Gaasisurveandur LOVATO 5\/6\/8 balloonid - Sistemos Klaip\u0117da\" \/>\n<meta property=\"og:description\" content=\"Gaasisurveandur LOVATO 5-6-8 balloonid\" \/>\n<meta property=\"og:url\" content=\"https:\/\/sistemosklaipeda.com\/et\/toode\/gaasisurveandur-lovato-5-6-8-balloonid\/\" \/>\n<meta property=\"og:site_name\" content=\"Sistemos Klaip\u0117da\" \/>\n<meta property=\"article:publisher\" content=\"https:\/\/www.facebook.com\/SistemosKlp\" \/>\n<meta name=\"twitter:card\" content=\"summary_large_image\" \/>\n<script type=\"application\/ld+json\" class=\"yoast-schema-graph\">{\"@context\":\"https:\/\/schema.org\",\"@graph\":[{\"@type\":\"WebPage\",\"@id\":\"https:\/\/sistemosklaipeda.com\/et\/toode\/gaasisurveandur-lovato-5-6-8-balloonid\/\",\"url\":\"https:\/\/sistemosklaipeda.com\/et\/toode\/gaasisurveandur-lovato-5-6-8-balloonid\/\",\"name\":\"Gaasisurveandur LOVATO 5\/6\/8 balloonid - Sistemos Klaip\u0117da\",\"isPartOf\":{\"@id\":\"https:\/\/sistemosklaipeda.com\/et\/#website\"},\"primaryImageOfPage\":{\"@id\":\"https:\/\/sistemosklaipeda.com\/et\/toode\/gaasisurveandur-lovato-5-6-8-balloonid\/#primaryimage\"},\"image\":{\"@id\":\"https:\/\/sistemosklaipeda.com\/et\/toode\/gaasisurveandur-lovato-5-6-8-balloonid\/#primaryimage\"},\"thumbnailUrl\":\"https:\/\/sistemosklaipeda.com\/wp-content\/uploads\/2024\/02\/duju-spaudimo-daviklis-lovato-568-cilindru-1-scaled-1.jpg\",\"datePublished\":\"2025-01-07T14:54:36+00:00\",\"breadcrumb\":{\"@id\":\"https:\/\/sistemosklaipeda.com\/et\/toode\/gaasisurveandur-lovato-5-6-8-balloonid\/#breadcrumb\"},\"inLanguage\":\"et\",\"potentialAction\":[{\"@type\":\"ReadAction\",\"target\":[\"https:\/\/sistemosklaipeda.com\/et\/toode\/gaasisurveandur-lovato-5-6-8-balloonid\/\"]}]},{\"@type\":\"ImageObject\",\"inLanguage\":\"et\",\"@id\":\"https:\/\/sistemosklaipeda.com\/et\/toode\/gaasisurveandur-lovato-5-6-8-balloonid\/#primaryimage\",\"url\":\"https:\/\/sistemosklaipeda.com\/wp-content\/uploads\/2024\/02\/duju-spaudimo-daviklis-lovato-568-cilindru-1-scaled-1.jpg\",\"contentUrl\":\"https:\/\/sistemosklaipeda.com\/wp-content\/uploads\/2024\/02\/duju-spaudimo-daviklis-lovato-568-cilindru-1-scaled-1.jpg\",\"width\":800,\"height\":602,\"caption\":\"Duj\u0173 spaudimo daviklis LOVATO 568 cilindr\u0173\"},{\"@type\":\"BreadcrumbList\",\"@id\":\"https:\/\/sistemosklaipeda.com\/et\/toode\/gaasisurveandur-lovato-5-6-8-balloonid\/#breadcrumb\",\"itemListElement\":[{\"@type\":\"ListItem\",\"position\":1,\"name\":\"Prad\u017eia\",\"item\":\"https:\/\/sistemosklaipeda.com\/et\/kauplus\/\"},{\"@type\":\"ListItem\",\"position\":2,\"name\":\"Kauplus\",\"item\":\"https:\/\/sistemosklaipeda.com\/et\/kauplus\/\"},{\"@type\":\"ListItem\",\"position\":3,\"name\":\"Gaasisurveandur LOVATO 5\/6\/8 balloonid\"}]},{\"@type\":\"WebSite\",\"@id\":\"https:\/\/sistemosklaipeda.com\/et\/#website\",\"url\":\"https:\/\/sistemosklaipeda.com\/et\/\",\"name\":\"Sistemos Klaip\u0117da\",\"description\":\"Kokybi\u0161ka duj\u0173 \u012franga ir jos komponentai, kabliai ir priedai\",\"publisher\":{\"@id\":\"https:\/\/sistemosklaipeda.com\/et\/#organization\"},\"potentialAction\":[{\"@type\":\"SearchAction\",\"target\":{\"@type\":\"EntryPoint\",\"urlTemplate\":\"https:\/\/sistemosklaipeda.com\/et\/?s={search_term_string}\"},\"query-input\":{\"@type\":\"PropertyValueSpecification\",\"valueRequired\":true,\"valueName\":\"search_term_string\"}}],\"inLanguage\":\"et\"},{\"@type\":\"Organization\",\"@id\":\"https:\/\/sistemosklaipeda.com\/et\/#organization\",\"name\":\"Sistemos Klaip\u0117da\",\"alternateName\":\"Sistemos\",\"url\":\"https:\/\/sistemosklaipeda.com\/et\/\",\"logo\":{\"@type\":\"ImageObject\",\"inLanguage\":\"et\",\"@id\":\"https:\/\/sistemosklaipeda.com\/et\/#\/schema\/logo\/image\/\",\"url\":\"https:\/\/sistemosklaipeda.com\/wp-content\/uploads\/2023\/09\/sistemos-logo-cropperd-e1695968047774.png\",\"contentUrl\":\"https:\/\/sistemosklaipeda.com\/wp-content\/uploads\/2023\/09\/sistemos-logo-cropperd-e1695968047774.png\",\"width\":401,\"height\":206,\"caption\":\"Sistemos Klaip\u0117da\"},\"image\":{\"@id\":\"https:\/\/sistemosklaipeda.com\/et\/#\/schema\/logo\/image\/\"},\"sameAs\":[\"https:\/\/www.facebook.com\/SistemosKlp\",\"https:\/\/www.instagram.com\/sistemosklaipeda\/\"]}]}<\/script>\n<!-- \/ Yoast SEO plugin. -->","yoast_head_json":{"title":"Gaasisurveandur LOVATO 5\/6\/8 balloonid - Sistemos Klaip\u0117da","robots":{"index":"index","follow":"follow","max-snippet":"max-snippet:-1","max-image-preview":"max-image-preview:large","max-video-preview":"max-video-preview:-1"},"canonical":"https:\/\/sistemosklaipeda.com\/et\/toode\/gaasisurveandur-lovato-5-6-8-balloonid\/","og_locale":"et_EE","og_type":"article","og_title":"Gaasisurveandur LOVATO 5\/6\/8 balloonid - Sistemos Klaip\u0117da","og_description":"Gaasisurveandur LOVATO 5-6-8 balloonid","og_url":"https:\/\/sistemosklaipeda.com\/et\/toode\/gaasisurveandur-lovato-5-6-8-balloonid\/","og_site_name":"Sistemos Klaip\u0117da","article_publisher":"https:\/\/www.facebook.com\/SistemosKlp","twitter_card":"summary_large_image","schema":{"@context":"https:\/\/schema.org","@graph":[{"@type":"WebPage","@id":"https:\/\/sistemosklaipeda.com\/et\/toode\/gaasisurveandur-lovato-5-6-8-balloonid\/","url":"https:\/\/sistemosklaipeda.com\/et\/toode\/gaasisurveandur-lovato-5-6-8-balloonid\/","name":"Gaasisurveandur LOVATO 5\/6\/8 balloonid - Sistemos Klaip\u0117da","isPartOf":{"@id":"https:\/\/sistemosklaipeda.com\/et\/#website"},"primaryImageOfPage":{"@id":"https:\/\/sistemosklaipeda.com\/et\/toode\/gaasisurveandur-lovato-5-6-8-balloonid\/#primaryimage"},"image":{"@id":"https:\/\/sistemosklaipeda.com\/et\/toode\/gaasisurveandur-lovato-5-6-8-balloonid\/#primaryimage"},"thumbnailUrl":"https:\/\/sistemosklaipeda.com\/wp-content\/uploads\/2024\/02\/duju-spaudimo-daviklis-lovato-568-cilindru-1-scaled-1.jpg","datePublished":"2025-01-07T14:54:36+00:00","breadcrumb":{"@id":"https:\/\/sistemosklaipeda.com\/et\/toode\/gaasisurveandur-lovato-5-6-8-balloonid\/#breadcrumb"},"inLanguage":"et","potentialAction":[{"@type":"ReadAction","target":["https:\/\/sistemosklaipeda.com\/et\/toode\/gaasisurveandur-lovato-5-6-8-balloonid\/"]}]},{"@type":"ImageObject","inLanguage":"et","@id":"https:\/\/sistemosklaipeda.com\/et\/toode\/gaasisurveandur-lovato-5-6-8-balloonid\/#primaryimage","url":"https:\/\/sistemosklaipeda.com\/wp-content\/uploads\/2024\/02\/duju-spaudimo-daviklis-lovato-568-cilindru-1-scaled-1.jpg","contentUrl":"https:\/\/sistemosklaipeda.com\/wp-content\/uploads\/2024\/02\/duju-spaudimo-daviklis-lovato-568-cilindru-1-scaled-1.jpg","width":800,"height":602,"caption":"Duj\u0173 spaudimo daviklis LOVATO 568 cilindr\u0173"},{"@type":"BreadcrumbList","@id":"https:\/\/sistemosklaipeda.com\/et\/toode\/gaasisurveandur-lovato-5-6-8-balloonid\/#breadcrumb","itemListElement":[{"@type":"ListItem","position":1,"name":"Prad\u017eia","item":"https:\/\/sistemosklaipeda.com\/et\/kauplus\/"},{"@type":"ListItem","position":2,"name":"Kauplus","item":"https:\/\/sistemosklaipeda.com\/et\/kauplus\/"},{"@type":"ListItem","position":3,"name":"Gaasisurveandur LOVATO 5\/6\/8 balloonid"}]},{"@type":"WebSite","@id":"https:\/\/sistemosklaipeda.com\/et\/#website","url":"https:\/\/sistemosklaipeda.com\/et\/","name":"Sistemos Klaip\u0117da","description":"Kokybi\u0161ka duj\u0173 \u012franga ir jos komponentai, kabliai ir priedai","publisher":{"@id":"https:\/\/sistemosklaipeda.com\/et\/#organization"},"potentialAction":[{"@type":"SearchAction","target":{"@type":"EntryPoint","urlTemplate":"https:\/\/sistemosklaipeda.com\/et\/?s={search_term_string}"},"query-input":{"@type":"PropertyValueSpecification","valueRequired":true,"valueName":"search_term_string"}}],"inLanguage":"et"},{"@type":"Organization","@id":"https:\/\/sistemosklaipeda.com\/et\/#organization","name":"Sistemos Klaip\u0117da","alternateName":"Sistemos","url":"https:\/\/sistemosklaipeda.com\/et\/","logo":{"@type":"ImageObject","inLanguage":"et","@id":"https:\/\/sistemosklaipeda.com\/et\/#\/schema\/logo\/image\/","url":"https:\/\/sistemosklaipeda.com\/wp-content\/uploads\/2023\/09\/sistemos-logo-cropperd-e1695968047774.png","contentUrl":"https:\/\/sistemosklaipeda.com\/wp-content\/uploads\/2023\/09\/sistemos-logo-cropperd-e1695968047774.png","width":401,"height":206,"caption":"Sistemos Klaip\u0117da"},"image":{"@id":"https:\/\/sistemosklaipeda.com\/et\/#\/schema\/logo\/image\/"},"sameAs":["https:\/\/www.facebook.com\/SistemosKlp","https:\/\/www.instagram.com\/sistemosklaipeda\/"]}]}},"_links":{"self":[{"href":"https:\/\/sistemosklaipeda.com\/et\/wp-json\/wp\/v2\/product\/16697","targetHints":{"allow":["GET"]}}],"collection":[{"href":"https:\/\/sistemosklaipeda.com\/et\/wp-json\/wp\/v2\/product"}],"about":[{"href":"https:\/\/sistemosklaipeda.com\/et\/wp-json\/wp\/v2\/types\/product"}],"wp:featuredmedia":[{"embeddable":true,"href":"https:\/\/sistemosklaipeda.com\/et\/wp-json\/wp\/v2\/media\/13854"}],"wp:attachment":[{"href":"https:\/\/sistemosklaipeda.com\/et\/wp-json\/wp\/v2\/media?parent=16697"}],"wp:term":[{"taxonomy":"product_brand","embeddable":true,"href":"https:\/\/sistemosklaipeda.com\/et\/wp-json\/wp\/v2\/product_brand?post=16697"},{"taxonomy":"product_cat","embeddable":true,"href":"https:\/\/sistemosklaipeda.com\/et\/wp-json\/wp\/v2\/product_cat?post=16697"},{"taxonomy":"product_tag","embeddable":true,"href":"https:\/\/sistemosklaipeda.com\/et\/wp-json\/wp\/v2\/product_tag?post=16697"}],"curies":[{"name":"wp","href":"https:\/\/api.w.org\/{rel}","templated":true}]}}