{"id":16691,"date":"2019-10-12T04:49:14","date_gmt":"2025-01-07T14:54:33","guid":{"rendered":"https:\/\/sistemosklaipeda.com\/product\/flashlube-gaasiventiili-kaitserasv-1l\/"},"modified":"2025-04-04T13:47:08","modified_gmt":"2025-04-04T13:47:08","slug":"flashlube-gaasiventiili-kaitserasv-1l","status":"publish","type":"product","link":"https:\/\/sistemosklaipeda.com\/et\/toode\/flashlube-gaasiventiili-kaitserasv-1l\/","title":{"rendered":"FLASHLUBE gaasiventiili kaitserasv 1L"},"content":{"rendered":"<p>VENTIILI M\u00c4\u00c4RDE\u00d5LI VENTIILI S\u00c4\u00c4STEV VEDELIK<\/p>\n<p>&#8220;Flashlube Valve Saver\" on kontsentreeritud plii asenduslisand, mis on m\u00f5eldud bensiini-, LPG- ja CNG-mootoritega s\u00f5idukite ventiilide istmete kulumise v\u00e4hendamiseks.<br \/>\nSee t\u00f5estatud koostis sisaldab ka lisaaine kombinatsioone, mis puhastavad k\u00fctusepihustid ja k\u00fctuses\u00fcsteemid, millel on positiivne m\u00f5ju k\u00fctuses\u00e4\u00e4stule ja v\u00e4hendavad kahjulikke heitkoguseid.<br \/>\n\u00d5li puhastab ja \u00f5litab silindri \u00fclemist osa, luues kaitsva kihi klapi ja klapipesa vahele, tagades klappide ja istmete jahutamise.<br \/>\nP\u00f5lemis\u00f5li lihtsustab mootori k\u00e4ivitamist, hoiab s\u00fc\u00fctek\u00fc\u00fcnlad ja p\u00f5lemiskambri ala puhtana, jahutab ja \u00f5litab s\u00fc\u00fctek\u00fc\u00fcnlad ja p\u00f5lemiskambri ala, mist\u00f5ttu mootor kestab kauem ja t\u00f6\u00f6tab sujuvamalt.<\/p>\n<p>1 liiter kestab umbes 10 000 km.<\/p>\n<p>Kasu:<br \/>\nKaitseb ventiile ja klapipesasid.<br \/>\nPuhastab pihustid ja k\u00fctuses\u00fcsteemid.<br \/>\nSee avaldab positiivset m\u00f5ju k\u00fctuses\u00e4\u00e4stule.<br \/>\nV\u00e4hendab kahjulike ainete heitkoguseid.<\/p>\n","protected":false},"excerpt":{"rendered":"<p>Gaasiklapi kaitserasv FLASHLUBE 1l<\/p>\n","protected":false},"featured_media":15061,"template":"","meta":[],"product_brand":[],"product_cat":[241],"product_tag":[225,242],"class_list":{"0":"post-16691","1":"product","2":"type-product","3":"status-publish","4":"has-post-thumbnail","6":"product_cat-rasv","7":"product_tag-flashlube-et","8":"product_tag-rasv","10":"first","11":"instock","12":"taxable","13":"shipping-taxable","14":"purchasable","15":"product-type-simple"},"yoast_head":"<!-- This site is optimized with the Yoast SEO plugin v27.0 - https:\/\/yoast.com\/product\/yoast-seo-wordpress\/ -->\n<title>FLASHLUBE gaasiventiili kaitserasv 1L - Sistemos Klaip\u0117da<\/title>\n<meta name=\"robots\" content=\"index, follow, max-snippet:-1, max-image-preview:large, max-video-preview:-1\" \/>\n<link rel=\"canonical\" href=\"https:\/\/sistemosklaipeda.com\/et\/toode\/flashlube-gaasiventiili-kaitserasv-1l\/\" \/>\n<meta property=\"og:locale\" content=\"et_EE\" \/>\n<meta property=\"og:type\" content=\"article\" \/>\n<meta property=\"og:title\" content=\"FLASHLUBE gaasiventiili kaitserasv 1L - Sistemos Klaip\u0117da\" \/>\n<meta property=\"og:description\" content=\"Gaasiklapi kaitserasv FLASHLUBE 1l\" \/>\n<meta property=\"og:url\" content=\"https:\/\/sistemosklaipeda.com\/et\/toode\/flashlube-gaasiventiili-kaitserasv-1l\/\" \/>\n<meta property=\"og:site_name\" content=\"Sistemos Klaip\u0117da\" \/>\n<meta property=\"article:publisher\" content=\"https:\/\/www.facebook.com\/SistemosKlp\" \/>\n<meta property=\"article:modified_time\" content=\"2025-04-04T13:47:08+00:00\" \/>\n<meta property=\"og:image\" content=\"https:\/\/sistemosklaipeda.com\/wp-content\/uploads\/2024\/05\/207.png\" \/>\n\t<meta property=\"og:image:width\" content=\"776\" \/>\n\t<meta property=\"og:image:height\" content=\"800\" \/>\n\t<meta property=\"og:image:type\" content=\"image\/png\" \/>\n<meta name=\"twitter:card\" content=\"summary_large_image\" \/>\n<meta name=\"twitter:label1\" content=\"Est. reading time\" \/>\n\t<meta name=\"twitter:data1\" content=\"1 minut\" \/>\n<script type=\"application\/ld+json\" class=\"yoast-schema-graph\">{\"@context\":\"https:\/\/schema.org\",\"@graph\":[{\"@type\":\"WebPage\",\"@id\":\"https:\/\/sistemosklaipeda.com\/et\/toode\/flashlube-gaasiventiili-kaitserasv-1l\/\",\"url\":\"https:\/\/sistemosklaipeda.com\/et\/toode\/flashlube-gaasiventiili-kaitserasv-1l\/\",\"name\":\"FLASHLUBE gaasiventiili kaitserasv 1L - Sistemos Klaip\u0117da\",\"isPartOf\":{\"@id\":\"https:\/\/sistemosklaipeda.com\/et\/#website\"},\"primaryImageOfPage\":{\"@id\":\"https:\/\/sistemosklaipeda.com\/et\/toode\/flashlube-gaasiventiili-kaitserasv-1l\/#primaryimage\"},\"image\":{\"@id\":\"https:\/\/sistemosklaipeda.com\/et\/toode\/flashlube-gaasiventiili-kaitserasv-1l\/#primaryimage\"},\"thumbnailUrl\":\"https:\/\/sistemosklaipeda.com\/wp-content\/uploads\/2024\/05\/207.png\",\"datePublished\":\"2025-01-07T14:54:33+00:00\",\"dateModified\":\"2025-04-04T13:47:08+00:00\",\"breadcrumb\":{\"@id\":\"https:\/\/sistemosklaipeda.com\/et\/toode\/flashlube-gaasiventiili-kaitserasv-1l\/#breadcrumb\"},\"inLanguage\":\"et\",\"potentialAction\":[{\"@type\":\"ReadAction\",\"target\":[\"https:\/\/sistemosklaipeda.com\/et\/toode\/flashlube-gaasiventiili-kaitserasv-1l\/\"]}]},{\"@type\":\"ImageObject\",\"inLanguage\":\"et\",\"@id\":\"https:\/\/sistemosklaipeda.com\/et\/toode\/flashlube-gaasiventiili-kaitserasv-1l\/#primaryimage\",\"url\":\"https:\/\/sistemosklaipeda.com\/wp-content\/uploads\/2024\/05\/207.png\",\"contentUrl\":\"https:\/\/sistemosklaipeda.com\/wp-content\/uploads\/2024\/05\/207.png\",\"width\":776,\"height\":800,\"caption\":\"FLASHLUBE duj\u0173 vo\u017etuvo apsauginis tepalas 1L\"},{\"@type\":\"BreadcrumbList\",\"@id\":\"https:\/\/sistemosklaipeda.com\/et\/toode\/flashlube-gaasiventiili-kaitserasv-1l\/#breadcrumb\",\"itemListElement\":[{\"@type\":\"ListItem\",\"position\":1,\"name\":\"Prad\u017eia\",\"item\":\"https:\/\/sistemosklaipeda.com\/et\/kauplus\/\"},{\"@type\":\"ListItem\",\"position\":2,\"name\":\"Kauplus\",\"item\":\"https:\/\/sistemosklaipeda.com\/et\/kauplus\/\"},{\"@type\":\"ListItem\",\"position\":3,\"name\":\"FLASHLUBE gaasiventiili kaitserasv 1L\"}]},{\"@type\":\"WebSite\",\"@id\":\"https:\/\/sistemosklaipeda.com\/et\/#website\",\"url\":\"https:\/\/sistemosklaipeda.com\/et\/\",\"name\":\"Sistemos Klaip\u0117da\",\"description\":\"Kokybi\u0161ka duj\u0173 \u012franga ir jos komponentai, kabliai ir priedai\",\"publisher\":{\"@id\":\"https:\/\/sistemosklaipeda.com\/et\/#organization\"},\"potentialAction\":[{\"@type\":\"SearchAction\",\"target\":{\"@type\":\"EntryPoint\",\"urlTemplate\":\"https:\/\/sistemosklaipeda.com\/et\/?s={search_term_string}\"},\"query-input\":{\"@type\":\"PropertyValueSpecification\",\"valueRequired\":true,\"valueName\":\"search_term_string\"}}],\"inLanguage\":\"et\"},{\"@type\":\"Organization\",\"@id\":\"https:\/\/sistemosklaipeda.com\/et\/#organization\",\"name\":\"Sistemos Klaip\u0117da\",\"alternateName\":\"Sistemos\",\"url\":\"https:\/\/sistemosklaipeda.com\/et\/\",\"logo\":{\"@type\":\"ImageObject\",\"inLanguage\":\"et\",\"@id\":\"https:\/\/sistemosklaipeda.com\/et\/#\/schema\/logo\/image\/\",\"url\":\"https:\/\/sistemosklaipeda.com\/wp-content\/uploads\/2023\/09\/sistemos-logo-cropperd-e1695968047774.png\",\"contentUrl\":\"https:\/\/sistemosklaipeda.com\/wp-content\/uploads\/2023\/09\/sistemos-logo-cropperd-e1695968047774.png\",\"width\":401,\"height\":206,\"caption\":\"Sistemos Klaip\u0117da\"},\"image\":{\"@id\":\"https:\/\/sistemosklaipeda.com\/et\/#\/schema\/logo\/image\/\"},\"sameAs\":[\"https:\/\/www.facebook.com\/SistemosKlp\",\"https:\/\/www.instagram.com\/sistemosklaipeda\/\"]}]}<\/script>\n<!-- \/ Yoast SEO plugin. -->","yoast_head_json":{"title":"FLASHLUBE gaasiventiili kaitserasv 1L - Sistemos Klaip\u0117da","robots":{"index":"index","follow":"follow","max-snippet":"max-snippet:-1","max-image-preview":"max-image-preview:large","max-video-preview":"max-video-preview:-1"},"canonical":"https:\/\/sistemosklaipeda.com\/et\/toode\/flashlube-gaasiventiili-kaitserasv-1l\/","og_locale":"et_EE","og_type":"article","og_title":"FLASHLUBE gaasiventiili kaitserasv 1L - Sistemos Klaip\u0117da","og_description":"Gaasiklapi kaitserasv FLASHLUBE 1l","og_url":"https:\/\/sistemosklaipeda.com\/et\/toode\/flashlube-gaasiventiili-kaitserasv-1l\/","og_site_name":"Sistemos Klaip\u0117da","article_publisher":"https:\/\/www.facebook.com\/SistemosKlp","article_modified_time":"2025-04-04T13:47:08+00:00","og_image":[{"width":776,"height":800,"url":"https:\/\/sistemosklaipeda.com\/wp-content\/uploads\/2024\/05\/207.png","type":"image\/png"}],"twitter_card":"summary_large_image","twitter_misc":{"Est. reading time":"1 minut"},"schema":{"@context":"https:\/\/schema.org","@graph":[{"@type":"WebPage","@id":"https:\/\/sistemosklaipeda.com\/et\/toode\/flashlube-gaasiventiili-kaitserasv-1l\/","url":"https:\/\/sistemosklaipeda.com\/et\/toode\/flashlube-gaasiventiili-kaitserasv-1l\/","name":"FLASHLUBE gaasiventiili kaitserasv 1L - Sistemos Klaip\u0117da","isPartOf":{"@id":"https:\/\/sistemosklaipeda.com\/et\/#website"},"primaryImageOfPage":{"@id":"https:\/\/sistemosklaipeda.com\/et\/toode\/flashlube-gaasiventiili-kaitserasv-1l\/#primaryimage"},"image":{"@id":"https:\/\/sistemosklaipeda.com\/et\/toode\/flashlube-gaasiventiili-kaitserasv-1l\/#primaryimage"},"thumbnailUrl":"https:\/\/sistemosklaipeda.com\/wp-content\/uploads\/2024\/05\/207.png","datePublished":"2025-01-07T14:54:33+00:00","dateModified":"2025-04-04T13:47:08+00:00","breadcrumb":{"@id":"https:\/\/sistemosklaipeda.com\/et\/toode\/flashlube-gaasiventiili-kaitserasv-1l\/#breadcrumb"},"inLanguage":"et","potentialAction":[{"@type":"ReadAction","target":["https:\/\/sistemosklaipeda.com\/et\/toode\/flashlube-gaasiventiili-kaitserasv-1l\/"]}]},{"@type":"ImageObject","inLanguage":"et","@id":"https:\/\/sistemosklaipeda.com\/et\/toode\/flashlube-gaasiventiili-kaitserasv-1l\/#primaryimage","url":"https:\/\/sistemosklaipeda.com\/wp-content\/uploads\/2024\/05\/207.png","contentUrl":"https:\/\/sistemosklaipeda.com\/wp-content\/uploads\/2024\/05\/207.png","width":776,"height":800,"caption":"FLASHLUBE duj\u0173 vo\u017etuvo apsauginis tepalas 1L"},{"@type":"BreadcrumbList","@id":"https:\/\/sistemosklaipeda.com\/et\/toode\/flashlube-gaasiventiili-kaitserasv-1l\/#breadcrumb","itemListElement":[{"@type":"ListItem","position":1,"name":"Prad\u017eia","item":"https:\/\/sistemosklaipeda.com\/et\/kauplus\/"},{"@type":"ListItem","position":2,"name":"Kauplus","item":"https:\/\/sistemosklaipeda.com\/et\/kauplus\/"},{"@type":"ListItem","position":3,"name":"FLASHLUBE gaasiventiili kaitserasv 1L"}]},{"@type":"WebSite","@id":"https:\/\/sistemosklaipeda.com\/et\/#website","url":"https:\/\/sistemosklaipeda.com\/et\/","name":"Sistemos Klaip\u0117da","description":"Kokybi\u0161ka duj\u0173 \u012franga ir jos komponentai, kabliai ir priedai","publisher":{"@id":"https:\/\/sistemosklaipeda.com\/et\/#organization"},"potentialAction":[{"@type":"SearchAction","target":{"@type":"EntryPoint","urlTemplate":"https:\/\/sistemosklaipeda.com\/et\/?s={search_term_string}"},"query-input":{"@type":"PropertyValueSpecification","valueRequired":true,"valueName":"search_term_string"}}],"inLanguage":"et"},{"@type":"Organization","@id":"https:\/\/sistemosklaipeda.com\/et\/#organization","name":"Sistemos Klaip\u0117da","alternateName":"Sistemos","url":"https:\/\/sistemosklaipeda.com\/et\/","logo":{"@type":"ImageObject","inLanguage":"et","@id":"https:\/\/sistemosklaipeda.com\/et\/#\/schema\/logo\/image\/","url":"https:\/\/sistemosklaipeda.com\/wp-content\/uploads\/2023\/09\/sistemos-logo-cropperd-e1695968047774.png","contentUrl":"https:\/\/sistemosklaipeda.com\/wp-content\/uploads\/2023\/09\/sistemos-logo-cropperd-e1695968047774.png","width":401,"height":206,"caption":"Sistemos Klaip\u0117da"},"image":{"@id":"https:\/\/sistemosklaipeda.com\/et\/#\/schema\/logo\/image\/"},"sameAs":["https:\/\/www.facebook.com\/SistemosKlp","https:\/\/www.instagram.com\/sistemosklaipeda\/"]}]}},"_links":{"self":[{"href":"https:\/\/sistemosklaipeda.com\/et\/wp-json\/wp\/v2\/product\/16691","targetHints":{"allow":["GET"]}}],"collection":[{"href":"https:\/\/sistemosklaipeda.com\/et\/wp-json\/wp\/v2\/product"}],"about":[{"href":"https:\/\/sistemosklaipeda.com\/et\/wp-json\/wp\/v2\/types\/product"}],"wp:featuredmedia":[{"embeddable":true,"href":"https:\/\/sistemosklaipeda.com\/et\/wp-json\/wp\/v2\/media\/15061"}],"wp:attachment":[{"href":"https:\/\/sistemosklaipeda.com\/et\/wp-json\/wp\/v2\/media?parent=16691"}],"wp:term":[{"taxonomy":"product_brand","embeddable":true,"href":"https:\/\/sistemosklaipeda.com\/et\/wp-json\/wp\/v2\/product_brand?post=16691"},{"taxonomy":"product_cat","embeddable":true,"href":"https:\/\/sistemosklaipeda.com\/et\/wp-json\/wp\/v2\/product_cat?post=16691"},{"taxonomy":"product_tag","embeddable":true,"href":"https:\/\/sistemosklaipeda.com\/et\/wp-json\/wp\/v2\/product_tag?post=16691"}],"curies":[{"name":"wp","href":"https:\/\/api.w.org\/{rel}","templated":true}]}}