{"id":16684,"date":"2019-10-12T04:30:57","date_gmt":"2025-01-07T14:54:25","guid":{"rendered":"https:\/\/sistemosklaipeda.com\/product\/flashlube-gaasiventiili-kaitsev-maarde-500-ml\/"},"modified":"2025-01-07T14:54:25","modified_gmt":"2025-01-07T14:54:25","slug":"flashlube-gaasiventiili-kaitsev-maarde-500-ml","status":"publish","type":"product","link":"https:\/\/sistemosklaipeda.com\/et\/toode\/flashlube-gaasiventiili-kaitsev-maarde-500-ml\/","title":{"rendered":"FLASHLUBE gaasiventiili kaitsev m\u00e4\u00e4rde 500 ml"},"content":{"rendered":"<p>ALYVA VALVE SAVER FLUID Valve Saver Fluid Flashlube Valve Saver Fluid on kontsentreeritud plii asenduslisand, mis on m\u00f5eldud bensiini-, LPG- ja CNG-mootoritega s\u00f5idukite ventiilide istmete kulumise v\u00e4hendamiseks. See j\u00e4releproovitud koostis sisaldab ka lisaaine kombinatsioone, mis puhastavad k\u00fctuses\u00fcstikuid ja k\u00fctuses\u00fcsteeme ning avaldavad positiivset m\u00f5ju k\u00fctuses\u00e4\u00e4stule ja v\u00e4hendavad kahjulike ainete heitkoguseid. \u00d5li puhastab ja \u00f5litab silindri \u00fclemist osa, luues kaitsva kihi ventiili ja ventiili istme vahele, tagades ventiili ja istme jahutamise. P\u00f5lemis\u00f5li muudab mootori k\u00e4ivitamise lihtsamaks, hoiab s\u00fc\u00fctek\u00fc\u00fcnlad ja p\u00f5lemiskambri puhtana, jahutab ja \u00f5litab s\u00fc\u00fctek\u00fc\u00fcnlaid ja p\u00f5lemiskambri ala, mille tulemuseks on pikem mootori eluiga ja sujuvam t\u00f6\u00f6. 1 liiter kestab umbes 10 000 km.<\/p>\n<p>Kasu: Kaitseb ventiile ja klapipesasid. Puhastab injektorid ja k\u00fctuses\u00fcsteemid. See avaldab positiivset m\u00f5ju k\u00fctuses\u00e4\u00e4stule. V\u00e4hendab kahjulike ainete heitkoguseid.<\/p>\n","protected":false},"excerpt":{"rendered":"<p>FLASHLUBE gaasiventiili kaitsev m\u00e4\u00e4rde 500 ml<\/p>\n","protected":false},"featured_media":15055,"template":"","meta":[],"product_brand":[],"product_cat":[241],"product_tag":[225,242],"class_list":{"0":"post-16684","1":"product","2":"type-product","3":"status-publish","4":"has-post-thumbnail","6":"product_cat-rasv","7":"product_tag-flashlube-et","8":"product_tag-rasv","10":"first","11":"instock","12":"taxable","13":"shipping-taxable","14":"purchasable","15":"product-type-simple"},"yoast_head":"<!-- This site is optimized with the Yoast SEO plugin v27.0 - https:\/\/yoast.com\/product\/yoast-seo-wordpress\/ -->\n<title>FLASHLUBE gaasiventiili kaitsev m\u00e4\u00e4rde 500 ml - Sistemos Klaip\u0117da<\/title>\n<meta name=\"robots\" content=\"index, follow, max-snippet:-1, max-image-preview:large, max-video-preview:-1\" \/>\n<link rel=\"canonical\" href=\"https:\/\/sistemosklaipeda.com\/et\/toode\/flashlube-gaasiventiili-kaitsev-maarde-500-ml\/\" \/>\n<meta property=\"og:locale\" content=\"et_EE\" \/>\n<meta property=\"og:type\" content=\"article\" \/>\n<meta property=\"og:title\" content=\"FLASHLUBE gaasiventiili kaitsev m\u00e4\u00e4rde 500 ml - Sistemos Klaip\u0117da\" \/>\n<meta property=\"og:description\" content=\"FLASHLUBE gaasiventiili kaitsev m\u00e4\u00e4rde 500 ml\" \/>\n<meta property=\"og:url\" content=\"https:\/\/sistemosklaipeda.com\/et\/toode\/flashlube-gaasiventiili-kaitsev-maarde-500-ml\/\" \/>\n<meta property=\"og:site_name\" content=\"Sistemos Klaip\u0117da\" \/>\n<meta property=\"article:publisher\" content=\"https:\/\/www.facebook.com\/SistemosKlp\" \/>\n<meta name=\"twitter:card\" content=\"summary_large_image\" \/>\n<meta name=\"twitter:label1\" content=\"Est. reading time\" \/>\n\t<meta name=\"twitter:data1\" content=\"1 minut\" \/>\n<script type=\"application\/ld+json\" class=\"yoast-schema-graph\">{\"@context\":\"https:\/\/schema.org\",\"@graph\":[{\"@type\":\"WebPage\",\"@id\":\"https:\/\/sistemosklaipeda.com\/et\/toode\/flashlube-gaasiventiili-kaitsev-maarde-500-ml\/\",\"url\":\"https:\/\/sistemosklaipeda.com\/et\/toode\/flashlube-gaasiventiili-kaitsev-maarde-500-ml\/\",\"name\":\"FLASHLUBE gaasiventiili kaitsev m\u00e4\u00e4rde 500 ml - Sistemos Klaip\u0117da\",\"isPartOf\":{\"@id\":\"https:\/\/sistemosklaipeda.com\/et\/#website\"},\"primaryImageOfPage\":{\"@id\":\"https:\/\/sistemosklaipeda.com\/et\/toode\/flashlube-gaasiventiili-kaitsev-maarde-500-ml\/#primaryimage\"},\"image\":{\"@id\":\"https:\/\/sistemosklaipeda.com\/et\/toode\/flashlube-gaasiventiili-kaitsev-maarde-500-ml\/#primaryimage\"},\"thumbnailUrl\":\"https:\/\/sistemosklaipeda.com\/wp-content\/uploads\/2024\/05\/210.png\",\"datePublished\":\"2025-01-07T14:54:25+00:00\",\"breadcrumb\":{\"@id\":\"https:\/\/sistemosklaipeda.com\/et\/toode\/flashlube-gaasiventiili-kaitsev-maarde-500-ml\/#breadcrumb\"},\"inLanguage\":\"et\",\"potentialAction\":[{\"@type\":\"ReadAction\",\"target\":[\"https:\/\/sistemosklaipeda.com\/et\/toode\/flashlube-gaasiventiili-kaitsev-maarde-500-ml\/\"]}]},{\"@type\":\"ImageObject\",\"inLanguage\":\"et\",\"@id\":\"https:\/\/sistemosklaipeda.com\/et\/toode\/flashlube-gaasiventiili-kaitsev-maarde-500-ml\/#primaryimage\",\"url\":\"https:\/\/sistemosklaipeda.com\/wp-content\/uploads\/2024\/05\/210.png\",\"contentUrl\":\"https:\/\/sistemosklaipeda.com\/wp-content\/uploads\/2024\/05\/210.png\",\"width\":776,\"height\":800,\"caption\":\"FLASHLUBE duj\u0173 vo\u017etuvo apsauginis tepalas 500 ml\"},{\"@type\":\"BreadcrumbList\",\"@id\":\"https:\/\/sistemosklaipeda.com\/et\/toode\/flashlube-gaasiventiili-kaitsev-maarde-500-ml\/#breadcrumb\",\"itemListElement\":[{\"@type\":\"ListItem\",\"position\":1,\"name\":\"Prad\u017eia\",\"item\":\"https:\/\/sistemosklaipeda.com\/et\/kauplus\/\"},{\"@type\":\"ListItem\",\"position\":2,\"name\":\"Kauplus\",\"item\":\"https:\/\/sistemosklaipeda.com\/et\/kauplus\/\"},{\"@type\":\"ListItem\",\"position\":3,\"name\":\"FLASHLUBE gaasiventiili kaitsev m\u00e4\u00e4rde 500 ml\"}]},{\"@type\":\"WebSite\",\"@id\":\"https:\/\/sistemosklaipeda.com\/et\/#website\",\"url\":\"https:\/\/sistemosklaipeda.com\/et\/\",\"name\":\"Sistemos Klaip\u0117da\",\"description\":\"Kokybi\u0161ka duj\u0173 \u012franga ir jos komponentai, kabliai ir priedai\",\"publisher\":{\"@id\":\"https:\/\/sistemosklaipeda.com\/et\/#organization\"},\"potentialAction\":[{\"@type\":\"SearchAction\",\"target\":{\"@type\":\"EntryPoint\",\"urlTemplate\":\"https:\/\/sistemosklaipeda.com\/et\/?s={search_term_string}\"},\"query-input\":{\"@type\":\"PropertyValueSpecification\",\"valueRequired\":true,\"valueName\":\"search_term_string\"}}],\"inLanguage\":\"et\"},{\"@type\":\"Organization\",\"@id\":\"https:\/\/sistemosklaipeda.com\/et\/#organization\",\"name\":\"Sistemos Klaip\u0117da\",\"alternateName\":\"Sistemos\",\"url\":\"https:\/\/sistemosklaipeda.com\/et\/\",\"logo\":{\"@type\":\"ImageObject\",\"inLanguage\":\"et\",\"@id\":\"https:\/\/sistemosklaipeda.com\/et\/#\/schema\/logo\/image\/\",\"url\":\"https:\/\/sistemosklaipeda.com\/wp-content\/uploads\/2023\/09\/sistemos-logo-cropperd-e1695968047774.png\",\"contentUrl\":\"https:\/\/sistemosklaipeda.com\/wp-content\/uploads\/2023\/09\/sistemos-logo-cropperd-e1695968047774.png\",\"width\":401,\"height\":206,\"caption\":\"Sistemos Klaip\u0117da\"},\"image\":{\"@id\":\"https:\/\/sistemosklaipeda.com\/et\/#\/schema\/logo\/image\/\"},\"sameAs\":[\"https:\/\/www.facebook.com\/SistemosKlp\",\"https:\/\/www.instagram.com\/sistemosklaipeda\/\"]}]}<\/script>\n<!-- \/ Yoast SEO plugin. -->","yoast_head_json":{"title":"FLASHLUBE gaasiventiili kaitsev m\u00e4\u00e4rde 500 ml - Sistemos Klaip\u0117da","robots":{"index":"index","follow":"follow","max-snippet":"max-snippet:-1","max-image-preview":"max-image-preview:large","max-video-preview":"max-video-preview:-1"},"canonical":"https:\/\/sistemosklaipeda.com\/et\/toode\/flashlube-gaasiventiili-kaitsev-maarde-500-ml\/","og_locale":"et_EE","og_type":"article","og_title":"FLASHLUBE gaasiventiili kaitsev m\u00e4\u00e4rde 500 ml - Sistemos Klaip\u0117da","og_description":"FLASHLUBE gaasiventiili kaitsev m\u00e4\u00e4rde 500 ml","og_url":"https:\/\/sistemosklaipeda.com\/et\/toode\/flashlube-gaasiventiili-kaitsev-maarde-500-ml\/","og_site_name":"Sistemos Klaip\u0117da","article_publisher":"https:\/\/www.facebook.com\/SistemosKlp","twitter_card":"summary_large_image","twitter_misc":{"Est. reading time":"1 minut"},"schema":{"@context":"https:\/\/schema.org","@graph":[{"@type":"WebPage","@id":"https:\/\/sistemosklaipeda.com\/et\/toode\/flashlube-gaasiventiili-kaitsev-maarde-500-ml\/","url":"https:\/\/sistemosklaipeda.com\/et\/toode\/flashlube-gaasiventiili-kaitsev-maarde-500-ml\/","name":"FLASHLUBE gaasiventiili kaitsev m\u00e4\u00e4rde 500 ml - Sistemos Klaip\u0117da","isPartOf":{"@id":"https:\/\/sistemosklaipeda.com\/et\/#website"},"primaryImageOfPage":{"@id":"https:\/\/sistemosklaipeda.com\/et\/toode\/flashlube-gaasiventiili-kaitsev-maarde-500-ml\/#primaryimage"},"image":{"@id":"https:\/\/sistemosklaipeda.com\/et\/toode\/flashlube-gaasiventiili-kaitsev-maarde-500-ml\/#primaryimage"},"thumbnailUrl":"https:\/\/sistemosklaipeda.com\/wp-content\/uploads\/2024\/05\/210.png","datePublished":"2025-01-07T14:54:25+00:00","breadcrumb":{"@id":"https:\/\/sistemosklaipeda.com\/et\/toode\/flashlube-gaasiventiili-kaitsev-maarde-500-ml\/#breadcrumb"},"inLanguage":"et","potentialAction":[{"@type":"ReadAction","target":["https:\/\/sistemosklaipeda.com\/et\/toode\/flashlube-gaasiventiili-kaitsev-maarde-500-ml\/"]}]},{"@type":"ImageObject","inLanguage":"et","@id":"https:\/\/sistemosklaipeda.com\/et\/toode\/flashlube-gaasiventiili-kaitsev-maarde-500-ml\/#primaryimage","url":"https:\/\/sistemosklaipeda.com\/wp-content\/uploads\/2024\/05\/210.png","contentUrl":"https:\/\/sistemosklaipeda.com\/wp-content\/uploads\/2024\/05\/210.png","width":776,"height":800,"caption":"FLASHLUBE duj\u0173 vo\u017etuvo apsauginis tepalas 500 ml"},{"@type":"BreadcrumbList","@id":"https:\/\/sistemosklaipeda.com\/et\/toode\/flashlube-gaasiventiili-kaitsev-maarde-500-ml\/#breadcrumb","itemListElement":[{"@type":"ListItem","position":1,"name":"Prad\u017eia","item":"https:\/\/sistemosklaipeda.com\/et\/kauplus\/"},{"@type":"ListItem","position":2,"name":"Kauplus","item":"https:\/\/sistemosklaipeda.com\/et\/kauplus\/"},{"@type":"ListItem","position":3,"name":"FLASHLUBE gaasiventiili kaitsev m\u00e4\u00e4rde 500 ml"}]},{"@type":"WebSite","@id":"https:\/\/sistemosklaipeda.com\/et\/#website","url":"https:\/\/sistemosklaipeda.com\/et\/","name":"Sistemos Klaip\u0117da","description":"Kokybi\u0161ka duj\u0173 \u012franga ir jos komponentai, kabliai ir priedai","publisher":{"@id":"https:\/\/sistemosklaipeda.com\/et\/#organization"},"potentialAction":[{"@type":"SearchAction","target":{"@type":"EntryPoint","urlTemplate":"https:\/\/sistemosklaipeda.com\/et\/?s={search_term_string}"},"query-input":{"@type":"PropertyValueSpecification","valueRequired":true,"valueName":"search_term_string"}}],"inLanguage":"et"},{"@type":"Organization","@id":"https:\/\/sistemosklaipeda.com\/et\/#organization","name":"Sistemos Klaip\u0117da","alternateName":"Sistemos","url":"https:\/\/sistemosklaipeda.com\/et\/","logo":{"@type":"ImageObject","inLanguage":"et","@id":"https:\/\/sistemosklaipeda.com\/et\/#\/schema\/logo\/image\/","url":"https:\/\/sistemosklaipeda.com\/wp-content\/uploads\/2023\/09\/sistemos-logo-cropperd-e1695968047774.png","contentUrl":"https:\/\/sistemosklaipeda.com\/wp-content\/uploads\/2023\/09\/sistemos-logo-cropperd-e1695968047774.png","width":401,"height":206,"caption":"Sistemos Klaip\u0117da"},"image":{"@id":"https:\/\/sistemosklaipeda.com\/et\/#\/schema\/logo\/image\/"},"sameAs":["https:\/\/www.facebook.com\/SistemosKlp","https:\/\/www.instagram.com\/sistemosklaipeda\/"]}]}},"_links":{"self":[{"href":"https:\/\/sistemosklaipeda.com\/et\/wp-json\/wp\/v2\/product\/16684","targetHints":{"allow":["GET"]}}],"collection":[{"href":"https:\/\/sistemosklaipeda.com\/et\/wp-json\/wp\/v2\/product"}],"about":[{"href":"https:\/\/sistemosklaipeda.com\/et\/wp-json\/wp\/v2\/types\/product"}],"wp:featuredmedia":[{"embeddable":true,"href":"https:\/\/sistemosklaipeda.com\/et\/wp-json\/wp\/v2\/media\/15055"}],"wp:attachment":[{"href":"https:\/\/sistemosklaipeda.com\/et\/wp-json\/wp\/v2\/media?parent=16684"}],"wp:term":[{"taxonomy":"product_brand","embeddable":true,"href":"https:\/\/sistemosklaipeda.com\/et\/wp-json\/wp\/v2\/product_brand?post=16684"},{"taxonomy":"product_cat","embeddable":true,"href":"https:\/\/sistemosklaipeda.com\/et\/wp-json\/wp\/v2\/product_cat?post=16684"},{"taxonomy":"product_tag","embeddable":true,"href":"https:\/\/sistemosklaipeda.com\/et\/wp-json\/wp\/v2\/product_tag?post=16684"}],"curies":[{"name":"wp","href":"https:\/\/api.w.org\/{rel}","templated":true}]}}