{"id":16677,"date":"2019-11-15T13:24:39","date_gmt":"2019-11-15T13:24:39","guid":{"rendered":"https:\/\/sistemosklaipeda.com\/product\/gaasiseadmete-otsik-hana-h2001\/"},"modified":"2025-01-07T14:52:50","modified_gmt":"2025-01-07T14:52:50","slug":"gaasiseadmete-otsik-hana-h2001","status":"publish","type":"product","link":"https:\/\/sistemosklaipeda.com\/et\/toode\/gaasiseadmete-otsik-hana-h2001\/","title":{"rendered":"Gaasiseadmete otsik HANA H2001"},"content":{"rendered":"<p>HANA H2001, punane, 1-silindriline versioon, r\u00f6\u00f6biti v\u00f5i adapteriga paigaldatav, pihusti pakub t\u00e4nu oma lihtsale ja t\u00f5estatud konstruktsioonile suurt vastupidavust veeldatud naftagaasi saasteainetele. Pihusti on ette n\u00e4htud autode seeriaviisiliseks kasutamiseks. Veeldatud naftagaasi sissepritses\u00fcsteemid.<\/p>\n<p>Tehnilised andmed: Maksimaalne kasutegur: 39 hj\/ts\u00fckkel M\u00e4hise takistus: 1,9 oomi Pinge: 12V DC Avamisaeg: 2,0 ms Sulgemisaeg: 1,2 ms Maksimaalne t\u00f6\u00f6r\u00f5hk: 4,0 bar Sisselaske\u00fchendus: 6 mm Pistik: Superseal \/ Valtek T\u00f6\u00f6temperatuur: -40 \u00f7 120\u00b0C.  <\/p>\n","protected":false},"excerpt":{"rendered":"<p>Gaasiseadmete otsik HANA H2001<\/p>\n","protected":false},"featured_media":17680,"template":"","meta":[],"product_brand":[],"product_cat":[199],"product_tag":[226,233],"class_list":{"0":"post-16677","1":"product","2":"type-product","3":"status-publish","4":"has-post-thumbnail","6":"product_cat-gaasipihustid","7":"product_tag-hana-et","8":"product_tag-pihustid","10":"first","11":"instock","12":"taxable","13":"shipping-taxable","14":"purchasable","15":"product-type-simple"},"yoast_head":"<!-- This site is optimized with the Yoast SEO plugin v27.0 - https:\/\/yoast.com\/product\/yoast-seo-wordpress\/ -->\n<title>Gaasiseadmete otsik HANA H2001<\/title>\n<meta name=\"robots\" content=\"index, follow, max-snippet:-1, max-image-preview:large, max-video-preview:-1\" \/>\n<link rel=\"canonical\" href=\"https:\/\/sistemosklaipeda.com\/et\/toode\/gaasiseadmete-otsik-hana-h2001\/\" \/>\n<meta property=\"og:locale\" content=\"et_EE\" \/>\n<meta property=\"og:type\" content=\"article\" \/>\n<meta property=\"og:title\" content=\"Gaasiseadmete otsik HANA H2001\" \/>\n<meta property=\"og:description\" content=\"Gaasiseadmete otsik HANA H2001\" \/>\n<meta property=\"og:url\" content=\"https:\/\/sistemosklaipeda.com\/et\/toode\/gaasiseadmete-otsik-hana-h2001\/\" \/>\n<meta property=\"og:site_name\" content=\"Sistemos Klaip\u0117da\" \/>\n<meta property=\"article:publisher\" content=\"https:\/\/www.facebook.com\/SistemosKlp\" \/>\n<meta property=\"article:modified_time\" content=\"2025-01-07T14:52:50+00:00\" \/>\n<meta property=\"og:image\" content=\"https:\/\/sistemosklaipeda.com\/wp-content\/uploads\/2024\/05\/1124.png?v=1719405652\" \/>\n\t<meta property=\"og:image:width\" content=\"776\" \/>\n\t<meta property=\"og:image:height\" content=\"800\" \/>\n\t<meta property=\"og:image:type\" content=\"image\/png\" \/>\n<meta name=\"twitter:card\" content=\"summary_large_image\" \/>\n<script type=\"application\/ld+json\" class=\"yoast-schema-graph\">{\"@context\":\"https:\/\/schema.org\",\"@graph\":[{\"@type\":\"WebPage\",\"@id\":\"https:\/\/sistemosklaipeda.com\/et\/toode\/gaasiseadmete-otsik-hana-h2001\/\",\"url\":\"https:\/\/sistemosklaipeda.com\/et\/toode\/gaasiseadmete-otsik-hana-h2001\/\",\"name\":\"Gaasiseadmete otsik HANA H2001\",\"isPartOf\":{\"@id\":\"https:\/\/sistemosklaipeda.com\/et\/#website\"},\"primaryImageOfPage\":{\"@id\":\"https:\/\/sistemosklaipeda.com\/et\/toode\/gaasiseadmete-otsik-hana-h2001\/#primaryimage\"},\"image\":{\"@id\":\"https:\/\/sistemosklaipeda.com\/et\/toode\/gaasiseadmete-otsik-hana-h2001\/#primaryimage\"},\"thumbnailUrl\":\"https:\/\/sistemosklaipeda.com\/wp-content\/uploads\/2019\/11\/Purkstukas-HANA-RED-H2001.jpg\",\"datePublished\":\"2019-11-15T13:24:39+00:00\",\"dateModified\":\"2025-01-07T14:52:50+00:00\",\"breadcrumb\":{\"@id\":\"https:\/\/sistemosklaipeda.com\/et\/toode\/gaasiseadmete-otsik-hana-h2001\/#breadcrumb\"},\"inLanguage\":\"et\",\"potentialAction\":[{\"@type\":\"ReadAction\",\"target\":[\"https:\/\/sistemosklaipeda.com\/et\/toode\/gaasiseadmete-otsik-hana-h2001\/\"]}]},{\"@type\":\"ImageObject\",\"inLanguage\":\"et\",\"@id\":\"https:\/\/sistemosklaipeda.com\/et\/toode\/gaasiseadmete-otsik-hana-h2001\/#primaryimage\",\"url\":\"https:\/\/sistemosklaipeda.com\/wp-content\/uploads\/2019\/11\/Purkstukas-HANA-RED-H2001.jpg\",\"contentUrl\":\"https:\/\/sistemosklaipeda.com\/wp-content\/uploads\/2019\/11\/Purkstukas-HANA-RED-H2001.jpg\",\"width\":603,\"height\":800,\"caption\":\"Purkstukas-HANA-RED-H2001\"},{\"@type\":\"BreadcrumbList\",\"@id\":\"https:\/\/sistemosklaipeda.com\/et\/toode\/gaasiseadmete-otsik-hana-h2001\/#breadcrumb\",\"itemListElement\":[{\"@type\":\"ListItem\",\"position\":1,\"name\":\"Prad\u017eia\",\"item\":\"https:\/\/sistemosklaipeda.com\/et\/kauplus\/\"},{\"@type\":\"ListItem\",\"position\":2,\"name\":\"Kauplus\",\"item\":\"https:\/\/sistemosklaipeda.com\/et\/kauplus\/\"},{\"@type\":\"ListItem\",\"position\":3,\"name\":\"Gaasiseadmete otsik HANA H2001\"}]},{\"@type\":\"WebSite\",\"@id\":\"https:\/\/sistemosklaipeda.com\/et\/#website\",\"url\":\"https:\/\/sistemosklaipeda.com\/et\/\",\"name\":\"Sistemos Klaip\u0117da\",\"description\":\"Kokybi\u0161ka duj\u0173 \u012franga ir jos komponentai, kabliai ir priedai\",\"publisher\":{\"@id\":\"https:\/\/sistemosklaipeda.com\/et\/#organization\"},\"potentialAction\":[{\"@type\":\"SearchAction\",\"target\":{\"@type\":\"EntryPoint\",\"urlTemplate\":\"https:\/\/sistemosklaipeda.com\/et\/?s={search_term_string}\"},\"query-input\":{\"@type\":\"PropertyValueSpecification\",\"valueRequired\":true,\"valueName\":\"search_term_string\"}}],\"inLanguage\":\"et\"},{\"@type\":\"Organization\",\"@id\":\"https:\/\/sistemosklaipeda.com\/et\/#organization\",\"name\":\"Sistemos Klaip\u0117da\",\"alternateName\":\"Sistemos\",\"url\":\"https:\/\/sistemosklaipeda.com\/et\/\",\"logo\":{\"@type\":\"ImageObject\",\"inLanguage\":\"et\",\"@id\":\"https:\/\/sistemosklaipeda.com\/et\/#\/schema\/logo\/image\/\",\"url\":\"https:\/\/sistemosklaipeda.com\/wp-content\/uploads\/2023\/09\/sistemos-logo-cropperd-e1695968047774.png\",\"contentUrl\":\"https:\/\/sistemosklaipeda.com\/wp-content\/uploads\/2023\/09\/sistemos-logo-cropperd-e1695968047774.png\",\"width\":401,\"height\":206,\"caption\":\"Sistemos Klaip\u0117da\"},\"image\":{\"@id\":\"https:\/\/sistemosklaipeda.com\/et\/#\/schema\/logo\/image\/\"},\"sameAs\":[\"https:\/\/www.facebook.com\/SistemosKlp\",\"https:\/\/www.instagram.com\/sistemosklaipeda\/\"]}]}<\/script>\n<!-- \/ Yoast SEO plugin. -->","yoast_head_json":{"title":"Gaasiseadmete otsik HANA H2001","robots":{"index":"index","follow":"follow","max-snippet":"max-snippet:-1","max-image-preview":"max-image-preview:large","max-video-preview":"max-video-preview:-1"},"canonical":"https:\/\/sistemosklaipeda.com\/et\/toode\/gaasiseadmete-otsik-hana-h2001\/","og_locale":"et_EE","og_type":"article","og_title":"Gaasiseadmete otsik HANA H2001","og_description":"Gaasiseadmete otsik HANA H2001","og_url":"https:\/\/sistemosklaipeda.com\/et\/toode\/gaasiseadmete-otsik-hana-h2001\/","og_site_name":"Sistemos Klaip\u0117da","article_publisher":"https:\/\/www.facebook.com\/SistemosKlp","article_modified_time":"2025-01-07T14:52:50+00:00","og_image":[{"width":776,"height":800,"url":"https:\/\/sistemosklaipeda.com\/wp-content\/uploads\/2024\/05\/1124.png?v=1719405652","type":"image\/png"}],"twitter_card":"summary_large_image","schema":{"@context":"https:\/\/schema.org","@graph":[{"@type":"WebPage","@id":"https:\/\/sistemosklaipeda.com\/et\/toode\/gaasiseadmete-otsik-hana-h2001\/","url":"https:\/\/sistemosklaipeda.com\/et\/toode\/gaasiseadmete-otsik-hana-h2001\/","name":"Gaasiseadmete otsik HANA H2001","isPartOf":{"@id":"https:\/\/sistemosklaipeda.com\/et\/#website"},"primaryImageOfPage":{"@id":"https:\/\/sistemosklaipeda.com\/et\/toode\/gaasiseadmete-otsik-hana-h2001\/#primaryimage"},"image":{"@id":"https:\/\/sistemosklaipeda.com\/et\/toode\/gaasiseadmete-otsik-hana-h2001\/#primaryimage"},"thumbnailUrl":"https:\/\/sistemosklaipeda.com\/wp-content\/uploads\/2019\/11\/Purkstukas-HANA-RED-H2001.jpg","datePublished":"2019-11-15T13:24:39+00:00","dateModified":"2025-01-07T14:52:50+00:00","breadcrumb":{"@id":"https:\/\/sistemosklaipeda.com\/et\/toode\/gaasiseadmete-otsik-hana-h2001\/#breadcrumb"},"inLanguage":"et","potentialAction":[{"@type":"ReadAction","target":["https:\/\/sistemosklaipeda.com\/et\/toode\/gaasiseadmete-otsik-hana-h2001\/"]}]},{"@type":"ImageObject","inLanguage":"et","@id":"https:\/\/sistemosklaipeda.com\/et\/toode\/gaasiseadmete-otsik-hana-h2001\/#primaryimage","url":"https:\/\/sistemosklaipeda.com\/wp-content\/uploads\/2019\/11\/Purkstukas-HANA-RED-H2001.jpg","contentUrl":"https:\/\/sistemosklaipeda.com\/wp-content\/uploads\/2019\/11\/Purkstukas-HANA-RED-H2001.jpg","width":603,"height":800,"caption":"Purkstukas-HANA-RED-H2001"},{"@type":"BreadcrumbList","@id":"https:\/\/sistemosklaipeda.com\/et\/toode\/gaasiseadmete-otsik-hana-h2001\/#breadcrumb","itemListElement":[{"@type":"ListItem","position":1,"name":"Prad\u017eia","item":"https:\/\/sistemosklaipeda.com\/et\/kauplus\/"},{"@type":"ListItem","position":2,"name":"Kauplus","item":"https:\/\/sistemosklaipeda.com\/et\/kauplus\/"},{"@type":"ListItem","position":3,"name":"Gaasiseadmete otsik HANA H2001"}]},{"@type":"WebSite","@id":"https:\/\/sistemosklaipeda.com\/et\/#website","url":"https:\/\/sistemosklaipeda.com\/et\/","name":"Sistemos Klaip\u0117da","description":"Kokybi\u0161ka duj\u0173 \u012franga ir jos komponentai, kabliai ir priedai","publisher":{"@id":"https:\/\/sistemosklaipeda.com\/et\/#organization"},"potentialAction":[{"@type":"SearchAction","target":{"@type":"EntryPoint","urlTemplate":"https:\/\/sistemosklaipeda.com\/et\/?s={search_term_string}"},"query-input":{"@type":"PropertyValueSpecification","valueRequired":true,"valueName":"search_term_string"}}],"inLanguage":"et"},{"@type":"Organization","@id":"https:\/\/sistemosklaipeda.com\/et\/#organization","name":"Sistemos Klaip\u0117da","alternateName":"Sistemos","url":"https:\/\/sistemosklaipeda.com\/et\/","logo":{"@type":"ImageObject","inLanguage":"et","@id":"https:\/\/sistemosklaipeda.com\/et\/#\/schema\/logo\/image\/","url":"https:\/\/sistemosklaipeda.com\/wp-content\/uploads\/2023\/09\/sistemos-logo-cropperd-e1695968047774.png","contentUrl":"https:\/\/sistemosklaipeda.com\/wp-content\/uploads\/2023\/09\/sistemos-logo-cropperd-e1695968047774.png","width":401,"height":206,"caption":"Sistemos Klaip\u0117da"},"image":{"@id":"https:\/\/sistemosklaipeda.com\/et\/#\/schema\/logo\/image\/"},"sameAs":["https:\/\/www.facebook.com\/SistemosKlp","https:\/\/www.instagram.com\/sistemosklaipeda\/"]}]}},"_links":{"self":[{"href":"https:\/\/sistemosklaipeda.com\/et\/wp-json\/wp\/v2\/product\/16677","targetHints":{"allow":["GET"]}}],"collection":[{"href":"https:\/\/sistemosklaipeda.com\/et\/wp-json\/wp\/v2\/product"}],"about":[{"href":"https:\/\/sistemosklaipeda.com\/et\/wp-json\/wp\/v2\/types\/product"}],"wp:featuredmedia":[{"embeddable":true,"href":"https:\/\/sistemosklaipeda.com\/et\/wp-json\/wp\/v2\/media\/17680"}],"wp:attachment":[{"href":"https:\/\/sistemosklaipeda.com\/et\/wp-json\/wp\/v2\/media?parent=16677"}],"wp:term":[{"taxonomy":"product_brand","embeddable":true,"href":"https:\/\/sistemosklaipeda.com\/et\/wp-json\/wp\/v2\/product_brand?post=16677"},{"taxonomy":"product_cat","embeddable":true,"href":"https:\/\/sistemosklaipeda.com\/et\/wp-json\/wp\/v2\/product_cat?post=16677"},{"taxonomy":"product_tag","embeddable":true,"href":"https:\/\/sistemosklaipeda.com\/et\/wp-json\/wp\/v2\/product_tag?post=16677"}],"curies":[{"name":"wp","href":"https:\/\/api.w.org\/{rel}","templated":true}]}}