{"id":16669,"date":"2019-10-12T09:43:21","date_gmt":"2025-01-07T14:52:43","guid":{"rendered":"https:\/\/sistemosklaipeda.com\/product\/multi-vakuumipuhasti-tomasetto-valine-180-0\/"},"modified":"2025-01-07T14:52:43","modified_gmt":"2025-01-07T14:52:43","slug":"multi-vakuumipuhasti-tomasetto-valine-180-0","status":"publish","type":"product","link":"https:\/\/sistemosklaipeda.com\/et\/toode\/multi-vakuumipuhasti-tomasetto-valine-180-0\/","title":{"rendered":"Multi-vakuumipuhasti TOMASETTO (v\u00e4line) 180\/0"},"content":{"rendered":"<p>Toroidaalsete v\u00e4lismahutite multiventiil paigaldatakse 180-190 mm k\u00f5rgusele varuratta kohale. Avamise kalle 0 kraadi.<\/p>\n<p>Tehnilised andmed: Sisselasketoru l\u00e4bim\u00f5\u00f5t (tankimine): 8 mm (G1\/4) V\u00e4ljalasketoru l\u00e4bim\u00f5\u00f5t (kuni reduktorini): 6 mm (M10X1) M\u00e4hise pinge: 12V DC M\u00e4hise v\u00f5imsus: 11W Automaatne tankimise v\u00e4ljal\u00fclitus:<\/p>\n<p>80% Tankimine: 18 l\/min 10 baari r\u00f5hu juures Komplektis: v\u00e4line tomasetto multiventiil - 180\/0 - 190\/0 multiventiili korpus elektrikaabli komplekti tarvikud (t\u00fcnnid, mutrid, poldid) <\/p>\n","protected":false},"excerpt":{"rendered":"<p><span style=\"font-size: 14pt;color: #000000\">Mitmek\u00fclgne k\u00f6\u00f6giviljakoristusmasin TOMASETTO v\u00e4line 180\/0<\/span><\/p>\n","protected":false},"featured_media":15187,"template":"","meta":[],"product_brand":[],"product_cat":[205],"product_tag":[231,237],"class_list":{"0":"post-16669","1":"product","2":"type-product","3":"status-publish","4":"has-post-thumbnail","6":"product_cat-multiklapp","7":"product_tag-multiklapp","8":"product_tag-tomasetto-et","10":"first","11":"instock","12":"taxable","13":"shipping-taxable","14":"purchasable","15":"product-type-simple"},"yoast_head":"<!-- This site is optimized with the Yoast SEO plugin v27.0 - https:\/\/yoast.com\/product\/yoast-seo-wordpress\/ -->\n<title>Multi-vakuumipuhasti TOMASETTO (v\u00e4line) 180\/0 - Sistemos Klaip\u0117da<\/title>\n<meta name=\"robots\" content=\"index, follow, max-snippet:-1, max-image-preview:large, max-video-preview:-1\" \/>\n<link rel=\"canonical\" href=\"https:\/\/sistemosklaipeda.com\/et\/toode\/multi-vakuumipuhasti-tomasetto-valine-180-0\/\" \/>\n<meta property=\"og:locale\" content=\"et_EE\" \/>\n<meta property=\"og:type\" content=\"article\" \/>\n<meta property=\"og:title\" content=\"Multi-vakuumipuhasti TOMASETTO (v\u00e4line) 180\/0 - Sistemos Klaip\u0117da\" \/>\n<meta property=\"og:description\" content=\"Mitmek\u00fclgne k\u00f6\u00f6giviljakoristusmasin TOMASETTO v\u00e4line 180\/0\" \/>\n<meta property=\"og:url\" content=\"https:\/\/sistemosklaipeda.com\/et\/toode\/multi-vakuumipuhasti-tomasetto-valine-180-0\/\" \/>\n<meta property=\"og:site_name\" content=\"Sistemos Klaip\u0117da\" \/>\n<meta property=\"article:publisher\" content=\"https:\/\/www.facebook.com\/SistemosKlp\" \/>\n<meta name=\"twitter:card\" content=\"summary_large_image\" \/>\n<script type=\"application\/ld+json\" class=\"yoast-schema-graph\">{\"@context\":\"https:\/\/schema.org\",\"@graph\":[{\"@type\":\"WebPage\",\"@id\":\"https:\/\/sistemosklaipeda.com\/et\/toode\/multi-vakuumipuhasti-tomasetto-valine-180-0\/\",\"url\":\"https:\/\/sistemosklaipeda.com\/et\/toode\/multi-vakuumipuhasti-tomasetto-valine-180-0\/\",\"name\":\"Multi-vakuumipuhasti TOMASETTO (v\u00e4line) 180\/0 - Sistemos Klaip\u0117da\",\"isPartOf\":{\"@id\":\"https:\/\/sistemosklaipeda.com\/et\/#website\"},\"primaryImageOfPage\":{\"@id\":\"https:\/\/sistemosklaipeda.com\/et\/toode\/multi-vakuumipuhasti-tomasetto-valine-180-0\/#primaryimage\"},\"image\":{\"@id\":\"https:\/\/sistemosklaipeda.com\/et\/toode\/multi-vakuumipuhasti-tomasetto-valine-180-0\/#primaryimage\"},\"thumbnailUrl\":\"https:\/\/sistemosklaipeda.com\/wp-content\/uploads\/2024\/05\/1215.png\",\"datePublished\":\"2025-01-07T14:52:43+00:00\",\"breadcrumb\":{\"@id\":\"https:\/\/sistemosklaipeda.com\/et\/toode\/multi-vakuumipuhasti-tomasetto-valine-180-0\/#breadcrumb\"},\"inLanguage\":\"et\",\"potentialAction\":[{\"@type\":\"ReadAction\",\"target\":[\"https:\/\/sistemosklaipeda.com\/et\/toode\/multi-vakuumipuhasti-tomasetto-valine-180-0\/\"]}]},{\"@type\":\"ImageObject\",\"inLanguage\":\"et\",\"@id\":\"https:\/\/sistemosklaipeda.com\/et\/toode\/multi-vakuumipuhasti-tomasetto-valine-180-0\/#primaryimage\",\"url\":\"https:\/\/sistemosklaipeda.com\/wp-content\/uploads\/2024\/05\/1215.png\",\"contentUrl\":\"https:\/\/sistemosklaipeda.com\/wp-content\/uploads\/2024\/05\/1215.png\",\"width\":776,\"height\":800,\"caption\":\"Multivo\u017etuvas TOMASETTO (i\u0161orinis) 180\/0\"},{\"@type\":\"BreadcrumbList\",\"@id\":\"https:\/\/sistemosklaipeda.com\/et\/toode\/multi-vakuumipuhasti-tomasetto-valine-180-0\/#breadcrumb\",\"itemListElement\":[{\"@type\":\"ListItem\",\"position\":1,\"name\":\"Prad\u017eia\",\"item\":\"https:\/\/sistemosklaipeda.com\/et\/kauplus\/\"},{\"@type\":\"ListItem\",\"position\":2,\"name\":\"Kauplus\",\"item\":\"https:\/\/sistemosklaipeda.com\/et\/kauplus\/\"},{\"@type\":\"ListItem\",\"position\":3,\"name\":\"Multi-vakuumipuhasti TOMASETTO (v\u00e4line) 180\/0\"}]},{\"@type\":\"WebSite\",\"@id\":\"https:\/\/sistemosklaipeda.com\/et\/#website\",\"url\":\"https:\/\/sistemosklaipeda.com\/et\/\",\"name\":\"Sistemos Klaip\u0117da\",\"description\":\"Kokybi\u0161ka duj\u0173 \u012franga ir jos komponentai, kabliai ir priedai\",\"publisher\":{\"@id\":\"https:\/\/sistemosklaipeda.com\/et\/#organization\"},\"potentialAction\":[{\"@type\":\"SearchAction\",\"target\":{\"@type\":\"EntryPoint\",\"urlTemplate\":\"https:\/\/sistemosklaipeda.com\/et\/?s={search_term_string}\"},\"query-input\":{\"@type\":\"PropertyValueSpecification\",\"valueRequired\":true,\"valueName\":\"search_term_string\"}}],\"inLanguage\":\"et\"},{\"@type\":\"Organization\",\"@id\":\"https:\/\/sistemosklaipeda.com\/et\/#organization\",\"name\":\"Sistemos Klaip\u0117da\",\"alternateName\":\"Sistemos\",\"url\":\"https:\/\/sistemosklaipeda.com\/et\/\",\"logo\":{\"@type\":\"ImageObject\",\"inLanguage\":\"et\",\"@id\":\"https:\/\/sistemosklaipeda.com\/et\/#\/schema\/logo\/image\/\",\"url\":\"https:\/\/sistemosklaipeda.com\/wp-content\/uploads\/2023\/09\/sistemos-logo-cropperd-e1695968047774.png\",\"contentUrl\":\"https:\/\/sistemosklaipeda.com\/wp-content\/uploads\/2023\/09\/sistemos-logo-cropperd-e1695968047774.png\",\"width\":401,\"height\":206,\"caption\":\"Sistemos Klaip\u0117da\"},\"image\":{\"@id\":\"https:\/\/sistemosklaipeda.com\/et\/#\/schema\/logo\/image\/\"},\"sameAs\":[\"https:\/\/www.facebook.com\/SistemosKlp\",\"https:\/\/www.instagram.com\/sistemosklaipeda\/\"]}]}<\/script>\n<!-- \/ Yoast SEO plugin. -->","yoast_head_json":{"title":"Multi-vakuumipuhasti TOMASETTO (v\u00e4line) 180\/0 - Sistemos Klaip\u0117da","robots":{"index":"index","follow":"follow","max-snippet":"max-snippet:-1","max-image-preview":"max-image-preview:large","max-video-preview":"max-video-preview:-1"},"canonical":"https:\/\/sistemosklaipeda.com\/et\/toode\/multi-vakuumipuhasti-tomasetto-valine-180-0\/","og_locale":"et_EE","og_type":"article","og_title":"Multi-vakuumipuhasti TOMASETTO (v\u00e4line) 180\/0 - Sistemos Klaip\u0117da","og_description":"Mitmek\u00fclgne k\u00f6\u00f6giviljakoristusmasin TOMASETTO v\u00e4line 180\/0","og_url":"https:\/\/sistemosklaipeda.com\/et\/toode\/multi-vakuumipuhasti-tomasetto-valine-180-0\/","og_site_name":"Sistemos Klaip\u0117da","article_publisher":"https:\/\/www.facebook.com\/SistemosKlp","twitter_card":"summary_large_image","schema":{"@context":"https:\/\/schema.org","@graph":[{"@type":"WebPage","@id":"https:\/\/sistemosklaipeda.com\/et\/toode\/multi-vakuumipuhasti-tomasetto-valine-180-0\/","url":"https:\/\/sistemosklaipeda.com\/et\/toode\/multi-vakuumipuhasti-tomasetto-valine-180-0\/","name":"Multi-vakuumipuhasti TOMASETTO (v\u00e4line) 180\/0 - Sistemos Klaip\u0117da","isPartOf":{"@id":"https:\/\/sistemosklaipeda.com\/et\/#website"},"primaryImageOfPage":{"@id":"https:\/\/sistemosklaipeda.com\/et\/toode\/multi-vakuumipuhasti-tomasetto-valine-180-0\/#primaryimage"},"image":{"@id":"https:\/\/sistemosklaipeda.com\/et\/toode\/multi-vakuumipuhasti-tomasetto-valine-180-0\/#primaryimage"},"thumbnailUrl":"https:\/\/sistemosklaipeda.com\/wp-content\/uploads\/2024\/05\/1215.png","datePublished":"2025-01-07T14:52:43+00:00","breadcrumb":{"@id":"https:\/\/sistemosklaipeda.com\/et\/toode\/multi-vakuumipuhasti-tomasetto-valine-180-0\/#breadcrumb"},"inLanguage":"et","potentialAction":[{"@type":"ReadAction","target":["https:\/\/sistemosklaipeda.com\/et\/toode\/multi-vakuumipuhasti-tomasetto-valine-180-0\/"]}]},{"@type":"ImageObject","inLanguage":"et","@id":"https:\/\/sistemosklaipeda.com\/et\/toode\/multi-vakuumipuhasti-tomasetto-valine-180-0\/#primaryimage","url":"https:\/\/sistemosklaipeda.com\/wp-content\/uploads\/2024\/05\/1215.png","contentUrl":"https:\/\/sistemosklaipeda.com\/wp-content\/uploads\/2024\/05\/1215.png","width":776,"height":800,"caption":"Multivo\u017etuvas TOMASETTO (i\u0161orinis) 180\/0"},{"@type":"BreadcrumbList","@id":"https:\/\/sistemosklaipeda.com\/et\/toode\/multi-vakuumipuhasti-tomasetto-valine-180-0\/#breadcrumb","itemListElement":[{"@type":"ListItem","position":1,"name":"Prad\u017eia","item":"https:\/\/sistemosklaipeda.com\/et\/kauplus\/"},{"@type":"ListItem","position":2,"name":"Kauplus","item":"https:\/\/sistemosklaipeda.com\/et\/kauplus\/"},{"@type":"ListItem","position":3,"name":"Multi-vakuumipuhasti TOMASETTO (v\u00e4line) 180\/0"}]},{"@type":"WebSite","@id":"https:\/\/sistemosklaipeda.com\/et\/#website","url":"https:\/\/sistemosklaipeda.com\/et\/","name":"Sistemos Klaip\u0117da","description":"Kokybi\u0161ka duj\u0173 \u012franga ir jos komponentai, kabliai ir priedai","publisher":{"@id":"https:\/\/sistemosklaipeda.com\/et\/#organization"},"potentialAction":[{"@type":"SearchAction","target":{"@type":"EntryPoint","urlTemplate":"https:\/\/sistemosklaipeda.com\/et\/?s={search_term_string}"},"query-input":{"@type":"PropertyValueSpecification","valueRequired":true,"valueName":"search_term_string"}}],"inLanguage":"et"},{"@type":"Organization","@id":"https:\/\/sistemosklaipeda.com\/et\/#organization","name":"Sistemos Klaip\u0117da","alternateName":"Sistemos","url":"https:\/\/sistemosklaipeda.com\/et\/","logo":{"@type":"ImageObject","inLanguage":"et","@id":"https:\/\/sistemosklaipeda.com\/et\/#\/schema\/logo\/image\/","url":"https:\/\/sistemosklaipeda.com\/wp-content\/uploads\/2023\/09\/sistemos-logo-cropperd-e1695968047774.png","contentUrl":"https:\/\/sistemosklaipeda.com\/wp-content\/uploads\/2023\/09\/sistemos-logo-cropperd-e1695968047774.png","width":401,"height":206,"caption":"Sistemos Klaip\u0117da"},"image":{"@id":"https:\/\/sistemosklaipeda.com\/et\/#\/schema\/logo\/image\/"},"sameAs":["https:\/\/www.facebook.com\/SistemosKlp","https:\/\/www.instagram.com\/sistemosklaipeda\/"]}]}},"_links":{"self":[{"href":"https:\/\/sistemosklaipeda.com\/et\/wp-json\/wp\/v2\/product\/16669","targetHints":{"allow":["GET"]}}],"collection":[{"href":"https:\/\/sistemosklaipeda.com\/et\/wp-json\/wp\/v2\/product"}],"about":[{"href":"https:\/\/sistemosklaipeda.com\/et\/wp-json\/wp\/v2\/types\/product"}],"wp:featuredmedia":[{"embeddable":true,"href":"https:\/\/sistemosklaipeda.com\/et\/wp-json\/wp\/v2\/media\/15187"}],"wp:attachment":[{"href":"https:\/\/sistemosklaipeda.com\/et\/wp-json\/wp\/v2\/media?parent=16669"}],"wp:term":[{"taxonomy":"product_brand","embeddable":true,"href":"https:\/\/sistemosklaipeda.com\/et\/wp-json\/wp\/v2\/product_brand?post=16669"},{"taxonomy":"product_cat","embeddable":true,"href":"https:\/\/sistemosklaipeda.com\/et\/wp-json\/wp\/v2\/product_cat?post=16669"},{"taxonomy":"product_tag","embeddable":true,"href":"https:\/\/sistemosklaipeda.com\/et\/wp-json\/wp\/v2\/product_tag?post=16669"}],"curies":[{"name":"wp","href":"https:\/\/api.w.org\/{rel}","templated":true}]}}