{"id":16668,"date":"2019-10-12T09:11:38","date_gmt":"2025-01-07T14:52:43","guid":{"rendered":"https:\/\/sistemosklaipeda.com\/product\/flashlube-tilkventiili-maarimissusteem\/"},"modified":"2025-01-07T14:52:43","modified_gmt":"2025-01-07T14:52:43","slug":"flashlube-tilkventiili-maarimissusteem","status":"publish","type":"product","link":"https:\/\/sistemosklaipeda.com\/et\/toode\/flashlube-tilkventiili-maarimissusteem\/","title":{"rendered":"FLASHLUBE tilkventiili m\u00e4\u00e4rimiss\u00fcsteem"},"content":{"rendered":"<p>FLASH LUBE VENTIILIS\u00c4\u00c4STLIKU KIT KASUTAMISEKS Flashlube Valve Saver Kit on lihtne viis viia Flashlube&#8217;i ventiilis\u00e4\u00e4stevedelik k\u00fctuses\u00fcsteemi, et kaitsta ventiile ja hoida silindrite \u00fclaosa jahedana, puhtana ja m\u00e4\u00e4ritudena. K\u00f5ik vajalikud komponendid on kaasas lihtsaks paigaldamiseks. M\u00e4\u00e4rde\u00f5li on kontsentreeritud lisand, mis on m\u00f5eldud v\u00e4hendama klapipesade kulumist bensiini-, LPG- ja CNG-s\u00f5idukites. See j\u00e4releproovitud koostis sisaldab ka lisaaine kombinatsiooni, mis puhastab k\u00fctuses\u00fcstikuid ja k\u00fctuses\u00fcsteeme ning avaldab positiivset m\u00f5ju k\u00fctuses\u00e4\u00e4stule ja v\u00e4hendab kahjulikke heitkoguseid.<\/p>\n<p>Kasu: Kaitseb ventiile ja klapipesasid. Puhastab injektorid ja k\u00fctuses\u00fcsteemid. See avaldab positiivset m\u00f5ju k\u00fctuses\u00e4\u00e4stule. V\u00e4hendab kahjulike ainete heitkoguseid.<\/p>\n","protected":false},"excerpt":{"rendered":"<p>FLASHLUBE tilkventiili m\u00e4\u00e4rimiss\u00fcsteem<\/p>\n","protected":false},"featured_media":15067,"template":"","meta":[],"product_brand":[],"product_cat":[211],"product_tag":[225,247],"class_list":{"0":"post-16668","1":"product","2":"type-product","3":"status-publish","4":"has-post-thumbnail","6":"product_cat-klapi-maarimissusteem","7":"product_tag-flashlube-et","8":"product_tag-maardesusteem","10":"first","11":"instock","12":"taxable","13":"shipping-taxable","14":"purchasable","15":"product-type-simple"},"yoast_head":"<!-- This site is optimized with the Yoast SEO plugin v27.0 - https:\/\/yoast.com\/product\/yoast-seo-wordpress\/ -->\n<title>FLASHLUBE tilkventiili m\u00e4\u00e4rimiss\u00fcsteem - Sistemos Klaip\u0117da<\/title>\n<meta name=\"robots\" content=\"index, follow, max-snippet:-1, max-image-preview:large, max-video-preview:-1\" \/>\n<link rel=\"canonical\" href=\"https:\/\/sistemosklaipeda.com\/et\/toode\/flashlube-tilkventiili-maarimissusteem\/\" \/>\n<meta property=\"og:locale\" content=\"et_EE\" \/>\n<meta property=\"og:type\" content=\"article\" \/>\n<meta property=\"og:title\" content=\"FLASHLUBE tilkventiili m\u00e4\u00e4rimiss\u00fcsteem - Sistemos Klaip\u0117da\" \/>\n<meta property=\"og:description\" content=\"FLASHLUBE tilkventiili m\u00e4\u00e4rimiss\u00fcsteem\" \/>\n<meta property=\"og:url\" content=\"https:\/\/sistemosklaipeda.com\/et\/toode\/flashlube-tilkventiili-maarimissusteem\/\" \/>\n<meta property=\"og:site_name\" content=\"Sistemos Klaip\u0117da\" \/>\n<meta property=\"article:publisher\" content=\"https:\/\/www.facebook.com\/SistemosKlp\" \/>\n<meta name=\"twitter:card\" content=\"summary_large_image\" \/>\n<meta name=\"twitter:label1\" content=\"Est. reading time\" \/>\n\t<meta name=\"twitter:data1\" content=\"1 minut\" \/>\n<script type=\"application\/ld+json\" class=\"yoast-schema-graph\">{\"@context\":\"https:\/\/schema.org\",\"@graph\":[{\"@type\":\"WebPage\",\"@id\":\"https:\/\/sistemosklaipeda.com\/et\/toode\/flashlube-tilkventiili-maarimissusteem\/\",\"url\":\"https:\/\/sistemosklaipeda.com\/et\/toode\/flashlube-tilkventiili-maarimissusteem\/\",\"name\":\"FLASHLUBE tilkventiili m\u00e4\u00e4rimiss\u00fcsteem - Sistemos Klaip\u0117da\",\"isPartOf\":{\"@id\":\"https:\/\/sistemosklaipeda.com\/et\/#website\"},\"primaryImageOfPage\":{\"@id\":\"https:\/\/sistemosklaipeda.com\/et\/toode\/flashlube-tilkventiili-maarimissusteem\/#primaryimage\"},\"image\":{\"@id\":\"https:\/\/sistemosklaipeda.com\/et\/toode\/flashlube-tilkventiili-maarimissusteem\/#primaryimage\"},\"thumbnailUrl\":\"https:\/\/sistemosklaipeda.com\/wp-content\/uploads\/2024\/05\/212.png\",\"datePublished\":\"2025-01-07T14:52:43+00:00\",\"breadcrumb\":{\"@id\":\"https:\/\/sistemosklaipeda.com\/et\/toode\/flashlube-tilkventiili-maarimissusteem\/#breadcrumb\"},\"inLanguage\":\"et\",\"potentialAction\":[{\"@type\":\"ReadAction\",\"target\":[\"https:\/\/sistemosklaipeda.com\/et\/toode\/flashlube-tilkventiili-maarimissusteem\/\"]}]},{\"@type\":\"ImageObject\",\"inLanguage\":\"et\",\"@id\":\"https:\/\/sistemosklaipeda.com\/et\/toode\/flashlube-tilkventiili-maarimissusteem\/#primaryimage\",\"url\":\"https:\/\/sistemosklaipeda.com\/wp-content\/uploads\/2024\/05\/212.png\",\"contentUrl\":\"https:\/\/sistemosklaipeda.com\/wp-content\/uploads\/2024\/05\/212.png\",\"width\":776,\"height\":800,\"caption\":\"La\u0161elin\u0117 vo\u017etuv\u0173 tepimo sistema FLASHLUBE\"},{\"@type\":\"BreadcrumbList\",\"@id\":\"https:\/\/sistemosklaipeda.com\/et\/toode\/flashlube-tilkventiili-maarimissusteem\/#breadcrumb\",\"itemListElement\":[{\"@type\":\"ListItem\",\"position\":1,\"name\":\"Prad\u017eia\",\"item\":\"https:\/\/sistemosklaipeda.com\/et\/kauplus\/\"},{\"@type\":\"ListItem\",\"position\":2,\"name\":\"Kauplus\",\"item\":\"https:\/\/sistemosklaipeda.com\/et\/kauplus\/\"},{\"@type\":\"ListItem\",\"position\":3,\"name\":\"FLASHLUBE tilkventiili m\u00e4\u00e4rimiss\u00fcsteem\"}]},{\"@type\":\"WebSite\",\"@id\":\"https:\/\/sistemosklaipeda.com\/et\/#website\",\"url\":\"https:\/\/sistemosklaipeda.com\/et\/\",\"name\":\"Sistemos Klaip\u0117da\",\"description\":\"Kokybi\u0161ka duj\u0173 \u012franga ir jos komponentai, kabliai ir priedai\",\"publisher\":{\"@id\":\"https:\/\/sistemosklaipeda.com\/et\/#organization\"},\"potentialAction\":[{\"@type\":\"SearchAction\",\"target\":{\"@type\":\"EntryPoint\",\"urlTemplate\":\"https:\/\/sistemosklaipeda.com\/et\/?s={search_term_string}\"},\"query-input\":{\"@type\":\"PropertyValueSpecification\",\"valueRequired\":true,\"valueName\":\"search_term_string\"}}],\"inLanguage\":\"et\"},{\"@type\":\"Organization\",\"@id\":\"https:\/\/sistemosklaipeda.com\/et\/#organization\",\"name\":\"Sistemos Klaip\u0117da\",\"alternateName\":\"Sistemos\",\"url\":\"https:\/\/sistemosklaipeda.com\/et\/\",\"logo\":{\"@type\":\"ImageObject\",\"inLanguage\":\"et\",\"@id\":\"https:\/\/sistemosklaipeda.com\/et\/#\/schema\/logo\/image\/\",\"url\":\"https:\/\/sistemosklaipeda.com\/wp-content\/uploads\/2023\/09\/sistemos-logo-cropperd-e1695968047774.png\",\"contentUrl\":\"https:\/\/sistemosklaipeda.com\/wp-content\/uploads\/2023\/09\/sistemos-logo-cropperd-e1695968047774.png\",\"width\":401,\"height\":206,\"caption\":\"Sistemos Klaip\u0117da\"},\"image\":{\"@id\":\"https:\/\/sistemosklaipeda.com\/et\/#\/schema\/logo\/image\/\"},\"sameAs\":[\"https:\/\/www.facebook.com\/SistemosKlp\",\"https:\/\/www.instagram.com\/sistemosklaipeda\/\"]}]}<\/script>\n<!-- \/ Yoast SEO plugin. -->","yoast_head_json":{"title":"FLASHLUBE tilkventiili m\u00e4\u00e4rimiss\u00fcsteem - Sistemos Klaip\u0117da","robots":{"index":"index","follow":"follow","max-snippet":"max-snippet:-1","max-image-preview":"max-image-preview:large","max-video-preview":"max-video-preview:-1"},"canonical":"https:\/\/sistemosklaipeda.com\/et\/toode\/flashlube-tilkventiili-maarimissusteem\/","og_locale":"et_EE","og_type":"article","og_title":"FLASHLUBE tilkventiili m\u00e4\u00e4rimiss\u00fcsteem - Sistemos Klaip\u0117da","og_description":"FLASHLUBE tilkventiili m\u00e4\u00e4rimiss\u00fcsteem","og_url":"https:\/\/sistemosklaipeda.com\/et\/toode\/flashlube-tilkventiili-maarimissusteem\/","og_site_name":"Sistemos Klaip\u0117da","article_publisher":"https:\/\/www.facebook.com\/SistemosKlp","twitter_card":"summary_large_image","twitter_misc":{"Est. reading time":"1 minut"},"schema":{"@context":"https:\/\/schema.org","@graph":[{"@type":"WebPage","@id":"https:\/\/sistemosklaipeda.com\/et\/toode\/flashlube-tilkventiili-maarimissusteem\/","url":"https:\/\/sistemosklaipeda.com\/et\/toode\/flashlube-tilkventiili-maarimissusteem\/","name":"FLASHLUBE tilkventiili m\u00e4\u00e4rimiss\u00fcsteem - Sistemos Klaip\u0117da","isPartOf":{"@id":"https:\/\/sistemosklaipeda.com\/et\/#website"},"primaryImageOfPage":{"@id":"https:\/\/sistemosklaipeda.com\/et\/toode\/flashlube-tilkventiili-maarimissusteem\/#primaryimage"},"image":{"@id":"https:\/\/sistemosklaipeda.com\/et\/toode\/flashlube-tilkventiili-maarimissusteem\/#primaryimage"},"thumbnailUrl":"https:\/\/sistemosklaipeda.com\/wp-content\/uploads\/2024\/05\/212.png","datePublished":"2025-01-07T14:52:43+00:00","breadcrumb":{"@id":"https:\/\/sistemosklaipeda.com\/et\/toode\/flashlube-tilkventiili-maarimissusteem\/#breadcrumb"},"inLanguage":"et","potentialAction":[{"@type":"ReadAction","target":["https:\/\/sistemosklaipeda.com\/et\/toode\/flashlube-tilkventiili-maarimissusteem\/"]}]},{"@type":"ImageObject","inLanguage":"et","@id":"https:\/\/sistemosklaipeda.com\/et\/toode\/flashlube-tilkventiili-maarimissusteem\/#primaryimage","url":"https:\/\/sistemosklaipeda.com\/wp-content\/uploads\/2024\/05\/212.png","contentUrl":"https:\/\/sistemosklaipeda.com\/wp-content\/uploads\/2024\/05\/212.png","width":776,"height":800,"caption":"La\u0161elin\u0117 vo\u017etuv\u0173 tepimo sistema FLASHLUBE"},{"@type":"BreadcrumbList","@id":"https:\/\/sistemosklaipeda.com\/et\/toode\/flashlube-tilkventiili-maarimissusteem\/#breadcrumb","itemListElement":[{"@type":"ListItem","position":1,"name":"Prad\u017eia","item":"https:\/\/sistemosklaipeda.com\/et\/kauplus\/"},{"@type":"ListItem","position":2,"name":"Kauplus","item":"https:\/\/sistemosklaipeda.com\/et\/kauplus\/"},{"@type":"ListItem","position":3,"name":"FLASHLUBE tilkventiili m\u00e4\u00e4rimiss\u00fcsteem"}]},{"@type":"WebSite","@id":"https:\/\/sistemosklaipeda.com\/et\/#website","url":"https:\/\/sistemosklaipeda.com\/et\/","name":"Sistemos Klaip\u0117da","description":"Kokybi\u0161ka duj\u0173 \u012franga ir jos komponentai, kabliai ir priedai","publisher":{"@id":"https:\/\/sistemosklaipeda.com\/et\/#organization"},"potentialAction":[{"@type":"SearchAction","target":{"@type":"EntryPoint","urlTemplate":"https:\/\/sistemosklaipeda.com\/et\/?s={search_term_string}"},"query-input":{"@type":"PropertyValueSpecification","valueRequired":true,"valueName":"search_term_string"}}],"inLanguage":"et"},{"@type":"Organization","@id":"https:\/\/sistemosklaipeda.com\/et\/#organization","name":"Sistemos Klaip\u0117da","alternateName":"Sistemos","url":"https:\/\/sistemosklaipeda.com\/et\/","logo":{"@type":"ImageObject","inLanguage":"et","@id":"https:\/\/sistemosklaipeda.com\/et\/#\/schema\/logo\/image\/","url":"https:\/\/sistemosklaipeda.com\/wp-content\/uploads\/2023\/09\/sistemos-logo-cropperd-e1695968047774.png","contentUrl":"https:\/\/sistemosklaipeda.com\/wp-content\/uploads\/2023\/09\/sistemos-logo-cropperd-e1695968047774.png","width":401,"height":206,"caption":"Sistemos Klaip\u0117da"},"image":{"@id":"https:\/\/sistemosklaipeda.com\/et\/#\/schema\/logo\/image\/"},"sameAs":["https:\/\/www.facebook.com\/SistemosKlp","https:\/\/www.instagram.com\/sistemosklaipeda\/"]}]}},"_links":{"self":[{"href":"https:\/\/sistemosklaipeda.com\/et\/wp-json\/wp\/v2\/product\/16668","targetHints":{"allow":["GET"]}}],"collection":[{"href":"https:\/\/sistemosklaipeda.com\/et\/wp-json\/wp\/v2\/product"}],"about":[{"href":"https:\/\/sistemosklaipeda.com\/et\/wp-json\/wp\/v2\/types\/product"}],"wp:featuredmedia":[{"embeddable":true,"href":"https:\/\/sistemosklaipeda.com\/et\/wp-json\/wp\/v2\/media\/15067"}],"wp:attachment":[{"href":"https:\/\/sistemosklaipeda.com\/et\/wp-json\/wp\/v2\/media?parent=16668"}],"wp:term":[{"taxonomy":"product_brand","embeddable":true,"href":"https:\/\/sistemosklaipeda.com\/et\/wp-json\/wp\/v2\/product_brand?post=16668"},{"taxonomy":"product_cat","embeddable":true,"href":"https:\/\/sistemosklaipeda.com\/et\/wp-json\/wp\/v2\/product_cat?post=16668"},{"taxonomy":"product_tag","embeddable":true,"href":"https:\/\/sistemosklaipeda.com\/et\/wp-json\/wp\/v2\/product_tag?post=16668"}],"curies":[{"name":"wp","href":"https:\/\/api.w.org\/{rel}","templated":true}]}}