{"id":16646,"date":"2020-07-03T05:03:31","date_gmt":"2025-01-07T14:51:58","guid":{"rendered":"https:\/\/sistemosklaipeda.com\/product\/gaasivoolik-fagumit-d12-1m\/"},"modified":"2025-01-07T14:51:58","modified_gmt":"2025-01-07T14:51:58","slug":"gaasivoolik-fagumit-d12-1m","status":"publish","type":"product","link":"https:\/\/sistemosklaipeda.com\/et\/toode\/gaasivoolik-fagumit-d12-1m\/","title":{"rendered":"Gaasivoolik FAGUMIT D12 1m"},"content":{"rendered":"<p>FAGUMIT LPG\/CNG voolik 12 mm on kvaliteetne kaabel, mida kasutatakse autode veeldatud gaasi paigaldamisel, \u00fchendades peamiselt sissepritseraua filtri ja gaasi reduktoriga. Voolik on tugevdatud liitmikega, mis on vastupidav muutuvatele temperatuuridele ja v\u00e4lism\u00f5judele.<\/p>\n<p>Tehnilised andmed: See kehtib veeldatud naftagaasi paigaldiste vaakums\u00fcsteemidele. Maksimaalne t\u00f6\u00f6r\u00f5hk: 12,5 bar T\u00f6\u00f6temperatuurivahemik: -25\u00b0C \u00f7 125\u00b0C Sisediameeter 12 mm. M\u00e4his 1 meetri pikkune. <\/p>\n","protected":false},"excerpt":{"rendered":"<p>Gaasivoolik FAGUMIT D12 1m<\/p>\n","protected":false},"featured_media":15031,"template":"","meta":[],"product_brand":[],"product_cat":[206],"product_tag":[219,245,237],"class_list":{"0":"post-16646","1":"product","2":"type-product","3":"status-publish","4":"has-post-thumbnail","6":"product_cat-manused","7":"product_tag-gaasifilter","8":"product_tag-shark-et","9":"product_tag-tomasetto-et","11":"first","12":"instock","13":"taxable","14":"shipping-taxable","15":"purchasable","16":"product-type-simple"},"yoast_head":"<!-- This site is optimized with the Yoast SEO plugin v27.0 - https:\/\/yoast.com\/product\/yoast-seo-wordpress\/ -->\n<title>Gaasivoolik FAGUMIT D12 1m - Sistemos Klaip\u0117da<\/title>\n<meta name=\"robots\" content=\"index, follow, max-snippet:-1, max-image-preview:large, max-video-preview:-1\" \/>\n<link rel=\"canonical\" href=\"https:\/\/sistemosklaipeda.com\/et\/toode\/gaasivoolik-fagumit-d12-1m\/\" \/>\n<meta property=\"og:locale\" content=\"et_EE\" \/>\n<meta property=\"og:type\" content=\"article\" \/>\n<meta property=\"og:title\" content=\"Gaasivoolik FAGUMIT D12 1m - Sistemos Klaip\u0117da\" \/>\n<meta property=\"og:description\" content=\"Gaasivoolik FAGUMIT D12 1m\" \/>\n<meta property=\"og:url\" content=\"https:\/\/sistemosklaipeda.com\/et\/toode\/gaasivoolik-fagumit-d12-1m\/\" \/>\n<meta property=\"og:site_name\" content=\"Sistemos Klaip\u0117da\" \/>\n<meta property=\"article:publisher\" content=\"https:\/\/www.facebook.com\/SistemosKlp\" \/>\n<meta name=\"twitter:card\" content=\"summary_large_image\" \/>\n<script type=\"application\/ld+json\" class=\"yoast-schema-graph\">{\"@context\":\"https:\/\/schema.org\",\"@graph\":[{\"@type\":\"WebPage\",\"@id\":\"https:\/\/sistemosklaipeda.com\/et\/toode\/gaasivoolik-fagumit-d12-1m\/\",\"url\":\"https:\/\/sistemosklaipeda.com\/et\/toode\/gaasivoolik-fagumit-d12-1m\/\",\"name\":\"Gaasivoolik FAGUMIT D12 1m - Sistemos Klaip\u0117da\",\"isPartOf\":{\"@id\":\"https:\/\/sistemosklaipeda.com\/et\/#website\"},\"primaryImageOfPage\":{\"@id\":\"https:\/\/sistemosklaipeda.com\/et\/toode\/gaasivoolik-fagumit-d12-1m\/#primaryimage\"},\"image\":{\"@id\":\"https:\/\/sistemosklaipeda.com\/et\/toode\/gaasivoolik-fagumit-d12-1m\/#primaryimage\"},\"thumbnailUrl\":\"https:\/\/sistemosklaipeda.com\/wp-content\/uploads\/2024\/05\/649.png\",\"datePublished\":\"2025-01-07T14:51:58+00:00\",\"breadcrumb\":{\"@id\":\"https:\/\/sistemosklaipeda.com\/et\/toode\/gaasivoolik-fagumit-d12-1m\/#breadcrumb\"},\"inLanguage\":\"et\",\"potentialAction\":[{\"@type\":\"ReadAction\",\"target\":[\"https:\/\/sistemosklaipeda.com\/et\/toode\/gaasivoolik-fagumit-d12-1m\/\"]}]},{\"@type\":\"ImageObject\",\"inLanguage\":\"et\",\"@id\":\"https:\/\/sistemosklaipeda.com\/et\/toode\/gaasivoolik-fagumit-d12-1m\/#primaryimage\",\"url\":\"https:\/\/sistemosklaipeda.com\/wp-content\/uploads\/2024\/05\/649.png\",\"contentUrl\":\"https:\/\/sistemosklaipeda.com\/wp-content\/uploads\/2024\/05\/649.png\",\"width\":776,\"height\":800,\"caption\":\"Duj\u0173 \u017earna FAGUMIT D12 1m\"},{\"@type\":\"BreadcrumbList\",\"@id\":\"https:\/\/sistemosklaipeda.com\/et\/toode\/gaasivoolik-fagumit-d12-1m\/#breadcrumb\",\"itemListElement\":[{\"@type\":\"ListItem\",\"position\":1,\"name\":\"Prad\u017eia\",\"item\":\"https:\/\/sistemosklaipeda.com\/et\/kauplus\/\"},{\"@type\":\"ListItem\",\"position\":2,\"name\":\"Kauplus\",\"item\":\"https:\/\/sistemosklaipeda.com\/et\/kauplus\/\"},{\"@type\":\"ListItem\",\"position\":3,\"name\":\"Gaasivoolik FAGUMIT D12 1m\"}]},{\"@type\":\"WebSite\",\"@id\":\"https:\/\/sistemosklaipeda.com\/et\/#website\",\"url\":\"https:\/\/sistemosklaipeda.com\/et\/\",\"name\":\"Sistemos Klaip\u0117da\",\"description\":\"Kokybi\u0161ka duj\u0173 \u012franga ir jos komponentai, kabliai ir priedai\",\"publisher\":{\"@id\":\"https:\/\/sistemosklaipeda.com\/et\/#organization\"},\"potentialAction\":[{\"@type\":\"SearchAction\",\"target\":{\"@type\":\"EntryPoint\",\"urlTemplate\":\"https:\/\/sistemosklaipeda.com\/et\/?s={search_term_string}\"},\"query-input\":{\"@type\":\"PropertyValueSpecification\",\"valueRequired\":true,\"valueName\":\"search_term_string\"}}],\"inLanguage\":\"et\"},{\"@type\":\"Organization\",\"@id\":\"https:\/\/sistemosklaipeda.com\/et\/#organization\",\"name\":\"Sistemos Klaip\u0117da\",\"alternateName\":\"Sistemos\",\"url\":\"https:\/\/sistemosklaipeda.com\/et\/\",\"logo\":{\"@type\":\"ImageObject\",\"inLanguage\":\"et\",\"@id\":\"https:\/\/sistemosklaipeda.com\/et\/#\/schema\/logo\/image\/\",\"url\":\"https:\/\/sistemosklaipeda.com\/wp-content\/uploads\/2023\/09\/sistemos-logo-cropperd-e1695968047774.png\",\"contentUrl\":\"https:\/\/sistemosklaipeda.com\/wp-content\/uploads\/2023\/09\/sistemos-logo-cropperd-e1695968047774.png\",\"width\":401,\"height\":206,\"caption\":\"Sistemos Klaip\u0117da\"},\"image\":{\"@id\":\"https:\/\/sistemosklaipeda.com\/et\/#\/schema\/logo\/image\/\"},\"sameAs\":[\"https:\/\/www.facebook.com\/SistemosKlp\",\"https:\/\/www.instagram.com\/sistemosklaipeda\/\"]}]}<\/script>\n<!-- \/ Yoast SEO plugin. -->","yoast_head_json":{"title":"Gaasivoolik FAGUMIT D12 1m - Sistemos Klaip\u0117da","robots":{"index":"index","follow":"follow","max-snippet":"max-snippet:-1","max-image-preview":"max-image-preview:large","max-video-preview":"max-video-preview:-1"},"canonical":"https:\/\/sistemosklaipeda.com\/et\/toode\/gaasivoolik-fagumit-d12-1m\/","og_locale":"et_EE","og_type":"article","og_title":"Gaasivoolik FAGUMIT D12 1m - Sistemos Klaip\u0117da","og_description":"Gaasivoolik FAGUMIT D12 1m","og_url":"https:\/\/sistemosklaipeda.com\/et\/toode\/gaasivoolik-fagumit-d12-1m\/","og_site_name":"Sistemos Klaip\u0117da","article_publisher":"https:\/\/www.facebook.com\/SistemosKlp","twitter_card":"summary_large_image","schema":{"@context":"https:\/\/schema.org","@graph":[{"@type":"WebPage","@id":"https:\/\/sistemosklaipeda.com\/et\/toode\/gaasivoolik-fagumit-d12-1m\/","url":"https:\/\/sistemosklaipeda.com\/et\/toode\/gaasivoolik-fagumit-d12-1m\/","name":"Gaasivoolik FAGUMIT D12 1m - Sistemos Klaip\u0117da","isPartOf":{"@id":"https:\/\/sistemosklaipeda.com\/et\/#website"},"primaryImageOfPage":{"@id":"https:\/\/sistemosklaipeda.com\/et\/toode\/gaasivoolik-fagumit-d12-1m\/#primaryimage"},"image":{"@id":"https:\/\/sistemosklaipeda.com\/et\/toode\/gaasivoolik-fagumit-d12-1m\/#primaryimage"},"thumbnailUrl":"https:\/\/sistemosklaipeda.com\/wp-content\/uploads\/2024\/05\/649.png","datePublished":"2025-01-07T14:51:58+00:00","breadcrumb":{"@id":"https:\/\/sistemosklaipeda.com\/et\/toode\/gaasivoolik-fagumit-d12-1m\/#breadcrumb"},"inLanguage":"et","potentialAction":[{"@type":"ReadAction","target":["https:\/\/sistemosklaipeda.com\/et\/toode\/gaasivoolik-fagumit-d12-1m\/"]}]},{"@type":"ImageObject","inLanguage":"et","@id":"https:\/\/sistemosklaipeda.com\/et\/toode\/gaasivoolik-fagumit-d12-1m\/#primaryimage","url":"https:\/\/sistemosklaipeda.com\/wp-content\/uploads\/2024\/05\/649.png","contentUrl":"https:\/\/sistemosklaipeda.com\/wp-content\/uploads\/2024\/05\/649.png","width":776,"height":800,"caption":"Duj\u0173 \u017earna FAGUMIT D12 1m"},{"@type":"BreadcrumbList","@id":"https:\/\/sistemosklaipeda.com\/et\/toode\/gaasivoolik-fagumit-d12-1m\/#breadcrumb","itemListElement":[{"@type":"ListItem","position":1,"name":"Prad\u017eia","item":"https:\/\/sistemosklaipeda.com\/et\/kauplus\/"},{"@type":"ListItem","position":2,"name":"Kauplus","item":"https:\/\/sistemosklaipeda.com\/et\/kauplus\/"},{"@type":"ListItem","position":3,"name":"Gaasivoolik FAGUMIT D12 1m"}]},{"@type":"WebSite","@id":"https:\/\/sistemosklaipeda.com\/et\/#website","url":"https:\/\/sistemosklaipeda.com\/et\/","name":"Sistemos Klaip\u0117da","description":"Kokybi\u0161ka duj\u0173 \u012franga ir jos komponentai, kabliai ir priedai","publisher":{"@id":"https:\/\/sistemosklaipeda.com\/et\/#organization"},"potentialAction":[{"@type":"SearchAction","target":{"@type":"EntryPoint","urlTemplate":"https:\/\/sistemosklaipeda.com\/et\/?s={search_term_string}"},"query-input":{"@type":"PropertyValueSpecification","valueRequired":true,"valueName":"search_term_string"}}],"inLanguage":"et"},{"@type":"Organization","@id":"https:\/\/sistemosklaipeda.com\/et\/#organization","name":"Sistemos Klaip\u0117da","alternateName":"Sistemos","url":"https:\/\/sistemosklaipeda.com\/et\/","logo":{"@type":"ImageObject","inLanguage":"et","@id":"https:\/\/sistemosklaipeda.com\/et\/#\/schema\/logo\/image\/","url":"https:\/\/sistemosklaipeda.com\/wp-content\/uploads\/2023\/09\/sistemos-logo-cropperd-e1695968047774.png","contentUrl":"https:\/\/sistemosklaipeda.com\/wp-content\/uploads\/2023\/09\/sistemos-logo-cropperd-e1695968047774.png","width":401,"height":206,"caption":"Sistemos Klaip\u0117da"},"image":{"@id":"https:\/\/sistemosklaipeda.com\/et\/#\/schema\/logo\/image\/"},"sameAs":["https:\/\/www.facebook.com\/SistemosKlp","https:\/\/www.instagram.com\/sistemosklaipeda\/"]}]}},"_links":{"self":[{"href":"https:\/\/sistemosklaipeda.com\/et\/wp-json\/wp\/v2\/product\/16646","targetHints":{"allow":["GET"]}}],"collection":[{"href":"https:\/\/sistemosklaipeda.com\/et\/wp-json\/wp\/v2\/product"}],"about":[{"href":"https:\/\/sistemosklaipeda.com\/et\/wp-json\/wp\/v2\/types\/product"}],"wp:featuredmedia":[{"embeddable":true,"href":"https:\/\/sistemosklaipeda.com\/et\/wp-json\/wp\/v2\/media\/15031"}],"wp:attachment":[{"href":"https:\/\/sistemosklaipeda.com\/et\/wp-json\/wp\/v2\/media?parent=16646"}],"wp:term":[{"taxonomy":"product_brand","embeddable":true,"href":"https:\/\/sistemosklaipeda.com\/et\/wp-json\/wp\/v2\/product_brand?post=16646"},{"taxonomy":"product_cat","embeddable":true,"href":"https:\/\/sistemosklaipeda.com\/et\/wp-json\/wp\/v2\/product_cat?post=16646"},{"taxonomy":"product_tag","embeddable":true,"href":"https:\/\/sistemosklaipeda.com\/et\/wp-json\/wp\/v2\/product_tag?post=16646"}],"curies":[{"name":"wp","href":"https:\/\/api.w.org\/{rel}","templated":true}]}}