{"id":16637,"date":"2020-07-03T05:08:14","date_gmt":"2025-01-07T14:51:54","guid":{"rendered":"https:\/\/sistemosklaipeda.com\/product\/gaasi-reduktor-valtek-palladio-310ag-klapiga-8mm\/"},"modified":"2025-01-07T14:51:54","modified_gmt":"2025-01-07T14:51:54","slug":"gaasi-reduktor-valtek-palladio-310ag-klapiga-8mm","status":"publish","type":"product","link":"https:\/\/sistemosklaipeda.com\/et\/toode\/gaasi-reduktor-valtek-palladio-310ag-klapiga-8mm\/","title":{"rendered":"Gaasi reduktor VALTEK PALLADIO 310AG klapiga 8mm"},"content":{"rendered":"<p>\u00dcheastmeline membraanreduktor VALTEK CPR \/ OMVL DREAM REG on ette n\u00e4htud mootors\u00f5idukite j\u00e4rjestikuse gaasi sissepritse jaoks aurufaasis. Seade v\u00e4hendab paagist voolava veeldatud naftagaasi r\u00f5hku ja p\u00f5hjustab selle sisenemise gaasifaasi (aurufaasi). VALTEK PALLADIO 65.VAP.12 R02 on membraanreduktor, millel on v\u00e4ga t\u00f5hus aurusti, mida kuumutatakse mootori jahutuss\u00fcsteemist p\u00e4rit vedelikuga.<\/p>\n<p>Tehnilised andmed: Reduktori v\u00f5imsus kuni 326 hj Jahutuss\u00fcsteemi voolik: 15 mm Veeldatud gaasi toru: 12 mm Torustik \u00d815 mm Integreeritud veetemperatuuriandur Toitekaabel: D 8,0 mm, M 12\u00d71 Temperatuurivahemik: -20\u00b0C - 120\u00b0C   <\/p>\n","protected":false},"excerpt":{"rendered":"<p>Gaasi reduktor VALTEK PALLADIO 310AG klapiga 8mm<\/p>\n","protected":false},"featured_media":15241,"template":"","meta":[],"product_brand":[],"product_cat":[207],"product_tag":[236],"class_list":{"0":"post-16637","1":"product","2":"type-product","3":"status-publish","4":"has-post-thumbnail","6":"product_cat-reduktor","7":"product_tag-reduktor","9":"first","10":"instock","11":"taxable","12":"shipping-taxable","13":"purchasable","14":"product-type-simple"},"yoast_head":"<!-- This site is optimized with the Yoast SEO plugin v27.0 - https:\/\/yoast.com\/product\/yoast-seo-wordpress\/ -->\n<title>Gaasi reduktor VALTEK PALLADIO 310AG klapiga 8mm<\/title>\n<meta name=\"robots\" content=\"index, follow, max-snippet:-1, max-image-preview:large, max-video-preview:-1\" \/>\n<link rel=\"canonical\" href=\"https:\/\/sistemosklaipeda.com\/et\/toode\/gaasi-reduktor-valtek-palladio-310ag-klapiga-8mm\/\" \/>\n<meta property=\"og:locale\" content=\"et_EE\" \/>\n<meta property=\"og:type\" content=\"article\" \/>\n<meta property=\"og:title\" content=\"Gaasi reduktor VALTEK PALLADIO 310AG klapiga 8mm\" \/>\n<meta property=\"og:description\" content=\"Gaasi reduktor VALTEK PALLADIO 310AG klapiga 8mm\" \/>\n<meta property=\"og:url\" content=\"https:\/\/sistemosklaipeda.com\/et\/toode\/gaasi-reduktor-valtek-palladio-310ag-klapiga-8mm\/\" \/>\n<meta property=\"og:site_name\" content=\"Sistemos Klaip\u0117da\" \/>\n<meta property=\"article:publisher\" content=\"https:\/\/www.facebook.com\/SistemosKlp\" \/>\n<meta property=\"og:image\" content=\"https:\/\/sistemosklaipeda.com\/wp-content\/uploads\/2024\/05\/410.png?v=1719405643\" \/>\n\t<meta property=\"og:image:width\" content=\"776\" \/>\n\t<meta property=\"og:image:height\" content=\"800\" \/>\n\t<meta property=\"og:image:type\" content=\"image\/png\" \/>\n<meta name=\"twitter:card\" content=\"summary_large_image\" \/>\n<script type=\"application\/ld+json\" class=\"yoast-schema-graph\">{\"@context\":\"https:\/\/schema.org\",\"@graph\":[{\"@type\":\"WebPage\",\"@id\":\"https:\/\/sistemosklaipeda.com\/et\/toode\/gaasi-reduktor-valtek-palladio-310ag-klapiga-8mm\/\",\"url\":\"https:\/\/sistemosklaipeda.com\/et\/toode\/gaasi-reduktor-valtek-palladio-310ag-klapiga-8mm\/\",\"name\":\"Gaasi reduktor VALTEK PALLADIO 310AG klapiga 8mm\",\"isPartOf\":{\"@id\":\"https:\/\/sistemosklaipeda.com\/et\/#website\"},\"primaryImageOfPage\":{\"@id\":\"https:\/\/sistemosklaipeda.com\/et\/toode\/gaasi-reduktor-valtek-palladio-310ag-klapiga-8mm\/#primaryimage\"},\"image\":{\"@id\":\"https:\/\/sistemosklaipeda.com\/et\/toode\/gaasi-reduktor-valtek-palladio-310ag-klapiga-8mm\/#primaryimage\"},\"thumbnailUrl\":\"https:\/\/sistemosklaipeda.com\/wp-content\/uploads\/2024\/05\/410.png\",\"datePublished\":\"2025-01-07T14:51:54+00:00\",\"breadcrumb\":{\"@id\":\"https:\/\/sistemosklaipeda.com\/et\/toode\/gaasi-reduktor-valtek-palladio-310ag-klapiga-8mm\/#breadcrumb\"},\"inLanguage\":\"et\",\"potentialAction\":[{\"@type\":\"ReadAction\",\"target\":[\"https:\/\/sistemosklaipeda.com\/et\/toode\/gaasi-reduktor-valtek-palladio-310ag-klapiga-8mm\/\"]}]},{\"@type\":\"ImageObject\",\"inLanguage\":\"et\",\"@id\":\"https:\/\/sistemosklaipeda.com\/et\/toode\/gaasi-reduktor-valtek-palladio-310ag-klapiga-8mm\/#primaryimage\",\"url\":\"https:\/\/sistemosklaipeda.com\/wp-content\/uploads\/2024\/05\/410.png\",\"contentUrl\":\"https:\/\/sistemosklaipeda.com\/wp-content\/uploads\/2024\/05\/410.png\",\"width\":776,\"height\":800,\"caption\":\"Duj\u0173 reduktorius VALTEK PALLADIO 310AG su vo\u017etuvu 8mm\"},{\"@type\":\"BreadcrumbList\",\"@id\":\"https:\/\/sistemosklaipeda.com\/et\/toode\/gaasi-reduktor-valtek-palladio-310ag-klapiga-8mm\/#breadcrumb\",\"itemListElement\":[{\"@type\":\"ListItem\",\"position\":1,\"name\":\"Prad\u017eia\",\"item\":\"https:\/\/sistemosklaipeda.com\/et\/kauplus\/\"},{\"@type\":\"ListItem\",\"position\":2,\"name\":\"Kauplus\",\"item\":\"https:\/\/sistemosklaipeda.com\/et\/kauplus\/\"},{\"@type\":\"ListItem\",\"position\":3,\"name\":\"Gaasi reduktor VALTEK PALLADIO 310AG klapiga 8mm\"}]},{\"@type\":\"WebSite\",\"@id\":\"https:\/\/sistemosklaipeda.com\/et\/#website\",\"url\":\"https:\/\/sistemosklaipeda.com\/et\/\",\"name\":\"Sistemos Klaip\u0117da\",\"description\":\"Kokybi\u0161ka duj\u0173 \u012franga ir jos komponentai, kabliai ir priedai\",\"publisher\":{\"@id\":\"https:\/\/sistemosklaipeda.com\/et\/#organization\"},\"potentialAction\":[{\"@type\":\"SearchAction\",\"target\":{\"@type\":\"EntryPoint\",\"urlTemplate\":\"https:\/\/sistemosklaipeda.com\/et\/?s={search_term_string}\"},\"query-input\":{\"@type\":\"PropertyValueSpecification\",\"valueRequired\":true,\"valueName\":\"search_term_string\"}}],\"inLanguage\":\"et\"},{\"@type\":\"Organization\",\"@id\":\"https:\/\/sistemosklaipeda.com\/et\/#organization\",\"name\":\"Sistemos Klaip\u0117da\",\"alternateName\":\"Sistemos\",\"url\":\"https:\/\/sistemosklaipeda.com\/et\/\",\"logo\":{\"@type\":\"ImageObject\",\"inLanguage\":\"et\",\"@id\":\"https:\/\/sistemosklaipeda.com\/et\/#\/schema\/logo\/image\/\",\"url\":\"https:\/\/sistemosklaipeda.com\/wp-content\/uploads\/2023\/09\/sistemos-logo-cropperd-e1695968047774.png\",\"contentUrl\":\"https:\/\/sistemosklaipeda.com\/wp-content\/uploads\/2023\/09\/sistemos-logo-cropperd-e1695968047774.png\",\"width\":401,\"height\":206,\"caption\":\"Sistemos Klaip\u0117da\"},\"image\":{\"@id\":\"https:\/\/sistemosklaipeda.com\/et\/#\/schema\/logo\/image\/\"},\"sameAs\":[\"https:\/\/www.facebook.com\/SistemosKlp\",\"https:\/\/www.instagram.com\/sistemosklaipeda\/\"]}]}<\/script>\n<!-- \/ Yoast SEO plugin. -->","yoast_head_json":{"title":"Gaasi reduktor VALTEK PALLADIO 310AG klapiga 8mm","robots":{"index":"index","follow":"follow","max-snippet":"max-snippet:-1","max-image-preview":"max-image-preview:large","max-video-preview":"max-video-preview:-1"},"canonical":"https:\/\/sistemosklaipeda.com\/et\/toode\/gaasi-reduktor-valtek-palladio-310ag-klapiga-8mm\/","og_locale":"et_EE","og_type":"article","og_title":"Gaasi reduktor VALTEK PALLADIO 310AG klapiga 8mm","og_description":"Gaasi reduktor VALTEK PALLADIO 310AG klapiga 8mm","og_url":"https:\/\/sistemosklaipeda.com\/et\/toode\/gaasi-reduktor-valtek-palladio-310ag-klapiga-8mm\/","og_site_name":"Sistemos Klaip\u0117da","article_publisher":"https:\/\/www.facebook.com\/SistemosKlp","og_image":[{"width":776,"height":800,"url":"https:\/\/sistemosklaipeda.com\/wp-content\/uploads\/2024\/05\/410.png?v=1719405643","type":"image\/png"}],"twitter_card":"summary_large_image","schema":{"@context":"https:\/\/schema.org","@graph":[{"@type":"WebPage","@id":"https:\/\/sistemosklaipeda.com\/et\/toode\/gaasi-reduktor-valtek-palladio-310ag-klapiga-8mm\/","url":"https:\/\/sistemosklaipeda.com\/et\/toode\/gaasi-reduktor-valtek-palladio-310ag-klapiga-8mm\/","name":"Gaasi reduktor VALTEK PALLADIO 310AG klapiga 8mm","isPartOf":{"@id":"https:\/\/sistemosklaipeda.com\/et\/#website"},"primaryImageOfPage":{"@id":"https:\/\/sistemosklaipeda.com\/et\/toode\/gaasi-reduktor-valtek-palladio-310ag-klapiga-8mm\/#primaryimage"},"image":{"@id":"https:\/\/sistemosklaipeda.com\/et\/toode\/gaasi-reduktor-valtek-palladio-310ag-klapiga-8mm\/#primaryimage"},"thumbnailUrl":"https:\/\/sistemosklaipeda.com\/wp-content\/uploads\/2024\/05\/410.png","datePublished":"2025-01-07T14:51:54+00:00","breadcrumb":{"@id":"https:\/\/sistemosklaipeda.com\/et\/toode\/gaasi-reduktor-valtek-palladio-310ag-klapiga-8mm\/#breadcrumb"},"inLanguage":"et","potentialAction":[{"@type":"ReadAction","target":["https:\/\/sistemosklaipeda.com\/et\/toode\/gaasi-reduktor-valtek-palladio-310ag-klapiga-8mm\/"]}]},{"@type":"ImageObject","inLanguage":"et","@id":"https:\/\/sistemosklaipeda.com\/et\/toode\/gaasi-reduktor-valtek-palladio-310ag-klapiga-8mm\/#primaryimage","url":"https:\/\/sistemosklaipeda.com\/wp-content\/uploads\/2024\/05\/410.png","contentUrl":"https:\/\/sistemosklaipeda.com\/wp-content\/uploads\/2024\/05\/410.png","width":776,"height":800,"caption":"Duj\u0173 reduktorius VALTEK PALLADIO 310AG su vo\u017etuvu 8mm"},{"@type":"BreadcrumbList","@id":"https:\/\/sistemosklaipeda.com\/et\/toode\/gaasi-reduktor-valtek-palladio-310ag-klapiga-8mm\/#breadcrumb","itemListElement":[{"@type":"ListItem","position":1,"name":"Prad\u017eia","item":"https:\/\/sistemosklaipeda.com\/et\/kauplus\/"},{"@type":"ListItem","position":2,"name":"Kauplus","item":"https:\/\/sistemosklaipeda.com\/et\/kauplus\/"},{"@type":"ListItem","position":3,"name":"Gaasi reduktor VALTEK PALLADIO 310AG klapiga 8mm"}]},{"@type":"WebSite","@id":"https:\/\/sistemosklaipeda.com\/et\/#website","url":"https:\/\/sistemosklaipeda.com\/et\/","name":"Sistemos Klaip\u0117da","description":"Kokybi\u0161ka duj\u0173 \u012franga ir jos komponentai, kabliai ir priedai","publisher":{"@id":"https:\/\/sistemosklaipeda.com\/et\/#organization"},"potentialAction":[{"@type":"SearchAction","target":{"@type":"EntryPoint","urlTemplate":"https:\/\/sistemosklaipeda.com\/et\/?s={search_term_string}"},"query-input":{"@type":"PropertyValueSpecification","valueRequired":true,"valueName":"search_term_string"}}],"inLanguage":"et"},{"@type":"Organization","@id":"https:\/\/sistemosklaipeda.com\/et\/#organization","name":"Sistemos Klaip\u0117da","alternateName":"Sistemos","url":"https:\/\/sistemosklaipeda.com\/et\/","logo":{"@type":"ImageObject","inLanguage":"et","@id":"https:\/\/sistemosklaipeda.com\/et\/#\/schema\/logo\/image\/","url":"https:\/\/sistemosklaipeda.com\/wp-content\/uploads\/2023\/09\/sistemos-logo-cropperd-e1695968047774.png","contentUrl":"https:\/\/sistemosklaipeda.com\/wp-content\/uploads\/2023\/09\/sistemos-logo-cropperd-e1695968047774.png","width":401,"height":206,"caption":"Sistemos Klaip\u0117da"},"image":{"@id":"https:\/\/sistemosklaipeda.com\/et\/#\/schema\/logo\/image\/"},"sameAs":["https:\/\/www.facebook.com\/SistemosKlp","https:\/\/www.instagram.com\/sistemosklaipeda\/"]}]}},"_links":{"self":[{"href":"https:\/\/sistemosklaipeda.com\/et\/wp-json\/wp\/v2\/product\/16637","targetHints":{"allow":["GET"]}}],"collection":[{"href":"https:\/\/sistemosklaipeda.com\/et\/wp-json\/wp\/v2\/product"}],"about":[{"href":"https:\/\/sistemosklaipeda.com\/et\/wp-json\/wp\/v2\/types\/product"}],"wp:featuredmedia":[{"embeddable":true,"href":"https:\/\/sistemosklaipeda.com\/et\/wp-json\/wp\/v2\/media\/15241"}],"wp:attachment":[{"href":"https:\/\/sistemosklaipeda.com\/et\/wp-json\/wp\/v2\/media?parent=16637"}],"wp:term":[{"taxonomy":"product_brand","embeddable":true,"href":"https:\/\/sistemosklaipeda.com\/et\/wp-json\/wp\/v2\/product_brand?post=16637"},{"taxonomy":"product_cat","embeddable":true,"href":"https:\/\/sistemosklaipeda.com\/et\/wp-json\/wp\/v2\/product_cat?post=16637"},{"taxonomy":"product_tag","embeddable":true,"href":"https:\/\/sistemosklaipeda.com\/et\/wp-json\/wp\/v2\/product_tag?post=16637"}],"curies":[{"name":"wp","href":"https:\/\/api.w.org\/{rel}","templated":true}]}}