{"id":16629,"date":"2021-02-04T05:29:26","date_gmt":"2025-01-07T14:50:50","guid":{"rendered":"https:\/\/sistemosklaipeda.com\/product\/gaasi-reduktor-tomasetto-at09-nordic-125-kw\/"},"modified":"2025-12-11T16:24:56","modified_gmt":"2025-12-11T16:24:56","slug":"gaasi-reduktor-tomasetto-at09-nordic-125-kw","status":"publish","type":"product","link":"https:\/\/sistemosklaipeda.com\/et\/toode\/gaasi-reduktor-tomasetto-at09-nordic-125-kw\/","title":{"rendered":"Gaasi reduktor tomasetto at09 nordic 125 KW"},"content":{"rendered":"<p>Tomasetto AT09 Nordic reduktor, mis on integreeritud gaasimagnetventiiliga vedelas faasis. See on Alaska noorem vend, mis on teatavasti probleemivaba. Kasutatakse k\u00f5ige populaarsemate autode puhul turul. T\u00e4nu soojusvahetuss\u00fcsteemi professionaalsele konstruktsioonile on saavutatud k\u00f5rge kasutegur v\u00f5rreldes reduktori suurusega. Selle t\u00f6\u00f6kindlus ja konstruktsiooni lihtsus v\u00f5imaldavad gaasiseadmeid pikka aega ilma riketeta kasutada.<\/p>\n<p>Tehnilised andmed:<br \/>\nMaksimaalne v\u00f5imsus - 125 KW \/ 170 HP<br \/>\nMinimaalne t\u00f6\u00f6r\u00f5hk - 0,9 BAR<br \/>\nMaksimaalne t\u00f6\u00f6r\u00f5hk - 1,8 BAR<br \/>\nKorpuse materjal - ALUMINUM<br \/>\nGaasi sisselaskeava l\u00e4bim\u00f5\u00f5t - FI 6mm (VARIS V\u00d5I PVC)<br \/>\nVeevooliku l\u00e4bim\u00f5\u00f5t - 16 mm<br \/>\nGaasivooliku l\u00e4bim\u00f5\u00f5t - 12 mm<br \/>\nT\u00f6\u00f6temperatuur - -20\u00b0C kuni +120\u00b0C.<\/p>\n<p>Komplektis:<br \/>\nReduktor<br \/>\nPaigaldusplaat<br \/>\nV\u00e4ikesed montaa\u017eielemendid<\/p>\n","protected":false},"excerpt":{"rendered":"<p>Gaasi reduktor tomasetto at09 nordic 125 KW<\/p>\n","protected":false},"featured_media":15175,"template":"","meta":[],"product_brand":[],"product_cat":[207],"product_tag":[236,237],"class_list":{"0":"post-16629","1":"product","2":"type-product","3":"status-publish","4":"has-post-thumbnail","6":"product_cat-reduktor","7":"product_tag-reduktor","8":"product_tag-tomasetto-et","10":"first","11":"instock","12":"taxable","13":"shipping-taxable","14":"purchasable","15":"product-type-simple"},"yoast_head":"<!-- This site is optimized with the Yoast SEO plugin v27.0 - https:\/\/yoast.com\/product\/yoast-seo-wordpress\/ -->\n<title>Gaasi reduktor tomasetto at09 nordic 125 KW<\/title>\n<meta name=\"robots\" content=\"index, follow, max-snippet:-1, max-image-preview:large, max-video-preview:-1\" \/>\n<link rel=\"canonical\" href=\"https:\/\/sistemosklaipeda.com\/et\/toode\/gaasi-reduktor-tomasetto-at09-nordic-125-kw\/\" \/>\n<meta property=\"og:locale\" content=\"et_EE\" \/>\n<meta property=\"og:type\" content=\"article\" \/>\n<meta property=\"og:title\" content=\"Gaasi reduktor tomasetto at09 nordic 125 KW\" \/>\n<meta property=\"og:description\" content=\"Gaasi reduktor tomasetto at09 nordic 125 KW\" \/>\n<meta property=\"og:url\" content=\"https:\/\/sistemosklaipeda.com\/et\/toode\/gaasi-reduktor-tomasetto-at09-nordic-125-kw\/\" \/>\n<meta property=\"og:site_name\" content=\"Sistemos Klaip\u0117da\" \/>\n<meta property=\"article:publisher\" content=\"https:\/\/www.facebook.com\/SistemosKlp\" \/>\n<meta property=\"article:modified_time\" content=\"2025-12-11T16:24:56+00:00\" \/>\n<meta property=\"og:image\" content=\"https:\/\/sistemosklaipeda.com\/wp-content\/uploads\/2024\/05\/1365.png\" \/>\n\t<meta property=\"og:image:width\" content=\"776\" \/>\n\t<meta property=\"og:image:height\" content=\"800\" \/>\n\t<meta property=\"og:image:type\" content=\"image\/png\" \/>\n<meta name=\"twitter:card\" content=\"summary_large_image\" \/>\n<meta name=\"twitter:label1\" content=\"Est. reading time\" \/>\n\t<meta name=\"twitter:data1\" content=\"1 minut\" \/>\n<script type=\"application\/ld+json\" class=\"yoast-schema-graph\">{\"@context\":\"https:\/\/schema.org\",\"@graph\":[{\"@type\":\"WebPage\",\"@id\":\"https:\/\/sistemosklaipeda.com\/et\/toode\/gaasi-reduktor-tomasetto-at09-nordic-125-kw\/\",\"url\":\"https:\/\/sistemosklaipeda.com\/et\/toode\/gaasi-reduktor-tomasetto-at09-nordic-125-kw\/\",\"name\":\"Gaasi reduktor tomasetto at09 nordic 125 KW\",\"isPartOf\":{\"@id\":\"https:\/\/sistemosklaipeda.com\/et\/#website\"},\"primaryImageOfPage\":{\"@id\":\"https:\/\/sistemosklaipeda.com\/et\/toode\/gaasi-reduktor-tomasetto-at09-nordic-125-kw\/#primaryimage\"},\"image\":{\"@id\":\"https:\/\/sistemosklaipeda.com\/et\/toode\/gaasi-reduktor-tomasetto-at09-nordic-125-kw\/#primaryimage\"},\"thumbnailUrl\":\"https:\/\/sistemosklaipeda.com\/wp-content\/uploads\/2024\/05\/1365.png\",\"datePublished\":\"2025-01-07T14:50:50+00:00\",\"dateModified\":\"2025-12-11T16:24:56+00:00\",\"breadcrumb\":{\"@id\":\"https:\/\/sistemosklaipeda.com\/et\/toode\/gaasi-reduktor-tomasetto-at09-nordic-125-kw\/#breadcrumb\"},\"inLanguage\":\"et\",\"potentialAction\":[{\"@type\":\"ReadAction\",\"target\":[\"https:\/\/sistemosklaipeda.com\/et\/toode\/gaasi-reduktor-tomasetto-at09-nordic-125-kw\/\"]}]},{\"@type\":\"ImageObject\",\"inLanguage\":\"et\",\"@id\":\"https:\/\/sistemosklaipeda.com\/et\/toode\/gaasi-reduktor-tomasetto-at09-nordic-125-kw\/#primaryimage\",\"url\":\"https:\/\/sistemosklaipeda.com\/wp-content\/uploads\/2024\/05\/1365.png\",\"contentUrl\":\"https:\/\/sistemosklaipeda.com\/wp-content\/uploads\/2024\/05\/1365.png\",\"width\":776,\"height\":800,\"caption\":\"Duj\u0173 reduktorius tomasetto at09 nordic 125 KW\"},{\"@type\":\"BreadcrumbList\",\"@id\":\"https:\/\/sistemosklaipeda.com\/et\/toode\/gaasi-reduktor-tomasetto-at09-nordic-125-kw\/#breadcrumb\",\"itemListElement\":[{\"@type\":\"ListItem\",\"position\":1,\"name\":\"Prad\u017eia\",\"item\":\"https:\/\/sistemosklaipeda.com\/et\/kauplus\/\"},{\"@type\":\"ListItem\",\"position\":2,\"name\":\"Kauplus\",\"item\":\"https:\/\/sistemosklaipeda.com\/et\/kauplus\/\"},{\"@type\":\"ListItem\",\"position\":3,\"name\":\"Gaasi reduktor tomasetto at09 nordic 125 KW\"}]},{\"@type\":\"WebSite\",\"@id\":\"https:\/\/sistemosklaipeda.com\/et\/#website\",\"url\":\"https:\/\/sistemosklaipeda.com\/et\/\",\"name\":\"Sistemos Klaip\u0117da\",\"description\":\"Kokybi\u0161ka duj\u0173 \u012franga ir jos komponentai, kabliai ir priedai\",\"publisher\":{\"@id\":\"https:\/\/sistemosklaipeda.com\/et\/#organization\"},\"potentialAction\":[{\"@type\":\"SearchAction\",\"target\":{\"@type\":\"EntryPoint\",\"urlTemplate\":\"https:\/\/sistemosklaipeda.com\/et\/?s={search_term_string}\"},\"query-input\":{\"@type\":\"PropertyValueSpecification\",\"valueRequired\":true,\"valueName\":\"search_term_string\"}}],\"inLanguage\":\"et\"},{\"@type\":\"Organization\",\"@id\":\"https:\/\/sistemosklaipeda.com\/et\/#organization\",\"name\":\"Sistemos Klaip\u0117da\",\"alternateName\":\"Sistemos\",\"url\":\"https:\/\/sistemosklaipeda.com\/et\/\",\"logo\":{\"@type\":\"ImageObject\",\"inLanguage\":\"et\",\"@id\":\"https:\/\/sistemosklaipeda.com\/et\/#\/schema\/logo\/image\/\",\"url\":\"https:\/\/sistemosklaipeda.com\/wp-content\/uploads\/2023\/09\/sistemos-logo-cropperd-e1695968047774.png\",\"contentUrl\":\"https:\/\/sistemosklaipeda.com\/wp-content\/uploads\/2023\/09\/sistemos-logo-cropperd-e1695968047774.png\",\"width\":401,\"height\":206,\"caption\":\"Sistemos Klaip\u0117da\"},\"image\":{\"@id\":\"https:\/\/sistemosklaipeda.com\/et\/#\/schema\/logo\/image\/\"},\"sameAs\":[\"https:\/\/www.facebook.com\/SistemosKlp\",\"https:\/\/www.instagram.com\/sistemosklaipeda\/\"]}]}<\/script>\n<!-- \/ Yoast SEO plugin. -->","yoast_head_json":{"title":"Gaasi reduktor tomasetto at09 nordic 125 KW","robots":{"index":"index","follow":"follow","max-snippet":"max-snippet:-1","max-image-preview":"max-image-preview:large","max-video-preview":"max-video-preview:-1"},"canonical":"https:\/\/sistemosklaipeda.com\/et\/toode\/gaasi-reduktor-tomasetto-at09-nordic-125-kw\/","og_locale":"et_EE","og_type":"article","og_title":"Gaasi reduktor tomasetto at09 nordic 125 KW","og_description":"Gaasi reduktor tomasetto at09 nordic 125 KW","og_url":"https:\/\/sistemosklaipeda.com\/et\/toode\/gaasi-reduktor-tomasetto-at09-nordic-125-kw\/","og_site_name":"Sistemos Klaip\u0117da","article_publisher":"https:\/\/www.facebook.com\/SistemosKlp","article_modified_time":"2025-12-11T16:24:56+00:00","og_image":[{"width":776,"height":800,"url":"https:\/\/sistemosklaipeda.com\/wp-content\/uploads\/2024\/05\/1365.png","type":"image\/png"}],"twitter_card":"summary_large_image","twitter_misc":{"Est. reading time":"1 minut"},"schema":{"@context":"https:\/\/schema.org","@graph":[{"@type":"WebPage","@id":"https:\/\/sistemosklaipeda.com\/et\/toode\/gaasi-reduktor-tomasetto-at09-nordic-125-kw\/","url":"https:\/\/sistemosklaipeda.com\/et\/toode\/gaasi-reduktor-tomasetto-at09-nordic-125-kw\/","name":"Gaasi reduktor tomasetto at09 nordic 125 KW","isPartOf":{"@id":"https:\/\/sistemosklaipeda.com\/et\/#website"},"primaryImageOfPage":{"@id":"https:\/\/sistemosklaipeda.com\/et\/toode\/gaasi-reduktor-tomasetto-at09-nordic-125-kw\/#primaryimage"},"image":{"@id":"https:\/\/sistemosklaipeda.com\/et\/toode\/gaasi-reduktor-tomasetto-at09-nordic-125-kw\/#primaryimage"},"thumbnailUrl":"https:\/\/sistemosklaipeda.com\/wp-content\/uploads\/2024\/05\/1365.png","datePublished":"2025-01-07T14:50:50+00:00","dateModified":"2025-12-11T16:24:56+00:00","breadcrumb":{"@id":"https:\/\/sistemosklaipeda.com\/et\/toode\/gaasi-reduktor-tomasetto-at09-nordic-125-kw\/#breadcrumb"},"inLanguage":"et","potentialAction":[{"@type":"ReadAction","target":["https:\/\/sistemosklaipeda.com\/et\/toode\/gaasi-reduktor-tomasetto-at09-nordic-125-kw\/"]}]},{"@type":"ImageObject","inLanguage":"et","@id":"https:\/\/sistemosklaipeda.com\/et\/toode\/gaasi-reduktor-tomasetto-at09-nordic-125-kw\/#primaryimage","url":"https:\/\/sistemosklaipeda.com\/wp-content\/uploads\/2024\/05\/1365.png","contentUrl":"https:\/\/sistemosklaipeda.com\/wp-content\/uploads\/2024\/05\/1365.png","width":776,"height":800,"caption":"Duj\u0173 reduktorius tomasetto at09 nordic 125 KW"},{"@type":"BreadcrumbList","@id":"https:\/\/sistemosklaipeda.com\/et\/toode\/gaasi-reduktor-tomasetto-at09-nordic-125-kw\/#breadcrumb","itemListElement":[{"@type":"ListItem","position":1,"name":"Prad\u017eia","item":"https:\/\/sistemosklaipeda.com\/et\/kauplus\/"},{"@type":"ListItem","position":2,"name":"Kauplus","item":"https:\/\/sistemosklaipeda.com\/et\/kauplus\/"},{"@type":"ListItem","position":3,"name":"Gaasi reduktor tomasetto at09 nordic 125 KW"}]},{"@type":"WebSite","@id":"https:\/\/sistemosklaipeda.com\/et\/#website","url":"https:\/\/sistemosklaipeda.com\/et\/","name":"Sistemos Klaip\u0117da","description":"Kokybi\u0161ka duj\u0173 \u012franga ir jos komponentai, kabliai ir priedai","publisher":{"@id":"https:\/\/sistemosklaipeda.com\/et\/#organization"},"potentialAction":[{"@type":"SearchAction","target":{"@type":"EntryPoint","urlTemplate":"https:\/\/sistemosklaipeda.com\/et\/?s={search_term_string}"},"query-input":{"@type":"PropertyValueSpecification","valueRequired":true,"valueName":"search_term_string"}}],"inLanguage":"et"},{"@type":"Organization","@id":"https:\/\/sistemosklaipeda.com\/et\/#organization","name":"Sistemos Klaip\u0117da","alternateName":"Sistemos","url":"https:\/\/sistemosklaipeda.com\/et\/","logo":{"@type":"ImageObject","inLanguage":"et","@id":"https:\/\/sistemosklaipeda.com\/et\/#\/schema\/logo\/image\/","url":"https:\/\/sistemosklaipeda.com\/wp-content\/uploads\/2023\/09\/sistemos-logo-cropperd-e1695968047774.png","contentUrl":"https:\/\/sistemosklaipeda.com\/wp-content\/uploads\/2023\/09\/sistemos-logo-cropperd-e1695968047774.png","width":401,"height":206,"caption":"Sistemos Klaip\u0117da"},"image":{"@id":"https:\/\/sistemosklaipeda.com\/et\/#\/schema\/logo\/image\/"},"sameAs":["https:\/\/www.facebook.com\/SistemosKlp","https:\/\/www.instagram.com\/sistemosklaipeda\/"]}]}},"_links":{"self":[{"href":"https:\/\/sistemosklaipeda.com\/et\/wp-json\/wp\/v2\/product\/16629","targetHints":{"allow":["GET"]}}],"collection":[{"href":"https:\/\/sistemosklaipeda.com\/et\/wp-json\/wp\/v2\/product"}],"about":[{"href":"https:\/\/sistemosklaipeda.com\/et\/wp-json\/wp\/v2\/types\/product"}],"wp:featuredmedia":[{"embeddable":true,"href":"https:\/\/sistemosklaipeda.com\/et\/wp-json\/wp\/v2\/media\/15175"}],"wp:attachment":[{"href":"https:\/\/sistemosklaipeda.com\/et\/wp-json\/wp\/v2\/media?parent=16629"}],"wp:term":[{"taxonomy":"product_brand","embeddable":true,"href":"https:\/\/sistemosklaipeda.com\/et\/wp-json\/wp\/v2\/product_brand?post=16629"},{"taxonomy":"product_cat","embeddable":true,"href":"https:\/\/sistemosklaipeda.com\/et\/wp-json\/wp\/v2\/product_cat?post=16629"},{"taxonomy":"product_tag","embeddable":true,"href":"https:\/\/sistemosklaipeda.com\/et\/wp-json\/wp\/v2\/product_tag?post=16629"}],"curies":[{"name":"wp","href":"https:\/\/api.w.org\/{rel}","templated":true}]}}