{"id":16625,"date":"2021-02-04T05:19:33","date_gmt":"2025-01-07T14:50:42","guid":{"rendered":"https:\/\/sistemosklaipeda.com\/product\/gaasi-reduktor-zavoli-zeta-s-250-kw\/"},"modified":"2025-12-21T20:34:12","modified_gmt":"2025-12-21T20:34:12","slug":"gaasi-reduktor-zavoli-zeta-s-250-kw","status":"publish","type":"product","link":"https:\/\/sistemosklaipeda.com\/et\/toode\/gaasi-reduktor-zavoli-zeta-s-250-kw\/","title":{"rendered":"Gaasi reduktor zavoli zeta s 250 KW"},"content":{"rendered":"<table border=\"1\" cellspacing=\"0\" cellpadding=\"5\">\n<tbody>\n<tr>\n<td colspan=\"2\"><strong>TEHNILISED ANDMED<\/strong><\/td>\n<\/tr>\n<tr>\n<td>ETTEPANEK<\/td>\n<td>DETAIL<\/td>\n<\/tr>\n<tr>\n<td>T\u00f6\u00f6r\u00f5hk<\/td>\n<td>45 baari<\/td>\n<\/tr>\n<tr>\n<td>V\u00e4ljundgaasi r\u00f5hk<\/td>\n<td>1,4 bar<\/td>\n<\/tr>\n<tr>\n<td>Etappide arv<\/td>\n<td>1<\/td>\n<\/tr>\n<tr>\n<td>Sisselaskeava gaasi liitmik<\/td>\n<td>M12 x 1<\/td>\n<\/tr>\n<tr>\n<td>V\u00e4ljalaskeava gaasi\u00fchendus<\/td>\n<td>Kummist voolik \u00d8 12 mm<\/td>\n<\/tr>\n<tr>\n<td>Vesi jahutusvedeliku port<\/td>\n<td>Kummist voolik \u00d8 16 mm<\/td>\n<\/tr>\n<tr>\n<td>MAP port<\/td>\n<td>Kummist voolik \u00d8 5 mm<\/td>\n<\/tr>\n<tr>\n<td>T vahemik<\/td>\n<td>-20\/ 120\u00b0 C<\/td>\n<\/tr>\n<tr>\n<td>Kokkulepe<\/td>\n<td>67R-01<\/td>\n<\/tr>\n<\/tbody>\n<\/table>\n","protected":false},"excerpt":{"rendered":"<p>Gaasi reduktor zavoli zeta s 250 KW temperatuurianduriga<\/p>\n","protected":false},"featured_media":14269,"template":"","meta":[],"product_brand":[],"product_cat":[207],"product_tag":[219,245,237],"class_list":{"0":"post-16625","1":"product","2":"type-product","3":"status-publish","4":"has-post-thumbnail","6":"product_cat-reduktor","7":"product_tag-gaasifilter","8":"product_tag-shark-et","9":"product_tag-tomasetto-et","11":"first","12":"instock","13":"taxable","14":"shipping-taxable","15":"purchasable","16":"product-type-simple"},"yoast_head":"<!-- This site is optimized with the Yoast SEO plugin v27.0 - https:\/\/yoast.com\/product\/yoast-seo-wordpress\/ -->\n<title>Gaasi reduktor zavoli zeta s 250 KW<\/title>\n<meta name=\"robots\" content=\"index, follow, max-snippet:-1, max-image-preview:large, max-video-preview:-1\" \/>\n<link rel=\"canonical\" href=\"https:\/\/sistemosklaipeda.com\/et\/toode\/gaasi-reduktor-zavoli-zeta-s-250-kw\/\" \/>\n<meta property=\"og:locale\" content=\"et_EE\" \/>\n<meta property=\"og:type\" content=\"article\" \/>\n<meta property=\"og:title\" content=\"Gaasi reduktor zavoli zeta s 250 KW\" \/>\n<meta property=\"og:description\" content=\"Gaasi reduktor zavoli zeta s 250 KW temperatuurianduriga\" \/>\n<meta property=\"og:url\" content=\"https:\/\/sistemosklaipeda.com\/et\/toode\/gaasi-reduktor-zavoli-zeta-s-250-kw\/\" \/>\n<meta property=\"og:site_name\" content=\"Sistemos Klaip\u0117da\" \/>\n<meta property=\"article:publisher\" content=\"https:\/\/www.facebook.com\/SistemosKlp\" \/>\n<meta property=\"article:modified_time\" content=\"2025-12-21T20:34:12+00:00\" \/>\n<meta property=\"og:image\" content=\"https:\/\/sistemosklaipeda.com\/wp-content\/uploads\/2024\/02\/duju-reduktorius-zavoli-zeta-s-250-kw.jpg\" \/>\n\t<meta property=\"og:image:width\" content=\"733\" \/>\n\t<meta property=\"og:image:height\" content=\"800\" \/>\n\t<meta property=\"og:image:type\" content=\"image\/jpeg\" \/>\n<meta name=\"twitter:card\" content=\"summary_large_image\" \/>\n<script type=\"application\/ld+json\" class=\"yoast-schema-graph\">{\"@context\":\"https:\/\/schema.org\",\"@graph\":[{\"@type\":\"WebPage\",\"@id\":\"https:\/\/sistemosklaipeda.com\/et\/toode\/gaasi-reduktor-zavoli-zeta-s-250-kw\/\",\"url\":\"https:\/\/sistemosklaipeda.com\/et\/toode\/gaasi-reduktor-zavoli-zeta-s-250-kw\/\",\"name\":\"Gaasi reduktor zavoli zeta s 250 KW\",\"isPartOf\":{\"@id\":\"https:\/\/sistemosklaipeda.com\/et\/#website\"},\"primaryImageOfPage\":{\"@id\":\"https:\/\/sistemosklaipeda.com\/et\/toode\/gaasi-reduktor-zavoli-zeta-s-250-kw\/#primaryimage\"},\"image\":{\"@id\":\"https:\/\/sistemosklaipeda.com\/et\/toode\/gaasi-reduktor-zavoli-zeta-s-250-kw\/#primaryimage\"},\"thumbnailUrl\":\"https:\/\/sistemosklaipeda.com\/wp-content\/uploads\/2024\/02\/duju-reduktorius-zavoli-zeta-s-250-kw.jpg\",\"datePublished\":\"2025-01-07T14:50:42+00:00\",\"dateModified\":\"2025-12-21T20:34:12+00:00\",\"breadcrumb\":{\"@id\":\"https:\/\/sistemosklaipeda.com\/et\/toode\/gaasi-reduktor-zavoli-zeta-s-250-kw\/#breadcrumb\"},\"inLanguage\":\"et\",\"potentialAction\":[{\"@type\":\"ReadAction\",\"target\":[\"https:\/\/sistemosklaipeda.com\/et\/toode\/gaasi-reduktor-zavoli-zeta-s-250-kw\/\"]}]},{\"@type\":\"ImageObject\",\"inLanguage\":\"et\",\"@id\":\"https:\/\/sistemosklaipeda.com\/et\/toode\/gaasi-reduktor-zavoli-zeta-s-250-kw\/#primaryimage\",\"url\":\"https:\/\/sistemosklaipeda.com\/wp-content\/uploads\/2024\/02\/duju-reduktorius-zavoli-zeta-s-250-kw.jpg\",\"contentUrl\":\"https:\/\/sistemosklaipeda.com\/wp-content\/uploads\/2024\/02\/duju-reduktorius-zavoli-zeta-s-250-kw.jpg\",\"width\":733,\"height\":800},{\"@type\":\"BreadcrumbList\",\"@id\":\"https:\/\/sistemosklaipeda.com\/et\/toode\/gaasi-reduktor-zavoli-zeta-s-250-kw\/#breadcrumb\",\"itemListElement\":[{\"@type\":\"ListItem\",\"position\":1,\"name\":\"Prad\u017eia\",\"item\":\"https:\/\/sistemosklaipeda.com\/et\/kauplus\/\"},{\"@type\":\"ListItem\",\"position\":2,\"name\":\"Kauplus\",\"item\":\"https:\/\/sistemosklaipeda.com\/et\/kauplus\/\"},{\"@type\":\"ListItem\",\"position\":3,\"name\":\"Gaasi reduktor zavoli zeta s 250 KW\"}]},{\"@type\":\"WebSite\",\"@id\":\"https:\/\/sistemosklaipeda.com\/et\/#website\",\"url\":\"https:\/\/sistemosklaipeda.com\/et\/\",\"name\":\"Sistemos Klaip\u0117da\",\"description\":\"Kokybi\u0161ka duj\u0173 \u012franga ir jos komponentai, kabliai ir priedai\",\"publisher\":{\"@id\":\"https:\/\/sistemosklaipeda.com\/et\/#organization\"},\"potentialAction\":[{\"@type\":\"SearchAction\",\"target\":{\"@type\":\"EntryPoint\",\"urlTemplate\":\"https:\/\/sistemosklaipeda.com\/et\/?s={search_term_string}\"},\"query-input\":{\"@type\":\"PropertyValueSpecification\",\"valueRequired\":true,\"valueName\":\"search_term_string\"}}],\"inLanguage\":\"et\"},{\"@type\":\"Organization\",\"@id\":\"https:\/\/sistemosklaipeda.com\/et\/#organization\",\"name\":\"Sistemos Klaip\u0117da\",\"alternateName\":\"Sistemos\",\"url\":\"https:\/\/sistemosklaipeda.com\/et\/\",\"logo\":{\"@type\":\"ImageObject\",\"inLanguage\":\"et\",\"@id\":\"https:\/\/sistemosklaipeda.com\/et\/#\/schema\/logo\/image\/\",\"url\":\"https:\/\/sistemosklaipeda.com\/wp-content\/uploads\/2023\/09\/sistemos-logo-cropperd-e1695968047774.png\",\"contentUrl\":\"https:\/\/sistemosklaipeda.com\/wp-content\/uploads\/2023\/09\/sistemos-logo-cropperd-e1695968047774.png\",\"width\":401,\"height\":206,\"caption\":\"Sistemos Klaip\u0117da\"},\"image\":{\"@id\":\"https:\/\/sistemosklaipeda.com\/et\/#\/schema\/logo\/image\/\"},\"sameAs\":[\"https:\/\/www.facebook.com\/SistemosKlp\",\"https:\/\/www.instagram.com\/sistemosklaipeda\/\"]}]}<\/script>\n<!-- \/ Yoast SEO plugin. -->","yoast_head_json":{"title":"Gaasi reduktor zavoli zeta s 250 KW","robots":{"index":"index","follow":"follow","max-snippet":"max-snippet:-1","max-image-preview":"max-image-preview:large","max-video-preview":"max-video-preview:-1"},"canonical":"https:\/\/sistemosklaipeda.com\/et\/toode\/gaasi-reduktor-zavoli-zeta-s-250-kw\/","og_locale":"et_EE","og_type":"article","og_title":"Gaasi reduktor zavoli zeta s 250 KW","og_description":"Gaasi reduktor zavoli zeta s 250 KW temperatuurianduriga","og_url":"https:\/\/sistemosklaipeda.com\/et\/toode\/gaasi-reduktor-zavoli-zeta-s-250-kw\/","og_site_name":"Sistemos Klaip\u0117da","article_publisher":"https:\/\/www.facebook.com\/SistemosKlp","article_modified_time":"2025-12-21T20:34:12+00:00","og_image":[{"width":733,"height":800,"url":"https:\/\/sistemosklaipeda.com\/wp-content\/uploads\/2024\/02\/duju-reduktorius-zavoli-zeta-s-250-kw.jpg","type":"image\/jpeg"}],"twitter_card":"summary_large_image","schema":{"@context":"https:\/\/schema.org","@graph":[{"@type":"WebPage","@id":"https:\/\/sistemosklaipeda.com\/et\/toode\/gaasi-reduktor-zavoli-zeta-s-250-kw\/","url":"https:\/\/sistemosklaipeda.com\/et\/toode\/gaasi-reduktor-zavoli-zeta-s-250-kw\/","name":"Gaasi reduktor zavoli zeta s 250 KW","isPartOf":{"@id":"https:\/\/sistemosklaipeda.com\/et\/#website"},"primaryImageOfPage":{"@id":"https:\/\/sistemosklaipeda.com\/et\/toode\/gaasi-reduktor-zavoli-zeta-s-250-kw\/#primaryimage"},"image":{"@id":"https:\/\/sistemosklaipeda.com\/et\/toode\/gaasi-reduktor-zavoli-zeta-s-250-kw\/#primaryimage"},"thumbnailUrl":"https:\/\/sistemosklaipeda.com\/wp-content\/uploads\/2024\/02\/duju-reduktorius-zavoli-zeta-s-250-kw.jpg","datePublished":"2025-01-07T14:50:42+00:00","dateModified":"2025-12-21T20:34:12+00:00","breadcrumb":{"@id":"https:\/\/sistemosklaipeda.com\/et\/toode\/gaasi-reduktor-zavoli-zeta-s-250-kw\/#breadcrumb"},"inLanguage":"et","potentialAction":[{"@type":"ReadAction","target":["https:\/\/sistemosklaipeda.com\/et\/toode\/gaasi-reduktor-zavoli-zeta-s-250-kw\/"]}]},{"@type":"ImageObject","inLanguage":"et","@id":"https:\/\/sistemosklaipeda.com\/et\/toode\/gaasi-reduktor-zavoli-zeta-s-250-kw\/#primaryimage","url":"https:\/\/sistemosklaipeda.com\/wp-content\/uploads\/2024\/02\/duju-reduktorius-zavoli-zeta-s-250-kw.jpg","contentUrl":"https:\/\/sistemosklaipeda.com\/wp-content\/uploads\/2024\/02\/duju-reduktorius-zavoli-zeta-s-250-kw.jpg","width":733,"height":800},{"@type":"BreadcrumbList","@id":"https:\/\/sistemosklaipeda.com\/et\/toode\/gaasi-reduktor-zavoli-zeta-s-250-kw\/#breadcrumb","itemListElement":[{"@type":"ListItem","position":1,"name":"Prad\u017eia","item":"https:\/\/sistemosklaipeda.com\/et\/kauplus\/"},{"@type":"ListItem","position":2,"name":"Kauplus","item":"https:\/\/sistemosklaipeda.com\/et\/kauplus\/"},{"@type":"ListItem","position":3,"name":"Gaasi reduktor zavoli zeta s 250 KW"}]},{"@type":"WebSite","@id":"https:\/\/sistemosklaipeda.com\/et\/#website","url":"https:\/\/sistemosklaipeda.com\/et\/","name":"Sistemos Klaip\u0117da","description":"Kokybi\u0161ka duj\u0173 \u012franga ir jos komponentai, kabliai ir priedai","publisher":{"@id":"https:\/\/sistemosklaipeda.com\/et\/#organization"},"potentialAction":[{"@type":"SearchAction","target":{"@type":"EntryPoint","urlTemplate":"https:\/\/sistemosklaipeda.com\/et\/?s={search_term_string}"},"query-input":{"@type":"PropertyValueSpecification","valueRequired":true,"valueName":"search_term_string"}}],"inLanguage":"et"},{"@type":"Organization","@id":"https:\/\/sistemosklaipeda.com\/et\/#organization","name":"Sistemos Klaip\u0117da","alternateName":"Sistemos","url":"https:\/\/sistemosklaipeda.com\/et\/","logo":{"@type":"ImageObject","inLanguage":"et","@id":"https:\/\/sistemosklaipeda.com\/et\/#\/schema\/logo\/image\/","url":"https:\/\/sistemosklaipeda.com\/wp-content\/uploads\/2023\/09\/sistemos-logo-cropperd-e1695968047774.png","contentUrl":"https:\/\/sistemosklaipeda.com\/wp-content\/uploads\/2023\/09\/sistemos-logo-cropperd-e1695968047774.png","width":401,"height":206,"caption":"Sistemos Klaip\u0117da"},"image":{"@id":"https:\/\/sistemosklaipeda.com\/et\/#\/schema\/logo\/image\/"},"sameAs":["https:\/\/www.facebook.com\/SistemosKlp","https:\/\/www.instagram.com\/sistemosklaipeda\/"]}]}},"_links":{"self":[{"href":"https:\/\/sistemosklaipeda.com\/et\/wp-json\/wp\/v2\/product\/16625","targetHints":{"allow":["GET"]}}],"collection":[{"href":"https:\/\/sistemosklaipeda.com\/et\/wp-json\/wp\/v2\/product"}],"about":[{"href":"https:\/\/sistemosklaipeda.com\/et\/wp-json\/wp\/v2\/types\/product"}],"wp:featuredmedia":[{"embeddable":true,"href":"https:\/\/sistemosklaipeda.com\/et\/wp-json\/wp\/v2\/media\/14269"}],"wp:attachment":[{"href":"https:\/\/sistemosklaipeda.com\/et\/wp-json\/wp\/v2\/media?parent=16625"}],"wp:term":[{"taxonomy":"product_brand","embeddable":true,"href":"https:\/\/sistemosklaipeda.com\/et\/wp-json\/wp\/v2\/product_brand?post=16625"},{"taxonomy":"product_cat","embeddable":true,"href":"https:\/\/sistemosklaipeda.com\/et\/wp-json\/wp\/v2\/product_cat?post=16625"},{"taxonomy":"product_tag","embeddable":true,"href":"https:\/\/sistemosklaipeda.com\/et\/wp-json\/wp\/v2\/product_tag?post=16625"}],"curies":[{"name":"wp","href":"https:\/\/api.w.org\/{rel}","templated":true}]}}