{"id":16613,"date":"2023-07-10T13:23:07","date_gmt":"2025-01-07T14:50:08","guid":{"rendered":"https:\/\/sistemosklaipeda.com\/product\/gaasiseadmed-stag-4-qbox-basic-4-silindriline-elektroonika\/"},"modified":"2025-01-07T14:50:08","modified_gmt":"2025-01-07T14:50:08","slug":"gaasiseadmed-stag-4-qbox-basic-4-silindriline-elektroonika","status":"publish","type":"product","link":"https:\/\/sistemosklaipeda.com\/et\/toode\/gaasiseadmed-stag-4-qbox-basic-4-silindriline-elektroonika\/","title":{"rendered":"Gaasiseadmed STAG 4 QBOX BASIC 4-silindriline elektroonika"},"content":{"rendered":"<p>STAG QBOX BASIC j\u00e4rjestikuse gaasi sissepritse s\u00fcsteem on esimene AC S.A. toodetud uue p\u00f5lvkonna kontroller. M\u00f5eldud kuni 4-silindriliste mootoritega s\u00f5idukitele, millel on kaudne bensiini sissepritse. STAG-4 Q-BOX BASIC on toodetud uusima tehnoloogia ja k\u00f5rgeima kvaliteediga komponentide abil, mida on testitud AC SA uurimis- ja arenduskeskuse laboratooriumides vastavalt automobiilsete standardite n\u00f5uetele. T\u00e4iuslikult valitud komponendid ja uuenduslik 32-bitine signaaliprotsessor, mis juhib gaasi sissepritses\u00fcsteemi, tagavad t\u00e4pse ja kiire k\u00fctuse doseerimise, mis tagab veelgi \u00f6konoomsema gaasiga s\u00f5itmise.<\/p>\n<p>Omadused: Mootorid kuni 4 silindriga Paigaldamise ja reguleerimise lihtsus ja kiirus Nurgaliitmik: 48-poolne Bluetooth koost\u00f6\u00f6 Parameetrite salvestaja koost\u00f6\u00f6 StagMobile ja GasComputer mobiilirakenduse tugi Kaasas:<\/p>\n<p>Juhtplokk Elektrikomplekt Gaasisurve- ja vaakumandur Gaasitasemeandur L\u00fcliti V\u00e4ikesed montaa\u017eitarvikud<\/p>\n","protected":false},"excerpt":{"rendered":"<p><span style=\"color: #000000\">Gaasiseadmed STAG 4 QBOX BASIC 4-silindriline elektroonika<\/span><\/p>\n","protected":false},"featured_media":15331,"template":"","meta":[],"product_brand":[],"product_cat":[197],"product_tag":[220,215,240],"class_list":{"0":"post-16613","1":"product","2":"type-product","3":"status-publish","4":"has-post-thumbnail","6":"product_cat-gaasiseadmed","7":"product_tag-elektroonika","8":"product_tag-gaasiseadmed","9":"product_tag-stag-et","11":"first","12":"instock","13":"taxable","14":"shipping-taxable","15":"purchasable","16":"product-type-simple"},"yoast_head":"<!-- This site is optimized with the Yoast SEO plugin v27.0 - https:\/\/yoast.com\/product\/yoast-seo-wordpress\/ -->\n<title>Gaasiseadmed STAG 4 QBOX BASIC 4 silindrit<\/title>\n<meta name=\"robots\" content=\"index, follow, max-snippet:-1, max-image-preview:large, max-video-preview:-1\" \/>\n<link rel=\"canonical\" href=\"https:\/\/sistemosklaipeda.com\/et\/toode\/gaasiseadmed-stag-4-qbox-basic-4-silindriline-elektroonika\/\" \/>\n<meta property=\"og:locale\" content=\"et_EE\" \/>\n<meta property=\"og:type\" content=\"article\" \/>\n<meta property=\"og:title\" content=\"Gaasiseadmed STAG 4 QBOX BASIC 4 silindrit\" \/>\n<meta property=\"og:description\" content=\"Gaasiseadmed STAG 4 QBOX BASIC 4-silindriline elektroonika\" \/>\n<meta property=\"og:url\" content=\"https:\/\/sistemosklaipeda.com\/et\/toode\/gaasiseadmed-stag-4-qbox-basic-4-silindriline-elektroonika\/\" \/>\n<meta property=\"og:site_name\" content=\"Sistemos Klaip\u0117da\" \/>\n<meta property=\"article:publisher\" content=\"https:\/\/www.facebook.com\/SistemosKlp\" \/>\n<meta property=\"og:image\" content=\"https:\/\/sistemosklaipeda.com\/wp-content\/uploads\/2024\/05\/1292.png?v=1719405638\" \/>\n\t<meta property=\"og:image:width\" content=\"776\" \/>\n\t<meta property=\"og:image:height\" content=\"800\" \/>\n\t<meta property=\"og:image:type\" content=\"image\/png\" \/>\n<meta name=\"twitter:card\" content=\"summary_large_image\" \/>\n<meta name=\"twitter:label1\" content=\"Est. reading time\" \/>\n\t<meta name=\"twitter:data1\" content=\"1 minut\" \/>\n<script type=\"application\/ld+json\" class=\"yoast-schema-graph\">{\"@context\":\"https:\/\/schema.org\",\"@graph\":[{\"@type\":\"WebPage\",\"@id\":\"https:\/\/sistemosklaipeda.com\/et\/toode\/gaasiseadmed-stag-4-qbox-basic-4-silindriline-elektroonika\/\",\"url\":\"https:\/\/sistemosklaipeda.com\/et\/toode\/gaasiseadmed-stag-4-qbox-basic-4-silindriline-elektroonika\/\",\"name\":\"Gaasiseadmed STAG 4 QBOX BASIC 4 silindrit\",\"isPartOf\":{\"@id\":\"https:\/\/sistemosklaipeda.com\/et\/#website\"},\"primaryImageOfPage\":{\"@id\":\"https:\/\/sistemosklaipeda.com\/et\/toode\/gaasiseadmed-stag-4-qbox-basic-4-silindriline-elektroonika\/#primaryimage\"},\"image\":{\"@id\":\"https:\/\/sistemosklaipeda.com\/et\/toode\/gaasiseadmed-stag-4-qbox-basic-4-silindriline-elektroonika\/#primaryimage\"},\"thumbnailUrl\":\"https:\/\/sistemosklaipeda.com\/wp-content\/uploads\/2024\/05\/1292.png\",\"datePublished\":\"2025-01-07T14:50:08+00:00\",\"breadcrumb\":{\"@id\":\"https:\/\/sistemosklaipeda.com\/et\/toode\/gaasiseadmed-stag-4-qbox-basic-4-silindriline-elektroonika\/#breadcrumb\"},\"inLanguage\":\"et\",\"potentialAction\":[{\"@type\":\"ReadAction\",\"target\":[\"https:\/\/sistemosklaipeda.com\/et\/toode\/gaasiseadmed-stag-4-qbox-basic-4-silindriline-elektroonika\/\"]}]},{\"@type\":\"ImageObject\",\"inLanguage\":\"et\",\"@id\":\"https:\/\/sistemosklaipeda.com\/et\/toode\/gaasiseadmed-stag-4-qbox-basic-4-silindriline-elektroonika\/#primaryimage\",\"url\":\"https:\/\/sistemosklaipeda.com\/wp-content\/uploads\/2024\/05\/1292.png\",\"contentUrl\":\"https:\/\/sistemosklaipeda.com\/wp-content\/uploads\/2024\/05\/1292.png\",\"width\":776,\"height\":800,\"caption\":\"Dujin\u0117 \u012franga STAG 4 QBOX BASIC 4 cilindr\u0173 elektronika\"},{\"@type\":\"BreadcrumbList\",\"@id\":\"https:\/\/sistemosklaipeda.com\/et\/toode\/gaasiseadmed-stag-4-qbox-basic-4-silindriline-elektroonika\/#breadcrumb\",\"itemListElement\":[{\"@type\":\"ListItem\",\"position\":1,\"name\":\"Prad\u017eia\",\"item\":\"https:\/\/sistemosklaipeda.com\/et\/kauplus\/\"},{\"@type\":\"ListItem\",\"position\":2,\"name\":\"Kauplus\",\"item\":\"https:\/\/sistemosklaipeda.com\/et\/kauplus\/\"},{\"@type\":\"ListItem\",\"position\":3,\"name\":\"Gaasiseadmed STAG 4 QBOX BASIC 4-silindriline elektroonika\"}]},{\"@type\":\"WebSite\",\"@id\":\"https:\/\/sistemosklaipeda.com\/et\/#website\",\"url\":\"https:\/\/sistemosklaipeda.com\/et\/\",\"name\":\"Sistemos Klaip\u0117da\",\"description\":\"Kokybi\u0161ka duj\u0173 \u012franga ir jos komponentai, kabliai ir priedai\",\"publisher\":{\"@id\":\"https:\/\/sistemosklaipeda.com\/et\/#organization\"},\"potentialAction\":[{\"@type\":\"SearchAction\",\"target\":{\"@type\":\"EntryPoint\",\"urlTemplate\":\"https:\/\/sistemosklaipeda.com\/et\/?s={search_term_string}\"},\"query-input\":{\"@type\":\"PropertyValueSpecification\",\"valueRequired\":true,\"valueName\":\"search_term_string\"}}],\"inLanguage\":\"et\"},{\"@type\":\"Organization\",\"@id\":\"https:\/\/sistemosklaipeda.com\/et\/#organization\",\"name\":\"Sistemos Klaip\u0117da\",\"alternateName\":\"Sistemos\",\"url\":\"https:\/\/sistemosklaipeda.com\/et\/\",\"logo\":{\"@type\":\"ImageObject\",\"inLanguage\":\"et\",\"@id\":\"https:\/\/sistemosklaipeda.com\/et\/#\/schema\/logo\/image\/\",\"url\":\"https:\/\/sistemosklaipeda.com\/wp-content\/uploads\/2023\/09\/sistemos-logo-cropperd-e1695968047774.png\",\"contentUrl\":\"https:\/\/sistemosklaipeda.com\/wp-content\/uploads\/2023\/09\/sistemos-logo-cropperd-e1695968047774.png\",\"width\":401,\"height\":206,\"caption\":\"Sistemos Klaip\u0117da\"},\"image\":{\"@id\":\"https:\/\/sistemosklaipeda.com\/et\/#\/schema\/logo\/image\/\"},\"sameAs\":[\"https:\/\/www.facebook.com\/SistemosKlp\",\"https:\/\/www.instagram.com\/sistemosklaipeda\/\"]}]}<\/script>\n<!-- \/ Yoast SEO plugin. -->","yoast_head_json":{"title":"Gaasiseadmed STAG 4 QBOX BASIC 4 silindrit","robots":{"index":"index","follow":"follow","max-snippet":"max-snippet:-1","max-image-preview":"max-image-preview:large","max-video-preview":"max-video-preview:-1"},"canonical":"https:\/\/sistemosklaipeda.com\/et\/toode\/gaasiseadmed-stag-4-qbox-basic-4-silindriline-elektroonika\/","og_locale":"et_EE","og_type":"article","og_title":"Gaasiseadmed STAG 4 QBOX BASIC 4 silindrit","og_description":"Gaasiseadmed STAG 4 QBOX BASIC 4-silindriline elektroonika","og_url":"https:\/\/sistemosklaipeda.com\/et\/toode\/gaasiseadmed-stag-4-qbox-basic-4-silindriline-elektroonika\/","og_site_name":"Sistemos Klaip\u0117da","article_publisher":"https:\/\/www.facebook.com\/SistemosKlp","og_image":[{"width":776,"height":800,"url":"https:\/\/sistemosklaipeda.com\/wp-content\/uploads\/2024\/05\/1292.png?v=1719405638","type":"image\/png"}],"twitter_card":"summary_large_image","twitter_misc":{"Est. reading time":"1 minut"},"schema":{"@context":"https:\/\/schema.org","@graph":[{"@type":"WebPage","@id":"https:\/\/sistemosklaipeda.com\/et\/toode\/gaasiseadmed-stag-4-qbox-basic-4-silindriline-elektroonika\/","url":"https:\/\/sistemosklaipeda.com\/et\/toode\/gaasiseadmed-stag-4-qbox-basic-4-silindriline-elektroonika\/","name":"Gaasiseadmed STAG 4 QBOX BASIC 4 silindrit","isPartOf":{"@id":"https:\/\/sistemosklaipeda.com\/et\/#website"},"primaryImageOfPage":{"@id":"https:\/\/sistemosklaipeda.com\/et\/toode\/gaasiseadmed-stag-4-qbox-basic-4-silindriline-elektroonika\/#primaryimage"},"image":{"@id":"https:\/\/sistemosklaipeda.com\/et\/toode\/gaasiseadmed-stag-4-qbox-basic-4-silindriline-elektroonika\/#primaryimage"},"thumbnailUrl":"https:\/\/sistemosklaipeda.com\/wp-content\/uploads\/2024\/05\/1292.png","datePublished":"2025-01-07T14:50:08+00:00","breadcrumb":{"@id":"https:\/\/sistemosklaipeda.com\/et\/toode\/gaasiseadmed-stag-4-qbox-basic-4-silindriline-elektroonika\/#breadcrumb"},"inLanguage":"et","potentialAction":[{"@type":"ReadAction","target":["https:\/\/sistemosklaipeda.com\/et\/toode\/gaasiseadmed-stag-4-qbox-basic-4-silindriline-elektroonika\/"]}]},{"@type":"ImageObject","inLanguage":"et","@id":"https:\/\/sistemosklaipeda.com\/et\/toode\/gaasiseadmed-stag-4-qbox-basic-4-silindriline-elektroonika\/#primaryimage","url":"https:\/\/sistemosklaipeda.com\/wp-content\/uploads\/2024\/05\/1292.png","contentUrl":"https:\/\/sistemosklaipeda.com\/wp-content\/uploads\/2024\/05\/1292.png","width":776,"height":800,"caption":"Dujin\u0117 \u012franga STAG 4 QBOX BASIC 4 cilindr\u0173 elektronika"},{"@type":"BreadcrumbList","@id":"https:\/\/sistemosklaipeda.com\/et\/toode\/gaasiseadmed-stag-4-qbox-basic-4-silindriline-elektroonika\/#breadcrumb","itemListElement":[{"@type":"ListItem","position":1,"name":"Prad\u017eia","item":"https:\/\/sistemosklaipeda.com\/et\/kauplus\/"},{"@type":"ListItem","position":2,"name":"Kauplus","item":"https:\/\/sistemosklaipeda.com\/et\/kauplus\/"},{"@type":"ListItem","position":3,"name":"Gaasiseadmed STAG 4 QBOX BASIC 4-silindriline elektroonika"}]},{"@type":"WebSite","@id":"https:\/\/sistemosklaipeda.com\/et\/#website","url":"https:\/\/sistemosklaipeda.com\/et\/","name":"Sistemos Klaip\u0117da","description":"Kokybi\u0161ka duj\u0173 \u012franga ir jos komponentai, kabliai ir priedai","publisher":{"@id":"https:\/\/sistemosklaipeda.com\/et\/#organization"},"potentialAction":[{"@type":"SearchAction","target":{"@type":"EntryPoint","urlTemplate":"https:\/\/sistemosklaipeda.com\/et\/?s={search_term_string}"},"query-input":{"@type":"PropertyValueSpecification","valueRequired":true,"valueName":"search_term_string"}}],"inLanguage":"et"},{"@type":"Organization","@id":"https:\/\/sistemosklaipeda.com\/et\/#organization","name":"Sistemos Klaip\u0117da","alternateName":"Sistemos","url":"https:\/\/sistemosklaipeda.com\/et\/","logo":{"@type":"ImageObject","inLanguage":"et","@id":"https:\/\/sistemosklaipeda.com\/et\/#\/schema\/logo\/image\/","url":"https:\/\/sistemosklaipeda.com\/wp-content\/uploads\/2023\/09\/sistemos-logo-cropperd-e1695968047774.png","contentUrl":"https:\/\/sistemosklaipeda.com\/wp-content\/uploads\/2023\/09\/sistemos-logo-cropperd-e1695968047774.png","width":401,"height":206,"caption":"Sistemos Klaip\u0117da"},"image":{"@id":"https:\/\/sistemosklaipeda.com\/et\/#\/schema\/logo\/image\/"},"sameAs":["https:\/\/www.facebook.com\/SistemosKlp","https:\/\/www.instagram.com\/sistemosklaipeda\/"]}]}},"_links":{"self":[{"href":"https:\/\/sistemosklaipeda.com\/et\/wp-json\/wp\/v2\/product\/16613","targetHints":{"allow":["GET"]}}],"collection":[{"href":"https:\/\/sistemosklaipeda.com\/et\/wp-json\/wp\/v2\/product"}],"about":[{"href":"https:\/\/sistemosklaipeda.com\/et\/wp-json\/wp\/v2\/types\/product"}],"wp:featuredmedia":[{"embeddable":true,"href":"https:\/\/sistemosklaipeda.com\/et\/wp-json\/wp\/v2\/media\/15331"}],"wp:attachment":[{"href":"https:\/\/sistemosklaipeda.com\/et\/wp-json\/wp\/v2\/media?parent=16613"}],"wp:term":[{"taxonomy":"product_brand","embeddable":true,"href":"https:\/\/sistemosklaipeda.com\/et\/wp-json\/wp\/v2\/product_brand?post=16613"},{"taxonomy":"product_cat","embeddable":true,"href":"https:\/\/sistemosklaipeda.com\/et\/wp-json\/wp\/v2\/product_cat?post=16613"},{"taxonomy":"product_tag","embeddable":true,"href":"https:\/\/sistemosklaipeda.com\/et\/wp-json\/wp\/v2\/product_tag?post=16613"}],"curies":[{"name":"wp","href":"https:\/\/api.w.org\/{rel}","templated":true}]}}