{"id":16611,"date":"2023-07-10T13:11:03","date_gmt":"2025-01-07T14:50:07","guid":{"rendered":"https:\/\/sistemosklaipeda.com\/product\/gaasiseadmed-stag-300-8-q-max-basic-8-silindriline-elektroonika\/"},"modified":"2025-01-07T14:50:07","modified_gmt":"2025-01-07T14:50:07","slug":"gaasiseadmed-stag-300-8-q-max-basic-8-silindriline-elektroonika","status":"publish","type":"product","link":"https:\/\/sistemosklaipeda.com\/et\/toode\/gaasiseadmed-stag-300-8-q-max-basic-8-silindriline-elektroonika\/","title":{"rendered":"Gaasiseadmed STAG 300 8 Q MAX BASIC 8-silindriline elektroonika"},"content":{"rendered":"<p>STAG QMAXi j\u00e4rjestikuse gaasi sissepritse kontroller on ette n\u00e4htud 8-silindriliste kaudse sissepritsega mootoritega s\u00f5idukite jaoks.<br \/>\nS\u00dcSTEEMI ETTEV\u00c4\u00c4RSUSED: STAG-300 QMAX BASIC on kuluefektiivne Q-p\u00f5lvkonna kontroller. M\u00f5eldud spetsiaalselt 8-silindriliste kaudse sissepritsega mootorite jaoks. See sisaldab tehnilisi edusamme, mis eristavad Q-p\u00f5lvkonna kontrollerite perekonda, koos \u00f6konoomse integreeritud funktsioonide paketiga.<\/p>\n<p>Mootorid kuni 8 silindriga ISA 3 autori kohandamine Lihtne \u00fchenduvus: 56 kontakti Koost\u00f6\u00f6 bluetoothiga Koost\u00f6\u00f6 parameetrite salvestajaga Toetus StagMobile ja GasComputer mobiilirakendustele Komplekt sisaldab:<\/p>\n<p>Juhtimispaneeli juhtmestik kaardiandur gaasi\/bensiini l\u00fcliti t\u00e4isgaasi olekuandur v\u00e4ike montaa\u017eitarvikud<\/p>\n","protected":false},"excerpt":{"rendered":"<p><span style=\"color: #000000\">Gaasiseadmed STAG 300 Q MAX BASIC 8 ballooni<\/span><\/p>\n","protected":false},"featured_media":15355,"template":"","meta":[],"product_brand":[],"product_cat":[197],"product_tag":[220,215,240],"class_list":{"0":"post-16611","1":"product","2":"type-product","3":"status-publish","4":"has-post-thumbnail","6":"product_cat-gaasiseadmed","7":"product_tag-elektroonika","8":"product_tag-gaasiseadmed","9":"product_tag-stag-et","11":"first","12":"instock","13":"taxable","14":"shipping-taxable","15":"purchasable","16":"product-type-simple"},"yoast_head":"<!-- This site is optimized with the Yoast SEO plugin v27.0 - https:\/\/yoast.com\/product\/yoast-seo-wordpress\/ -->\n<title>Gaasiseadmed STAG 300 8 Q MAX BASIC 8 ballooni<\/title>\n<meta name=\"robots\" content=\"index, follow, max-snippet:-1, max-image-preview:large, max-video-preview:-1\" \/>\n<link rel=\"canonical\" href=\"https:\/\/sistemosklaipeda.com\/et\/toode\/gaasiseadmed-stag-300-8-q-max-basic-8-silindriline-elektroonika\/\" \/>\n<meta property=\"og:locale\" content=\"et_EE\" \/>\n<meta property=\"og:type\" content=\"article\" \/>\n<meta property=\"og:title\" content=\"Gaasiseadmed STAG 300 8 Q MAX BASIC 8 ballooni\" \/>\n<meta property=\"og:description\" content=\"Gaasiseadmed STAG 300 Q MAX BASIC 8 ballooni\" \/>\n<meta property=\"og:url\" content=\"https:\/\/sistemosklaipeda.com\/et\/toode\/gaasiseadmed-stag-300-8-q-max-basic-8-silindriline-elektroonika\/\" \/>\n<meta property=\"og:site_name\" content=\"Sistemos Klaip\u0117da\" \/>\n<meta property=\"article:publisher\" content=\"https:\/\/www.facebook.com\/SistemosKlp\" \/>\n<meta property=\"og:image\" content=\"https:\/\/sistemosklaipeda.com\/wp-content\/uploads\/2024\/05\/1312.png?v=1719405636\" \/>\n\t<meta property=\"og:image:width\" content=\"776\" \/>\n\t<meta property=\"og:image:height\" content=\"800\" \/>\n\t<meta property=\"og:image:type\" content=\"image\/png\" \/>\n<meta name=\"twitter:card\" content=\"summary_large_image\" \/>\n<script type=\"application\/ld+json\" class=\"yoast-schema-graph\">{\"@context\":\"https:\/\/schema.org\",\"@graph\":[{\"@type\":\"WebPage\",\"@id\":\"https:\/\/sistemosklaipeda.com\/et\/toode\/gaasiseadmed-stag-300-8-q-max-basic-8-silindriline-elektroonika\/\",\"url\":\"https:\/\/sistemosklaipeda.com\/et\/toode\/gaasiseadmed-stag-300-8-q-max-basic-8-silindriline-elektroonika\/\",\"name\":\"Gaasiseadmed STAG 300 8 Q MAX BASIC 8 ballooni\",\"isPartOf\":{\"@id\":\"https:\/\/sistemosklaipeda.com\/et\/#website\"},\"primaryImageOfPage\":{\"@id\":\"https:\/\/sistemosklaipeda.com\/et\/toode\/gaasiseadmed-stag-300-8-q-max-basic-8-silindriline-elektroonika\/#primaryimage\"},\"image\":{\"@id\":\"https:\/\/sistemosklaipeda.com\/et\/toode\/gaasiseadmed-stag-300-8-q-max-basic-8-silindriline-elektroonika\/#primaryimage\"},\"thumbnailUrl\":\"https:\/\/sistemosklaipeda.com\/wp-content\/uploads\/2024\/05\/1312.png\",\"datePublished\":\"2025-01-07T14:50:07+00:00\",\"breadcrumb\":{\"@id\":\"https:\/\/sistemosklaipeda.com\/et\/toode\/gaasiseadmed-stag-300-8-q-max-basic-8-silindriline-elektroonika\/#breadcrumb\"},\"inLanguage\":\"et\",\"potentialAction\":[{\"@type\":\"ReadAction\",\"target\":[\"https:\/\/sistemosklaipeda.com\/et\/toode\/gaasiseadmed-stag-300-8-q-max-basic-8-silindriline-elektroonika\/\"]}]},{\"@type\":\"ImageObject\",\"inLanguage\":\"et\",\"@id\":\"https:\/\/sistemosklaipeda.com\/et\/toode\/gaasiseadmed-stag-300-8-q-max-basic-8-silindriline-elektroonika\/#primaryimage\",\"url\":\"https:\/\/sistemosklaipeda.com\/wp-content\/uploads\/2024\/05\/1312.png\",\"contentUrl\":\"https:\/\/sistemosklaipeda.com\/wp-content\/uploads\/2024\/05\/1312.png\",\"width\":776,\"height\":800,\"caption\":\"Dujin\u0117 \u012franga STAG 300 8 Q MAX BASIC 8 cilindr\u0173 elektronika\"},{\"@type\":\"BreadcrumbList\",\"@id\":\"https:\/\/sistemosklaipeda.com\/et\/toode\/gaasiseadmed-stag-300-8-q-max-basic-8-silindriline-elektroonika\/#breadcrumb\",\"itemListElement\":[{\"@type\":\"ListItem\",\"position\":1,\"name\":\"Prad\u017eia\",\"item\":\"https:\/\/sistemosklaipeda.com\/et\/kauplus\/\"},{\"@type\":\"ListItem\",\"position\":2,\"name\":\"Kauplus\",\"item\":\"https:\/\/sistemosklaipeda.com\/et\/kauplus\/\"},{\"@type\":\"ListItem\",\"position\":3,\"name\":\"Gaasiseadmed STAG 300 8 Q MAX BASIC 8-silindriline elektroonika\"}]},{\"@type\":\"WebSite\",\"@id\":\"https:\/\/sistemosklaipeda.com\/et\/#website\",\"url\":\"https:\/\/sistemosklaipeda.com\/et\/\",\"name\":\"Sistemos Klaip\u0117da\",\"description\":\"Kokybi\u0161ka duj\u0173 \u012franga ir jos komponentai, kabliai ir priedai\",\"publisher\":{\"@id\":\"https:\/\/sistemosklaipeda.com\/et\/#organization\"},\"potentialAction\":[{\"@type\":\"SearchAction\",\"target\":{\"@type\":\"EntryPoint\",\"urlTemplate\":\"https:\/\/sistemosklaipeda.com\/et\/?s={search_term_string}\"},\"query-input\":{\"@type\":\"PropertyValueSpecification\",\"valueRequired\":true,\"valueName\":\"search_term_string\"}}],\"inLanguage\":\"et\"},{\"@type\":\"Organization\",\"@id\":\"https:\/\/sistemosklaipeda.com\/et\/#organization\",\"name\":\"Sistemos Klaip\u0117da\",\"alternateName\":\"Sistemos\",\"url\":\"https:\/\/sistemosklaipeda.com\/et\/\",\"logo\":{\"@type\":\"ImageObject\",\"inLanguage\":\"et\",\"@id\":\"https:\/\/sistemosklaipeda.com\/et\/#\/schema\/logo\/image\/\",\"url\":\"https:\/\/sistemosklaipeda.com\/wp-content\/uploads\/2023\/09\/sistemos-logo-cropperd-e1695968047774.png\",\"contentUrl\":\"https:\/\/sistemosklaipeda.com\/wp-content\/uploads\/2023\/09\/sistemos-logo-cropperd-e1695968047774.png\",\"width\":401,\"height\":206,\"caption\":\"Sistemos Klaip\u0117da\"},\"image\":{\"@id\":\"https:\/\/sistemosklaipeda.com\/et\/#\/schema\/logo\/image\/\"},\"sameAs\":[\"https:\/\/www.facebook.com\/SistemosKlp\",\"https:\/\/www.instagram.com\/sistemosklaipeda\/\"]}]}<\/script>\n<!-- \/ Yoast SEO plugin. -->","yoast_head_json":{"title":"Gaasiseadmed STAG 300 8 Q MAX BASIC 8 ballooni","robots":{"index":"index","follow":"follow","max-snippet":"max-snippet:-1","max-image-preview":"max-image-preview:large","max-video-preview":"max-video-preview:-1"},"canonical":"https:\/\/sistemosklaipeda.com\/et\/toode\/gaasiseadmed-stag-300-8-q-max-basic-8-silindriline-elektroonika\/","og_locale":"et_EE","og_type":"article","og_title":"Gaasiseadmed STAG 300 8 Q MAX BASIC 8 ballooni","og_description":"Gaasiseadmed STAG 300 Q MAX BASIC 8 ballooni","og_url":"https:\/\/sistemosklaipeda.com\/et\/toode\/gaasiseadmed-stag-300-8-q-max-basic-8-silindriline-elektroonika\/","og_site_name":"Sistemos Klaip\u0117da","article_publisher":"https:\/\/www.facebook.com\/SistemosKlp","og_image":[{"width":776,"height":800,"url":"https:\/\/sistemosklaipeda.com\/wp-content\/uploads\/2024\/05\/1312.png?v=1719405636","type":"image\/png"}],"twitter_card":"summary_large_image","schema":{"@context":"https:\/\/schema.org","@graph":[{"@type":"WebPage","@id":"https:\/\/sistemosklaipeda.com\/et\/toode\/gaasiseadmed-stag-300-8-q-max-basic-8-silindriline-elektroonika\/","url":"https:\/\/sistemosklaipeda.com\/et\/toode\/gaasiseadmed-stag-300-8-q-max-basic-8-silindriline-elektroonika\/","name":"Gaasiseadmed STAG 300 8 Q MAX BASIC 8 ballooni","isPartOf":{"@id":"https:\/\/sistemosklaipeda.com\/et\/#website"},"primaryImageOfPage":{"@id":"https:\/\/sistemosklaipeda.com\/et\/toode\/gaasiseadmed-stag-300-8-q-max-basic-8-silindriline-elektroonika\/#primaryimage"},"image":{"@id":"https:\/\/sistemosklaipeda.com\/et\/toode\/gaasiseadmed-stag-300-8-q-max-basic-8-silindriline-elektroonika\/#primaryimage"},"thumbnailUrl":"https:\/\/sistemosklaipeda.com\/wp-content\/uploads\/2024\/05\/1312.png","datePublished":"2025-01-07T14:50:07+00:00","breadcrumb":{"@id":"https:\/\/sistemosklaipeda.com\/et\/toode\/gaasiseadmed-stag-300-8-q-max-basic-8-silindriline-elektroonika\/#breadcrumb"},"inLanguage":"et","potentialAction":[{"@type":"ReadAction","target":["https:\/\/sistemosklaipeda.com\/et\/toode\/gaasiseadmed-stag-300-8-q-max-basic-8-silindriline-elektroonika\/"]}]},{"@type":"ImageObject","inLanguage":"et","@id":"https:\/\/sistemosklaipeda.com\/et\/toode\/gaasiseadmed-stag-300-8-q-max-basic-8-silindriline-elektroonika\/#primaryimage","url":"https:\/\/sistemosklaipeda.com\/wp-content\/uploads\/2024\/05\/1312.png","contentUrl":"https:\/\/sistemosklaipeda.com\/wp-content\/uploads\/2024\/05\/1312.png","width":776,"height":800,"caption":"Dujin\u0117 \u012franga STAG 300 8 Q MAX BASIC 8 cilindr\u0173 elektronika"},{"@type":"BreadcrumbList","@id":"https:\/\/sistemosklaipeda.com\/et\/toode\/gaasiseadmed-stag-300-8-q-max-basic-8-silindriline-elektroonika\/#breadcrumb","itemListElement":[{"@type":"ListItem","position":1,"name":"Prad\u017eia","item":"https:\/\/sistemosklaipeda.com\/et\/kauplus\/"},{"@type":"ListItem","position":2,"name":"Kauplus","item":"https:\/\/sistemosklaipeda.com\/et\/kauplus\/"},{"@type":"ListItem","position":3,"name":"Gaasiseadmed STAG 300 8 Q MAX BASIC 8-silindriline elektroonika"}]},{"@type":"WebSite","@id":"https:\/\/sistemosklaipeda.com\/et\/#website","url":"https:\/\/sistemosklaipeda.com\/et\/","name":"Sistemos Klaip\u0117da","description":"Kokybi\u0161ka duj\u0173 \u012franga ir jos komponentai, kabliai ir priedai","publisher":{"@id":"https:\/\/sistemosklaipeda.com\/et\/#organization"},"potentialAction":[{"@type":"SearchAction","target":{"@type":"EntryPoint","urlTemplate":"https:\/\/sistemosklaipeda.com\/et\/?s={search_term_string}"},"query-input":{"@type":"PropertyValueSpecification","valueRequired":true,"valueName":"search_term_string"}}],"inLanguage":"et"},{"@type":"Organization","@id":"https:\/\/sistemosklaipeda.com\/et\/#organization","name":"Sistemos Klaip\u0117da","alternateName":"Sistemos","url":"https:\/\/sistemosklaipeda.com\/et\/","logo":{"@type":"ImageObject","inLanguage":"et","@id":"https:\/\/sistemosklaipeda.com\/et\/#\/schema\/logo\/image\/","url":"https:\/\/sistemosklaipeda.com\/wp-content\/uploads\/2023\/09\/sistemos-logo-cropperd-e1695968047774.png","contentUrl":"https:\/\/sistemosklaipeda.com\/wp-content\/uploads\/2023\/09\/sistemos-logo-cropperd-e1695968047774.png","width":401,"height":206,"caption":"Sistemos Klaip\u0117da"},"image":{"@id":"https:\/\/sistemosklaipeda.com\/et\/#\/schema\/logo\/image\/"},"sameAs":["https:\/\/www.facebook.com\/SistemosKlp","https:\/\/www.instagram.com\/sistemosklaipeda\/"]}]}},"_links":{"self":[{"href":"https:\/\/sistemosklaipeda.com\/et\/wp-json\/wp\/v2\/product\/16611","targetHints":{"allow":["GET"]}}],"collection":[{"href":"https:\/\/sistemosklaipeda.com\/et\/wp-json\/wp\/v2\/product"}],"about":[{"href":"https:\/\/sistemosklaipeda.com\/et\/wp-json\/wp\/v2\/types\/product"}],"wp:featuredmedia":[{"embeddable":true,"href":"https:\/\/sistemosklaipeda.com\/et\/wp-json\/wp\/v2\/media\/15355"}],"wp:attachment":[{"href":"https:\/\/sistemosklaipeda.com\/et\/wp-json\/wp\/v2\/media?parent=16611"}],"wp:term":[{"taxonomy":"product_brand","embeddable":true,"href":"https:\/\/sistemosklaipeda.com\/et\/wp-json\/wp\/v2\/product_brand?post=16611"},{"taxonomy":"product_cat","embeddable":true,"href":"https:\/\/sistemosklaipeda.com\/et\/wp-json\/wp\/v2\/product_cat?post=16611"},{"taxonomy":"product_tag","embeddable":true,"href":"https:\/\/sistemosklaipeda.com\/et\/wp-json\/wp\/v2\/product_tag?post=16611"}],"curies":[{"name":"wp","href":"https:\/\/api.w.org\/{rel}","templated":true}]}}