{"id":16610,"date":"2023-06-24T20:43:08","date_gmt":"2025-01-07T14:50:07","guid":{"rendered":"https:\/\/sistemosklaipeda.com\/product\/american-hook-hole-plug-50x50\/"},"modified":"2025-01-07T14:50:07","modified_gmt":"2025-01-07T14:50:07","slug":"american-hook-hole-plug-50x50","status":"publish","type":"product","link":"https:\/\/sistemosklaipeda.com\/et\/toode\/american-hook-hole-plug-50x50\/","title":{"rendered":"American Hook Hole Plug 50\u00d750"},"content":{"rendered":"<p><span style=\"color: #000000\">American Hook Hole Plug 50\u00d750mm.  <span class=\"Y2IQFc\" lang=\"lt\">V<\/span><span class=\"Y2IQFc\" lang=\"lt\">kaas on valmistatud vastupidavast mustast plastist.<br \/>\nVastupidav plastikust kork on m\u00f5eldud kaitsma toru halva ilma korral vihma, tolmu, lume-j\u00e4\u00e4 ja rooste eest. <\/span><\/span><\/p>\n","protected":false},"excerpt":{"rendered":"<p><span style=\"color: #000000\">American Hook Hole Plug 50\u00d750mm.  <span class=\"Y2IQFc\" lang=\"lt\">V<\/span><span class=\"Y2IQFc\" lang=\"lt\">kaas on valmistatud vastupidavast mustast plastist. Vastupidav plastikust kork on m\u00f5eldud kaitsma toru halva ilma korral vihma, tolmu, lume-j\u00e4\u00e4 ja rooste eest. <\/span><\/span><\/p>\n","protected":false},"featured_media":14893,"template":"","meta":[],"product_brand":[],"product_cat":[235,213],"product_tag":[],"class_list":{"0":"post-16610","1":"product","2":"type-product","3":"status-publish","4":"has-post-thumbnail","6":"product_cat-konksu-augu-kate","7":"product_cat-konksud","9":"first","10":"instock","11":"taxable","12":"shipping-taxable","13":"purchasable","14":"product-type-simple"},"yoast_head":"<!-- This site is optimized with the Yoast SEO plugin v27.0 - https:\/\/yoast.com\/product\/yoast-seo-wordpress\/ -->\n<title>American Hook Hole Plug 50\u00d750<\/title>\n<meta name=\"robots\" content=\"index, follow, max-snippet:-1, max-image-preview:large, max-video-preview:-1\" \/>\n<link rel=\"canonical\" href=\"https:\/\/sistemosklaipeda.com\/et\/toode\/american-hook-hole-plug-50x50\/\" \/>\n<meta property=\"og:locale\" content=\"et_EE\" \/>\n<meta property=\"og:type\" content=\"article\" \/>\n<meta property=\"og:title\" content=\"American Hook Hole Plug 50\u00d750\" \/>\n<meta property=\"og:description\" content=\"American Hook Hole Plug 50\u00d750mm. Vkaas on valmistatud vastupidavast mustast plastist. Vastupidav plastikust kork on m\u00f5eldud kaitsma toru halva ilma korral vihma, tolmu, lume-j\u00e4\u00e4 ja rooste eest.\" \/>\n<meta property=\"og:url\" content=\"https:\/\/sistemosklaipeda.com\/et\/toode\/american-hook-hole-plug-50x50\/\" \/>\n<meta property=\"og:site_name\" content=\"Sistemos Klaip\u0117da\" \/>\n<meta property=\"article:publisher\" content=\"https:\/\/www.facebook.com\/SistemosKlp\" \/>\n<meta property=\"og:image\" content=\"https:\/\/sistemosklaipeda.com\/wp-content\/uploads\/2023\/06\/amerikietisko-kablio-dangtelis.jpg?v=1719405663\" \/>\n\t<meta property=\"og:image:width\" content=\"800\" \/>\n\t<meta property=\"og:image:height\" content=\"800\" \/>\n\t<meta property=\"og:image:type\" content=\"image\/jpeg\" \/>\n<meta name=\"twitter:card\" content=\"summary_large_image\" \/>\n<script type=\"application\/ld+json\" class=\"yoast-schema-graph\">{\"@context\":\"https:\/\/schema.org\",\"@graph\":[{\"@type\":\"WebPage\",\"@id\":\"https:\/\/sistemosklaipeda.com\/et\/toode\/american-hook-hole-plug-50x50\/\",\"url\":\"https:\/\/sistemosklaipeda.com\/et\/toode\/american-hook-hole-plug-50x50\/\",\"name\":\"American Hook Hole Plug 50\u00d750\",\"isPartOf\":{\"@id\":\"https:\/\/sistemosklaipeda.com\/et\/#website\"},\"primaryImageOfPage\":{\"@id\":\"https:\/\/sistemosklaipeda.com\/et\/toode\/american-hook-hole-plug-50x50\/#primaryimage\"},\"image\":{\"@id\":\"https:\/\/sistemosklaipeda.com\/et\/toode\/american-hook-hole-plug-50x50\/#primaryimage\"},\"thumbnailUrl\":\"https:\/\/sistemosklaipeda.com\/wp-content\/uploads\/2023\/06\/amerikietisko-kablio-dangtelis.jpg\",\"datePublished\":\"2025-01-07T14:50:07+00:00\",\"breadcrumb\":{\"@id\":\"https:\/\/sistemosklaipeda.com\/et\/toode\/american-hook-hole-plug-50x50\/#breadcrumb\"},\"inLanguage\":\"et\",\"potentialAction\":[{\"@type\":\"ReadAction\",\"target\":[\"https:\/\/sistemosklaipeda.com\/et\/toode\/american-hook-hole-plug-50x50\/\"]}]},{\"@type\":\"ImageObject\",\"inLanguage\":\"et\",\"@id\":\"https:\/\/sistemosklaipeda.com\/et\/toode\/american-hook-hole-plug-50x50\/#primaryimage\",\"url\":\"https:\/\/sistemosklaipeda.com\/wp-content\/uploads\/2023\/06\/amerikietisko-kablio-dangtelis.jpg\",\"contentUrl\":\"https:\/\/sistemosklaipeda.com\/wp-content\/uploads\/2023\/06\/amerikietisko-kablio-dangtelis.jpg\",\"width\":800,\"height\":800,\"caption\":\"Amerikieti\u0161ko kablio skyl\u0117s kam\u0161tis 50\u00d750\"},{\"@type\":\"BreadcrumbList\",\"@id\":\"https:\/\/sistemosklaipeda.com\/et\/toode\/american-hook-hole-plug-50x50\/#breadcrumb\",\"itemListElement\":[{\"@type\":\"ListItem\",\"position\":1,\"name\":\"Prad\u017eia\",\"item\":\"https:\/\/sistemosklaipeda.com\/et\/kauplus\/\"},{\"@type\":\"ListItem\",\"position\":2,\"name\":\"Kauplus\",\"item\":\"https:\/\/sistemosklaipeda.com\/et\/kauplus\/\"},{\"@type\":\"ListItem\",\"position\":3,\"name\":\"American Hook Hole Plug 50\u00d750\"}]},{\"@type\":\"WebSite\",\"@id\":\"https:\/\/sistemosklaipeda.com\/et\/#website\",\"url\":\"https:\/\/sistemosklaipeda.com\/et\/\",\"name\":\"Sistemos Klaip\u0117da\",\"description\":\"Kokybi\u0161ka duj\u0173 \u012franga ir jos komponentai, kabliai ir priedai\",\"publisher\":{\"@id\":\"https:\/\/sistemosklaipeda.com\/et\/#organization\"},\"potentialAction\":[{\"@type\":\"SearchAction\",\"target\":{\"@type\":\"EntryPoint\",\"urlTemplate\":\"https:\/\/sistemosklaipeda.com\/et\/?s={search_term_string}\"},\"query-input\":{\"@type\":\"PropertyValueSpecification\",\"valueRequired\":true,\"valueName\":\"search_term_string\"}}],\"inLanguage\":\"et\"},{\"@type\":\"Organization\",\"@id\":\"https:\/\/sistemosklaipeda.com\/et\/#organization\",\"name\":\"Sistemos Klaip\u0117da\",\"alternateName\":\"Sistemos\",\"url\":\"https:\/\/sistemosklaipeda.com\/et\/\",\"logo\":{\"@type\":\"ImageObject\",\"inLanguage\":\"et\",\"@id\":\"https:\/\/sistemosklaipeda.com\/et\/#\/schema\/logo\/image\/\",\"url\":\"https:\/\/sistemosklaipeda.com\/wp-content\/uploads\/2023\/09\/sistemos-logo-cropperd-e1695968047774.png\",\"contentUrl\":\"https:\/\/sistemosklaipeda.com\/wp-content\/uploads\/2023\/09\/sistemos-logo-cropperd-e1695968047774.png\",\"width\":401,\"height\":206,\"caption\":\"Sistemos Klaip\u0117da\"},\"image\":{\"@id\":\"https:\/\/sistemosklaipeda.com\/et\/#\/schema\/logo\/image\/\"},\"sameAs\":[\"https:\/\/www.facebook.com\/SistemosKlp\",\"https:\/\/www.instagram.com\/sistemosklaipeda\/\"]}]}<\/script>\n<!-- \/ Yoast SEO plugin. -->","yoast_head_json":{"title":"American Hook Hole Plug 50\u00d750","robots":{"index":"index","follow":"follow","max-snippet":"max-snippet:-1","max-image-preview":"max-image-preview:large","max-video-preview":"max-video-preview:-1"},"canonical":"https:\/\/sistemosklaipeda.com\/et\/toode\/american-hook-hole-plug-50x50\/","og_locale":"et_EE","og_type":"article","og_title":"American Hook Hole Plug 50\u00d750","og_description":"American Hook Hole Plug 50\u00d750mm. Vkaas on valmistatud vastupidavast mustast plastist. Vastupidav plastikust kork on m\u00f5eldud kaitsma toru halva ilma korral vihma, tolmu, lume-j\u00e4\u00e4 ja rooste eest.","og_url":"https:\/\/sistemosklaipeda.com\/et\/toode\/american-hook-hole-plug-50x50\/","og_site_name":"Sistemos Klaip\u0117da","article_publisher":"https:\/\/www.facebook.com\/SistemosKlp","og_image":[{"width":800,"height":800,"url":"https:\/\/sistemosklaipeda.com\/wp-content\/uploads\/2023\/06\/amerikietisko-kablio-dangtelis.jpg?v=1719405663","type":"image\/jpeg"}],"twitter_card":"summary_large_image","schema":{"@context":"https:\/\/schema.org","@graph":[{"@type":"WebPage","@id":"https:\/\/sistemosklaipeda.com\/et\/toode\/american-hook-hole-plug-50x50\/","url":"https:\/\/sistemosklaipeda.com\/et\/toode\/american-hook-hole-plug-50x50\/","name":"American Hook Hole Plug 50\u00d750","isPartOf":{"@id":"https:\/\/sistemosklaipeda.com\/et\/#website"},"primaryImageOfPage":{"@id":"https:\/\/sistemosklaipeda.com\/et\/toode\/american-hook-hole-plug-50x50\/#primaryimage"},"image":{"@id":"https:\/\/sistemosklaipeda.com\/et\/toode\/american-hook-hole-plug-50x50\/#primaryimage"},"thumbnailUrl":"https:\/\/sistemosklaipeda.com\/wp-content\/uploads\/2023\/06\/amerikietisko-kablio-dangtelis.jpg","datePublished":"2025-01-07T14:50:07+00:00","breadcrumb":{"@id":"https:\/\/sistemosklaipeda.com\/et\/toode\/american-hook-hole-plug-50x50\/#breadcrumb"},"inLanguage":"et","potentialAction":[{"@type":"ReadAction","target":["https:\/\/sistemosklaipeda.com\/et\/toode\/american-hook-hole-plug-50x50\/"]}]},{"@type":"ImageObject","inLanguage":"et","@id":"https:\/\/sistemosklaipeda.com\/et\/toode\/american-hook-hole-plug-50x50\/#primaryimage","url":"https:\/\/sistemosklaipeda.com\/wp-content\/uploads\/2023\/06\/amerikietisko-kablio-dangtelis.jpg","contentUrl":"https:\/\/sistemosklaipeda.com\/wp-content\/uploads\/2023\/06\/amerikietisko-kablio-dangtelis.jpg","width":800,"height":800,"caption":"Amerikieti\u0161ko kablio skyl\u0117s kam\u0161tis 50\u00d750"},{"@type":"BreadcrumbList","@id":"https:\/\/sistemosklaipeda.com\/et\/toode\/american-hook-hole-plug-50x50\/#breadcrumb","itemListElement":[{"@type":"ListItem","position":1,"name":"Prad\u017eia","item":"https:\/\/sistemosklaipeda.com\/et\/kauplus\/"},{"@type":"ListItem","position":2,"name":"Kauplus","item":"https:\/\/sistemosklaipeda.com\/et\/kauplus\/"},{"@type":"ListItem","position":3,"name":"American Hook Hole Plug 50\u00d750"}]},{"@type":"WebSite","@id":"https:\/\/sistemosklaipeda.com\/et\/#website","url":"https:\/\/sistemosklaipeda.com\/et\/","name":"Sistemos Klaip\u0117da","description":"Kokybi\u0161ka duj\u0173 \u012franga ir jos komponentai, kabliai ir priedai","publisher":{"@id":"https:\/\/sistemosklaipeda.com\/et\/#organization"},"potentialAction":[{"@type":"SearchAction","target":{"@type":"EntryPoint","urlTemplate":"https:\/\/sistemosklaipeda.com\/et\/?s={search_term_string}"},"query-input":{"@type":"PropertyValueSpecification","valueRequired":true,"valueName":"search_term_string"}}],"inLanguage":"et"},{"@type":"Organization","@id":"https:\/\/sistemosklaipeda.com\/et\/#organization","name":"Sistemos Klaip\u0117da","alternateName":"Sistemos","url":"https:\/\/sistemosklaipeda.com\/et\/","logo":{"@type":"ImageObject","inLanguage":"et","@id":"https:\/\/sistemosklaipeda.com\/et\/#\/schema\/logo\/image\/","url":"https:\/\/sistemosklaipeda.com\/wp-content\/uploads\/2023\/09\/sistemos-logo-cropperd-e1695968047774.png","contentUrl":"https:\/\/sistemosklaipeda.com\/wp-content\/uploads\/2023\/09\/sistemos-logo-cropperd-e1695968047774.png","width":401,"height":206,"caption":"Sistemos Klaip\u0117da"},"image":{"@id":"https:\/\/sistemosklaipeda.com\/et\/#\/schema\/logo\/image\/"},"sameAs":["https:\/\/www.facebook.com\/SistemosKlp","https:\/\/www.instagram.com\/sistemosklaipeda\/"]}]}},"_links":{"self":[{"href":"https:\/\/sistemosklaipeda.com\/et\/wp-json\/wp\/v2\/product\/16610","targetHints":{"allow":["GET"]}}],"collection":[{"href":"https:\/\/sistemosklaipeda.com\/et\/wp-json\/wp\/v2\/product"}],"about":[{"href":"https:\/\/sistemosklaipeda.com\/et\/wp-json\/wp\/v2\/types\/product"}],"wp:featuredmedia":[{"embeddable":true,"href":"https:\/\/sistemosklaipeda.com\/et\/wp-json\/wp\/v2\/media\/14893"}],"wp:attachment":[{"href":"https:\/\/sistemosklaipeda.com\/et\/wp-json\/wp\/v2\/media?parent=16610"}],"wp:term":[{"taxonomy":"product_brand","embeddable":true,"href":"https:\/\/sistemosklaipeda.com\/et\/wp-json\/wp\/v2\/product_brand?post=16610"},{"taxonomy":"product_cat","embeddable":true,"href":"https:\/\/sistemosklaipeda.com\/et\/wp-json\/wp\/v2\/product_cat?post=16610"},{"taxonomy":"product_tag","embeddable":true,"href":"https:\/\/sistemosklaipeda.com\/et\/wp-json\/wp\/v2\/product_tag?post=16610"}],"curies":[{"name":"wp","href":"https:\/\/api.w.org\/{rel}","templated":true}]}}