{"id":16609,"date":"2023-07-10T12:45:41","date_gmt":"2025-01-07T14:50:06","guid":{"rendered":"https:\/\/sistemosklaipeda.com\/product\/klappide-kaitsevedelik-jlm-valve-saver-fluid-1000ml\/"},"modified":"2025-01-07T14:50:06","modified_gmt":"2025-01-07T14:50:06","slug":"klappide-kaitsevedelik-jlm-valve-saver-fluid-1000ml","status":"publish","type":"product","link":"https:\/\/sistemosklaipeda.com\/et\/toode\/klappide-kaitsevedelik-jlm-valve-saver-fluid-1000ml\/","title":{"rendered":"Klappide kaitsevedelik JLM VALVE SAVER FLUID 1000ML"},"content":{"rendered":"","protected":false},"excerpt":{"rendered":"<p><span style=\"color: #000000\">Klappide kaitsevedelik JLM VALVE SAVER FLUID 1000ML<\/span><\/p>\n<p><span style=\"color: #000000\">Kaitseb, puhastab ja jahutab klappe ja klapipesasid<\/span><\/p>\n<p><span style=\"color: #000000\"> K\u00fctuses\u00e4\u00e4stu efekt <\/span><\/p>\n<p><span style=\"color: #000000\">V\u00e4hendab heitkoguseid<\/span><\/p>\n","protected":false},"featured_media":14521,"template":"","meta":[],"product_brand":[],"product_cat":[241],"product_tag":[242],"class_list":{"0":"post-16609","1":"product","2":"type-product","3":"status-publish","4":"has-post-thumbnail","6":"product_cat-rasv","7":"product_tag-rasv","9":"first","10":"instock","11":"taxable","12":"shipping-taxable","13":"purchasable","14":"product-type-simple"},"yoast_head":"<!-- This site is optimized with the Yoast SEO plugin v27.0 - https:\/\/yoast.com\/product\/yoast-seo-wordpress\/ -->\n<title>Klappide kaitsevedelik JLM VALVE SAVER FLUID 1000ML - Sistemos Klaip\u0117da<\/title>\n<meta name=\"robots\" content=\"index, follow, max-snippet:-1, max-image-preview:large, max-video-preview:-1\" \/>\n<link rel=\"canonical\" href=\"https:\/\/sistemosklaipeda.com\/et\/toode\/klappide-kaitsevedelik-jlm-valve-saver-fluid-1000ml\/\" \/>\n<meta property=\"og:locale\" content=\"et_EE\" \/>\n<meta property=\"og:type\" content=\"article\" \/>\n<meta property=\"og:title\" content=\"Klappide kaitsevedelik JLM VALVE SAVER FLUID 1000ML - Sistemos Klaip\u0117da\" \/>\n<meta property=\"og:description\" content=\"Klappide kaitsevedelik JLM VALVE SAVER FLUID 1000ML Kaitseb, puhastab ja jahutab klappe ja klapipesasid  K\u00fctuses\u00e4\u00e4stu efekt  V\u00e4hendab heitkoguseid\" \/>\n<meta property=\"og:url\" content=\"https:\/\/sistemosklaipeda.com\/et\/toode\/klappide-kaitsevedelik-jlm-valve-saver-fluid-1000ml\/\" \/>\n<meta property=\"og:site_name\" content=\"Sistemos Klaip\u0117da\" \/>\n<meta property=\"article:publisher\" content=\"https:\/\/www.facebook.com\/SistemosKlp\" \/>\n<meta name=\"twitter:card\" content=\"summary_large_image\" \/>\n<script type=\"application\/ld+json\" class=\"yoast-schema-graph\">{\"@context\":\"https:\/\/schema.org\",\"@graph\":[{\"@type\":\"WebPage\",\"@id\":\"https:\/\/sistemosklaipeda.com\/et\/toode\/klappide-kaitsevedelik-jlm-valve-saver-fluid-1000ml\/\",\"url\":\"https:\/\/sistemosklaipeda.com\/et\/toode\/klappide-kaitsevedelik-jlm-valve-saver-fluid-1000ml\/\",\"name\":\"Klappide kaitsevedelik JLM VALVE SAVER FLUID 1000ML - Sistemos Klaip\u0117da\",\"isPartOf\":{\"@id\":\"https:\/\/sistemosklaipeda.com\/et\/#website\"},\"primaryImageOfPage\":{\"@id\":\"https:\/\/sistemosklaipeda.com\/et\/toode\/klappide-kaitsevedelik-jlm-valve-saver-fluid-1000ml\/#primaryimage\"},\"image\":{\"@id\":\"https:\/\/sistemosklaipeda.com\/et\/toode\/klappide-kaitsevedelik-jlm-valve-saver-fluid-1000ml\/#primaryimage\"},\"thumbnailUrl\":\"https:\/\/sistemosklaipeda.com\/wp-content\/uploads\/2024\/02\/voztuvu-apsaugos-skystis-jlm-valve-saver-fluid-1000ml-scaled-1.jpg\",\"datePublished\":\"2025-01-07T14:50:06+00:00\",\"breadcrumb\":{\"@id\":\"https:\/\/sistemosklaipeda.com\/et\/toode\/klappide-kaitsevedelik-jlm-valve-saver-fluid-1000ml\/#breadcrumb\"},\"inLanguage\":\"et\",\"potentialAction\":[{\"@type\":\"ReadAction\",\"target\":[\"https:\/\/sistemosklaipeda.com\/et\/toode\/klappide-kaitsevedelik-jlm-valve-saver-fluid-1000ml\/\"]}]},{\"@type\":\"ImageObject\",\"inLanguage\":\"et\",\"@id\":\"https:\/\/sistemosklaipeda.com\/et\/toode\/klappide-kaitsevedelik-jlm-valve-saver-fluid-1000ml\/#primaryimage\",\"url\":\"https:\/\/sistemosklaipeda.com\/wp-content\/uploads\/2024\/02\/voztuvu-apsaugos-skystis-jlm-valve-saver-fluid-1000ml-scaled-1.jpg\",\"contentUrl\":\"https:\/\/sistemosklaipeda.com\/wp-content\/uploads\/2024\/02\/voztuvu-apsaugos-skystis-jlm-valve-saver-fluid-1000ml-scaled-1.jpg\",\"width\":602,\"height\":800,\"caption\":\"Vo\u017etuv\u0173 apsaugos skystis JLM VALVE SAVER FLUID 1000ML\"},{\"@type\":\"BreadcrumbList\",\"@id\":\"https:\/\/sistemosklaipeda.com\/et\/toode\/klappide-kaitsevedelik-jlm-valve-saver-fluid-1000ml\/#breadcrumb\",\"itemListElement\":[{\"@type\":\"ListItem\",\"position\":1,\"name\":\"Prad\u017eia\",\"item\":\"https:\/\/sistemosklaipeda.com\/et\/kauplus\/\"},{\"@type\":\"ListItem\",\"position\":2,\"name\":\"Kauplus\",\"item\":\"https:\/\/sistemosklaipeda.com\/et\/kauplus\/\"},{\"@type\":\"ListItem\",\"position\":3,\"name\":\"Klappide kaitsevedelik JLM VALVE SAVER FLUID 1000ML\"}]},{\"@type\":\"WebSite\",\"@id\":\"https:\/\/sistemosklaipeda.com\/et\/#website\",\"url\":\"https:\/\/sistemosklaipeda.com\/et\/\",\"name\":\"Sistemos Klaip\u0117da\",\"description\":\"Kokybi\u0161ka duj\u0173 \u012franga ir jos komponentai, kabliai ir priedai\",\"publisher\":{\"@id\":\"https:\/\/sistemosklaipeda.com\/et\/#organization\"},\"potentialAction\":[{\"@type\":\"SearchAction\",\"target\":{\"@type\":\"EntryPoint\",\"urlTemplate\":\"https:\/\/sistemosklaipeda.com\/et\/?s={search_term_string}\"},\"query-input\":{\"@type\":\"PropertyValueSpecification\",\"valueRequired\":true,\"valueName\":\"search_term_string\"}}],\"inLanguage\":\"et\"},{\"@type\":\"Organization\",\"@id\":\"https:\/\/sistemosklaipeda.com\/et\/#organization\",\"name\":\"Sistemos Klaip\u0117da\",\"alternateName\":\"Sistemos\",\"url\":\"https:\/\/sistemosklaipeda.com\/et\/\",\"logo\":{\"@type\":\"ImageObject\",\"inLanguage\":\"et\",\"@id\":\"https:\/\/sistemosklaipeda.com\/et\/#\/schema\/logo\/image\/\",\"url\":\"https:\/\/sistemosklaipeda.com\/wp-content\/uploads\/2023\/09\/sistemos-logo-cropperd-e1695968047774.png\",\"contentUrl\":\"https:\/\/sistemosklaipeda.com\/wp-content\/uploads\/2023\/09\/sistemos-logo-cropperd-e1695968047774.png\",\"width\":401,\"height\":206,\"caption\":\"Sistemos Klaip\u0117da\"},\"image\":{\"@id\":\"https:\/\/sistemosklaipeda.com\/et\/#\/schema\/logo\/image\/\"},\"sameAs\":[\"https:\/\/www.facebook.com\/SistemosKlp\",\"https:\/\/www.instagram.com\/sistemosklaipeda\/\"]}]}<\/script>\n<!-- \/ Yoast SEO plugin. -->","yoast_head_json":{"title":"Klappide kaitsevedelik JLM VALVE SAVER FLUID 1000ML - Sistemos Klaip\u0117da","robots":{"index":"index","follow":"follow","max-snippet":"max-snippet:-1","max-image-preview":"max-image-preview:large","max-video-preview":"max-video-preview:-1"},"canonical":"https:\/\/sistemosklaipeda.com\/et\/toode\/klappide-kaitsevedelik-jlm-valve-saver-fluid-1000ml\/","og_locale":"et_EE","og_type":"article","og_title":"Klappide kaitsevedelik JLM VALVE SAVER FLUID 1000ML - Sistemos Klaip\u0117da","og_description":"Klappide kaitsevedelik JLM VALVE SAVER FLUID 1000ML Kaitseb, puhastab ja jahutab klappe ja klapipesasid  K\u00fctuses\u00e4\u00e4stu efekt  V\u00e4hendab heitkoguseid","og_url":"https:\/\/sistemosklaipeda.com\/et\/toode\/klappide-kaitsevedelik-jlm-valve-saver-fluid-1000ml\/","og_site_name":"Sistemos Klaip\u0117da","article_publisher":"https:\/\/www.facebook.com\/SistemosKlp","twitter_card":"summary_large_image","schema":{"@context":"https:\/\/schema.org","@graph":[{"@type":"WebPage","@id":"https:\/\/sistemosklaipeda.com\/et\/toode\/klappide-kaitsevedelik-jlm-valve-saver-fluid-1000ml\/","url":"https:\/\/sistemosklaipeda.com\/et\/toode\/klappide-kaitsevedelik-jlm-valve-saver-fluid-1000ml\/","name":"Klappide kaitsevedelik JLM VALVE SAVER FLUID 1000ML - Sistemos Klaip\u0117da","isPartOf":{"@id":"https:\/\/sistemosklaipeda.com\/et\/#website"},"primaryImageOfPage":{"@id":"https:\/\/sistemosklaipeda.com\/et\/toode\/klappide-kaitsevedelik-jlm-valve-saver-fluid-1000ml\/#primaryimage"},"image":{"@id":"https:\/\/sistemosklaipeda.com\/et\/toode\/klappide-kaitsevedelik-jlm-valve-saver-fluid-1000ml\/#primaryimage"},"thumbnailUrl":"https:\/\/sistemosklaipeda.com\/wp-content\/uploads\/2024\/02\/voztuvu-apsaugos-skystis-jlm-valve-saver-fluid-1000ml-scaled-1.jpg","datePublished":"2025-01-07T14:50:06+00:00","breadcrumb":{"@id":"https:\/\/sistemosklaipeda.com\/et\/toode\/klappide-kaitsevedelik-jlm-valve-saver-fluid-1000ml\/#breadcrumb"},"inLanguage":"et","potentialAction":[{"@type":"ReadAction","target":["https:\/\/sistemosklaipeda.com\/et\/toode\/klappide-kaitsevedelik-jlm-valve-saver-fluid-1000ml\/"]}]},{"@type":"ImageObject","inLanguage":"et","@id":"https:\/\/sistemosklaipeda.com\/et\/toode\/klappide-kaitsevedelik-jlm-valve-saver-fluid-1000ml\/#primaryimage","url":"https:\/\/sistemosklaipeda.com\/wp-content\/uploads\/2024\/02\/voztuvu-apsaugos-skystis-jlm-valve-saver-fluid-1000ml-scaled-1.jpg","contentUrl":"https:\/\/sistemosklaipeda.com\/wp-content\/uploads\/2024\/02\/voztuvu-apsaugos-skystis-jlm-valve-saver-fluid-1000ml-scaled-1.jpg","width":602,"height":800,"caption":"Vo\u017etuv\u0173 apsaugos skystis JLM VALVE SAVER FLUID 1000ML"},{"@type":"BreadcrumbList","@id":"https:\/\/sistemosklaipeda.com\/et\/toode\/klappide-kaitsevedelik-jlm-valve-saver-fluid-1000ml\/#breadcrumb","itemListElement":[{"@type":"ListItem","position":1,"name":"Prad\u017eia","item":"https:\/\/sistemosklaipeda.com\/et\/kauplus\/"},{"@type":"ListItem","position":2,"name":"Kauplus","item":"https:\/\/sistemosklaipeda.com\/et\/kauplus\/"},{"@type":"ListItem","position":3,"name":"Klappide kaitsevedelik JLM VALVE SAVER FLUID 1000ML"}]},{"@type":"WebSite","@id":"https:\/\/sistemosklaipeda.com\/et\/#website","url":"https:\/\/sistemosklaipeda.com\/et\/","name":"Sistemos Klaip\u0117da","description":"Kokybi\u0161ka duj\u0173 \u012franga ir jos komponentai, kabliai ir priedai","publisher":{"@id":"https:\/\/sistemosklaipeda.com\/et\/#organization"},"potentialAction":[{"@type":"SearchAction","target":{"@type":"EntryPoint","urlTemplate":"https:\/\/sistemosklaipeda.com\/et\/?s={search_term_string}"},"query-input":{"@type":"PropertyValueSpecification","valueRequired":true,"valueName":"search_term_string"}}],"inLanguage":"et"},{"@type":"Organization","@id":"https:\/\/sistemosklaipeda.com\/et\/#organization","name":"Sistemos Klaip\u0117da","alternateName":"Sistemos","url":"https:\/\/sistemosklaipeda.com\/et\/","logo":{"@type":"ImageObject","inLanguage":"et","@id":"https:\/\/sistemosklaipeda.com\/et\/#\/schema\/logo\/image\/","url":"https:\/\/sistemosklaipeda.com\/wp-content\/uploads\/2023\/09\/sistemos-logo-cropperd-e1695968047774.png","contentUrl":"https:\/\/sistemosklaipeda.com\/wp-content\/uploads\/2023\/09\/sistemos-logo-cropperd-e1695968047774.png","width":401,"height":206,"caption":"Sistemos Klaip\u0117da"},"image":{"@id":"https:\/\/sistemosklaipeda.com\/et\/#\/schema\/logo\/image\/"},"sameAs":["https:\/\/www.facebook.com\/SistemosKlp","https:\/\/www.instagram.com\/sistemosklaipeda\/"]}]}},"_links":{"self":[{"href":"https:\/\/sistemosklaipeda.com\/et\/wp-json\/wp\/v2\/product\/16609","targetHints":{"allow":["GET"]}}],"collection":[{"href":"https:\/\/sistemosklaipeda.com\/et\/wp-json\/wp\/v2\/product"}],"about":[{"href":"https:\/\/sistemosklaipeda.com\/et\/wp-json\/wp\/v2\/types\/product"}],"wp:featuredmedia":[{"embeddable":true,"href":"https:\/\/sistemosklaipeda.com\/et\/wp-json\/wp\/v2\/media\/14521"}],"wp:attachment":[{"href":"https:\/\/sistemosklaipeda.com\/et\/wp-json\/wp\/v2\/media?parent=16609"}],"wp:term":[{"taxonomy":"product_brand","embeddable":true,"href":"https:\/\/sistemosklaipeda.com\/et\/wp-json\/wp\/v2\/product_brand?post=16609"},{"taxonomy":"product_cat","embeddable":true,"href":"https:\/\/sistemosklaipeda.com\/et\/wp-json\/wp\/v2\/product_cat?post=16609"},{"taxonomy":"product_tag","embeddable":true,"href":"https:\/\/sistemosklaipeda.com\/et\/wp-json\/wp\/v2\/product_tag?post=16609"}],"curies":[{"name":"wp","href":"https:\/\/api.w.org\/{rel}","templated":true}]}}