{"id":16587,"date":"2023-12-15T00:03:45","date_gmt":"2025-01-07T14:47:50","guid":{"rendered":"https:\/\/sistemosklaipeda.com\/product\/reduktor-landi-renzo-li10-turbo-oversize-m12x1\/"},"modified":"2025-01-07T14:47:50","modified_gmt":"2025-01-07T14:47:50","slug":"reduktor-landi-renzo-li10-turbo-oversize-m12x1","status":"publish","type":"product","link":"https:\/\/sistemosklaipeda.com\/et\/toode\/reduktor-landi-renzo-li10-turbo-oversize-m12x1\/","title":{"rendered":"Reduktor Landi Renzo LI10 Turbo Oversize M12x1"},"content":{"rendered":"<p id=\"tw-target-text\" class=\"tw-data-text tw-text-large tw-ta\" dir=\"ltr\" data-placeholder=\"Vertimas\" data-ved=\"2ahUKEwiy1-2G84-DAxWhFBAIHRNuA28Q3ewLegQIBRAQ\"><span class=\"Y2IQFc\" lang=\"lt\" style=\"font-size: 12pt;font-family: arial, helvetica, sans-serif;color: #000000\">LI-10 on \u00fcheastmeline kompenseeritud positiivse r\u00f5hu reduktor koos turvaventiiliga. Selle kompaktne konstruktsioon sisaldab suletud ahela solenoidventiili, mis on integreeritud vahetatava filtriga gaasivarustuse juures. <\/span><\/p>\n<p class=\"tw-data-text tw-text-large tw-ta\" dir=\"ltr\" data-placeholder=\"Vertimas\" data-ved=\"2ahUKEwiy1-2G84-DAxWhFBAIHRNuA28Q3ewLegQIBRAQ\"><span class=\"Y2IQFc\" lang=\"lt\" style=\"font-size: 12pt;font-family: arial, helvetica, sans-serif;color: #000000\">  See \u00fchendab endas suure v\u00f5imsuse ja suure paindlikkuse, mida saab kasutada uue p\u00f5lvkonna Twinair ja MultiAir sissepuhke- ja turbomootorites.<\/span><\/p>\n<p class=\"tw-data-text tw-text-large tw-ta\" dir=\"ltr\" data-placeholder=\"Vertimas\" data-ved=\"2ahUKEwiy1-2G84-DAxWhFBAIHRNuA28Q3ewLegQIBRAQ\"><span class=\"Y2IQFc\" lang=\"lt\" style=\"font-size: 12pt;font-family: arial, helvetica, sans-serif;color: #000000\">Tehnilised andmed:<\/span><\/p>\n<p class=\"tw-data-text tw-text-large tw-ta\" dir=\"ltr\" data-placeholder=\"Vertimas\" data-ved=\"2ahUKEwiy1-2G84-DAxWhFBAIHRNuA28Q3ewLegQIBRAQ\"><span class=\"Y2IQFc\" lang=\"lt\" style=\"font-size: 12pt;font-family: arial, helvetica, sans-serif;color: #000000\">  \u00dcheastmeline kompenseeritud \u00fcler\u00f5hu LPG aurusti koos turvaventiiliga<\/span><\/p>\n<p class=\"tw-data-text tw-text-large tw-ta\" dir=\"ltr\" data-placeholder=\"Vertimas\" data-ved=\"2ahUKEwiy1-2G84-DAxWhFBAIHRNuA28Q3ewLegQIBRAQ\"><span class=\"Y2IQFc\" lang=\"lt\" style=\"font-size: 12pt;font-family: arial, helvetica, sans-serif;color: #000000\">Sisend: M12x1 (8 mm vask)<\/span><\/p>\n<p class=\"tw-data-text tw-text-large tw-ta\" dir=\"ltr\" data-placeholder=\"Vertimas\" data-ved=\"2ahUKEwiy1-2G84-DAxWhFBAIHRNuA28Q3ewLegQIBRAQ\"><span class=\"Y2IQFc\" lang=\"lt\" style=\"font-size: 12pt;font-family: arial, helvetica, sans-serif;color: #000000\">V\u00e4ljund: vooliku l\u00e4bim\u00f5\u00f5t 14 mm<\/span><\/p>\n<p class=\"tw-data-text tw-text-large tw-ta\" dir=\"ltr\" data-placeholder=\"Vertimas\" data-ved=\"2ahUKEwiy1-2G84-DAxWhFBAIHRNuA28Q3ewLegQIBRAQ\"><span class=\"Y2IQFc\" lang=\"lt\" style=\"font-size: 12pt;font-family: arial, helvetica, sans-serif;color: #000000\">Vee\u00fchendused: 16mm<\/span><\/p>\n","protected":false},"excerpt":{"rendered":"<p><span class=\"Y2IQFc\" lang=\"lt\" style=\"font-size: 10pt;font-family: arial, helvetica, sans-serif;color: #000000\">LI-10 on \u00fcheastmeline kompenseeritud positiivse r\u00f5hu reduktor koos turvaventiiliga.<br \/>\nSelle kompaktse konstruktsiooniga suletud magnetventiil, mis on integreeritud vahetatava filtriga gaasi sisselaskeava juures. See \u00fchendab endas suure v\u00f5imsuse ja suure paindlikkuse, et kasutada seda uue p\u00f5lvkonna Twinair ja MultiAir sisselaske- ja turbomootorites. <\/span><\/p>\n","protected":false},"featured_media":14641,"template":"","meta":[],"product_brand":[],"product_cat":[207],"product_tag":[229,236],"class_list":{"0":"post-16587","1":"product","2":"type-product","3":"status-publish","4":"has-post-thumbnail","6":"product_cat-reduktor","7":"product_tag-landi-renzo-et","8":"product_tag-reduktor","10":"first","11":"instock","12":"taxable","13":"shipping-taxable","14":"purchasable","15":"product-type-simple"},"yoast_head":"<!-- This site is optimized with the Yoast SEO plugin v27.0 - https:\/\/yoast.com\/product\/yoast-seo-wordpress\/ -->\n<title>Reduktor Landi Renzo LI10 Turbo Oversize M12x1 - Sistemos Klaip\u0117da<\/title>\n<meta name=\"robots\" content=\"index, follow, max-snippet:-1, max-image-preview:large, max-video-preview:-1\" \/>\n<link rel=\"canonical\" href=\"https:\/\/sistemosklaipeda.com\/et\/toode\/reduktor-landi-renzo-li10-turbo-oversize-m12x1\/\" \/>\n<meta property=\"og:locale\" content=\"et_EE\" \/>\n<meta property=\"og:type\" content=\"article\" \/>\n<meta property=\"og:title\" content=\"Reduktor Landi Renzo LI10 Turbo Oversize M12x1 - Sistemos Klaip\u0117da\" \/>\n<meta property=\"og:description\" content=\"LI-10 on \u00fcheastmeline kompenseeritud positiivse r\u00f5hu reduktor koos turvaventiiliga. Selle kompaktse konstruktsiooniga suletud magnetventiil, mis on integreeritud vahetatava filtriga gaasi sisselaskeava juures. See \u00fchendab endas suure v\u00f5imsuse ja suure paindlikkuse, et kasutada seda uue p\u00f5lvkonna Twinair ja MultiAir sisselaske- ja turbomootorites.\" \/>\n<meta property=\"og:url\" content=\"https:\/\/sistemosklaipeda.com\/et\/toode\/reduktor-landi-renzo-li10-turbo-oversize-m12x1\/\" \/>\n<meta property=\"og:site_name\" content=\"Sistemos Klaip\u0117da\" \/>\n<meta property=\"article:publisher\" content=\"https:\/\/www.facebook.com\/SistemosKlp\" \/>\n<meta name=\"twitter:card\" content=\"summary_large_image\" \/>\n<script type=\"application\/ld+json\" class=\"yoast-schema-graph\">{\"@context\":\"https:\/\/schema.org\",\"@graph\":[{\"@type\":\"WebPage\",\"@id\":\"https:\/\/sistemosklaipeda.com\/et\/toode\/reduktor-landi-renzo-li10-turbo-oversize-m12x1\/\",\"url\":\"https:\/\/sistemosklaipeda.com\/et\/toode\/reduktor-landi-renzo-li10-turbo-oversize-m12x1\/\",\"name\":\"Reduktor Landi Renzo LI10 Turbo Oversize M12x1 - Sistemos Klaip\u0117da\",\"isPartOf\":{\"@id\":\"https:\/\/sistemosklaipeda.com\/et\/#website\"},\"primaryImageOfPage\":{\"@id\":\"https:\/\/sistemosklaipeda.com\/et\/toode\/reduktor-landi-renzo-li10-turbo-oversize-m12x1\/#primaryimage\"},\"image\":{\"@id\":\"https:\/\/sistemosklaipeda.com\/et\/toode\/reduktor-landi-renzo-li10-turbo-oversize-m12x1\/#primaryimage\"},\"thumbnailUrl\":\"https:\/\/sistemosklaipeda.com\/wp-content\/uploads\/2024\/02\/reduktorius-landi-renzo-li10-turbo-oversize-m12x1.jpg\",\"datePublished\":\"2025-01-07T14:47:50+00:00\",\"breadcrumb\":{\"@id\":\"https:\/\/sistemosklaipeda.com\/et\/toode\/reduktor-landi-renzo-li10-turbo-oversize-m12x1\/#breadcrumb\"},\"inLanguage\":\"et\",\"potentialAction\":[{\"@type\":\"ReadAction\",\"target\":[\"https:\/\/sistemosklaipeda.com\/et\/toode\/reduktor-landi-renzo-li10-turbo-oversize-m12x1\/\"]}]},{\"@type\":\"ImageObject\",\"inLanguage\":\"et\",\"@id\":\"https:\/\/sistemosklaipeda.com\/et\/toode\/reduktor-landi-renzo-li10-turbo-oversize-m12x1\/#primaryimage\",\"url\":\"https:\/\/sistemosklaipeda.com\/wp-content\/uploads\/2024\/02\/reduktorius-landi-renzo-li10-turbo-oversize-m12x1.jpg\",\"contentUrl\":\"https:\/\/sistemosklaipeda.com\/wp-content\/uploads\/2024\/02\/reduktorius-landi-renzo-li10-turbo-oversize-m12x1.jpg\",\"width\":800,\"height\":800},{\"@type\":\"BreadcrumbList\",\"@id\":\"https:\/\/sistemosklaipeda.com\/et\/toode\/reduktor-landi-renzo-li10-turbo-oversize-m12x1\/#breadcrumb\",\"itemListElement\":[{\"@type\":\"ListItem\",\"position\":1,\"name\":\"Prad\u017eia\",\"item\":\"https:\/\/sistemosklaipeda.com\/et\/kauplus\/\"},{\"@type\":\"ListItem\",\"position\":2,\"name\":\"Kauplus\",\"item\":\"https:\/\/sistemosklaipeda.com\/et\/kauplus\/\"},{\"@type\":\"ListItem\",\"position\":3,\"name\":\"Reduktor Landi Renzo LI10 Turbo Oversize M12x1\"}]},{\"@type\":\"WebSite\",\"@id\":\"https:\/\/sistemosklaipeda.com\/et\/#website\",\"url\":\"https:\/\/sistemosklaipeda.com\/et\/\",\"name\":\"Sistemos Klaip\u0117da\",\"description\":\"Kokybi\u0161ka duj\u0173 \u012franga ir jos komponentai, kabliai ir priedai\",\"publisher\":{\"@id\":\"https:\/\/sistemosklaipeda.com\/et\/#organization\"},\"potentialAction\":[{\"@type\":\"SearchAction\",\"target\":{\"@type\":\"EntryPoint\",\"urlTemplate\":\"https:\/\/sistemosklaipeda.com\/et\/?s={search_term_string}\"},\"query-input\":{\"@type\":\"PropertyValueSpecification\",\"valueRequired\":true,\"valueName\":\"search_term_string\"}}],\"inLanguage\":\"et\"},{\"@type\":\"Organization\",\"@id\":\"https:\/\/sistemosklaipeda.com\/et\/#organization\",\"name\":\"Sistemos Klaip\u0117da\",\"alternateName\":\"Sistemos\",\"url\":\"https:\/\/sistemosklaipeda.com\/et\/\",\"logo\":{\"@type\":\"ImageObject\",\"inLanguage\":\"et\",\"@id\":\"https:\/\/sistemosklaipeda.com\/et\/#\/schema\/logo\/image\/\",\"url\":\"https:\/\/sistemosklaipeda.com\/wp-content\/uploads\/2023\/09\/sistemos-logo-cropperd-e1695968047774.png\",\"contentUrl\":\"https:\/\/sistemosklaipeda.com\/wp-content\/uploads\/2023\/09\/sistemos-logo-cropperd-e1695968047774.png\",\"width\":401,\"height\":206,\"caption\":\"Sistemos Klaip\u0117da\"},\"image\":{\"@id\":\"https:\/\/sistemosklaipeda.com\/et\/#\/schema\/logo\/image\/\"},\"sameAs\":[\"https:\/\/www.facebook.com\/SistemosKlp\",\"https:\/\/www.instagram.com\/sistemosklaipeda\/\"]}]}<\/script>\n<!-- \/ Yoast SEO plugin. -->","yoast_head_json":{"title":"Reduktor Landi Renzo LI10 Turbo Oversize M12x1 - Sistemos Klaip\u0117da","robots":{"index":"index","follow":"follow","max-snippet":"max-snippet:-1","max-image-preview":"max-image-preview:large","max-video-preview":"max-video-preview:-1"},"canonical":"https:\/\/sistemosklaipeda.com\/et\/toode\/reduktor-landi-renzo-li10-turbo-oversize-m12x1\/","og_locale":"et_EE","og_type":"article","og_title":"Reduktor Landi Renzo LI10 Turbo Oversize M12x1 - Sistemos Klaip\u0117da","og_description":"LI-10 on \u00fcheastmeline kompenseeritud positiivse r\u00f5hu reduktor koos turvaventiiliga. Selle kompaktse konstruktsiooniga suletud magnetventiil, mis on integreeritud vahetatava filtriga gaasi sisselaskeava juures. See \u00fchendab endas suure v\u00f5imsuse ja suure paindlikkuse, et kasutada seda uue p\u00f5lvkonna Twinair ja MultiAir sisselaske- ja turbomootorites.","og_url":"https:\/\/sistemosklaipeda.com\/et\/toode\/reduktor-landi-renzo-li10-turbo-oversize-m12x1\/","og_site_name":"Sistemos Klaip\u0117da","article_publisher":"https:\/\/www.facebook.com\/SistemosKlp","twitter_card":"summary_large_image","schema":{"@context":"https:\/\/schema.org","@graph":[{"@type":"WebPage","@id":"https:\/\/sistemosklaipeda.com\/et\/toode\/reduktor-landi-renzo-li10-turbo-oversize-m12x1\/","url":"https:\/\/sistemosklaipeda.com\/et\/toode\/reduktor-landi-renzo-li10-turbo-oversize-m12x1\/","name":"Reduktor Landi Renzo LI10 Turbo Oversize M12x1 - Sistemos Klaip\u0117da","isPartOf":{"@id":"https:\/\/sistemosklaipeda.com\/et\/#website"},"primaryImageOfPage":{"@id":"https:\/\/sistemosklaipeda.com\/et\/toode\/reduktor-landi-renzo-li10-turbo-oversize-m12x1\/#primaryimage"},"image":{"@id":"https:\/\/sistemosklaipeda.com\/et\/toode\/reduktor-landi-renzo-li10-turbo-oversize-m12x1\/#primaryimage"},"thumbnailUrl":"https:\/\/sistemosklaipeda.com\/wp-content\/uploads\/2024\/02\/reduktorius-landi-renzo-li10-turbo-oversize-m12x1.jpg","datePublished":"2025-01-07T14:47:50+00:00","breadcrumb":{"@id":"https:\/\/sistemosklaipeda.com\/et\/toode\/reduktor-landi-renzo-li10-turbo-oversize-m12x1\/#breadcrumb"},"inLanguage":"et","potentialAction":[{"@type":"ReadAction","target":["https:\/\/sistemosklaipeda.com\/et\/toode\/reduktor-landi-renzo-li10-turbo-oversize-m12x1\/"]}]},{"@type":"ImageObject","inLanguage":"et","@id":"https:\/\/sistemosklaipeda.com\/et\/toode\/reduktor-landi-renzo-li10-turbo-oversize-m12x1\/#primaryimage","url":"https:\/\/sistemosklaipeda.com\/wp-content\/uploads\/2024\/02\/reduktorius-landi-renzo-li10-turbo-oversize-m12x1.jpg","contentUrl":"https:\/\/sistemosklaipeda.com\/wp-content\/uploads\/2024\/02\/reduktorius-landi-renzo-li10-turbo-oversize-m12x1.jpg","width":800,"height":800},{"@type":"BreadcrumbList","@id":"https:\/\/sistemosklaipeda.com\/et\/toode\/reduktor-landi-renzo-li10-turbo-oversize-m12x1\/#breadcrumb","itemListElement":[{"@type":"ListItem","position":1,"name":"Prad\u017eia","item":"https:\/\/sistemosklaipeda.com\/et\/kauplus\/"},{"@type":"ListItem","position":2,"name":"Kauplus","item":"https:\/\/sistemosklaipeda.com\/et\/kauplus\/"},{"@type":"ListItem","position":3,"name":"Reduktor Landi Renzo LI10 Turbo Oversize M12x1"}]},{"@type":"WebSite","@id":"https:\/\/sistemosklaipeda.com\/et\/#website","url":"https:\/\/sistemosklaipeda.com\/et\/","name":"Sistemos Klaip\u0117da","description":"Kokybi\u0161ka duj\u0173 \u012franga ir jos komponentai, kabliai ir priedai","publisher":{"@id":"https:\/\/sistemosklaipeda.com\/et\/#organization"},"potentialAction":[{"@type":"SearchAction","target":{"@type":"EntryPoint","urlTemplate":"https:\/\/sistemosklaipeda.com\/et\/?s={search_term_string}"},"query-input":{"@type":"PropertyValueSpecification","valueRequired":true,"valueName":"search_term_string"}}],"inLanguage":"et"},{"@type":"Organization","@id":"https:\/\/sistemosklaipeda.com\/et\/#organization","name":"Sistemos Klaip\u0117da","alternateName":"Sistemos","url":"https:\/\/sistemosklaipeda.com\/et\/","logo":{"@type":"ImageObject","inLanguage":"et","@id":"https:\/\/sistemosklaipeda.com\/et\/#\/schema\/logo\/image\/","url":"https:\/\/sistemosklaipeda.com\/wp-content\/uploads\/2023\/09\/sistemos-logo-cropperd-e1695968047774.png","contentUrl":"https:\/\/sistemosklaipeda.com\/wp-content\/uploads\/2023\/09\/sistemos-logo-cropperd-e1695968047774.png","width":401,"height":206,"caption":"Sistemos Klaip\u0117da"},"image":{"@id":"https:\/\/sistemosklaipeda.com\/et\/#\/schema\/logo\/image\/"},"sameAs":["https:\/\/www.facebook.com\/SistemosKlp","https:\/\/www.instagram.com\/sistemosklaipeda\/"]}]}},"_links":{"self":[{"href":"https:\/\/sistemosklaipeda.com\/et\/wp-json\/wp\/v2\/product\/16587","targetHints":{"allow":["GET"]}}],"collection":[{"href":"https:\/\/sistemosklaipeda.com\/et\/wp-json\/wp\/v2\/product"}],"about":[{"href":"https:\/\/sistemosklaipeda.com\/et\/wp-json\/wp\/v2\/types\/product"}],"wp:featuredmedia":[{"embeddable":true,"href":"https:\/\/sistemosklaipeda.com\/et\/wp-json\/wp\/v2\/media\/14641"}],"wp:attachment":[{"href":"https:\/\/sistemosklaipeda.com\/et\/wp-json\/wp\/v2\/media?parent=16587"}],"wp:term":[{"taxonomy":"product_brand","embeddable":true,"href":"https:\/\/sistemosklaipeda.com\/et\/wp-json\/wp\/v2\/product_brand?post=16587"},{"taxonomy":"product_cat","embeddable":true,"href":"https:\/\/sistemosklaipeda.com\/et\/wp-json\/wp\/v2\/product_cat?post=16587"},{"taxonomy":"product_tag","embeddable":true,"href":"https:\/\/sistemosklaipeda.com\/et\/wp-json\/wp\/v2\/product_tag?post=16587"}],"curies":[{"name":"wp","href":"https:\/\/api.w.org\/{rel}","templated":true}]}}