{"id":16579,"date":"2024-05-15T08:02:54","date_gmt":"2025-01-07T14:47:22","guid":{"rendered":"https:\/\/sistemosklaipeda.com\/product\/aeb-landi-renzo-kalibreerimisotsak-16-mm-punane-i-plus\/"},"modified":"2025-01-07T14:47:22","modified_gmt":"2025-01-07T14:47:22","slug":"aeb-landi-renzo-kalibreerimisotsak-16-mm-punane-i-plus","status":"publish","type":"product","link":"https:\/\/sistemosklaipeda.com\/et\/toode\/aeb-landi-renzo-kalibreerimisotsak-16-mm-punane-i-plus\/","title":{"rendered":"AEB\/Landi Renzo kalibreerimisotsak 1,6 mm punane (I-PLUS)"},"content":{"rendered":"<p>AEB I-Plus d\u00fc\u00fcsi kalibreerimissuund 1,6 mm, punane. Kalibreerimissuund on ette n\u00e4htud paigaldamiseks sissepritserauale. Otsak on valmis paigaldamiseks pihustisse ja v\u00f5imaldab pihusti kalibreerimist mootori v\u00f5imsuse j\u00e4rgi ilma puurimata. <\/p>\n","protected":false},"excerpt":{"rendered":"<p>AEB I-Plus d\u00fc\u00fcsi kalibreerimissuund 1,6 mm, punane. Kalibreerimissuund on ette n\u00e4htud paigaldamiseks sissepritserauale. Otsak on valmis paigaldamiseks pihustisse ja v\u00f5imaldab pihusti kalibreerimist mootori v\u00f5imsuse j\u00e4rgi ilma puurimata.<\/p>\n","protected":false},"featured_media":15367,"template":"","meta":[],"product_brand":[],"product_cat":[199,206],"product_tag":[],"class_list":{"0":"post-16579","1":"product","2":"type-product","3":"status-publish","4":"has-post-thumbnail","6":"product_cat-gaasipihustid","7":"product_cat-manused","9":"first","10":"instock","11":"taxable","12":"shipping-taxable","13":"purchasable","14":"product-type-simple"},"yoast_head":"<!-- This site is optimized with the Yoast SEO plugin v27.0 - https:\/\/yoast.com\/product\/yoast-seo-wordpress\/ -->\n<title>AEB\/Landi Renzo kalibreerimisotsak 1,6 mm punane (I-PLUS) - Sistemos Klaip\u0117da<\/title>\n<meta name=\"robots\" content=\"index, follow, max-snippet:-1, max-image-preview:large, max-video-preview:-1\" \/>\n<link rel=\"canonical\" href=\"https:\/\/sistemosklaipeda.com\/et\/toode\/aeb-landi-renzo-kalibreerimisotsak-16-mm-punane-i-plus\/\" \/>\n<meta property=\"og:locale\" content=\"et_EE\" \/>\n<meta property=\"og:type\" content=\"article\" \/>\n<meta property=\"og:title\" content=\"AEB\/Landi Renzo kalibreerimisotsak 1,6 mm punane (I-PLUS) - Sistemos Klaip\u0117da\" \/>\n<meta property=\"og:description\" content=\"AEB I-Plus d\u00fc\u00fcsi kalibreerimissuund 1,6 mm, punane. Kalibreerimissuund on ette n\u00e4htud paigaldamiseks sissepritserauale. Otsak on valmis paigaldamiseks pihustisse ja v\u00f5imaldab pihusti kalibreerimist mootori v\u00f5imsuse j\u00e4rgi ilma puurimata.\" \/>\n<meta property=\"og:url\" content=\"https:\/\/sistemosklaipeda.com\/et\/toode\/aeb-landi-renzo-kalibreerimisotsak-16-mm-punane-i-plus\/\" \/>\n<meta property=\"og:site_name\" content=\"Sistemos Klaip\u0117da\" \/>\n<meta property=\"article:publisher\" content=\"https:\/\/www.facebook.com\/SistemosKlp\" \/>\n<meta property=\"og:image\" content=\"https:\/\/sistemosklaipeda.com\/wp-content\/uploads\/2024\/05\/514.png?v=1719405635\" \/>\n\t<meta property=\"og:image:width\" content=\"776\" \/>\n\t<meta property=\"og:image:height\" content=\"800\" \/>\n\t<meta property=\"og:image:type\" content=\"image\/png\" \/>\n<meta name=\"twitter:card\" content=\"summary_large_image\" \/>\n<script type=\"application\/ld+json\" class=\"yoast-schema-graph\">{\"@context\":\"https:\/\/schema.org\",\"@graph\":[{\"@type\":\"WebPage\",\"@id\":\"https:\/\/sistemosklaipeda.com\/et\/toode\/aeb-landi-renzo-kalibreerimisotsak-16-mm-punane-i-plus\/\",\"url\":\"https:\/\/sistemosklaipeda.com\/et\/toode\/aeb-landi-renzo-kalibreerimisotsak-16-mm-punane-i-plus\/\",\"name\":\"AEB\/Landi Renzo kalibreerimisotsak 1,6 mm punane (I-PLUS) - Sistemos Klaip\u0117da\",\"isPartOf\":{\"@id\":\"https:\/\/sistemosklaipeda.com\/et\/#website\"},\"primaryImageOfPage\":{\"@id\":\"https:\/\/sistemosklaipeda.com\/et\/toode\/aeb-landi-renzo-kalibreerimisotsak-16-mm-punane-i-plus\/#primaryimage\"},\"image\":{\"@id\":\"https:\/\/sistemosklaipeda.com\/et\/toode\/aeb-landi-renzo-kalibreerimisotsak-16-mm-punane-i-plus\/#primaryimage\"},\"thumbnailUrl\":\"https:\/\/sistemosklaipeda.com\/wp-content\/uploads\/2024\/05\/514.png\",\"datePublished\":\"2025-01-07T14:47:22+00:00\",\"breadcrumb\":{\"@id\":\"https:\/\/sistemosklaipeda.com\/et\/toode\/aeb-landi-renzo-kalibreerimisotsak-16-mm-punane-i-plus\/#breadcrumb\"},\"inLanguage\":\"et\",\"potentialAction\":[{\"@type\":\"ReadAction\",\"target\":[\"https:\/\/sistemosklaipeda.com\/et\/toode\/aeb-landi-renzo-kalibreerimisotsak-16-mm-punane-i-plus\/\"]}]},{\"@type\":\"ImageObject\",\"inLanguage\":\"et\",\"@id\":\"https:\/\/sistemosklaipeda.com\/et\/toode\/aeb-landi-renzo-kalibreerimisotsak-16-mm-punane-i-plus\/#primaryimage\",\"url\":\"https:\/\/sistemosklaipeda.com\/wp-content\/uploads\/2024\/05\/514.png\",\"contentUrl\":\"https:\/\/sistemosklaipeda.com\/wp-content\/uploads\/2024\/05\/514.png\",\"width\":776,\"height\":800,\"caption\":\"AEB\/Landi Renzo kalibravimo antgalio jungtis 1,6 mm raudona (I-PLUS)\"},{\"@type\":\"BreadcrumbList\",\"@id\":\"https:\/\/sistemosklaipeda.com\/et\/toode\/aeb-landi-renzo-kalibreerimisotsak-16-mm-punane-i-plus\/#breadcrumb\",\"itemListElement\":[{\"@type\":\"ListItem\",\"position\":1,\"name\":\"Prad\u017eia\",\"item\":\"https:\/\/sistemosklaipeda.com\/et\/kauplus\/\"},{\"@type\":\"ListItem\",\"position\":2,\"name\":\"Kauplus\",\"item\":\"https:\/\/sistemosklaipeda.com\/et\/kauplus\/\"},{\"@type\":\"ListItem\",\"position\":3,\"name\":\"AEB\/Landi Renzo kalibreerimisotsak 1,6 mm punane (I-PLUS)\"}]},{\"@type\":\"WebSite\",\"@id\":\"https:\/\/sistemosklaipeda.com\/et\/#website\",\"url\":\"https:\/\/sistemosklaipeda.com\/et\/\",\"name\":\"Sistemos Klaip\u0117da\",\"description\":\"Kokybi\u0161ka duj\u0173 \u012franga ir jos komponentai, kabliai ir priedai\",\"publisher\":{\"@id\":\"https:\/\/sistemosklaipeda.com\/et\/#organization\"},\"potentialAction\":[{\"@type\":\"SearchAction\",\"target\":{\"@type\":\"EntryPoint\",\"urlTemplate\":\"https:\/\/sistemosklaipeda.com\/et\/?s={search_term_string}\"},\"query-input\":{\"@type\":\"PropertyValueSpecification\",\"valueRequired\":true,\"valueName\":\"search_term_string\"}}],\"inLanguage\":\"et\"},{\"@type\":\"Organization\",\"@id\":\"https:\/\/sistemosklaipeda.com\/et\/#organization\",\"name\":\"Sistemos Klaip\u0117da\",\"alternateName\":\"Sistemos\",\"url\":\"https:\/\/sistemosklaipeda.com\/et\/\",\"logo\":{\"@type\":\"ImageObject\",\"inLanguage\":\"et\",\"@id\":\"https:\/\/sistemosklaipeda.com\/et\/#\/schema\/logo\/image\/\",\"url\":\"https:\/\/sistemosklaipeda.com\/wp-content\/uploads\/2023\/09\/sistemos-logo-cropperd-e1695968047774.png\",\"contentUrl\":\"https:\/\/sistemosklaipeda.com\/wp-content\/uploads\/2023\/09\/sistemos-logo-cropperd-e1695968047774.png\",\"width\":401,\"height\":206,\"caption\":\"Sistemos Klaip\u0117da\"},\"image\":{\"@id\":\"https:\/\/sistemosklaipeda.com\/et\/#\/schema\/logo\/image\/\"},\"sameAs\":[\"https:\/\/www.facebook.com\/SistemosKlp\",\"https:\/\/www.instagram.com\/sistemosklaipeda\/\"]}]}<\/script>\n<!-- \/ Yoast SEO plugin. -->","yoast_head_json":{"title":"AEB\/Landi Renzo kalibreerimisotsak 1,6 mm punane (I-PLUS) - Sistemos Klaip\u0117da","robots":{"index":"index","follow":"follow","max-snippet":"max-snippet:-1","max-image-preview":"max-image-preview:large","max-video-preview":"max-video-preview:-1"},"canonical":"https:\/\/sistemosklaipeda.com\/et\/toode\/aeb-landi-renzo-kalibreerimisotsak-16-mm-punane-i-plus\/","og_locale":"et_EE","og_type":"article","og_title":"AEB\/Landi Renzo kalibreerimisotsak 1,6 mm punane (I-PLUS) - Sistemos Klaip\u0117da","og_description":"AEB I-Plus d\u00fc\u00fcsi kalibreerimissuund 1,6 mm, punane. Kalibreerimissuund on ette n\u00e4htud paigaldamiseks sissepritserauale. Otsak on valmis paigaldamiseks pihustisse ja v\u00f5imaldab pihusti kalibreerimist mootori v\u00f5imsuse j\u00e4rgi ilma puurimata.","og_url":"https:\/\/sistemosklaipeda.com\/et\/toode\/aeb-landi-renzo-kalibreerimisotsak-16-mm-punane-i-plus\/","og_site_name":"Sistemos Klaip\u0117da","article_publisher":"https:\/\/www.facebook.com\/SistemosKlp","og_image":[{"width":776,"height":800,"url":"https:\/\/sistemosklaipeda.com\/wp-content\/uploads\/2024\/05\/514.png?v=1719405635","type":"image\/png"}],"twitter_card":"summary_large_image","schema":{"@context":"https:\/\/schema.org","@graph":[{"@type":"WebPage","@id":"https:\/\/sistemosklaipeda.com\/et\/toode\/aeb-landi-renzo-kalibreerimisotsak-16-mm-punane-i-plus\/","url":"https:\/\/sistemosklaipeda.com\/et\/toode\/aeb-landi-renzo-kalibreerimisotsak-16-mm-punane-i-plus\/","name":"AEB\/Landi Renzo kalibreerimisotsak 1,6 mm punane (I-PLUS) - Sistemos Klaip\u0117da","isPartOf":{"@id":"https:\/\/sistemosklaipeda.com\/et\/#website"},"primaryImageOfPage":{"@id":"https:\/\/sistemosklaipeda.com\/et\/toode\/aeb-landi-renzo-kalibreerimisotsak-16-mm-punane-i-plus\/#primaryimage"},"image":{"@id":"https:\/\/sistemosklaipeda.com\/et\/toode\/aeb-landi-renzo-kalibreerimisotsak-16-mm-punane-i-plus\/#primaryimage"},"thumbnailUrl":"https:\/\/sistemosklaipeda.com\/wp-content\/uploads\/2024\/05\/514.png","datePublished":"2025-01-07T14:47:22+00:00","breadcrumb":{"@id":"https:\/\/sistemosklaipeda.com\/et\/toode\/aeb-landi-renzo-kalibreerimisotsak-16-mm-punane-i-plus\/#breadcrumb"},"inLanguage":"et","potentialAction":[{"@type":"ReadAction","target":["https:\/\/sistemosklaipeda.com\/et\/toode\/aeb-landi-renzo-kalibreerimisotsak-16-mm-punane-i-plus\/"]}]},{"@type":"ImageObject","inLanguage":"et","@id":"https:\/\/sistemosklaipeda.com\/et\/toode\/aeb-landi-renzo-kalibreerimisotsak-16-mm-punane-i-plus\/#primaryimage","url":"https:\/\/sistemosklaipeda.com\/wp-content\/uploads\/2024\/05\/514.png","contentUrl":"https:\/\/sistemosklaipeda.com\/wp-content\/uploads\/2024\/05\/514.png","width":776,"height":800,"caption":"AEB\/Landi Renzo kalibravimo antgalio jungtis 1,6 mm raudona (I-PLUS)"},{"@type":"BreadcrumbList","@id":"https:\/\/sistemosklaipeda.com\/et\/toode\/aeb-landi-renzo-kalibreerimisotsak-16-mm-punane-i-plus\/#breadcrumb","itemListElement":[{"@type":"ListItem","position":1,"name":"Prad\u017eia","item":"https:\/\/sistemosklaipeda.com\/et\/kauplus\/"},{"@type":"ListItem","position":2,"name":"Kauplus","item":"https:\/\/sistemosklaipeda.com\/et\/kauplus\/"},{"@type":"ListItem","position":3,"name":"AEB\/Landi Renzo kalibreerimisotsak 1,6 mm punane (I-PLUS)"}]},{"@type":"WebSite","@id":"https:\/\/sistemosklaipeda.com\/et\/#website","url":"https:\/\/sistemosklaipeda.com\/et\/","name":"Sistemos Klaip\u0117da","description":"Kokybi\u0161ka duj\u0173 \u012franga ir jos komponentai, kabliai ir priedai","publisher":{"@id":"https:\/\/sistemosklaipeda.com\/et\/#organization"},"potentialAction":[{"@type":"SearchAction","target":{"@type":"EntryPoint","urlTemplate":"https:\/\/sistemosklaipeda.com\/et\/?s={search_term_string}"},"query-input":{"@type":"PropertyValueSpecification","valueRequired":true,"valueName":"search_term_string"}}],"inLanguage":"et"},{"@type":"Organization","@id":"https:\/\/sistemosklaipeda.com\/et\/#organization","name":"Sistemos Klaip\u0117da","alternateName":"Sistemos","url":"https:\/\/sistemosklaipeda.com\/et\/","logo":{"@type":"ImageObject","inLanguage":"et","@id":"https:\/\/sistemosklaipeda.com\/et\/#\/schema\/logo\/image\/","url":"https:\/\/sistemosklaipeda.com\/wp-content\/uploads\/2023\/09\/sistemos-logo-cropperd-e1695968047774.png","contentUrl":"https:\/\/sistemosklaipeda.com\/wp-content\/uploads\/2023\/09\/sistemos-logo-cropperd-e1695968047774.png","width":401,"height":206,"caption":"Sistemos Klaip\u0117da"},"image":{"@id":"https:\/\/sistemosklaipeda.com\/et\/#\/schema\/logo\/image\/"},"sameAs":["https:\/\/www.facebook.com\/SistemosKlp","https:\/\/www.instagram.com\/sistemosklaipeda\/"]}]}},"_links":{"self":[{"href":"https:\/\/sistemosklaipeda.com\/et\/wp-json\/wp\/v2\/product\/16579","targetHints":{"allow":["GET"]}}],"collection":[{"href":"https:\/\/sistemosklaipeda.com\/et\/wp-json\/wp\/v2\/product"}],"about":[{"href":"https:\/\/sistemosklaipeda.com\/et\/wp-json\/wp\/v2\/types\/product"}],"wp:featuredmedia":[{"embeddable":true,"href":"https:\/\/sistemosklaipeda.com\/et\/wp-json\/wp\/v2\/media\/15367"}],"wp:attachment":[{"href":"https:\/\/sistemosklaipeda.com\/et\/wp-json\/wp\/v2\/media?parent=16579"}],"wp:term":[{"taxonomy":"product_brand","embeddable":true,"href":"https:\/\/sistemosklaipeda.com\/et\/wp-json\/wp\/v2\/product_brand?post=16579"},{"taxonomy":"product_cat","embeddable":true,"href":"https:\/\/sistemosklaipeda.com\/et\/wp-json\/wp\/v2\/product_cat?post=16579"},{"taxonomy":"product_tag","embeddable":true,"href":"https:\/\/sistemosklaipeda.com\/et\/wp-json\/wp\/v2\/product_tag?post=16579"}],"curies":[{"name":"wp","href":"https:\/\/api.w.org\/{rel}","templated":true}]}}