{"id":16573,"date":"2024-05-15T08:03:04","date_gmt":"2025-01-07T14:46:08","guid":{"rendered":"https:\/\/sistemosklaipeda.com\/product\/aeb-mp48-4-silindrilise-gaasiseadme-komplekt\/"},"modified":"2025-01-07T14:46:08","modified_gmt":"2025-01-07T14:46:08","slug":"aeb-mp48-4-silindrilise-gaasiseadme-komplekt","status":"publish","type":"product","link":"https:\/\/sistemosklaipeda.com\/et\/toode\/aeb-mp48-4-silindrilise-gaasiseadme-komplekt\/","title":{"rendered":"AEB MP48 4-silindrilise gaasiseadme komplekt"},"content":{"rendered":"<p>AEB on kaasaegsete bensiiniautode t\u00e4iustatud sissepritseelektroonika, mis on m\u00f5eldud kasutamiseks veeldatud naftagaasi ja surumaagaasi seadmetena. See on heaks kiidetud vastavalt kehtivatele gaasis\u00fcsteemide ohutusstandarditele (R-67-01 ja R-110), mis v\u00f5imaldab j\u00e4lgida heitgaaside taset allpool k\u00f5ige rangemate standardite poolt kehtestatud piirv\u00e4\u00e4rtusi. AEB - tagab s\u00f5iduki suurep\u00e4rase j\u00f5udluse gaasiga s\u00f5itmisel ja ei m\u00f5juta v\u00e4himalgi m\u00e4\u00e4ral s\u00f5iduki j\u00f5udlust bensiiniga s\u00f5itmisel. See valmistab automaatselt ette parimad p\u00f5lemisseadistused, kontrollib pidevalt mootori t\u00f6\u00f6tingimusi, j\u00e4lgides mitmesuguseid parameetreid, n\u00e4iteks: bensiini sissepritse ajastus, gaasi r\u00f5hk ja temperatuur, reduktori temperatuur, ning seab \u00f5ige sissepritsitava gaasi koguse, v\u00e4hendades heitkoguseid ja pikendades kasutusiga. katal\u00fcsaatorit. S\u00fcsteemi peamised omadused:<\/p>\n<p>T\u00e4iustatud automaatne kalibreerimine, sissepritsejate ja pruunikaabli p\u00f6\u00f6rete lugemine, k\u00fctuse segamine ja t\u00e4iendav bensiini sissepritse s\u00f5ltuvalt p\u00f6\u00f6rlemiskiirusest ja sissepritse ajastusest (valikuv\u00f5imalus,<\/p>\n<p>saab kasutada bensiinir\u00f5huanduriga autodes k\u00fctuser\u00f5hu v\u00e4hendamiseks ja klapipesade kaitsmiseks), Sondi\u00fchendus ja simulatsioon, Voolu MAP-andur koos gaasitemperatuurianduriga, Kontrolleri \u00fchendamine Bluetoothi ja juhtmega liidese kaudu. <\/p>\n","protected":false},"excerpt":{"rendered":"<p>AEB MP48 4-silindrilise gaasiseadme komplekt<\/p>\n","protected":false},"featured_media":15415,"template":"","meta":[],"product_brand":[],"product_cat":[197],"product_tag":[],"class_list":{"0":"post-16573","1":"product","2":"type-product","3":"status-publish","4":"has-post-thumbnail","6":"product_cat-gaasiseadmed","8":"first","9":"instock","10":"taxable","11":"shipping-taxable","12":"purchasable","13":"product-type-simple"},"yoast_head":"<!-- This site is optimized with the Yoast SEO plugin v27.0 - https:\/\/yoast.com\/product\/yoast-seo-wordpress\/ -->\n<title>AEB MP48 4-silindrilise gaasiseadme komplekt - Sistemos Klaip\u0117da<\/title>\n<meta name=\"robots\" content=\"index, follow, max-snippet:-1, max-image-preview:large, max-video-preview:-1\" \/>\n<link rel=\"canonical\" href=\"https:\/\/sistemosklaipeda.com\/et\/toode\/aeb-mp48-4-silindrilise-gaasiseadme-komplekt\/\" \/>\n<meta property=\"og:locale\" content=\"et_EE\" \/>\n<meta property=\"og:type\" content=\"article\" \/>\n<meta property=\"og:title\" content=\"AEB MP48 4-silindrilise gaasiseadme komplekt - Sistemos Klaip\u0117da\" \/>\n<meta property=\"og:description\" content=\"AEB MP48 4-silindrilise gaasiseadme komplekt\" \/>\n<meta property=\"og:url\" content=\"https:\/\/sistemosklaipeda.com\/et\/toode\/aeb-mp48-4-silindrilise-gaasiseadme-komplekt\/\" \/>\n<meta property=\"og:site_name\" content=\"Sistemos Klaip\u0117da\" \/>\n<meta property=\"article:publisher\" content=\"https:\/\/www.facebook.com\/SistemosKlp\" \/>\n<meta property=\"og:image\" content=\"https:\/\/sistemosklaipeda.com\/wp-content\/uploads\/2024\/05\/1370.png?v=1719405633\" \/>\n\t<meta property=\"og:image:width\" content=\"776\" \/>\n\t<meta property=\"og:image:height\" content=\"800\" \/>\n\t<meta property=\"og:image:type\" content=\"image\/png\" \/>\n<meta name=\"twitter:card\" content=\"summary_large_image\" \/>\n<meta name=\"twitter:label1\" content=\"Est. reading time\" \/>\n\t<meta name=\"twitter:data1\" content=\"1 minut\" \/>\n<script type=\"application\/ld+json\" class=\"yoast-schema-graph\">{\"@context\":\"https:\/\/schema.org\",\"@graph\":[{\"@type\":\"WebPage\",\"@id\":\"https:\/\/sistemosklaipeda.com\/et\/toode\/aeb-mp48-4-silindrilise-gaasiseadme-komplekt\/\",\"url\":\"https:\/\/sistemosklaipeda.com\/et\/toode\/aeb-mp48-4-silindrilise-gaasiseadme-komplekt\/\",\"name\":\"AEB MP48 4-silindrilise gaasiseadme komplekt - Sistemos Klaip\u0117da\",\"isPartOf\":{\"@id\":\"https:\/\/sistemosklaipeda.com\/et\/#website\"},\"primaryImageOfPage\":{\"@id\":\"https:\/\/sistemosklaipeda.com\/et\/toode\/aeb-mp48-4-silindrilise-gaasiseadme-komplekt\/#primaryimage\"},\"image\":{\"@id\":\"https:\/\/sistemosklaipeda.com\/et\/toode\/aeb-mp48-4-silindrilise-gaasiseadme-komplekt\/#primaryimage\"},\"thumbnailUrl\":\"https:\/\/sistemosklaipeda.com\/wp-content\/uploads\/2024\/05\/1370.png\",\"datePublished\":\"2025-01-07T14:46:08+00:00\",\"breadcrumb\":{\"@id\":\"https:\/\/sistemosklaipeda.com\/et\/toode\/aeb-mp48-4-silindrilise-gaasiseadme-komplekt\/#breadcrumb\"},\"inLanguage\":\"et\",\"potentialAction\":[{\"@type\":\"ReadAction\",\"target\":[\"https:\/\/sistemosklaipeda.com\/et\/toode\/aeb-mp48-4-silindrilise-gaasiseadme-komplekt\/\"]}]},{\"@type\":\"ImageObject\",\"inLanguage\":\"et\",\"@id\":\"https:\/\/sistemosklaipeda.com\/et\/toode\/aeb-mp48-4-silindrilise-gaasiseadme-komplekt\/#primaryimage\",\"url\":\"https:\/\/sistemosklaipeda.com\/wp-content\/uploads\/2024\/05\/1370.png\",\"contentUrl\":\"https:\/\/sistemosklaipeda.com\/wp-content\/uploads\/2024\/05\/1370.png\",\"width\":776,\"height\":800,\"caption\":\"AEB\/KING MP48 sistema\"},{\"@type\":\"BreadcrumbList\",\"@id\":\"https:\/\/sistemosklaipeda.com\/et\/toode\/aeb-mp48-4-silindrilise-gaasiseadme-komplekt\/#breadcrumb\",\"itemListElement\":[{\"@type\":\"ListItem\",\"position\":1,\"name\":\"Prad\u017eia\",\"item\":\"https:\/\/sistemosklaipeda.com\/et\/kauplus\/\"},{\"@type\":\"ListItem\",\"position\":2,\"name\":\"Kauplus\",\"item\":\"https:\/\/sistemosklaipeda.com\/et\/kauplus\/\"},{\"@type\":\"ListItem\",\"position\":3,\"name\":\"AEB MP48 4-silindrilise gaasiseadme komplekt\"}]},{\"@type\":\"WebSite\",\"@id\":\"https:\/\/sistemosklaipeda.com\/et\/#website\",\"url\":\"https:\/\/sistemosklaipeda.com\/et\/\",\"name\":\"Sistemos Klaip\u0117da\",\"description\":\"Kokybi\u0161ka duj\u0173 \u012franga ir jos komponentai, kabliai ir priedai\",\"publisher\":{\"@id\":\"https:\/\/sistemosklaipeda.com\/et\/#organization\"},\"potentialAction\":[{\"@type\":\"SearchAction\",\"target\":{\"@type\":\"EntryPoint\",\"urlTemplate\":\"https:\/\/sistemosklaipeda.com\/et\/?s={search_term_string}\"},\"query-input\":{\"@type\":\"PropertyValueSpecification\",\"valueRequired\":true,\"valueName\":\"search_term_string\"}}],\"inLanguage\":\"et\"},{\"@type\":\"Organization\",\"@id\":\"https:\/\/sistemosklaipeda.com\/et\/#organization\",\"name\":\"Sistemos Klaip\u0117da\",\"alternateName\":\"Sistemos\",\"url\":\"https:\/\/sistemosklaipeda.com\/et\/\",\"logo\":{\"@type\":\"ImageObject\",\"inLanguage\":\"et\",\"@id\":\"https:\/\/sistemosklaipeda.com\/et\/#\/schema\/logo\/image\/\",\"url\":\"https:\/\/sistemosklaipeda.com\/wp-content\/uploads\/2023\/09\/sistemos-logo-cropperd-e1695968047774.png\",\"contentUrl\":\"https:\/\/sistemosklaipeda.com\/wp-content\/uploads\/2023\/09\/sistemos-logo-cropperd-e1695968047774.png\",\"width\":401,\"height\":206,\"caption\":\"Sistemos Klaip\u0117da\"},\"image\":{\"@id\":\"https:\/\/sistemosklaipeda.com\/et\/#\/schema\/logo\/image\/\"},\"sameAs\":[\"https:\/\/www.facebook.com\/SistemosKlp\",\"https:\/\/www.instagram.com\/sistemosklaipeda\/\"]}]}<\/script>\n<!-- \/ Yoast SEO plugin. -->","yoast_head_json":{"title":"AEB MP48 4-silindrilise gaasiseadme komplekt - Sistemos Klaip\u0117da","robots":{"index":"index","follow":"follow","max-snippet":"max-snippet:-1","max-image-preview":"max-image-preview:large","max-video-preview":"max-video-preview:-1"},"canonical":"https:\/\/sistemosklaipeda.com\/et\/toode\/aeb-mp48-4-silindrilise-gaasiseadme-komplekt\/","og_locale":"et_EE","og_type":"article","og_title":"AEB MP48 4-silindrilise gaasiseadme komplekt - Sistemos Klaip\u0117da","og_description":"AEB MP48 4-silindrilise gaasiseadme komplekt","og_url":"https:\/\/sistemosklaipeda.com\/et\/toode\/aeb-mp48-4-silindrilise-gaasiseadme-komplekt\/","og_site_name":"Sistemos Klaip\u0117da","article_publisher":"https:\/\/www.facebook.com\/SistemosKlp","og_image":[{"width":776,"height":800,"url":"https:\/\/sistemosklaipeda.com\/wp-content\/uploads\/2024\/05\/1370.png?v=1719405633","type":"image\/png"}],"twitter_card":"summary_large_image","twitter_misc":{"Est. reading time":"1 minut"},"schema":{"@context":"https:\/\/schema.org","@graph":[{"@type":"WebPage","@id":"https:\/\/sistemosklaipeda.com\/et\/toode\/aeb-mp48-4-silindrilise-gaasiseadme-komplekt\/","url":"https:\/\/sistemosklaipeda.com\/et\/toode\/aeb-mp48-4-silindrilise-gaasiseadme-komplekt\/","name":"AEB MP48 4-silindrilise gaasiseadme komplekt - Sistemos Klaip\u0117da","isPartOf":{"@id":"https:\/\/sistemosklaipeda.com\/et\/#website"},"primaryImageOfPage":{"@id":"https:\/\/sistemosklaipeda.com\/et\/toode\/aeb-mp48-4-silindrilise-gaasiseadme-komplekt\/#primaryimage"},"image":{"@id":"https:\/\/sistemosklaipeda.com\/et\/toode\/aeb-mp48-4-silindrilise-gaasiseadme-komplekt\/#primaryimage"},"thumbnailUrl":"https:\/\/sistemosklaipeda.com\/wp-content\/uploads\/2024\/05\/1370.png","datePublished":"2025-01-07T14:46:08+00:00","breadcrumb":{"@id":"https:\/\/sistemosklaipeda.com\/et\/toode\/aeb-mp48-4-silindrilise-gaasiseadme-komplekt\/#breadcrumb"},"inLanguage":"et","potentialAction":[{"@type":"ReadAction","target":["https:\/\/sistemosklaipeda.com\/et\/toode\/aeb-mp48-4-silindrilise-gaasiseadme-komplekt\/"]}]},{"@type":"ImageObject","inLanguage":"et","@id":"https:\/\/sistemosklaipeda.com\/et\/toode\/aeb-mp48-4-silindrilise-gaasiseadme-komplekt\/#primaryimage","url":"https:\/\/sistemosklaipeda.com\/wp-content\/uploads\/2024\/05\/1370.png","contentUrl":"https:\/\/sistemosklaipeda.com\/wp-content\/uploads\/2024\/05\/1370.png","width":776,"height":800,"caption":"AEB\/KING MP48 sistema"},{"@type":"BreadcrumbList","@id":"https:\/\/sistemosklaipeda.com\/et\/toode\/aeb-mp48-4-silindrilise-gaasiseadme-komplekt\/#breadcrumb","itemListElement":[{"@type":"ListItem","position":1,"name":"Prad\u017eia","item":"https:\/\/sistemosklaipeda.com\/et\/kauplus\/"},{"@type":"ListItem","position":2,"name":"Kauplus","item":"https:\/\/sistemosklaipeda.com\/et\/kauplus\/"},{"@type":"ListItem","position":3,"name":"AEB MP48 4-silindrilise gaasiseadme komplekt"}]},{"@type":"WebSite","@id":"https:\/\/sistemosklaipeda.com\/et\/#website","url":"https:\/\/sistemosklaipeda.com\/et\/","name":"Sistemos Klaip\u0117da","description":"Kokybi\u0161ka duj\u0173 \u012franga ir jos komponentai, kabliai ir priedai","publisher":{"@id":"https:\/\/sistemosklaipeda.com\/et\/#organization"},"potentialAction":[{"@type":"SearchAction","target":{"@type":"EntryPoint","urlTemplate":"https:\/\/sistemosklaipeda.com\/et\/?s={search_term_string}"},"query-input":{"@type":"PropertyValueSpecification","valueRequired":true,"valueName":"search_term_string"}}],"inLanguage":"et"},{"@type":"Organization","@id":"https:\/\/sistemosklaipeda.com\/et\/#organization","name":"Sistemos Klaip\u0117da","alternateName":"Sistemos","url":"https:\/\/sistemosklaipeda.com\/et\/","logo":{"@type":"ImageObject","inLanguage":"et","@id":"https:\/\/sistemosklaipeda.com\/et\/#\/schema\/logo\/image\/","url":"https:\/\/sistemosklaipeda.com\/wp-content\/uploads\/2023\/09\/sistemos-logo-cropperd-e1695968047774.png","contentUrl":"https:\/\/sistemosklaipeda.com\/wp-content\/uploads\/2023\/09\/sistemos-logo-cropperd-e1695968047774.png","width":401,"height":206,"caption":"Sistemos Klaip\u0117da"},"image":{"@id":"https:\/\/sistemosklaipeda.com\/et\/#\/schema\/logo\/image\/"},"sameAs":["https:\/\/www.facebook.com\/SistemosKlp","https:\/\/www.instagram.com\/sistemosklaipeda\/"]}]}},"_links":{"self":[{"href":"https:\/\/sistemosklaipeda.com\/et\/wp-json\/wp\/v2\/product\/16573","targetHints":{"allow":["GET"]}}],"collection":[{"href":"https:\/\/sistemosklaipeda.com\/et\/wp-json\/wp\/v2\/product"}],"about":[{"href":"https:\/\/sistemosklaipeda.com\/et\/wp-json\/wp\/v2\/types\/product"}],"wp:featuredmedia":[{"embeddable":true,"href":"https:\/\/sistemosklaipeda.com\/et\/wp-json\/wp\/v2\/media\/15415"}],"wp:attachment":[{"href":"https:\/\/sistemosklaipeda.com\/et\/wp-json\/wp\/v2\/media?parent=16573"}],"wp:term":[{"taxonomy":"product_brand","embeddable":true,"href":"https:\/\/sistemosklaipeda.com\/et\/wp-json\/wp\/v2\/product_brand?post=16573"},{"taxonomy":"product_cat","embeddable":true,"href":"https:\/\/sistemosklaipeda.com\/et\/wp-json\/wp\/v2\/product_cat?post=16573"},{"taxonomy":"product_tag","embeddable":true,"href":"https:\/\/sistemosklaipeda.com\/et\/wp-json\/wp\/v2\/product_tag?post=16573"}],"curies":[{"name":"wp","href":"https:\/\/api.w.org\/{rel}","templated":true}]}}