{"id":16571,"date":"2024-05-15T08:03:12","date_gmt":"2025-01-07T14:46:06","guid":{"rendered":"https:\/\/sistemosklaipeda.com\/product\/aeb-king-obd-5-6-8-silindri-jaoks\/"},"modified":"2025-01-07T14:46:06","modified_gmt":"2025-01-07T14:46:06","slug":"aeb-king-obd-5-6-8-silindri-jaoks","status":"publish","type":"product","link":"https:\/\/sistemosklaipeda.com\/et\/toode\/aeb-king-obd-5-6-8-silindri-jaoks\/","title":{"rendered":"AEB\/KING OBD 5-6-8 silindri jaoks"},"content":{"rendered":"<p>AEB\/KING on kaasaegsete bensiiniautode t\u00e4iustatud sissepritseelektroonika, mis on m\u00f5eldud kasutamiseks LPG ja CNG seadmetes. See on heaks kiidetud vastavalt kehtivatele gaasis\u00fcsteemide ohutusstandarditele (R-67-01 ja R-110), mis v\u00f5imaldab hoida heitgaasis sisalduvate saasteainete taset alla k\u00f5ige rangemate standardite piiride. AEB\/KING - tagab s\u00f5iduki suurep\u00e4rase j\u00f5udluse gaasiga s\u00f5itmisel ja ei m\u00f5juta v\u00e4himalgi m\u00e4\u00e4ral s\u00f5iduki j\u00f5udlust bensiiniga s\u00f5itmisel. See valmistab automaatselt ette parimad p\u00f5lemisseadistused, kontrollib pidevalt mootori t\u00f6\u00f6tingimusi, j\u00e4lgides mitmesuguseid parameetreid, n\u00e4iteks: bensiini sissepritse ajastust, gaasi r\u00f5hku ja temperatuuri, reduktori temperatuuri, ning m\u00e4\u00e4rab \u00f5ige sissepritsitava gaasi koguse, v\u00e4hendades heitkoguseid ja pikendades katal\u00fcsaatori kasutusiga. S\u00fcsteemi peamised omadused:<\/p>\n<p>T\u00e4iustatud automaatne kalibreerimine, sissepritsejate ja pruuni juhtme loetavad p\u00f6\u00f6rded, k\u00fctuse segamine ja t\u00e4iendav bensiini sissepritse s\u00f5ltuvalt kiirusest ja sissepritse ajastusest (v\u00f5imalus, mida saab kasutada bensiinir\u00f5huanduriga autode k\u00fctusek\u00e4igul k\u00fctuser\u00f5hu v\u00e4hendamiseks ja klapipesade kaitsmiseks),<\/p>\n<p>Sondi \u00fchendamine ja simulatsioon, Voolu MAP-andur koos gaasitemperatuurianduriga, Kontrolleri \u00fchendamine Bluetoothi ja juhtmega liidese kaudu, OBD korrektsioonikaart, Bensiinikontrolleri vea kustutamine, L\u00fchi- ja pikaajaliste STFT- ja LTFT-korrektsioonide alusel reguleerib see pidevalt gaasi annustamist vastavalt vajadusele. <\/p>\n","protected":false},"excerpt":{"rendered":"<p>AEB\/KING OBD 5-6-8 silindri jaoks<\/p>\n","protected":false},"featured_media":15451,"template":"","meta":[],"product_brand":[],"product_cat":[197],"product_tag":[],"class_list":{"0":"post-16571","1":"product","2":"type-product","3":"status-publish","4":"has-post-thumbnail","6":"product_cat-gaasiseadmed","8":"first","9":"instock","10":"taxable","11":"shipping-taxable","12":"purchasable","13":"product-type-simple"},"yoast_head":"<!-- This site is optimized with the Yoast SEO plugin v27.0 - https:\/\/yoast.com\/product\/yoast-seo-wordpress\/ -->\n<title>AEB\/KING OBD 5-6-8 silindri jaoks - Sistemos Klaip\u0117da<\/title>\n<meta name=\"robots\" content=\"index, follow, max-snippet:-1, max-image-preview:large, max-video-preview:-1\" \/>\n<link rel=\"canonical\" href=\"https:\/\/sistemosklaipeda.com\/et\/toode\/aeb-king-obd-5-6-8-silindri-jaoks\/\" \/>\n<meta property=\"og:locale\" content=\"et_EE\" \/>\n<meta property=\"og:type\" content=\"article\" \/>\n<meta property=\"og:title\" content=\"AEB\/KING OBD 5-6-8 silindri jaoks - Sistemos Klaip\u0117da\" \/>\n<meta property=\"og:description\" content=\"AEB\/KING OBD 5-6-8 silindri jaoks\" \/>\n<meta property=\"og:url\" content=\"https:\/\/sistemosklaipeda.com\/et\/toode\/aeb-king-obd-5-6-8-silindri-jaoks\/\" \/>\n<meta property=\"og:site_name\" content=\"Sistemos Klaip\u0117da\" \/>\n<meta property=\"article:publisher\" content=\"https:\/\/www.facebook.com\/SistemosKlp\" \/>\n<meta property=\"og:image\" content=\"https:\/\/sistemosklaipeda.com\/wp-content\/uploads\/2024\/05\/1246.png?v=1719405631\" \/>\n\t<meta property=\"og:image:width\" content=\"776\" \/>\n\t<meta property=\"og:image:height\" content=\"800\" \/>\n\t<meta property=\"og:image:type\" content=\"image\/png\" \/>\n<meta name=\"twitter:card\" content=\"summary_large_image\" \/>\n<meta name=\"twitter:label1\" content=\"Est. reading time\" \/>\n\t<meta name=\"twitter:data1\" content=\"1 minut\" \/>\n<script type=\"application\/ld+json\" class=\"yoast-schema-graph\">{\"@context\":\"https:\/\/schema.org\",\"@graph\":[{\"@type\":\"WebPage\",\"@id\":\"https:\/\/sistemosklaipeda.com\/et\/toode\/aeb-king-obd-5-6-8-silindri-jaoks\/\",\"url\":\"https:\/\/sistemosklaipeda.com\/et\/toode\/aeb-king-obd-5-6-8-silindri-jaoks\/\",\"name\":\"AEB\/KING OBD 5-6-8 silindri jaoks - Sistemos Klaip\u0117da\",\"isPartOf\":{\"@id\":\"https:\/\/sistemosklaipeda.com\/et\/#website\"},\"primaryImageOfPage\":{\"@id\":\"https:\/\/sistemosklaipeda.com\/et\/toode\/aeb-king-obd-5-6-8-silindri-jaoks\/#primaryimage\"},\"image\":{\"@id\":\"https:\/\/sistemosklaipeda.com\/et\/toode\/aeb-king-obd-5-6-8-silindri-jaoks\/#primaryimage\"},\"thumbnailUrl\":\"https:\/\/sistemosklaipeda.com\/wp-content\/uploads\/2024\/05\/1246.png\",\"datePublished\":\"2025-01-07T14:46:06+00:00\",\"breadcrumb\":{\"@id\":\"https:\/\/sistemosklaipeda.com\/et\/toode\/aeb-king-obd-5-6-8-silindri-jaoks\/#breadcrumb\"},\"inLanguage\":\"et\",\"potentialAction\":[{\"@type\":\"ReadAction\",\"target\":[\"https:\/\/sistemosklaipeda.com\/et\/toode\/aeb-king-obd-5-6-8-silindri-jaoks\/\"]}]},{\"@type\":\"ImageObject\",\"inLanguage\":\"et\",\"@id\":\"https:\/\/sistemosklaipeda.com\/et\/toode\/aeb-king-obd-5-6-8-silindri-jaoks\/#primaryimage\",\"url\":\"https:\/\/sistemosklaipeda.com\/wp-content\/uploads\/2024\/05\/1246.png\",\"contentUrl\":\"https:\/\/sistemosklaipeda.com\/wp-content\/uploads\/2024\/05\/1246.png\",\"width\":776,\"height\":800,\"caption\":\"Duju \u012frangos komplektas AEB\/KING 5-6-8 cilindr\u0173 OBD\"},{\"@type\":\"BreadcrumbList\",\"@id\":\"https:\/\/sistemosklaipeda.com\/et\/toode\/aeb-king-obd-5-6-8-silindri-jaoks\/#breadcrumb\",\"itemListElement\":[{\"@type\":\"ListItem\",\"position\":1,\"name\":\"Prad\u017eia\",\"item\":\"https:\/\/sistemosklaipeda.com\/et\/kauplus\/\"},{\"@type\":\"ListItem\",\"position\":2,\"name\":\"Kauplus\",\"item\":\"https:\/\/sistemosklaipeda.com\/et\/kauplus\/\"},{\"@type\":\"ListItem\",\"position\":3,\"name\":\"AEB\/KING OBD 5-6-8 silindri jaoks\"}]},{\"@type\":\"WebSite\",\"@id\":\"https:\/\/sistemosklaipeda.com\/et\/#website\",\"url\":\"https:\/\/sistemosklaipeda.com\/et\/\",\"name\":\"Sistemos Klaip\u0117da\",\"description\":\"Kokybi\u0161ka duj\u0173 \u012franga ir jos komponentai, kabliai ir priedai\",\"publisher\":{\"@id\":\"https:\/\/sistemosklaipeda.com\/et\/#organization\"},\"potentialAction\":[{\"@type\":\"SearchAction\",\"target\":{\"@type\":\"EntryPoint\",\"urlTemplate\":\"https:\/\/sistemosklaipeda.com\/et\/?s={search_term_string}\"},\"query-input\":{\"@type\":\"PropertyValueSpecification\",\"valueRequired\":true,\"valueName\":\"search_term_string\"}}],\"inLanguage\":\"et\"},{\"@type\":\"Organization\",\"@id\":\"https:\/\/sistemosklaipeda.com\/et\/#organization\",\"name\":\"Sistemos Klaip\u0117da\",\"alternateName\":\"Sistemos\",\"url\":\"https:\/\/sistemosklaipeda.com\/et\/\",\"logo\":{\"@type\":\"ImageObject\",\"inLanguage\":\"et\",\"@id\":\"https:\/\/sistemosklaipeda.com\/et\/#\/schema\/logo\/image\/\",\"url\":\"https:\/\/sistemosklaipeda.com\/wp-content\/uploads\/2023\/09\/sistemos-logo-cropperd-e1695968047774.png\",\"contentUrl\":\"https:\/\/sistemosklaipeda.com\/wp-content\/uploads\/2023\/09\/sistemos-logo-cropperd-e1695968047774.png\",\"width\":401,\"height\":206,\"caption\":\"Sistemos Klaip\u0117da\"},\"image\":{\"@id\":\"https:\/\/sistemosklaipeda.com\/et\/#\/schema\/logo\/image\/\"},\"sameAs\":[\"https:\/\/www.facebook.com\/SistemosKlp\",\"https:\/\/www.instagram.com\/sistemosklaipeda\/\"]}]}<\/script>\n<!-- \/ Yoast SEO plugin. -->","yoast_head_json":{"title":"AEB\/KING OBD 5-6-8 silindri jaoks - Sistemos Klaip\u0117da","robots":{"index":"index","follow":"follow","max-snippet":"max-snippet:-1","max-image-preview":"max-image-preview:large","max-video-preview":"max-video-preview:-1"},"canonical":"https:\/\/sistemosklaipeda.com\/et\/toode\/aeb-king-obd-5-6-8-silindri-jaoks\/","og_locale":"et_EE","og_type":"article","og_title":"AEB\/KING OBD 5-6-8 silindri jaoks - Sistemos Klaip\u0117da","og_description":"AEB\/KING OBD 5-6-8 silindri jaoks","og_url":"https:\/\/sistemosklaipeda.com\/et\/toode\/aeb-king-obd-5-6-8-silindri-jaoks\/","og_site_name":"Sistemos Klaip\u0117da","article_publisher":"https:\/\/www.facebook.com\/SistemosKlp","og_image":[{"width":776,"height":800,"url":"https:\/\/sistemosklaipeda.com\/wp-content\/uploads\/2024\/05\/1246.png?v=1719405631","type":"image\/png"}],"twitter_card":"summary_large_image","twitter_misc":{"Est. reading time":"1 minut"},"schema":{"@context":"https:\/\/schema.org","@graph":[{"@type":"WebPage","@id":"https:\/\/sistemosklaipeda.com\/et\/toode\/aeb-king-obd-5-6-8-silindri-jaoks\/","url":"https:\/\/sistemosklaipeda.com\/et\/toode\/aeb-king-obd-5-6-8-silindri-jaoks\/","name":"AEB\/KING OBD 5-6-8 silindri jaoks - Sistemos Klaip\u0117da","isPartOf":{"@id":"https:\/\/sistemosklaipeda.com\/et\/#website"},"primaryImageOfPage":{"@id":"https:\/\/sistemosklaipeda.com\/et\/toode\/aeb-king-obd-5-6-8-silindri-jaoks\/#primaryimage"},"image":{"@id":"https:\/\/sistemosklaipeda.com\/et\/toode\/aeb-king-obd-5-6-8-silindri-jaoks\/#primaryimage"},"thumbnailUrl":"https:\/\/sistemosklaipeda.com\/wp-content\/uploads\/2024\/05\/1246.png","datePublished":"2025-01-07T14:46:06+00:00","breadcrumb":{"@id":"https:\/\/sistemosklaipeda.com\/et\/toode\/aeb-king-obd-5-6-8-silindri-jaoks\/#breadcrumb"},"inLanguage":"et","potentialAction":[{"@type":"ReadAction","target":["https:\/\/sistemosklaipeda.com\/et\/toode\/aeb-king-obd-5-6-8-silindri-jaoks\/"]}]},{"@type":"ImageObject","inLanguage":"et","@id":"https:\/\/sistemosklaipeda.com\/et\/toode\/aeb-king-obd-5-6-8-silindri-jaoks\/#primaryimage","url":"https:\/\/sistemosklaipeda.com\/wp-content\/uploads\/2024\/05\/1246.png","contentUrl":"https:\/\/sistemosklaipeda.com\/wp-content\/uploads\/2024\/05\/1246.png","width":776,"height":800,"caption":"Duju \u012frangos komplektas AEB\/KING 5-6-8 cilindr\u0173 OBD"},{"@type":"BreadcrumbList","@id":"https:\/\/sistemosklaipeda.com\/et\/toode\/aeb-king-obd-5-6-8-silindri-jaoks\/#breadcrumb","itemListElement":[{"@type":"ListItem","position":1,"name":"Prad\u017eia","item":"https:\/\/sistemosklaipeda.com\/et\/kauplus\/"},{"@type":"ListItem","position":2,"name":"Kauplus","item":"https:\/\/sistemosklaipeda.com\/et\/kauplus\/"},{"@type":"ListItem","position":3,"name":"AEB\/KING OBD 5-6-8 silindri jaoks"}]},{"@type":"WebSite","@id":"https:\/\/sistemosklaipeda.com\/et\/#website","url":"https:\/\/sistemosklaipeda.com\/et\/","name":"Sistemos Klaip\u0117da","description":"Kokybi\u0161ka duj\u0173 \u012franga ir jos komponentai, kabliai ir priedai","publisher":{"@id":"https:\/\/sistemosklaipeda.com\/et\/#organization"},"potentialAction":[{"@type":"SearchAction","target":{"@type":"EntryPoint","urlTemplate":"https:\/\/sistemosklaipeda.com\/et\/?s={search_term_string}"},"query-input":{"@type":"PropertyValueSpecification","valueRequired":true,"valueName":"search_term_string"}}],"inLanguage":"et"},{"@type":"Organization","@id":"https:\/\/sistemosklaipeda.com\/et\/#organization","name":"Sistemos Klaip\u0117da","alternateName":"Sistemos","url":"https:\/\/sistemosklaipeda.com\/et\/","logo":{"@type":"ImageObject","inLanguage":"et","@id":"https:\/\/sistemosklaipeda.com\/et\/#\/schema\/logo\/image\/","url":"https:\/\/sistemosklaipeda.com\/wp-content\/uploads\/2023\/09\/sistemos-logo-cropperd-e1695968047774.png","contentUrl":"https:\/\/sistemosklaipeda.com\/wp-content\/uploads\/2023\/09\/sistemos-logo-cropperd-e1695968047774.png","width":401,"height":206,"caption":"Sistemos Klaip\u0117da"},"image":{"@id":"https:\/\/sistemosklaipeda.com\/et\/#\/schema\/logo\/image\/"},"sameAs":["https:\/\/www.facebook.com\/SistemosKlp","https:\/\/www.instagram.com\/sistemosklaipeda\/"]}]}},"_links":{"self":[{"href":"https:\/\/sistemosklaipeda.com\/et\/wp-json\/wp\/v2\/product\/16571","targetHints":{"allow":["GET"]}}],"collection":[{"href":"https:\/\/sistemosklaipeda.com\/et\/wp-json\/wp\/v2\/product"}],"about":[{"href":"https:\/\/sistemosklaipeda.com\/et\/wp-json\/wp\/v2\/types\/product"}],"wp:featuredmedia":[{"embeddable":true,"href":"https:\/\/sistemosklaipeda.com\/et\/wp-json\/wp\/v2\/media\/15451"}],"wp:attachment":[{"href":"https:\/\/sistemosklaipeda.com\/et\/wp-json\/wp\/v2\/media?parent=16571"}],"wp:term":[{"taxonomy":"product_brand","embeddable":true,"href":"https:\/\/sistemosklaipeda.com\/et\/wp-json\/wp\/v2\/product_brand?post=16571"},{"taxonomy":"product_cat","embeddable":true,"href":"https:\/\/sistemosklaipeda.com\/et\/wp-json\/wp\/v2\/product_cat?post=16571"},{"taxonomy":"product_tag","embeddable":true,"href":"https:\/\/sistemosklaipeda.com\/et\/wp-json\/wp\/v2\/product_tag?post=16571"}],"curies":[{"name":"wp","href":"https:\/\/api.w.org\/{rel}","templated":true}]}}