{"id":16553,"date":"2024-05-15T08:03:24","date_gmt":"2025-01-07T14:45:03","guid":{"rendered":"https:\/\/sistemosklaipeda.com\/product\/stag-gofast-4-silindrilise-gaasiseadme-komplekt\/"},"modified":"2025-01-07T14:45:03","modified_gmt":"2025-01-07T14:45:03","slug":"stag-gofast-4-silindrilise-gaasiseadme-komplekt","status":"publish","type":"product","link":"https:\/\/sistemosklaipeda.com\/et\/toode\/stag-gofast-4-silindrilise-gaasiseadme-komplekt\/","title":{"rendered":"STAG GOFAST 4-silindrilise gaasiseadme komplekt"},"content":{"rendered":"<p>STAG GOFAST j\u00e4rjestikuse gaasi sissepritse s\u00fcsteem on esimene AC S.A. toodetud uue p\u00f5lvkonna kontroller. See on m\u00f5eldud kuni 4-silindriliste mootoritega ja kaudse bensiinisissepritsega s\u00f5idukitele.<\/p>\n<p>Omadused Lihtne kalibreerimine - k\u00f5ik funktsioonid on paigutatud kahele paneelile - ei ole vaja vahetada vahekaarte Standard ja Expert re\u017eiim integreeritud. Standardre\u017eiim sisaldab auto seadistamiseks vajalikke minimaalseid funktsioone.<\/p>\n<p>Siiski saate igal ajal \u00fche nupuvajutusega l\u00fclituda eksperdire\u017eiimi, mis sisaldab paljusid kontrolleri funktsioone Kui sidekaabel on arvutist lahti \u00fchendatud, uuendab kontroller ise \u00fclekannet Kontrolleri tugi Bluetoothi kaudu J\u00e4rgmine V\u00f5imalus laiendada tarkvara uute funktsioonidega V\u00f5imalus k\u00e4ivitada programmi ilma juhita demore\u017eiimis Sirge \u00fchendus: 32 pini Koost\u00f6\u00f6 Bluetoothiga Koost\u00f6\u00f6 parameetrite salvestajaga<\/p>\n","protected":false},"excerpt":{"rendered":"<p>STAG GOFAST 4-silindrilise gaasiseadme komplekt<\/p>\n","protected":false},"featured_media":15511,"template":"","meta":[],"product_brand":[],"product_cat":[197],"product_tag":[],"class_list":{"0":"post-16553","1":"product","2":"type-product","3":"status-publish","4":"has-post-thumbnail","6":"product_cat-gaasiseadmed","8":"first","9":"instock","10":"taxable","11":"shipping-taxable","12":"purchasable","13":"product-type-simple"},"yoast_head":"<!-- This site is optimized with the Yoast SEO plugin v27.0 - https:\/\/yoast.com\/product\/yoast-seo-wordpress\/ -->\n<title>STAG GOFAST 4-silindrilise gaasiseadme komplekt - Sistemos Klaip\u0117da<\/title>\n<meta name=\"robots\" content=\"index, follow, max-snippet:-1, max-image-preview:large, max-video-preview:-1\" \/>\n<link rel=\"canonical\" href=\"https:\/\/sistemosklaipeda.com\/et\/toode\/stag-gofast-4-silindrilise-gaasiseadme-komplekt\/\" \/>\n<meta property=\"og:locale\" content=\"et_EE\" \/>\n<meta property=\"og:type\" content=\"article\" \/>\n<meta property=\"og:title\" content=\"STAG GOFAST 4-silindrilise gaasiseadme komplekt - Sistemos Klaip\u0117da\" \/>\n<meta property=\"og:description\" content=\"STAG GOFAST 4-silindrilise gaasiseadme komplekt\" \/>\n<meta property=\"og:url\" content=\"https:\/\/sistemosklaipeda.com\/et\/toode\/stag-gofast-4-silindrilise-gaasiseadme-komplekt\/\" \/>\n<meta property=\"og:site_name\" content=\"Sistemos Klaip\u0117da\" \/>\n<meta property=\"article:publisher\" content=\"https:\/\/www.facebook.com\/SistemosKlp\" \/>\n<meta property=\"og:image\" content=\"https:\/\/sistemosklaipeda.com\/wp-content\/uploads\/2024\/05\/1288.png?v=1719405628\" \/>\n\t<meta property=\"og:image:width\" content=\"776\" \/>\n\t<meta property=\"og:image:height\" content=\"800\" \/>\n\t<meta property=\"og:image:type\" content=\"image\/png\" \/>\n<meta name=\"twitter:card\" content=\"summary_large_image\" \/>\n<meta name=\"twitter:label1\" content=\"Est. reading time\" \/>\n\t<meta name=\"twitter:data1\" content=\"1 minut\" \/>\n<script type=\"application\/ld+json\" class=\"yoast-schema-graph\">{\"@context\":\"https:\/\/schema.org\",\"@graph\":[{\"@type\":\"WebPage\",\"@id\":\"https:\/\/sistemosklaipeda.com\/et\/toode\/stag-gofast-4-silindrilise-gaasiseadme-komplekt\/\",\"url\":\"https:\/\/sistemosklaipeda.com\/et\/toode\/stag-gofast-4-silindrilise-gaasiseadme-komplekt\/\",\"name\":\"STAG GOFAST 4-silindrilise gaasiseadme komplekt - Sistemos Klaip\u0117da\",\"isPartOf\":{\"@id\":\"https:\/\/sistemosklaipeda.com\/et\/#website\"},\"primaryImageOfPage\":{\"@id\":\"https:\/\/sistemosklaipeda.com\/et\/toode\/stag-gofast-4-silindrilise-gaasiseadme-komplekt\/#primaryimage\"},\"image\":{\"@id\":\"https:\/\/sistemosklaipeda.com\/et\/toode\/stag-gofast-4-silindrilise-gaasiseadme-komplekt\/#primaryimage\"},\"thumbnailUrl\":\"https:\/\/sistemosklaipeda.com\/wp-content\/uploads\/2024\/05\/1288.png\",\"datePublished\":\"2025-01-07T14:45:03+00:00\",\"breadcrumb\":{\"@id\":\"https:\/\/sistemosklaipeda.com\/et\/toode\/stag-gofast-4-silindrilise-gaasiseadme-komplekt\/#breadcrumb\"},\"inLanguage\":\"et\",\"potentialAction\":[{\"@type\":\"ReadAction\",\"target\":[\"https:\/\/sistemosklaipeda.com\/et\/toode\/stag-gofast-4-silindrilise-gaasiseadme-komplekt\/\"]}]},{\"@type\":\"ImageObject\",\"inLanguage\":\"et\",\"@id\":\"https:\/\/sistemosklaipeda.com\/et\/toode\/stag-gofast-4-silindrilise-gaasiseadme-komplekt\/#primaryimage\",\"url\":\"https:\/\/sistemosklaipeda.com\/wp-content\/uploads\/2024\/05\/1288.png\",\"contentUrl\":\"https:\/\/sistemosklaipeda.com\/wp-content\/uploads\/2024\/05\/1288.png\",\"width\":776,\"height\":800,\"caption\":\"STAG GOFAST 4 cilindr\u0173 duj\u0173 \u012frangos komplektas\"},{\"@type\":\"BreadcrumbList\",\"@id\":\"https:\/\/sistemosklaipeda.com\/et\/toode\/stag-gofast-4-silindrilise-gaasiseadme-komplekt\/#breadcrumb\",\"itemListElement\":[{\"@type\":\"ListItem\",\"position\":1,\"name\":\"Prad\u017eia\",\"item\":\"https:\/\/sistemosklaipeda.com\/et\/kauplus\/\"},{\"@type\":\"ListItem\",\"position\":2,\"name\":\"Kauplus\",\"item\":\"https:\/\/sistemosklaipeda.com\/et\/kauplus\/\"},{\"@type\":\"ListItem\",\"position\":3,\"name\":\"STAG GOFAST 4-silindrilise gaasiseadme komplekt\"}]},{\"@type\":\"WebSite\",\"@id\":\"https:\/\/sistemosklaipeda.com\/et\/#website\",\"url\":\"https:\/\/sistemosklaipeda.com\/et\/\",\"name\":\"Sistemos Klaip\u0117da\",\"description\":\"Kokybi\u0161ka duj\u0173 \u012franga ir jos komponentai, kabliai ir priedai\",\"publisher\":{\"@id\":\"https:\/\/sistemosklaipeda.com\/et\/#organization\"},\"potentialAction\":[{\"@type\":\"SearchAction\",\"target\":{\"@type\":\"EntryPoint\",\"urlTemplate\":\"https:\/\/sistemosklaipeda.com\/et\/?s={search_term_string}\"},\"query-input\":{\"@type\":\"PropertyValueSpecification\",\"valueRequired\":true,\"valueName\":\"search_term_string\"}}],\"inLanguage\":\"et\"},{\"@type\":\"Organization\",\"@id\":\"https:\/\/sistemosklaipeda.com\/et\/#organization\",\"name\":\"Sistemos Klaip\u0117da\",\"alternateName\":\"Sistemos\",\"url\":\"https:\/\/sistemosklaipeda.com\/et\/\",\"logo\":{\"@type\":\"ImageObject\",\"inLanguage\":\"et\",\"@id\":\"https:\/\/sistemosklaipeda.com\/et\/#\/schema\/logo\/image\/\",\"url\":\"https:\/\/sistemosklaipeda.com\/wp-content\/uploads\/2023\/09\/sistemos-logo-cropperd-e1695968047774.png\",\"contentUrl\":\"https:\/\/sistemosklaipeda.com\/wp-content\/uploads\/2023\/09\/sistemos-logo-cropperd-e1695968047774.png\",\"width\":401,\"height\":206,\"caption\":\"Sistemos Klaip\u0117da\"},\"image\":{\"@id\":\"https:\/\/sistemosklaipeda.com\/et\/#\/schema\/logo\/image\/\"},\"sameAs\":[\"https:\/\/www.facebook.com\/SistemosKlp\",\"https:\/\/www.instagram.com\/sistemosklaipeda\/\"]}]}<\/script>\n<!-- \/ Yoast SEO plugin. -->","yoast_head_json":{"title":"STAG GOFAST 4-silindrilise gaasiseadme komplekt - Sistemos Klaip\u0117da","robots":{"index":"index","follow":"follow","max-snippet":"max-snippet:-1","max-image-preview":"max-image-preview:large","max-video-preview":"max-video-preview:-1"},"canonical":"https:\/\/sistemosklaipeda.com\/et\/toode\/stag-gofast-4-silindrilise-gaasiseadme-komplekt\/","og_locale":"et_EE","og_type":"article","og_title":"STAG GOFAST 4-silindrilise gaasiseadme komplekt - Sistemos Klaip\u0117da","og_description":"STAG GOFAST 4-silindrilise gaasiseadme komplekt","og_url":"https:\/\/sistemosklaipeda.com\/et\/toode\/stag-gofast-4-silindrilise-gaasiseadme-komplekt\/","og_site_name":"Sistemos Klaip\u0117da","article_publisher":"https:\/\/www.facebook.com\/SistemosKlp","og_image":[{"width":776,"height":800,"url":"https:\/\/sistemosklaipeda.com\/wp-content\/uploads\/2024\/05\/1288.png?v=1719405628","type":"image\/png"}],"twitter_card":"summary_large_image","twitter_misc":{"Est. reading time":"1 minut"},"schema":{"@context":"https:\/\/schema.org","@graph":[{"@type":"WebPage","@id":"https:\/\/sistemosklaipeda.com\/et\/toode\/stag-gofast-4-silindrilise-gaasiseadme-komplekt\/","url":"https:\/\/sistemosklaipeda.com\/et\/toode\/stag-gofast-4-silindrilise-gaasiseadme-komplekt\/","name":"STAG GOFAST 4-silindrilise gaasiseadme komplekt - Sistemos Klaip\u0117da","isPartOf":{"@id":"https:\/\/sistemosklaipeda.com\/et\/#website"},"primaryImageOfPage":{"@id":"https:\/\/sistemosklaipeda.com\/et\/toode\/stag-gofast-4-silindrilise-gaasiseadme-komplekt\/#primaryimage"},"image":{"@id":"https:\/\/sistemosklaipeda.com\/et\/toode\/stag-gofast-4-silindrilise-gaasiseadme-komplekt\/#primaryimage"},"thumbnailUrl":"https:\/\/sistemosklaipeda.com\/wp-content\/uploads\/2024\/05\/1288.png","datePublished":"2025-01-07T14:45:03+00:00","breadcrumb":{"@id":"https:\/\/sistemosklaipeda.com\/et\/toode\/stag-gofast-4-silindrilise-gaasiseadme-komplekt\/#breadcrumb"},"inLanguage":"et","potentialAction":[{"@type":"ReadAction","target":["https:\/\/sistemosklaipeda.com\/et\/toode\/stag-gofast-4-silindrilise-gaasiseadme-komplekt\/"]}]},{"@type":"ImageObject","inLanguage":"et","@id":"https:\/\/sistemosklaipeda.com\/et\/toode\/stag-gofast-4-silindrilise-gaasiseadme-komplekt\/#primaryimage","url":"https:\/\/sistemosklaipeda.com\/wp-content\/uploads\/2024\/05\/1288.png","contentUrl":"https:\/\/sistemosklaipeda.com\/wp-content\/uploads\/2024\/05\/1288.png","width":776,"height":800,"caption":"STAG GOFAST 4 cilindr\u0173 duj\u0173 \u012frangos komplektas"},{"@type":"BreadcrumbList","@id":"https:\/\/sistemosklaipeda.com\/et\/toode\/stag-gofast-4-silindrilise-gaasiseadme-komplekt\/#breadcrumb","itemListElement":[{"@type":"ListItem","position":1,"name":"Prad\u017eia","item":"https:\/\/sistemosklaipeda.com\/et\/kauplus\/"},{"@type":"ListItem","position":2,"name":"Kauplus","item":"https:\/\/sistemosklaipeda.com\/et\/kauplus\/"},{"@type":"ListItem","position":3,"name":"STAG GOFAST 4-silindrilise gaasiseadme komplekt"}]},{"@type":"WebSite","@id":"https:\/\/sistemosklaipeda.com\/et\/#website","url":"https:\/\/sistemosklaipeda.com\/et\/","name":"Sistemos Klaip\u0117da","description":"Kokybi\u0161ka duj\u0173 \u012franga ir jos komponentai, kabliai ir priedai","publisher":{"@id":"https:\/\/sistemosklaipeda.com\/et\/#organization"},"potentialAction":[{"@type":"SearchAction","target":{"@type":"EntryPoint","urlTemplate":"https:\/\/sistemosklaipeda.com\/et\/?s={search_term_string}"},"query-input":{"@type":"PropertyValueSpecification","valueRequired":true,"valueName":"search_term_string"}}],"inLanguage":"et"},{"@type":"Organization","@id":"https:\/\/sistemosklaipeda.com\/et\/#organization","name":"Sistemos Klaip\u0117da","alternateName":"Sistemos","url":"https:\/\/sistemosklaipeda.com\/et\/","logo":{"@type":"ImageObject","inLanguage":"et","@id":"https:\/\/sistemosklaipeda.com\/et\/#\/schema\/logo\/image\/","url":"https:\/\/sistemosklaipeda.com\/wp-content\/uploads\/2023\/09\/sistemos-logo-cropperd-e1695968047774.png","contentUrl":"https:\/\/sistemosklaipeda.com\/wp-content\/uploads\/2023\/09\/sistemos-logo-cropperd-e1695968047774.png","width":401,"height":206,"caption":"Sistemos Klaip\u0117da"},"image":{"@id":"https:\/\/sistemosklaipeda.com\/et\/#\/schema\/logo\/image\/"},"sameAs":["https:\/\/www.facebook.com\/SistemosKlp","https:\/\/www.instagram.com\/sistemosklaipeda\/"]}]}},"_links":{"self":[{"href":"https:\/\/sistemosklaipeda.com\/et\/wp-json\/wp\/v2\/product\/16553","targetHints":{"allow":["GET"]}}],"collection":[{"href":"https:\/\/sistemosklaipeda.com\/et\/wp-json\/wp\/v2\/product"}],"about":[{"href":"https:\/\/sistemosklaipeda.com\/et\/wp-json\/wp\/v2\/types\/product"}],"wp:featuredmedia":[{"embeddable":true,"href":"https:\/\/sistemosklaipeda.com\/et\/wp-json\/wp\/v2\/media\/15511"}],"wp:attachment":[{"href":"https:\/\/sistemosklaipeda.com\/et\/wp-json\/wp\/v2\/media?parent=16553"}],"wp:term":[{"taxonomy":"product_brand","embeddable":true,"href":"https:\/\/sistemosklaipeda.com\/et\/wp-json\/wp\/v2\/product_brand?post=16553"},{"taxonomy":"product_cat","embeddable":true,"href":"https:\/\/sistemosklaipeda.com\/et\/wp-json\/wp\/v2\/product_cat?post=16553"},{"taxonomy":"product_tag","embeddable":true,"href":"https:\/\/sistemosklaipeda.com\/et\/wp-json\/wp\/v2\/product_tag?post=16553"}],"curies":[{"name":"wp","href":"https:\/\/api.w.org\/{rel}","templated":true}]}}