{"id":16546,"date":"2024-05-15T18:13:02","date_gmt":"2025-01-07T14:45:01","guid":{"rendered":"https:\/\/sistemosklaipeda.com\/product\/nordic-xp-at09-reduktori-remondikomplekt\/"},"modified":"2025-01-07T14:45:01","modified_gmt":"2025-01-07T14:45:01","slug":"nordic-xp-at09-reduktori-remondikomplekt","status":"publish","type":"product","link":"https:\/\/sistemosklaipeda.com\/et\/toode\/nordic-xp-at09-reduktori-remondikomplekt\/","title":{"rendered":"NORDIC XP AT09 reduktori remondikomplekt"},"content":{"rendered":"<p>TOMASETTO k\u00e4igukasti remondikomplekt NORDIC XP AT09.<br \/>\nOriginaalne remondikomplekt Tomasetto k\u00e4igukasti regenereerimiseks koos integreeritud vedelfaasifiltriga.<br \/>\nKomplekt sisaldab tootja poolt ette n\u00e4htud k\u00f5ige t\u00f5en\u00e4olisemalt kuluvaid osi, mis tuleb asendada aurusti regenereerimisel.<br \/>\nTomasetto AT-09 aurustit kasutatakse j\u00e4rjestikustes gaasipihustuss\u00fcsteemides - neljanda p\u00f5lvkonna gaasiseadmetes.<\/p>\n","protected":false},"excerpt":{"rendered":"<p>TOMASETTO k\u00e4igukasti remondikomplekt NORDIC XP AT09. Originaalne remondikomplekt Tomasetto k\u00e4igukasti regenereerimiseks koos integreeritud vedelfaasifiltriga. Komplekt sisaldab tootja poolt ette n\u00e4htud k\u00f5ige t\u00f5en\u00e4olisemalt kuluvaid osi, mis tuleb asendada aurusti regenereerimisel. Tomasetto AT-09 aurustit kasutatakse j\u00e4rjestikustes gaasipihustuss\u00fcsteemides - neljanda p\u00f5lvkonna gaasiseadmetes.<\/p>\n","protected":false},"featured_media":14965,"template":"","meta":[],"product_brand":[],"product_cat":[208],"product_tag":[],"class_list":{"0":"post-16546","1":"product","2":"type-product","3":"status-publish","4":"has-post-thumbnail","6":"product_cat-remondikomplekt","8":"first","9":"instock","10":"taxable","11":"shipping-taxable","12":"purchasable","13":"product-type-simple"},"yoast_head":"<!-- This site is optimized with the Yoast SEO plugin v27.0 - https:\/\/yoast.com\/product\/yoast-seo-wordpress\/ -->\n<title>NORDIC XP AT09 reduktori remondikomplekt - Sistemos Klaip\u0117da<\/title>\n<meta name=\"robots\" content=\"index, follow, max-snippet:-1, max-image-preview:large, max-video-preview:-1\" \/>\n<link rel=\"canonical\" href=\"https:\/\/sistemosklaipeda.com\/et\/toode\/nordic-xp-at09-reduktori-remondikomplekt\/\" \/>\n<meta property=\"og:locale\" content=\"et_EE\" \/>\n<meta property=\"og:type\" content=\"article\" \/>\n<meta property=\"og:title\" content=\"NORDIC XP AT09 reduktori remondikomplekt - Sistemos Klaip\u0117da\" \/>\n<meta property=\"og:description\" content=\"TOMASETTO k\u00e4igukasti remondikomplekt NORDIC XP AT09. Originaalne remondikomplekt Tomasetto k\u00e4igukasti regenereerimiseks koos integreeritud vedelfaasifiltriga. Komplekt sisaldab tootja poolt ette n\u00e4htud k\u00f5ige t\u00f5en\u00e4olisemalt kuluvaid osi, mis tuleb asendada aurusti regenereerimisel. Tomasetto AT-09 aurustit kasutatakse j\u00e4rjestikustes gaasipihustuss\u00fcsteemides - neljanda p\u00f5lvkonna gaasiseadmetes.\" \/>\n<meta property=\"og:url\" content=\"https:\/\/sistemosklaipeda.com\/et\/toode\/nordic-xp-at09-reduktori-remondikomplekt\/\" \/>\n<meta property=\"og:site_name\" content=\"Sistemos Klaip\u0117da\" \/>\n<meta property=\"article:publisher\" content=\"https:\/\/www.facebook.com\/SistemosKlp\" \/>\n<meta property=\"og:image\" content=\"https:\/\/sistemosklaipeda.com\/wp-content\/uploads\/2024\/05\/Remontinis-komplektas-reduktoriui-NORDIC-XP-AT09.png?v=1719405659\" \/>\n\t<meta property=\"og:image:width\" content=\"777\" \/>\n\t<meta property=\"og:image:height\" content=\"800\" \/>\n\t<meta property=\"og:image:type\" content=\"image\/png\" \/>\n<meta name=\"twitter:card\" content=\"summary_large_image\" \/>\n<script type=\"application\/ld+json\" class=\"yoast-schema-graph\">{\"@context\":\"https:\/\/schema.org\",\"@graph\":[{\"@type\":\"WebPage\",\"@id\":\"https:\/\/sistemosklaipeda.com\/et\/toode\/nordic-xp-at09-reduktori-remondikomplekt\/\",\"url\":\"https:\/\/sistemosklaipeda.com\/et\/toode\/nordic-xp-at09-reduktori-remondikomplekt\/\",\"name\":\"NORDIC XP AT09 reduktori remondikomplekt - Sistemos Klaip\u0117da\",\"isPartOf\":{\"@id\":\"https:\/\/sistemosklaipeda.com\/et\/#website\"},\"primaryImageOfPage\":{\"@id\":\"https:\/\/sistemosklaipeda.com\/et\/toode\/nordic-xp-at09-reduktori-remondikomplekt\/#primaryimage\"},\"image\":{\"@id\":\"https:\/\/sistemosklaipeda.com\/et\/toode\/nordic-xp-at09-reduktori-remondikomplekt\/#primaryimage\"},\"thumbnailUrl\":\"https:\/\/sistemosklaipeda.com\/wp-content\/uploads\/2024\/05\/Remontinis-komplektas-reduktoriui-NORDIC-XP-AT09.png\",\"datePublished\":\"2025-01-07T14:45:01+00:00\",\"breadcrumb\":{\"@id\":\"https:\/\/sistemosklaipeda.com\/et\/toode\/nordic-xp-at09-reduktori-remondikomplekt\/#breadcrumb\"},\"inLanguage\":\"et\",\"potentialAction\":[{\"@type\":\"ReadAction\",\"target\":[\"https:\/\/sistemosklaipeda.com\/et\/toode\/nordic-xp-at09-reduktori-remondikomplekt\/\"]}]},{\"@type\":\"ImageObject\",\"inLanguage\":\"et\",\"@id\":\"https:\/\/sistemosklaipeda.com\/et\/toode\/nordic-xp-at09-reduktori-remondikomplekt\/#primaryimage\",\"url\":\"https:\/\/sistemosklaipeda.com\/wp-content\/uploads\/2024\/05\/Remontinis-komplektas-reduktoriui-NORDIC-XP-AT09.png\",\"contentUrl\":\"https:\/\/sistemosklaipeda.com\/wp-content\/uploads\/2024\/05\/Remontinis-komplektas-reduktoriui-NORDIC-XP-AT09.png\",\"width\":777,\"height\":800,\"caption\":\"Remontinis komplektas reduktoriui NORDIC XP AT09\"},{\"@type\":\"BreadcrumbList\",\"@id\":\"https:\/\/sistemosklaipeda.com\/et\/toode\/nordic-xp-at09-reduktori-remondikomplekt\/#breadcrumb\",\"itemListElement\":[{\"@type\":\"ListItem\",\"position\":1,\"name\":\"Prad\u017eia\",\"item\":\"https:\/\/sistemosklaipeda.com\/et\/kauplus\/\"},{\"@type\":\"ListItem\",\"position\":2,\"name\":\"Kauplus\",\"item\":\"https:\/\/sistemosklaipeda.com\/et\/kauplus\/\"},{\"@type\":\"ListItem\",\"position\":3,\"name\":\"NORDIC XP AT09 reduktori remondikomplekt\"}]},{\"@type\":\"WebSite\",\"@id\":\"https:\/\/sistemosklaipeda.com\/et\/#website\",\"url\":\"https:\/\/sistemosklaipeda.com\/et\/\",\"name\":\"Sistemos Klaip\u0117da\",\"description\":\"Kokybi\u0161ka duj\u0173 \u012franga ir jos komponentai, kabliai ir priedai\",\"publisher\":{\"@id\":\"https:\/\/sistemosklaipeda.com\/et\/#organization\"},\"potentialAction\":[{\"@type\":\"SearchAction\",\"target\":{\"@type\":\"EntryPoint\",\"urlTemplate\":\"https:\/\/sistemosklaipeda.com\/et\/?s={search_term_string}\"},\"query-input\":{\"@type\":\"PropertyValueSpecification\",\"valueRequired\":true,\"valueName\":\"search_term_string\"}}],\"inLanguage\":\"et\"},{\"@type\":\"Organization\",\"@id\":\"https:\/\/sistemosklaipeda.com\/et\/#organization\",\"name\":\"Sistemos Klaip\u0117da\",\"alternateName\":\"Sistemos\",\"url\":\"https:\/\/sistemosklaipeda.com\/et\/\",\"logo\":{\"@type\":\"ImageObject\",\"inLanguage\":\"et\",\"@id\":\"https:\/\/sistemosklaipeda.com\/et\/#\/schema\/logo\/image\/\",\"url\":\"https:\/\/sistemosklaipeda.com\/wp-content\/uploads\/2023\/09\/sistemos-logo-cropperd-e1695968047774.png\",\"contentUrl\":\"https:\/\/sistemosklaipeda.com\/wp-content\/uploads\/2023\/09\/sistemos-logo-cropperd-e1695968047774.png\",\"width\":401,\"height\":206,\"caption\":\"Sistemos Klaip\u0117da\"},\"image\":{\"@id\":\"https:\/\/sistemosklaipeda.com\/et\/#\/schema\/logo\/image\/\"},\"sameAs\":[\"https:\/\/www.facebook.com\/SistemosKlp\",\"https:\/\/www.instagram.com\/sistemosklaipeda\/\"]}]}<\/script>\n<!-- \/ Yoast SEO plugin. -->","yoast_head_json":{"title":"NORDIC XP AT09 reduktori remondikomplekt - Sistemos Klaip\u0117da","robots":{"index":"index","follow":"follow","max-snippet":"max-snippet:-1","max-image-preview":"max-image-preview:large","max-video-preview":"max-video-preview:-1"},"canonical":"https:\/\/sistemosklaipeda.com\/et\/toode\/nordic-xp-at09-reduktori-remondikomplekt\/","og_locale":"et_EE","og_type":"article","og_title":"NORDIC XP AT09 reduktori remondikomplekt - Sistemos Klaip\u0117da","og_description":"TOMASETTO k\u00e4igukasti remondikomplekt NORDIC XP AT09. Originaalne remondikomplekt Tomasetto k\u00e4igukasti regenereerimiseks koos integreeritud vedelfaasifiltriga. Komplekt sisaldab tootja poolt ette n\u00e4htud k\u00f5ige t\u00f5en\u00e4olisemalt kuluvaid osi, mis tuleb asendada aurusti regenereerimisel. Tomasetto AT-09 aurustit kasutatakse j\u00e4rjestikustes gaasipihustuss\u00fcsteemides - neljanda p\u00f5lvkonna gaasiseadmetes.","og_url":"https:\/\/sistemosklaipeda.com\/et\/toode\/nordic-xp-at09-reduktori-remondikomplekt\/","og_site_name":"Sistemos Klaip\u0117da","article_publisher":"https:\/\/www.facebook.com\/SistemosKlp","og_image":[{"width":777,"height":800,"url":"https:\/\/sistemosklaipeda.com\/wp-content\/uploads\/2024\/05\/Remontinis-komplektas-reduktoriui-NORDIC-XP-AT09.png?v=1719405659","type":"image\/png"}],"twitter_card":"summary_large_image","schema":{"@context":"https:\/\/schema.org","@graph":[{"@type":"WebPage","@id":"https:\/\/sistemosklaipeda.com\/et\/toode\/nordic-xp-at09-reduktori-remondikomplekt\/","url":"https:\/\/sistemosklaipeda.com\/et\/toode\/nordic-xp-at09-reduktori-remondikomplekt\/","name":"NORDIC XP AT09 reduktori remondikomplekt - Sistemos Klaip\u0117da","isPartOf":{"@id":"https:\/\/sistemosklaipeda.com\/et\/#website"},"primaryImageOfPage":{"@id":"https:\/\/sistemosklaipeda.com\/et\/toode\/nordic-xp-at09-reduktori-remondikomplekt\/#primaryimage"},"image":{"@id":"https:\/\/sistemosklaipeda.com\/et\/toode\/nordic-xp-at09-reduktori-remondikomplekt\/#primaryimage"},"thumbnailUrl":"https:\/\/sistemosklaipeda.com\/wp-content\/uploads\/2024\/05\/Remontinis-komplektas-reduktoriui-NORDIC-XP-AT09.png","datePublished":"2025-01-07T14:45:01+00:00","breadcrumb":{"@id":"https:\/\/sistemosklaipeda.com\/et\/toode\/nordic-xp-at09-reduktori-remondikomplekt\/#breadcrumb"},"inLanguage":"et","potentialAction":[{"@type":"ReadAction","target":["https:\/\/sistemosklaipeda.com\/et\/toode\/nordic-xp-at09-reduktori-remondikomplekt\/"]}]},{"@type":"ImageObject","inLanguage":"et","@id":"https:\/\/sistemosklaipeda.com\/et\/toode\/nordic-xp-at09-reduktori-remondikomplekt\/#primaryimage","url":"https:\/\/sistemosklaipeda.com\/wp-content\/uploads\/2024\/05\/Remontinis-komplektas-reduktoriui-NORDIC-XP-AT09.png","contentUrl":"https:\/\/sistemosklaipeda.com\/wp-content\/uploads\/2024\/05\/Remontinis-komplektas-reduktoriui-NORDIC-XP-AT09.png","width":777,"height":800,"caption":"Remontinis komplektas reduktoriui NORDIC XP AT09"},{"@type":"BreadcrumbList","@id":"https:\/\/sistemosklaipeda.com\/et\/toode\/nordic-xp-at09-reduktori-remondikomplekt\/#breadcrumb","itemListElement":[{"@type":"ListItem","position":1,"name":"Prad\u017eia","item":"https:\/\/sistemosklaipeda.com\/et\/kauplus\/"},{"@type":"ListItem","position":2,"name":"Kauplus","item":"https:\/\/sistemosklaipeda.com\/et\/kauplus\/"},{"@type":"ListItem","position":3,"name":"NORDIC XP AT09 reduktori remondikomplekt"}]},{"@type":"WebSite","@id":"https:\/\/sistemosklaipeda.com\/et\/#website","url":"https:\/\/sistemosklaipeda.com\/et\/","name":"Sistemos Klaip\u0117da","description":"Kokybi\u0161ka duj\u0173 \u012franga ir jos komponentai, kabliai ir priedai","publisher":{"@id":"https:\/\/sistemosklaipeda.com\/et\/#organization"},"potentialAction":[{"@type":"SearchAction","target":{"@type":"EntryPoint","urlTemplate":"https:\/\/sistemosklaipeda.com\/et\/?s={search_term_string}"},"query-input":{"@type":"PropertyValueSpecification","valueRequired":true,"valueName":"search_term_string"}}],"inLanguage":"et"},{"@type":"Organization","@id":"https:\/\/sistemosklaipeda.com\/et\/#organization","name":"Sistemos Klaip\u0117da","alternateName":"Sistemos","url":"https:\/\/sistemosklaipeda.com\/et\/","logo":{"@type":"ImageObject","inLanguage":"et","@id":"https:\/\/sistemosklaipeda.com\/et\/#\/schema\/logo\/image\/","url":"https:\/\/sistemosklaipeda.com\/wp-content\/uploads\/2023\/09\/sistemos-logo-cropperd-e1695968047774.png","contentUrl":"https:\/\/sistemosklaipeda.com\/wp-content\/uploads\/2023\/09\/sistemos-logo-cropperd-e1695968047774.png","width":401,"height":206,"caption":"Sistemos Klaip\u0117da"},"image":{"@id":"https:\/\/sistemosklaipeda.com\/et\/#\/schema\/logo\/image\/"},"sameAs":["https:\/\/www.facebook.com\/SistemosKlp","https:\/\/www.instagram.com\/sistemosklaipeda\/"]}]}},"_links":{"self":[{"href":"https:\/\/sistemosklaipeda.com\/et\/wp-json\/wp\/v2\/product\/16546","targetHints":{"allow":["GET"]}}],"collection":[{"href":"https:\/\/sistemosklaipeda.com\/et\/wp-json\/wp\/v2\/product"}],"about":[{"href":"https:\/\/sistemosklaipeda.com\/et\/wp-json\/wp\/v2\/types\/product"}],"wp:featuredmedia":[{"embeddable":true,"href":"https:\/\/sistemosklaipeda.com\/et\/wp-json\/wp\/v2\/media\/14965"}],"wp:attachment":[{"href":"https:\/\/sistemosklaipeda.com\/et\/wp-json\/wp\/v2\/media?parent=16546"}],"wp:term":[{"taxonomy":"product_brand","embeddable":true,"href":"https:\/\/sistemosklaipeda.com\/et\/wp-json\/wp\/v2\/product_brand?post=16546"},{"taxonomy":"product_cat","embeddable":true,"href":"https:\/\/sistemosklaipeda.com\/et\/wp-json\/wp\/v2\/product_cat?post=16546"},{"taxonomy":"product_tag","embeddable":true,"href":"https:\/\/sistemosklaipeda.com\/et\/wp-json\/wp\/v2\/product_tag?post=16546"}],"curies":[{"name":"wp","href":"https:\/\/api.w.org\/{rel}","templated":true}]}}