{"id":15664,"date":"2024-08-11T14:51:52","date_gmt":"2024-08-11T14:51:52","guid":{"rendered":"https:\/\/sistemosklaipeda.com\/karu\/"},"modified":"2024-08-11T14:51:53","modified_gmt":"2024-08-11T14:51:53","slug":"karu","status":"publish","type":"page","link":"https:\/\/sistemosklaipeda.com\/et\/karu\/","title":{"rendered":"K\u00e4ru"},"content":{"rendered":"\t\t<div data-elementor-type=\"wp-page\" data-elementor-id=\"15664\" class=\"elementor elementor-15664 elementor-10582\" data-elementor-post-type=\"page\">\n\t\t\t\t<div class=\"elementor-element elementor-element-344ddd5f e-con-full e-flex e-con e-parent\" data-id=\"344ddd5f\" data-element_type=\"container\" data-e-type=\"container\">\n\t\t\t\t<\/div>\n\t\t<div class=\"elementor-element elementor-element-1e5d2e0 e-con-full e-flex e-con e-parent\" data-id=\"1e5d2e0\" data-element_type=\"container\" data-e-type=\"container\" data-settings=\"{&quot;background_background&quot;:&quot;classic&quot;}\">\n\t\t\t\t<div class=\"elementor-element elementor-element-027fbe6 e-cart-layout-two-column elementor-widget elementor-widget-woocommerce-cart\" data-id=\"027fbe6\" data-element_type=\"widget\" data-e-type=\"widget\" data-settings=\"{&quot;update_cart_automatically&quot;:&quot;yes&quot;}\" data-widget_type=\"woocommerce-cart.default\">\n\t\t\t\t<div class=\"elementor-widget-container\">\n\t\t\t\t\t<div class=\"woocommerce\"><div class=\"woocommerce-notices-wrapper\"><\/div>\t\t<div class=\"e-cart__container\">\n\t\t\t\t\t\t<!--open container-->\n\t\t\t\t\t\t<div class=\"e-cart__column e-cart__column-start\">\n\t\t\t\t\t\t\t<!--open column-1-->\n\t\t\n<form class=\"woocommerce-cart-form\" action=\"https:\/\/sistemosklaipeda.com\/et\/karu\/\" method=\"post\">\n\t\t\t<div class=\"e-shop-table e-cart-section e-cart-section--no-coupon\">\n\t\t\t\t\t\t<!--open shop table div -->\n\t\t\n\t<table class=\"shop_table shop_table_responsive cart woocommerce-cart-form__contents\" cellspacing=\"0\">\n\t\t<thead>\n\t\t\t<tr>\n\t\t\t\t<th class=\"product-remove\"><span class=\"screen-reader-text\">Eemalda<\/span><\/th>\n\t\t\t\t<th class=\"product-thumbnail\"><span class=\"screen-reader-text\">Thumbnail image<\/span><\/th>\n\t\t\t\t<th scope=\"col\" class=\"product-name\">Toode<\/th>\n\t\t\t\t<th scope=\"col\" class=\"product-price\">Hind<\/th>\n\t\t\t\t<th scope=\"col\" class=\"product-quantity\">Kogus<\/th>\n\t\t\t\t<th scope=\"col\" class=\"product-subtotal\">Vahesumma<\/th>\n\t\t\t<\/tr>\n\t\t<\/thead>\n\t\t<tbody>\n\t\t\t\n\t\t\t\t\t\t\t\t<tr class=\"woocommerce-cart-form__cart-item cart_item\">\n\n\t\t\t\t\t\t<td class=\"product-remove\">\n\t\t\t\t\t\t\t<a role=\"button\" href=\"https:\/\/sistemosklaipeda.com\/et\/karu\/?remove_item=e136c354b1220bc2042f41b8b4730f2b&#038;_wpnonce=14d618b50c\" class=\"remove\" aria-label=\"Remove Gaasi t\u00e4iteotsik Tomasetto pikk&nbsp; from cart\" data-product_id=\"16563\" data-product_sku=\"\">&times;<\/a>\t\t\t\t\t\t<\/td>\n\n\t\t\t\t\t\t<td class=\"product-thumbnail\">\n\t\t\t\t\t\t<a href=\"https:\/\/sistemosklaipeda.com\/et\/toode\/gaasi-taiteotsik-tomasetto-pikk\/\"><img fetchpriority=\"high\" decoding=\"async\" width=\"300\" height=\"300\" src=\"https:\/\/sistemosklaipeda.com\/wp-content\/uploads\/2024\/05\/Duju-uzpylimo-antgalis-Tomasetto-ilgas-300x300.png\" class=\"attachment-woocommerce_thumbnail size-woocommerce_thumbnail\" alt=\"Gaasi t\u00e4iteotsik Tomasetto pikk\" srcset=\"https:\/\/sistemosklaipeda.com\/wp-content\/uploads\/2024\/05\/Duju-uzpylimo-antgalis-Tomasetto-ilgas-300x300.png 300w, https:\/\/sistemosklaipeda.com\/wp-content\/uploads\/2024\/05\/Duju-uzpylimo-antgalis-Tomasetto-ilgas-150x150.png 150w, https:\/\/sistemosklaipeda.com\/wp-content\/uploads\/2024\/05\/Duju-uzpylimo-antgalis-Tomasetto-ilgas-100x100.png 100w\" sizes=\"(max-width: 300px) 100vw, 300px\" \/><\/a>\t\t\t\t\t\t<\/td>\n\n\t\t\t\t\t\t<td scope=\"row\" role=\"rowheader\" class=\"product-name\" data-title=\"Toode\">\n\t\t\t\t\t\t<a href=\"https:\/\/sistemosklaipeda.com\/et\/toode\/gaasi-taiteotsik-tomasetto-pikk\/\">Gaasi t\u00e4iteotsik Tomasetto pikk<\/a>\t\t\t\t\t\t<\/td>\n\n\t\t\t\t\t\t<td class=\"product-price\" data-title=\"Hind\">\n\t\t\t\t\t\t\t<span class=\"woocommerce-Price-amount amount\"><bdi>9.00<span class=\"woocommerce-Price-currencySymbol\">&euro;<\/span><\/bdi><\/span>\t\t\t\t\t\t<\/td>\n\n\t\t\t\t\t\t<td class=\"product-quantity\" data-title=\"Kogus\">\n\t\t\t\t\t\t<div class=\"quantity\">\n\t\t<label class=\"screen-reader-text\" for=\"quantity_69e4d9730427c\">Gaasi t\u00e4iteotsik Tomasetto pikk&nbsp; kogus<\/label>\n\t<input\n\t\ttype=\"number\"\n\t\t\t\tid=\"quantity_69e4d9730427c\"\n\t\tclass=\"input-text qty text\"\n\t\tname=\"cart[e136c354b1220bc2042f41b8b4730f2b][qty]\"\n\t\tvalue=\"1\"\n\t\taria-label=\"Toote kogus\"\n\t\t\t\tmin=\"0\"\n\t\t\t\t\t\t\tstep=\"1\"\n\t\t\tplaceholder=\"\"\n\t\t\tinputmode=\"numeric\"\n\t\t\tautocomplete=\"off\"\n\t\t\t\/>\n\t<\/div>\n\t\t\t\t\t\t<\/td>\n\n\t\t\t\t\t\t<td class=\"product-subtotal\" data-title=\"Vahesumma\">\n\t\t\t\t\t\t\t<span class=\"woocommerce-Price-amount amount\"><bdi>9.00<span class=\"woocommerce-Price-currencySymbol\">&euro;<\/span><\/bdi><\/span>\t\t\t\t\t\t<\/td>\n\t\t\t\t\t<\/tr>\n\t\t\t\t\t\t\t\t\t\t<tr class=\"woocommerce-cart-form__cart-item cart_item\">\n\n\t\t\t\t\t\t<td class=\"product-remove\">\n\t\t\t\t\t\t\t<a role=\"button\" href=\"https:\/\/sistemosklaipeda.com\/et\/karu\/?remove_item=e820840531ee8b7760d21f58d8d26b9e&#038;_wpnonce=14d618b50c\" class=\"remove\" aria-label=\"Remove AEB\/Landi Renzo kalibreerimisotsak 1,8 mm kollane (I-PLUS)&nbsp; from cart\" data-product_id=\"16582\" data-product_sku=\"\">&times;<\/a>\t\t\t\t\t\t<\/td>\n\n\t\t\t\t\t\t<td class=\"product-thumbnail\">\n\t\t\t\t\t\t<a href=\"https:\/\/sistemosklaipeda.com\/et\/toode\/aeb-landi-renzo-kalibreerimisotsak-18-mm-kollane-i-plus\/\"><img decoding=\"async\" width=\"300\" height=\"300\" src=\"https:\/\/sistemosklaipeda.com\/wp-content\/uploads\/2024\/05\/518-300x300.png\" class=\"attachment-woocommerce_thumbnail size-woocommerce_thumbnail\" alt=\"AEB\/Landi Renzo kalibreerimisotsak 1,8 mm kollane (I-PLUS)\" srcset=\"https:\/\/sistemosklaipeda.com\/wp-content\/uploads\/2024\/05\/518-300x300.png 300w, https:\/\/sistemosklaipeda.com\/wp-content\/uploads\/2024\/05\/518-150x150.png 150w, https:\/\/sistemosklaipeda.com\/wp-content\/uploads\/2024\/05\/518-100x100.png 100w\" sizes=\"(max-width: 300px) 100vw, 300px\" \/><\/a>\t\t\t\t\t\t<\/td>\n\n\t\t\t\t\t\t<td scope=\"row\" role=\"rowheader\" class=\"product-name\" data-title=\"Toode\">\n\t\t\t\t\t\t<a href=\"https:\/\/sistemosklaipeda.com\/et\/toode\/aeb-landi-renzo-kalibreerimisotsak-18-mm-kollane-i-plus\/\">AEB\/Landi Renzo kalibreerimisotsak 1,8 mm kollane (I-PLUS)<\/a>\t\t\t\t\t\t<\/td>\n\n\t\t\t\t\t\t<td class=\"product-price\" data-title=\"Hind\">\n\t\t\t\t\t\t\t<span class=\"woocommerce-Price-amount amount\"><bdi>0.85<span class=\"woocommerce-Price-currencySymbol\">&euro;<\/span><\/bdi><\/span>\t\t\t\t\t\t<\/td>\n\n\t\t\t\t\t\t<td class=\"product-quantity\" data-title=\"Kogus\">\n\t\t\t\t\t\t<div class=\"quantity\">\n\t\t<label class=\"screen-reader-text\" for=\"quantity_69e4d973053d5\">AEB\/Landi Renzo kalibreerimisotsak 1,8 mm kollane (I-PLUS)&nbsp; kogus<\/label>\n\t<input\n\t\ttype=\"number\"\n\t\t\t\tid=\"quantity_69e4d973053d5\"\n\t\tclass=\"input-text qty text\"\n\t\tname=\"cart[e820840531ee8b7760d21f58d8d26b9e][qty]\"\n\t\tvalue=\"2\"\n\t\taria-label=\"Toote kogus\"\n\t\t\t\tmin=\"0\"\n\t\t\t\t\t\t\tstep=\"1\"\n\t\t\tplaceholder=\"\"\n\t\t\tinputmode=\"numeric\"\n\t\t\tautocomplete=\"off\"\n\t\t\t\/>\n\t<\/div>\n\t\t\t\t\t\t<\/td>\n\n\t\t\t\t\t\t<td class=\"product-subtotal\" data-title=\"Vahesumma\">\n\t\t\t\t\t\t\t<span class=\"woocommerce-Price-amount amount\"><bdi>1.70<span class=\"woocommerce-Price-currencySymbol\">&euro;<\/span><\/bdi><\/span>\t\t\t\t\t\t<\/td>\n\t\t\t\t\t<\/tr>\n\t\t\t\t\t\n\t\t\t\n\t\t\t<tr>\n\t\t\t\t<td colspan=\"6\" class=\"actions\">\n\n\t\t\t\t\t\n\t\t\t\t\t<button type=\"submit\" class=\"button\" name=\"update_cart\" value=\"\"><\/button>\n\n\t\t\t\t\t\n\t\t\t\t\t<input type=\"hidden\" id=\"woocommerce-cart-nonce\" name=\"woocommerce-cart-nonce\" value=\"14d618b50c\" \/><input type=\"hidden\" name=\"_wp_http_referer\" value=\"\/et\/wp-json\/wp\/v2\/pages\/15664\" \/>\t\t\t\t<\/td>\n\t\t\t<\/tr>\n\n\t\t\t\t\t<\/tbody>\n\t<\/table>\n\t\t\t\t\t\t\t<\/div>\n\t\t\t\t\t<!--close shop table div -->\n\t\t\t\t\t<div class=\"e-clear\"><\/div>\n\t\t<\/form>\n\n\t\t\t\t\t\t<!--close column-1-->\n\t\t\t\t\t\t<\/div>\n\t\t\t\t\t\t<div class=\"e-cart__column e-cart__column-end\">\n\t\t\t\t\t\t\t<!--open column-2-->\n\t\t\t\t\t\t\t\t<div class=\"e-cart__column-inner e-sticky-right-column\">\n\t\t\t\t\t\t\t\t\t<!--open column-inner-->\n\t\t\t\t\t\t\t\t\t<div class=\"e-cart-totals e-cart-section\">\n\t\t\t\t\t\t\t\t\t\t<!--open cart-totals-->\n\t\t\n<div class=\"cart-collaterals\">\n\t<div class=\"cart_totals \">\n\n\t\n\t<h2>Kokku<\/h2>\n\n\t<table cellspacing=\"0\" class=\"shop_table shop_table_responsive\">\n\n\t\t<tr class=\"cart-subtotal\">\n\t\t\t<th>Vahesumma<\/th>\n\t\t\t<td data-title=\"Vahesumma\"><span class=\"woocommerce-Price-amount amount\"><bdi>10.70<span class=\"woocommerce-Price-currencySymbol\">&euro;<\/span><\/bdi><\/span><\/td>\n\t\t<\/tr>\n\n\t\t\n\t\t\n\t\t\n\t\t\n\t\t\n\t\t<tr class=\"order-total\">\n\t\t\t<th>Kokku<\/th>\n\t\t\t<td data-title=\"Kokku\"><strong><span class=\"woocommerce-Price-amount amount\"><bdi>10.70<span class=\"woocommerce-Price-currencySymbol\">&euro;<\/span><\/bdi><\/span><\/strong> <\/td>\n\t\t<\/tr>\n\n\t\t\n\t<\/table>\n\n\t<div class=\"wc-proceed-to-checkout\">\n\t\t\n<a href=\"https:\/\/sistemosklaipeda.com\/et\/tellige-alates\/\" class=\"checkout-button button alt wc-forward\">\n\tJ\u00e4tkake maksmisega<\/a>\n\t<\/div>\n\n\t\n<\/div>\n<\/div>\n\n\t\t\t\t\t\t\t\t\t<!--close cart-totals-->\n\t\t\t\t\t\t\t\t\t<\/div>\n\t\t\t\t\t\t\t\t\t<!--close column-inner-->\n\t\t\t\t\t\t\t\t<\/div>\n\t\t\t\t\t\t\t<!--close column-2-->\n\t\t\t\t\t\t<\/div>\n\t\t\t\t\t\t<!--close container-->\n\t\t\t\t\t<\/div>\n\t\t<\/div>\t\t\t\t<\/div>\n\t\t\t\t<\/div>\n\t\t\t\t<\/div>\n\t\t\t\t<\/div>\n\t\t","protected":false},"excerpt":{"rendered":"<p>Krep\u0161elis dar tu\u0161\u010dias. Gr\u012f\u017eti \u012f parduotuv\u0119<\/p>\n","protected":false},"author":1,"featured_media":0,"parent":0,"menu_order":0,"comment_status":"closed","ping_status":"closed","template":"","meta":{"footnotes":""},"class_list":["post-15664","page","type-page","status-publish","hentry"],"yoast_head":"<!-- This site is optimized with the Yoast SEO plugin v27.0 - https:\/\/yoast.com\/product\/yoast-seo-wordpress\/ -->\n<title>K\u00e4ru - Sistemos Klaip\u0117da<\/title>\n<meta name=\"robots\" content=\"noindex, nofollow\" \/>\n<meta property=\"og:locale\" content=\"et_EE\" \/>\n<meta property=\"og:type\" content=\"article\" \/>\n<meta property=\"og:title\" content=\"K\u00e4ru - Sistemos Klaip\u0117da\" \/>\n<meta property=\"og:description\" content=\"Krep\u0161elis dar tu\u0161\u010dias. Gr\u012f\u017eti \u012f parduotuv\u0119\" \/>\n<meta property=\"og:url\" content=\"https:\/\/sistemosklaipeda.com\/et\/karu\/\" \/>\n<meta property=\"og:site_name\" content=\"Sistemos Klaip\u0117da\" \/>\n<meta property=\"article:publisher\" content=\"https:\/\/www.facebook.com\/SistemosKlp\" \/>\n<meta property=\"article:modified_time\" content=\"2024-08-11T14:51:53+00:00\" \/>\n<meta name=\"twitter:card\" content=\"summary_large_image\" \/>\n<script type=\"application\/ld+json\" class=\"yoast-schema-graph\">{\"@context\":\"https:\/\/schema.org\",\"@graph\":[{\"@type\":\"WebPage\",\"@id\":\"https:\/\/sistemosklaipeda.com\/et\/karu\/\",\"url\":\"https:\/\/sistemosklaipeda.com\/et\/karu\/\",\"name\":\"K\u00e4ru - Sistemos Klaip\u0117da\",\"isPartOf\":{\"@id\":\"https:\/\/sistemosklaipeda.com\/et\/#website\"},\"datePublished\":\"2024-08-11T14:51:52+00:00\",\"dateModified\":\"2024-08-11T14:51:53+00:00\",\"breadcrumb\":{\"@id\":\"https:\/\/sistemosklaipeda.com\/et\/karu\/#breadcrumb\"},\"inLanguage\":\"et\",\"potentialAction\":[{\"@type\":\"ReadAction\",\"target\":[\"https:\/\/sistemosklaipeda.com\/et\/karu\/\"]}]},{\"@type\":\"BreadcrumbList\",\"@id\":\"https:\/\/sistemosklaipeda.com\/et\/karu\/#breadcrumb\",\"itemListElement\":[{\"@type\":\"ListItem\",\"position\":1,\"name\":\"Prad\u017eia\",\"item\":\"https:\/\/sistemosklaipeda.com\/et\/kauplus\/\"},{\"@type\":\"ListItem\",\"position\":2,\"name\":\"K\u00e4ru\"}]},{\"@type\":\"WebSite\",\"@id\":\"https:\/\/sistemosklaipeda.com\/et\/#website\",\"url\":\"https:\/\/sistemosklaipeda.com\/et\/\",\"name\":\"Sistemos Klaip\u0117da\",\"description\":\"Kokybi\u0161ka duj\u0173 \u012franga ir jos komponentai, kabliai ir priedai\",\"publisher\":{\"@id\":\"https:\/\/sistemosklaipeda.com\/et\/#organization\"},\"potentialAction\":[{\"@type\":\"SearchAction\",\"target\":{\"@type\":\"EntryPoint\",\"urlTemplate\":\"https:\/\/sistemosklaipeda.com\/et\/?s={search_term_string}\"},\"query-input\":{\"@type\":\"PropertyValueSpecification\",\"valueRequired\":true,\"valueName\":\"search_term_string\"}}],\"inLanguage\":\"et\"},{\"@type\":\"Organization\",\"@id\":\"https:\/\/sistemosklaipeda.com\/et\/#organization\",\"name\":\"Sistemos Klaip\u0117da\",\"alternateName\":\"Sistemos\",\"url\":\"https:\/\/sistemosklaipeda.com\/et\/\",\"logo\":{\"@type\":\"ImageObject\",\"inLanguage\":\"et\",\"@id\":\"https:\/\/sistemosklaipeda.com\/et\/#\/schema\/logo\/image\/\",\"url\":\"https:\/\/sistemosklaipeda.com\/wp-content\/uploads\/2023\/09\/sistemos-logo-cropperd-e1695968047774.png\",\"contentUrl\":\"https:\/\/sistemosklaipeda.com\/wp-content\/uploads\/2023\/09\/sistemos-logo-cropperd-e1695968047774.png\",\"width\":401,\"height\":206,\"caption\":\"Sistemos Klaip\u0117da\"},\"image\":{\"@id\":\"https:\/\/sistemosklaipeda.com\/et\/#\/schema\/logo\/image\/\"},\"sameAs\":[\"https:\/\/www.facebook.com\/SistemosKlp\",\"https:\/\/www.instagram.com\/sistemosklaipeda\/\"]}]}<\/script>\n<!-- \/ Yoast SEO plugin. -->","yoast_head_json":{"title":"K\u00e4ru - Sistemos Klaip\u0117da","robots":{"index":"noindex","follow":"nofollow"},"og_locale":"et_EE","og_type":"article","og_title":"K\u00e4ru - Sistemos Klaip\u0117da","og_description":"Krep\u0161elis dar tu\u0161\u010dias. Gr\u012f\u017eti \u012f parduotuv\u0119","og_url":"https:\/\/sistemosklaipeda.com\/et\/karu\/","og_site_name":"Sistemos Klaip\u0117da","article_publisher":"https:\/\/www.facebook.com\/SistemosKlp","article_modified_time":"2024-08-11T14:51:53+00:00","twitter_card":"summary_large_image","schema":{"@context":"https:\/\/schema.org","@graph":[{"@type":"WebPage","@id":"https:\/\/sistemosklaipeda.com\/et\/karu\/","url":"https:\/\/sistemosklaipeda.com\/et\/karu\/","name":"K\u00e4ru - Sistemos Klaip\u0117da","isPartOf":{"@id":"https:\/\/sistemosklaipeda.com\/et\/#website"},"datePublished":"2024-08-11T14:51:52+00:00","dateModified":"2024-08-11T14:51:53+00:00","breadcrumb":{"@id":"https:\/\/sistemosklaipeda.com\/et\/karu\/#breadcrumb"},"inLanguage":"et","potentialAction":[{"@type":"ReadAction","target":["https:\/\/sistemosklaipeda.com\/et\/karu\/"]}]},{"@type":"BreadcrumbList","@id":"https:\/\/sistemosklaipeda.com\/et\/karu\/#breadcrumb","itemListElement":[{"@type":"ListItem","position":1,"name":"Prad\u017eia","item":"https:\/\/sistemosklaipeda.com\/et\/kauplus\/"},{"@type":"ListItem","position":2,"name":"K\u00e4ru"}]},{"@type":"WebSite","@id":"https:\/\/sistemosklaipeda.com\/et\/#website","url":"https:\/\/sistemosklaipeda.com\/et\/","name":"Sistemos Klaip\u0117da","description":"Kokybi\u0161ka duj\u0173 \u012franga ir jos komponentai, kabliai ir priedai","publisher":{"@id":"https:\/\/sistemosklaipeda.com\/et\/#organization"},"potentialAction":[{"@type":"SearchAction","target":{"@type":"EntryPoint","urlTemplate":"https:\/\/sistemosklaipeda.com\/et\/?s={search_term_string}"},"query-input":{"@type":"PropertyValueSpecification","valueRequired":true,"valueName":"search_term_string"}}],"inLanguage":"et"},{"@type":"Organization","@id":"https:\/\/sistemosklaipeda.com\/et\/#organization","name":"Sistemos Klaip\u0117da","alternateName":"Sistemos","url":"https:\/\/sistemosklaipeda.com\/et\/","logo":{"@type":"ImageObject","inLanguage":"et","@id":"https:\/\/sistemosklaipeda.com\/et\/#\/schema\/logo\/image\/","url":"https:\/\/sistemosklaipeda.com\/wp-content\/uploads\/2023\/09\/sistemos-logo-cropperd-e1695968047774.png","contentUrl":"https:\/\/sistemosklaipeda.com\/wp-content\/uploads\/2023\/09\/sistemos-logo-cropperd-e1695968047774.png","width":401,"height":206,"caption":"Sistemos Klaip\u0117da"},"image":{"@id":"https:\/\/sistemosklaipeda.com\/et\/#\/schema\/logo\/image\/"},"sameAs":["https:\/\/www.facebook.com\/SistemosKlp","https:\/\/www.instagram.com\/sistemosklaipeda\/"]}]}},"_links":{"self":[{"href":"https:\/\/sistemosklaipeda.com\/et\/wp-json\/wp\/v2\/pages\/15664","targetHints":{"allow":["GET"]}}],"collection":[{"href":"https:\/\/sistemosklaipeda.com\/et\/wp-json\/wp\/v2\/pages"}],"about":[{"href":"https:\/\/sistemosklaipeda.com\/et\/wp-json\/wp\/v2\/types\/page"}],"author":[{"embeddable":true,"href":"https:\/\/sistemosklaipeda.com\/et\/wp-json\/wp\/v2\/users\/1"}],"replies":[{"embeddable":true,"href":"https:\/\/sistemosklaipeda.com\/et\/wp-json\/wp\/v2\/comments?post=15664"}],"version-history":[{"count":1,"href":"https:\/\/sistemosklaipeda.com\/et\/wp-json\/wp\/v2\/pages\/15664\/revisions"}],"predecessor-version":[{"id":15665,"href":"https:\/\/sistemosklaipeda.com\/et\/wp-json\/wp\/v2\/pages\/15664\/revisions\/15665"}],"wp:attachment":[{"href":"https:\/\/sistemosklaipeda.com\/et\/wp-json\/wp\/v2\/media?parent=15664"}],"curies":[{"name":"wp","href":"https:\/\/api.w.org\/{rel}","templated":true}]}}