{"id":15652,"date":"2024-08-11T14:51:48","date_gmt":"2024-08-11T14:51:48","guid":{"rendered":"https:\/\/sistemosklaipeda.com\/kalkulaator\/"},"modified":"2024-11-27T18:59:58","modified_gmt":"2024-11-27T18:59:58","slug":"kalkulaator","status":"publish","type":"page","link":"https:\/\/sistemosklaipeda.com\/et\/kalkulaator\/","title":{"rendered":"Kalkulaator"},"content":{"rendered":"\t\t<div data-elementor-type=\"wp-page\" data-elementor-id=\"15652\" class=\"elementor elementor-15652 elementor-302\" data-elementor-post-type=\"page\">\n\t\t\t\t<div class=\"elementor-element elementor-element-68644027 e-con-full elementor-hidden-tablet elementor-hidden-mobile e-flex e-con e-parent\" data-id=\"68644027\" data-element_type=\"container\" data-e-type=\"container\" data-settings=\"{&quot;background_background&quot;:&quot;classic&quot;,&quot;shape_divider_bottom&quot;:&quot;triangle&quot;,&quot;shape_divider_bottom_negative&quot;:&quot;yes&quot;}\">\n\t\t\t\t<div class=\"elementor-shape elementor-shape-bottom\" aria-hidden=\"true\" data-negative=\"true\">\n\t\t\t<svg xmlns=\"http:\/\/www.w3.org\/2000\/svg\" viewBox=\"0 0 1000 100\" preserveAspectRatio=\"none\">\n\t<path class=\"elementor-shape-fill\" d=\"M500.2,94.7L0,0v100h1000V0L500.2,94.7z\"\/>\n<\/svg>\t\t<\/div>\n\t\t\t\t<\/div>\n\t\t<div class=\"elementor-element elementor-element-410d94a1 e-flex e-con-boxed e-con e-parent\" data-id=\"410d94a1\" data-element_type=\"container\" data-e-type=\"container\" data-settings=\"{&quot;background_background&quot;:&quot;classic&quot;}\">\n\t\t\t\t\t<div class=\"e-con-inner\">\n\t\t\t\t<div class=\"elementor-element elementor-element-73f327f5 elementor-widget elementor-widget-heading\" data-id=\"73f327f5\" data-element_type=\"widget\" data-e-type=\"widget\" data-widget_type=\"heading.default\">\n\t\t\t\t<div class=\"elementor-widget-container\">\n\t\t\t\t\t<h2 class=\"elementor-heading-title elementor-size-default\">DIGIT<\/h2>\t\t\t\t<\/div>\n\t\t\t\t<\/div>\n\t\t\t\t\t<\/div>\n\t\t\t\t<\/div>\n\t\t<div class=\"elementor-element elementor-element-7b26e389 e-flex e-con-boxed e-con e-parent\" data-id=\"7b26e389\" data-element_type=\"container\" data-e-type=\"container\" data-settings=\"{&quot;background_background&quot;:&quot;classic&quot;}\">\n\t\t\t\t\t<div class=\"e-con-inner\">\n\t\t\t\t<div class=\"elementor-element elementor-element-6c04244a elementor-widget elementor-widget-heading\" data-id=\"6c04244a\" data-element_type=\"widget\" data-e-type=\"widget\" data-widget_type=\"heading.default\">\n\t\t\t\t<div class=\"elementor-widget-container\">\n\t\t\t\t\t<h4 class=\"elementor-heading-title elementor-size-default\">Gaasiga t\u00f6\u00f6tavate mootors\u00f5idukite seadmete tasuvuse arvutamine<\/h4>\t\t\t\t<\/div>\n\t\t\t\t<\/div>\n\t\t\t\t<div class=\"elementor-element elementor-element-6e083b8 elementor-widget elementor-widget-text-editor\" data-id=\"6e083b8\" data-element_type=\"widget\" data-e-type=\"widget\" data-widget_type=\"text-editor.default\">\n\t\t\t\t<div class=\"elementor-widget-container\">\n\t\t\t\t\t\t\t\t\t<p>Siin saate h\u00f5lpsasti arvutada gaasiseadmete tasuvusaega, peate lihtsalt t\u00e4itma kalkulaatori t\u00fchikud.<\/p>\n\t\t\t\t\t\t\t\t<\/div>\n\t\t\t\t<\/div>\n\t\t\t\t<div class=\"elementor-element elementor-element-24a1aaa elementor-widget elementor-widget-shortcode\" data-id=\"24a1aaa\" data-element_type=\"widget\" data-e-type=\"widget\" data-widget_type=\"shortcode.default\">\n\t\t\t\t<div class=\"elementor-widget-container\">\n\t\t\t\t\t\t\t<div class=\"elementor-shortcode\"><!DOCTYPE html>\r\n<html lang=\"lt\">\r\n<head>\r\n    <meta charset=\"UTF-8\">\r\n    <meta name=\"viewport\" content=\"width=device-width, initial-scale=1.0\">\r\n    <title>Skai\u010diuokl\u0117<\/title>\r\n    <style>\r\n        body {\r\n            font-family: 'Varela Round', sans-serif;\r\n            margin: 0;\r\n            padding: 0;\r\n            box-sizing: border-box;\r\n            color: #131440;\r\n        }\r\n        .container {\r\n            display: flex;\r\n            flex-wrap: wrap;\r\n            max-width: 1200px;\r\n            margin: 0 auto;\r\n            padding: 20px;\r\n        }\r\n        .calculator, .results {\r\n            flex: 1;\r\n            min-width: 300px;\r\n            padding: 20px;\r\n            margin: 10px;\r\n            border: 1px solid #ccc;\r\n            border-radius: 5px;\r\n            box-shadow: 0 0 10px rgba(0, 0, 0, 0.1);\r\n            background-color: #fff;\r\n        }\r\n        .calculator h2, .results h3 {\r\n            color: #DC2C18;\r\n            text-align: center;\r\n        }\r\n        .calculator label {\r\n            color: #333;\r\n        }\r\n        .calculator input, .calculator select, .calculator button {\r\n            width: calc(100% - 20px);\r\n            padding: 10px;\r\n            margin: 5px 0;\r\n            border: 1px solid #ccc;\r\n            border-radius: 5px;\r\n            font-size: 16px;\r\n        }\r\n        .calculator button {\r\n            background-color: #DC2C18;\r\n            color: #fff;\r\n            border: none;\r\n            cursor: pointer;\r\n        }\r\n        .calculator button:hover {\r\n            background-color: #b92214;\r\n        }\r\n        .results {\r\n            display: flex;\r\n            flex-direction: column;\r\n            justify-content: center;\r\n            align-items: center;\r\n            text-align: center;\r\n            background-color: #f9f9f9;\r\n        }\r\n        .savings-chart-container {\r\n            max-width: 400px;\r\n            width: 100%;\r\n            margin-top: 20px;\r\n        }\r\n    <\/style>\r\n    <script src=\"https:\/\/cdn.jsdelivr.net\/npm\/chart.js\"><\/script>\r\n<\/head>\r\n<body>\r\n    <div class=\"container\">\r\n        <div class=\"calculator\">\r\n            <h2>Skai\u010diuokl\u0117<\/h2>\r\n            \r\n            <label for=\"petrol_consumption\">Kuro s\u0105naudos (litrai per 100 km):<\/label>\r\n            <input type=\"number\" id=\"petrol_consumption\" required>\r\n            \r\n            <label for=\"petrol_price\">Kuro kaina (u\u017e litr\u0105):<\/label>\r\n            <input type=\"number\" id=\"petrol_price\" value=\"1.5\" required>\r\n            \r\n            <label for=\"distance\">Nuva\u017eiuojamas atstumas per metus (km):<\/label>\r\n            <input type=\"number\" id=\"distance\" value=\"10000\" required>\r\n            \r\n            <label for=\"lpg_price\">LPG kaina (u\u017e litr\u0105):<\/label>\r\n            <input type=\"number\" id=\"lpg_price\" value=\"0.55\" required>\r\n            \r\n            <label for=\"cylinder_count\">Variklio cilindr\u0173 skai\u010dius:<\/label>\r\n            <select id=\"cylinder_count\" required>\r\n                <option value=\"4\">4 cilindrai<\/option>\r\n                <option value=\"6\">6 cilindrai<\/option>\r\n                <option value=\"8\">8 cilindrai<\/option>\r\n            <\/select>\r\n            \r\n            <button onclick=\"calculateSavings()\">Skai\u010diuoti Taupym\u0105<\/button>\r\n        <\/div>\r\n        <div class=\"results\">\r\n            <h3>Rezultatai<\/h3>\r\n            <div id=\"result\">\r\n                <p>Sutaupoma per metus: \u20ac0.00<\/p>\r\n                <p>Sutaupoma per 100 km: \u20ac0.00<\/p>\r\n                <p>Sutaupoma per m\u0117nes\u012f: \u20ac0.00<\/p>\r\n                <p>Atsipirkimo laikotarpis: 0.0 m\u0117n.<\/p>\r\n                <p>Sutaupoma per 5 metus: \u20ac0.00<\/p>\r\n            <\/div>\r\n            <div class=\"savings-chart-container\">\r\n                <canvas id=\"savingsChart\"><\/canvas>\r\n            <\/div>\r\n        <\/div>\r\n    <\/div>\r\n    \r\n    <script>\r\n        function calculateSavings() {\r\n            const petrolConsumption = parseFloat(document.getElementById('petrol_consumption').value);\r\n            const petrolPrice = parseFloat(document.getElementById('petrol_price').value);\r\n            const distance = parseFloat(document.getElementById('distance').value);\r\n            const lpgPrice = parseFloat(document.getElementById('lpg_price').value);\r\n            const cylinderCount = parseInt(document.getElementById('cylinder_count').value);\r\n            \r\n            const installationCost = cylinderCount === 4 ? 900 : cylinderCount === 6 ? 1100 : 1400;\r\n            \r\n            const annualPetrolConsumption = (distance * petrolConsumption) \/ 100;\r\n            const annualPetrolCost = annualPetrolConsumption * petrolPrice;\r\n            \r\n            const equivalentLPGConsumption = petrolConsumption * 1.2;\r\n            const annualLPGConsumption = (distance * equivalentLPGConsumption) \/ 100;\r\n            const annualLPGCost = annualLPGConsumption * lpgPrice;\r\n            \r\n            const annualSavings = annualPetrolCost - annualLPGCost;\r\n            const savingsOver5Years = annualSavings * 5;\r\n            \r\n            const savingsPer100km = (petrolPrice * petrolConsumption) - (lpgPrice * equivalentLPGConsumption);\r\n            const monthlySavings = annualSavings \/ 12;\r\n            const breakEvenPoint = installationCost \/ monthlySavings;\r\n\r\n            document.getElementById('result').innerHTML = `\r\n                <p>Sutaupoma per metus: \u20ac${annualSavings.toFixed(2)}<\/p>\r\n                <p>Sutaupoma per 100 km: \u20ac${savingsPer100km.toFixed(2)}<\/p>\r\n                <p>Sutaupoma per m\u0117nes\u012f: \u20ac${monthlySavings.toFixed(2)}<\/p>\r\n                <p>Atsipirkimo laikotarpis: ${breakEvenPoint.toFixed(1)} m\u0117n.<\/p>\r\n                <p>Sutaupoma per 5 metus: \u20ac${savingsOver5Years.toFixed(2)}<\/p>\r\n            `;\r\n            \r\n            \/\/ Update savings comparison chart\r\n            updateSavingsComparisonChart(annualPetrolCost, annualLPGCost);\r\n        }\r\n\r\n        function updateSavingsComparisonChart(petrolCost, lpgCost) {\r\n            const savingsChart = document.getElementById('savingsChart').getContext('2d');\r\n            const savingsComparisonChart = new Chart(savingsChart, {\r\n                type: 'bar',\r\n                data: {\r\n                    labels: ['Kuras per metus', 'LPG per metus'],\r\n                    datasets: [{\r\n                        label: 'Metin\u0117s i\u0161laidos',\r\n                        data: [petrolCost.toFixed(2), lpgCost.toFixed(2)],\r\n                        backgroundColor: ['#DC2C18', '#1E88E5'],\r\n                        borderWidth: 1\r\n                    }]\r\n                },\r\n                options: {\r\n                    responsive: true,\r\n                    maintainAspectRatio: false,\r\n                    scales: {\r\n                        y: {\r\n                            beginAtZero: true,\r\n                            title: {\r\n                                display: true,\r\n                                text: 'I\u0161laidos (\u20ac)'\r\n                            }\r\n                        }\r\n                    },\r\n                    plugins: {\r\n                        legend: {\r\n                            display: false\r\n                        }\r\n                    }\r\n                }\r\n            });\r\n        }\r\n    <\/script>\r\n<\/body>\r\n<\/html>\r\n<\/div>\n\t\t\t\t\t\t<\/div>\n\t\t\t\t<\/div>\n\t\t\t\t\t<\/div>\n\t\t\t\t<\/div>\n\t\t\t\t<\/div>\n\t\t","protected":false},"excerpt":{"rendered":"<p>DIGIT Gaasiga t\u00f6\u00f6tavate mootors\u00f5idukite seadmete tasuvuse arvutamine Siin saate h\u00f5lpsasti arvutada gaasiseadmete tasuvusaega, peate lihtsalt t\u00e4itma kalkulaatori t\u00fchikud.<\/p>\n","protected":false},"author":1,"featured_media":0,"parent":0,"menu_order":0,"comment_status":"closed","ping_status":"closed","template":"","meta":{"footnotes":""},"class_list":["post-15652","page","type-page","status-publish","hentry"],"yoast_head":"<!-- This site is optimized with the Yoast SEO plugin v27.0 - https:\/\/yoast.com\/product\/yoast-seo-wordpress\/ -->\n<title>tasuvuskalkulaator Sistemos Klaip\u0117da<\/title>\n<meta name=\"description\" content=\"Siin saate h\u00f5lpsasti arvutada autode gaasiseadmete tasuvusaega.\" \/>\n<meta name=\"robots\" content=\"index, follow, max-snippet:-1, max-image-preview:large, max-video-preview:-1\" \/>\n<link rel=\"canonical\" href=\"https:\/\/sistemosklaipeda.com\/et\/kalkulaator\/\" \/>\n<meta property=\"og:locale\" content=\"et_EE\" \/>\n<meta property=\"og:type\" content=\"article\" \/>\n<meta property=\"og:title\" content=\"tasuvuskalkulaator Sistemos Klaip\u0117da\" \/>\n<meta property=\"og:description\" content=\"Siin saate h\u00f5lpsasti arvutada autode gaasiseadmete tasuvusaega.\" \/>\n<meta property=\"og:url\" content=\"https:\/\/sistemosklaipeda.com\/et\/kalkulaator\/\" \/>\n<meta property=\"og:site_name\" content=\"Sistemos Klaip\u0117da\" \/>\n<meta property=\"article:publisher\" content=\"https:\/\/www.facebook.com\/SistemosKlp\" \/>\n<meta property=\"article:modified_time\" content=\"2024-11-27T18:59:58+00:00\" \/>\n<meta name=\"twitter:card\" content=\"summary_large_image\" \/>\n<script type=\"application\/ld+json\" class=\"yoast-schema-graph\">{\"@context\":\"https:\/\/schema.org\",\"@graph\":[{\"@type\":\"WebPage\",\"@id\":\"https:\/\/sistemosklaipeda.com\/et\/kalkulaator\/\",\"url\":\"https:\/\/sistemosklaipeda.com\/et\/kalkulaator\/\",\"name\":\"tasuvuskalkulaator Sistemos Klaip\u0117da\",\"isPartOf\":{\"@id\":\"https:\/\/sistemosklaipeda.com\/et\/#website\"},\"datePublished\":\"2024-08-11T14:51:48+00:00\",\"dateModified\":\"2024-11-27T18:59:58+00:00\",\"description\":\"Siin saate h\u00f5lpsasti arvutada autode gaasiseadmete tasuvusaega.\",\"breadcrumb\":{\"@id\":\"https:\/\/sistemosklaipeda.com\/et\/kalkulaator\/#breadcrumb\"},\"inLanguage\":\"et\",\"potentialAction\":[{\"@type\":\"ReadAction\",\"target\":[\"https:\/\/sistemosklaipeda.com\/et\/kalkulaator\/\"]}]},{\"@type\":\"BreadcrumbList\",\"@id\":\"https:\/\/sistemosklaipeda.com\/et\/kalkulaator\/#breadcrumb\",\"itemListElement\":[{\"@type\":\"ListItem\",\"position\":1,\"name\":\"Prad\u017eia\",\"item\":\"https:\/\/sistemosklaipeda.com\/et\/kauplus\/\"},{\"@type\":\"ListItem\",\"position\":2,\"name\":\"Kalkulaator\"}]},{\"@type\":\"WebSite\",\"@id\":\"https:\/\/sistemosklaipeda.com\/et\/#website\",\"url\":\"https:\/\/sistemosklaipeda.com\/et\/\",\"name\":\"Sistemos Klaip\u0117da\",\"description\":\"Kokybi\u0161ka duj\u0173 \u012franga ir jos komponentai, kabliai ir priedai\",\"publisher\":{\"@id\":\"https:\/\/sistemosklaipeda.com\/et\/#organization\"},\"potentialAction\":[{\"@type\":\"SearchAction\",\"target\":{\"@type\":\"EntryPoint\",\"urlTemplate\":\"https:\/\/sistemosklaipeda.com\/et\/?s={search_term_string}\"},\"query-input\":{\"@type\":\"PropertyValueSpecification\",\"valueRequired\":true,\"valueName\":\"search_term_string\"}}],\"inLanguage\":\"et\"},{\"@type\":\"Organization\",\"@id\":\"https:\/\/sistemosklaipeda.com\/et\/#organization\",\"name\":\"Sistemos Klaip\u0117da\",\"alternateName\":\"Sistemos\",\"url\":\"https:\/\/sistemosklaipeda.com\/et\/\",\"logo\":{\"@type\":\"ImageObject\",\"inLanguage\":\"et\",\"@id\":\"https:\/\/sistemosklaipeda.com\/et\/#\/schema\/logo\/image\/\",\"url\":\"https:\/\/sistemosklaipeda.com\/wp-content\/uploads\/2023\/09\/sistemos-logo-cropperd-e1695968047774.png\",\"contentUrl\":\"https:\/\/sistemosklaipeda.com\/wp-content\/uploads\/2023\/09\/sistemos-logo-cropperd-e1695968047774.png\",\"width\":401,\"height\":206,\"caption\":\"Sistemos Klaip\u0117da\"},\"image\":{\"@id\":\"https:\/\/sistemosklaipeda.com\/et\/#\/schema\/logo\/image\/\"},\"sameAs\":[\"https:\/\/www.facebook.com\/SistemosKlp\",\"https:\/\/www.instagram.com\/sistemosklaipeda\/\"]}]}<\/script>\n<!-- \/ Yoast SEO plugin. -->","yoast_head_json":{"title":"tasuvuskalkulaator Sistemos Klaip\u0117da","description":"Siin saate h\u00f5lpsasti arvutada autode gaasiseadmete tasuvusaega.","robots":{"index":"index","follow":"follow","max-snippet":"max-snippet:-1","max-image-preview":"max-image-preview:large","max-video-preview":"max-video-preview:-1"},"canonical":"https:\/\/sistemosklaipeda.com\/et\/kalkulaator\/","og_locale":"et_EE","og_type":"article","og_title":"tasuvuskalkulaator Sistemos Klaip\u0117da","og_description":"Siin saate h\u00f5lpsasti arvutada autode gaasiseadmete tasuvusaega.","og_url":"https:\/\/sistemosklaipeda.com\/et\/kalkulaator\/","og_site_name":"Sistemos Klaip\u0117da","article_publisher":"https:\/\/www.facebook.com\/SistemosKlp","article_modified_time":"2024-11-27T18:59:58+00:00","twitter_card":"summary_large_image","schema":{"@context":"https:\/\/schema.org","@graph":[{"@type":"WebPage","@id":"https:\/\/sistemosklaipeda.com\/et\/kalkulaator\/","url":"https:\/\/sistemosklaipeda.com\/et\/kalkulaator\/","name":"tasuvuskalkulaator Sistemos Klaip\u0117da","isPartOf":{"@id":"https:\/\/sistemosklaipeda.com\/et\/#website"},"datePublished":"2024-08-11T14:51:48+00:00","dateModified":"2024-11-27T18:59:58+00:00","description":"Siin saate h\u00f5lpsasti arvutada autode gaasiseadmete tasuvusaega.","breadcrumb":{"@id":"https:\/\/sistemosklaipeda.com\/et\/kalkulaator\/#breadcrumb"},"inLanguage":"et","potentialAction":[{"@type":"ReadAction","target":["https:\/\/sistemosklaipeda.com\/et\/kalkulaator\/"]}]},{"@type":"BreadcrumbList","@id":"https:\/\/sistemosklaipeda.com\/et\/kalkulaator\/#breadcrumb","itemListElement":[{"@type":"ListItem","position":1,"name":"Prad\u017eia","item":"https:\/\/sistemosklaipeda.com\/et\/kauplus\/"},{"@type":"ListItem","position":2,"name":"Kalkulaator"}]},{"@type":"WebSite","@id":"https:\/\/sistemosklaipeda.com\/et\/#website","url":"https:\/\/sistemosklaipeda.com\/et\/","name":"Sistemos Klaip\u0117da","description":"Kokybi\u0161ka duj\u0173 \u012franga ir jos komponentai, kabliai ir priedai","publisher":{"@id":"https:\/\/sistemosklaipeda.com\/et\/#organization"},"potentialAction":[{"@type":"SearchAction","target":{"@type":"EntryPoint","urlTemplate":"https:\/\/sistemosklaipeda.com\/et\/?s={search_term_string}"},"query-input":{"@type":"PropertyValueSpecification","valueRequired":true,"valueName":"search_term_string"}}],"inLanguage":"et"},{"@type":"Organization","@id":"https:\/\/sistemosklaipeda.com\/et\/#organization","name":"Sistemos Klaip\u0117da","alternateName":"Sistemos","url":"https:\/\/sistemosklaipeda.com\/et\/","logo":{"@type":"ImageObject","inLanguage":"et","@id":"https:\/\/sistemosklaipeda.com\/et\/#\/schema\/logo\/image\/","url":"https:\/\/sistemosklaipeda.com\/wp-content\/uploads\/2023\/09\/sistemos-logo-cropperd-e1695968047774.png","contentUrl":"https:\/\/sistemosklaipeda.com\/wp-content\/uploads\/2023\/09\/sistemos-logo-cropperd-e1695968047774.png","width":401,"height":206,"caption":"Sistemos Klaip\u0117da"},"image":{"@id":"https:\/\/sistemosklaipeda.com\/et\/#\/schema\/logo\/image\/"},"sameAs":["https:\/\/www.facebook.com\/SistemosKlp","https:\/\/www.instagram.com\/sistemosklaipeda\/"]}]}},"_links":{"self":[{"href":"https:\/\/sistemosklaipeda.com\/et\/wp-json\/wp\/v2\/pages\/15652","targetHints":{"allow":["GET"]}}],"collection":[{"href":"https:\/\/sistemosklaipeda.com\/et\/wp-json\/wp\/v2\/pages"}],"about":[{"href":"https:\/\/sistemosklaipeda.com\/et\/wp-json\/wp\/v2\/types\/page"}],"author":[{"embeddable":true,"href":"https:\/\/sistemosklaipeda.com\/et\/wp-json\/wp\/v2\/users\/1"}],"replies":[{"embeddable":true,"href":"https:\/\/sistemosklaipeda.com\/et\/wp-json\/wp\/v2\/comments?post=15652"}],"version-history":[{"count":7,"href":"https:\/\/sistemosklaipeda.com\/et\/wp-json\/wp\/v2\/pages\/15652\/revisions"}],"predecessor-version":[{"id":16325,"href":"https:\/\/sistemosklaipeda.com\/et\/wp-json\/wp\/v2\/pages\/15652\/revisions\/16325"}],"wp:attachment":[{"href":"https:\/\/sistemosklaipeda.com\/et\/wp-json\/wp\/v2\/media?parent=15652"}],"curies":[{"name":"wp","href":"https:\/\/api.w.org\/{rel}","templated":true}]}}