{"id":15634,"date":"2024-08-11T14:51:42","date_gmt":"2024-08-11T14:51:42","guid":{"rendered":"https:\/\/sistemosklaipeda.com\/maardeainete-vahetamine\/"},"modified":"2024-08-11T14:51:45","modified_gmt":"2024-08-11T14:51:45","slug":"maardeainete-vahetamine","status":"publish","type":"page","link":"https:\/\/sistemosklaipeda.com\/et\/maardeainete-vahetamine\/","title":{"rendered":"M\u00e4\u00e4rdeainete vahetamine"},"content":{"rendered":"\t\t<div data-elementor-type=\"wp-page\" data-elementor-id=\"15634\" class=\"elementor elementor-15634 elementor-271\" data-elementor-post-type=\"page\">\n\t\t\t\t<div class=\"elementor-element elementor-element-7c98cbec e-con-full elementor-hidden-mobile e-flex e-con e-parent\" data-id=\"7c98cbec\" data-element_type=\"container\" data-e-type=\"container\" data-settings=\"{&quot;background_background&quot;:&quot;classic&quot;,&quot;shape_divider_bottom&quot;:&quot;triangle&quot;,&quot;shape_divider_bottom_negative&quot;:&quot;yes&quot;}\">\n\t\t\t\t<div class=\"elementor-shape elementor-shape-bottom\" aria-hidden=\"true\" data-negative=\"true\">\n\t\t\t<svg xmlns=\"http:\/\/www.w3.org\/2000\/svg\" viewBox=\"0 0 1000 100\" preserveAspectRatio=\"none\">\n\t<path class=\"elementor-shape-fill\" d=\"M500.2,94.7L0,0v100h1000V0L500.2,94.7z\"\/>\n<\/svg>\t\t<\/div>\n\t\t\t\t<\/div>\n\t\t<div class=\"elementor-element elementor-element-86e19bd e-flex e-con-boxed e-con e-parent\" data-id=\"86e19bd\" data-element_type=\"container\" data-e-type=\"container\">\n\t\t\t\t\t<div class=\"e-con-inner\">\n\t\t\t\t<div class=\"elementor-element elementor-element-d55dc83 elementor-widget elementor-widget-heading\" data-id=\"d55dc83\" data-element_type=\"widget\" data-e-type=\"widget\" data-widget_type=\"heading.default\">\n\t\t\t\t<div class=\"elementor-widget-container\">\n\t\t\t\t\t<h2 class=\"elementor-heading-title elementor-size-default\">\u00d5LIVAHETUSED<\/h2>\t\t\t\t<\/div>\n\t\t\t\t<\/div>\n\t\t\t\t\t<\/div>\n\t\t\t\t<\/div>\n\t\t<div class=\"elementor-element elementor-element-429c270a e-flex e-con-boxed e-con e-parent\" data-id=\"429c270a\" data-element_type=\"container\" data-e-type=\"container\">\n\t\t\t\t\t<div class=\"e-con-inner\">\n\t\t\t\t<div class=\"elementor-element elementor-element-38570de4 elementor-widget elementor-widget-heading\" data-id=\"38570de4\" data-element_type=\"widget\" data-e-type=\"widget\" data-widget_type=\"heading.default\">\n\t\t\t\t<div class=\"elementor-widget-container\">\n\t\t\t\t\t<h4 class=\"elementor-heading-title elementor-size-default\">\u00d5li ja filtrite vahetamine<\/h4>\t\t\t\t<\/div>\n\t\t\t\t<\/div>\n\t\t\t\t<div class=\"elementor-element elementor-element-61516505 elementor-widget elementor-widget-text-editor\" data-id=\"61516505\" data-element_type=\"widget\" data-e-type=\"widget\" data-widget_type=\"text-editor.default\">\n\t\t\t\t<div class=\"elementor-widget-container\">\n\t\t\t\t\t\t\t\t\t<div class=\"vc_row wpb_row vc_row-fluid\">\n<div class=\"wpb_column vc_column_container vc_col-sm-12\">\n<div class=\"vc_column-inner\">\n<div class=\"wpb_wrapper\">\n<div class=\"wpb_text_column wpb_content_element \">\n<div class=\"wpb_wrapper\">\n<p>Autode puhul soovitatakse \u00f5li vahetada iga 10 000 km j\u00e4rel v\u00f5i iga kahe aasta j\u00e4rel.<br \/>\nS\u00fcnteetilised mootori m\u00e4\u00e4rdeained iga 15 000 km j\u00e4rel. <\/p>\n<p><strong>\u00d5livahetuse k\u00e4igus tehakse j\u00e4rgmised toimingud:<\/strong><\/p>\n<p>- Vana \u00f5li t\u00fchjendamine. - \u00d5lifiltri vahetamine. - V\u00e4rske \u00f5li lisamine. - Kasutatud \u00f5li keskkonnas\u00f5bralik k\u00f5rvaldamine. - \u00d5livahetusintervalli uuendamine. T\u00e4iendavad hooldused: - \u00d5hufiltri vahetamine. - Salongifiltri vahetamine.<\/p>\n<p><strong>Tasuta<\/strong> \u00f5li- ja <strong>filtrivahetus<\/strong> koos ostuga <strong>.<\/strong><\/p>\n<\/div>\n<\/div>\n<\/div>\n<\/div>\n<\/div>\n<\/div>\n\t\t\t\t\t\t\t\t<\/div>\n\t\t\t\t<\/div>\n\t\t\t\t\t<\/div>\n\t\t\t\t<\/div>\n\t\t\t\t<\/div>\n\t\t","protected":false},"excerpt":{"rendered":"<p>\u00d5LIVAHETUSED \u00d5li ja filtrite vahetamine Autode puhul soovitatakse \u00f5li vahetada iga 10 000 km j\u00e4rel v\u00f5i iga kahe aasta j\u00e4rel. S\u00fcnteetilised mootori m\u00e4\u00e4rdeained iga 15 000 km j\u00e4rel. \u00d5livahetuse k\u00e4igus tehakse j\u00e4rgmised toimingud: - Vana \u00f5li t\u00fchjendamine. - \u00d5lifiltri vahetamine. - V\u00e4rske \u00f5li lisamine. - Kasutatud \u00f5li keskkonnas\u00f5bralik k\u00f5rvaldamine. - \u00d5livahetusintervalli uuendamine. T\u00e4iendavad hooldused: - [&hellip;]<\/p>\n","protected":false},"author":1,"featured_media":0,"parent":0,"menu_order":0,"comment_status":"closed","ping_status":"closed","template":"","meta":{"footnotes":""},"class_list":["post-15634","page","type-page","status-publish","hentry"],"yoast_head":"<!-- This site is optimized with the Yoast SEO plugin v27.0 - https:\/\/yoast.com\/product\/yoast-seo-wordpress\/ -->\n<title>M\u00e4\u00e4rdeainete vahetamine - Sistemos Klaip\u0117da<\/title>\n<meta name=\"description\" content=\"Auto \u00f5livahetus, tasuta \u00f5li- ja filtrivahetus, kui ostate \u00f5li ja filtrid!\" \/>\n<meta name=\"robots\" content=\"index, follow, max-snippet:-1, max-image-preview:large, max-video-preview:-1\" \/>\n<link rel=\"canonical\" href=\"https:\/\/sistemosklaipeda.com\/et\/maardeainete-vahetamine\/\" \/>\n<meta property=\"og:locale\" content=\"et_EE\" \/>\n<meta property=\"og:type\" content=\"article\" \/>\n<meta property=\"og:title\" content=\"M\u00e4\u00e4rdeainete vahetamine - Sistemos Klaip\u0117da\" \/>\n<meta property=\"og:description\" content=\"Auto \u00f5livahetus, tasuta \u00f5li- ja filtrivahetus, kui ostate \u00f5li ja filtrid!\" \/>\n<meta property=\"og:url\" content=\"https:\/\/sistemosklaipeda.com\/et\/maardeainete-vahetamine\/\" \/>\n<meta property=\"og:site_name\" content=\"Sistemos Klaip\u0117da\" \/>\n<meta property=\"article:publisher\" content=\"https:\/\/www.facebook.com\/SistemosKlp\" \/>\n<meta property=\"article:modified_time\" content=\"2024-08-11T14:51:45+00:00\" \/>\n<meta name=\"twitter:card\" content=\"summary_large_image\" \/>\n<script type=\"application\/ld+json\" class=\"yoast-schema-graph\">{\"@context\":\"https:\/\/schema.org\",\"@graph\":[{\"@type\":\"WebPage\",\"@id\":\"https:\/\/sistemosklaipeda.com\/et\/maardeainete-vahetamine\/\",\"url\":\"https:\/\/sistemosklaipeda.com\/et\/maardeainete-vahetamine\/\",\"name\":\"M\u00e4\u00e4rdeainete vahetamine - Sistemos Klaip\u0117da\",\"isPartOf\":{\"@id\":\"https:\/\/sistemosklaipeda.com\/et\/#website\"},\"datePublished\":\"2024-08-11T14:51:42+00:00\",\"dateModified\":\"2024-08-11T14:51:45+00:00\",\"description\":\"Auto \u00f5livahetus, tasuta \u00f5li- ja filtrivahetus, kui ostate \u00f5li ja filtrid!\",\"breadcrumb\":{\"@id\":\"https:\/\/sistemosklaipeda.com\/et\/maardeainete-vahetamine\/#breadcrumb\"},\"inLanguage\":\"et\",\"potentialAction\":[{\"@type\":\"ReadAction\",\"target\":[\"https:\/\/sistemosklaipeda.com\/et\/maardeainete-vahetamine\/\"]}]},{\"@type\":\"BreadcrumbList\",\"@id\":\"https:\/\/sistemosklaipeda.com\/et\/maardeainete-vahetamine\/#breadcrumb\",\"itemListElement\":[{\"@type\":\"ListItem\",\"position\":1,\"name\":\"Prad\u017eia\",\"item\":\"https:\/\/sistemosklaipeda.com\/et\/kauplus\/\"},{\"@type\":\"ListItem\",\"position\":2,\"name\":\"M\u00e4\u00e4rdeainete vahetamine\"}]},{\"@type\":\"WebSite\",\"@id\":\"https:\/\/sistemosklaipeda.com\/et\/#website\",\"url\":\"https:\/\/sistemosklaipeda.com\/et\/\",\"name\":\"Sistemos Klaip\u0117da\",\"description\":\"Kokybi\u0161ka duj\u0173 \u012franga ir jos komponentai, kabliai ir priedai\",\"publisher\":{\"@id\":\"https:\/\/sistemosklaipeda.com\/et\/#organization\"},\"potentialAction\":[{\"@type\":\"SearchAction\",\"target\":{\"@type\":\"EntryPoint\",\"urlTemplate\":\"https:\/\/sistemosklaipeda.com\/et\/?s={search_term_string}\"},\"query-input\":{\"@type\":\"PropertyValueSpecification\",\"valueRequired\":true,\"valueName\":\"search_term_string\"}}],\"inLanguage\":\"et\"},{\"@type\":\"Organization\",\"@id\":\"https:\/\/sistemosklaipeda.com\/et\/#organization\",\"name\":\"Sistemos Klaip\u0117da\",\"alternateName\":\"Sistemos\",\"url\":\"https:\/\/sistemosklaipeda.com\/et\/\",\"logo\":{\"@type\":\"ImageObject\",\"inLanguage\":\"et\",\"@id\":\"https:\/\/sistemosklaipeda.com\/et\/#\/schema\/logo\/image\/\",\"url\":\"https:\/\/sistemosklaipeda.com\/wp-content\/uploads\/2023\/09\/sistemos-logo-cropperd-e1695968047774.png\",\"contentUrl\":\"https:\/\/sistemosklaipeda.com\/wp-content\/uploads\/2023\/09\/sistemos-logo-cropperd-e1695968047774.png\",\"width\":401,\"height\":206,\"caption\":\"Sistemos Klaip\u0117da\"},\"image\":{\"@id\":\"https:\/\/sistemosklaipeda.com\/et\/#\/schema\/logo\/image\/\"},\"sameAs\":[\"https:\/\/www.facebook.com\/SistemosKlp\",\"https:\/\/www.instagram.com\/sistemosklaipeda\/\"]}]}<\/script>\n<!-- \/ Yoast SEO plugin. -->","yoast_head_json":{"title":"M\u00e4\u00e4rdeainete vahetamine - Sistemos Klaip\u0117da","description":"Auto \u00f5livahetus, tasuta \u00f5li- ja filtrivahetus, kui ostate \u00f5li ja filtrid!","robots":{"index":"index","follow":"follow","max-snippet":"max-snippet:-1","max-image-preview":"max-image-preview:large","max-video-preview":"max-video-preview:-1"},"canonical":"https:\/\/sistemosklaipeda.com\/et\/maardeainete-vahetamine\/","og_locale":"et_EE","og_type":"article","og_title":"M\u00e4\u00e4rdeainete vahetamine - Sistemos Klaip\u0117da","og_description":"Auto \u00f5livahetus, tasuta \u00f5li- ja filtrivahetus, kui ostate \u00f5li ja filtrid!","og_url":"https:\/\/sistemosklaipeda.com\/et\/maardeainete-vahetamine\/","og_site_name":"Sistemos Klaip\u0117da","article_publisher":"https:\/\/www.facebook.com\/SistemosKlp","article_modified_time":"2024-08-11T14:51:45+00:00","twitter_card":"summary_large_image","schema":{"@context":"https:\/\/schema.org","@graph":[{"@type":"WebPage","@id":"https:\/\/sistemosklaipeda.com\/et\/maardeainete-vahetamine\/","url":"https:\/\/sistemosklaipeda.com\/et\/maardeainete-vahetamine\/","name":"M\u00e4\u00e4rdeainete vahetamine - Sistemos Klaip\u0117da","isPartOf":{"@id":"https:\/\/sistemosklaipeda.com\/et\/#website"},"datePublished":"2024-08-11T14:51:42+00:00","dateModified":"2024-08-11T14:51:45+00:00","description":"Auto \u00f5livahetus, tasuta \u00f5li- ja filtrivahetus, kui ostate \u00f5li ja filtrid!","breadcrumb":{"@id":"https:\/\/sistemosklaipeda.com\/et\/maardeainete-vahetamine\/#breadcrumb"},"inLanguage":"et","potentialAction":[{"@type":"ReadAction","target":["https:\/\/sistemosklaipeda.com\/et\/maardeainete-vahetamine\/"]}]},{"@type":"BreadcrumbList","@id":"https:\/\/sistemosklaipeda.com\/et\/maardeainete-vahetamine\/#breadcrumb","itemListElement":[{"@type":"ListItem","position":1,"name":"Prad\u017eia","item":"https:\/\/sistemosklaipeda.com\/et\/kauplus\/"},{"@type":"ListItem","position":2,"name":"M\u00e4\u00e4rdeainete vahetamine"}]},{"@type":"WebSite","@id":"https:\/\/sistemosklaipeda.com\/et\/#website","url":"https:\/\/sistemosklaipeda.com\/et\/","name":"Sistemos Klaip\u0117da","description":"Kokybi\u0161ka duj\u0173 \u012franga ir jos komponentai, kabliai ir priedai","publisher":{"@id":"https:\/\/sistemosklaipeda.com\/et\/#organization"},"potentialAction":[{"@type":"SearchAction","target":{"@type":"EntryPoint","urlTemplate":"https:\/\/sistemosklaipeda.com\/et\/?s={search_term_string}"},"query-input":{"@type":"PropertyValueSpecification","valueRequired":true,"valueName":"search_term_string"}}],"inLanguage":"et"},{"@type":"Organization","@id":"https:\/\/sistemosklaipeda.com\/et\/#organization","name":"Sistemos Klaip\u0117da","alternateName":"Sistemos","url":"https:\/\/sistemosklaipeda.com\/et\/","logo":{"@type":"ImageObject","inLanguage":"et","@id":"https:\/\/sistemosklaipeda.com\/et\/#\/schema\/logo\/image\/","url":"https:\/\/sistemosklaipeda.com\/wp-content\/uploads\/2023\/09\/sistemos-logo-cropperd-e1695968047774.png","contentUrl":"https:\/\/sistemosklaipeda.com\/wp-content\/uploads\/2023\/09\/sistemos-logo-cropperd-e1695968047774.png","width":401,"height":206,"caption":"Sistemos Klaip\u0117da"},"image":{"@id":"https:\/\/sistemosklaipeda.com\/et\/#\/schema\/logo\/image\/"},"sameAs":["https:\/\/www.facebook.com\/SistemosKlp","https:\/\/www.instagram.com\/sistemosklaipeda\/"]}]}},"_links":{"self":[{"href":"https:\/\/sistemosklaipeda.com\/et\/wp-json\/wp\/v2\/pages\/15634","targetHints":{"allow":["GET"]}}],"collection":[{"href":"https:\/\/sistemosklaipeda.com\/et\/wp-json\/wp\/v2\/pages"}],"about":[{"href":"https:\/\/sistemosklaipeda.com\/et\/wp-json\/wp\/v2\/types\/page"}],"author":[{"embeddable":true,"href":"https:\/\/sistemosklaipeda.com\/et\/wp-json\/wp\/v2\/users\/1"}],"replies":[{"embeddable":true,"href":"https:\/\/sistemosklaipeda.com\/et\/wp-json\/wp\/v2\/comments?post=15634"}],"version-history":[{"count":1,"href":"https:\/\/sistemosklaipeda.com\/et\/wp-json\/wp\/v2\/pages\/15634\/revisions"}],"predecessor-version":[{"id":15638,"href":"https:\/\/sistemosklaipeda.com\/et\/wp-json\/wp\/v2\/pages\/15634\/revisions\/15638"}],"wp:attachment":[{"href":"https:\/\/sistemosklaipeda.com\/et\/wp-json\/wp\/v2\/media?parent=15634"}],"curies":[{"name":"wp","href":"https:\/\/api.w.org\/{rel}","templated":true}]}}